{"id":10212,"date":"2012-11-01T12:00:00","date_gmt":"2012-11-01T12:00:00","guid":{"rendered":"http:\/\/testwordpress.nirmalnagari.org\/smnd\/index.php\/sir-c-p-srivastava\/"},"modified":"2024-07-12T00:02:27","modified_gmt":"2024-07-12T00:02:27","slug":"sir-c-p-srivastava","status":"publish","type":"page","link":"https:\/\/shrimataji.org\/test\/tr\/sir-c-p-srivastava\/","title":{"rendered":"Sir C.P. Srivastava TR"},"content":{"rendered":"\n\n\t<h1>Sir C.P. Srivastava<\/h1>\n<h2>Sir C.P. ve &#8216;Minik Dev&#8217;<\/h2>\n\t<h4>Shri Mataji Nirmala Devi, d\u00fcnya \u00e7ap\u0131nda Sahaja Yoga&#8217;ya ilham veren g\u00fc\u00e7 olarak bilinir. Kendisinin bir ruhani lider olarak sahip oldu\u011fu \u015f\u00f6hrete paralel, bir hikaye daha var: kocas\u0131 Sir Chandrika Prasad Srivastava&#8217;n\u0131n ola\u011fan\u00fcst\u00fc kariyeri.<\/h4>\n<p>Shri Mataji ile \u015fahsen zaman ge\u00e7irecek kadar \u015fansl\u0131 olanlar, muazzam sevgisiyle tan\u0131nan Sir C.P.&#8217;nin uzun boylu, a\u011f\u0131rba\u015fl\u0131 ve usul usul konu\u015fan \u015fahsiyetine a\u015finad\u0131rlar.<\/p>\n\t\t\t\t<img loading=\"lazy\" decoding=\"async\" src=\"https:\/\/shrimataji.org\/test\/wp-content\/uploads\/2024\/06\/shri-mataji-sir-cp-kalpana-sadhana-family-london-uk-1-1.jpg\" alt=\"Sir CP \u015e\u00f6valyeli\u011fini Shri Mataji ve k\u0131zlar\u0131 Kalpana ve Sadhana ile birlikte sergiliyor.\" height=\"2206\" width=\"1500\" title=\"shri-mataji-sir-cp-kalpana-sadhana-family-london-uk-1\" \/>\n\t\tSir CP \u015e\u00f6valyeli\u011fini Shri Mataji ve k\u0131zlar\u0131 Kalpana ve Sadhana ile birlikte sergiliyor.\n\t<p>Sir C.P. \u00f6nde gelen bir devlet adam\u0131yd\u0131. Birle\u015fmi\u015f Milletler Uluslararas\u0131 Denizcilik \u00d6rg\u00fct\u00fc&#8217;n\u00fcn Genel Sekreteri olarak, d\u00f6rt d\u00f6nem \u00fcst \u00fcste hizmet vermi\u015f ve bu s\u0131rada, kendisine Krali\u00e7e II. Elizabeth taraf\u0131ndan \u015f\u00f6valyelik unvan\u0131 verilmi\u015ftir.<\/p>\n<p>Sir C.P. ve Shri Mataji, Sir C.P hen\u00fcz Hindistan Kamu Hizmetleri kurumunda nispeten az tan\u0131nan bir gen\u00e7 memurken evlendiler ve \u015fim\u015fek h\u0131z\u0131yla ilerleyen profesyonel ba\u015far\u0131s\u0131n\u0131n, b\u00fcy\u00fck \u00f6l\u00e7\u00fcde kendisinin kar\u0131s\u0131n\u0131n tavsiyeleri ve sezgilerine uygun davranmas\u0131ndan kaynakland\u0131\u011f\u0131n\u0131 s\u0131k s\u0131k dile getirmi\u015ftir.<\/p>\n<p>Evliliklerinden k\u0131sa bir s\u00fcre sonra, ya se\u00e7kin bir kurum olan Hindistan \u0130dari Hizmetleri&#8217;ne kat\u0131lmas\u0131 ya da bu pozisyondan daha \u00f6nemli de\u011filse de, en az buna e\u015f derecede \u00f6nem arzeden prestijli diplomasi toplulu\u011funa kat\u0131lmas\u0131 hususunda, insanlar\u0131 k\u0131skand\u0131racak bir se\u00e7im yapma \u015fans\u0131 kendisine sunuldu. Arkada\u015flar\u0131 onu diplomat olmaya te\u015fvik ettiler \u00e7\u00fcnk\u00fc bunu tercih etmesi durumunda, kendisine b\u00fcy\u00fckel\u00e7ilik verilebilmesi sadece an meselesi olabilirdi.<\/p>\n<p>Ama Bayan Srivastava teredd\u00fct etmeden, &#8220;Hay\u0131r, \u00fclke i\u00e7inde kalal\u0131m. \u00dclkemize burada hizmet edelim&#8221;, dedi. \u00d6ng\u00f6r\u00fclemeyen bir dizi tesad\u00fcf sonunda, Hindistan Ba\u015fbakan\u0131 Lal Bahadur Shastri&#8217;nin Ki\u015fisel Sekreteri olarak atand\u0131\u011f\u0131 zaman, hi\u00e7 kimse bir sonraki ad\u0131mda ne olaca\u011f\u0131n\u0131 tahmin edememi\u015fti.<\/p>\n\t<img decoding=\"async\" data-spai-excluded=\"true\" loading=\"lazy\" alt=\"YouTube player\" src=\"https:\/\/i.ytimg.com\/vi\/10r04eFnN3w\/maxresdefault.jpg\" \/><button aria-label=\"Play\"><\/button>\n\t<p>Geriye d\u00f6n\u00fcp bak\u0131ld\u0131\u011f\u0131nda, \u015fans eseri meydana gelen bir olayd\u0131 bu \u00e7\u00fcnk\u00fc Bay Shastri, bir\u00e7ok y\u00f6nden Shri Mataji&#8217;nin somutla\u015ft\u0131rd\u0131\u011f\u0131 ve daha sonralar\u0131 d\u00fcnyayla payla\u015faca\u011f\u0131 Sahaj felsefenin, ki\u015file\u015fmi\u015f bir haliydi. Kamu hizmetinden emekli olduktan sonra Sir C.P., yine kar\u0131s\u0131n\u0131n te\u015fvikiyle hareket etti ve tevazusu, t\u00fcm insanlara duydu\u011fu derin sayg\u0131s\u0131n\u0131, b\u00fcy\u00fck bir onur ve g\u00f6rev duygusuyla birle\u015ftiren ve Sir C.P.&#8217;nin kendisini bir Hindu Tanr\u0131s\u0131 olan Shri Rama&#8217;n\u0131n bir\u00e7ok \u00f6zelli\u011fine sahip biri olarak tan\u0131mlad\u0131\u011f\u0131 Bay Shastri&#8217;nin hayat\u0131n\u0131 anlatt\u0131\u011f\u0131, &#8220;Lal Bahadur Shastri: Bir Politikac\u0131n\u0131n Ya\u015fam\u0131&#8221; isimli kitab\u0131n\u0131 yazd\u0131.<\/p>\n\t<p>Sir C.P. \u015funu yazm\u0131\u015ft\u0131r, Shastri, &#8220;dharmaya, do\u011frulu\u011fa, hakikate ve ahlaka ger\u00e7ekten de ba\u011fl\u0131yd\u0131. Onun i\u00e7inde ayr\u0131 bir tav\u0131r yoktu, ikilik yoktu. Onun i\u00e7inde, d\u0131\u015far\u0131dan g\u00f6r\u00fclen Bay Shastri&#8217;den farkl\u0131 bir Bay Shastri yoktu. O kesinlikle tekti: i\u00e7eride birdi, d\u0131\u015far\u0131da birdi, i\u00e7i g\u00fczel, d\u0131\u015f\u0131 g\u00fczel. &#8220;<\/p>\n<p>Bay Shastri, narin v\u00fccut yap\u0131s\u0131, ufak tefek g\u00f6r\u00fcn\u00fc\u015f\u00fc ve m\u00fctevaz\u0131 tavr\u0131yla bir\u00e7ok insan\u0131, kendisine kolayca h\u00fckmedilebilece\u011fini d\u00fc\u015f\u00fcnmeye sevk etti.<\/p>\n<p>Shastri ba\u015fbakan olduktan k\u0131sa bir s\u00fcre sonra Pakistan, Ke\u015fmir&#8217;i i\u015fgal etti. Shastri&#8217;nin cevab\u0131, &#8220;Ben bar\u0131\u015f\u00e7\u0131l biri ama onurlu bir adam\u0131m. Ba\u015fbakan olarak \u00fclkeyi savunmak benim g\u00f6revim&#8221;, dedi.<\/p>\n<p>Sir C.P. &#8220;Bu bar\u0131\u015f insan\u0131, bir dev gibi aya\u011fa kalkt\u0131.&#8221;<\/p>\n\t\t\t\t<img loading=\"lazy\" decoding=\"async\" src=\"https:\/\/shrimataji.org\/test\/wp-content\/uploads\/2024\/06\/sir-c.p.-and-naval-officers-near-statue-of-lal-bahadur-shastri.jpg\" alt=\"Deniz Subaylar\u0131yla Lal Bahadur Shastri&#039;nin\nheykelinin \u00f6n\u00fcnde duran Sir C.P.\" height=\"1143\" width=\"1500\" title=\"sir-c.p.-and-naval-officers-near-statue-of-lal-bahadur-shastri\" \/>\n\t\tDeniz Subaylar\u0131yla Lal Bahadur Shastri&#8217;nin\nheykelinin \u00f6n\u00fcnde duran Sir C.P.\n\t<h5>&#8220;Lal Bahadur Shastri kesinlikle tekti: i\u00e7eride bir, d\u0131\u015far\u0131da bir, i\u00e7i de g\u00fczel, d\u0131\u015f\u0131 da g\u00fczel.&#8221;<\/h5>\n<h5>Sir C.P. Srivastava, Aral\u0131k, 1994<\/h5>\n\t<p>Bu ba\u011flamda, Bay Shastri, ilk olarak Mahatma Gandhi&#8217;nin tutu\u015fturdu\u011fu me\u015faleyi ta\u015f\u0131yordu. &#8220;(Hindistan) i\u00e7in benzersiz olan \u015fey, bizim Hindulara, M\u00fcsl\u00fcmanlara, Hristiyanlara, Sihlere, Parsilere ve di\u011fer b\u00fct\u00fcn dinlerden insanlara sahip olmam\u0131zd\u0131r&#8230; ama biz bunlar\u0131 siyasete dahil etmiyoruz. Hindistan ve Pakistan aras\u0131ndaki fark budur. Pakistan kendisini bir \u0130slam Devleti olarak tan\u0131t\u0131r ve dini, politik bir fakt\u00f6r olarak kullan\u0131rken, biz Hintliler se\u00e7ti\u011fimiz dini takip etme ve istedi\u011fimiz \u015fekilde ibadet etme \u00f6zg\u00fcrl\u00fc\u011f\u00fcne sahibiz. Politika s\u00f6z konusu oldu\u011funda, her birimiz di\u011ferimiz kadar Hintliyiz.&#8221;<\/p>\n\t<p>Olay\u0131n ard\u0131ndan ba\u015flayan bar\u0131\u015f g\u00f6r\u00fc\u015fmeleri s\u0131ras\u0131nda Shastri, t\u00fcm muhalif partilerini kendi bak\u0131\u015f a\u00e7\u0131s\u0131na uygun \u015fekilde kazand\u0131 ve onlar beraberce Pakistan ile kal\u0131c\u0131 bir bar\u0131\u015f sa\u011flad\u0131lar. Bu bar\u0131\u015f g\u00f6r\u00fc\u015fmeleri s\u0131ras\u0131nda Shastri, g\u00fcya bir kalp krizi nedeniyle beklenmedik bir \u015fekilde vefat etti. \u00d6ld\u00fc\u011f\u00fcnde, Sir C.P. kendisinin yan\u0131ndayd\u0131. Daha sonralar\u0131, &#8220;Shri Lal Bahadur Shastri&#8217;ye hizmet etme f\u0131rsat\u0131na sahip olmaktan, daha b\u00fcy\u00fck bir ayr\u0131cal\u0131\u011fa sahip olmad\u0131\u011f\u0131n\u0131&#8221; yazd\u0131.<a href=\"#citation-ref-1\"><sup>[1]<\/sup><\/a><\/p>\n<p>Sir C.P., Lal Bahadur Shastri&#8217;nin b\u00fcy\u00fck \u015fahsiyetinden esinlenerek ve e\u015finin aktif yard\u0131m ve deste\u011fi ile, parlak kariyerine ba\u015flad\u0131 &#8211; \u00f6nce Hindistan \u0130dari Hizmeti&#8217;nde k\u0131demli bir memur olarak, ard\u0131ndan da Hindistan Denizcilik \u015eirketi&#8217;nin Ba\u015fkan\u0131 ve nihayetinde BM Uluslararas\u0131 Denizcilik \u00d6rg\u00fct\u00fc tarihinde, en uzun s\u00fcre hizmet veren Genel Sekreteri olarak \u00e7al\u0131\u015ft\u0131.<\/p>\n<p>Uluslararas\u0131 Denizcilik \u00d6rg\u00fct\u00fc, Birle\u015fmi\u015f Milletlerin Londra&#8217;da bulunan tek organ\u0131d\u0131r ve Sir C.P. orada 16 y\u0131l boyunca hizmet verirken, Shri Mataji <a href=\"https:\/\/shrimataji.org\/tr\/sahaja-yoga-meditasyon\/\">Sahaja Yoga meditasyonunu<\/a>\u00a0d\u00fcnyaya tan\u0131tma misyonunu ilk kez burada yerine getirdi.<\/p>\n\t\t\t\t<img loading=\"lazy\" decoding=\"async\" src=\"https:\/\/shrimataji.org\/test\/wp-content\/uploads\/2024\/06\/shri-mataji-nirmala-devi-sir-cp-world-maritime-university.jpg\" alt=\"Shri Mataji ve Sir C.P., Malm\u00f6&#039;deki D\u00fcnya Denizcilik \u00dcniversitesi&#039;nde\" height=\"960\" width=\"655\" title=\"shri-mataji-nirmala-devi-sir-cp-world-maritime-university\" \/>\n\t\tShri Mataji ve Sir C.P., Malm\u00f6&#8217;deki D\u00fcnya Denizcilik \u00dcniversitesi&#8217;nde\n\t<hr \/>\n<h3>1. <a href=\"#citation-ref-1\">^<\/a><a name=\"citation-note-1\"><\/a> C. P. Srivastava, &#8216;Lal Bahadur Shastri: Politikada Hakikatin Ya\u015fant\u0131s\u0131&#8217; Yeni Delhi: Oxford \u00dcniversitesi Bask\u0131s\u0131, 1995.<\/h3>\n\n","protected":false},"excerpt":{"rendered":"<p>Sir C.P. Srivastava Sir C.P. ve &#8216;Minik Dev&#8217; Shri Mataji Nirmala Devi, d\u00fcnya \u00e7ap\u0131nda Sahaja Yoga&#8217;ya ilham veren g\u00fc\u00e7 olarak bilinir. Kendisinin bir ruhani lider olarak sahip oldu\u011fu \u015f\u00f6hrete paralel, bir hikaye daha var: kocas\u0131 Sir Chandrika Prasad Srivastava&#8217;n\u0131n ola\u011fan\u00fcst\u00fc kariyeri. Shri Mataji ile \u015fahsen zaman ge\u00e7irecek kadar \u015fansl\u0131 olanlar, muazzam sevgisiyle tan\u0131nan Sir C.P.&#8217;nin&hellip; <br \/> <a class=\"read-more\" href=\"https:\/\/shrimataji.org\/test\/tr\/sir-c-p-srivastava\/\">Read more<\/a><\/p>\n","protected":false},"author":12,"featured_media":9513,"parent":0,"menu_order":0,"comment_status":"closed","ping_status":"closed","template":"","meta":{"inline_featured_image":false,"footnotes":"","advanced-sidebar-menu\/link-title":"","advanced-sidebar-menu\/exclude-page":false},"class_list":["post-10212","page","type-page","status-publish","has-post-thumbnail","hentry"],"yoast_head":"<!-- This site is optimized with the Yoast SEO plugin v27.6 - https:\/\/yoast.com\/product\/yoast-seo-wordpress\/ -->\n<title>Sir C.P. Srivastava TR - TEST - SMND<\/title>\n<meta name=\"robots\" content=\"noindex, follow, max-snippet:-1, max-image-preview:large, max-video-preview:-1\" \/>\n<meta property=\"og:locale\" content=\"en_US\" \/>\n<meta property=\"og:type\" content=\"article\" \/>\n<meta property=\"og:title\" content=\"Sir C.P. Srivastava TR - TEST - SMND\" \/>\n<meta property=\"og:description\" content=\"Sir C.P. Srivastava Sir C.P. ve &#8216;Minik Dev&#8217; Shri Mataji Nirmala Devi, d\u00fcnya \u00e7ap\u0131nda Sahaja Yoga&#8217;ya ilham veren g\u00fc\u00e7 olarak bilinir. Kendisinin bir ruhani lider olarak sahip oldu\u011fu \u015f\u00f6hrete paralel, bir hikaye daha var: kocas\u0131 Sir Chandrika Prasad Srivastava&#8217;n\u0131n ola\u011fan\u00fcst\u00fc kariyeri. Shri Mataji ile \u015fahsen zaman ge\u00e7irecek kadar \u015fansl\u0131 olanlar, muazzam sevgisiyle tan\u0131nan Sir C.P.&#8217;nin&hellip; Read more\" \/>\n<meta property=\"og:url\" content=\"https:\/\/shrimataji.org\/test\/tr\/sir-c-p-srivastava\/\" \/>\n<meta property=\"og:site_name\" content=\"TEST - SMND\" \/>\n<meta property=\"article:publisher\" content=\"https:\/\/www.facebook.com\/shrimataji\" \/>\n<meta property=\"article:modified_time\" content=\"2024-07-12T00:02:27+00:00\" \/>\n<meta property=\"og:image\" content=\"https:\/\/shrimataji.org\/test\/wp-content\/uploads\/2023\/03\/8_Banner-Family_CP-2-scaled.jpg\" \/>\n\t<meta property=\"og:image:width\" content=\"2560\" \/>\n\t<meta property=\"og:image:height\" content=\"905\" \/>\n\t<meta property=\"og:image:type\" content=\"image\/jpeg\" \/>\n<meta name=\"twitter:card\" content=\"summary_large_image\" \/>\n<meta name=\"twitter:site\" content=\"@shrimataji\" \/>\n<script type=\"application\/ld+json\" class=\"yoast-schema-graph\">{\"@context\":\"https:\\\/\\\/schema.org\",\"@graph\":[{\"@type\":\"WebPage\",\"@id\":\"https:\\\/\\\/shrimataji.org\\\/test\\\/tr\\\/sir-c-p-srivastava\\\/\",\"url\":\"https:\\\/\\\/shrimataji.org\\\/test\\\/tr\\\/sir-c-p-srivastava\\\/\",\"name\":\"Sir C.P. Srivastava TR - TEST - SMND\",\"isPartOf\":{\"@id\":\"https:\\\/\\\/shrimataji.org\\\/test\\\/#website\"},\"primaryImageOfPage\":{\"@id\":\"https:\\\/\\\/shrimataji.org\\\/test\\\/tr\\\/sir-c-p-srivastava\\\/#primaryimage\"},\"image\":{\"@id\":\"https:\\\/\\\/shrimataji.org\\\/test\\\/tr\\\/sir-c-p-srivastava\\\/#primaryimage\"},\"thumbnailUrl\":\"https:\\\/\\\/shrimataji.org\\\/test\\\/wp-content\\\/uploads\\\/2023\\\/03\\\/8_Banner-Family_CP-2-scaled.jpg\",\"datePublished\":\"2012-11-01T12:00:00+00:00\",\"dateModified\":\"2024-07-12T00:02:27+00:00\",\"breadcrumb\":{\"@id\":\"https:\\\/\\\/shrimataji.org\\\/test\\\/tr\\\/sir-c-p-srivastava\\\/#breadcrumb\"},\"inLanguage\":\"en-US\",\"potentialAction\":[{\"@type\":\"ReadAction\",\"target\":[\"https:\\\/\\\/shrimataji.org\\\/test\\\/tr\\\/sir-c-p-srivastava\\\/\"]}]},{\"@type\":\"ImageObject\",\"inLanguage\":\"en-US\",\"@id\":\"https:\\\/\\\/shrimataji.org\\\/test\\\/tr\\\/sir-c-p-srivastava\\\/#primaryimage\",\"url\":\"https:\\\/\\\/shrimataji.org\\\/test\\\/wp-content\\\/uploads\\\/2023\\\/03\\\/8_Banner-Family_CP-2-scaled.jpg\",\"contentUrl\":\"https:\\\/\\\/shrimataji.org\\\/test\\\/wp-content\\\/uploads\\\/2023\\\/03\\\/8_Banner-Family_CP-2-scaled.jpg\",\"width\":2560,\"height\":905},{\"@type\":\"BreadcrumbList\",\"@id\":\"https:\\\/\\\/shrimataji.org\\\/test\\\/tr\\\/sir-c-p-srivastava\\\/#breadcrumb\",\"itemListElement\":[{\"@type\":\"ListItem\",\"position\":1,\"name\":\"Home\",\"item\":\"https:\\\/\\\/shrimataji.org\\\/test\\\/uk\\\/home-en\\\/\"},{\"@type\":\"ListItem\",\"position\":2,\"name\":\"Sir C.P. Srivastava TR\"}]},{\"@type\":\"WebSite\",\"@id\":\"https:\\\/\\\/shrimataji.org\\\/test\\\/#website\",\"url\":\"https:\\\/\\\/shrimataji.org\\\/test\\\/\",\"name\":\"Shri Mataji Nirmala Devi\",\"description\":\"A Life Dedicated to Humanity\",\"publisher\":{\"@id\":\"https:\\\/\\\/shrimataji.org\\\/test\\\/#\\\/schema\\\/person\\\/a1b3419c6585f164aa96da1ff85715d1\"},\"potentialAction\":[{\"@type\":\"SearchAction\",\"target\":{\"@type\":\"EntryPoint\",\"urlTemplate\":\"https:\\\/\\\/shrimataji.org\\\/test\\\/?s={search_term_string}\"},\"query-input\":{\"@type\":\"PropertyValueSpecification\",\"valueRequired\":true,\"valueName\":\"search_term_string\"}}],\"inLanguage\":\"en-US\"},{\"@type\":[\"Person\",\"Organization\"],\"@id\":\"https:\\\/\\\/shrimataji.org\\\/test\\\/#\\\/schema\\\/person\\\/a1b3419c6585f164aa96da1ff85715d1\",\"name\":\"Nirmala Shrivastava\",\"image\":{\"@type\":\"ImageObject\",\"inLanguage\":\"en-US\",\"@id\":\"https:\\\/\\\/shrimataji.org\\\/test\\\/wp-content\\\/uploads\\\/2023\\\/02\\\/SMO_LOGO-03.svg\",\"url\":\"https:\\\/\\\/shrimataji.org\\\/test\\\/wp-content\\\/uploads\\\/2023\\\/02\\\/SMO_LOGO-03.svg\",\"contentUrl\":\"https:\\\/\\\/shrimataji.org\\\/test\\\/wp-content\\\/uploads\\\/2023\\\/02\\\/SMO_LOGO-03.svg\",\"width\":\"1024\",\"height\":\"1024\",\"caption\":\"Nirmala Shrivastava\"},\"logo\":{\"@id\":\"https:\\\/\\\/shrimataji.org\\\/test\\\/wp-content\\\/uploads\\\/2023\\\/02\\\/SMO_LOGO-03.svg\"},\"sameAs\":[\"https:\\\/\\\/shrimataji.org\\\/test\",\"https:\\\/\\\/www.facebook.com\\\/shrimataji\",\"https:\\\/\\\/x.com\\\/shrimataji\",\"https:\\\/\\\/www.youtube.com\\\/@Shri_Mataji_Nirmala_Devi\\\/featured\"]}]}<\/script>\n<!-- \/ Yoast SEO plugin. -->","yoast_head_json":{"title":"Sir C.P. Srivastava TR - TEST - SMND","robots":{"index":"noindex","follow":"follow","max-snippet":"max-snippet:-1","max-image-preview":"max-image-preview:large","max-video-preview":"max-video-preview:-1"},"og_locale":"en_US","og_type":"article","og_title":"Sir C.P. Srivastava TR - TEST - SMND","og_description":"Sir C.P. Srivastava Sir C.P. ve &#8216;Minik Dev&#8217; Shri Mataji Nirmala Devi, d\u00fcnya \u00e7ap\u0131nda Sahaja Yoga&#8217;ya ilham veren g\u00fc\u00e7 olarak bilinir. Kendisinin bir ruhani lider olarak sahip oldu\u011fu \u015f\u00f6hrete paralel, bir hikaye daha var: kocas\u0131 Sir Chandrika Prasad Srivastava&#8217;n\u0131n ola\u011fan\u00fcst\u00fc kariyeri. Shri Mataji ile \u015fahsen zaman ge\u00e7irecek kadar \u015fansl\u0131 olanlar, muazzam sevgisiyle tan\u0131nan Sir C.P.&#8217;nin&hellip; Read more","og_url":"https:\/\/shrimataji.org\/test\/tr\/sir-c-p-srivastava\/","og_site_name":"TEST - SMND","article_publisher":"https:\/\/www.facebook.com\/shrimataji","article_modified_time":"2024-07-12T00:02:27+00:00","og_image":[{"width":2560,"height":905,"url":"https:\/\/shrimataji.org\/test\/wp-content\/uploads\/2023\/03\/8_Banner-Family_CP-2-scaled.jpg","type":"image\/jpeg"}],"twitter_card":"summary_large_image","twitter_site":"@shrimataji","schema":{"@context":"https:\/\/schema.org","@graph":[{"@type":"WebPage","@id":"https:\/\/shrimataji.org\/test\/tr\/sir-c-p-srivastava\/","url":"https:\/\/shrimataji.org\/test\/tr\/sir-c-p-srivastava\/","name":"Sir C.P. Srivastava TR - TEST - SMND","isPartOf":{"@id":"https:\/\/shrimataji.org\/test\/#website"},"primaryImageOfPage":{"@id":"https:\/\/shrimataji.org\/test\/tr\/sir-c-p-srivastava\/#primaryimage"},"image":{"@id":"https:\/\/shrimataji.org\/test\/tr\/sir-c-p-srivastava\/#primaryimage"},"thumbnailUrl":"https:\/\/shrimataji.org\/test\/wp-content\/uploads\/2023\/03\/8_Banner-Family_CP-2-scaled.jpg","datePublished":"2012-11-01T12:00:00+00:00","dateModified":"2024-07-12T00:02:27+00:00","breadcrumb":{"@id":"https:\/\/shrimataji.org\/test\/tr\/sir-c-p-srivastava\/#breadcrumb"},"inLanguage":"en-US","potentialAction":[{"@type":"ReadAction","target":["https:\/\/shrimataji.org\/test\/tr\/sir-c-p-srivastava\/"]}]},{"@type":"ImageObject","inLanguage":"en-US","@id":"https:\/\/shrimataji.org\/test\/tr\/sir-c-p-srivastava\/#primaryimage","url":"https:\/\/shrimataji.org\/test\/wp-content\/uploads\/2023\/03\/8_Banner-Family_CP-2-scaled.jpg","contentUrl":"https:\/\/shrimataji.org\/test\/wp-content\/uploads\/2023\/03\/8_Banner-Family_CP-2-scaled.jpg","width":2560,"height":905},{"@type":"BreadcrumbList","@id":"https:\/\/shrimataji.org\/test\/tr\/sir-c-p-srivastava\/#breadcrumb","itemListElement":[{"@type":"ListItem","position":1,"name":"Home","item":"https:\/\/shrimataji.org\/test\/uk\/home-en\/"},{"@type":"ListItem","position":2,"name":"Sir C.P. Srivastava TR"}]},{"@type":"WebSite","@id":"https:\/\/shrimataji.org\/test\/#website","url":"https:\/\/shrimataji.org\/test\/","name":"Shri Mataji Nirmala Devi","description":"A Life Dedicated to Humanity","publisher":{"@id":"https:\/\/shrimataji.org\/test\/#\/schema\/person\/a1b3419c6585f164aa96da1ff85715d1"},"potentialAction":[{"@type":"SearchAction","target":{"@type":"EntryPoint","urlTemplate":"https:\/\/shrimataji.org\/test\/?s={search_term_string}"},"query-input":{"@type":"PropertyValueSpecification","valueRequired":true,"valueName":"search_term_string"}}],"inLanguage":"en-US"},{"@type":["Person","Organization"],"@id":"https:\/\/shrimataji.org\/test\/#\/schema\/person\/a1b3419c6585f164aa96da1ff85715d1","name":"Nirmala Shrivastava","image":{"@type":"ImageObject","inLanguage":"en-US","@id":"https:\/\/shrimataji.org\/test\/wp-content\/uploads\/2023\/02\/SMO_LOGO-03.svg","url":"https:\/\/shrimataji.org\/test\/wp-content\/uploads\/2023\/02\/SMO_LOGO-03.svg","contentUrl":"https:\/\/shrimataji.org\/test\/wp-content\/uploads\/2023\/02\/SMO_LOGO-03.svg","width":"1024","height":"1024","caption":"Nirmala Shrivastava"},"logo":{"@id":"https:\/\/shrimataji.org\/test\/wp-content\/uploads\/2023\/02\/SMO_LOGO-03.svg"},"sameAs":["https:\/\/shrimataji.org\/test","https:\/\/www.facebook.com\/shrimataji","https:\/\/x.com\/shrimataji","https:\/\/www.youtube.com\/@Shri_Mataji_Nirmala_Devi\/featured"]}]}},"lang":"tr","translations":{"tr":10212,"en":423,"am":18079,"th":20064,"hu":19568,"sq":18480,"zh":17377,"pt":10421,"de":10695,"fr":10793,"it":10891,"es":10988,"ja":11286,"ru":11474,"bn":11665,"te":11773,"sw":11896,"he":12044,"el":12336,"sk":12434,"fa":12532,"fi":12630,"bg":13492,"ro":14567,"cs":14760,"nl":16640,"ku":16800,"ar":16976,"be":18687,"kn":18961,"mr":20428,"uk":20722,"ml":21017,"ta":22798,"sv":23068,"gu":28904,"pa":29064,"fil":29517,"da":37814,"nn":38366,"pl":39950,"ur":39951},"pll_sync_post":{},"_links":{"self":[{"href":"https:\/\/shrimataji.org\/test\/wp-json\/wp\/v2\/pages\/10212","targetHints":{"allow":["GET"]}}],"collection":[{"href":"https:\/\/shrimataji.org\/test\/wp-json\/wp\/v2\/pages"}],"about":[{"href":"https:\/\/shrimataji.org\/test\/wp-json\/wp\/v2\/types\/page"}],"author":[{"embeddable":true,"href":"https:\/\/shrimataji.org\/test\/wp-json\/wp\/v2\/users\/12"}],"replies":[{"embeddable":true,"href":"https:\/\/shrimataji.org\/test\/wp-json\/wp\/v2\/comments?post=10212"}],"version-history":[{"count":0,"href":"https:\/\/shrimataji.org\/test\/wp-json\/wp\/v2\/pages\/10212\/revisions"}],"wp:featuredmedia":[{"embeddable":true,"href":"https:\/\/shrimataji.org\/test\/wp-json\/wp\/v2\/media\/9513"}],"wp:attachment":[{"href":"https:\/\/shrimataji.org\/test\/wp-json\/wp\/v2\/media?parent=10212"}],"curies":[{"name":"wp","href":"https:\/\/api.w.org\/{rel}","templated":true}]}}