{"id":10214,"date":"2018-07-10T06:54:42","date_gmt":"2018-07-10T06:54:42","guid":{"rendered":"http:\/\/testwordpress.nirmalnagari.org\/smnd\/index.php\/work\/"},"modified":"2024-07-12T00:02:28","modified_gmt":"2024-07-12T00:02:28","slug":"toplumsal-donusum","status":"publish","type":"page","link":"https:\/\/shrimataji.org\/test\/tr\/toplumsal-donusum\/","title":{"rendered":"Toplumsal D\u00f6n\u00fc\u015f\u00fcm"},"content":{"rendered":"\n\n\t<h1>Toplumsal D\u00f6n\u00fc\u015f\u00fcm<\/h1>\n<h2>Sevgiyle Verdi\u011fi Emek<\/h2>\n\t<h4>\u00d6zverili olman\u0131n en y\u00fcksek de\u011fer olarak kabul edildi\u011fi bir ailede b\u00fcy\u00fcyen Shri Mataji, hayat\u0131n\u0131 s\u00fcrekli olarak toplum ve maneviyat \u00fczerine olan \u00e7al\u0131\u015fma programlar\u0131na adad\u0131.<\/h4>\n\t<p>K\u00fc\u00e7\u00fck ya\u015flardan itibaren dinamik olarak Hindistan&#8217;\u0131n ba\u011f\u0131ms\u0131zl\u0131k m\u00fccadelesine kat\u0131ld\u0131. Sonradan se\u00e7kin, bir Hintli diplomat\u0131n e\u015fiyken, ge\u00e7irdi\u011fi yo\u011fun hayat\u0131na rahmen bir hay\u0131rsever olarak etraf\u0131ndaki d\u00fcnyayla ilgilenmeye devam etti. Ayn\u0131 zamanda iki k\u0131z \u00e7ocu\u011fu yeti\u015ftirdi.<\/p>\n<p>Shri Mataji, 1961&#8217;de gen\u00e7lerde ulusal, sosyal ve ahl\u00e2k\u00ee de\u011ferleri te\u015fvik etmek i\u00e7in &#8216;Gen\u00e7lik Film Toplulu\u011fu&#8217;nu kurdu. Ayr\u0131ca Mumbai&#8217;deki Film Sans\u00fcr Kurulu&#8217;nun da bir \u00fcyesiydi.<\/p>\n<p>Sahaja Yoga meditasyonunun kurucusu olarak d\u00fcnya \u00e7ap\u0131nda bir\u00e7ok yere yo\u011fun bir \u015fekilde seyahat etti. Farkl\u0131 \u00fclkelerden, k\u00fclt\u00fcrlerden, de\u011fi\u015fik gelir d\u00fczey ve ge\u00e7mi\u015flerden gelen bir\u00e7ok insanla etkile\u015fimde bulunarak, onlarla samimiyet ve dikkatle ilgilendi. \u0130nsanlar\u0131n t\u00fcm sorunlar\u0131n\u0131n, ruhsal varl\u0131klar olarak ger\u00e7ek i\u00e7sel potansiyellerini bilememelerinden kaynakland\u0131\u011f\u0131n\u0131 ve bu potansiyelin, ayd\u0131nlanma alarak kolayca ortaya \u00e7\u0131kar\u0131labilece\u011fini fark etti. Toplumsal d\u00f6n\u00fc\u015f\u00fcm\u00fcn anahtar\u0131 olan i\u00e7sel d\u00f6n\u00fc\u015f\u00fcm, Shri Mataji&#8217;nin ba\u015flatt\u0131\u011f\u0131 t\u00fcm k\u00fcresel sivil toplum kurulu\u015flar\u0131n\u0131n (STK) esas amac\u0131 olarak hizmet etti.<\/p>\n<p>Yoksul kad\u0131nlar ve yetim \u00e7ocuklar i\u00e7in &#8220;Vishwa Nirmala Prem Ashram&#8221; gibi hay\u0131r kurumlar\u0131 ile ayd\u0131nlanm\u0131\u015f e\u011fitimi te\u015fvik eden uluslararas\u0131 okullar kurdu. Ayr\u0131ca b\u00fct\u00fcnsel sa\u011fl\u0131k merkezleri, klasik m\u00fczi\u011fi, g\u00fczel sanatlar\u0131 destekleyen uluslararas\u0131 bir g\u00fczel sanatlar akademisi de olu\u015fturdu ve \u00e7ok daha fazlas\u0131n\u0131 yapt\u0131. T\u00fcm bu \u00e7abalar\u0131, onun k\u00fcresel ruhani d\u00f6n\u00fc\u015f\u00fcm \u00e7al\u0131\u015fmas\u0131n\u0131 tamamlay\u0131c\u0131 unsurlar oldu.<\/p>\n<p>21. y\u00fczy\u0131l bize, yar\u0131n\u0131n toplumunun yeni modelini tan\u0131mlayacak ve \u015fekillendirecek \u00e7ok y\u00f6nl\u00fc zorluklar sunuyor. D\u00fcnyan\u0131n d\u00f6rt bir yan\u0131ndaki insanlar, k\u00fcresel salg\u0131nlar, iklim de\u011fi\u015fikli\u011fi, sosyo-ekonomik sorunlar, k\u00fclt\u00fcrel \u00e7at\u0131\u015fmalar, dini fanatizm vb. gibi bu zorluklara \u00e7\u00f6z\u00fcm aramaya devam ediyor. Bunlar\u0131n t\u00fcm\u00fc, bu gezegende nas\u0131l bir iz b\u0131rakt\u0131\u011f\u0131m\u0131z\u0131 belirleyecek.<\/p>\n<p>G\u00fcn\u00fcm\u00fczde toplumlar\u0131n kar\u015f\u0131 kar\u015f\u0131ya kald\u0131\u011f\u0131 sosyal ve ekonomik sorunlar\u0131n bir\u00e7o\u011fu a\u00e7g\u00f6zl\u00fcl\u00fck ve materyalizmden kaynaklanmaktad\u0131r. Shri Mataji, materyalizmin maddeye kar\u015f\u0131 yanl\u0131\u015f bir tutum oldu\u011funu ve maddenin kendi amac\u0131n\u0131n bize ne\u015fe vermek oldu\u011funu vurgulam\u0131\u015ft\u0131r. Mesela g\u00fczel bir sanat eseri g\u00f6rd\u00fc\u011f\u00fcm\u00fczde ona hayran kalabiliriz, ama ona sahip olmam\u0131za gerek yoktur. Ya da sevgimizin ifadesi olarak birine bir hediye verdi\u011fimizde, maddeyi uygun \u015fekilde kullan\u0131r\u0131z ve bir \u015feyi sat\u0131n alman\u0131n ve ona sahip olman\u0131n ge\u00e7ici hazz\u0131n\u0131n \u00f6tesinde ger\u00e7ek tatminkarl\u0131\u011f\u0131 hissederiz.<\/p>\n<p><a href=\"https:\/\/shrimataji.org\/tr\/kundalini\">Kundalini&#8217;mizin<\/a> uyan\u0131\u015f\u0131 ile i\u00e7imizde <a href=\"https:\/\/shrimataji.org\/tr\/nabhi-cakra\/\">Nabhi \u00e7akra<\/a> olarak bilinen 3. enerji merkezi, biz <a href=\"https:\/\/shrimataji.org\/tr\/aydinlanma\">ayd\u0131nlanma<\/a> ald\u0131ktan sonra ayd\u0131nlan\u0131r ve b\u00f6ylece a\u00e7g\u00f6zl\u00fcl\u00fck ve sahiplenme gibi olumsuz e\u011filimlerden tamamen ar\u0131nm\u0131\u015f olarak kendimizi tatmink\u00e2r hissedebiliriz. Do\u011fal malzemelerden yap\u0131lm\u0131\u015f objeler, g\u00fczel yap\u0131lm\u0131\u015f el sanatlar\u0131 ve resimlerden yay\u0131lan pozitif enerjiyi hissederek maddenin ruhani de\u011ferini anlamaya ba\u015flar\u0131z. Shri Mataji bu olguyu, ancak ayd\u0131nlanma sonras\u0131nda hissedilebilen maddenin titre\u015fimsel katsay\u0131s\u0131na ba\u011flar.<\/p>\n<p>\u0130lgin\u00e7 olarak i\u00e7imizdeki 2. enerji merkezi <a href=\"https:\/\/shrimataji.org\/tr\/swadhisthan-cakra\">Swadhisthan \u00e7akra<\/a> ayd\u0131nland\u0131ktan sonra, yarat\u0131c\u0131l\u0131k duygumuzu geli\u015ftirir, ba\u015fkalar\u0131n\u0131n yarat\u0131c\u0131 \u00e7al\u0131\u015fmalar\u0131n\u0131 takdir etmek yans\u0131ra do\u011fu\u015ftan i\u00e7imizde sakl\u0131 olan yarat\u0131c\u0131 potansiyelimizi ke\u015ffetmemizi sa\u011flar. Sahaja Yoga meditasyonu uygulayanlar\u0131n bir\u00e7o\u011fu, kendili\u011finden gelen saf ilham ve sezgileri arac\u0131l\u0131\u011f\u0131yla yarat\u0131c\u0131 kabiliyetlerinin h\u0131zla geli\u015fmesine hayranl\u0131kla tan\u0131kl\u0131k ederler.<\/p>\n<p>Shri Mataji, bu g\u00fczel i\u00e7sel kalitelerin uyan\u0131\u015f\u0131n\u0131 s\u0131rf her bir bireyin kendi i\u00e7inde de\u011fil, ayn\u0131 zamanda t\u00fcm toplumda etkisinin g\u00f6r\u00fclebilece\u011fini ve insanl\u0131\u011f\u0131n rotas\u0131n\u0131 d\u00fcnya gezegeni \u00fczerinde kendi kendini yok edi\u015ften s\u00fcrd\u00fcr\u00fclebilir bir ya\u015fama do\u011fru de\u011fi\u015ftirebilecek kolektif bir g\u00fc\u00e7 olarak \u00f6ng\u00f6rm\u00fc\u015ft\u00fcr.<\/p>\n<p>Shri Mataji&#8217;nin insanl\u0131\u011fa duydu\u011fu \u015fefkat ve ilgi, onun t\u00fcm faaliyetlerinin yak\u0131t\u0131yd\u0131. Yapt\u0131\u011f\u0131 i\u015fi hi\u00e7bir zaman &#8220;i\u015f&#8221; olarak tan\u0131mlamad\u0131. Onun yerine, b\u00fcy\u00fck keyif ald\u0131. Bu, onun sevgiyle verdi\u011fi bir emekti.<\/p>\n\n","protected":false},"excerpt":{"rendered":"<p>Toplumsal D\u00f6n\u00fc\u015f\u00fcm Sevgiyle Verdi\u011fi Emek \u00d6zverili olman\u0131n en y\u00fcksek de\u011fer olarak kabul edildi\u011fi bir ailede b\u00fcy\u00fcyen Shri Mataji, hayat\u0131n\u0131 s\u00fcrekli olarak toplum ve maneviyat \u00fczerine olan \u00e7al\u0131\u015fma programlar\u0131na adad\u0131. K\u00fc\u00e7\u00fck ya\u015flardan itibaren dinamik olarak Hindistan&#8217;\u0131n ba\u011f\u0131ms\u0131zl\u0131k m\u00fccadelesine kat\u0131ld\u0131. Sonradan se\u00e7kin, bir Hintli diplomat\u0131n e\u015fiyken, ge\u00e7irdi\u011fi yo\u011fun hayat\u0131na rahmen bir hay\u0131rsever olarak etraf\u0131ndaki d\u00fcnyayla ilgilenmeye devam&hellip; <br \/> <a class=\"read-more\" href=\"https:\/\/shrimataji.org\/test\/tr\/toplumsal-donusum\/\">Read more<\/a><\/p>\n","protected":false},"author":12,"featured_media":127,"parent":0,"menu_order":0,"comment_status":"closed","ping_status":"closed","template":"","meta":{"inline_featured_image":false,"footnotes":""},"class_list":["post-10214","page","type-page","status-publish","has-post-thumbnail","hentry"],"yoast_head":"<!-- This site is optimized with the Yoast SEO plugin v27.4 - https:\/\/yoast.com\/product\/yoast-seo-wordpress\/ -->\n<title>Toplumsal D\u00f6n\u00fc\u015f\u00fcm - TEST - SMND<\/title>\n<meta name=\"robots\" content=\"noindex, follow, max-snippet:-1, max-image-preview:large, max-video-preview:-1\" \/>\n<meta property=\"og:locale\" content=\"en_US\" \/>\n<meta property=\"og:type\" content=\"article\" \/>\n<meta property=\"og:title\" content=\"Toplumsal D\u00f6n\u00fc\u015f\u00fcm - TEST - SMND\" \/>\n<meta property=\"og:description\" content=\"Toplumsal D\u00f6n\u00fc\u015f\u00fcm Sevgiyle Verdi\u011fi Emek \u00d6zverili olman\u0131n en y\u00fcksek de\u011fer olarak kabul edildi\u011fi bir ailede b\u00fcy\u00fcyen Shri Mataji, hayat\u0131n\u0131 s\u00fcrekli olarak toplum ve maneviyat \u00fczerine olan \u00e7al\u0131\u015fma programlar\u0131na adad\u0131. K\u00fc\u00e7\u00fck ya\u015flardan itibaren dinamik olarak Hindistan&#8217;\u0131n ba\u011f\u0131ms\u0131zl\u0131k m\u00fccadelesine kat\u0131ld\u0131. Sonradan se\u00e7kin, bir Hintli diplomat\u0131n e\u015fiyken, ge\u00e7irdi\u011fi yo\u011fun hayat\u0131na rahmen bir hay\u0131rsever olarak etraf\u0131ndaki d\u00fcnyayla ilgilenmeye devam&hellip; Read more\" \/>\n<meta property=\"og:url\" content=\"https:\/\/shrimataji.org\/test\/tr\/toplumsal-donusum\/\" \/>\n<meta property=\"og:site_name\" content=\"TEST - SMND\" \/>\n<meta property=\"article:publisher\" content=\"https:\/\/www.facebook.com\/shrimataji\" \/>\n<meta property=\"article:modified_time\" content=\"2024-07-12T00:02:28+00:00\" \/>\n<meta property=\"og:image\" content=\"https:\/\/shrimataji.org\/test\/wp-content\/uploads\/2018\/07\/media_originals\/images\/headers-general\/shri-mataji-arrival-in-rome-may-1985.jpg\" \/>\n\t<meta property=\"og:image:width\" content=\"990\" \/>\n\t<meta property=\"og:image:height\" content=\"350\" \/>\n\t<meta property=\"og:image:type\" content=\"image\/jpeg\" \/>\n<meta name=\"twitter:card\" content=\"summary_large_image\" \/>\n<meta name=\"twitter:site\" content=\"@shrimataji\" \/>\n<meta name=\"twitter:label1\" content=\"Est. reading time\" \/>\n\t<meta name=\"twitter:data1\" content=\"3 minutes\" \/>\n<script type=\"application\/ld+json\" class=\"yoast-schema-graph\">{\"@context\":\"https:\\\/\\\/schema.org\",\"@graph\":[{\"@type\":\"WebPage\",\"@id\":\"https:\\\/\\\/shrimataji.org\\\/test\\\/tr\\\/toplumsal-donusum\\\/\",\"url\":\"https:\\\/\\\/shrimataji.org\\\/test\\\/tr\\\/toplumsal-donusum\\\/\",\"name\":\"Toplumsal D\u00f6n\u00fc\u015f\u00fcm - TEST - SMND\",\"isPartOf\":{\"@id\":\"https:\\\/\\\/shrimataji.org\\\/test\\\/#website\"},\"primaryImageOfPage\":{\"@id\":\"https:\\\/\\\/shrimataji.org\\\/test\\\/tr\\\/toplumsal-donusum\\\/#primaryimage\"},\"image\":{\"@id\":\"https:\\\/\\\/shrimataji.org\\\/test\\\/tr\\\/toplumsal-donusum\\\/#primaryimage\"},\"thumbnailUrl\":\"https:\\\/\\\/shrimataji.org\\\/test\\\/wp-content\\\/uploads\\\/2018\\\/07\\\/media_originals\\\/images\\\/headers-general\\\/shri-mataji-arrival-in-rome-may-1985.jpg\",\"datePublished\":\"2018-07-10T06:54:42+00:00\",\"dateModified\":\"2024-07-12T00:02:28+00:00\",\"breadcrumb\":{\"@id\":\"https:\\\/\\\/shrimataji.org\\\/test\\\/tr\\\/toplumsal-donusum\\\/#breadcrumb\"},\"inLanguage\":\"en-US\",\"potentialAction\":[{\"@type\":\"ReadAction\",\"target\":[\"https:\\\/\\\/shrimataji.org\\\/test\\\/tr\\\/toplumsal-donusum\\\/\"]}]},{\"@type\":\"ImageObject\",\"inLanguage\":\"en-US\",\"@id\":\"https:\\\/\\\/shrimataji.org\\\/test\\\/tr\\\/toplumsal-donusum\\\/#primaryimage\",\"url\":\"https:\\\/\\\/shrimataji.org\\\/test\\\/wp-content\\\/uploads\\\/2018\\\/07\\\/media_originals\\\/images\\\/headers-general\\\/shri-mataji-arrival-in-rome-may-1985.jpg\",\"contentUrl\":\"https:\\\/\\\/shrimataji.org\\\/test\\\/wp-content\\\/uploads\\\/2018\\\/07\\\/media_originals\\\/images\\\/headers-general\\\/shri-mataji-arrival-in-rome-may-1985.jpg\",\"width\":990,\"height\":350},{\"@type\":\"BreadcrumbList\",\"@id\":\"https:\\\/\\\/shrimataji.org\\\/test\\\/tr\\\/toplumsal-donusum\\\/#breadcrumb\",\"itemListElement\":[{\"@type\":\"ListItem\",\"position\":1,\"name\":\"Home\",\"item\":\"https:\\\/\\\/shrimataji.org\\\/test\\\/uk\\\/home-en\\\/\"},{\"@type\":\"ListItem\",\"position\":2,\"name\":\"Toplumsal D\u00f6n\u00fc\u015f\u00fcm\"}]},{\"@type\":\"WebSite\",\"@id\":\"https:\\\/\\\/shrimataji.org\\\/test\\\/#website\",\"url\":\"https:\\\/\\\/shrimataji.org\\\/test\\\/\",\"name\":\"Shri Mataji Nirmala Devi\",\"description\":\"A Life Dedicated to Humanity\",\"publisher\":{\"@id\":\"https:\\\/\\\/shrimataji.org\\\/test\\\/#\\\/schema\\\/person\\\/a1b3419c6585f164aa96da1ff85715d1\"},\"potentialAction\":[{\"@type\":\"SearchAction\",\"target\":{\"@type\":\"EntryPoint\",\"urlTemplate\":\"https:\\\/\\\/shrimataji.org\\\/test\\\/?s={search_term_string}\"},\"query-input\":{\"@type\":\"PropertyValueSpecification\",\"valueRequired\":true,\"valueName\":\"search_term_string\"}}],\"inLanguage\":\"en-US\"},{\"@type\":[\"Person\",\"Organization\"],\"@id\":\"https:\\\/\\\/shrimataji.org\\\/test\\\/#\\\/schema\\\/person\\\/a1b3419c6585f164aa96da1ff85715d1\",\"name\":\"Nirmala Shrivastava\",\"image\":{\"@type\":\"ImageObject\",\"inLanguage\":\"en-US\",\"@id\":\"https:\\\/\\\/shrimataji.org\\\/test\\\/wp-content\\\/uploads\\\/2023\\\/02\\\/SMO_LOGO-03.svg\",\"url\":\"https:\\\/\\\/shrimataji.org\\\/test\\\/wp-content\\\/uploads\\\/2023\\\/02\\\/SMO_LOGO-03.svg\",\"contentUrl\":\"https:\\\/\\\/shrimataji.org\\\/test\\\/wp-content\\\/uploads\\\/2023\\\/02\\\/SMO_LOGO-03.svg\",\"width\":\"1024\",\"height\":\"1024\",\"caption\":\"Nirmala Shrivastava\"},\"logo\":{\"@id\":\"https:\\\/\\\/shrimataji.org\\\/test\\\/wp-content\\\/uploads\\\/2023\\\/02\\\/SMO_LOGO-03.svg\"},\"sameAs\":[\"https:\\\/\\\/shrimataji.org\\\/test\",\"https:\\\/\\\/www.facebook.com\\\/shrimataji\",\"https:\\\/\\\/x.com\\\/shrimataji\",\"https:\\\/\\\/www.youtube.com\\\/@Shri_Mataji_Nirmala_Devi\\\/featured\"]}]}<\/script>\n<!-- \/ Yoast SEO plugin. -->","yoast_head_json":{"title":"Toplumsal D\u00f6n\u00fc\u015f\u00fcm - TEST - SMND","robots":{"index":"noindex","follow":"follow","max-snippet":"max-snippet:-1","max-image-preview":"max-image-preview:large","max-video-preview":"max-video-preview:-1"},"og_locale":"en_US","og_type":"article","og_title":"Toplumsal D\u00f6n\u00fc\u015f\u00fcm - TEST - SMND","og_description":"Toplumsal D\u00f6n\u00fc\u015f\u00fcm Sevgiyle Verdi\u011fi Emek \u00d6zverili olman\u0131n en y\u00fcksek de\u011fer olarak kabul edildi\u011fi bir ailede b\u00fcy\u00fcyen Shri Mataji, hayat\u0131n\u0131 s\u00fcrekli olarak toplum ve maneviyat \u00fczerine olan \u00e7al\u0131\u015fma programlar\u0131na adad\u0131. K\u00fc\u00e7\u00fck ya\u015flardan itibaren dinamik olarak Hindistan&#8217;\u0131n ba\u011f\u0131ms\u0131zl\u0131k m\u00fccadelesine kat\u0131ld\u0131. Sonradan se\u00e7kin, bir Hintli diplomat\u0131n e\u015fiyken, ge\u00e7irdi\u011fi yo\u011fun hayat\u0131na rahmen bir hay\u0131rsever olarak etraf\u0131ndaki d\u00fcnyayla ilgilenmeye devam&hellip; Read more","og_url":"https:\/\/shrimataji.org\/test\/tr\/toplumsal-donusum\/","og_site_name":"TEST - SMND","article_publisher":"https:\/\/www.facebook.com\/shrimataji","article_modified_time":"2024-07-12T00:02:28+00:00","og_image":[{"width":990,"height":350,"url":"https:\/\/shrimataji.org\/test\/wp-content\/uploads\/2018\/07\/media_originals\/images\/headers-general\/shri-mataji-arrival-in-rome-may-1985.jpg","type":"image\/jpeg"}],"twitter_card":"summary_large_image","twitter_site":"@shrimataji","twitter_misc":{"Est. reading time":"3 minutes"},"schema":{"@context":"https:\/\/schema.org","@graph":[{"@type":"WebPage","@id":"https:\/\/shrimataji.org\/test\/tr\/toplumsal-donusum\/","url":"https:\/\/shrimataji.org\/test\/tr\/toplumsal-donusum\/","name":"Toplumsal D\u00f6n\u00fc\u015f\u00fcm - TEST - SMND","isPartOf":{"@id":"https:\/\/shrimataji.org\/test\/#website"},"primaryImageOfPage":{"@id":"https:\/\/shrimataji.org\/test\/tr\/toplumsal-donusum\/#primaryimage"},"image":{"@id":"https:\/\/shrimataji.org\/test\/tr\/toplumsal-donusum\/#primaryimage"},"thumbnailUrl":"https:\/\/shrimataji.org\/test\/wp-content\/uploads\/2018\/07\/media_originals\/images\/headers-general\/shri-mataji-arrival-in-rome-may-1985.jpg","datePublished":"2018-07-10T06:54:42+00:00","dateModified":"2024-07-12T00:02:28+00:00","breadcrumb":{"@id":"https:\/\/shrimataji.org\/test\/tr\/toplumsal-donusum\/#breadcrumb"},"inLanguage":"en-US","potentialAction":[{"@type":"ReadAction","target":["https:\/\/shrimataji.org\/test\/tr\/toplumsal-donusum\/"]}]},{"@type":"ImageObject","inLanguage":"en-US","@id":"https:\/\/shrimataji.org\/test\/tr\/toplumsal-donusum\/#primaryimage","url":"https:\/\/shrimataji.org\/test\/wp-content\/uploads\/2018\/07\/media_originals\/images\/headers-general\/shri-mataji-arrival-in-rome-may-1985.jpg","contentUrl":"https:\/\/shrimataji.org\/test\/wp-content\/uploads\/2018\/07\/media_originals\/images\/headers-general\/shri-mataji-arrival-in-rome-may-1985.jpg","width":990,"height":350},{"@type":"BreadcrumbList","@id":"https:\/\/shrimataji.org\/test\/tr\/toplumsal-donusum\/#breadcrumb","itemListElement":[{"@type":"ListItem","position":1,"name":"Home","item":"https:\/\/shrimataji.org\/test\/uk\/home-en\/"},{"@type":"ListItem","position":2,"name":"Toplumsal D\u00f6n\u00fc\u015f\u00fcm"}]},{"@type":"WebSite","@id":"https:\/\/shrimataji.org\/test\/#website","url":"https:\/\/shrimataji.org\/test\/","name":"Shri Mataji Nirmala Devi","description":"A Life Dedicated to Humanity","publisher":{"@id":"https:\/\/shrimataji.org\/test\/#\/schema\/person\/a1b3419c6585f164aa96da1ff85715d1"},"potentialAction":[{"@type":"SearchAction","target":{"@type":"EntryPoint","urlTemplate":"https:\/\/shrimataji.org\/test\/?s={search_term_string}"},"query-input":{"@type":"PropertyValueSpecification","valueRequired":true,"valueName":"search_term_string"}}],"inLanguage":"en-US"},{"@type":["Person","Organization"],"@id":"https:\/\/shrimataji.org\/test\/#\/schema\/person\/a1b3419c6585f164aa96da1ff85715d1","name":"Nirmala Shrivastava","image":{"@type":"ImageObject","inLanguage":"en-US","@id":"https:\/\/shrimataji.org\/test\/wp-content\/uploads\/2023\/02\/SMO_LOGO-03.svg","url":"https:\/\/shrimataji.org\/test\/wp-content\/uploads\/2023\/02\/SMO_LOGO-03.svg","contentUrl":"https:\/\/shrimataji.org\/test\/wp-content\/uploads\/2023\/02\/SMO_LOGO-03.svg","width":"1024","height":"1024","caption":"Nirmala Shrivastava"},"logo":{"@id":"https:\/\/shrimataji.org\/test\/wp-content\/uploads\/2023\/02\/SMO_LOGO-03.svg"},"sameAs":["https:\/\/shrimataji.org\/test","https:\/\/www.facebook.com\/shrimataji","https:\/\/x.com\/shrimataji","https:\/\/www.youtube.com\/@Shri_Mataji_Nirmala_Devi\/featured"]}]}},"lang":"tr","translations":{"tr":10214,"ur":37508,"en":392,"pa":25922,"gu":25525,"th":20067,"hu":19570,"sq":18482,"zh":17379,"pt":10422,"de":10696,"fr":10794,"it":10892,"es":10989,"ja":11287,"ru":11475,"bn":11666,"te":11774,"sw":11897,"he":12045,"el":12337,"sk":12435,"fa":12533,"fi":12631,"bg":13465,"ro":14537,"cs":14730,"nl":16642,"ku":16802,"ar":16978,"be":18689,"kn":18963,"mr":20431,"uk":20725,"ml":21020,"ta":22801,"sv":23070,"bs":27298,"fil":29519,"sd":31012,"da":37816,"pl":38026,"nn":38368},"pll_sync_post":[],"_links":{"self":[{"href":"https:\/\/shrimataji.org\/test\/wp-json\/wp\/v2\/pages\/10214","targetHints":{"allow":["GET"]}}],"collection":[{"href":"https:\/\/shrimataji.org\/test\/wp-json\/wp\/v2\/pages"}],"about":[{"href":"https:\/\/shrimataji.org\/test\/wp-json\/wp\/v2\/types\/page"}],"author":[{"embeddable":true,"href":"https:\/\/shrimataji.org\/test\/wp-json\/wp\/v2\/users\/12"}],"replies":[{"embeddable":true,"href":"https:\/\/shrimataji.org\/test\/wp-json\/wp\/v2\/comments?post=10214"}],"version-history":[{"count":0,"href":"https:\/\/shrimataji.org\/test\/wp-json\/wp\/v2\/pages\/10214\/revisions"}],"wp:featuredmedia":[{"embeddable":true,"href":"https:\/\/shrimataji.org\/test\/wp-json\/wp\/v2\/media\/127"}],"wp:attachment":[{"href":"https:\/\/shrimataji.org\/test\/wp-json\/wp\/v2\/media?parent=10214"}],"curies":[{"name":"wp","href":"https:\/\/api.w.org\/{rel}","templated":true}]}}