{"id":10215,"date":"2020-04-13T17:41:10","date_gmt":"2020-04-13T17:41:10","guid":{"rendered":"https:\/\/testwordpress.nirmalnagari.org\/smnd\/?page_id=3082"},"modified":"2024-07-12T00:02:00","modified_gmt":"2024-07-12T00:02:00","slug":"kitlesel-ruhani-uyanis","status":"publish","type":"page","link":"https:\/\/shrimataji.org\/test\/tr\/kitlesel-ruhani-uyanis\/","title":{"rendered":"Kitlesel Ruhani Uyan\u0131\u015f"},"content":{"rendered":"\n\n\t<h1>Kitlesel Ruhani Uyan\u0131\u015f<\/h1>\n<h2>K\u00fcresel Ayd\u0131nlanmaya Do\u011fru Devrim Niteli\u011finde Bir D\u00f6n\u00fc\u015f\u00fcm<\/h2>\n\t<h4>Shri Mataji, t\u00fcm dinlere derin sayg\u0131 duyan Hristiyan bir anne-baban\u0131n \u00e7ocu\u011fu olarak d\u00fcnyaya geldi. Babas\u0131 Prasad K. Salve, teolojiye hayranl\u0131k duyard\u0131 ve \u00e7ocuklar\u0131n\u0131 b\u00fct\u00fcn \u00f6nemli inan\u00e7lar\u0131n ilkelerini anlamaya te\u015fvik etmi\u015ftir. \u0130nsanl\u0131\u011f\u0131n nihai birli\u011finin, binlerce y\u0131ld\u0131r d\u00fcnyay\u0131 rahats\u0131z eden inan\u00e7 temelli \u00e7at\u0131\u015fmalara bir son verecek olan bir kitlesel ruhani ayd\u0131nlanmaya ba\u011fl\u0131 oldu\u011funu g\u00f6rebiliyordu.<\/h4>\n<p>Shri Mataji&#8217;nin ebeveynleri, Mahatma Gandhi&#8217;nin bar\u0131\u015f\u00e7\u0131l \u015fekilde, i\u015fbirli\u011fi yapmamak felsefesinden ilham ald\u0131 ve onun &#8216;Quit India Movement&#8217;a(Hindistan&#8217;dan C\u0327\u0131k Hareketi)[1] aktif olarak kat\u0131ld\u0131lar.\u00a0Gandhi&#8217;nin a\u015fram\u0131nda ya\u015fayan gen\u00e7 bir k\u0131z olan Shri Mataji, Hindular, Sihler, Hristiyanlar ve M\u00fcsl\u00fcmanlarla birlikteydi &#8211; hepsi de ortak bir ulusal \u00f6zg\u00fcrl\u00fck ve ba\u011f\u0131ms\u0131zl\u0131k hedefi ile birle\u015ftiler. Daha sonra, Hindistan&#8217;\u0131n b\u00f6l\u00fcnmesi s\u0131ras\u0131nda, \u00fclkenin mezhepsel kaynakl\u0131 \u015fiddet ile par\u00e7alanmas\u0131yla birlikte, Shri Mataji ve ailesi, dinleri her ne olursa olsun \u00e7at\u0131\u015fmadan ka\u00e7anlara bir s\u0131\u011f\u0131nak verdiler.<\/p>\n<p>Bu yo\u011fun ve zor zamanlar\u0131 ya\u015fayan Shri Mataji, siyasi \u00f6zg\u00fcrl\u00fc\u011f\u00fcn nihai bir \u00e7\u00f6z\u00fcm olmad\u0131\u011f\u0131n\u0131 g\u00f6rd\u00fc. Hayattaki ger\u00e7ek g\u00f6revinin insanl\u0131\u011f\u0131n ruhani d\u00f6n\u00fc\u015f\u00fcm\u00fcne katk\u0131da bulunmak oldu\u011funa karar verdi. Ancak bunun zaman\u0131n\u0131 bekledi; C.P. Srivastava ile evlenmesi \u00fczerine, Shri Mataji kocas\u0131na, ger\u00e7ek g\u00f6revine ancak \u00e7ocuklar\u0131 b\u00fcy\u00fcy\u00fcp, kendi evlerine yerle\u015ftikten sonra ba\u015flayaca\u011f\u0131n\u0131 s\u00f6yledi.<\/p>\n<p>Shri Mataji bu y\u00fczden 1970 y\u0131l\u0131na kadar ancak d\u00fcnyadaki ger\u00e7ek g\u00f6revine ba\u015flama zaman\u0131n\u0131n geldi\u011fini hissetti. O zamana kadar \u00e7evresindeki insanlar\u0131n ya\u015fant\u0131lar\u0131nda kar\u015f\u0131la\u015ft\u0131klar\u0131 sorunlara tan\u0131kl\u0131k ederek onlar\u0131n ya\u015famlar\u0131n\u0131 incelemi\u015fti ve b\u00f6ylece arad\u0131klar\u0131 ger\u00e7ek cevab\u0131n onlar\u0131n ruhsal uyan\u0131\u015flar\u0131nda tetiklenmeyi bekleyen bir potansiyelde yatt\u0131\u011f\u0131n\u0131 biliyordu. Dinlerin, gerc\u0327ek peygamberlerin o\u0308g\u0306retilerine dayanmas\u0131na rag\u0306men, insan bilincindeki bu manevi tetiklenmeyi sag\u0306layamad\u0131g\u0306\u0131n\u0131n fark\u0131ndayd\u0131. Bir aks\u0327am vakti, gerc\u0327ek ruhaniyet vaadiyle insanlardan para yag\u0306malayan Hindistan&#8217;daki sahte gurulardan tiksinirken daha fazla beklememeye karar verdi. 5 May\u0131s 1970 sabah\u0131n\u0131n erken saatlerinde, bir yeni ay gecesinin es\u0327lig\u0306inde, \u0131ss\u0131z bir kumsalda meditasyon yaparken kendi su\u0308ptil bedeninde yarad\u0131l\u0131s\u0327\u0131n bas\u0327lang\u0131c\u0131ndan itibaren varolmus\u0327 olan gu\u0308cu\u0308n uyan\u0131s\u0327\u0131n\u0131 hissetti. Onun bu derin ruhsal deneyimi, ona bu ebedi ruhun fark\u0131ndal\u0131g\u0306\u0131n\u0131 hakikati arayan insanlarda nas\u0131l tetikleyeceg\u0306ine dair hayat\u0131nda arad\u0131g\u0306\u0131 tu\u0308m cevaplar\u0131 verdi. Bu tarihi olay, onun hayat\u0131ndaki <a href=\"https:\/\/shrimataji.org\/tr\/donum-noktasi\/\">en o\u0308nemli faaliyetine<\/a>, kitlesel ruhsal uyan\u0131s\u0327\u0131n es\u0327siz kes\u0327fine is\u0327aret ediyordu. Daha sonra, <a href=\"https:\/\/shrimataji.org\/tr\/sahaja-yoga\/\">Sahaja Yoga<\/a> olarak adland\u0131rd\u0131g\u0306\u0131, kelimenin tam anlam\u0131yla her insan\u0131n dog\u0306dug\u0306u ama fark\u0131nda olmad\u0131g\u0306\u0131 ilahi ebedi gu\u0308c\u0327le birles\u0327me anlam\u0131na gelen bir teknig\u0306i buldu.<\/p>\n\t<p>Sahaja Yoga, her insanda bulunan s\u00fcptil ama g\u00fc\u00e7l\u00fc bir ruhani enerjiyi uyand\u0131ran, basit ve kolay bir meditasyon \u015feklidir. Bu hakikat an\u0131 <a href=\"https:\/\/shrimataji.org\/tr\/aydinlanma\/\">ayd\u0131nlanma<\/a> olarak bilinir ve \u00e7ok eski zamanlardan beri, d\u00fcnyan\u0131n her yerinde, dindar mistikler i\u00e7in ula\u015f\u0131lmas\u0131 zor bir hedeftir.<\/p>\n\t<div class=\"su-quote su-quote-style-default\"><div class=\"su-quote-inner su-u-clearfix su-u-trim\">Canl\u0131 olan t\u00fcm i\u015fleri yapan ve kendisi ilahi sevgi olan, s\u00fcptil, ya\u015fayan bir g\u00fc\u00e7 vard\u0131r.<\/div><\/div>\n\t<p>Shri Mataji, ayd\u0131nlanman\u0131n yaln\u0131zca \u00f6m\u00fcr boyu kefaret \u00e7ekerek ve fedak\u00e2rl\u0131klarda bulunmak yoluyla ula\u015f\u0131labilen uzak bir hedef gibi g\u00f6r\u00fcnmesinin aksine, burada ve \u015fu anda elde edilebilecek bir \u015fey oldu\u011funu ilan etti. Halka a\u00e7\u0131k programlar\u0131nda, her birimizin kendi kendisinin \u00f6\u011fretmeni olmam\u0131z gerekti\u011fini vurgulayarak, her birimizin kendisinin ya\u015fayaca\u011f\u0131 do\u011frudan deneyime g\u00fcvenerek, bizi ayd\u0131nlanmam\u0131za g\u00f6t\u00fcrecek bir arac\u0131ya ba\u011fl\u0131 kalmamam\u0131z gerekti\u011fini vurgulad\u0131. Dahas\u0131, Shri Mataji her zaman, kendisinin s\u00f6yledi\u011fi \u015feyin, insanlar\u0131n kendileri i\u00e7in test etmeleri gereken bir hipotez oldu\u011funu ve k\u00f6r inanc\u0131n, kimseyi hi\u00e7bir yere g\u00f6t\u00fcrmedi\u011fini a\u00e7\u0131k\u00e7a belirtti.<\/p>\n<p>Shri Mataji, ger\u00e7ek dinin dogma ve hiyerar\u015fiye de\u011fil, ruh olarak benli\u011fin mutlak bilgisine dayand\u0131\u011f\u0131n\u0131 savundu. Onun ifadesiyle, &#8220;b\u00fct\u00fcn dinler tek bir hayat a\u011fac\u0131ndan \u00e7\u0131kt\u0131lar, maneviyat budur&#8230; Din size huzur, ne\u015fe, mutluluk vermek i\u00e7in oradad\u0131r&#8230; (onlar\u0131n aras\u0131nda) hi\u00e7bir fark yoktur &#8211; ama siz kendi kendinizi bilmedi\u011finiz zaman, din hakk\u0131ndaki bir \u015feyi nas\u0131l bileceksiniz ki? Bu nedenle, her \u015feyden \u00f6nce sizin kendinizi tan\u0131man\u0131z \u00f6nemlidir.&#8221; Kendinizi ruhani bir varl\u0131k olarak tan\u0131d\u0131\u011f\u0131n\u0131z zaman, &#8220;hangi dini takip ediyorsan\u0131z, o dini ve b\u00fct\u00fcn bu peygamberlerin ve gurular\u0131n b\u00fcy\u00fckl\u00fc\u011f\u00fcn\u00fc anlayacaks\u0131n\u0131z&#8230;&#8221;.<\/p>\n<p>Bir guru ya da \u00f6\u011fretmenden daha fazlas\u0131 olan Shri Mataji, \u015fefkat ve sevgi taraf\u0131ndan y\u00f6nlendirilen ve t\u00fcm insanl\u0131\u011f\u0131n iyili\u011fi ve evrimi i\u00e7in endi\u015fe duyan bir &#8216;Ruhani Anne&#8217; olarak tan\u0131mlanabilir. Vizyonu ve yorulmak bilmeyen \u00e7abalar\u0131 nedeniyle, Sahaja Yoga 95&#8217;ten fazla \u00fclkede kurulmu\u015f ve milyonlarca insan ya\u015famlar\u0131nda denge ve tatminkarl\u0131k elde etmi\u015f, baz\u0131lar\u0131 da ayd\u0131nlanma deneyimi ve d\u00fczenli <a href=\"https:\/\/shrimataji.org\/tr\/sahaja-yoga-meditasyon\">Sahaja Yoga Meditasyonu<\/a> uygulamas\u0131 ile, ciddi zihinsel ve fiziksel engellerinin \u00fcstesinden gelmi\u015flerdir.<\/p>\n\t<p>&nbsp;<\/p>\n<hr \/>\n<h3>1. ^ Gandhi ve Hindistan Ulusal Kongresi taraf\u0131ndan A\u011fustos 1942&#8217;de ba\u015flat\u0131lan bir sivil itaatsizlik hareketi, \u0130ngiliz y\u00f6netimine kararl\u0131 ama pasif direni\u015f ve Hindistan&#8217;dan &#8216;d\u00fczenli bir geri \u00e7ekilme&#8217; \u00e7a\u011fr\u0131s\u0131nda bulundu (wikipedia, \u00f6zg\u00fcr ansiklopedi).<\/h3>\n\n","protected":false},"excerpt":{"rendered":"<p>Kitlesel Ruhani Uyan\u0131\u015f K\u00fcresel Ayd\u0131nlanmaya Do\u011fru Devrim Niteli\u011finde Bir D\u00f6n\u00fc\u015f\u00fcm Shri Mataji, t\u00fcm dinlere derin sayg\u0131 duyan Hristiyan bir anne-baban\u0131n \u00e7ocu\u011fu olarak d\u00fcnyaya geldi. Babas\u0131 Prasad K. Salve, teolojiye hayranl\u0131k duyard\u0131 ve \u00e7ocuklar\u0131n\u0131 b\u00fct\u00fcn \u00f6nemli inan\u00e7lar\u0131n ilkelerini anlamaya te\u015fvik etmi\u015ftir. \u0130nsanl\u0131\u011f\u0131n nihai birli\u011finin, binlerce y\u0131ld\u0131r d\u00fcnyay\u0131 rahats\u0131z eden inan\u00e7 temelli \u00e7at\u0131\u015fmalara bir son verecek olan&hellip; <br \/> <a class=\"read-more\" href=\"https:\/\/shrimataji.org\/test\/tr\/kitlesel-ruhani-uyanis\/\">Read more<\/a><\/p>\n","protected":false},"author":12,"featured_media":303,"parent":0,"menu_order":0,"comment_status":"closed","ping_status":"closed","template":"","meta":{"inline_featured_image":false,"footnotes":""},"class_list":["post-10215","page","type-page","status-publish","has-post-thumbnail","hentry"],"yoast_head":"<!-- This site is optimized with the Yoast SEO plugin v27.4 - https:\/\/yoast.com\/product\/yoast-seo-wordpress\/ -->\n<title>Kitlesel Ruhani Uyan\u0131\u015f - TEST - SMND<\/title>\n<meta name=\"robots\" content=\"noindex, follow, max-snippet:-1, max-image-preview:large, max-video-preview:-1\" \/>\n<meta property=\"og:locale\" content=\"en_US\" \/>\n<meta property=\"og:type\" content=\"article\" \/>\n<meta property=\"og:title\" content=\"Kitlesel Ruhani Uyan\u0131\u015f - TEST - SMND\" \/>\n<meta property=\"og:description\" content=\"Kitlesel Ruhani Uyan\u0131\u015f K\u00fcresel Ayd\u0131nlanmaya Do\u011fru Devrim Niteli\u011finde Bir D\u00f6n\u00fc\u015f\u00fcm Shri Mataji, t\u00fcm dinlere derin sayg\u0131 duyan Hristiyan bir anne-baban\u0131n \u00e7ocu\u011fu olarak d\u00fcnyaya geldi. Babas\u0131 Prasad K. Salve, teolojiye hayranl\u0131k duyard\u0131 ve \u00e7ocuklar\u0131n\u0131 b\u00fct\u00fcn \u00f6nemli inan\u00e7lar\u0131n ilkelerini anlamaya te\u015fvik etmi\u015ftir. \u0130nsanl\u0131\u011f\u0131n nihai birli\u011finin, binlerce y\u0131ld\u0131r d\u00fcnyay\u0131 rahats\u0131z eden inan\u00e7 temelli \u00e7at\u0131\u015fmalara bir son verecek olan&hellip; Read more\" \/>\n<meta property=\"og:url\" content=\"https:\/\/shrimataji.org\/test\/tr\/kitlesel-ruhani-uyanis\/\" \/>\n<meta property=\"og:site_name\" content=\"TEST - SMND\" \/>\n<meta property=\"article:publisher\" content=\"https:\/\/www.facebook.com\/shrimataji\" \/>\n<meta property=\"article:modified_time\" content=\"2024-07-12T00:02:00+00:00\" \/>\n<meta property=\"og:image\" content=\"https:\/\/shrimataji.org\/test\/wp-content\/uploads\/2018\/07\/media_originals\/images\/shri-mataji-with-people\/shri-mataji-with-village-people-in-india.jpg\" \/>\n\t<meta property=\"og:image:width\" content=\"1500\" \/>\n\t<meta property=\"og:image:height\" content=\"980\" \/>\n\t<meta property=\"og:image:type\" content=\"image\/jpeg\" \/>\n<meta name=\"twitter:card\" content=\"summary_large_image\" \/>\n<meta name=\"twitter:site\" content=\"@shrimataji\" \/>\n<script type=\"application\/ld+json\" class=\"yoast-schema-graph\">{\"@context\":\"https:\\\/\\\/schema.org\",\"@graph\":[{\"@type\":\"WebPage\",\"@id\":\"https:\\\/\\\/shrimataji.org\\\/test\\\/tr\\\/kitlesel-ruhani-uyanis\\\/\",\"url\":\"https:\\\/\\\/shrimataji.org\\\/test\\\/tr\\\/kitlesel-ruhani-uyanis\\\/\",\"name\":\"Kitlesel Ruhani Uyan\u0131\u015f - TEST - SMND\",\"isPartOf\":{\"@id\":\"https:\\\/\\\/shrimataji.org\\\/test\\\/#website\"},\"primaryImageOfPage\":{\"@id\":\"https:\\\/\\\/shrimataji.org\\\/test\\\/tr\\\/kitlesel-ruhani-uyanis\\\/#primaryimage\"},\"image\":{\"@id\":\"https:\\\/\\\/shrimataji.org\\\/test\\\/tr\\\/kitlesel-ruhani-uyanis\\\/#primaryimage\"},\"thumbnailUrl\":\"https:\\\/\\\/shrimataji.org\\\/test\\\/wp-content\\\/uploads\\\/2018\\\/07\\\/media_originals\\\/images\\\/shri-mataji-with-people\\\/shri-mataji-with-village-people-in-india.jpg\",\"datePublished\":\"2020-04-13T17:41:10+00:00\",\"dateModified\":\"2024-07-12T00:02:00+00:00\",\"breadcrumb\":{\"@id\":\"https:\\\/\\\/shrimataji.org\\\/test\\\/tr\\\/kitlesel-ruhani-uyanis\\\/#breadcrumb\"},\"inLanguage\":\"en-US\",\"potentialAction\":[{\"@type\":\"ReadAction\",\"target\":[\"https:\\\/\\\/shrimataji.org\\\/test\\\/tr\\\/kitlesel-ruhani-uyanis\\\/\"]}]},{\"@type\":\"ImageObject\",\"inLanguage\":\"en-US\",\"@id\":\"https:\\\/\\\/shrimataji.org\\\/test\\\/tr\\\/kitlesel-ruhani-uyanis\\\/#primaryimage\",\"url\":\"https:\\\/\\\/shrimataji.org\\\/test\\\/wp-content\\\/uploads\\\/2018\\\/07\\\/media_originals\\\/images\\\/shri-mataji-with-people\\\/shri-mataji-with-village-people-in-india.jpg\",\"contentUrl\":\"https:\\\/\\\/shrimataji.org\\\/test\\\/wp-content\\\/uploads\\\/2018\\\/07\\\/media_originals\\\/images\\\/shri-mataji-with-people\\\/shri-mataji-with-village-people-in-india.jpg\",\"width\":1500,\"height\":980},{\"@type\":\"BreadcrumbList\",\"@id\":\"https:\\\/\\\/shrimataji.org\\\/test\\\/tr\\\/kitlesel-ruhani-uyanis\\\/#breadcrumb\",\"itemListElement\":[{\"@type\":\"ListItem\",\"position\":1,\"name\":\"Home\",\"item\":\"https:\\\/\\\/shrimataji.org\\\/test\\\/uk\\\/home-en\\\/\"},{\"@type\":\"ListItem\",\"position\":2,\"name\":\"Kitlesel Ruhani Uyan\u0131\u015f\"}]},{\"@type\":\"WebSite\",\"@id\":\"https:\\\/\\\/shrimataji.org\\\/test\\\/#website\",\"url\":\"https:\\\/\\\/shrimataji.org\\\/test\\\/\",\"name\":\"Shri Mataji Nirmala Devi\",\"description\":\"A Life Dedicated to Humanity\",\"publisher\":{\"@id\":\"https:\\\/\\\/shrimataji.org\\\/test\\\/#\\\/schema\\\/person\\\/a1b3419c6585f164aa96da1ff85715d1\"},\"potentialAction\":[{\"@type\":\"SearchAction\",\"target\":{\"@type\":\"EntryPoint\",\"urlTemplate\":\"https:\\\/\\\/shrimataji.org\\\/test\\\/?s={search_term_string}\"},\"query-input\":{\"@type\":\"PropertyValueSpecification\",\"valueRequired\":true,\"valueName\":\"search_term_string\"}}],\"inLanguage\":\"en-US\"},{\"@type\":[\"Person\",\"Organization\"],\"@id\":\"https:\\\/\\\/shrimataji.org\\\/test\\\/#\\\/schema\\\/person\\\/a1b3419c6585f164aa96da1ff85715d1\",\"name\":\"Nirmala Shrivastava\",\"image\":{\"@type\":\"ImageObject\",\"inLanguage\":\"en-US\",\"@id\":\"https:\\\/\\\/shrimataji.org\\\/test\\\/wp-content\\\/uploads\\\/2023\\\/02\\\/SMO_LOGO-03.svg\",\"url\":\"https:\\\/\\\/shrimataji.org\\\/test\\\/wp-content\\\/uploads\\\/2023\\\/02\\\/SMO_LOGO-03.svg\",\"contentUrl\":\"https:\\\/\\\/shrimataji.org\\\/test\\\/wp-content\\\/uploads\\\/2023\\\/02\\\/SMO_LOGO-03.svg\",\"width\":\"1024\",\"height\":\"1024\",\"caption\":\"Nirmala Shrivastava\"},\"logo\":{\"@id\":\"https:\\\/\\\/shrimataji.org\\\/test\\\/wp-content\\\/uploads\\\/2023\\\/02\\\/SMO_LOGO-03.svg\"},\"sameAs\":[\"https:\\\/\\\/shrimataji.org\\\/test\",\"https:\\\/\\\/www.facebook.com\\\/shrimataji\",\"https:\\\/\\\/x.com\\\/shrimataji\",\"https:\\\/\\\/www.youtube.com\\\/@Shri_Mataji_Nirmala_Devi\\\/featured\"]}]}<\/script>\n<!-- \/ Yoast SEO plugin. -->","yoast_head_json":{"title":"Kitlesel Ruhani Uyan\u0131\u015f - TEST - SMND","robots":{"index":"noindex","follow":"follow","max-snippet":"max-snippet:-1","max-image-preview":"max-image-preview:large","max-video-preview":"max-video-preview:-1"},"og_locale":"en_US","og_type":"article","og_title":"Kitlesel Ruhani Uyan\u0131\u015f - TEST - SMND","og_description":"Kitlesel Ruhani Uyan\u0131\u015f K\u00fcresel Ayd\u0131nlanmaya Do\u011fru Devrim Niteli\u011finde Bir D\u00f6n\u00fc\u015f\u00fcm Shri Mataji, t\u00fcm dinlere derin sayg\u0131 duyan Hristiyan bir anne-baban\u0131n \u00e7ocu\u011fu olarak d\u00fcnyaya geldi. Babas\u0131 Prasad K. Salve, teolojiye hayranl\u0131k duyard\u0131 ve \u00e7ocuklar\u0131n\u0131 b\u00fct\u00fcn \u00f6nemli inan\u00e7lar\u0131n ilkelerini anlamaya te\u015fvik etmi\u015ftir. \u0130nsanl\u0131\u011f\u0131n nihai birli\u011finin, binlerce y\u0131ld\u0131r d\u00fcnyay\u0131 rahats\u0131z eden inan\u00e7 temelli \u00e7at\u0131\u015fmalara bir son verecek olan&hellip; Read more","og_url":"https:\/\/shrimataji.org\/test\/tr\/kitlesel-ruhani-uyanis\/","og_site_name":"TEST - SMND","article_publisher":"https:\/\/www.facebook.com\/shrimataji","article_modified_time":"2024-07-12T00:02:00+00:00","og_image":[{"width":1500,"height":980,"url":"https:\/\/shrimataji.org\/test\/wp-content\/uploads\/2018\/07\/media_originals\/images\/shri-mataji-with-people\/shri-mataji-with-village-people-in-india.jpg","type":"image\/jpeg"}],"twitter_card":"summary_large_image","twitter_site":"@shrimataji","schema":{"@context":"https:\/\/schema.org","@graph":[{"@type":"WebPage","@id":"https:\/\/shrimataji.org\/test\/tr\/kitlesel-ruhani-uyanis\/","url":"https:\/\/shrimataji.org\/test\/tr\/kitlesel-ruhani-uyanis\/","name":"Kitlesel Ruhani Uyan\u0131\u015f - TEST - SMND","isPartOf":{"@id":"https:\/\/shrimataji.org\/test\/#website"},"primaryImageOfPage":{"@id":"https:\/\/shrimataji.org\/test\/tr\/kitlesel-ruhani-uyanis\/#primaryimage"},"image":{"@id":"https:\/\/shrimataji.org\/test\/tr\/kitlesel-ruhani-uyanis\/#primaryimage"},"thumbnailUrl":"https:\/\/shrimataji.org\/test\/wp-content\/uploads\/2018\/07\/media_originals\/images\/shri-mataji-with-people\/shri-mataji-with-village-people-in-india.jpg","datePublished":"2020-04-13T17:41:10+00:00","dateModified":"2024-07-12T00:02:00+00:00","breadcrumb":{"@id":"https:\/\/shrimataji.org\/test\/tr\/kitlesel-ruhani-uyanis\/#breadcrumb"},"inLanguage":"en-US","potentialAction":[{"@type":"ReadAction","target":["https:\/\/shrimataji.org\/test\/tr\/kitlesel-ruhani-uyanis\/"]}]},{"@type":"ImageObject","inLanguage":"en-US","@id":"https:\/\/shrimataji.org\/test\/tr\/kitlesel-ruhani-uyanis\/#primaryimage","url":"https:\/\/shrimataji.org\/test\/wp-content\/uploads\/2018\/07\/media_originals\/images\/shri-mataji-with-people\/shri-mataji-with-village-people-in-india.jpg","contentUrl":"https:\/\/shrimataji.org\/test\/wp-content\/uploads\/2018\/07\/media_originals\/images\/shri-mataji-with-people\/shri-mataji-with-village-people-in-india.jpg","width":1500,"height":980},{"@type":"BreadcrumbList","@id":"https:\/\/shrimataji.org\/test\/tr\/kitlesel-ruhani-uyanis\/#breadcrumb","itemListElement":[{"@type":"ListItem","position":1,"name":"Home","item":"https:\/\/shrimataji.org\/test\/uk\/home-en\/"},{"@type":"ListItem","position":2,"name":"Kitlesel Ruhani Uyan\u0131\u015f"}]},{"@type":"WebSite","@id":"https:\/\/shrimataji.org\/test\/#website","url":"https:\/\/shrimataji.org\/test\/","name":"Shri Mataji Nirmala Devi","description":"A Life Dedicated to Humanity","publisher":{"@id":"https:\/\/shrimataji.org\/test\/#\/schema\/person\/a1b3419c6585f164aa96da1ff85715d1"},"potentialAction":[{"@type":"SearchAction","target":{"@type":"EntryPoint","urlTemplate":"https:\/\/shrimataji.org\/test\/?s={search_term_string}"},"query-input":{"@type":"PropertyValueSpecification","valueRequired":true,"valueName":"search_term_string"}}],"inLanguage":"en-US"},{"@type":["Person","Organization"],"@id":"https:\/\/shrimataji.org\/test\/#\/schema\/person\/a1b3419c6585f164aa96da1ff85715d1","name":"Nirmala Shrivastava","image":{"@type":"ImageObject","inLanguage":"en-US","@id":"https:\/\/shrimataji.org\/test\/wp-content\/uploads\/2023\/02\/SMO_LOGO-03.svg","url":"https:\/\/shrimataji.org\/test\/wp-content\/uploads\/2023\/02\/SMO_LOGO-03.svg","contentUrl":"https:\/\/shrimataji.org\/test\/wp-content\/uploads\/2023\/02\/SMO_LOGO-03.svg","width":"1024","height":"1024","caption":"Nirmala Shrivastava"},"logo":{"@id":"https:\/\/shrimataji.org\/test\/wp-content\/uploads\/2023\/02\/SMO_LOGO-03.svg"},"sameAs":["https:\/\/shrimataji.org\/test","https:\/\/www.facebook.com\/shrimataji","https:\/\/x.com\/shrimataji","https:\/\/www.youtube.com\/@Shri_Mataji_Nirmala_Devi\/featured"]}]}},"lang":"tr","translations":{"tr":10215,"ur":37510,"en":3082,"am":18083,"th":20070,"hu":19572,"sq":18484,"zh":17381,"pt":10423,"de":10697,"fr":10795,"it":10893,"es":10990,"ja":11288,"ru":11476,"bn":11667,"te":11775,"sw":11898,"he":12046,"el":12338,"sk":12436,"fa":12534,"fi":12632,"bg":13430,"ro":14504,"cs":14697,"nl":16644,"ku":16804,"ar":16980,"be":18691,"kn":18965,"mr":20434,"uk":20728,"ml":21023,"ta":22803,"sv":23072,"gu":28906,"pa":29066,"fil":29521,"da":37818,"pl":38028,"nn":38370},"pll_sync_post":[],"_links":{"self":[{"href":"https:\/\/shrimataji.org\/test\/wp-json\/wp\/v2\/pages\/10215","targetHints":{"allow":["GET"]}}],"collection":[{"href":"https:\/\/shrimataji.org\/test\/wp-json\/wp\/v2\/pages"}],"about":[{"href":"https:\/\/shrimataji.org\/test\/wp-json\/wp\/v2\/types\/page"}],"author":[{"embeddable":true,"href":"https:\/\/shrimataji.org\/test\/wp-json\/wp\/v2\/users\/12"}],"replies":[{"embeddable":true,"href":"https:\/\/shrimataji.org\/test\/wp-json\/wp\/v2\/comments?post=10215"}],"version-history":[{"count":0,"href":"https:\/\/shrimataji.org\/test\/wp-json\/wp\/v2\/pages\/10215\/revisions"}],"wp:featuredmedia":[{"embeddable":true,"href":"https:\/\/shrimataji.org\/test\/wp-json\/wp\/v2\/media\/303"}],"wp:attachment":[{"href":"https:\/\/shrimataji.org\/test\/wp-json\/wp\/v2\/media?parent=10215"}],"curies":[{"name":"wp","href":"https:\/\/api.w.org\/{rel}","templated":true}]}}