{"id":10221,"date":"2018-07-10T06:54:50","date_gmt":"2018-07-10T06:54:50","guid":{"rendered":"http:\/\/testwordpress.nirmalnagari.org\/smnd\/index.php\/the-culmination\/"},"modified":"2024-07-12T00:02:30","modified_gmt":"2024-07-12T00:02:30","slug":"zirve","status":"publish","type":"page","link":"https:\/\/shrimataji.org\/test\/tr\/zirve\/","title":{"rendered":"Zirve"},"content":{"rendered":"\n\n\t<h1>Zirve<\/h1>\n<h2>Al\u00e7akg\u00f6n\u00fcll\u00fc bir sayg\u0131<\/h2>\n\t<h4>Shri Mataji k\u00fc\u00e7\u00fck ya\u015flardan beri nihai amac\u0131n\u0131n insanl\u0131\u011f\u0131n ruhsal evrimine katk\u0131da bulunmak oldu\u011funu biliyordu. Ancak Shri Mataji, 47 ya\u015f\u0131na gelip iki k\u0131z\u0131 evlenene kadar hayat\u0131n\u0131 belirleyen bu i\u015fine ba\u015flamad\u0131.<\/h4>\n\t<p>D\u00f6n\u00fcm noktas\u0131 Hindistan&#8217;\u0131n Gujarat eyaletindeki k\u00fc\u00e7\u00fck bir k\u00f6y olan Nargol&#8217;de geldi. <a href=\"https:\/\/shrimataji.org\/tr\/donum-noktasi\/\">5 May\u0131s 1970&#8217;te<\/a>, derin bir meditasyon d\u00f6neminin ard\u0131ndan Shri Mataji, sonraki k\u0131rk y\u0131l boyunca eylemlerine ilham verecek derin bir bilin\u00e7 ve hakikat deneyimine sahip oldu.<\/p>\n\t\t\t\t<img loading=\"lazy\" decoding=\"async\" src=\"https:\/\/shrimataji.org\/test\/wp-content\/uploads\/2018\/07\/media_originals\/images\/shri-mataji-teaching-sahaja-yoga\/shri-mataji-nirmala-devi-teaching-sahaja-yoga-meditation-in-india.jpg\" alt=\"shri-mataji-nirmala-devi-teaching-sahaja-yoga-meditation-in-india\" height=\"541\" width=\"721\" title=\"shri-mataji-nirmala-devi-teaching-sahaja-yoga-meditation-in-india\" \/>\n\t<p>O andan itibaren, Shri Mataji kendini, Sahaja Yoga &#8211; Sanskrit\u00e7e bir terim olan, bireysel benli\u011fin &#8216;evrenin her yeri kaplayan yarat\u0131c\u0131 enerjisi&#8217; ile &#8216;kendili\u011finden birle\u015fmesi\/b\u00fct\u00fcnle\u015fmesi&#8217; anlam\u0131na gelen &#8211; ad\u0131n\u0131 verdi\u011fi basit bir meditasyon bi\u00e7imini uygulayarak; ayd\u0131nlanman\u0131n her bireyin ula\u015fabilece\u011fi mesaj\u0131n\u0131 yaymaya adad\u0131. Ayd\u0131nlanman\u0131n herkes i\u00e7in \u00fccretsiz bir \u015fekilde m\u00fcmk\u00fcn oldu\u011funu belirtti ve &#8220;bir mumun di\u011ferini ayd\u0131nlatmas\u0131 gibi&#8221; bu deneyimin ba\u015fkalar\u0131na nas\u0131l aktar\u0131laca\u011f\u0131n\u0131 g\u00f6sterdi.<\/p>\n<p>Shri Mataji, Mumbai ve Londra hararetle\u00a0 &#8220;ger\u00e7e\u011fi arayan&#8221; bir avu\u00e7 ki\u015fiyle k\u00fc\u00e7\u00fck \u00f6l\u00e7ekte ba\u015flad\u0131. 1980&#8217;lerin ortalar\u0131na kadar olan bu d\u00f6nemde, Shri Mataji do\u011frudan ve olduk\u00e7a ana\u00e7 bir tav\u0131rlayd\u0131 &#8211; yemek pi\u015firmek, yemek yemek, al\u0131\u015fveri\u015f yapmak, sinemaya gitmek, b\u00fcy\u00fcyen manevi ailesiyle birlikte d\u00fczenli olarak meditasyon yapmas\u0131n\u0131 s\u00f6ylemeye bile gerek yok.<\/p>\n\t<p>Kocas\u0131 Sir C.P. BM Uluslararas\u0131 Denizcilik \u00d6rg\u00fct\u00fc Genel Sekreteri Srivastava, ilk ba\u015fta kar\u0131s\u0131n\u0131n &#8216;a\u00e7\u0131k kap\u0131&#8217; politikas\u0131 kar\u015f\u0131s\u0131nda biraz \u015fa\u015f\u0131rm\u0131\u015ft\u0131, ancak zamanla o da onun \u015fefkatinden ve ba\u015fkalar\u0131na yard\u0131m etme arzusundan ilham almaya ba\u015flad\u0131. Kar\u0131s\u0131n\u0131n ki\u015fileri evlerine kabul etmesini, onlara ayd\u0131nlanma vermesini ve onlarla ilgilenmesini, onlara Sahaja Yoga tekniklerini kullanarak kendilerini iyile\u015ftirmeyi \u00f6\u011fretmesini izledi. B\u00f6yle bir olayla ilgili \u015funlar\u0131 s\u00f6yledi: &#8220;Sonra mucizenin ger\u00e7ekle\u015fti\u011fini g\u00f6rmeye ba\u015flad\u0131m. Gen\u00e7 adama b\u00fcy\u00fck bir \u00f6zen ve \u015fefkatle ve Sahaja Yoga ile muamele etti ve \u00e7ocuk de\u011fi\u015fmeye ba\u015flad\u0131&#8230;&#8221;<\/p>\n\t<p>Shri Mataji zaten \u00f6nde gelen bir diplomat\u0131n e\u015fi olarak y\u00fcksek bir profile sahipken, kendi ba\u015f\u0131na giderek daha kamusal bir rol oynamaya ba\u015flad\u0131 &#8211; kamuya a\u00e7\u0131k etkinliklerde konu\u015fmak, bas\u0131n r\u00f6portajlar\u0131 vermek, konferanslar vermek ve hepsinden \u00f6nemlisi, ayd\u0131nlanma deneyimlerini, bunu arzulayan herkesle payla\u015fmak. Do\u011fruluk mesaj\u0131yla, t\u00fckenmez enerjisiyle ve harika mizah anlay\u0131\u015f\u0131yla gitti\u011fi her yerde insanlar\u0131n ilgisini \u00e7ekti. Yava\u015f ama emin ad\u0131mlarla, Sahaja Yoga uygulamas\u0131 Birle\u015fik Krall\u0131k ve Hindistan&#8217;da, ard\u0131ndan Avrupa, Amerika Birle\u015fik Devletleri ve sonunda d\u00fcnyan\u0131n geri kalan\u0131nda yerle\u015fik hale geldi.<\/p>\n<p>1990&#8217;lara gelindi\u011finde, Shri Mataji k\u00fcresel bir ki\u015filik haline geldi; bir dizi \u00f6vg\u00fc ve \u00f6d\u00fcl\u00fcn yan\u0131 s\u0131ra gitti\u011fi her yerde medyan\u0131n ilgisini \u00e7ekti. Nobel Bar\u0131\u015f \u00d6d\u00fcl\u00fc&#8217;ne aday g\u00f6sterildi ve Alfred Nobel&#8217;in ye\u011feni ve Birle\u015fik D\u00fcnya Vakf\u0131 Ba\u015fkan\u0131 Claes Nobel, &#8220;Shri Mataji bize kendi kaderimizin efendisi olmam\u0131z i\u00e7in g\u00fc\u00e7 veriyor&#8221; dedi. New York&#8217;taki Birle\u015fmi\u015f Milletler genel merkezinde ve <a href=\"https:\/\/shrimataji.org\/tr\/bm-kadin-konferansi\/\">Beijing&#8217;teki BM Kad\u0131n Konferans\u0131&#8217;nda<\/a> konu\u015fma yapmak \u00fczere davet edildi. Say\u0131s\u0131z \u015fehir ve b\u00f6lge h\u00fck\u00fcmeti onun onuruna bir g\u00fcn d\u00fczenledi.<\/p>\n<p>Shri Mataji, Mumbai yak\u0131nlar\u0131ndaki Uluslararas\u0131 Hastane ve Kanser Ara\u015ft\u0131rma Merkezi ve Yeni Delhi&#8217;nin eteklerinde yoksul kad\u0131nlara y\u00f6nelik bir yuva olan Nirmal Prem dahil olmak \u00fczere bir dizi sivil toplum kurulu\u015fu kurdu. Bu vak\u0131flar bug\u00fcne kadar insanlar\u0131n hastal\u0131k, ba\u011f\u0131ml\u0131l\u0131k gibi sorunlar\u0131n \u00fcstesinden gelmelerine, ya\u015famlar\u0131nda ne\u015fe ve anlam bulmalar\u0131na yard\u0131mc\u0131 olmak i\u00e7in Sahaja Yoga tekniklerini kullan\u0131yor.<\/p>\n<p>\u00dcnl\u00fc olmas\u0131na ra\u011fmen, Shri Mataji her zaman oldu\u011fu gibi \u015fefkatli, nazik ve al\u00e7akg\u00f6n\u00fcll\u00fc ki\u015fili\u011fini korudu. Amac\u0131 de\u011fi\u015fmedi, mesaj\u0131 da de\u011fi\u015fmedi. Meta Modern \u00c7a\u011f adl\u0131 kitab\u0131nda yazd\u0131\u011f\u0131 gibi, &#8220;\u0130lahi sevginin her yeri kaplayan ne\u015fesi var ve ben herkesin bundan keyif almas\u0131n\u0131 istiyorum.&#8221; <a href=\"#citation-ref-1\">[1]<\/a><\/p>\n<p>Shri Mataji, hayat\u0131n\u0131n sonuna kadar d\u00fcnyay\u0131 dola\u015fmaya devam etti, ancak daha sonraki y\u0131llarda yak\u0131n ailesiyle daha fazla zaman ge\u00e7irdik\u00e7e halk\u0131n aras\u0131na kar\u0131\u015fmas\u0131 azald\u0131.<\/p>\n<p>Shri Mataji, 23 \u015eubat 2011&#8217;de 87 ya\u015f\u0131nda huzur i\u00e7inde vefat etti. Ayd\u0131nlanma deneyimi say\u0131s\u0131z ya\u015fam\u0131 d\u00f6n\u00fc\u015ft\u00fcrmeye devam ederken onun miras\u0131 varl\u0131\u011f\u0131n\u0131 s\u00fcrd\u00fcr\u00fcyor.<\/p>\n\t\t\t\t<img loading=\"lazy\" decoding=\"async\" src=\"https:\/\/shrimataji.org\/test\/wp-content\/uploads\/2024\/06\/Nirmaldham_inside.jpg\" alt=\"Nirmal Dham, Delhi, Hindistan\" height=\"400\" width=\"600\" title=\"Nirmaldham_inside\" \/>\n\t\tNirmal Dham, Delhi, Hindistan\n\t\t\t\t<img loading=\"lazy\" decoding=\"async\" src=\"https:\/\/shrimataji.org\/test\/wp-content\/uploads\/2024\/06\/Nirmaldham.jpg\" alt=\"Nirmal Dham, Delhi, Hindistan\" height=\"521\" width=\"521\" title=\"Nirmaldham\" \/>\n\t\tNirmal Dham, Delhi, Hindistan\n\t<div class=\"su-quote su-quote-style-default\"><div class=\"su-quote-inner su-u-clearfix su-u-trim\">Ki\u015fi hepimizin ortak bir ya\u015fam ilkesine ba\u011fl\u0131 oldu\u011fumuzun fark\u0131na varmal\u0131&#8230; hepimiz i\u00e7imizde Kundalini&#8217;ye sahibiz&#8230; t\u00fcm insanlara sayg\u0131 duymal\u0131y\u0131z, hangi milletten gelirse gelsin, hangi \u00fclkeye ait olursa olsun, hangi renge sahip olursa olsun t\u00fcm insanlara, \u00e7\u00fcnk\u00fc hepsinin Kundalini&#8217;si var.<\/div><\/div>\n\t<hr \/>\n<h3>1.\u00a0<a href=\"https:\/\/shrimataji.org\/tr\/zirve\/#citation-ref-1\">^<\/a><a name=\"citation-note-1\"><\/a> Shri Mataji Nirmala Devi, Meta Modern \u00c7a\u011f &#8216;Meta Modern Era&#8217; Pune: Vishwa Nirmala Dharma, 1995.<\/h3>\n\n","protected":false},"excerpt":{"rendered":"<p>Zirve Al\u00e7akg\u00f6n\u00fcll\u00fc bir sayg\u0131 Shri Mataji k\u00fc\u00e7\u00fck ya\u015flardan beri nihai amac\u0131n\u0131n insanl\u0131\u011f\u0131n ruhsal evrimine katk\u0131da bulunmak oldu\u011funu biliyordu. Ancak Shri Mataji, 47 ya\u015f\u0131na gelip iki k\u0131z\u0131 evlenene kadar hayat\u0131n\u0131 belirleyen bu i\u015fine ba\u015flamad\u0131. D\u00f6n\u00fcm noktas\u0131 Hindistan&#8217;\u0131n Gujarat eyaletindeki k\u00fc\u00e7\u00fck bir k\u00f6y olan Nargol&#8217;de geldi. 5 May\u0131s 1970&#8217;te, derin bir meditasyon d\u00f6neminin ard\u0131ndan Shri Mataji, sonraki&hellip; <br \/> <a class=\"read-more\" href=\"https:\/\/shrimataji.org\/test\/tr\/zirve\/\">Read more<\/a><\/p>\n","protected":false},"author":12,"featured_media":119,"parent":0,"menu_order":0,"comment_status":"closed","ping_status":"closed","template":"","meta":{"inline_featured_image":false,"footnotes":""},"class_list":["post-10221","page","type-page","status-publish","has-post-thumbnail","hentry"],"yoast_head":"<!-- This site is optimized with the Yoast SEO plugin v27.4 - https:\/\/yoast.com\/product\/yoast-seo-wordpress\/ -->\n<title>Zirve - TEST - SMND<\/title>\n<meta name=\"robots\" content=\"noindex, follow, max-snippet:-1, max-image-preview:large, max-video-preview:-1\" \/>\n<meta property=\"og:locale\" content=\"en_US\" \/>\n<meta property=\"og:type\" content=\"article\" \/>\n<meta property=\"og:title\" content=\"Zirve - TEST - SMND\" \/>\n<meta property=\"og:description\" content=\"Zirve Al\u00e7akg\u00f6n\u00fcll\u00fc bir sayg\u0131 Shri Mataji k\u00fc\u00e7\u00fck ya\u015flardan beri nihai amac\u0131n\u0131n insanl\u0131\u011f\u0131n ruhsal evrimine katk\u0131da bulunmak oldu\u011funu biliyordu. Ancak Shri Mataji, 47 ya\u015f\u0131na gelip iki k\u0131z\u0131 evlenene kadar hayat\u0131n\u0131 belirleyen bu i\u015fine ba\u015flamad\u0131. D\u00f6n\u00fcm noktas\u0131 Hindistan&#8217;\u0131n Gujarat eyaletindeki k\u00fc\u00e7\u00fck bir k\u00f6y olan Nargol&#8217;de geldi. 5 May\u0131s 1970&#8217;te, derin bir meditasyon d\u00f6neminin ard\u0131ndan Shri Mataji, sonraki&hellip; Read more\" \/>\n<meta property=\"og:url\" content=\"https:\/\/shrimataji.org\/test\/tr\/zirve\/\" \/>\n<meta property=\"og:site_name\" content=\"TEST - SMND\" \/>\n<meta property=\"article:publisher\" content=\"https:\/\/www.facebook.com\/shrimataji\" \/>\n<meta property=\"article:modified_time\" content=\"2024-07-12T00:02:30+00:00\" \/>\n<meta property=\"og:image\" content=\"https:\/\/shrimataji.org\/test\/wp-content\/uploads\/2018\/07\/media_originals\/images\/headers-general\/shri-mataji-nirmala-devi-austria.jpg\" \/>\n\t<meta property=\"og:image:width\" content=\"990\" \/>\n\t<meta property=\"og:image:height\" content=\"350\" \/>\n\t<meta property=\"og:image:type\" content=\"image\/jpeg\" \/>\n<meta name=\"twitter:card\" content=\"summary_large_image\" \/>\n<meta name=\"twitter:site\" content=\"@shrimataji\" \/>\n<meta name=\"twitter:label1\" content=\"Est. reading time\" \/>\n\t<meta name=\"twitter:data1\" content=\"4 minutes\" \/>\n<script type=\"application\/ld+json\" class=\"yoast-schema-graph\">{\"@context\":\"https:\\\/\\\/schema.org\",\"@graph\":[{\"@type\":\"WebPage\",\"@id\":\"https:\\\/\\\/shrimataji.org\\\/test\\\/tr\\\/zirve\\\/\",\"url\":\"https:\\\/\\\/shrimataji.org\\\/test\\\/tr\\\/zirve\\\/\",\"name\":\"Zirve - TEST - SMND\",\"isPartOf\":{\"@id\":\"https:\\\/\\\/shrimataji.org\\\/test\\\/#website\"},\"primaryImageOfPage\":{\"@id\":\"https:\\\/\\\/shrimataji.org\\\/test\\\/tr\\\/zirve\\\/#primaryimage\"},\"image\":{\"@id\":\"https:\\\/\\\/shrimataji.org\\\/test\\\/tr\\\/zirve\\\/#primaryimage\"},\"thumbnailUrl\":\"https:\\\/\\\/shrimataji.org\\\/test\\\/wp-content\\\/uploads\\\/2018\\\/07\\\/media_originals\\\/images\\\/headers-general\\\/shri-mataji-nirmala-devi-austria.jpg\",\"datePublished\":\"2018-07-10T06:54:50+00:00\",\"dateModified\":\"2024-07-12T00:02:30+00:00\",\"breadcrumb\":{\"@id\":\"https:\\\/\\\/shrimataji.org\\\/test\\\/tr\\\/zirve\\\/#breadcrumb\"},\"inLanguage\":\"en-US\",\"potentialAction\":[{\"@type\":\"ReadAction\",\"target\":[\"https:\\\/\\\/shrimataji.org\\\/test\\\/tr\\\/zirve\\\/\"]}]},{\"@type\":\"ImageObject\",\"inLanguage\":\"en-US\",\"@id\":\"https:\\\/\\\/shrimataji.org\\\/test\\\/tr\\\/zirve\\\/#primaryimage\",\"url\":\"https:\\\/\\\/shrimataji.org\\\/test\\\/wp-content\\\/uploads\\\/2018\\\/07\\\/media_originals\\\/images\\\/headers-general\\\/shri-mataji-nirmala-devi-austria.jpg\",\"contentUrl\":\"https:\\\/\\\/shrimataji.org\\\/test\\\/wp-content\\\/uploads\\\/2018\\\/07\\\/media_originals\\\/images\\\/headers-general\\\/shri-mataji-nirmala-devi-austria.jpg\",\"width\":990,\"height\":350},{\"@type\":\"BreadcrumbList\",\"@id\":\"https:\\\/\\\/shrimataji.org\\\/test\\\/tr\\\/zirve\\\/#breadcrumb\",\"itemListElement\":[{\"@type\":\"ListItem\",\"position\":1,\"name\":\"Home\",\"item\":\"https:\\\/\\\/shrimataji.org\\\/test\\\/uk\\\/home-en\\\/\"},{\"@type\":\"ListItem\",\"position\":2,\"name\":\"Zirve\"}]},{\"@type\":\"WebSite\",\"@id\":\"https:\\\/\\\/shrimataji.org\\\/test\\\/#website\",\"url\":\"https:\\\/\\\/shrimataji.org\\\/test\\\/\",\"name\":\"Shri Mataji Nirmala Devi\",\"description\":\"A Life Dedicated to Humanity\",\"publisher\":{\"@id\":\"https:\\\/\\\/shrimataji.org\\\/test\\\/#\\\/schema\\\/person\\\/a1b3419c6585f164aa96da1ff85715d1\"},\"potentialAction\":[{\"@type\":\"SearchAction\",\"target\":{\"@type\":\"EntryPoint\",\"urlTemplate\":\"https:\\\/\\\/shrimataji.org\\\/test\\\/?s={search_term_string}\"},\"query-input\":{\"@type\":\"PropertyValueSpecification\",\"valueRequired\":true,\"valueName\":\"search_term_string\"}}],\"inLanguage\":\"en-US\"},{\"@type\":[\"Person\",\"Organization\"],\"@id\":\"https:\\\/\\\/shrimataji.org\\\/test\\\/#\\\/schema\\\/person\\\/a1b3419c6585f164aa96da1ff85715d1\",\"name\":\"Nirmala Shrivastava\",\"image\":{\"@type\":\"ImageObject\",\"inLanguage\":\"en-US\",\"@id\":\"https:\\\/\\\/shrimataji.org\\\/test\\\/wp-content\\\/uploads\\\/2023\\\/02\\\/SMO_LOGO-03.svg\",\"url\":\"https:\\\/\\\/shrimataji.org\\\/test\\\/wp-content\\\/uploads\\\/2023\\\/02\\\/SMO_LOGO-03.svg\",\"contentUrl\":\"https:\\\/\\\/shrimataji.org\\\/test\\\/wp-content\\\/uploads\\\/2023\\\/02\\\/SMO_LOGO-03.svg\",\"width\":\"1024\",\"height\":\"1024\",\"caption\":\"Nirmala Shrivastava\"},\"logo\":{\"@id\":\"https:\\\/\\\/shrimataji.org\\\/test\\\/wp-content\\\/uploads\\\/2023\\\/02\\\/SMO_LOGO-03.svg\"},\"sameAs\":[\"https:\\\/\\\/shrimataji.org\\\/test\",\"https:\\\/\\\/www.facebook.com\\\/shrimataji\",\"https:\\\/\\\/x.com\\\/shrimataji\",\"https:\\\/\\\/www.youtube.com\\\/@Shri_Mataji_Nirmala_Devi\\\/featured\"]}]}<\/script>\n<!-- \/ Yoast SEO plugin. -->","yoast_head_json":{"title":"Zirve - TEST - SMND","robots":{"index":"noindex","follow":"follow","max-snippet":"max-snippet:-1","max-image-preview":"max-image-preview:large","max-video-preview":"max-video-preview:-1"},"og_locale":"en_US","og_type":"article","og_title":"Zirve - TEST - SMND","og_description":"Zirve Al\u00e7akg\u00f6n\u00fcll\u00fc bir sayg\u0131 Shri Mataji k\u00fc\u00e7\u00fck ya\u015flardan beri nihai amac\u0131n\u0131n insanl\u0131\u011f\u0131n ruhsal evrimine katk\u0131da bulunmak oldu\u011funu biliyordu. Ancak Shri Mataji, 47 ya\u015f\u0131na gelip iki k\u0131z\u0131 evlenene kadar hayat\u0131n\u0131 belirleyen bu i\u015fine ba\u015flamad\u0131. D\u00f6n\u00fcm noktas\u0131 Hindistan&#8217;\u0131n Gujarat eyaletindeki k\u00fc\u00e7\u00fck bir k\u00f6y olan Nargol&#8217;de geldi. 5 May\u0131s 1970&#8217;te, derin bir meditasyon d\u00f6neminin ard\u0131ndan Shri Mataji, sonraki&hellip; Read more","og_url":"https:\/\/shrimataji.org\/test\/tr\/zirve\/","og_site_name":"TEST - SMND","article_publisher":"https:\/\/www.facebook.com\/shrimataji","article_modified_time":"2024-07-12T00:02:30+00:00","og_image":[{"width":990,"height":350,"url":"https:\/\/shrimataji.org\/test\/wp-content\/uploads\/2018\/07\/media_originals\/images\/headers-general\/shri-mataji-nirmala-devi-austria.jpg","type":"image\/jpeg"}],"twitter_card":"summary_large_image","twitter_site":"@shrimataji","twitter_misc":{"Est. reading time":"4 minutes"},"schema":{"@context":"https:\/\/schema.org","@graph":[{"@type":"WebPage","@id":"https:\/\/shrimataji.org\/test\/tr\/zirve\/","url":"https:\/\/shrimataji.org\/test\/tr\/zirve\/","name":"Zirve - TEST - SMND","isPartOf":{"@id":"https:\/\/shrimataji.org\/test\/#website"},"primaryImageOfPage":{"@id":"https:\/\/shrimataji.org\/test\/tr\/zirve\/#primaryimage"},"image":{"@id":"https:\/\/shrimataji.org\/test\/tr\/zirve\/#primaryimage"},"thumbnailUrl":"https:\/\/shrimataji.org\/test\/wp-content\/uploads\/2018\/07\/media_originals\/images\/headers-general\/shri-mataji-nirmala-devi-austria.jpg","datePublished":"2018-07-10T06:54:50+00:00","dateModified":"2024-07-12T00:02:30+00:00","breadcrumb":{"@id":"https:\/\/shrimataji.org\/test\/tr\/zirve\/#breadcrumb"},"inLanguage":"en-US","potentialAction":[{"@type":"ReadAction","target":["https:\/\/shrimataji.org\/test\/tr\/zirve\/"]}]},{"@type":"ImageObject","inLanguage":"en-US","@id":"https:\/\/shrimataji.org\/test\/tr\/zirve\/#primaryimage","url":"https:\/\/shrimataji.org\/test\/wp-content\/uploads\/2018\/07\/media_originals\/images\/headers-general\/shri-mataji-nirmala-devi-austria.jpg","contentUrl":"https:\/\/shrimataji.org\/test\/wp-content\/uploads\/2018\/07\/media_originals\/images\/headers-general\/shri-mataji-nirmala-devi-austria.jpg","width":990,"height":350},{"@type":"BreadcrumbList","@id":"https:\/\/shrimataji.org\/test\/tr\/zirve\/#breadcrumb","itemListElement":[{"@type":"ListItem","position":1,"name":"Home","item":"https:\/\/shrimataji.org\/test\/uk\/home-en\/"},{"@type":"ListItem","position":2,"name":"Zirve"}]},{"@type":"WebSite","@id":"https:\/\/shrimataji.org\/test\/#website","url":"https:\/\/shrimataji.org\/test\/","name":"Shri Mataji Nirmala Devi","description":"A Life Dedicated to Humanity","publisher":{"@id":"https:\/\/shrimataji.org\/test\/#\/schema\/person\/a1b3419c6585f164aa96da1ff85715d1"},"potentialAction":[{"@type":"SearchAction","target":{"@type":"EntryPoint","urlTemplate":"https:\/\/shrimataji.org\/test\/?s={search_term_string}"},"query-input":{"@type":"PropertyValueSpecification","valueRequired":true,"valueName":"search_term_string"}}],"inLanguage":"en-US"},{"@type":["Person","Organization"],"@id":"https:\/\/shrimataji.org\/test\/#\/schema\/person\/a1b3419c6585f164aa96da1ff85715d1","name":"Nirmala Shrivastava","image":{"@type":"ImageObject","inLanguage":"en-US","@id":"https:\/\/shrimataji.org\/test\/wp-content\/uploads\/2023\/02\/SMO_LOGO-03.svg","url":"https:\/\/shrimataji.org\/test\/wp-content\/uploads\/2023\/02\/SMO_LOGO-03.svg","contentUrl":"https:\/\/shrimataji.org\/test\/wp-content\/uploads\/2023\/02\/SMO_LOGO-03.svg","width":"1024","height":"1024","caption":"Nirmala Shrivastava"},"logo":{"@id":"https:\/\/shrimataji.org\/test\/wp-content\/uploads\/2023\/02\/SMO_LOGO-03.svg"},"sameAs":["https:\/\/shrimataji.org\/test","https:\/\/www.facebook.com\/shrimataji","https:\/\/x.com\/shrimataji","https:\/\/www.youtube.com\/@Shri_Mataji_Nirmala_Devi\/featured"]}]}},"lang":"tr","translations":{"tr":10221,"ur":37519,"en":446,"am":18094,"th":20087,"hu":19585,"ar":16990,"sq":18495,"zh":17392,"pt":10429,"de":10703,"fr":10801,"it":10899,"es":10996,"ja":11294,"ru":11482,"bn":11673,"te":11781,"sw":11904,"he":12052,"el":12344,"sk":12442,"fa":12540,"fi":12638,"bg":13449,"ro":14523,"cs":14716,"nl":16654,"ku":16814,"be":18702,"kn":18976,"mr":20451,"uk":20744,"ml":21039,"ta":22813,"sv":23082,"gu":28917,"pa":29077,"fil":29531,"da":37827,"pl":38037,"nn":38379},"pll_sync_post":[],"_links":{"self":[{"href":"https:\/\/shrimataji.org\/test\/wp-json\/wp\/v2\/pages\/10221","targetHints":{"allow":["GET"]}}],"collection":[{"href":"https:\/\/shrimataji.org\/test\/wp-json\/wp\/v2\/pages"}],"about":[{"href":"https:\/\/shrimataji.org\/test\/wp-json\/wp\/v2\/types\/page"}],"author":[{"embeddable":true,"href":"https:\/\/shrimataji.org\/test\/wp-json\/wp\/v2\/users\/12"}],"replies":[{"embeddable":true,"href":"https:\/\/shrimataji.org\/test\/wp-json\/wp\/v2\/comments?post=10221"}],"version-history":[{"count":0,"href":"https:\/\/shrimataji.org\/test\/wp-json\/wp\/v2\/pages\/10221\/revisions"}],"wp:featuredmedia":[{"embeddable":true,"href":"https:\/\/shrimataji.org\/test\/wp-json\/wp\/v2\/media\/119"}],"wp:attachment":[{"href":"https:\/\/shrimataji.org\/test\/wp-json\/wp\/v2\/media?parent=10221"}],"curies":[{"name":"wp","href":"https:\/\/api.w.org\/{rel}","templated":true}]}}