{"id":10222,"date":"2012-10-02T13:00:00","date_gmt":"2012-10-02T13:00:00","guid":{"rendered":"http:\/\/testwordpress.nirmalnagari.org\/smnd\/index.php\/the-dignity-of-art\/"},"modified":"2024-07-12T00:02:26","modified_gmt":"2024-07-12T00:02:26","slug":"sanatin-asaleti","status":"publish","type":"page","link":"https:\/\/shrimataji.org\/test\/tr\/sanatin-asaleti\/","title":{"rendered":"Sanat\u0131n Asaleti"},"content":{"rendered":"\n\n\t<h1>Sanat\u0131n Asaleti<\/h1>\n<h2>1961 y\u0131l\u0131nda Hindistan&#8217;da da\u011f\u0131t\u0131lan bir anda\u00e7tan al\u0131nt\u0131<\/h2>\n\t<p>Sanat\u00e7\u0131lar halk\u0131n bak\u0131\u015f\u0131n\u0131, kendi be\u011fenilerinin standartlar\u0131na y\u00fckseltmek zorundalar ve onlar halk\u0131n ucuz taleplerine tenezz\u00fcl g\u00f6stermemeliler, bu onlar\u0131n \u00f6zg\u00fcrl\u00fcklerinden vazge\u00e7meleri demektir.<\/p>\n<p>Bu da, ayd\u0131nlanm\u0131\u015f sanat\u00e7\u0131lar\u0131n sosyal ve e\u011fitsel kurumlarla ili\u015fkide olmalar\u0131 ile yap\u0131labilir. Gazete ve dergiler yolu ile, bu gibi sanat\u00e7\u0131lar\u0131n fikirleri yay\u0131nlanabilir. Tiyatro oyunlar\u0131, filmler ve radyo konu\u015fmalar\u0131 sayesinde insanlar ger\u00e7ek sanat\u0131 anlayacak \u015fekilde e\u011fitilebilirler. B\u00f6ylece, sanat\u0131n onuru korunabilir.<\/p>\n<p>Bu topluluklar vas\u0131tas\u0131yla \u00e7ok say\u0131da insanla ili\u015fkide olunarak, sanat\u00e7\u0131n\u0131n sosyal benli\u011fi daha gayretli ve daha duyarl\u0131 bir varl\u0131k haline gelecek \u015fekilde geli\u015fecektir. Onlar, ulus i\u00e7indeki en ufak huzursuzlu\u011fa, toplumdaki en ufak dengesizli\u011fe kar\u015f\u0131 reaksiyon g\u00f6sterecektir.<\/p>\n<p>Sanat\u00e7\u0131 sokakta bir c\u00fczzaml\u0131 g\u00f6rd\u00fc\u011f\u00fc zaman, kalbi \u00f6ylesi bir sempati ile dolacakt\u0131r ki, sanat\u0131 ile bir atmosfer yaratarak, sosyal g\u00f6revlileri, doktorlar\u0131, bilim adamlar\u0131n\u0131 ve devlet kademelerinde g\u00f6revli insanlar\u0131, c\u00fczzam sorunlar\u0131na bir \u00e7\u00f6z\u00fcm bulmak \u00fczere d\u00fc\u015f\u00fcnmeye zorlayacakt\u0131r.<\/p>\n<p>Bir sanat\u00e7\u0131, e\u011fer \u00fclkesi insanlar\u0131n\u0131n vatansever olmad\u0131klar\u0131n\u0131, korkak\u00e7a davrand\u0131klar\u0131n\u0131 d\u00fc\u015f\u00fcn\u00fcrse, ki b\u00f6yle d\u00fc\u015f\u00fcnebilir, di\u011ferleri ile birlikte, sanat\u00e7\u0131 bu insanlar\u0131n zihninde (vatanseverlik i\u00e7in) derin bir sayg\u0131 uyand\u0131rabilir. Sanat\u00e7\u0131n\u0131n, b\u00f6ylesi bir motivasyon g\u00fcc\u00fc vard\u0131r.<\/p>\n<p>Onlar yarat\u0131l\u0131\u015f\u0131n en sevimli \u00e7i\u00e7ekleridirler. Onlar Yaradan&#8217;\u0131n en tatl\u0131 h\u00fclyalar\u0131d\u0131r ve insan toplumunun en de\u011ferli k\u0131sm\u0131d\u0131rlar. Belki de, izleyicileri taraf\u0131ndan nas\u0131l da sevildiklerini, nas\u0131l kendilerine tap\u0131ld\u0131\u011f\u0131n\u0131 ve takip edildiklerini bilmiyorlar.<\/p>\n\n","protected":false},"excerpt":{"rendered":"<p>Sanat\u0131n Asaleti 1961 y\u0131l\u0131nda Hindistan&#8217;da da\u011f\u0131t\u0131lan bir anda\u00e7tan al\u0131nt\u0131 Sanat\u00e7\u0131lar halk\u0131n bak\u0131\u015f\u0131n\u0131, kendi be\u011fenilerinin standartlar\u0131na y\u00fckseltmek zorundalar ve onlar halk\u0131n ucuz taleplerine tenezz\u00fcl g\u00f6stermemeliler, bu onlar\u0131n \u00f6zg\u00fcrl\u00fcklerinden vazge\u00e7meleri demektir. Bu da, ayd\u0131nlanm\u0131\u015f sanat\u00e7\u0131lar\u0131n sosyal ve e\u011fitsel kurumlarla ili\u015fkide olmalar\u0131 ile yap\u0131labilir. Gazete ve dergiler yolu ile, bu gibi sanat\u00e7\u0131lar\u0131n fikirleri yay\u0131nlanabilir. Tiyatro oyunlar\u0131, filmler ve&hellip; <br \/> <a class=\"read-more\" href=\"https:\/\/shrimataji.org\/test\/tr\/sanatin-asaleti\/\">Read more<\/a><\/p>\n","protected":false},"author":12,"featured_media":131,"parent":0,"menu_order":0,"comment_status":"closed","ping_status":"closed","template":"","meta":{"inline_featured_image":false,"footnotes":""},"class_list":["post-10222","page","type-page","status-publish","has-post-thumbnail","hentry"],"yoast_head":"<!-- This site is optimized with the Yoast SEO plugin v27.4 - https:\/\/yoast.com\/product\/yoast-seo-wordpress\/ -->\n<title>Sanat\u0131n Asaleti - TEST - SMND<\/title>\n<meta name=\"robots\" content=\"noindex, follow, max-snippet:-1, max-image-preview:large, max-video-preview:-1\" \/>\n<meta property=\"og:locale\" content=\"en_US\" \/>\n<meta property=\"og:type\" content=\"article\" \/>\n<meta property=\"og:title\" content=\"Sanat\u0131n Asaleti - TEST - SMND\" \/>\n<meta property=\"og:description\" content=\"Sanat\u0131n Asaleti 1961 y\u0131l\u0131nda Hindistan&#8217;da da\u011f\u0131t\u0131lan bir anda\u00e7tan al\u0131nt\u0131 Sanat\u00e7\u0131lar halk\u0131n bak\u0131\u015f\u0131n\u0131, kendi be\u011fenilerinin standartlar\u0131na y\u00fckseltmek zorundalar ve onlar halk\u0131n ucuz taleplerine tenezz\u00fcl g\u00f6stermemeliler, bu onlar\u0131n \u00f6zg\u00fcrl\u00fcklerinden vazge\u00e7meleri demektir. Bu da, ayd\u0131nlanm\u0131\u015f sanat\u00e7\u0131lar\u0131n sosyal ve e\u011fitsel kurumlarla ili\u015fkide olmalar\u0131 ile yap\u0131labilir. Gazete ve dergiler yolu ile, bu gibi sanat\u00e7\u0131lar\u0131n fikirleri yay\u0131nlanabilir. Tiyatro oyunlar\u0131, filmler ve&hellip; Read more\" \/>\n<meta property=\"og:url\" content=\"https:\/\/shrimataji.org\/test\/tr\/sanatin-asaleti\/\" \/>\n<meta property=\"og:site_name\" content=\"TEST - SMND\" \/>\n<meta property=\"article:publisher\" content=\"https:\/\/www.facebook.com\/shrimataji\" \/>\n<meta property=\"article:modified_time\" content=\"2024-07-12T00:02:26+00:00\" \/>\n<meta property=\"og:image\" content=\"https:\/\/shrimataji.org\/test\/wp-content\/uploads\/2018\/07\/media_originals\/images\/headers-general\/queen-mayas-dream-by-graham-brown.jpg\" \/>\n\t<meta property=\"og:image:width\" content=\"990\" \/>\n\t<meta property=\"og:image:height\" content=\"350\" \/>\n\t<meta property=\"og:image:type\" content=\"image\/jpeg\" \/>\n<meta name=\"twitter:card\" content=\"summary_large_image\" \/>\n<meta name=\"twitter:site\" content=\"@shrimataji\" \/>\n<script type=\"application\/ld+json\" class=\"yoast-schema-graph\">{\"@context\":\"https:\\\/\\\/schema.org\",\"@graph\":[{\"@type\":\"WebPage\",\"@id\":\"https:\\\/\\\/shrimataji.org\\\/test\\\/tr\\\/sanatin-asaleti\\\/\",\"url\":\"https:\\\/\\\/shrimataji.org\\\/test\\\/tr\\\/sanatin-asaleti\\\/\",\"name\":\"Sanat\u0131n Asaleti - TEST - SMND\",\"isPartOf\":{\"@id\":\"https:\\\/\\\/shrimataji.org\\\/test\\\/#website\"},\"primaryImageOfPage\":{\"@id\":\"https:\\\/\\\/shrimataji.org\\\/test\\\/tr\\\/sanatin-asaleti\\\/#primaryimage\"},\"image\":{\"@id\":\"https:\\\/\\\/shrimataji.org\\\/test\\\/tr\\\/sanatin-asaleti\\\/#primaryimage\"},\"thumbnailUrl\":\"https:\\\/\\\/shrimataji.org\\\/test\\\/wp-content\\\/uploads\\\/2018\\\/07\\\/media_originals\\\/images\\\/headers-general\\\/queen-mayas-dream-by-graham-brown.jpg\",\"datePublished\":\"2012-10-02T13:00:00+00:00\",\"dateModified\":\"2024-07-12T00:02:26+00:00\",\"breadcrumb\":{\"@id\":\"https:\\\/\\\/shrimataji.org\\\/test\\\/tr\\\/sanatin-asaleti\\\/#breadcrumb\"},\"inLanguage\":\"en-US\",\"potentialAction\":[{\"@type\":\"ReadAction\",\"target\":[\"https:\\\/\\\/shrimataji.org\\\/test\\\/tr\\\/sanatin-asaleti\\\/\"]}]},{\"@type\":\"ImageObject\",\"inLanguage\":\"en-US\",\"@id\":\"https:\\\/\\\/shrimataji.org\\\/test\\\/tr\\\/sanatin-asaleti\\\/#primaryimage\",\"url\":\"https:\\\/\\\/shrimataji.org\\\/test\\\/wp-content\\\/uploads\\\/2018\\\/07\\\/media_originals\\\/images\\\/headers-general\\\/queen-mayas-dream-by-graham-brown.jpg\",\"contentUrl\":\"https:\\\/\\\/shrimataji.org\\\/test\\\/wp-content\\\/uploads\\\/2018\\\/07\\\/media_originals\\\/images\\\/headers-general\\\/queen-mayas-dream-by-graham-brown.jpg\",\"width\":990,\"height\":350},{\"@type\":\"BreadcrumbList\",\"@id\":\"https:\\\/\\\/shrimataji.org\\\/test\\\/tr\\\/sanatin-asaleti\\\/#breadcrumb\",\"itemListElement\":[{\"@type\":\"ListItem\",\"position\":1,\"name\":\"Home\",\"item\":\"https:\\\/\\\/shrimataji.org\\\/test\\\/uk\\\/home-en\\\/\"},{\"@type\":\"ListItem\",\"position\":2,\"name\":\"Sanat\u0131n Asaleti\"}]},{\"@type\":\"WebSite\",\"@id\":\"https:\\\/\\\/shrimataji.org\\\/test\\\/#website\",\"url\":\"https:\\\/\\\/shrimataji.org\\\/test\\\/\",\"name\":\"Shri Mataji Nirmala Devi\",\"description\":\"A Life Dedicated to Humanity\",\"publisher\":{\"@id\":\"https:\\\/\\\/shrimataji.org\\\/test\\\/#\\\/schema\\\/person\\\/a1b3419c6585f164aa96da1ff85715d1\"},\"potentialAction\":[{\"@type\":\"SearchAction\",\"target\":{\"@type\":\"EntryPoint\",\"urlTemplate\":\"https:\\\/\\\/shrimataji.org\\\/test\\\/?s={search_term_string}\"},\"query-input\":{\"@type\":\"PropertyValueSpecification\",\"valueRequired\":true,\"valueName\":\"search_term_string\"}}],\"inLanguage\":\"en-US\"},{\"@type\":[\"Person\",\"Organization\"],\"@id\":\"https:\\\/\\\/shrimataji.org\\\/test\\\/#\\\/schema\\\/person\\\/a1b3419c6585f164aa96da1ff85715d1\",\"name\":\"Nirmala Shrivastava\",\"image\":{\"@type\":\"ImageObject\",\"inLanguage\":\"en-US\",\"@id\":\"https:\\\/\\\/shrimataji.org\\\/test\\\/wp-content\\\/uploads\\\/2023\\\/02\\\/SMO_LOGO-03.svg\",\"url\":\"https:\\\/\\\/shrimataji.org\\\/test\\\/wp-content\\\/uploads\\\/2023\\\/02\\\/SMO_LOGO-03.svg\",\"contentUrl\":\"https:\\\/\\\/shrimataji.org\\\/test\\\/wp-content\\\/uploads\\\/2023\\\/02\\\/SMO_LOGO-03.svg\",\"width\":\"1024\",\"height\":\"1024\",\"caption\":\"Nirmala Shrivastava\"},\"logo\":{\"@id\":\"https:\\\/\\\/shrimataji.org\\\/test\\\/wp-content\\\/uploads\\\/2023\\\/02\\\/SMO_LOGO-03.svg\"},\"sameAs\":[\"https:\\\/\\\/shrimataji.org\\\/test\",\"https:\\\/\\\/www.facebook.com\\\/shrimataji\",\"https:\\\/\\\/x.com\\\/shrimataji\",\"https:\\\/\\\/www.youtube.com\\\/@Shri_Mataji_Nirmala_Devi\\\/featured\"]}]}<\/script>\n<!-- \/ Yoast SEO plugin. -->","yoast_head_json":{"title":"Sanat\u0131n Asaleti - TEST - SMND","robots":{"index":"noindex","follow":"follow","max-snippet":"max-snippet:-1","max-image-preview":"max-image-preview:large","max-video-preview":"max-video-preview:-1"},"og_locale":"en_US","og_type":"article","og_title":"Sanat\u0131n Asaleti - TEST - SMND","og_description":"Sanat\u0131n Asaleti 1961 y\u0131l\u0131nda Hindistan&#8217;da da\u011f\u0131t\u0131lan bir anda\u00e7tan al\u0131nt\u0131 Sanat\u00e7\u0131lar halk\u0131n bak\u0131\u015f\u0131n\u0131, kendi be\u011fenilerinin standartlar\u0131na y\u00fckseltmek zorundalar ve onlar halk\u0131n ucuz taleplerine tenezz\u00fcl g\u00f6stermemeliler, bu onlar\u0131n \u00f6zg\u00fcrl\u00fcklerinden vazge\u00e7meleri demektir. Bu da, ayd\u0131nlanm\u0131\u015f sanat\u00e7\u0131lar\u0131n sosyal ve e\u011fitsel kurumlarla ili\u015fkide olmalar\u0131 ile yap\u0131labilir. Gazete ve dergiler yolu ile, bu gibi sanat\u00e7\u0131lar\u0131n fikirleri yay\u0131nlanabilir. Tiyatro oyunlar\u0131, filmler ve&hellip; Read more","og_url":"https:\/\/shrimataji.org\/test\/tr\/sanatin-asaleti\/","og_site_name":"TEST - SMND","article_publisher":"https:\/\/www.facebook.com\/shrimataji","article_modified_time":"2024-07-12T00:02:26+00:00","og_image":[{"width":990,"height":350,"url":"https:\/\/shrimataji.org\/test\/wp-content\/uploads\/2018\/07\/media_originals\/images\/headers-general\/queen-mayas-dream-by-graham-brown.jpg","type":"image\/jpeg"}],"twitter_card":"summary_large_image","twitter_site":"@shrimataji","schema":{"@context":"https:\/\/schema.org","@graph":[{"@type":"WebPage","@id":"https:\/\/shrimataji.org\/test\/tr\/sanatin-asaleti\/","url":"https:\/\/shrimataji.org\/test\/tr\/sanatin-asaleti\/","name":"Sanat\u0131n Asaleti - TEST - SMND","isPartOf":{"@id":"https:\/\/shrimataji.org\/test\/#website"},"primaryImageOfPage":{"@id":"https:\/\/shrimataji.org\/test\/tr\/sanatin-asaleti\/#primaryimage"},"image":{"@id":"https:\/\/shrimataji.org\/test\/tr\/sanatin-asaleti\/#primaryimage"},"thumbnailUrl":"https:\/\/shrimataji.org\/test\/wp-content\/uploads\/2018\/07\/media_originals\/images\/headers-general\/queen-mayas-dream-by-graham-brown.jpg","datePublished":"2012-10-02T13:00:00+00:00","dateModified":"2024-07-12T00:02:26+00:00","breadcrumb":{"@id":"https:\/\/shrimataji.org\/test\/tr\/sanatin-asaleti\/#breadcrumb"},"inLanguage":"en-US","potentialAction":[{"@type":"ReadAction","target":["https:\/\/shrimataji.org\/test\/tr\/sanatin-asaleti\/"]}]},{"@type":"ImageObject","inLanguage":"en-US","@id":"https:\/\/shrimataji.org\/test\/tr\/sanatin-asaleti\/#primaryimage","url":"https:\/\/shrimataji.org\/test\/wp-content\/uploads\/2018\/07\/media_originals\/images\/headers-general\/queen-mayas-dream-by-graham-brown.jpg","contentUrl":"https:\/\/shrimataji.org\/test\/wp-content\/uploads\/2018\/07\/media_originals\/images\/headers-general\/queen-mayas-dream-by-graham-brown.jpg","width":990,"height":350},{"@type":"BreadcrumbList","@id":"https:\/\/shrimataji.org\/test\/tr\/sanatin-asaleti\/#breadcrumb","itemListElement":[{"@type":"ListItem","position":1,"name":"Home","item":"https:\/\/shrimataji.org\/test\/uk\/home-en\/"},{"@type":"ListItem","position":2,"name":"Sanat\u0131n Asaleti"}]},{"@type":"WebSite","@id":"https:\/\/shrimataji.org\/test\/#website","url":"https:\/\/shrimataji.org\/test\/","name":"Shri Mataji Nirmala Devi","description":"A Life Dedicated to Humanity","publisher":{"@id":"https:\/\/shrimataji.org\/test\/#\/schema\/person\/a1b3419c6585f164aa96da1ff85715d1"},"potentialAction":[{"@type":"SearchAction","target":{"@type":"EntryPoint","urlTemplate":"https:\/\/shrimataji.org\/test\/?s={search_term_string}"},"query-input":{"@type":"PropertyValueSpecification","valueRequired":true,"valueName":"search_term_string"}}],"inLanguage":"en-US"},{"@type":["Person","Organization"],"@id":"https:\/\/shrimataji.org\/test\/#\/schema\/person\/a1b3419c6585f164aa96da1ff85715d1","name":"Nirmala Shrivastava","image":{"@type":"ImageObject","inLanguage":"en-US","@id":"https:\/\/shrimataji.org\/test\/wp-content\/uploads\/2023\/02\/SMO_LOGO-03.svg","url":"https:\/\/shrimataji.org\/test\/wp-content\/uploads\/2023\/02\/SMO_LOGO-03.svg","contentUrl":"https:\/\/shrimataji.org\/test\/wp-content\/uploads\/2023\/02\/SMO_LOGO-03.svg","width":"1024","height":"1024","caption":"Nirmala Shrivastava"},"logo":{"@id":"https:\/\/shrimataji.org\/test\/wp-content\/uploads\/2023\/02\/SMO_LOGO-03.svg"},"sameAs":["https:\/\/shrimataji.org\/test","https:\/\/www.facebook.com\/shrimataji","https:\/\/x.com\/shrimataji","https:\/\/www.youtube.com\/@Shri_Mataji_Nirmala_Devi\/featured"]}]}},"lang":"tr","translations":{"tr":10222,"ur":37521,"en":431,"am":18096,"th":20090,"hu":19588,"ar":16992,"sq":18497,"zh":17394,"pt":10430,"de":10704,"fr":10802,"it":10900,"es":10997,"ja":11295,"ru":11483,"bn":11674,"te":11782,"sw":11905,"he":12053,"el":12345,"sk":12443,"fa":12541,"fi":12639,"bg":13494,"ro":14569,"cs":14762,"nl":16656,"ku":16816,"be":18704,"kn":18978,"mr":20454,"uk":20747,"ml":21042,"ta":22815,"sv":23084,"gu":28919,"pa":29079,"fil":29533,"da":37829,"pl":38039,"nn":38381},"pll_sync_post":[],"_links":{"self":[{"href":"https:\/\/shrimataji.org\/test\/wp-json\/wp\/v2\/pages\/10222","targetHints":{"allow":["GET"]}}],"collection":[{"href":"https:\/\/shrimataji.org\/test\/wp-json\/wp\/v2\/pages"}],"about":[{"href":"https:\/\/shrimataji.org\/test\/wp-json\/wp\/v2\/types\/page"}],"author":[{"embeddable":true,"href":"https:\/\/shrimataji.org\/test\/wp-json\/wp\/v2\/users\/12"}],"replies":[{"embeddable":true,"href":"https:\/\/shrimataji.org\/test\/wp-json\/wp\/v2\/comments?post=10222"}],"version-history":[{"count":0,"href":"https:\/\/shrimataji.org\/test\/wp-json\/wp\/v2\/pages\/10222\/revisions"}],"wp:featuredmedia":[{"embeddable":true,"href":"https:\/\/shrimataji.org\/test\/wp-json\/wp\/v2\/media\/131"}],"wp:attachment":[{"href":"https:\/\/shrimataji.org\/test\/wp-json\/wp\/v2\/media?parent=10222"}],"curies":[{"name":"wp","href":"https:\/\/api.w.org\/{rel}","templated":true}]}}