{"id":10224,"date":"2018-07-10T06:54:50","date_gmt":"2018-07-10T06:54:50","guid":{"rendered":"http:\/\/testwordpress.nirmalnagari.org\/smnd\/index.php\/the-widening-circle\/"},"modified":"2024-07-12T00:01:58","modified_gmt":"2024-07-12T00:01:58","slug":"genisleyen-cember","status":"publish","type":"page","link":"https:\/\/shrimataji.org\/test\/tr\/genisleyen-cember\/","title":{"rendered":"Geni\u015fleyen \u00c7ember"},"content":{"rendered":"\n\n\t<h1>Geni\u015fleyen \u00c7ember<\/h1>\n<h2>De\u011fi\u015fim R\u00fczgarlar\u0131<\/h2>\n\t<h4>27 May\u0131s 1964&#8217;te Hindistan&#8217;\u0131n ilk ba\u015fbakan\u0131 Jawaharlal Nehru vefat etti\u011finde, Sir C.P. \u0130ngiltere&#8217;de bir denizcilik konferans\u0131na kat\u0131l\u0131yordu. 2 Haziran Sal\u0131 g\u00fcn\u00fc Lal Bahadur Shastri&#8217;nin Kongre Partisi&#8217;nin yeni lideri se\u00e7ildi\u011fi ve yak\u0131nda Hindistan&#8217;\u0131n ikinci ba\u015fbakan\u0131 olaca\u011f\u0131 haberi geldi.<\/h4>\n<p>&nbsp;<\/p>\n\t<p>Sir C.P. \u0130ngiltere&#8217;den Mumbai&#8217;ye d\u00f6nd\u00fc\u011f\u00fcnde, gazeteler Shastri&#8217;nin hastaland\u0131\u011f\u0131n\u0131 yaz\u0131yordu. Shri Mataji, \u0131srarla kocas\u0131n\u0131n Bay Shastri&#8217;ye hizmetlerini sunmas\u0131 i\u00e7in derhal Yeni Delhi&#8217;ye gitmesini istedi. Lal Bahadur Shastri&#8217;nin Sir C.P.&#8217;ye tam g\u00fcveni oldu\u011funu dolay\u0131s\u0131yla ona m\u00fcmk\u00fcn olan her \u015fekilde yard\u0131m etmenin kocas\u0131n\u0131n g\u00f6revi oldu\u011funu g\u00fc\u00e7l\u00fc bir \u015fekilde hissetti.<\/p>\n<p>Birka\u00e7 g\u00fcn sonra Yeni Delhi&#8217;de bir toplant\u0131ya kat\u0131l\u0131rken Sir C.P. iyile\u015fmekte olan Bay Shastri&#8217;yi ziyaret edebildi.<\/p>\n<p>Bu beklenmedik toplant\u0131 s\u0131ras\u0131nda Lal Bahadur Shastri, Shri Mataji&#8217;nin e\u015finden, kendisiyle birlikte Hindistan ulusunun hizmetinde \u00e7al\u0131\u015fmak \u00fczere Ba\u015fbakanl\u0131k Ofisi Sekreteri olmas\u0131n\u0131 talep etti.<\/p>\n\t\t\t\t<img loading=\"lazy\" decoding=\"async\" src=\"https:\/\/shrimataji.org\/test\/wp-content\/uploads\/2024\/06\/shri-mataji-introducing-guests-to-lal-bahadur-shastri-in-mumbai.jpg\" alt=\"Shri Mataji konuklar\u0131n\u0131 Mumbai&#039;de Lal Bahadur Shastri ile tan\u0131\u015ft\u0131r\u0131yor\" height=\"452\" width=\"674\" title=\"shri-mataji-introducing-guests-to-lal-bahadur-shastri-in-mumbai\" \/>\n\t\tShri Mataji konuklar\u0131n\u0131 Mumbai&#8217;de Lal Bahadur Shastri ile tan\u0131\u015ft\u0131r\u0131yor\n\t<p>Lal Bahadur Shastri, A Life of Truth in Politics (Politikada D\u00fcr\u00fcstl\u00fc\u011f\u00fcn Ya\u015fam\u0131) adl\u0131 biyografisinde, Sir C.P. \u015f\u00f6yle an\u0131msar: &#8220;E\u015fimle beraber Ba\u015fbakan Shastri&#8217;yi ziyaret etti\u011fimizde, Shastri onunla s\u0131k s\u0131k azizler, bilgeler, din ve ruhaniyet hakk\u0131nda, yani onun derin bilgi sahibi oldu\u011fu alanlar hakk\u0131nda konu\u015furdu, hatta Nirmala&#8217;y\u0131 Hindistan Kongre Partisi&#8217;ne kat\u0131lmaya te\u015fvik etti. Ancak Nirmala siyasete de\u011fil maneviyata daha yatk\u0131nd\u0131.&#8221;\u00a0 <\/p>\n<p>Y\u0131llar boyunca kocas\u0131 devlet i\u015fleriyle me\u015fgulken, Shri Mataji olduk\u00e7a sessiz bir sosyal hizmet g\u00f6revlisiydi. Maharashtra eyaletinde Chandrapur yak\u0131nlar\u0131nda bir sanatoryum i\u00e7in para toplad\u0131. &#8216;K\u00f6rlerin Dostlar\u0131&#8217; adl\u0131 bir derne\u011fin ba\u015fkan\u0131 oldu. Meerut&#8217;ta engelliler i\u00e7in bir s\u0131\u011f\u0131nma evi kurdu ve b\u00fcy\u00fck bir c\u00fczaml\u0131 evinin kurulmas\u0131na yard\u0131m etti.<\/p>\n\t<p>Ekim 1969&#8217;da Shri Mataji&#8217;nin b\u00fcy\u00fck k\u0131z\u0131 Kalpana, Mumbai&#8217;de Prabhat Shrivastav ile evlendi.<\/p>\n\t\t\t\t<img loading=\"lazy\" decoding=\"async\" src=\"https:\/\/shrimataji.org\/test\/wp-content\/uploads\/2024\/06\/shri-mataji-with-daughter-kalpana-upon-her-marriage-1.jpg\" alt=\"Shri Mataji ile k\u0131z\u0131 Kalpana, k\u0131z\u0131n\u0131n evlilik t\u00f6reninde\" height=\"1440\" width=\"1085\" title=\"shri-mataji-with-daughter-kalpana-upon-her-marriage\" \/>\n\t\tShri Mataji ile k\u0131z\u0131 Kalpana, k\u0131z\u0131n\u0131n evlilik t\u00f6reninde\n\t\t\t\t<img loading=\"lazy\" decoding=\"async\" src=\"https:\/\/shrimataji.org\/test\/wp-content\/uploads\/2024\/06\/shri-mataji-with-sir-cp-and-prabhat-at-daughter-kalpanas-wedding.jpg\" alt=\"Shri Mataji, Sir C.P. ve damad\u0131 Prabhat ile k\u0131z\u0131 Kalpana&#039;n\u0131n d\u00fc\u011f\u00fcn\u00fcnde\" height=\"817\" width=\"1105\" title=\"shri-mataji-with-sir-cp-and-prabhat-at-daughter-kalpanas-wedding\" \/>\n\t\tShri Mataji, Sir C.P. ve damad\u0131 Prabhat ile k\u0131z\u0131 Kalpana&#8217;n\u0131n d\u00fc\u011f\u00fcn\u00fcnde\n\t<p>1970 y\u0131l\u0131 Ekim ay\u0131 ba\u015flar\u0131nda Shri Mataji&#8217;nin annesi ciddi bir \u015fekilde hastaland\u0131. Annesini g\u00f6rmek i\u00e7in yurt d\u0131\u015f\u0131 gezisinden d\u00f6nd\u00fc ve \u015fa\u015f\u0131rt\u0131c\u0131 bir \u015fekilde onu ne\u015feli bir ruh hali i\u00e7inde buldu. Annesi ona babas\u0131n\u0131n kendisinden bekledi\u011fi \u015feyi bulup bulmad\u0131\u011f\u0131n\u0131 sordu. Bunun \u00fczerine Shri Mataji ona kitlesel ayd\u0131nlanman\u0131n y\u00f6ntemini buldu\u011funu a\u00e7\u0131klad\u0131. 11 Ekim 1970 Pazar g\u00fcn\u00fc annesi, Cornelia Karuna Salve, Nagpur&#8217;da vefat etti.<\/p>\n<p>Bundan k\u0131sa bir s\u00fcre sonra Shri Mataji, Hindistan Havayollar\u0131&#8217;n\u0131n Paris&#8217;e ilk u\u00e7u\u015funa davet edildi ve ard\u0131ndan ayn\u0131 havayolu taraf\u0131ndan g\u00f6revlendirilen k\u00fc\u00e7\u00fck karde\u015fi H.P. Salve&#8217;yi ziyaret etmek i\u00e7in Tahran&#8217;a gitti. <a href=\"#citation-ref-1\">[1]<\/a><\/p>\n<p>Onunla vakit ge\u00e7irdik\u00e7e H.P. ablas\u0131nda bir \u015feylerin de\u011fi\u015fti\u011fini giderek fark etmeye ba\u015flad\u0131. Asl\u0131nda o zamana dek Hindistan&#8217;da Shri Mataji&#8217;yi bir \u00f6\u011fretmen ve guru olarak ilgiyle takip eden yakla\u015f\u0131k 12 ki\u015fi vard\u0131.<\/p>\n<p>Shri Mataji, 5 May\u0131s 1970 Sal\u0131 g\u00fcn\u00fc ger\u00e7ekten \u00e7ok g\u00fc\u00e7l\u00fc bir d\u00f6n\u00fc\u015f\u00fcm ya\u015fad\u0131\u011f\u0131n\u0131 karde\u015fine a\u00e7\u0131klad\u0131ktan sonra, onun ruhani e\u011filime sahip birka\u00e7 arkada\u015f\u0131na ayd\u0131nlanma verme arzusunu dile getirdi. \u015eiraz&#8217;a yapt\u0131klar\u0131 geziden Tahran&#8217;a d\u00f6nd\u00fcklerinde H.P. Salve birka\u00e7 arkada\u015f\u0131n\u0131 arad\u0131 ve Shri Mataji ile ak\u015fam yeme\u011fi ve sonras\u0131 i\u00e7in de ruhani bir toplant\u0131 daveti ayarlad\u0131. Ertesi g\u00fcn, aralar\u0131nda bas\u0131n mensuplar\u0131n\u0131n da bulundu\u011fu yakla\u015f\u0131k 20 arkada\u015f, yemek ve en \u00f6nemlisi ruhani uyan\u0131\u015flar\u0131 i\u00e7in geldiler.<\/p>\n<p>H.P. Salve o g\u00fcn\u00fc \u015f\u00f6yle anlat\u0131r: &#8220;Dr. Divan adl\u0131 bir beyefendi, ayd\u0131nlanmas\u0131n\u0131 ald\u0131ktan sonra ba\u015f\u0131n\u0131n tepesinden sandal a\u011fac\u0131 kokusu yay\u0131yor gibiydi. Shri Mataji&#8217;nin bu kadar uzakta oturarak b\u00f6yle bir kokuyu birinin bedenine nas\u0131l aktarabildi\u011fine olduk\u00e7a \u015fa\u015f\u0131rm\u0131\u015ft\u0131m. Bu arada, akut artrit hastas\u0131 oldu\u011fu i\u00e7in koltuk de\u011fnekleriyle gelen Parsi bir bayan, ayd\u0131nlanmas\u0131n\u0131 ald\u0131ktan sonra ayr\u0131l\u0131rken koltuk de\u011fnekleri olmadan gitti ve ertesi g\u00fcn arabas\u0131n\u0131 s\u00fcrerken g\u00f6r\u00fcld\u00fc.&#8221;<\/p>\n<p>Ertesi g\u00fcn Tahran&#8217;daki \u00f6nde gelen \u0130ngiliz gazeteleri olay\u0131 haber olarak yay\u0131nlad\u0131lar ve bu olanlar\u0131n tan\u0131klar\u0131 oldu\u011funu s\u00f6ylediler, bunun ard\u0131ndan bir\u00e7ok insan Shri Mataji&#8217;yi g\u00f6rmek i\u00e7in ak\u0131n etti. Erkek karde\u015finin ifadesiyle, &#8220;Pop\u00fclerli\u011fi o kadar fazlayd\u0131 ki, Tahran&#8217;a ilk geldi\u011finde Onu k\u0131z karde\u015fim olarak tan\u0131t\u0131yordum ama gitti\u011finde art\u0131k ben Onun erkek karde\u015fi olarak tan\u0131t\u0131l\u0131yordum.&#8221; \u00c7ok ge\u00e7meden H.P. Salve&#8217;ye, &#8220;Anne&#8217;nin erkek karde\u015fi&#8221; anlam\u0131nda sevecen bir terim olan Babamama olarak hitap edilmeye ba\u015fland\u0131.<\/p>\n\t<h5>&#8220;Deneyimleyebilece\u011fimiz en g\u00fczel \u015fey gizemdir. Bu, t\u00fcm ger\u00e7ek sanat\u0131n ve bilimin kayna\u011f\u0131d\u0131r.&#8221;<\/h5>\n<h5>Albert Einstein<\/h5>\n\t<hr \/>\n<h3>1. <a href=\"#citation-ref-1\">^ <\/a><a name=\"citation-note-1\"><\/a>H. P. Salve, An\u0131lar\u0131m &#8216;My Memoirs&#8217; Yeni Delhi: Life Eternal Trust, 2000.<\/h3>\n\n","protected":false},"excerpt":{"rendered":"<p>Geni\u015fleyen \u00c7ember De\u011fi\u015fim R\u00fczgarlar\u0131 27 May\u0131s 1964&#8217;te Hindistan&#8217;\u0131n ilk ba\u015fbakan\u0131 Jawaharlal Nehru vefat etti\u011finde, Sir C.P. \u0130ngiltere&#8217;de bir denizcilik konferans\u0131na kat\u0131l\u0131yordu. 2 Haziran Sal\u0131 g\u00fcn\u00fc Lal Bahadur Shastri&#8217;nin Kongre Partisi&#8217;nin yeni lideri se\u00e7ildi\u011fi ve yak\u0131nda Hindistan&#8217;\u0131n ikinci ba\u015fbakan\u0131 olaca\u011f\u0131 haberi geldi. &nbsp; Sir C.P. \u0130ngiltere&#8217;den Mumbai&#8217;ye d\u00f6nd\u00fc\u011f\u00fcnde, gazeteler Shastri&#8217;nin hastaland\u0131\u011f\u0131n\u0131 yaz\u0131yordu. Shri Mataji, \u0131srarla kocas\u0131n\u0131n&hellip; <br \/> <a class=\"read-more\" href=\"https:\/\/shrimataji.org\/test\/tr\/genisleyen-cember\/\">Read more<\/a><\/p>\n","protected":false},"author":12,"featured_media":9515,"parent":0,"menu_order":0,"comment_status":"closed","ping_status":"closed","template":"","meta":{"inline_featured_image":false,"footnotes":""},"class_list":["post-10224","page","type-page","status-publish","has-post-thumbnail","hentry"],"yoast_head":"<!-- This site is optimized with the Yoast SEO plugin v27.4 - https:\/\/yoast.com\/product\/yoast-seo-wordpress\/ -->\n<title>Geni\u015fleyen \u00c7ember - TEST - SMND<\/title>\n<meta name=\"robots\" content=\"noindex, follow, max-snippet:-1, max-image-preview:large, max-video-preview:-1\" \/>\n<meta property=\"og:locale\" content=\"en_US\" \/>\n<meta property=\"og:type\" content=\"article\" \/>\n<meta property=\"og:title\" content=\"Geni\u015fleyen \u00c7ember - TEST - SMND\" \/>\n<meta property=\"og:description\" content=\"Geni\u015fleyen \u00c7ember De\u011fi\u015fim R\u00fczgarlar\u0131 27 May\u0131s 1964&#8217;te Hindistan&#8217;\u0131n ilk ba\u015fbakan\u0131 Jawaharlal Nehru vefat etti\u011finde, Sir C.P. \u0130ngiltere&#8217;de bir denizcilik konferans\u0131na kat\u0131l\u0131yordu. 2 Haziran Sal\u0131 g\u00fcn\u00fc Lal Bahadur Shastri&#8217;nin Kongre Partisi&#8217;nin yeni lideri se\u00e7ildi\u011fi ve yak\u0131nda Hindistan&#8217;\u0131n ikinci ba\u015fbakan\u0131 olaca\u011f\u0131 haberi geldi. &nbsp; Sir C.P. \u0130ngiltere&#8217;den Mumbai&#8217;ye d\u00f6nd\u00fc\u011f\u00fcnde, gazeteler Shastri&#8217;nin hastaland\u0131\u011f\u0131n\u0131 yaz\u0131yordu. Shri Mataji, \u0131srarla kocas\u0131n\u0131n&hellip; Read more\" \/>\n<meta property=\"og:url\" content=\"https:\/\/shrimataji.org\/test\/tr\/genisleyen-cember\/\" \/>\n<meta property=\"og:site_name\" content=\"TEST - SMND\" \/>\n<meta property=\"article:publisher\" content=\"https:\/\/www.facebook.com\/shrimataji\" \/>\n<meta property=\"article:modified_time\" content=\"2024-07-12T00:01:58+00:00\" \/>\n<meta property=\"og:image\" content=\"https:\/\/shrimataji.org\/test\/wp-content\/uploads\/2023\/03\/10_Banner-PublicLife-WideningCircle_2-scaled.jpg\" \/>\n\t<meta property=\"og:image:width\" content=\"2560\" \/>\n\t<meta property=\"og:image:height\" content=\"905\" \/>\n\t<meta property=\"og:image:type\" content=\"image\/jpeg\" \/>\n<meta name=\"twitter:card\" content=\"summary_large_image\" \/>\n<meta name=\"twitter:site\" content=\"@shrimataji\" \/>\n<script type=\"application\/ld+json\" class=\"yoast-schema-graph\">{\"@context\":\"https:\\\/\\\/schema.org\",\"@graph\":[{\"@type\":\"WebPage\",\"@id\":\"https:\\\/\\\/shrimataji.org\\\/test\\\/tr\\\/genisleyen-cember\\\/\",\"url\":\"https:\\\/\\\/shrimataji.org\\\/test\\\/tr\\\/genisleyen-cember\\\/\",\"name\":\"Geni\u015fleyen \u00c7ember - TEST - SMND\",\"isPartOf\":{\"@id\":\"https:\\\/\\\/shrimataji.org\\\/test\\\/#website\"},\"primaryImageOfPage\":{\"@id\":\"https:\\\/\\\/shrimataji.org\\\/test\\\/tr\\\/genisleyen-cember\\\/#primaryimage\"},\"image\":{\"@id\":\"https:\\\/\\\/shrimataji.org\\\/test\\\/tr\\\/genisleyen-cember\\\/#primaryimage\"},\"thumbnailUrl\":\"https:\\\/\\\/shrimataji.org\\\/test\\\/wp-content\\\/uploads\\\/2023\\\/03\\\/10_Banner-PublicLife-WideningCircle_2-scaled.jpg\",\"datePublished\":\"2018-07-10T06:54:50+00:00\",\"dateModified\":\"2024-07-12T00:01:58+00:00\",\"breadcrumb\":{\"@id\":\"https:\\\/\\\/shrimataji.org\\\/test\\\/tr\\\/genisleyen-cember\\\/#breadcrumb\"},\"inLanguage\":\"en-US\",\"potentialAction\":[{\"@type\":\"ReadAction\",\"target\":[\"https:\\\/\\\/shrimataji.org\\\/test\\\/tr\\\/genisleyen-cember\\\/\"]}]},{\"@type\":\"ImageObject\",\"inLanguage\":\"en-US\",\"@id\":\"https:\\\/\\\/shrimataji.org\\\/test\\\/tr\\\/genisleyen-cember\\\/#primaryimage\",\"url\":\"https:\\\/\\\/shrimataji.org\\\/test\\\/wp-content\\\/uploads\\\/2023\\\/03\\\/10_Banner-PublicLife-WideningCircle_2-scaled.jpg\",\"contentUrl\":\"https:\\\/\\\/shrimataji.org\\\/test\\\/wp-content\\\/uploads\\\/2023\\\/03\\\/10_Banner-PublicLife-WideningCircle_2-scaled.jpg\",\"width\":2560,\"height\":905},{\"@type\":\"BreadcrumbList\",\"@id\":\"https:\\\/\\\/shrimataji.org\\\/test\\\/tr\\\/genisleyen-cember\\\/#breadcrumb\",\"itemListElement\":[{\"@type\":\"ListItem\",\"position\":1,\"name\":\"Home\",\"item\":\"https:\\\/\\\/shrimataji.org\\\/test\\\/uk\\\/home-en\\\/\"},{\"@type\":\"ListItem\",\"position\":2,\"name\":\"Geni\u015fleyen \u00c7ember\"}]},{\"@type\":\"WebSite\",\"@id\":\"https:\\\/\\\/shrimataji.org\\\/test\\\/#website\",\"url\":\"https:\\\/\\\/shrimataji.org\\\/test\\\/\",\"name\":\"Shri Mataji Nirmala Devi\",\"description\":\"A Life Dedicated to Humanity\",\"publisher\":{\"@id\":\"https:\\\/\\\/shrimataji.org\\\/test\\\/#\\\/schema\\\/person\\\/a1b3419c6585f164aa96da1ff85715d1\"},\"potentialAction\":[{\"@type\":\"SearchAction\",\"target\":{\"@type\":\"EntryPoint\",\"urlTemplate\":\"https:\\\/\\\/shrimataji.org\\\/test\\\/?s={search_term_string}\"},\"query-input\":{\"@type\":\"PropertyValueSpecification\",\"valueRequired\":true,\"valueName\":\"search_term_string\"}}],\"inLanguage\":\"en-US\"},{\"@type\":[\"Person\",\"Organization\"],\"@id\":\"https:\\\/\\\/shrimataji.org\\\/test\\\/#\\\/schema\\\/person\\\/a1b3419c6585f164aa96da1ff85715d1\",\"name\":\"Nirmala Shrivastava\",\"image\":{\"@type\":\"ImageObject\",\"inLanguage\":\"en-US\",\"@id\":\"https:\\\/\\\/shrimataji.org\\\/test\\\/wp-content\\\/uploads\\\/2023\\\/02\\\/SMO_LOGO-03.svg\",\"url\":\"https:\\\/\\\/shrimataji.org\\\/test\\\/wp-content\\\/uploads\\\/2023\\\/02\\\/SMO_LOGO-03.svg\",\"contentUrl\":\"https:\\\/\\\/shrimataji.org\\\/test\\\/wp-content\\\/uploads\\\/2023\\\/02\\\/SMO_LOGO-03.svg\",\"width\":\"1024\",\"height\":\"1024\",\"caption\":\"Nirmala Shrivastava\"},\"logo\":{\"@id\":\"https:\\\/\\\/shrimataji.org\\\/test\\\/wp-content\\\/uploads\\\/2023\\\/02\\\/SMO_LOGO-03.svg\"},\"sameAs\":[\"https:\\\/\\\/shrimataji.org\\\/test\",\"https:\\\/\\\/www.facebook.com\\\/shrimataji\",\"https:\\\/\\\/x.com\\\/shrimataji\",\"https:\\\/\\\/www.youtube.com\\\/@Shri_Mataji_Nirmala_Devi\\\/featured\"]}]}<\/script>\n<!-- \/ Yoast SEO plugin. -->","yoast_head_json":{"title":"Geni\u015fleyen \u00c7ember - TEST - SMND","robots":{"index":"noindex","follow":"follow","max-snippet":"max-snippet:-1","max-image-preview":"max-image-preview:large","max-video-preview":"max-video-preview:-1"},"og_locale":"en_US","og_type":"article","og_title":"Geni\u015fleyen \u00c7ember - TEST - SMND","og_description":"Geni\u015fleyen \u00c7ember De\u011fi\u015fim R\u00fczgarlar\u0131 27 May\u0131s 1964&#8217;te Hindistan&#8217;\u0131n ilk ba\u015fbakan\u0131 Jawaharlal Nehru vefat etti\u011finde, Sir C.P. \u0130ngiltere&#8217;de bir denizcilik konferans\u0131na kat\u0131l\u0131yordu. 2 Haziran Sal\u0131 g\u00fcn\u00fc Lal Bahadur Shastri&#8217;nin Kongre Partisi&#8217;nin yeni lideri se\u00e7ildi\u011fi ve yak\u0131nda Hindistan&#8217;\u0131n ikinci ba\u015fbakan\u0131 olaca\u011f\u0131 haberi geldi. &nbsp; Sir C.P. \u0130ngiltere&#8217;den Mumbai&#8217;ye d\u00f6nd\u00fc\u011f\u00fcnde, gazeteler Shastri&#8217;nin hastaland\u0131\u011f\u0131n\u0131 yaz\u0131yordu. Shri Mataji, \u0131srarla kocas\u0131n\u0131n&hellip; Read more","og_url":"https:\/\/shrimataji.org\/test\/tr\/genisleyen-cember\/","og_site_name":"TEST - SMND","article_publisher":"https:\/\/www.facebook.com\/shrimataji","article_modified_time":"2024-07-12T00:01:58+00:00","og_image":[{"width":2560,"height":905,"url":"https:\/\/shrimataji.org\/test\/wp-content\/uploads\/2023\/03\/10_Banner-PublicLife-WideningCircle_2-scaled.jpg","type":"image\/jpeg"}],"twitter_card":"summary_large_image","twitter_site":"@shrimataji","schema":{"@context":"https:\/\/schema.org","@graph":[{"@type":"WebPage","@id":"https:\/\/shrimataji.org\/test\/tr\/genisleyen-cember\/","url":"https:\/\/shrimataji.org\/test\/tr\/genisleyen-cember\/","name":"Geni\u015fleyen \u00c7ember - TEST - SMND","isPartOf":{"@id":"https:\/\/shrimataji.org\/test\/#website"},"primaryImageOfPage":{"@id":"https:\/\/shrimataji.org\/test\/tr\/genisleyen-cember\/#primaryimage"},"image":{"@id":"https:\/\/shrimataji.org\/test\/tr\/genisleyen-cember\/#primaryimage"},"thumbnailUrl":"https:\/\/shrimataji.org\/test\/wp-content\/uploads\/2023\/03\/10_Banner-PublicLife-WideningCircle_2-scaled.jpg","datePublished":"2018-07-10T06:54:50+00:00","dateModified":"2024-07-12T00:01:58+00:00","breadcrumb":{"@id":"https:\/\/shrimataji.org\/test\/tr\/genisleyen-cember\/#breadcrumb"},"inLanguage":"en-US","potentialAction":[{"@type":"ReadAction","target":["https:\/\/shrimataji.org\/test\/tr\/genisleyen-cember\/"]}]},{"@type":"ImageObject","inLanguage":"en-US","@id":"https:\/\/shrimataji.org\/test\/tr\/genisleyen-cember\/#primaryimage","url":"https:\/\/shrimataji.org\/test\/wp-content\/uploads\/2023\/03\/10_Banner-PublicLife-WideningCircle_2-scaled.jpg","contentUrl":"https:\/\/shrimataji.org\/test\/wp-content\/uploads\/2023\/03\/10_Banner-PublicLife-WideningCircle_2-scaled.jpg","width":2560,"height":905},{"@type":"BreadcrumbList","@id":"https:\/\/shrimataji.org\/test\/tr\/genisleyen-cember\/#breadcrumb","itemListElement":[{"@type":"ListItem","position":1,"name":"Home","item":"https:\/\/shrimataji.org\/test\/uk\/home-en\/"},{"@type":"ListItem","position":2,"name":"Geni\u015fleyen \u00c7ember"}]},{"@type":"WebSite","@id":"https:\/\/shrimataji.org\/test\/#website","url":"https:\/\/shrimataji.org\/test\/","name":"Shri Mataji Nirmala Devi","description":"A Life Dedicated to Humanity","publisher":{"@id":"https:\/\/shrimataji.org\/test\/#\/schema\/person\/a1b3419c6585f164aa96da1ff85715d1"},"potentialAction":[{"@type":"SearchAction","target":{"@type":"EntryPoint","urlTemplate":"https:\/\/shrimataji.org\/test\/?s={search_term_string}"},"query-input":{"@type":"PropertyValueSpecification","valueRequired":true,"valueName":"search_term_string"}}],"inLanguage":"en-US"},{"@type":["Person","Organization"],"@id":"https:\/\/shrimataji.org\/test\/#\/schema\/person\/a1b3419c6585f164aa96da1ff85715d1","name":"Nirmala Shrivastava","image":{"@type":"ImageObject","inLanguage":"en-US","@id":"https:\/\/shrimataji.org\/test\/wp-content\/uploads\/2023\/02\/SMO_LOGO-03.svg","url":"https:\/\/shrimataji.org\/test\/wp-content\/uploads\/2023\/02\/SMO_LOGO-03.svg","contentUrl":"https:\/\/shrimataji.org\/test\/wp-content\/uploads\/2023\/02\/SMO_LOGO-03.svg","width":"1024","height":"1024","caption":"Nirmala Shrivastava"},"logo":{"@id":"https:\/\/shrimataji.org\/test\/wp-content\/uploads\/2023\/02\/SMO_LOGO-03.svg"},"sameAs":["https:\/\/shrimataji.org\/test","https:\/\/www.facebook.com\/shrimataji","https:\/\/x.com\/shrimataji","https:\/\/www.youtube.com\/@Shri_Mataji_Nirmala_Devi\/featured"]}]}},"lang":"tr","translations":{"tr":10224,"ur":37524,"en":37234,"hu":19593,"am":18099,"th":20095,"ar":16995,"sq":18500,"zh":17397,"hi":8269,"pt":10432,"de":10706,"fr":10804,"it":10902,"es":10999,"ja":11297,"ru":11485,"bn":11676,"te":11784,"sw":11907,"he":12055,"el":12347,"sk":12445,"fa":12543,"fi":12641,"bg":13447,"ro":14521,"cs":14714,"nl":16659,"ku":16819,"be":18707,"kn":18981,"mr":20459,"uk":20752,"ml":21047,"ta":22818,"sv":23087,"gu":28922,"pa":29082,"fil":29536,"da":37831,"pl":38041,"nn":38383},"pll_sync_post":[],"_links":{"self":[{"href":"https:\/\/shrimataji.org\/test\/wp-json\/wp\/v2\/pages\/10224","targetHints":{"allow":["GET"]}}],"collection":[{"href":"https:\/\/shrimataji.org\/test\/wp-json\/wp\/v2\/pages"}],"about":[{"href":"https:\/\/shrimataji.org\/test\/wp-json\/wp\/v2\/types\/page"}],"author":[{"embeddable":true,"href":"https:\/\/shrimataji.org\/test\/wp-json\/wp\/v2\/users\/12"}],"replies":[{"embeddable":true,"href":"https:\/\/shrimataji.org\/test\/wp-json\/wp\/v2\/comments?post=10224"}],"version-history":[{"count":0,"href":"https:\/\/shrimataji.org\/test\/wp-json\/wp\/v2\/pages\/10224\/revisions"}],"wp:featuredmedia":[{"embeddable":true,"href":"https:\/\/shrimataji.org\/test\/wp-json\/wp\/v2\/media\/9515"}],"wp:attachment":[{"href":"https:\/\/shrimataji.org\/test\/wp-json\/wp\/v2\/media?parent=10224"}],"curies":[{"name":"wp","href":"https:\/\/api.w.org\/{rel}","templated":true}]}}