{"id":10225,"date":"2018-07-10T06:54:54","date_gmt":"2018-07-10T06:54:54","guid":{"rendered":"http:\/\/testwordpress.nirmalnagari.org\/smnd\/index.php\/thoughtless-awareness\/"},"modified":"2024-07-12T00:01:57","modified_gmt":"2024-07-12T00:01:57","slug":"dusuncesiz-farkindalik","status":"publish","type":"page","link":"https:\/\/shrimataji.org\/test\/tr\/dusuncesiz-farkindalik\/","title":{"rendered":"D\u00fc\u015f\u00fcncesiz Fark\u0131ndal\u0131k"},"content":{"rendered":"\n\n\t<h1>D\u00fc\u015f\u00fcncesiz Fark\u0131ndal\u0131k<\/h1>\n<h2>27 Mart 1994, 5 Temmuz 1998 tarihlerinde yap\u0131lan konu\u015fmalardan ve 1994 y\u0131l\u0131nda d\u00fczenlenen bir Uluslararas\u0131 Seminer s\u0131ras\u0131nda verilen tavsiyelerden yap\u0131lan al\u0131nt\u0131lard\u0131r.<\/h2>\n\t<p>Fark\u0131ndas\u0131n\u0131z ama d\u00fc\u015f\u00fcncesiz konumdas\u0131n\u0131z. Buras\u0131 sizin \u015fu an\u0131n i\u00e7inde bulundu\u011funuz ve huzurlu oldu\u011funuz yerdir. Ruhani olarak b\u00fcy\u00fcd\u00fc\u011f\u00fcn\u00fcz konum budur.<\/p>\n\t<p>D\u00fc\u015f\u00fcncesiz fark\u0131ndal\u0131k, ula\u015fman\u0131z gereken ilk g\u00fczel konumdur. Kendi i\u00e7inizde b\u00fcy\u00fcrken, bu size huzur verecektir, ba\u015fka insanlar\u0131n farkl\u0131l\u0131klar\u0131ndan, hayat oyunundan zevk almak i\u00e7in \u015fahit konumu verecektir.<\/p>\n<p>Ho\u015f bir \u015fekilde yarat\u0131lm\u0131\u015f olan her ne varsa, siz onun tad\u0131n\u0131 \u00e7\u0131kar\u0131rs\u0131n\u0131z. Bunu d\u00fc\u015f\u00fcnmezsiniz. Reaksiyon g\u00f6stermezsiniz. Reaksiyon, ortada olan ne\u015fedir. Ne kadar da g\u00fczeldir. Onu kimin yapt\u0131\u011f\u0131n\u0131, ne kadara mal olaca\u011f\u0131n\u0131 d\u00fc\u015f\u00fcnmezsiniz &#8211; hi\u00e7bir \u015fey d\u00fc\u015f\u00fcnmezsiniz. D\u00fc\u015f\u00fcncesiz hale gelirsiniz. Ve d\u00fc\u015f\u00fcncesiz fark\u0131ndal\u0131k, bu \u015fekilde akan bir ne\u015fe hissiyat\u0131ndan ba\u015fka bir \u015fey de\u011fildir &#8211; ne\u015fe, ne mutluluk ne de mutsuzluktur, o tek ba\u015f\u0131na oradad\u0131r.<\/p>\n<p>Bunu kelimelerle tarif edemezsiniz, ama ger\u00e7ek \u015fekilde, kendiniz olman\u0131n ne\u015fesini i\u00e7inizde hissedebilirsiniz. D\u00fc\u015f\u00fcncesiz hale geldi\u011finizde, ger\u00e7e\u011fi g\u00f6rebilir ve hissedebilirsiniz.<\/p>\n\t<p><img loading=\"lazy\" decoding=\"async\" src=\"https:\/\/shrimataji.org\/test\/wp-content\/uploads\/2018\/07\/media_originals\/images\/flowers\/rose-flower-yellow-by-vera-subkus-201x300.jpg\" alt=\"\" width=\"201\" height=\"300\" \/><\/p>\n\n","protected":false},"excerpt":{"rendered":"<p>D\u00fc\u015f\u00fcncesiz Fark\u0131ndal\u0131k 27 Mart 1994, 5 Temmuz 1998 tarihlerinde yap\u0131lan konu\u015fmalardan ve 1994 y\u0131l\u0131nda d\u00fczenlenen bir Uluslararas\u0131 Seminer s\u0131ras\u0131nda verilen tavsiyelerden yap\u0131lan al\u0131nt\u0131lard\u0131r. Fark\u0131ndas\u0131n\u0131z ama d\u00fc\u015f\u00fcncesiz konumdas\u0131n\u0131z. Buras\u0131 sizin \u015fu an\u0131n i\u00e7inde bulundu\u011funuz ve huzurlu oldu\u011funuz yerdir. Ruhani olarak b\u00fcy\u00fcd\u00fc\u011f\u00fcn\u00fcz konum budur. D\u00fc\u015f\u00fcncesiz fark\u0131ndal\u0131k, ula\u015fman\u0131z gereken ilk g\u00fczel konumdur. Kendi i\u00e7inizde b\u00fcy\u00fcrken, bu size huzur&hellip; <br \/> <a class=\"read-more\" href=\"https:\/\/shrimataji.org\/test\/tr\/dusuncesiz-farkindalik\/\">Read more<\/a><\/p>\n","protected":false},"author":12,"featured_media":102,"parent":0,"menu_order":0,"comment_status":"closed","ping_status":"closed","template":"","meta":{"inline_featured_image":false,"footnotes":""},"class_list":["post-10225","page","type-page","status-publish","has-post-thumbnail","hentry"],"yoast_head":"<!-- This site is optimized with the Yoast SEO plugin v27.4 - https:\/\/yoast.com\/product\/yoast-seo-wordpress\/ -->\n<title>D\u00fc\u015f\u00fcncesiz Fark\u0131ndal\u0131k - TEST - SMND<\/title>\n<meta name=\"robots\" content=\"noindex, follow, max-snippet:-1, max-image-preview:large, max-video-preview:-1\" \/>\n<meta property=\"og:locale\" content=\"en_US\" \/>\n<meta property=\"og:type\" content=\"article\" \/>\n<meta property=\"og:title\" content=\"D\u00fc\u015f\u00fcncesiz Fark\u0131ndal\u0131k - TEST - SMND\" \/>\n<meta property=\"og:description\" content=\"D\u00fc\u015f\u00fcncesiz Fark\u0131ndal\u0131k 27 Mart 1994, 5 Temmuz 1998 tarihlerinde yap\u0131lan konu\u015fmalardan ve 1994 y\u0131l\u0131nda d\u00fczenlenen bir Uluslararas\u0131 Seminer s\u0131ras\u0131nda verilen tavsiyelerden yap\u0131lan al\u0131nt\u0131lard\u0131r. Fark\u0131ndas\u0131n\u0131z ama d\u00fc\u015f\u00fcncesiz konumdas\u0131n\u0131z. Buras\u0131 sizin \u015fu an\u0131n i\u00e7inde bulundu\u011funuz ve huzurlu oldu\u011funuz yerdir. Ruhani olarak b\u00fcy\u00fcd\u00fc\u011f\u00fcn\u00fcz konum budur. D\u00fc\u015f\u00fcncesiz fark\u0131ndal\u0131k, ula\u015fman\u0131z gereken ilk g\u00fczel konumdur. Kendi i\u00e7inizde b\u00fcy\u00fcrken, bu size huzur&hellip; Read more\" \/>\n<meta property=\"og:url\" content=\"https:\/\/shrimataji.org\/test\/tr\/dusuncesiz-farkindalik\/\" \/>\n<meta property=\"og:site_name\" content=\"TEST - SMND\" \/>\n<meta property=\"article:publisher\" content=\"https:\/\/www.facebook.com\/shrimataji\" \/>\n<meta property=\"article:modified_time\" content=\"2024-07-12T00:01:57+00:00\" \/>\n<meta property=\"og:image\" content=\"https:\/\/shrimataji.org\/test\/wp-content\/uploads\/2018\/07\/media_originals\/images\/headers-general\/thoughtless-awareness-is-peace-and-joy.jpg\" \/>\n\t<meta property=\"og:image:width\" content=\"990\" \/>\n\t<meta property=\"og:image:height\" content=\"350\" \/>\n\t<meta property=\"og:image:type\" content=\"image\/jpeg\" \/>\n<meta name=\"twitter:card\" content=\"summary_large_image\" \/>\n<meta name=\"twitter:site\" content=\"@shrimataji\" \/>\n<script type=\"application\/ld+json\" class=\"yoast-schema-graph\">{\"@context\":\"https:\\\/\\\/schema.org\",\"@graph\":[{\"@type\":\"WebPage\",\"@id\":\"https:\\\/\\\/shrimataji.org\\\/test\\\/tr\\\/dusuncesiz-farkindalik\\\/\",\"url\":\"https:\\\/\\\/shrimataji.org\\\/test\\\/tr\\\/dusuncesiz-farkindalik\\\/\",\"name\":\"D\u00fc\u015f\u00fcncesiz Fark\u0131ndal\u0131k - TEST - SMND\",\"isPartOf\":{\"@id\":\"https:\\\/\\\/shrimataji.org\\\/test\\\/#website\"},\"primaryImageOfPage\":{\"@id\":\"https:\\\/\\\/shrimataji.org\\\/test\\\/tr\\\/dusuncesiz-farkindalik\\\/#primaryimage\"},\"image\":{\"@id\":\"https:\\\/\\\/shrimataji.org\\\/test\\\/tr\\\/dusuncesiz-farkindalik\\\/#primaryimage\"},\"thumbnailUrl\":\"https:\\\/\\\/shrimataji.org\\\/test\\\/wp-content\\\/uploads\\\/2018\\\/07\\\/media_originals\\\/images\\\/headers-general\\\/thoughtless-awareness-is-peace-and-joy.jpg\",\"datePublished\":\"2018-07-10T06:54:54+00:00\",\"dateModified\":\"2024-07-12T00:01:57+00:00\",\"breadcrumb\":{\"@id\":\"https:\\\/\\\/shrimataji.org\\\/test\\\/tr\\\/dusuncesiz-farkindalik\\\/#breadcrumb\"},\"inLanguage\":\"en-US\",\"potentialAction\":[{\"@type\":\"ReadAction\",\"target\":[\"https:\\\/\\\/shrimataji.org\\\/test\\\/tr\\\/dusuncesiz-farkindalik\\\/\"]}]},{\"@type\":\"ImageObject\",\"inLanguage\":\"en-US\",\"@id\":\"https:\\\/\\\/shrimataji.org\\\/test\\\/tr\\\/dusuncesiz-farkindalik\\\/#primaryimage\",\"url\":\"https:\\\/\\\/shrimataji.org\\\/test\\\/wp-content\\\/uploads\\\/2018\\\/07\\\/media_originals\\\/images\\\/headers-general\\\/thoughtless-awareness-is-peace-and-joy.jpg\",\"contentUrl\":\"https:\\\/\\\/shrimataji.org\\\/test\\\/wp-content\\\/uploads\\\/2018\\\/07\\\/media_originals\\\/images\\\/headers-general\\\/thoughtless-awareness-is-peace-and-joy.jpg\",\"width\":990,\"height\":350},{\"@type\":\"BreadcrumbList\",\"@id\":\"https:\\\/\\\/shrimataji.org\\\/test\\\/tr\\\/dusuncesiz-farkindalik\\\/#breadcrumb\",\"itemListElement\":[{\"@type\":\"ListItem\",\"position\":1,\"name\":\"Home\",\"item\":\"https:\\\/\\\/shrimataji.org\\\/test\\\/uk\\\/home-en\\\/\"},{\"@type\":\"ListItem\",\"position\":2,\"name\":\"D\u00fc\u015f\u00fcncesiz Fark\u0131ndal\u0131k\"}]},{\"@type\":\"WebSite\",\"@id\":\"https:\\\/\\\/shrimataji.org\\\/test\\\/#website\",\"url\":\"https:\\\/\\\/shrimataji.org\\\/test\\\/\",\"name\":\"Shri Mataji Nirmala Devi\",\"description\":\"A Life Dedicated to Humanity\",\"publisher\":{\"@id\":\"https:\\\/\\\/shrimataji.org\\\/test\\\/#\\\/schema\\\/person\\\/a1b3419c6585f164aa96da1ff85715d1\"},\"potentialAction\":[{\"@type\":\"SearchAction\",\"target\":{\"@type\":\"EntryPoint\",\"urlTemplate\":\"https:\\\/\\\/shrimataji.org\\\/test\\\/?s={search_term_string}\"},\"query-input\":{\"@type\":\"PropertyValueSpecification\",\"valueRequired\":true,\"valueName\":\"search_term_string\"}}],\"inLanguage\":\"en-US\"},{\"@type\":[\"Person\",\"Organization\"],\"@id\":\"https:\\\/\\\/shrimataji.org\\\/test\\\/#\\\/schema\\\/person\\\/a1b3419c6585f164aa96da1ff85715d1\",\"name\":\"Nirmala Shrivastava\",\"image\":{\"@type\":\"ImageObject\",\"inLanguage\":\"en-US\",\"@id\":\"https:\\\/\\\/shrimataji.org\\\/test\\\/wp-content\\\/uploads\\\/2023\\\/02\\\/SMO_LOGO-03.svg\",\"url\":\"https:\\\/\\\/shrimataji.org\\\/test\\\/wp-content\\\/uploads\\\/2023\\\/02\\\/SMO_LOGO-03.svg\",\"contentUrl\":\"https:\\\/\\\/shrimataji.org\\\/test\\\/wp-content\\\/uploads\\\/2023\\\/02\\\/SMO_LOGO-03.svg\",\"width\":\"1024\",\"height\":\"1024\",\"caption\":\"Nirmala Shrivastava\"},\"logo\":{\"@id\":\"https:\\\/\\\/shrimataji.org\\\/test\\\/wp-content\\\/uploads\\\/2023\\\/02\\\/SMO_LOGO-03.svg\"},\"sameAs\":[\"https:\\\/\\\/shrimataji.org\\\/test\",\"https:\\\/\\\/www.facebook.com\\\/shrimataji\",\"https:\\\/\\\/x.com\\\/shrimataji\",\"https:\\\/\\\/www.youtube.com\\\/@Shri_Mataji_Nirmala_Devi\\\/featured\"]}]}<\/script>\n<!-- \/ Yoast SEO plugin. -->","yoast_head_json":{"title":"D\u00fc\u015f\u00fcncesiz Fark\u0131ndal\u0131k - TEST - SMND","robots":{"index":"noindex","follow":"follow","max-snippet":"max-snippet:-1","max-image-preview":"max-image-preview:large","max-video-preview":"max-video-preview:-1"},"og_locale":"en_US","og_type":"article","og_title":"D\u00fc\u015f\u00fcncesiz Fark\u0131ndal\u0131k - TEST - SMND","og_description":"D\u00fc\u015f\u00fcncesiz Fark\u0131ndal\u0131k 27 Mart 1994, 5 Temmuz 1998 tarihlerinde yap\u0131lan konu\u015fmalardan ve 1994 y\u0131l\u0131nda d\u00fczenlenen bir Uluslararas\u0131 Seminer s\u0131ras\u0131nda verilen tavsiyelerden yap\u0131lan al\u0131nt\u0131lard\u0131r. Fark\u0131ndas\u0131n\u0131z ama d\u00fc\u015f\u00fcncesiz konumdas\u0131n\u0131z. Buras\u0131 sizin \u015fu an\u0131n i\u00e7inde bulundu\u011funuz ve huzurlu oldu\u011funuz yerdir. Ruhani olarak b\u00fcy\u00fcd\u00fc\u011f\u00fcn\u00fcz konum budur. D\u00fc\u015f\u00fcncesiz fark\u0131ndal\u0131k, ula\u015fman\u0131z gereken ilk g\u00fczel konumdur. Kendi i\u00e7inizde b\u00fcy\u00fcrken, bu size huzur&hellip; Read more","og_url":"https:\/\/shrimataji.org\/test\/tr\/dusuncesiz-farkindalik\/","og_site_name":"TEST - SMND","article_publisher":"https:\/\/www.facebook.com\/shrimataji","article_modified_time":"2024-07-12T00:01:57+00:00","og_image":[{"width":990,"height":350,"url":"https:\/\/shrimataji.org\/test\/wp-content\/uploads\/2018\/07\/media_originals\/images\/headers-general\/thoughtless-awareness-is-peace-and-joy.jpg","type":"image\/jpeg"}],"twitter_card":"summary_large_image","twitter_site":"@shrimataji","schema":{"@context":"https:\/\/schema.org","@graph":[{"@type":"WebPage","@id":"https:\/\/shrimataji.org\/test\/tr\/dusuncesiz-farkindalik\/","url":"https:\/\/shrimataji.org\/test\/tr\/dusuncesiz-farkindalik\/","name":"D\u00fc\u015f\u00fcncesiz Fark\u0131ndal\u0131k - TEST - SMND","isPartOf":{"@id":"https:\/\/shrimataji.org\/test\/#website"},"primaryImageOfPage":{"@id":"https:\/\/shrimataji.org\/test\/tr\/dusuncesiz-farkindalik\/#primaryimage"},"image":{"@id":"https:\/\/shrimataji.org\/test\/tr\/dusuncesiz-farkindalik\/#primaryimage"},"thumbnailUrl":"https:\/\/shrimataji.org\/test\/wp-content\/uploads\/2018\/07\/media_originals\/images\/headers-general\/thoughtless-awareness-is-peace-and-joy.jpg","datePublished":"2018-07-10T06:54:54+00:00","dateModified":"2024-07-12T00:01:57+00:00","breadcrumb":{"@id":"https:\/\/shrimataji.org\/test\/tr\/dusuncesiz-farkindalik\/#breadcrumb"},"inLanguage":"en-US","potentialAction":[{"@type":"ReadAction","target":["https:\/\/shrimataji.org\/test\/tr\/dusuncesiz-farkindalik\/"]}]},{"@type":"ImageObject","inLanguage":"en-US","@id":"https:\/\/shrimataji.org\/test\/tr\/dusuncesiz-farkindalik\/#primaryimage","url":"https:\/\/shrimataji.org\/test\/wp-content\/uploads\/2018\/07\/media_originals\/images\/headers-general\/thoughtless-awareness-is-peace-and-joy.jpg","contentUrl":"https:\/\/shrimataji.org\/test\/wp-content\/uploads\/2018\/07\/media_originals\/images\/headers-general\/thoughtless-awareness-is-peace-and-joy.jpg","width":990,"height":350},{"@type":"BreadcrumbList","@id":"https:\/\/shrimataji.org\/test\/tr\/dusuncesiz-farkindalik\/#breadcrumb","itemListElement":[{"@type":"ListItem","position":1,"name":"Home","item":"https:\/\/shrimataji.org\/test\/uk\/home-en\/"},{"@type":"ListItem","position":2,"name":"D\u00fc\u015f\u00fcncesiz Fark\u0131ndal\u0131k"}]},{"@type":"WebSite","@id":"https:\/\/shrimataji.org\/test\/#website","url":"https:\/\/shrimataji.org\/test\/","name":"Shri Mataji Nirmala Devi","description":"A Life Dedicated to Humanity","publisher":{"@id":"https:\/\/shrimataji.org\/test\/#\/schema\/person\/a1b3419c6585f164aa96da1ff85715d1"},"potentialAction":[{"@type":"SearchAction","target":{"@type":"EntryPoint","urlTemplate":"https:\/\/shrimataji.org\/test\/?s={search_term_string}"},"query-input":{"@type":"PropertyValueSpecification","valueRequired":true,"valueName":"search_term_string"}}],"inLanguage":"en-US"},{"@type":["Person","Organization"],"@id":"https:\/\/shrimataji.org\/test\/#\/schema\/person\/a1b3419c6585f164aa96da1ff85715d1","name":"Nirmala Shrivastava","image":{"@type":"ImageObject","inLanguage":"en-US","@id":"https:\/\/shrimataji.org\/test\/wp-content\/uploads\/2023\/02\/SMO_LOGO-03.svg","url":"https:\/\/shrimataji.org\/test\/wp-content\/uploads\/2023\/02\/SMO_LOGO-03.svg","contentUrl":"https:\/\/shrimataji.org\/test\/wp-content\/uploads\/2023\/02\/SMO_LOGO-03.svg","width":"1024","height":"1024","caption":"Nirmala Shrivastava"},"logo":{"@id":"https:\/\/shrimataji.org\/test\/wp-content\/uploads\/2023\/02\/SMO_LOGO-03.svg"},"sameAs":["https:\/\/shrimataji.org\/test","https:\/\/www.facebook.com\/shrimataji","https:\/\/x.com\/shrimataji","https:\/\/www.youtube.com\/@Shri_Mataji_Nirmala_Devi\/featured"]}]}},"lang":"tr","translations":{"tr":10225,"ur":37526,"en":452,"am":18101,"th":20098,"hu":19596,"ar":16997,"sq":18502,"zh":17399,"pt":10433,"de":10707,"fr":10805,"it":10903,"es":11000,"ja":11298,"ru":11486,"bn":11677,"te":11785,"sw":11908,"he":12056,"el":12348,"sk":12446,"fa":12544,"fi":12642,"bg":13435,"ro":14509,"cs":14702,"nl":16661,"ku":16821,"be":18709,"kn":18983,"mr":20462,"uk":20755,"ml":21050,"ta":22820,"sv":23089,"gu":28924,"pa":29084,"fil":29538,"da":37833,"pl":38043,"nn":38385},"pll_sync_post":[],"_links":{"self":[{"href":"https:\/\/shrimataji.org\/test\/wp-json\/wp\/v2\/pages\/10225","targetHints":{"allow":["GET"]}}],"collection":[{"href":"https:\/\/shrimataji.org\/test\/wp-json\/wp\/v2\/pages"}],"about":[{"href":"https:\/\/shrimataji.org\/test\/wp-json\/wp\/v2\/types\/page"}],"author":[{"embeddable":true,"href":"https:\/\/shrimataji.org\/test\/wp-json\/wp\/v2\/users\/12"}],"replies":[{"embeddable":true,"href":"https:\/\/shrimataji.org\/test\/wp-json\/wp\/v2\/comments?post=10225"}],"version-history":[{"count":0,"href":"https:\/\/shrimataji.org\/test\/wp-json\/wp\/v2\/pages\/10225\/revisions"}],"wp:featuredmedia":[{"embeddable":true,"href":"https:\/\/shrimataji.org\/test\/wp-json\/wp\/v2\/media\/102"}],"wp:attachment":[{"href":"https:\/\/shrimataji.org\/test\/wp-json\/wp\/v2\/media?parent=10225"}],"curies":[{"name":"wp","href":"https:\/\/api.w.org\/{rel}","templated":true}]}}