{"id":10227,"date":"2012-10-02T02:00:00","date_gmt":"2012-10-02T02:00:00","guid":{"rendered":"http:\/\/testwordpress.nirmalnagari.org\/smnd\/index.php\/un-womens-conference\/"},"modified":"2024-07-12T00:01:54","modified_gmt":"2024-07-12T00:01:54","slug":"bm-kadin-konferansi","status":"publish","type":"page","link":"https:\/\/shrimataji.org\/test\/tr\/bm-kadin-konferansi\/","title":{"rendered":"BM Kad\u0131n Konferans\u0131"},"content":{"rendered":"\n\n\t<h1>BM 4. D\u00fcnya Kad\u0131n Konferans\u0131<\/h1>\n<h2>Eyl\u00fcl 1995&#8217;teki Beijing B\u00f6lgeleraras\u0131 Yuvarlak Masa Toplant\u0131s\u0131ndan Al\u0131nt\u0131<\/h2>\n\t\n<p><b>Eyl\u00fcl 1995&#8217;te \u00c7in&#8217;in Beijing&#8217;inde d\u00fczenlenen d\u00f6rd\u00fcnc\u00fc d\u00fcnya konferans\u0131, kad\u0131n ve toplumsal cinsiyet e\u015fitli\u011fi konusunda daha \u00f6nceki \u00fc\u00e7 k\u00fcresel konferansta var\u0131lan siyasi anla\u015fmalar\u0131n doruk noktas\u0131yd\u0131. Toplumsal cinsiyet e\u015fitli\u011fi konusunda temel k\u00fcresel politika belgesi olarak kabul edilen Beijing&#8217;de kad\u0131nlar\u0131n g\u00fc\u00e7lendirilmesi g\u00fcndemini 189 \u00fclke oybirli\u011fiyle kabul etti.<\/b><\/p>\n<p>Shri Mataji bu k\u00fcresel platforma konuk konu\u015fmac\u0131 olarak davet edildi. Kad\u0131nlar\u0131n rol\u00fcne ili\u015fkin g\u00f6r\u00fc\u015flerini her zaman \u00e7ok net bir \u015fekilde ortaya koymu\u015ftu. Bu d\u00fcnyada erkeklerle e\u015fit derecede \u00f6nemli bir role sahipler, ancak cinsiyetleri e\u015fle\u015ftirmeye \u00e7al\u0131\u015fmak yerine cinsiyetler aras\u0131ndaki farkl\u0131l\u0131klardan yararlanmal\u0131d\u0131rlar. \u0130stikrarl\u0131 ve bar\u0131\u015f\u00e7\u0131l bir toplum in\u015fa etmek i\u00e7in kad\u0131n ve erkek aras\u0131nda uygun bir denge hayati \u00f6nem ta\u015f\u0131yordu. \u0130htiya\u00e7 duyulan \u015fey farkl\u0131l\u0131klar\u0131n kabul edilmesi ve birbirlerinin g\u00fc\u00e7l\u00fc y\u00f6nlerine sayg\u0131 duyulmas\u0131yd\u0131. \u0130nsanlara, erkek ve kad\u0131n herkesin, kendi do\u011fas\u0131nda olan &#8220;eril&#8221; ve &#8220;di\u015fil&#8221; y\u00f6nleri aras\u0131nda i\u00e7sel bir denge bulmas\u0131 gerekti\u011fini defalarca hat\u0131rlatt\u0131. Ancak kad\u0131nlar\u0131n ger\u00e7ekten etki yaratabilecekleri yer sosyal d\u00fczeydeydi.<\/p>\n\t<div class=\"su-quote su-quote-style-default\"><div class=\"su-quote-inner su-u-clearfix su-u-trim\">Ger\u00e7ek \u015fu ki kad\u0131nlar her medeniyetin ve her \u00fclkenin potansiyel g\u00fcc\u00fcd\u00fcr. Kad\u0131nlar\u0131n t\u00fcm insanl\u0131\u011f\u0131n yarat\u0131c\u0131s\u0131 ve koruyucusu oldu\u011fu a\u00e7\u0131kt\u0131r. Bu rol, Y\u00fcce Allah&#8217;\u0131n onlara verdi\u011fi, atad\u0131\u011f\u0131 g\u00f6revdir.<\/div><\/div>\n\t<p>Shri Mataji kendisini hi\u00e7bir zaman politik bir aktivist olarak g\u00f6rmedi. Onun vizyonu, hem erkeklerde hem de kad\u0131nlarda ayd\u0131nlanma yoluyla i\u00e7sel bir d\u00f6n\u00fc\u015f\u00fcm sa\u011flamak ve bu sayede do\u011fal bir dengeye ula\u015fmakt\u0131. Bu ki\u015fisel d\u00f6n\u00fc\u015f\u00fcm, erkeklerin egemen oldu\u011fu bir d\u00fcnyada kad\u0131nlar\u0131n kar\u015f\u0131la\u015ft\u0131\u011f\u0131 bir\u00e7ok sorunun \u00e7\u00f6z\u00fcm\u00fcnde anahtard\u0131.<\/p>\n<p>&#8220;Tohumlar kendi ba\u015flar\u0131na hi\u00e7bir \u015fey yaratamazlar. \u00c7i\u00e7ekleri, meyveleri ve di\u011fer nimetleri sa\u011flayan Toprak Ana&#8217;d\u0131r. Ayn\u0131 \u015fekilde \u00e7ocu\u011fu yaratan, bebe\u011fi besleyen ve sonunda yar\u0131n\u0131n vatanda\u015flar\u0131n\u0131 yeti\u015ftiren de kad\u0131nd\u0131r. Bu nedenle kad\u0131nlar, t\u00fcm insanl\u0131\u011f\u0131n yap\u0131s\u0131 olarak Toprak Ana&#8217;n\u0131n yan\u0131nda yer almal\u0131d\u0131r&#8221;.<\/p>\n\t<p>Hem Do\u011fu&#8217;da hem de Bat\u0131&#8217;da ya\u015fam\u0131\u015f ve \u00e7ok seyahat etmi\u015f biri olarak, kad\u0131nlara y\u00f6nelik muameledeki farkl\u0131l\u0131klar\u0131 g\u00f6rd\u00fc ve \u00e7o\u011fu ki\u015finin sahip oldu\u011fu haklardan yoksun oldu\u011funu kabul ederken, onu ciddi \u015fekilde endi\u015felendiren \u015feyin kad\u0131nlara y\u00f6nelik sayg\u0131 eksikli\u011fi oldu\u011funu ifade etti.<\/p>\n\t<div class=\"su-quote su-quote-style-default\"><div class=\"su-quote-inner su-u-clearfix su-u-trim\"> Benim \u00fclkemde bir deyi\u015f vard\u0131r: &#8220;Yatra nari pujyante tatra ramante devta&#8221;, yani &#8220;kad\u0131nlar\u0131n sayg\u0131 g\u00f6rd\u00fc\u011f\u00fc ve sayg\u0131n oldu\u011fu yerde, refah\u0131m\u0131z\u0131n Tanr\u0131lar\u0131 da orada ya\u015far.&#8221; anlam\u0131na gelir. <\/div><\/div>\n\t<p>Hem erkekler hem de kad\u0131nlar kendilerinin ve birbirlerinin de\u011ferlerini anlad\u0131klar\u0131nda, ki kendisi bunun ayd\u0131nlanma yoluyla elde edilebilece\u011fini d\u00fc\u015f\u00fcn\u00fcyordu, o zaman insanl\u0131k aras\u0131nda uyum sa\u011flanacakt\u0131r.<\/p>\n<p>&#8220;O halde Yarat\u0131c\u0131m\u0131z\u0131n bize verdi\u011fi bu b\u00fcy\u00fck g\u00fcc\u00fcn k\u0131ymetini \u015fu anda anlamak bize d\u00fc\u015f\u00fcyor. Peki ne bulaca\u011f\u0131z? Do\u011fuda olsun Bat\u0131da olsun kad\u0131nlar b\u00fcy\u00fckl\u00fcklerini tam olarak ortaya koyamad\u0131lar.&#8221;<\/p>\n<p>Elbette, Shri Mataji kad\u0131nlar\u0131n e\u011fitim, kariyer, g\u00fcvenli bir ya\u015fam ortam\u0131 ve yasal korumaya ili\u015fkin e\u015fit haklar\u0131n\u0131 savundu.<\/p>\n<p>&#8220;\u0130nsan toplumunda kad\u0131n\u0131n tek rol\u00fcn\u00fcn annelik, \u00e7ocuk do\u011furma ve koruma ya da e\u015f ya da k\u0131z karde\u015flik oldu\u011funu kesinlikle ileri s\u00fcrm\u00fcyorum. Kad\u0131nlar hayat\u0131n her alan\u0131na e\u015fit ortaklar olarak kat\u0131lma hakk\u0131na sahiptir: sosyal, k\u00fclt\u00fcrel, politik, ekonomik, idari ve di\u011ferleri &#8230;&#8230;&#8230;&#8230;. Ama e\u011fer anneyseler \u00e7ocuklar\u0131na ve topluma kar\u015f\u0131 b\u00fcy\u00fck sorumluluklar\u0131 vard\u0131r.&#8221; dedi.<\/p>\n<p>Ancak Shri Mataji, cinsiyetler aras\u0131ndaki dengesizli\u011fin ancak kendi i\u00e7imize d\u00f6nd\u00fc\u011f\u00fcm\u00fczde ve ayd\u0131nlanma g\u00fcc\u00fcn\u00fcn bizi y\u00f6nlendirmesine izin verdi\u011fimizde ger\u00e7ekten d\u00fczeltilebilece\u011fini hissetti.<\/p>\n\t<div class=\"su-quote su-quote-style-default\"><div class=\"su-quote-inner su-u-clearfix su-u-trim\">\u0130htiyac\u0131m\u0131z olan \u015fey iki u\u00e7 nokta aras\u0131nda bir denge. Kad\u0131na erkeklerle e\u015fit ama benzer olmayan bir partner olarak ihtiyac\u0131m\u0131z var.<\/div><\/div>\n\t\n\n","protected":false},"excerpt":{"rendered":"<p>BM 4. D\u00fcnya Kad\u0131n Konferans\u0131 Eyl\u00fcl 1995&#8217;teki Beijing B\u00f6lgeleraras\u0131 Yuvarlak Masa Toplant\u0131s\u0131ndan Al\u0131nt\u0131 Eyl\u00fcl 1995&#8217;te \u00c7in&#8217;in Beijing&#8217;inde d\u00fczenlenen d\u00f6rd\u00fcnc\u00fc d\u00fcnya konferans\u0131, kad\u0131n ve toplumsal cinsiyet e\u015fitli\u011fi konusunda daha \u00f6nceki \u00fc\u00e7 k\u00fcresel konferansta var\u0131lan siyasi anla\u015fmalar\u0131n doruk noktas\u0131yd\u0131. Toplumsal cinsiyet e\u015fitli\u011fi konusunda temel k\u00fcresel politika belgesi olarak kabul edilen Beijing&#8217;de kad\u0131nlar\u0131n g\u00fc\u00e7lendirilmesi g\u00fcndemini 189 \u00fclke oybirli\u011fiyle&hellip; <br \/> <a class=\"read-more\" href=\"https:\/\/shrimataji.org\/test\/tr\/bm-kadin-konferansi\/\">Read more<\/a><\/p>\n","protected":false},"author":12,"featured_media":109,"parent":0,"menu_order":0,"comment_status":"closed","ping_status":"closed","template":"","meta":{"inline_featured_image":false,"footnotes":""},"class_list":["post-10227","page","type-page","status-publish","has-post-thumbnail","hentry"],"yoast_head":"<!-- This site is optimized with the Yoast SEO plugin v27.4 - https:\/\/yoast.com\/product\/yoast-seo-wordpress\/ -->\n<title>BM Kad\u0131n Konferans\u0131 - TEST - SMND<\/title>\n<meta name=\"robots\" content=\"noindex, follow, max-snippet:-1, max-image-preview:large, max-video-preview:-1\" \/>\n<meta property=\"og:locale\" content=\"en_US\" \/>\n<meta property=\"og:type\" content=\"article\" \/>\n<meta property=\"og:title\" content=\"BM Kad\u0131n Konferans\u0131 - TEST - SMND\" \/>\n<meta property=\"og:description\" content=\"BM 4. D\u00fcnya Kad\u0131n Konferans\u0131 Eyl\u00fcl 1995&#8217;teki Beijing B\u00f6lgeleraras\u0131 Yuvarlak Masa Toplant\u0131s\u0131ndan Al\u0131nt\u0131 Eyl\u00fcl 1995&#8217;te \u00c7in&#8217;in Beijing&#8217;inde d\u00fczenlenen d\u00f6rd\u00fcnc\u00fc d\u00fcnya konferans\u0131, kad\u0131n ve toplumsal cinsiyet e\u015fitli\u011fi konusunda daha \u00f6nceki \u00fc\u00e7 k\u00fcresel konferansta var\u0131lan siyasi anla\u015fmalar\u0131n doruk noktas\u0131yd\u0131. Toplumsal cinsiyet e\u015fitli\u011fi konusunda temel k\u00fcresel politika belgesi olarak kabul edilen Beijing&#8217;de kad\u0131nlar\u0131n g\u00fc\u00e7lendirilmesi g\u00fcndemini 189 \u00fclke oybirli\u011fiyle&hellip; Read more\" \/>\n<meta property=\"og:url\" content=\"https:\/\/shrimataji.org\/test\/tr\/bm-kadin-konferansi\/\" \/>\n<meta property=\"og:site_name\" content=\"TEST - SMND\" \/>\n<meta property=\"article:publisher\" content=\"https:\/\/www.facebook.com\/shrimataji\" \/>\n<meta property=\"article:modified_time\" content=\"2024-07-12T00:01:54+00:00\" \/>\n<meta property=\"og:image\" content=\"https:\/\/shrimataji.org\/test\/wp-content\/uploads\/2018\/07\/media_originals\/images\/headers-general\/shri-mataji-speaking-at-the-un-womens-conference-in-beijing-1995.jpg\" \/>\n\t<meta property=\"og:image:width\" content=\"990\" \/>\n\t<meta property=\"og:image:height\" content=\"350\" \/>\n\t<meta property=\"og:image:type\" content=\"image\/jpeg\" \/>\n<meta name=\"twitter:card\" content=\"summary_large_image\" \/>\n<meta name=\"twitter:site\" content=\"@shrimataji\" \/>\n<script type=\"application\/ld+json\" class=\"yoast-schema-graph\">{\"@context\":\"https:\\\/\\\/schema.org\",\"@graph\":[{\"@type\":\"WebPage\",\"@id\":\"https:\\\/\\\/shrimataji.org\\\/test\\\/tr\\\/bm-kadin-konferansi\\\/\",\"url\":\"https:\\\/\\\/shrimataji.org\\\/test\\\/tr\\\/bm-kadin-konferansi\\\/\",\"name\":\"BM Kad\u0131n Konferans\u0131 - TEST - SMND\",\"isPartOf\":{\"@id\":\"https:\\\/\\\/shrimataji.org\\\/test\\\/#website\"},\"primaryImageOfPage\":{\"@id\":\"https:\\\/\\\/shrimataji.org\\\/test\\\/tr\\\/bm-kadin-konferansi\\\/#primaryimage\"},\"image\":{\"@id\":\"https:\\\/\\\/shrimataji.org\\\/test\\\/tr\\\/bm-kadin-konferansi\\\/#primaryimage\"},\"thumbnailUrl\":\"https:\\\/\\\/shrimataji.org\\\/test\\\/wp-content\\\/uploads\\\/2018\\\/07\\\/media_originals\\\/images\\\/headers-general\\\/shri-mataji-speaking-at-the-un-womens-conference-in-beijing-1995.jpg\",\"datePublished\":\"2012-10-02T02:00:00+00:00\",\"dateModified\":\"2024-07-12T00:01:54+00:00\",\"breadcrumb\":{\"@id\":\"https:\\\/\\\/shrimataji.org\\\/test\\\/tr\\\/bm-kadin-konferansi\\\/#breadcrumb\"},\"inLanguage\":\"en-US\",\"potentialAction\":[{\"@type\":\"ReadAction\",\"target\":[\"https:\\\/\\\/shrimataji.org\\\/test\\\/tr\\\/bm-kadin-konferansi\\\/\"]}]},{\"@type\":\"ImageObject\",\"inLanguage\":\"en-US\",\"@id\":\"https:\\\/\\\/shrimataji.org\\\/test\\\/tr\\\/bm-kadin-konferansi\\\/#primaryimage\",\"url\":\"https:\\\/\\\/shrimataji.org\\\/test\\\/wp-content\\\/uploads\\\/2018\\\/07\\\/media_originals\\\/images\\\/headers-general\\\/shri-mataji-speaking-at-the-un-womens-conference-in-beijing-1995.jpg\",\"contentUrl\":\"https:\\\/\\\/shrimataji.org\\\/test\\\/wp-content\\\/uploads\\\/2018\\\/07\\\/media_originals\\\/images\\\/headers-general\\\/shri-mataji-speaking-at-the-un-womens-conference-in-beijing-1995.jpg\",\"width\":990,\"height\":350},{\"@type\":\"BreadcrumbList\",\"@id\":\"https:\\\/\\\/shrimataji.org\\\/test\\\/tr\\\/bm-kadin-konferansi\\\/#breadcrumb\",\"itemListElement\":[{\"@type\":\"ListItem\",\"position\":1,\"name\":\"Home\",\"item\":\"https:\\\/\\\/shrimataji.org\\\/test\\\/uk\\\/home-en\\\/\"},{\"@type\":\"ListItem\",\"position\":2,\"name\":\"BM Kad\u0131n Konferans\u0131\"}]},{\"@type\":\"WebSite\",\"@id\":\"https:\\\/\\\/shrimataji.org\\\/test\\\/#website\",\"url\":\"https:\\\/\\\/shrimataji.org\\\/test\\\/\",\"name\":\"Shri Mataji Nirmala Devi\",\"description\":\"A Life Dedicated to Humanity\",\"publisher\":{\"@id\":\"https:\\\/\\\/shrimataji.org\\\/test\\\/#\\\/schema\\\/person\\\/a1b3419c6585f164aa96da1ff85715d1\"},\"potentialAction\":[{\"@type\":\"SearchAction\",\"target\":{\"@type\":\"EntryPoint\",\"urlTemplate\":\"https:\\\/\\\/shrimataji.org\\\/test\\\/?s={search_term_string}\"},\"query-input\":{\"@type\":\"PropertyValueSpecification\",\"valueRequired\":true,\"valueName\":\"search_term_string\"}}],\"inLanguage\":\"en-US\"},{\"@type\":[\"Person\",\"Organization\"],\"@id\":\"https:\\\/\\\/shrimataji.org\\\/test\\\/#\\\/schema\\\/person\\\/a1b3419c6585f164aa96da1ff85715d1\",\"name\":\"Nirmala Shrivastava\",\"image\":{\"@type\":\"ImageObject\",\"inLanguage\":\"en-US\",\"@id\":\"https:\\\/\\\/shrimataji.org\\\/test\\\/wp-content\\\/uploads\\\/2023\\\/02\\\/SMO_LOGO-03.svg\",\"url\":\"https:\\\/\\\/shrimataji.org\\\/test\\\/wp-content\\\/uploads\\\/2023\\\/02\\\/SMO_LOGO-03.svg\",\"contentUrl\":\"https:\\\/\\\/shrimataji.org\\\/test\\\/wp-content\\\/uploads\\\/2023\\\/02\\\/SMO_LOGO-03.svg\",\"width\":\"1024\",\"height\":\"1024\",\"caption\":\"Nirmala Shrivastava\"},\"logo\":{\"@id\":\"https:\\\/\\\/shrimataji.org\\\/test\\\/wp-content\\\/uploads\\\/2023\\\/02\\\/SMO_LOGO-03.svg\"},\"sameAs\":[\"https:\\\/\\\/shrimataji.org\\\/test\",\"https:\\\/\\\/www.facebook.com\\\/shrimataji\",\"https:\\\/\\\/x.com\\\/shrimataji\",\"https:\\\/\\\/www.youtube.com\\\/@Shri_Mataji_Nirmala_Devi\\\/featured\"]}]}<\/script>\n<!-- \/ Yoast SEO plugin. -->","yoast_head_json":{"title":"BM Kad\u0131n Konferans\u0131 - TEST - SMND","robots":{"index":"noindex","follow":"follow","max-snippet":"max-snippet:-1","max-image-preview":"max-image-preview:large","max-video-preview":"max-video-preview:-1"},"og_locale":"en_US","og_type":"article","og_title":"BM Kad\u0131n Konferans\u0131 - TEST - SMND","og_description":"BM 4. D\u00fcnya Kad\u0131n Konferans\u0131 Eyl\u00fcl 1995&#8217;teki Beijing B\u00f6lgeleraras\u0131 Yuvarlak Masa Toplant\u0131s\u0131ndan Al\u0131nt\u0131 Eyl\u00fcl 1995&#8217;te \u00c7in&#8217;in Beijing&#8217;inde d\u00fczenlenen d\u00f6rd\u00fcnc\u00fc d\u00fcnya konferans\u0131, kad\u0131n ve toplumsal cinsiyet e\u015fitli\u011fi konusunda daha \u00f6nceki \u00fc\u00e7 k\u00fcresel konferansta var\u0131lan siyasi anla\u015fmalar\u0131n doruk noktas\u0131yd\u0131. Toplumsal cinsiyet e\u015fitli\u011fi konusunda temel k\u00fcresel politika belgesi olarak kabul edilen Beijing&#8217;de kad\u0131nlar\u0131n g\u00fc\u00e7lendirilmesi g\u00fcndemini 189 \u00fclke oybirli\u011fiyle&hellip; Read more","og_url":"https:\/\/shrimataji.org\/test\/tr\/bm-kadin-konferansi\/","og_site_name":"TEST - SMND","article_publisher":"https:\/\/www.facebook.com\/shrimataji","article_modified_time":"2024-07-12T00:01:54+00:00","og_image":[{"width":990,"height":350,"url":"https:\/\/shrimataji.org\/test\/wp-content\/uploads\/2018\/07\/media_originals\/images\/headers-general\/shri-mataji-speaking-at-the-un-womens-conference-in-beijing-1995.jpg","type":"image\/jpeg"}],"twitter_card":"summary_large_image","twitter_site":"@shrimataji","schema":{"@context":"https:\/\/schema.org","@graph":[{"@type":"WebPage","@id":"https:\/\/shrimataji.org\/test\/tr\/bm-kadin-konferansi\/","url":"https:\/\/shrimataji.org\/test\/tr\/bm-kadin-konferansi\/","name":"BM Kad\u0131n Konferans\u0131 - TEST - SMND","isPartOf":{"@id":"https:\/\/shrimataji.org\/test\/#website"},"primaryImageOfPage":{"@id":"https:\/\/shrimataji.org\/test\/tr\/bm-kadin-konferansi\/#primaryimage"},"image":{"@id":"https:\/\/shrimataji.org\/test\/tr\/bm-kadin-konferansi\/#primaryimage"},"thumbnailUrl":"https:\/\/shrimataji.org\/test\/wp-content\/uploads\/2018\/07\/media_originals\/images\/headers-general\/shri-mataji-speaking-at-the-un-womens-conference-in-beijing-1995.jpg","datePublished":"2012-10-02T02:00:00+00:00","dateModified":"2024-07-12T00:01:54+00:00","breadcrumb":{"@id":"https:\/\/shrimataji.org\/test\/tr\/bm-kadin-konferansi\/#breadcrumb"},"inLanguage":"en-US","potentialAction":[{"@type":"ReadAction","target":["https:\/\/shrimataji.org\/test\/tr\/bm-kadin-konferansi\/"]}]},{"@type":"ImageObject","inLanguage":"en-US","@id":"https:\/\/shrimataji.org\/test\/tr\/bm-kadin-konferansi\/#primaryimage","url":"https:\/\/shrimataji.org\/test\/wp-content\/uploads\/2018\/07\/media_originals\/images\/headers-general\/shri-mataji-speaking-at-the-un-womens-conference-in-beijing-1995.jpg","contentUrl":"https:\/\/shrimataji.org\/test\/wp-content\/uploads\/2018\/07\/media_originals\/images\/headers-general\/shri-mataji-speaking-at-the-un-womens-conference-in-beijing-1995.jpg","width":990,"height":350},{"@type":"BreadcrumbList","@id":"https:\/\/shrimataji.org\/test\/tr\/bm-kadin-konferansi\/#breadcrumb","itemListElement":[{"@type":"ListItem","position":1,"name":"Home","item":"https:\/\/shrimataji.org\/test\/uk\/home-en\/"},{"@type":"ListItem","position":2,"name":"BM Kad\u0131n Konferans\u0131"}]},{"@type":"WebSite","@id":"https:\/\/shrimataji.org\/test\/#website","url":"https:\/\/shrimataji.org\/test\/","name":"Shri Mataji Nirmala Devi","description":"A Life Dedicated to Humanity","publisher":{"@id":"https:\/\/shrimataji.org\/test\/#\/schema\/person\/a1b3419c6585f164aa96da1ff85715d1"},"potentialAction":[{"@type":"SearchAction","target":{"@type":"EntryPoint","urlTemplate":"https:\/\/shrimataji.org\/test\/?s={search_term_string}"},"query-input":{"@type":"PropertyValueSpecification","valueRequired":true,"valueName":"search_term_string"}}],"inLanguage":"en-US"},{"@type":["Person","Organization"],"@id":"https:\/\/shrimataji.org\/test\/#\/schema\/person\/a1b3419c6585f164aa96da1ff85715d1","name":"Nirmala Shrivastava","image":{"@type":"ImageObject","inLanguage":"en-US","@id":"https:\/\/shrimataji.org\/test\/wp-content\/uploads\/2023\/02\/SMO_LOGO-03.svg","url":"https:\/\/shrimataji.org\/test\/wp-content\/uploads\/2023\/02\/SMO_LOGO-03.svg","contentUrl":"https:\/\/shrimataji.org\/test\/wp-content\/uploads\/2023\/02\/SMO_LOGO-03.svg","width":"1024","height":"1024","caption":"Nirmala Shrivastava"},"logo":{"@id":"https:\/\/shrimataji.org\/test\/wp-content\/uploads\/2023\/02\/SMO_LOGO-03.svg"},"sameAs":["https:\/\/shrimataji.org\/test","https:\/\/www.facebook.com\/shrimataji","https:\/\/x.com\/shrimataji","https:\/\/www.youtube.com\/@Shri_Mataji_Nirmala_Devi\/featured"]}]}},"lang":"tr","translations":{"tr":10227,"ur":37528,"en":427,"am":18103,"th":20101,"hu":19599,"ar":16999,"sq":18504,"zh":17401,"pt":10434,"de":10709,"fr":10807,"it":10905,"es":11001,"ja":11299,"ru":11487,"bn":11679,"te":11787,"sw":11910,"he":12058,"el":12350,"sk":12448,"fa":12546,"fi":12644,"bg":13498,"ro":14573,"cs":14766,"nl":16663,"ku":16823,"be":18711,"kn":18985,"mr":20465,"uk":20758,"ml":21053,"ta":22822,"sv":23091,"gu":28926,"pa":29086,"fil":29540,"da":37835,"pl":38045,"nn":38387},"pll_sync_post":[],"_links":{"self":[{"href":"https:\/\/shrimataji.org\/test\/wp-json\/wp\/v2\/pages\/10227","targetHints":{"allow":["GET"]}}],"collection":[{"href":"https:\/\/shrimataji.org\/test\/wp-json\/wp\/v2\/pages"}],"about":[{"href":"https:\/\/shrimataji.org\/test\/wp-json\/wp\/v2\/types\/page"}],"author":[{"embeddable":true,"href":"https:\/\/shrimataji.org\/test\/wp-json\/wp\/v2\/users\/12"}],"replies":[{"embeddable":true,"href":"https:\/\/shrimataji.org\/test\/wp-json\/wp\/v2\/comments?post=10227"}],"version-history":[{"count":0,"href":"https:\/\/shrimataji.org\/test\/wp-json\/wp\/v2\/pages\/10227\/revisions"}],"wp:featuredmedia":[{"embeddable":true,"href":"https:\/\/shrimataji.org\/test\/wp-json\/wp\/v2\/media\/109"}],"wp:attachment":[{"href":"https:\/\/shrimataji.org\/test\/wp-json\/wp\/v2\/media?parent=10227"}],"curies":[{"name":"wp","href":"https:\/\/api.w.org\/{rel}","templated":true}]}}