{"id":10228,"date":"2011-10-05T02:00:00","date_gmt":"2011-10-05T02:00:00","guid":{"rendered":"http:\/\/testwordpress.nirmalnagari.org\/smnd\/index.php\/uniting-the-nations\/"},"modified":"2024-07-12T00:02:01","modified_gmt":"2024-07-12T00:02:01","slug":"milletleri-birlestirmek","status":"publish","type":"page","link":"https:\/\/shrimataji.org\/test\/tr\/milletleri-birlestirmek\/","title":{"rendered":"Milletleri Birle\u015ftirmek"},"content":{"rendered":"\n\n\t<h1>Milletleri Birle\u015ftirmek<\/h1>\n<h2>K\u00fcresel D\u00f6n\u00fc\u015f\u00fcm &#8211; S\u0131n\u0131rlar\u0131n \u00d6tesinde<\/h2>\n\t<h4>Dag Hammarskjold Oditoryumu&#8217;ndaki seyirci say\u0131s\u0131 azd\u0131. Ak\u015fam\u0131n erken saatlerinde orta b\u00fcy\u00fckl\u00fckteki tiyatro salonunda elli tane \u00e7al\u0131\u015fan topland\u0131. Yeni bir Sahaja Meditasyon Toplulu\u011fu sadece iki g\u00fcn \u00f6nce Birle\u015fmi\u015f Milletler taraf\u0131ndan tan\u0131nm\u0131\u015f ve onaylanm\u0131\u015ft\u0131 ve \u015fimdi \u00fcyeler a\u00e7\u0131l\u0131\u015f konu\u015fmac\u0131s\u0131n\u0131 dinlemek i\u00e7in topland\u0131lar.<\/h4>\n\t<p>Bu onlar\u0131n masalar\u0131na, toplant\u0131lar\u0131na ve k\u00fcresel kayg\u0131lar\u0131na olan bir arayd\u0131. Shri Mataji Nirmala Devi&#8217;nin s\u00f6zlerini duymak i\u00e7in bir \u015fanst\u0131, i\u00e7lerine bakmak i\u00e7in bir \u015fanst\u0131. Konu ruhsal ayd\u0131nlanma, k\u00fcresel bar\u0131\u015f ve daha iyi bir d\u00fcnyayd\u0131. Tarih 6 Haziran 1990&#8217;d\u0131. Toplant\u0131n\u0131n yap\u0131ld\u0131\u011f\u0131 yer New York City&#8217;deki Birle\u015fmi\u015f Milletler&#8217;in (BM) genel merkeziydi.<\/p>\n<p>Muhtemelen o g\u00fcn BM personelinin akl\u0131 Sovyetler Birli\u011fi&#8217;nin Avrupa&#8217;n\u0131n silah azalt\u0131m\u0131 vaadi \u00fczerindeydi. Ya da belki baz\u0131lar\u0131 Liberya&#8217;daki yeni bir i\u00e7 sava\u015f\u0131n ard\u0131ndan BM personelinin g\u00f6\u00e7\u00fcne yard\u0131m ediyordu.<\/p>\n<p>D\u00fcnya karga\u015fa ve de\u011fi\u015fimle dolu g\u00f6r\u00fcn\u00fcyordu. Beijing&#8217;in Tiananmen Meydan\u0131&#8217;ndaki g\u00f6sterilerin ve katliam\u0131n birinci y\u0131ld\u00f6n\u00fcm\u00fc, yaln\u0131zca birka\u00e7 g\u00fcn \u00f6nce kutlanm\u0131\u015ft\u0131. Kimse bundan sonra ne olaca\u011f\u0131n\u0131 tahmin edemiyordu.<\/p>\n\t\t\t\t<img loading=\"lazy\" decoding=\"async\" src=\"https:\/\/shrimataji.org\/test\/wp-content\/uploads\/2018\/07\/media_originals\/images\/shri-mataji-portraits\/shri-mataji-nirmala-devi-portrait-smiling-1024x681.jpg\" alt=\"shri-mataji-nirmala-devi-portrait-smiling\" height=\"681\" width=\"1024\" title=\"shri-mataji-nirmala-devi-portrait-smiling\" \/>\n\t<p>On iki ay i\u00e7inde ayn\u0131 Sovyetler Birli\u011fi art\u0131k var olmayacakt\u0131. Onun yerini yeni bir Ba\u011f\u0131ms\u0131z Devletler Toplulu\u011fu alacakt\u0131. \u00d6nceki y\u0131l Berlin Duvar\u0131&#8217;n\u0131n y\u0131k\u0131lmas\u0131n\u0131n ard\u0131ndan Romanya&#8217;da zaten serbest se\u00e7imler yap\u0131lm\u0131\u015ft\u0131. D\u00f6rt aydan k\u0131sa bir s\u00fcre i\u00e7inde Do\u011fu ve Bat\u0131 Almanya yeniden birle\u015fmeyi tamamlayacakt\u0131. Ve iki aydan k\u0131sa bir s\u00fcre i\u00e7inde Irak, Kuveyt&#8217;i i\u015fgal edecekti. Birle\u015fmi\u015f Milletler binas\u0131 yak\u0131nda daha da yo\u011fun bir yer haline gelecekti. Art\u0131k durup dinleme zaman\u0131yd\u0131.<\/p>\n<p>O \u00c7ar\u015famba ak\u015fam\u0131, Shri Mataji sakin bir \u015fekilde dinleyicilerle konu\u015ftu. Sesi samimiydi. Kelimelerini dinleyicilerin ihtiya\u00e7lar\u0131n\u0131 kar\u015f\u0131layacak \u015fekilde se\u00e7ti ve her zaman oldu\u011fu gibi hem k\u00fcresel hem de ki\u015fisel terimlerle konu\u015ftu.<\/p>\n\t<div class=\"su-quote su-quote-style-default\"><div class=\"su-quote-inner su-u-clearfix su-u-trim\">\u0130nsanl\u0131\u011fa mesaj\u0131m \u015fu; hepiniz d\u00f6n\u00fc\u015fmelisiniz, ruh haline gelmelisiniz, kendinizi bu \u015fekilde tan\u0131rs\u0131n\u0131z.<\/div><\/div>\n\t<p>Konu\u015fmas\u0131 s\u0131ras\u0131nda Shri Mataji hakikatten ve Birle\u015fmi\u015f Milletler&#8217;in kolektif doktrinini hayata ge\u00e7irme ihtiyac\u0131ndan bahsetti. Bu ger\u00e7ekle\u015fmeyi sa\u011flamada Kundalini&#8217;nin rol\u00fcnden bahsetti.<\/p>\n<p>&#8220;Ekolojik sorunlardan bahsediyoruz&#8221; dedi, &#8220;bu sorundan, o sorundan ama bunun i\u00e7inden nas\u0131l \u00e7\u0131kaca\u011f\u0131m\u0131z\u0131 d\u00fc\u015f\u00fcnm\u00fcyoruz. E\u011fer Birle\u015fmi\u015f Milletler kendisini ger\u00e7ekte ifade edecekse, o zaman \u015funu s\u00f6yleyebilirim ki, Birle\u015fmi\u015f Milletler insanlar\u0131n\u0131n \u00f6nce ayd\u0131nlanmas\u0131n\u0131 almas\u0131 gerekiyor, sonra ne olduklar\u0131n\u0131 anlayabilirler&#8230; Sahip olduklar\u0131, kullanabilecekleri pek \u00e7ok yol ve pek \u00e7ok g\u00fc\u00e7 var. Ve bu da sevginin g\u00fcc\u00fcd\u00fcr.&#8221;<\/p>\n<p>Konu\u015fmas\u0131n\u0131n sonunda ayd\u0131nlanmalar\u0131n\u0131 verdi. Neredeyse hi\u00e7 kimse bu deneyimi ya\u015famadan ve ard\u0131ndan Shri Mataji&#8217;yi ki\u015fisel olarak selamlamadan salondan ayr\u0131lma te\u015febb\u00fcs\u00fcnde bile bulunmad\u0131. \u00c7o\u011fu takip derslerine kaydoldu.<\/p>\n<p>BM&#8217;ye kat\u0131lmas\u0131ndan \u00f6nceki hafta, Shri Mataji hem Miami&#8217;de hem de San Diego&#8217;da benzer konu\u015fmalar yapm\u0131\u015ft\u0131. Y\u0131l\u0131n ba\u015flar\u0131nda Avustralya, Hindistan, \u0130talya, Yeni Zelanda, Rusya, Singapur ve Birle\u015fik Krall\u0131k&#8217;ta konu\u015fmalar yapm\u0131\u015ft\u0131. Moskova&#8217;da bir t\u0131bbi konferans, Kalk\u00fcta, Perth, Melbourne, Cairns, Sidney, Bangalore, Haydarabad, Jaipur, Leningrad ve Auckland&#8217;da bir bas\u0131n toplant\u0131s\u0131 &#8211; bu y\u0131lki kat\u0131l\u0131mlar\u0131 zaten 100&#8217;e yakla\u015f\u0131yordu ve hen\u00fcz haziran ay\u0131yd\u0131.<\/p>\n<p>Y\u0131l bitmeden Shri Mataji d\u00fcnya \u00e7ap\u0131nda 26 \u00fclkede 200&#8217;den fazla durakta bulunacakt\u0131. 1990&#8217;daki seyahatlerinin toplam\u0131 135.000 kilometreyi a\u015ft\u0131; bu, \u00e7o\u011fu insan\u0131n yorucu bulaca\u011f\u0131 bir g\u00fczergaht\u0131. Ancak i\u015f burada bitmedi; planlanan g\u00f6r\u00fc\u015fmelere ek olarak evlerde, havalimanlar\u0131nda, salonlarda ve okullarda say\u0131s\u0131z resmi olmayan etkinlik d\u00fczenlendi. Her konu\u015fma, her konu\u015fma farkl\u0131yd\u0131. Ama her biri ayn\u0131 zamanda ayn\u0131yd\u0131; kayg\u0131 ve anlay\u0131\u015fla, mizah ve sevgiyle vurgulan\u0131yordu. Her konu\u015fma ayn\u0131 amaca hizmet ediyordu. Manevi y\u00fckseli\u015f ihtiyac\u0131n\u0131 ele ald\u0131.<\/p>\n<p>Ba\u015fka bir ki\u015fi &#8220;Daha iyi bir kendiniz olun&#8221; diyebilirken, Shri Mataji daha da y\u00fcksek bir seviyeye ula\u015ft\u0131: &#8220;Ger\u00e7ek Benli\u011finiz olun.&#8221;<\/p>\n<p>Ve 1990, bu al\u0131\u015f\u0131lmad\u0131k bir y\u0131l de\u011fildi. 1970&#8217;lerin sonlar\u0131ndan 80&#8217;li ve 90&#8217;l\u0131 y\u0131llara ve yeni y\u00fczy\u0131la kadar onun seyahatleri ve sosyal yard\u0131mlar\u0131, daha iyi bir d\u00fcnya yaratma \u00e7abalar\u0131 devam edecekti. Seyahatleri b\u00fcy\u00fck \u00f6l\u00e7\u00fcde gazeteler taraf\u0131ndan kay\u0131t alt\u0131na al\u0131nm\u0131yordu, ancak meta-modern bir d\u00fcnyada ayd\u0131nlanmay\u0131 arayanlar\u0131n g\u00f6z\u00fcnden de ka\u00e7mad\u0131.<\/p>\n\n","protected":false},"excerpt":{"rendered":"<p>Milletleri Birle\u015ftirmek K\u00fcresel D\u00f6n\u00fc\u015f\u00fcm &#8211; S\u0131n\u0131rlar\u0131n \u00d6tesinde Dag Hammarskjold Oditoryumu&#8217;ndaki seyirci say\u0131s\u0131 azd\u0131. Ak\u015fam\u0131n erken saatlerinde orta b\u00fcy\u00fckl\u00fckteki tiyatro salonunda elli tane \u00e7al\u0131\u015fan topland\u0131. Yeni bir Sahaja Meditasyon Toplulu\u011fu sadece iki g\u00fcn \u00f6nce Birle\u015fmi\u015f Milletler taraf\u0131ndan tan\u0131nm\u0131\u015f ve onaylanm\u0131\u015ft\u0131 ve \u015fimdi \u00fcyeler a\u00e7\u0131l\u0131\u015f konu\u015fmac\u0131s\u0131n\u0131 dinlemek i\u00e7in topland\u0131lar. Bu onlar\u0131n masalar\u0131na, toplant\u0131lar\u0131na ve k\u00fcresel kayg\u0131lar\u0131na olan&hellip; <br \/> <a class=\"read-more\" href=\"https:\/\/shrimataji.org\/test\/tr\/milletleri-birlestirmek\/\">Read more<\/a><\/p>\n","protected":false},"author":12,"featured_media":121,"parent":0,"menu_order":0,"comment_status":"closed","ping_status":"closed","template":"","meta":{"inline_featured_image":false,"footnotes":""},"class_list":["post-10228","page","type-page","status-publish","has-post-thumbnail","hentry"],"yoast_head":"<!-- This site is optimized with the Yoast SEO plugin v27.4 - https:\/\/yoast.com\/product\/yoast-seo-wordpress\/ -->\n<title>Milletleri Birle\u015ftirmek - TEST - SMND<\/title>\n<meta name=\"robots\" content=\"noindex, follow, max-snippet:-1, max-image-preview:large, max-video-preview:-1\" \/>\n<meta property=\"og:locale\" content=\"en_US\" \/>\n<meta property=\"og:type\" content=\"article\" \/>\n<meta property=\"og:title\" content=\"Milletleri Birle\u015ftirmek - TEST - SMND\" \/>\n<meta property=\"og:description\" content=\"Milletleri Birle\u015ftirmek K\u00fcresel D\u00f6n\u00fc\u015f\u00fcm &#8211; S\u0131n\u0131rlar\u0131n \u00d6tesinde Dag Hammarskjold Oditoryumu&#8217;ndaki seyirci say\u0131s\u0131 azd\u0131. Ak\u015fam\u0131n erken saatlerinde orta b\u00fcy\u00fckl\u00fckteki tiyatro salonunda elli tane \u00e7al\u0131\u015fan topland\u0131. Yeni bir Sahaja Meditasyon Toplulu\u011fu sadece iki g\u00fcn \u00f6nce Birle\u015fmi\u015f Milletler taraf\u0131ndan tan\u0131nm\u0131\u015f ve onaylanm\u0131\u015ft\u0131 ve \u015fimdi \u00fcyeler a\u00e7\u0131l\u0131\u015f konu\u015fmac\u0131s\u0131n\u0131 dinlemek i\u00e7in topland\u0131lar. Bu onlar\u0131n masalar\u0131na, toplant\u0131lar\u0131na ve k\u00fcresel kayg\u0131lar\u0131na olan&hellip; Read more\" \/>\n<meta property=\"og:url\" content=\"https:\/\/shrimataji.org\/test\/tr\/milletleri-birlestirmek\/\" \/>\n<meta property=\"og:site_name\" content=\"TEST - SMND\" \/>\n<meta property=\"article:publisher\" content=\"https:\/\/www.facebook.com\/shrimataji\" \/>\n<meta property=\"article:modified_time\" content=\"2024-07-12T00:02:01+00:00\" \/>\n<meta property=\"og:image\" content=\"https:\/\/shrimataji.org\/test\/wp-content\/uploads\/2018\/07\/media_originals\/images\/headers-general\/shri-mataji-nirmala-devi-arrives-near-vienna-austria-2009.jpg\" \/>\n\t<meta property=\"og:image:width\" content=\"990\" \/>\n\t<meta property=\"og:image:height\" content=\"350\" \/>\n\t<meta property=\"og:image:type\" content=\"image\/jpeg\" \/>\n<meta name=\"twitter:card\" content=\"summary_large_image\" \/>\n<meta name=\"twitter:site\" content=\"@shrimataji\" \/>\n<script type=\"application\/ld+json\" class=\"yoast-schema-graph\">{\"@context\":\"https:\\\/\\\/schema.org\",\"@graph\":[{\"@type\":\"WebPage\",\"@id\":\"https:\\\/\\\/shrimataji.org\\\/test\\\/tr\\\/milletleri-birlestirmek\\\/\",\"url\":\"https:\\\/\\\/shrimataji.org\\\/test\\\/tr\\\/milletleri-birlestirmek\\\/\",\"name\":\"Milletleri Birle\u015ftirmek - TEST - SMND\",\"isPartOf\":{\"@id\":\"https:\\\/\\\/shrimataji.org\\\/test\\\/#website\"},\"primaryImageOfPage\":{\"@id\":\"https:\\\/\\\/shrimataji.org\\\/test\\\/tr\\\/milletleri-birlestirmek\\\/#primaryimage\"},\"image\":{\"@id\":\"https:\\\/\\\/shrimataji.org\\\/test\\\/tr\\\/milletleri-birlestirmek\\\/#primaryimage\"},\"thumbnailUrl\":\"https:\\\/\\\/shrimataji.org\\\/test\\\/wp-content\\\/uploads\\\/2018\\\/07\\\/media_originals\\\/images\\\/headers-general\\\/shri-mataji-nirmala-devi-arrives-near-vienna-austria-2009.jpg\",\"datePublished\":\"2011-10-05T02:00:00+00:00\",\"dateModified\":\"2024-07-12T00:02:01+00:00\",\"breadcrumb\":{\"@id\":\"https:\\\/\\\/shrimataji.org\\\/test\\\/tr\\\/milletleri-birlestirmek\\\/#breadcrumb\"},\"inLanguage\":\"en-US\",\"potentialAction\":[{\"@type\":\"ReadAction\",\"target\":[\"https:\\\/\\\/shrimataji.org\\\/test\\\/tr\\\/milletleri-birlestirmek\\\/\"]}]},{\"@type\":\"ImageObject\",\"inLanguage\":\"en-US\",\"@id\":\"https:\\\/\\\/shrimataji.org\\\/test\\\/tr\\\/milletleri-birlestirmek\\\/#primaryimage\",\"url\":\"https:\\\/\\\/shrimataji.org\\\/test\\\/wp-content\\\/uploads\\\/2018\\\/07\\\/media_originals\\\/images\\\/headers-general\\\/shri-mataji-nirmala-devi-arrives-near-vienna-austria-2009.jpg\",\"contentUrl\":\"https:\\\/\\\/shrimataji.org\\\/test\\\/wp-content\\\/uploads\\\/2018\\\/07\\\/media_originals\\\/images\\\/headers-general\\\/shri-mataji-nirmala-devi-arrives-near-vienna-austria-2009.jpg\",\"width\":990,\"height\":350},{\"@type\":\"BreadcrumbList\",\"@id\":\"https:\\\/\\\/shrimataji.org\\\/test\\\/tr\\\/milletleri-birlestirmek\\\/#breadcrumb\",\"itemListElement\":[{\"@type\":\"ListItem\",\"position\":1,\"name\":\"Home\",\"item\":\"https:\\\/\\\/shrimataji.org\\\/test\\\/uk\\\/home-en\\\/\"},{\"@type\":\"ListItem\",\"position\":2,\"name\":\"Milletleri Birle\u015ftirmek\"}]},{\"@type\":\"WebSite\",\"@id\":\"https:\\\/\\\/shrimataji.org\\\/test\\\/#website\",\"url\":\"https:\\\/\\\/shrimataji.org\\\/test\\\/\",\"name\":\"Shri Mataji Nirmala Devi\",\"description\":\"A Life Dedicated to Humanity\",\"publisher\":{\"@id\":\"https:\\\/\\\/shrimataji.org\\\/test\\\/#\\\/schema\\\/person\\\/a1b3419c6585f164aa96da1ff85715d1\"},\"potentialAction\":[{\"@type\":\"SearchAction\",\"target\":{\"@type\":\"EntryPoint\",\"urlTemplate\":\"https:\\\/\\\/shrimataji.org\\\/test\\\/?s={search_term_string}\"},\"query-input\":{\"@type\":\"PropertyValueSpecification\",\"valueRequired\":true,\"valueName\":\"search_term_string\"}}],\"inLanguage\":\"en-US\"},{\"@type\":[\"Person\",\"Organization\"],\"@id\":\"https:\\\/\\\/shrimataji.org\\\/test\\\/#\\\/schema\\\/person\\\/a1b3419c6585f164aa96da1ff85715d1\",\"name\":\"Nirmala Shrivastava\",\"image\":{\"@type\":\"ImageObject\",\"inLanguage\":\"en-US\",\"@id\":\"https:\\\/\\\/shrimataji.org\\\/test\\\/wp-content\\\/uploads\\\/2023\\\/02\\\/SMO_LOGO-03.svg\",\"url\":\"https:\\\/\\\/shrimataji.org\\\/test\\\/wp-content\\\/uploads\\\/2023\\\/02\\\/SMO_LOGO-03.svg\",\"contentUrl\":\"https:\\\/\\\/shrimataji.org\\\/test\\\/wp-content\\\/uploads\\\/2023\\\/02\\\/SMO_LOGO-03.svg\",\"width\":\"1024\",\"height\":\"1024\",\"caption\":\"Nirmala Shrivastava\"},\"logo\":{\"@id\":\"https:\\\/\\\/shrimataji.org\\\/test\\\/wp-content\\\/uploads\\\/2023\\\/02\\\/SMO_LOGO-03.svg\"},\"sameAs\":[\"https:\\\/\\\/shrimataji.org\\\/test\",\"https:\\\/\\\/www.facebook.com\\\/shrimataji\",\"https:\\\/\\\/x.com\\\/shrimataji\",\"https:\\\/\\\/www.youtube.com\\\/@Shri_Mataji_Nirmala_Devi\\\/featured\"]}]}<\/script>\n<!-- \/ Yoast SEO plugin. -->","yoast_head_json":{"title":"Milletleri Birle\u015ftirmek - TEST - SMND","robots":{"index":"noindex","follow":"follow","max-snippet":"max-snippet:-1","max-image-preview":"max-image-preview:large","max-video-preview":"max-video-preview:-1"},"og_locale":"en_US","og_type":"article","og_title":"Milletleri Birle\u015ftirmek - TEST - SMND","og_description":"Milletleri Birle\u015ftirmek K\u00fcresel D\u00f6n\u00fc\u015f\u00fcm &#8211; S\u0131n\u0131rlar\u0131n \u00d6tesinde Dag Hammarskjold Oditoryumu&#8217;ndaki seyirci say\u0131s\u0131 azd\u0131. Ak\u015fam\u0131n erken saatlerinde orta b\u00fcy\u00fckl\u00fckteki tiyatro salonunda elli tane \u00e7al\u0131\u015fan topland\u0131. Yeni bir Sahaja Meditasyon Toplulu\u011fu sadece iki g\u00fcn \u00f6nce Birle\u015fmi\u015f Milletler taraf\u0131ndan tan\u0131nm\u0131\u015f ve onaylanm\u0131\u015ft\u0131 ve \u015fimdi \u00fcyeler a\u00e7\u0131l\u0131\u015f konu\u015fmac\u0131s\u0131n\u0131 dinlemek i\u00e7in topland\u0131lar. Bu onlar\u0131n masalar\u0131na, toplant\u0131lar\u0131na ve k\u00fcresel kayg\u0131lar\u0131na olan&hellip; Read more","og_url":"https:\/\/shrimataji.org\/test\/tr\/milletleri-birlestirmek\/","og_site_name":"TEST - SMND","article_publisher":"https:\/\/www.facebook.com\/shrimataji","article_modified_time":"2024-07-12T00:02:01+00:00","og_image":[{"width":990,"height":350,"url":"https:\/\/shrimataji.org\/test\/wp-content\/uploads\/2018\/07\/media_originals\/images\/headers-general\/shri-mataji-nirmala-devi-arrives-near-vienna-austria-2009.jpg","type":"image\/jpeg"}],"twitter_card":"summary_large_image","twitter_site":"@shrimataji","schema":{"@context":"https:\/\/schema.org","@graph":[{"@type":"WebPage","@id":"https:\/\/shrimataji.org\/test\/tr\/milletleri-birlestirmek\/","url":"https:\/\/shrimataji.org\/test\/tr\/milletleri-birlestirmek\/","name":"Milletleri Birle\u015ftirmek - TEST - SMND","isPartOf":{"@id":"https:\/\/shrimataji.org\/test\/#website"},"primaryImageOfPage":{"@id":"https:\/\/shrimataji.org\/test\/tr\/milletleri-birlestirmek\/#primaryimage"},"image":{"@id":"https:\/\/shrimataji.org\/test\/tr\/milletleri-birlestirmek\/#primaryimage"},"thumbnailUrl":"https:\/\/shrimataji.org\/test\/wp-content\/uploads\/2018\/07\/media_originals\/images\/headers-general\/shri-mataji-nirmala-devi-arrives-near-vienna-austria-2009.jpg","datePublished":"2011-10-05T02:00:00+00:00","dateModified":"2024-07-12T00:02:01+00:00","breadcrumb":{"@id":"https:\/\/shrimataji.org\/test\/tr\/milletleri-birlestirmek\/#breadcrumb"},"inLanguage":"en-US","potentialAction":[{"@type":"ReadAction","target":["https:\/\/shrimataji.org\/test\/tr\/milletleri-birlestirmek\/"]}]},{"@type":"ImageObject","inLanguage":"en-US","@id":"https:\/\/shrimataji.org\/test\/tr\/milletleri-birlestirmek\/#primaryimage","url":"https:\/\/shrimataji.org\/test\/wp-content\/uploads\/2018\/07\/media_originals\/images\/headers-general\/shri-mataji-nirmala-devi-arrives-near-vienna-austria-2009.jpg","contentUrl":"https:\/\/shrimataji.org\/test\/wp-content\/uploads\/2018\/07\/media_originals\/images\/headers-general\/shri-mataji-nirmala-devi-arrives-near-vienna-austria-2009.jpg","width":990,"height":350},{"@type":"BreadcrumbList","@id":"https:\/\/shrimataji.org\/test\/tr\/milletleri-birlestirmek\/#breadcrumb","itemListElement":[{"@type":"ListItem","position":1,"name":"Home","item":"https:\/\/shrimataji.org\/test\/uk\/home-en\/"},{"@type":"ListItem","position":2,"name":"Milletleri Birle\u015ftirmek"}]},{"@type":"WebSite","@id":"https:\/\/shrimataji.org\/test\/#website","url":"https:\/\/shrimataji.org\/test\/","name":"Shri Mataji Nirmala Devi","description":"A Life Dedicated to Humanity","publisher":{"@id":"https:\/\/shrimataji.org\/test\/#\/schema\/person\/a1b3419c6585f164aa96da1ff85715d1"},"potentialAction":[{"@type":"SearchAction","target":{"@type":"EntryPoint","urlTemplate":"https:\/\/shrimataji.org\/test\/?s={search_term_string}"},"query-input":{"@type":"PropertyValueSpecification","valueRequired":true,"valueName":"search_term_string"}}],"inLanguage":"en-US"},{"@type":["Person","Organization"],"@id":"https:\/\/shrimataji.org\/test\/#\/schema\/person\/a1b3419c6585f164aa96da1ff85715d1","name":"Nirmala Shrivastava","image":{"@type":"ImageObject","inLanguage":"en-US","@id":"https:\/\/shrimataji.org\/test\/wp-content\/uploads\/2023\/02\/SMO_LOGO-03.svg","url":"https:\/\/shrimataji.org\/test\/wp-content\/uploads\/2023\/02\/SMO_LOGO-03.svg","contentUrl":"https:\/\/shrimataji.org\/test\/wp-content\/uploads\/2023\/02\/SMO_LOGO-03.svg","width":"1024","height":"1024","caption":"Nirmala Shrivastava"},"logo":{"@id":"https:\/\/shrimataji.org\/test\/wp-content\/uploads\/2023\/02\/SMO_LOGO-03.svg"},"sameAs":["https:\/\/shrimataji.org\/test","https:\/\/www.facebook.com\/shrimataji","https:\/\/x.com\/shrimataji","https:\/\/www.youtube.com\/@Shri_Mataji_Nirmala_Devi\/featured"]}]}},"lang":"tr","translations":{"tr":10228,"ur":37530,"en":445,"am":18105,"th":20104,"hu":19602,"ar":17001,"sq":18506,"zh":17403,"pt":10435,"de":10710,"fr":10808,"it":10906,"es":11002,"ja":11300,"ru":11488,"bn":11680,"te":11788,"sw":11911,"he":12059,"el":12351,"sk":12449,"fa":12547,"fi":12645,"bg":13508,"ro":14583,"cs":14776,"nl":16665,"ku":16825,"be":18713,"kn":18987,"mr":20468,"uk":20761,"ml":21056,"ta":22824,"sv":23093,"gu":28928,"pa":29088,"fil":29542,"da":37837,"pl":38047,"nn":38389},"pll_sync_post":[],"_links":{"self":[{"href":"https:\/\/shrimataji.org\/test\/wp-json\/wp\/v2\/pages\/10228","targetHints":{"allow":["GET"]}}],"collection":[{"href":"https:\/\/shrimataji.org\/test\/wp-json\/wp\/v2\/pages"}],"about":[{"href":"https:\/\/shrimataji.org\/test\/wp-json\/wp\/v2\/types\/page"}],"author":[{"embeddable":true,"href":"https:\/\/shrimataji.org\/test\/wp-json\/wp\/v2\/users\/12"}],"replies":[{"embeddable":true,"href":"https:\/\/shrimataji.org\/test\/wp-json\/wp\/v2\/comments?post=10228"}],"version-history":[{"count":0,"href":"https:\/\/shrimataji.org\/test\/wp-json\/wp\/v2\/pages\/10228\/revisions"}],"wp:featuredmedia":[{"embeddable":true,"href":"https:\/\/shrimataji.org\/test\/wp-json\/wp\/v2\/media\/121"}],"wp:attachment":[{"href":"https:\/\/shrimataji.org\/test\/wp-json\/wp\/v2\/media?parent=10228"}],"curies":[{"name":"wp","href":"https:\/\/api.w.org\/{rel}","templated":true}]}}