{"id":10231,"date":"2022-03-05T07:52:48","date_gmt":"2022-03-05T07:52:48","guid":{"rendered":"https:\/\/test.shrimataji.org\/?page_id=6494"},"modified":"2024-07-12T00:02:29","modified_gmt":"2024-07-12T00:02:29","slug":"vishuddhi-cakra","status":"publish","type":"page","link":"https:\/\/shrimataji.org\/test\/tr\/vishuddhi-cakra\/","title":{"rendered":"Vishuddhi \u00c7akra"},"content":{"rendered":"\n\n\t<h1>Vishuddhi \u00c7akra<\/h1>\n<h2>\u0130leti\u015fim, \u00d6z Sayg\u0131, Diplomasi<\/h2>\n<h4>\u0130nsan toplumunun evrimi, nesiller boyunca etkili ileti\u015fim becerilerinin yard\u0131m\u0131yla geli\u015fmi\u015f ve \u015fekillenmi\u015ftir. Vishuddhi \u00e7akra, bireysel fark\u0131ndal\u0131\u011f\u0131m\u0131zdan kolektif bir fark\u0131ndal\u0131\u011fa ge\u00e7memizi sa\u011flayan merkezdir. Ba\u015fkalar\u0131yla olan ba\u011flant\u0131m\u0131zd\u0131r ve etraf\u0131m\u0131zdakilere kar\u015f\u0131 duyarl\u0131l\u0131\u011f\u0131m\u0131z\u0131 geli\u015ftirmemize yard\u0131mc\u0131 olur. Bireysel kazan\u0131mlardan ziyade kollektivitenin menfaati i\u00e7in en iyi olan\u0131 ve hep birlikte bir oldu\u011fumuzun fark\u0131na varmay\u0131 \u00f6\u011freniriz.<\/h4>\n<div class=\"su-quote su-quote-style-default\"><div class=\"su-quote-inner su-u-clearfix su-u-trim\"> Shri Krishna, bunu \u00e7ok g\u00fczel bir \u015fekilde \u015f\u00f6yle ifade etmi\u015ftir: &#8220;Satyam Vade, Hitam Vade, Priyam Vade&#8221;. Ruh i\u00e7in faydal\u0131 ve sevgi dolu olan \u015fey, ifade edilmesi gereken \u015feydir. Belki o anda incitici olabilir ama daha sonra faydal\u0131 ve sevgi dolu hale gelebilir. T\u00fcm bu anlay\u0131\u015fla bile, bazen Tanr\u0131&#8217;n\u0131n sevgi oldu\u011funu unuturuz. Hakikat, ayn\u0131 zamanda sevgidir.<\/div><\/div>\n<p>Bu \u00e7akran\u0131n a\u00e7\u0131lmas\u0131yla ki\u015fili\u011fimizde ortaya \u00e7\u0131kan bir di\u011fer \u00f6nemli kalite de diplomasi duygusudur. Diplomatlar olarak, etkileyici ileti\u015fim sanat\u0131nda ustala\u015f\u0131r\u0131z ancak bunu k\u00fc\u00e7\u00fck ki\u015fisel kazan\u00e7lar, g\u00fc\u00e7 ya da para i\u00e7in de\u011fil; daha y\u00fcce bir iyilik i\u00e7in yapar\u0131z. Bu be\u015finci merkeze meditatif ve i\u00e7 g\u00f6zlemle odaklanmam\u0131z, her t\u00fcrden olan ili\u015fkilerimizdeki ki\u015filerle aram\u0131zda kolay anla\u015farak ve do\u011fall\u0131kla ili\u015fkilerimizi y\u00fcr\u00fctmemizi sa\u011flar.<\/p>\n\t\n\tYeri:<br \/>\nVishuddhi \u00e7akram\u0131z omurga arkas\u0131nda boyunda, yakla\u015f\u0131k olarak omuz hizas\u0131nda yer al\u0131r. Vishuddhi \u00e7akran\u0131n titre\u015fimleri her iki elimizin i\u015faret parmaklar\u0131nda hissedilebilir. Sol i\u015faret parma\u011f\u0131 sol Vishuddhi ile, sa\u011f i\u015faret parma\u011f\u0131 ise sa\u011f Vishuddhi ile ili\u015fkilidir.\nRengi:<br \/>\nVishuddhi \u00e7akras\u0131 mavinin a\u00e7\u0131k bir tonuyla temsil edilir. Safla\u015ft\u0131r\u0131c\u0131 eter elementi ile uyumludur.\nVishuddhi \u00c7akran\u0131n Nitelikleri:<br \/>\n\u2022 Yap\u0131c\u0131\/olumlu ili\u015fkiler<br \/>\n\u2022 Etkili \u0130leti\u015fim<br \/>\n\u2022 Nezaket<br \/>\n\u2022 Diplomasi<br \/>\n\u2022 Kollektif olmak<br \/>\n\u2022 Tatl\u0131 bir ki\u015filik\n\t\t\t\t<img loading=\"lazy\" decoding=\"async\" src=\"https:\/\/shrimataji.org\/test\/wp-content\/uploads\/2024\/06\/TR_5-Vishuddhi-1.png\" alt=\"TR_5-Vishuddhi-1\" height=\"4567\" width=\"4286\" title=\"TR_5-Vishuddhi-1\" \/>\n\t<p>Vishuddhi \u00e7akram\u0131z\u0131n kazand\u0131rd\u0131\u011f\u0131 temel kaliteler aras\u0131nda etkili ileti\u015fim ve topluluk bilinci yer al\u0131r. Vishuddhimiz dengeli oldu\u011funda, kendimizi insanlar\u0131n geri kalan\u0131yla uyum i\u00e7inde hissederiz.<\/p>\n<p>D\u00fczenli meditasyon yoluyla Vishuddhi \u00e7akras\u0131n\u0131 a\u00e7mak diplomatik beceriler geli\u015ftirmemizi sa\u011flar. Bu t\u00fcr konularda bir kursa kat\u0131lmak zorunda kalmadan ba\u015fkalar\u0131yla s\u0131cakkanl\u0131l\u0131k ve nezaketle ileti\u015fim kurman\u0131n yolunu do\u011fal yollardan ke\u015ffederiz. Bu \u00e7akran\u0131n geli\u015fimi ayn\u0131 zamanda bizim eksik y\u00f6nlerimiz ve kar\u015f\u0131la\u015ft\u0131\u011f\u0131m\u0131z zorluklar kar\u015f\u0131s\u0131nda su\u00e7luluk duymadan onlar\u0131 kabul etme becerisi kazand\u0131rarak iyi ve uygun bir \u00e7\u00f6z\u00fcm bulmam\u0131z\u0131 sa\u011flar.<\/p>\n<p>Deneyim ve Faydalar\u0131:<\/p>\n<p>Vishuddhi \u00e7akras\u0131 boynunuzu, bo\u011faz\u0131n\u0131z\u0131, kollar\u0131n\u0131z\u0131, y\u00fcz\u00fcn\u00fcz\u00fc, kulaklar\u0131n\u0131z\u0131, a\u011fz\u0131n\u0131z\u0131 ve di\u015flerinizi y\u00f6netir. Ayn\u0131 zamanda ileti\u015fim becerilerinizi de kontrol eder.<\/p>\n<p>Vishuddhi \u00e7akran\u0131z dengeli oldu\u011funda hayat\u0131n\u0131zdaki olaylara kar\u015f\u0131 dengeli bir bak\u0131\u015f a\u00e7\u0131s\u0131na sahip olursunuz. Zorluklar\u0131 daha sakin bir \u015fekilde kar\u015f\u0131layabilirsiniz. Bunalt\u0131c\u0131 durumlara daha iyimser bir bak\u0131\u015f a\u00e7\u0131s\u0131yla yakla\u015f\u0131rs\u0131n\u0131z. Vishuddhi \u00e7akras\u0131 d\u0131\u015far\u0131da geli\u015fen olaylar\u0131n sizin d\u0131\u015f\u0131n\u0131zda oldu\u011funu fark etmenizi sa\u011flar. Sonu\u00e7 olarak, olanlara sakinlikle \u015fahitlik edebilirsiniz.<\/p>\n<p>Dengeli bir Vishuddhi, ruhsal bir varl\u0131k olarak b\u00fcy\u00fcmeniz i\u00e7in \u00e7ok \u00f6nemlidir. Ayn\u0131 zamanda ba\u015fkalar\u0131yla olumlu ve sa\u011fl\u0131kl\u0131 ili\u015fkiler kurman\u0131z i\u00e7in de gereklidir. Diplomasi ve sayg\u0131 bu \u00e7akran\u0131n g\u00fcc\u00fcyle geli\u015fir. Sahaja Yoga&#8217;daki meditasyon uygulamas\u0131 Vishuddhi \u00e7akran\u0131z\u0131n hem sol hem de sa\u011f taraflar\u0131na enerji vermenizi ve onlar\u0131 koruman\u0131z\u0131 sa\u011flar. Ayr\u0131ca kalpten konu\u015ftu\u011funuzda ve ele\u015ftirmek yerine takdir etti\u011finizde de bu \u00e7akray\u0131 g\u00fc\u00e7lendirirsiniz.<\/p>\nKi\u015fisel De\u011ferlendirme:<strong><br \/>\n<\/strong>\n<p>Vishuddhi \u00e7akran\u0131z dengede de\u011filse kendinize olan sayg\u0131n\u0131zda eksiklik deneyimleyebilir ve su\u00e7luluk duygusu ya\u015fayabilirsiniz. Ayr\u0131ca a\u015f\u0131r\u0131 tepki ve ileti\u015fimde agresiflik d\u00f6nemleri de ya\u015fayabilirsiniz.\u00a0 A\u015f\u0131r\u0131 konu\u015fma veya ba\u011f\u0131rma bazen sa\u011f Vishuddhi \u00e7akras\u0131nda bir t\u0131kan\u0131kl\u0131\u011fa neden olabilir. Kulaklar\u0131n\u0131zda veya di\u015flerinizde a\u011fr\u0131 veya enfeksiyon olmas\u0131 Vishuddhi \u00e7akras\u0131nda bir t\u0131kan\u0131kl\u0131\u011fa i\u015faret edebilir. Su\u00e7luluk duygusu, omuzlarda ve boyunda a\u011fr\u0131 veya gerginlik olarak kendini g\u00f6sterebilir. Bu, sol Vishuddhi&#8217;nizde olan bir dengesizli\u011fe i\u015faret edebilir. Tekrarlayan so\u011fuk alg\u0131nl\u0131\u011f\u0131, sin\u00fcslerde ve bron\u015flarda enfeksiyon sa\u011f Vishuddhi&#8217;nizde bir dengesizli\u011fe i\u015faret edebilir. Uygunsuz veya yasa d\u0131\u015f\u0131 ili\u015fkiler de Vishuddhi \u00e7akrada dengesizliklere neden olabilir.<\/p>\n<p>Dengeden \u00c7\u0131kmas\u0131n\u0131n Sebepleri:<\/p>\n<ul>\n<li>Su\u00e7luluk duygusu ve \u00f6z sayg\u0131 eksikli\u011fi.<\/li>\n<li>Sesin a\u015f\u0131r\u0131 ve gereksiz yere agresif kullan\u0131m\u0131.<\/li>\n<li>Alayc\u0131l\u0131k, \u00f6fkeyle sesini y\u00fckseltme, konu\u015fmada sinsilik.<\/li>\n<\/ul>\nNas\u0131l dengelenir?:<strong><br \/>\n<\/strong>\n<p>Vishuddhi \u00e7akran\u0131z\u0131 dengelemek istiyorsan\u0131z, sa\u011f elinizi bu \u00e7akran\u0131n birka\u00e7 santim \u00f6n\u00fcnde tutun. Avucunuz i\u00e7e do\u011fru bakmal\u0131d\u0131r. Enerjinin elinizden akt\u0131\u011f\u0131n\u0131 hissetti\u011finizde, elinizi \u00e7akran\u0131n etraf\u0131nda saat y\u00f6n\u00fcnde d\u00f6nd\u00fcr\u00fcn. Bunu birka\u00e7 kez tekrarlay\u0131n.<\/p>\n<p>Sol Vishuddhi&#8217;nizi temizlemek i\u00e7in bir mumun alevini, boynunuzla sol omzunuzun birle\u015fti\u011fi yerden birka\u00e7 santim uzakta tutun. Mumun alevini \u00e7akran\u0131n etraf\u0131nda saat y\u00f6n\u00fcnde nazik\u00e7e ve yava\u015f\u00e7a daire \u00e7izerek hareket ettirin.<\/p>\n\n","protected":false},"excerpt":{"rendered":"<p>Vishuddhi \u00c7akra \u0130leti\u015fim, \u00d6z Sayg\u0131, Diplomasi \u0130nsan toplumunun evrimi, nesiller boyunca etkili ileti\u015fim becerilerinin yard\u0131m\u0131yla geli\u015fmi\u015f ve \u015fekillenmi\u015ftir. Vishuddhi \u00e7akra, bireysel fark\u0131ndal\u0131\u011f\u0131m\u0131zdan kolektif bir fark\u0131ndal\u0131\u011fa ge\u00e7memizi sa\u011flayan merkezdir. Ba\u015fkalar\u0131yla olan ba\u011flant\u0131m\u0131zd\u0131r ve etraf\u0131m\u0131zdakilere kar\u015f\u0131 duyarl\u0131l\u0131\u011f\u0131m\u0131z\u0131 geli\u015ftirmemize yard\u0131mc\u0131 olur. Bireysel kazan\u0131mlardan ziyade kollektivitenin menfaati i\u00e7in en iyi olan\u0131 ve hep birlikte bir oldu\u011fumuzun fark\u0131na varmay\u0131 \u00f6\u011freniriz.&hellip; <br \/> <a class=\"read-more\" href=\"https:\/\/shrimataji.org\/test\/tr\/vishuddhi-cakra\/\">Read more<\/a><\/p>\n","protected":false},"author":12,"featured_media":9255,"parent":0,"menu_order":0,"comment_status":"closed","ping_status":"closed","template":"","meta":{"inline_featured_image":false,"footnotes":""},"class_list":["post-10231","page","type-page","status-publish","has-post-thumbnail","hentry"],"yoast_head":"<!-- This site is optimized with the Yoast SEO plugin v27.4 - https:\/\/yoast.com\/product\/yoast-seo-wordpress\/ -->\n<title>Vishuddhi \u00c7akra - TEST - SMND<\/title>\n<meta name=\"robots\" content=\"noindex, follow, max-snippet:-1, max-image-preview:large, max-video-preview:-1\" \/>\n<meta property=\"og:locale\" content=\"en_US\" \/>\n<meta property=\"og:type\" content=\"article\" \/>\n<meta property=\"og:title\" content=\"Vishuddhi \u00c7akra - TEST - SMND\" \/>\n<meta property=\"og:description\" content=\"Vishuddhi \u00c7akra \u0130leti\u015fim, \u00d6z Sayg\u0131, Diplomasi \u0130nsan toplumunun evrimi, nesiller boyunca etkili ileti\u015fim becerilerinin yard\u0131m\u0131yla geli\u015fmi\u015f ve \u015fekillenmi\u015ftir. Vishuddhi \u00e7akra, bireysel fark\u0131ndal\u0131\u011f\u0131m\u0131zdan kolektif bir fark\u0131ndal\u0131\u011fa ge\u00e7memizi sa\u011flayan merkezdir. Ba\u015fkalar\u0131yla olan ba\u011flant\u0131m\u0131zd\u0131r ve etraf\u0131m\u0131zdakilere kar\u015f\u0131 duyarl\u0131l\u0131\u011f\u0131m\u0131z\u0131 geli\u015ftirmemize yard\u0131mc\u0131 olur. Bireysel kazan\u0131mlardan ziyade kollektivitenin menfaati i\u00e7in en iyi olan\u0131 ve hep birlikte bir oldu\u011fumuzun fark\u0131na varmay\u0131 \u00f6\u011freniriz.&hellip; Read more\" \/>\n<meta property=\"og:url\" content=\"https:\/\/shrimataji.org\/test\/tr\/vishuddhi-cakra\/\" \/>\n<meta property=\"og:site_name\" content=\"TEST - SMND\" \/>\n<meta property=\"article:publisher\" content=\"https:\/\/www.facebook.com\/shrimataji\" \/>\n<meta property=\"article:modified_time\" content=\"2024-07-12T00:02:29+00:00\" \/>\n<meta property=\"og:image\" content=\"https:\/\/shrimataji.org\/test\/wp-content\/uploads\/2023\/03\/20_Banner-SY-Chakra-vishu-scaled.jpg\" \/>\n\t<meta property=\"og:image:width\" content=\"2560\" \/>\n\t<meta property=\"og:image:height\" content=\"905\" \/>\n\t<meta property=\"og:image:type\" content=\"image\/jpeg\" \/>\n<meta name=\"twitter:card\" content=\"summary_large_image\" \/>\n<meta name=\"twitter:site\" content=\"@shrimataji\" \/>\n<meta name=\"twitter:label1\" content=\"Est. reading time\" \/>\n\t<meta name=\"twitter:data1\" content=\"4 minutes\" \/>\n<script type=\"application\/ld+json\" class=\"yoast-schema-graph\">{\"@context\":\"https:\\\/\\\/schema.org\",\"@graph\":[{\"@type\":\"WebPage\",\"@id\":\"https:\\\/\\\/shrimataji.org\\\/test\\\/tr\\\/vishuddhi-cakra\\\/\",\"url\":\"https:\\\/\\\/shrimataji.org\\\/test\\\/tr\\\/vishuddhi-cakra\\\/\",\"name\":\"Vishuddhi \u00c7akra - TEST - SMND\",\"isPartOf\":{\"@id\":\"https:\\\/\\\/shrimataji.org\\\/test\\\/#website\"},\"primaryImageOfPage\":{\"@id\":\"https:\\\/\\\/shrimataji.org\\\/test\\\/tr\\\/vishuddhi-cakra\\\/#primaryimage\"},\"image\":{\"@id\":\"https:\\\/\\\/shrimataji.org\\\/test\\\/tr\\\/vishuddhi-cakra\\\/#primaryimage\"},\"thumbnailUrl\":\"https:\\\/\\\/shrimataji.org\\\/test\\\/wp-content\\\/uploads\\\/2023\\\/03\\\/20_Banner-SY-Chakra-vishu-scaled.jpg\",\"datePublished\":\"2022-03-05T07:52:48+00:00\",\"dateModified\":\"2024-07-12T00:02:29+00:00\",\"breadcrumb\":{\"@id\":\"https:\\\/\\\/shrimataji.org\\\/test\\\/tr\\\/vishuddhi-cakra\\\/#breadcrumb\"},\"inLanguage\":\"en-US\",\"potentialAction\":[{\"@type\":\"ReadAction\",\"target\":[\"https:\\\/\\\/shrimataji.org\\\/test\\\/tr\\\/vishuddhi-cakra\\\/\"]}]},{\"@type\":\"ImageObject\",\"inLanguage\":\"en-US\",\"@id\":\"https:\\\/\\\/shrimataji.org\\\/test\\\/tr\\\/vishuddhi-cakra\\\/#primaryimage\",\"url\":\"https:\\\/\\\/shrimataji.org\\\/test\\\/wp-content\\\/uploads\\\/2023\\\/03\\\/20_Banner-SY-Chakra-vishu-scaled.jpg\",\"contentUrl\":\"https:\\\/\\\/shrimataji.org\\\/test\\\/wp-content\\\/uploads\\\/2023\\\/03\\\/20_Banner-SY-Chakra-vishu-scaled.jpg\",\"width\":2560,\"height\":905},{\"@type\":\"BreadcrumbList\",\"@id\":\"https:\\\/\\\/shrimataji.org\\\/test\\\/tr\\\/vishuddhi-cakra\\\/#breadcrumb\",\"itemListElement\":[{\"@type\":\"ListItem\",\"position\":1,\"name\":\"Home\",\"item\":\"https:\\\/\\\/shrimataji.org\\\/test\\\/uk\\\/home-en\\\/\"},{\"@type\":\"ListItem\",\"position\":2,\"name\":\"Vishuddhi \u00c7akra\"}]},{\"@type\":\"WebSite\",\"@id\":\"https:\\\/\\\/shrimataji.org\\\/test\\\/#website\",\"url\":\"https:\\\/\\\/shrimataji.org\\\/test\\\/\",\"name\":\"Shri Mataji Nirmala Devi\",\"description\":\"A Life Dedicated to Humanity\",\"publisher\":{\"@id\":\"https:\\\/\\\/shrimataji.org\\\/test\\\/#\\\/schema\\\/person\\\/a1b3419c6585f164aa96da1ff85715d1\"},\"potentialAction\":[{\"@type\":\"SearchAction\",\"target\":{\"@type\":\"EntryPoint\",\"urlTemplate\":\"https:\\\/\\\/shrimataji.org\\\/test\\\/?s={search_term_string}\"},\"query-input\":{\"@type\":\"PropertyValueSpecification\",\"valueRequired\":true,\"valueName\":\"search_term_string\"}}],\"inLanguage\":\"en-US\"},{\"@type\":[\"Person\",\"Organization\"],\"@id\":\"https:\\\/\\\/shrimataji.org\\\/test\\\/#\\\/schema\\\/person\\\/a1b3419c6585f164aa96da1ff85715d1\",\"name\":\"Nirmala Shrivastava\",\"image\":{\"@type\":\"ImageObject\",\"inLanguage\":\"en-US\",\"@id\":\"https:\\\/\\\/shrimataji.org\\\/test\\\/wp-content\\\/uploads\\\/2023\\\/02\\\/SMO_LOGO-03.svg\",\"url\":\"https:\\\/\\\/shrimataji.org\\\/test\\\/wp-content\\\/uploads\\\/2023\\\/02\\\/SMO_LOGO-03.svg\",\"contentUrl\":\"https:\\\/\\\/shrimataji.org\\\/test\\\/wp-content\\\/uploads\\\/2023\\\/02\\\/SMO_LOGO-03.svg\",\"width\":\"1024\",\"height\":\"1024\",\"caption\":\"Nirmala Shrivastava\"},\"logo\":{\"@id\":\"https:\\\/\\\/shrimataji.org\\\/test\\\/wp-content\\\/uploads\\\/2023\\\/02\\\/SMO_LOGO-03.svg\"},\"sameAs\":[\"https:\\\/\\\/shrimataji.org\\\/test\",\"https:\\\/\\\/www.facebook.com\\\/shrimataji\",\"https:\\\/\\\/x.com\\\/shrimataji\",\"https:\\\/\\\/www.youtube.com\\\/@Shri_Mataji_Nirmala_Devi\\\/featured\"]}]}<\/script>\n<!-- \/ Yoast SEO plugin. -->","yoast_head_json":{"title":"Vishuddhi \u00c7akra - TEST - SMND","robots":{"index":"noindex","follow":"follow","max-snippet":"max-snippet:-1","max-image-preview":"max-image-preview:large","max-video-preview":"max-video-preview:-1"},"og_locale":"en_US","og_type":"article","og_title":"Vishuddhi \u00c7akra - TEST - SMND","og_description":"Vishuddhi \u00c7akra \u0130leti\u015fim, \u00d6z Sayg\u0131, Diplomasi \u0130nsan toplumunun evrimi, nesiller boyunca etkili ileti\u015fim becerilerinin yard\u0131m\u0131yla geli\u015fmi\u015f ve \u015fekillenmi\u015ftir. Vishuddhi \u00e7akra, bireysel fark\u0131ndal\u0131\u011f\u0131m\u0131zdan kolektif bir fark\u0131ndal\u0131\u011fa ge\u00e7memizi sa\u011flayan merkezdir. Ba\u015fkalar\u0131yla olan ba\u011flant\u0131m\u0131zd\u0131r ve etraf\u0131m\u0131zdakilere kar\u015f\u0131 duyarl\u0131l\u0131\u011f\u0131m\u0131z\u0131 geli\u015ftirmemize yard\u0131mc\u0131 olur. Bireysel kazan\u0131mlardan ziyade kollektivitenin menfaati i\u00e7in en iyi olan\u0131 ve hep birlikte bir oldu\u011fumuzun fark\u0131na varmay\u0131 \u00f6\u011freniriz.&hellip; Read more","og_url":"https:\/\/shrimataji.org\/test\/tr\/vishuddhi-cakra\/","og_site_name":"TEST - SMND","article_publisher":"https:\/\/www.facebook.com\/shrimataji","article_modified_time":"2024-07-12T00:02:29+00:00","og_image":[{"width":2560,"height":905,"url":"https:\/\/shrimataji.org\/test\/wp-content\/uploads\/2023\/03\/20_Banner-SY-Chakra-vishu-scaled.jpg","type":"image\/jpeg"}],"twitter_card":"summary_large_image","twitter_site":"@shrimataji","twitter_misc":{"Est. reading time":"4 minutes"},"schema":{"@context":"https:\/\/schema.org","@graph":[{"@type":"WebPage","@id":"https:\/\/shrimataji.org\/test\/tr\/vishuddhi-cakra\/","url":"https:\/\/shrimataji.org\/test\/tr\/vishuddhi-cakra\/","name":"Vishuddhi \u00c7akra - TEST - SMND","isPartOf":{"@id":"https:\/\/shrimataji.org\/test\/#website"},"primaryImageOfPage":{"@id":"https:\/\/shrimataji.org\/test\/tr\/vishuddhi-cakra\/#primaryimage"},"image":{"@id":"https:\/\/shrimataji.org\/test\/tr\/vishuddhi-cakra\/#primaryimage"},"thumbnailUrl":"https:\/\/shrimataji.org\/test\/wp-content\/uploads\/2023\/03\/20_Banner-SY-Chakra-vishu-scaled.jpg","datePublished":"2022-03-05T07:52:48+00:00","dateModified":"2024-07-12T00:02:29+00:00","breadcrumb":{"@id":"https:\/\/shrimataji.org\/test\/tr\/vishuddhi-cakra\/#breadcrumb"},"inLanguage":"en-US","potentialAction":[{"@type":"ReadAction","target":["https:\/\/shrimataji.org\/test\/tr\/vishuddhi-cakra\/"]}]},{"@type":"ImageObject","inLanguage":"en-US","@id":"https:\/\/shrimataji.org\/test\/tr\/vishuddhi-cakra\/#primaryimage","url":"https:\/\/shrimataji.org\/test\/wp-content\/uploads\/2023\/03\/20_Banner-SY-Chakra-vishu-scaled.jpg","contentUrl":"https:\/\/shrimataji.org\/test\/wp-content\/uploads\/2023\/03\/20_Banner-SY-Chakra-vishu-scaled.jpg","width":2560,"height":905},{"@type":"BreadcrumbList","@id":"https:\/\/shrimataji.org\/test\/tr\/vishuddhi-cakra\/#breadcrumb","itemListElement":[{"@type":"ListItem","position":1,"name":"Home","item":"https:\/\/shrimataji.org\/test\/uk\/home-en\/"},{"@type":"ListItem","position":2,"name":"Vishuddhi \u00c7akra"}]},{"@type":"WebSite","@id":"https:\/\/shrimataji.org\/test\/#website","url":"https:\/\/shrimataji.org\/test\/","name":"Shri Mataji Nirmala Devi","description":"A Life Dedicated to Humanity","publisher":{"@id":"https:\/\/shrimataji.org\/test\/#\/schema\/person\/a1b3419c6585f164aa96da1ff85715d1"},"potentialAction":[{"@type":"SearchAction","target":{"@type":"EntryPoint","urlTemplate":"https:\/\/shrimataji.org\/test\/?s={search_term_string}"},"query-input":{"@type":"PropertyValueSpecification","valueRequired":true,"valueName":"search_term_string"}}],"inLanguage":"en-US"},{"@type":["Person","Organization"],"@id":"https:\/\/shrimataji.org\/test\/#\/schema\/person\/a1b3419c6585f164aa96da1ff85715d1","name":"Nirmala Shrivastava","image":{"@type":"ImageObject","inLanguage":"en-US","@id":"https:\/\/shrimataji.org\/test\/wp-content\/uploads\/2023\/02\/SMO_LOGO-03.svg","url":"https:\/\/shrimataji.org\/test\/wp-content\/uploads\/2023\/02\/SMO_LOGO-03.svg","contentUrl":"https:\/\/shrimataji.org\/test\/wp-content\/uploads\/2023\/02\/SMO_LOGO-03.svg","width":"1024","height":"1024","caption":"Nirmala Shrivastava"},"logo":{"@id":"https:\/\/shrimataji.org\/test\/wp-content\/uploads\/2023\/02\/SMO_LOGO-03.svg"},"sameAs":["https:\/\/shrimataji.org\/test","https:\/\/www.facebook.com\/shrimataji","https:\/\/x.com\/shrimataji","https:\/\/www.youtube.com\/@Shri_Mataji_Nirmala_Devi\/featured"]}]}},"lang":"tr","translations":{"tr":10231,"ur":37534,"en":6494,"am":18109,"th":20110,"hu":19608,"ar":17005,"sq":18510,"zh":17407,"hi":8265,"pt":10438,"de":10713,"fr":10811,"it":10909,"es":11005,"ja":11303,"ru":11491,"bn":11683,"te":11791,"sw":11914,"he":12062,"el":12354,"sk":12452,"fa":12550,"fi":12648,"bg":13368,"ro":14442,"cs":14635,"nl":16669,"ku":16829,"be":18717,"kn":18991,"mr":20474,"uk":20767,"ml":21062,"ta":22828,"sv":23097,"gu":28932,"pa":29092,"fil":29546,"da":37841,"pl":38051,"nn":38393},"pll_sync_post":[],"_links":{"self":[{"href":"https:\/\/shrimataji.org\/test\/wp-json\/wp\/v2\/pages\/10231","targetHints":{"allow":["GET"]}}],"collection":[{"href":"https:\/\/shrimataji.org\/test\/wp-json\/wp\/v2\/pages"}],"about":[{"href":"https:\/\/shrimataji.org\/test\/wp-json\/wp\/v2\/types\/page"}],"author":[{"embeddable":true,"href":"https:\/\/shrimataji.org\/test\/wp-json\/wp\/v2\/users\/12"}],"replies":[{"embeddable":true,"href":"https:\/\/shrimataji.org\/test\/wp-json\/wp\/v2\/comments?post=10231"}],"version-history":[{"count":0,"href":"https:\/\/shrimataji.org\/test\/wp-json\/wp\/v2\/pages\/10231\/revisions"}],"wp:featuredmedia":[{"embeddable":true,"href":"https:\/\/shrimataji.org\/test\/wp-json\/wp\/v2\/media\/9255"}],"wp:attachment":[{"href":"https:\/\/shrimataji.org\/test\/wp-json\/wp\/v2\/media?parent=10231"}],"curies":[{"name":"wp","href":"https:\/\/api.w.org\/{rel}","templated":true}]}}