{"id":10239,"date":"2023-09-08T09:00:37","date_gmt":"2023-09-08T09:00:37","guid":{"rendered":"https:\/\/shrimataji.org\/test\/?page_id=10239"},"modified":"2026-04-13T09:22:16","modified_gmt":"2026-04-13T09:22:16","slug":"ratusz-dla-swiata","status":"publish","type":"page","link":"https:\/\/shrimataji.org\/test\/pl\/ratusz-dla-swiata\/","title":{"rendered":"Ratusz dla \u015bwiata"},"content":{"rendered":"\n\n\t<h1>Ratusz \u015bwiata<\/h1>\n<h2>Gdzie spotykaj\u0105 si\u0119 serca<\/h2>\n<figure itemscope itemtype=\"https:\/\/schema.org\/ImageObject\">\n\t\t\t\t<img decoding=\"async\" src=\"https:\/\/shrimataji.org\/test\/wp-content\/uploads\/2018\/07\/media_originals\/images\/geographic-locations\/caxton-hall-london-uk.jpg\" alt=\"Caxton Hall v Lond\u00fdne\" height=\"2000\" width=\"1500\" title=\"21 Caxton Hall v Lond\u00fdne\" onerror=\"this.style.display='none'\" loading=\"lazy\" \/>\n\t\t<figcaption>Caxton Hall, Londyn<\/figcaption>\n\t<\/figure>\n\t<p>Po\u0142o\u017cony w sercu Londynu, w dzielnicy City of Westminster, Caxton Hall powsta\u0142 w po\u0142owie XIX wieku. Jego patronem jest William Caxton, za\u0142o\u017cyciel pierwszej drukarni w Anglii, kt\u00f3rej powstanie zrewolucjonizowa\u0142o dost\u0119p do wiedzy. Budynek od lat s\u0142ynie jako przestrze\u0144 wymiany i rozwoju \u015bmia\u0142ych, nowatorskich idei.<\/p>\n<p>Pierwotnie Caxton Hall by\u0142 budynkiem administracji publicznej &#8211; ratuszem. Z biegiem lat pe\u0142ni\u0142 jednak podw\u00f3jn\u0105 rol\u0119. Obok ceremonii cywilnych i \u015blub\u00f3w znanych os\u00f3b odbywa\u0142y si\u0119 tu r\u00f3wnie\u017c burzliwe spotkania, wiece, sk\u0142adanie petycji oraz wezwania do reform spo\u0142ecznych i politycznego zaanga\u017cowania. To w\u0142a\u015bnie spod drzwi Caxton Hall wiele wielkich idei i ruch\u00f3w XX wieku wysz\u0142o na aren\u0119 mi\u0119dzynarodow\u0105. G\u0142osy ruchu sufra\u017cystek, socjalizmu oraz pierwszej konferencji panafryka\u0144skiej, po\u015bwi\u0119conej nast\u0119pstwom niewolnictwa, to tylko niekt\u00f3re przyk\u0142ady wydarze\u0144, kt\u00f3re mia\u0142y tu miejsce.<\/p>\n\t<p>Tym bardziej znamienne jest, \u017ce to w\u0142a\u015bnie t\u0119 sal\u0119 wybra\u0142a \u015ari Matad\u017ai Nirmala Dewi, gdy w 1977 roku zdecydowa\u0142a si\u0119 wyj\u015b\u0107 ze swoim przes\u0142aniem do szerokiej publiczno\u015bci. W latach 1977-1983 niemal sto razy wyst\u0119powa\u0142a tutaj, zaznaczaj\u0105c wyra\u017any zwrot ku otwarto\u015bci i dost\u0119pno\u015bci dla wszystkich. Jej s\u0142owa by\u0142y skierowane do ka\u017cdego. Zaproszenie by\u0142o otwarte. Wst\u0119p &#8211; wolny.<\/p>\n\t<p>Latem 1913 roku seri\u0119 niezwykle udanych wyk\u0142ad\u00f3w wyg\u0142osi\u0142 tu wielki bengalski poeta i laureat Nagrody Nobla, Rabindranath Tagore. Nosi\u0142y one tytu\u0142y takie jak: \u201eRelacja jednostki z wszech\u015bwiatem&#8221;, \u201e\u015awiadomo\u015b\u0107 duszy&#8221;, \u201eUrzeczywistnienie w mi\u0142o\u015bci&#8221; czy \u201eProblem Ja\u017ani&#8221;. By\u0142y to tematy, do kt\u00f3rych \u015ari Matad\u017ai bezpo\u015brednio nawi\u0105zywa\u0142a oko\u0142o siedemdziesi\u0105t lat p\u00f3\u017aniej. Podobnie jak jej poprzednik, pragn\u0119\u0142a przekaza\u0107 zachodniej publiczno\u015bci staro\u017cytn\u0105 wiedz\u0119 Wschodu i zaprosi\u0107 j\u0105 w podr\u00f3\u017c w g\u0142\u0105b samej siebie.<\/p>\n<h5>\u201eW nas istnieje to miejsce, gdzie przestrze\u0144 i czas przestaj\u0105 panowa\u0107, a wi\u0119zi ewolucji jednocz\u0105 si\u0119 w jedno\u015bci.&#8221;<\/h5>\n<h5>Rabindranath Tagore<\/h5>\n<figure itemscope itemtype=\"https:\/\/schema.org\/ImageObject\">\n\t\t\t\t<img decoding=\"async\" src=\"https:\/\/shrimataji.org\/test\/wp-content\/uploads\/2018\/07\/media_originals\/images\/people\/ravindranath-tagore-c1915-223x300.jpg\" alt=\"Rabindranath Tagore\" height=\"300\" width=\"223\" title=\"ravindranath-tagore-c1915\" onerror=\"this.style.display='none'\" loading=\"lazy\" \/>\n\t\t<figcaption>Rabindranath Tagore<\/figcaption>\n\t<\/figure>\n\t<p>Jednak w przypadku \u015ari Matad\u017ai celem jej wyk\u0142ad\u00f3w nie by\u0142o jedynie zg\u0142\u0119bianie idei, lecz jej rzeczywiste urzeczywistnienie. Ka\u017cde spotkanie nios\u0142o ze sob\u0105 co\u015b wi\u0119cej. Pod koniec wieczoru zawsze oferowa\u0142a s\u0142uchaczom do\u015bwiadczenie Samorealizacji. Prowadz\u0105c ich w ciszy g\u0142\u0119bokiej medytacji, dawa\u0142a im mo\u017cliwo\u015b\u0107 odczucia w\u0142asnej wewn\u0119trznej g\u0142\u0119bi. \u201eUrzeczywistnienie Brahmy&#8221; Tagore&#8217;a sta\u0142o si\u0119 u \u015ari Matad\u017ai \u201eDo\u015bwiadczeniem Prawdziwej Ja\u017ani&#8221;.<\/p>\n\t<p>Po raz kolejny zatem, ze schod\u00f3w Caxton Hall, rozpocz\u0105\u0142 si\u0119 ruch o charakterze rewolucyjnym. Zosta\u0142 uczyniony fundamentalny krok w zdolno\u015bci cz\u0142owieka do duchowego wznoszenia si\u0119, a wielu do\u015bwiadczy\u0142o g\u0142\u0119bokiej wewn\u0119trznej przemiany oraz zmiany spojrzenia na \u015bwiat.<\/p>\n\t<p><img loading=\"lazy\" decoding=\"async\" src=\"https:\/\/shrimataji.org\/test\/wp-content\/uploads\/2018\/07\/media_originals\/images\/shri-mataji-with-people\/shri-mataji-nirmala-devi-clearing-technique-in-england-1024x672.jpg\" alt=\"\" width=\"1024\" height=\"672\" \/><\/p>\n\t<p>Przez sze\u015b\u0107 lat \u015ari Matad\u017ai przemawia\u0142a w Caxton Hall do ludzi ze wszystkich \u015brodowisk. Znajdowa\u0142a czas na ich pytania i troski. Podejmowa\u0142a te najwa\u017cniejsze kwestie: \u201eDlaczego tu jeste\u015bmy?&#8221;, \u201eJaki jest cel naszego \u017cycia?&#8221;, \u201eDlaczego B\u00f3g nas stworzy\u0142?&#8221;, a nawet: \u201eCzy B\u00f3g istnieje?&#8221;. Na zako\u0144czenie ka\u017cdy by\u0142 zapraszany, aby po\u0142\u0105czy\u0107 si\u0119 ze swoj\u0105 prawdziw\u0105 Ja\u017ani\u0105.<\/p>\n<p>W ten spos\u00f3b rozpocz\u0119\u0142a si\u0119 prawdziwa publiczna misja \u015ari Matad\u017ai na Zachodzie. Tutaj, w Caxton Hall, wszyscy byli mile widziani, a to, co najcenniejsze, by\u0142o ofiarowywane bezp\u0142atnie. Wielu z tych, kt\u00f3rzy otrzymali Samorealizacj\u0119, pozosta\u0142o u jej boku i wspiera\u0142o j\u0105 w docieraniu do jak najwi\u0119kszej liczby ludzi poszukuj\u0105cych prawdy.<\/p>\n\t<p>W 1980 roku \u015ari Matad\u017ai powiedzia\u0142a: \u201ePoszukiwanie prawdy trwa i otworzy\u0142o si\u0119 wiele sklep\u00f3w &#8211; ludzi obiecuj\u0105cych prawd\u0119. To nie jest sklep. To jest \u015bwi\u0105tynia, a \u015bwi\u0105tynia na rynku ma niewielk\u0105 warto\u015b\u0107. Je\u015bli trzeba wspi\u0105\u0107 si\u0119 na siedem g\u00f3r, by dotrze\u0107 do \u015bwi\u0105tyni, ma ona znacznie wi\u0119ksz\u0105 warto\u015b\u0107, lecz tylko nieliczni docieraj\u0105 tam \u017cywi. Dlatego \u015bwi\u0105tynia musia\u0142a zej\u015b\u0107 do Londynu, do Caxton Hall, aby przem\u00f3wi\u0107 do ludzi&#8221;.<\/p>\n<p>\u015ari Matad\u017ai wita\u0142a i obejmowa\u0142a wszystkich swoim darem Samorealizacji.<\/p>\n<p>Jak powiedzia\u0142 Tagore: \u201eNajwy\u017csz\u0105 funkcj\u0105 mi\u0142o\u015bci jest przyj\u0105\u0107 wszelkie ograniczenia i je przekroczy\u0107&#8221;. Mi\u0142o\u015b\u0107 \u015ari Matad\u017ai oraz dar jej mi\u0142o\u015bci przekraczaj\u0105 wszelkie przeszkody, aby o\u015bwieci\u0107 serce cz\u0142owieka i \u015bwiat.<\/p>\n<div class=\"su-quote su-quote-style-default\"><div class=\"su-quote-inner su-u-clearfix su-u-trim\">Prawda jest taka, jaka jest. Nie mo\u017cemy jej zmieni\u0107. Nie mo\u017cemy jej przekszta\u0142ci\u0107. Nie mo\u017cemy zamkn\u0105\u0107 jej w poj\u0119ciach.<\/div><\/div>\n<figure itemscope itemtype=\"https:\/\/schema.org\/ImageObject\">\n\t\t\t\t<img decoding=\"async\" src=\"https:\/\/shrimataji.org\/test\/wp-content\/uploads\/2018\/07\/media_originals\/images\/shri-mataji-with-people\/shri-mataji-nirmala-devi-bath-england-1977-759x1024.jpg\" alt=\"Shri Mataji en Bath, Inglaterra, 1977\" height=\"1024\" width=\"759\" title=\"shri-mataji-nirmala-devi-bath-england-1977\" onerror=\"this.style.display='none'\" loading=\"lazy\" \/>\n\t\t<figcaption>\u015ari Matad\u017ai w Bath, Anglia, 1977<\/figcaption>\n\t<\/figure>\n\n","protected":false},"excerpt":{"rendered":"<p>Ratusz \u015bwiata Gdzie spotykaj\u0105 si\u0119 serca Caxton Hall, Londyn Po\u0142o\u017cony w sercu Londynu, w dzielnicy City of Westminster, Caxton Hall powsta\u0142 w po\u0142owie XIX wieku. Jego patronem jest William Caxton, za\u0142o\u017cyciel pierwszej drukarni w Anglii, kt\u00f3rej powstanie zrewolucjonizowa\u0142o dost\u0119p do wiedzy. Budynek od lat s\u0142ynie jako przestrze\u0144 wymiany i rozwoju \u015bmia\u0142ych, nowatorskich idei. Pierwotnie Caxton&hellip; <br \/> <a class=\"read-more\" href=\"https:\/\/shrimataji.org\/test\/pl\/ratusz-dla-swiata\/\">Read more<\/a><\/p>\n","protected":false},"author":17,"featured_media":9505,"parent":0,"menu_order":0,"comment_status":"closed","ping_status":"closed","template":"","meta":{"inline_featured_image":false,"footnotes":""},"class_list":["post-10239","page","type-page","status-publish","has-post-thumbnail","hentry"],"yoast_head":"<!-- This site is optimized with the Yoast SEO plugin v27.4 - https:\/\/yoast.com\/product\/yoast-seo-wordpress\/ -->\n<title>Ratusz dla \u015bwiata - TEST - SMND<\/title>\n<meta name=\"robots\" content=\"noindex, follow, max-snippet:-1, max-image-preview:large, max-video-preview:-1\" \/>\n<meta property=\"og:locale\" content=\"en_US\" \/>\n<meta property=\"og:type\" content=\"article\" \/>\n<meta property=\"og:title\" content=\"Ratusz dla \u015bwiata - TEST - SMND\" \/>\n<meta property=\"og:description\" content=\"Ratusz \u015bwiata Gdzie spotykaj\u0105 si\u0119 serca Caxton Hall, Londyn Po\u0142o\u017cony w sercu Londynu, w dzielnicy City of Westminster, Caxton Hall powsta\u0142 w po\u0142owie XIX wieku. Jego patronem jest William Caxton, za\u0142o\u017cyciel pierwszej drukarni w Anglii, kt\u00f3rej powstanie zrewolucjonizowa\u0142o dost\u0119p do wiedzy. Budynek od lat s\u0142ynie jako przestrze\u0144 wymiany i rozwoju \u015bmia\u0142ych, nowatorskich idei. Pierwotnie Caxton&hellip; Read more\" \/>\n<meta property=\"og:url\" content=\"https:\/\/shrimataji.org\/test\/pl\/ratusz-dla-swiata\/\" \/>\n<meta property=\"og:site_name\" content=\"TEST - SMND\" \/>\n<meta property=\"article:publisher\" content=\"https:\/\/www.facebook.com\/shrimataji\" \/>\n<meta property=\"article:modified_time\" content=\"2026-04-13T09:22:16+00:00\" \/>\n<meta property=\"og:image\" content=\"https:\/\/shrimataji.org\/test\/wp-content\/uploads\/2023\/03\/12_Banner-PublicLife-Hall-scaled.jpg\" \/>\n\t<meta property=\"og:image:width\" content=\"2560\" \/>\n\t<meta property=\"og:image:height\" content=\"905\" \/>\n\t<meta property=\"og:image:type\" content=\"image\/jpeg\" \/>\n<meta name=\"twitter:card\" content=\"summary_large_image\" \/>\n<meta name=\"twitter:site\" content=\"@shrimataji\" \/>\n<meta name=\"twitter:label1\" content=\"Est. reading time\" \/>\n\t<meta name=\"twitter:data1\" content=\"4 minutes\" \/>\n<script type=\"application\/ld+json\" class=\"yoast-schema-graph\">{\"@context\":\"https:\\\/\\\/schema.org\",\"@graph\":[{\"@type\":\"WebPage\",\"@id\":\"https:\\\/\\\/shrimataji.org\\\/test\\\/pl\\\/ratusz-dla-swiata\\\/\",\"url\":\"https:\\\/\\\/shrimataji.org\\\/test\\\/pl\\\/ratusz-dla-swiata\\\/\",\"name\":\"Ratusz dla \u015bwiata - TEST - SMND\",\"isPartOf\":{\"@id\":\"https:\\\/\\\/shrimataji.org\\\/test\\\/#website\"},\"primaryImageOfPage\":{\"@id\":\"https:\\\/\\\/shrimataji.org\\\/test\\\/pl\\\/ratusz-dla-swiata\\\/#primaryimage\"},\"image\":{\"@id\":\"https:\\\/\\\/shrimataji.org\\\/test\\\/pl\\\/ratusz-dla-swiata\\\/#primaryimage\"},\"thumbnailUrl\":\"https:\\\/\\\/shrimataji.org\\\/test\\\/wp-content\\\/uploads\\\/2023\\\/03\\\/12_Banner-PublicLife-Hall-scaled.jpg\",\"datePublished\":\"2023-09-08T09:00:37+00:00\",\"dateModified\":\"2026-04-13T09:22:16+00:00\",\"breadcrumb\":{\"@id\":\"https:\\\/\\\/shrimataji.org\\\/test\\\/pl\\\/ratusz-dla-swiata\\\/#breadcrumb\"},\"inLanguage\":\"en-US\",\"potentialAction\":[{\"@type\":\"ReadAction\",\"target\":[\"https:\\\/\\\/shrimataji.org\\\/test\\\/pl\\\/ratusz-dla-swiata\\\/\"]}]},{\"@type\":\"ImageObject\",\"inLanguage\":\"en-US\",\"@id\":\"https:\\\/\\\/shrimataji.org\\\/test\\\/pl\\\/ratusz-dla-swiata\\\/#primaryimage\",\"url\":\"https:\\\/\\\/shrimataji.org\\\/test\\\/wp-content\\\/uploads\\\/2023\\\/03\\\/12_Banner-PublicLife-Hall-scaled.jpg\",\"contentUrl\":\"https:\\\/\\\/shrimataji.org\\\/test\\\/wp-content\\\/uploads\\\/2023\\\/03\\\/12_Banner-PublicLife-Hall-scaled.jpg\",\"width\":2560,\"height\":905},{\"@type\":\"BreadcrumbList\",\"@id\":\"https:\\\/\\\/shrimataji.org\\\/test\\\/pl\\\/ratusz-dla-swiata\\\/#breadcrumb\",\"itemListElement\":[{\"@type\":\"ListItem\",\"position\":1,\"name\":\"Home\",\"item\":\"https:\\\/\\\/shrimataji.org\\\/test\\\/uk\\\/home-en\\\/\"},{\"@type\":\"ListItem\",\"position\":2,\"name\":\"Ratusz dla \u015bwiata\"}]},{\"@type\":\"WebSite\",\"@id\":\"https:\\\/\\\/shrimataji.org\\\/test\\\/#website\",\"url\":\"https:\\\/\\\/shrimataji.org\\\/test\\\/\",\"name\":\"Shri Mataji Nirmala Devi\",\"description\":\"A Life Dedicated to Humanity\",\"publisher\":{\"@id\":\"https:\\\/\\\/shrimataji.org\\\/test\\\/#\\\/schema\\\/person\\\/a1b3419c6585f164aa96da1ff85715d1\"},\"potentialAction\":[{\"@type\":\"SearchAction\",\"target\":{\"@type\":\"EntryPoint\",\"urlTemplate\":\"https:\\\/\\\/shrimataji.org\\\/test\\\/?s={search_term_string}\"},\"query-input\":{\"@type\":\"PropertyValueSpecification\",\"valueRequired\":true,\"valueName\":\"search_term_string\"}}],\"inLanguage\":\"en-US\"},{\"@type\":[\"Person\",\"Organization\"],\"@id\":\"https:\\\/\\\/shrimataji.org\\\/test\\\/#\\\/schema\\\/person\\\/a1b3419c6585f164aa96da1ff85715d1\",\"name\":\"Nirmala Shrivastava\",\"image\":{\"@type\":\"ImageObject\",\"inLanguage\":\"en-US\",\"@id\":\"https:\\\/\\\/shrimataji.org\\\/test\\\/wp-content\\\/uploads\\\/2023\\\/02\\\/SMO_LOGO-03.svg\",\"url\":\"https:\\\/\\\/shrimataji.org\\\/test\\\/wp-content\\\/uploads\\\/2023\\\/02\\\/SMO_LOGO-03.svg\",\"contentUrl\":\"https:\\\/\\\/shrimataji.org\\\/test\\\/wp-content\\\/uploads\\\/2023\\\/02\\\/SMO_LOGO-03.svg\",\"width\":\"1024\",\"height\":\"1024\",\"caption\":\"Nirmala Shrivastava\"},\"logo\":{\"@id\":\"https:\\\/\\\/shrimataji.org\\\/test\\\/wp-content\\\/uploads\\\/2023\\\/02\\\/SMO_LOGO-03.svg\"},\"sameAs\":[\"https:\\\/\\\/shrimataji.org\\\/test\",\"https:\\\/\\\/www.facebook.com\\\/shrimataji\",\"https:\\\/\\\/x.com\\\/shrimataji\",\"https:\\\/\\\/www.youtube.com\\\/@Shri_Mataji_Nirmala_Devi\\\/featured\"]}]}<\/script>\n<!-- \/ Yoast SEO plugin. -->","yoast_head_json":{"title":"Ratusz dla \u015bwiata - TEST - SMND","robots":{"index":"noindex","follow":"follow","max-snippet":"max-snippet:-1","max-image-preview":"max-image-preview:large","max-video-preview":"max-video-preview:-1"},"og_locale":"en_US","og_type":"article","og_title":"Ratusz dla \u015bwiata - TEST - SMND","og_description":"Ratusz \u015bwiata Gdzie spotykaj\u0105 si\u0119 serca Caxton Hall, Londyn Po\u0142o\u017cony w sercu Londynu, w dzielnicy City of Westminster, Caxton Hall powsta\u0142 w po\u0142owie XIX wieku. Jego patronem jest William Caxton, za\u0142o\u017cyciel pierwszej drukarni w Anglii, kt\u00f3rej powstanie zrewolucjonizowa\u0142o dost\u0119p do wiedzy. Budynek od lat s\u0142ynie jako przestrze\u0144 wymiany i rozwoju \u015bmia\u0142ych, nowatorskich idei. Pierwotnie Caxton&hellip; Read more","og_url":"https:\/\/shrimataji.org\/test\/pl\/ratusz-dla-swiata\/","og_site_name":"TEST - SMND","article_publisher":"https:\/\/www.facebook.com\/shrimataji","article_modified_time":"2026-04-13T09:22:16+00:00","og_image":[{"width":2560,"height":905,"url":"https:\/\/shrimataji.org\/test\/wp-content\/uploads\/2023\/03\/12_Banner-PublicLife-Hall-scaled.jpg","type":"image\/jpeg"}],"twitter_card":"summary_large_image","twitter_site":"@shrimataji","twitter_misc":{"Est. reading time":"4 minutes"},"schema":{"@context":"https:\/\/schema.org","@graph":[{"@type":"WebPage","@id":"https:\/\/shrimataji.org\/test\/pl\/ratusz-dla-swiata\/","url":"https:\/\/shrimataji.org\/test\/pl\/ratusz-dla-swiata\/","name":"Ratusz dla \u015bwiata - TEST - SMND","isPartOf":{"@id":"https:\/\/shrimataji.org\/test\/#website"},"primaryImageOfPage":{"@id":"https:\/\/shrimataji.org\/test\/pl\/ratusz-dla-swiata\/#primaryimage"},"image":{"@id":"https:\/\/shrimataji.org\/test\/pl\/ratusz-dla-swiata\/#primaryimage"},"thumbnailUrl":"https:\/\/shrimataji.org\/test\/wp-content\/uploads\/2023\/03\/12_Banner-PublicLife-Hall-scaled.jpg","datePublished":"2023-09-08T09:00:37+00:00","dateModified":"2026-04-13T09:22:16+00:00","breadcrumb":{"@id":"https:\/\/shrimataji.org\/test\/pl\/ratusz-dla-swiata\/#breadcrumb"},"inLanguage":"en-US","potentialAction":[{"@type":"ReadAction","target":["https:\/\/shrimataji.org\/test\/pl\/ratusz-dla-swiata\/"]}]},{"@type":"ImageObject","inLanguage":"en-US","@id":"https:\/\/shrimataji.org\/test\/pl\/ratusz-dla-swiata\/#primaryimage","url":"https:\/\/shrimataji.org\/test\/wp-content\/uploads\/2023\/03\/12_Banner-PublicLife-Hall-scaled.jpg","contentUrl":"https:\/\/shrimataji.org\/test\/wp-content\/uploads\/2023\/03\/12_Banner-PublicLife-Hall-scaled.jpg","width":2560,"height":905},{"@type":"BreadcrumbList","@id":"https:\/\/shrimataji.org\/test\/pl\/ratusz-dla-swiata\/#breadcrumb","itemListElement":[{"@type":"ListItem","position":1,"name":"Home","item":"https:\/\/shrimataji.org\/test\/uk\/home-en\/"},{"@type":"ListItem","position":2,"name":"Ratusz dla \u015bwiata"}]},{"@type":"WebSite","@id":"https:\/\/shrimataji.org\/test\/#website","url":"https:\/\/shrimataji.org\/test\/","name":"Shri Mataji Nirmala Devi","description":"A Life Dedicated to Humanity","publisher":{"@id":"https:\/\/shrimataji.org\/test\/#\/schema\/person\/a1b3419c6585f164aa96da1ff85715d1"},"potentialAction":[{"@type":"SearchAction","target":{"@type":"EntryPoint","urlTemplate":"https:\/\/shrimataji.org\/test\/?s={search_term_string}"},"query-input":{"@type":"PropertyValueSpecification","valueRequired":true,"valueName":"search_term_string"}}],"inLanguage":"en-US"},{"@type":["Person","Organization"],"@id":"https:\/\/shrimataji.org\/test\/#\/schema\/person\/a1b3419c6585f164aa96da1ff85715d1","name":"Nirmala Shrivastava","image":{"@type":"ImageObject","inLanguage":"en-US","@id":"https:\/\/shrimataji.org\/test\/wp-content\/uploads\/2023\/02\/SMO_LOGO-03.svg","url":"https:\/\/shrimataji.org\/test\/wp-content\/uploads\/2023\/02\/SMO_LOGO-03.svg","contentUrl":"https:\/\/shrimataji.org\/test\/wp-content\/uploads\/2023\/02\/SMO_LOGO-03.svg","width":"1024","height":"1024","caption":"Nirmala Shrivastava"},"logo":{"@id":"https:\/\/shrimataji.org\/test\/wp-content\/uploads\/2023\/02\/SMO_LOGO-03.svg"},"sameAs":["https:\/\/shrimataji.org\/test","https:\/\/www.facebook.com\/shrimataji","https:\/\/x.com\/shrimataji","https:\/\/www.youtube.com\/@Shri_Mataji_Nirmala_Devi\/featured"]}]}},"lang":"pl","translations":{"pl":10239,"ur":37385,"en":443,"am":17956,"th":19879,"hu":19431,"sq":18357,"zh":17254,"hi":8514,"tr":10130,"pt":10347,"de":10620,"fr":10718,"it":10816,"es":10914,"ja":11211,"ru":11399,"bn":11591,"te":11699,"sw":11822,"he":11970,"el":12261,"sk":12359,"fa":12457,"fi":12555,"bg":13504,"ro":14579,"cs":14772,"nl":16517,"ku":16677,"ar":16853,"be":18564,"kn":18838,"mr":20243,"uk":20535,"ml":20834,"ta":22672,"sv":22945,"gu":28793,"pa":28951,"fil":29391,"da":37699,"nn":38251},"pll_sync_post":[],"_links":{"self":[{"href":"https:\/\/shrimataji.org\/test\/wp-json\/wp\/v2\/pages\/10239","targetHints":{"allow":["GET"]}}],"collection":[{"href":"https:\/\/shrimataji.org\/test\/wp-json\/wp\/v2\/pages"}],"about":[{"href":"https:\/\/shrimataji.org\/test\/wp-json\/wp\/v2\/types\/page"}],"author":[{"embeddable":true,"href":"https:\/\/shrimataji.org\/test\/wp-json\/wp\/v2\/users\/17"}],"replies":[{"embeddable":true,"href":"https:\/\/shrimataji.org\/test\/wp-json\/wp\/v2\/comments?post=10239"}],"version-history":[{"count":0,"href":"https:\/\/shrimataji.org\/test\/wp-json\/wp\/v2\/pages\/10239\/revisions"}],"wp:featuredmedia":[{"embeddable":true,"href":"https:\/\/shrimataji.org\/test\/wp-json\/wp\/v2\/media\/9505"}],"wp:attachment":[{"href":"https:\/\/shrimataji.org\/test\/wp-json\/wp\/v2\/media?parent=10239"}],"curies":[{"name":"wp","href":"https:\/\/api.w.org\/{rel}","templated":true}]}}