{"id":10344,"date":"2011-10-02T03:00:00","date_gmt":"2011-10-02T03:00:00","guid":{"rendered":"http:\/\/testwordpress.nirmalnagari.org\/smnd\/index.php\/a-noble-inheritance\/"},"modified":"2026-01-18T14:07:19","modified_gmt":"2026-01-18T14:07:19","slug":"heranca-nobre","status":"publish","type":"page","link":"https:\/\/shrimataji.org\/test\/pt\/heranca-nobre\/","title":{"rendered":"Uma Heran\u00e7a Nobre"},"content":{"rendered":"\n\n\t<h1>Uma Heran\u00e7a Nobre<\/h1>\n<h2>Descendentes da Dinastia de Shalivahana<\/h2>\n\t<h4>Exatamente ao meio-dia do dia do equin\u00f3cio da primavera, 21 de mar\u00e7o de 1923, Nirmala Salve nasceu em Chhindwara, uma cidade no centro geogr\u00e1fico da \u00cdndia. As nobres qualidades de seus ancestrais puderam ser vistas desde cedo no car\u00e1ter de Nirmala.<\/h4>\n\t\t<img decoding=\"async\" data-spai-excluded=\"true\" loading=\"lazy\"  alt=\"YouTube player\"  src=\"https:\/\/i.ytimg.com\/vi\/PWHnhJCTwLA\/maxresdefault.jpg\"  \/><button aria-label=\"Play\"><\/button><meta itemprop=\"embedUrl\" content=\"https:\/\/www.youtube.com\/embed\/PWHnhJCTwLA\"\/><meta itemprop=\"name\" content=\"Family, Birth And Education\"\/><meta itemprop=\"description\" content=\"Shri Mataji&#039;s parents were educated and enlightened people. She speaks about their encounter with a tiger just before her birth. Shri Mataji&#039;s mother felt great compassion towards this animal. The ease and purity of the birth gave them cause to call their child Nirmala, meaning &#039;immaculate.&#039; They felt she was certain to do something great. Her father guided her to an understanding of humans and encouraged her to give Realization. More videos at: http:\/\/ShriMataji.org ~ A Life Dedicated to Humanity ~\"\/><meta itemprop=\"thumbnailUrl\" content=\"https:\/\/i.ytimg.com\/vi\/PWHnhJCTwLA\/0.jpg\"\/><meta itemprop=\"duration\" content=\"PT5M31S\"\/><meta itemprop=\"uploadDate\" content=\"2020-07-20T00:16:36Z\"\/>\t\n\t<p>Sua av\u00f3, Sakhubai Salve, demonstrou as qualidades corajosas e virtuosas que haviam acompanhado a dinastia da fam\u00edlia ao longo dos s\u00e9culos. Em 1883, enquanto estava nos est\u00e1gios finais da gravidez, Sakhubai perdeu seu marido em circunst\u00e2ncias tr\u00e1gicas. Amea\u00e7ada pelos parentes dele (que n\u00e3o toleravam o fato de que ele e sua fam\u00edlia eram crist\u00e3os), Sakhubai pegou seus quatro filhos e partiu em uma noite banhada pelas mon\u00e7\u00f5es, com o rio pr\u00f3ximo transbordando.<\/p>\nSakhubai tinha tanta f\u00e9 que, apesar de sua condi\u00e7\u00e3o f\u00edsica, de seu sari de 8 metros, da chuva intensa e do rio transbordando, ela conseguiu atravess\u00e1-lo com seus filhos, caminhando em seguida por 8 quil\u00f4metros at\u00e9 a esta\u00e7\u00e3o de trem mais pr\u00f3xima. Ao amanhecer, eles embarcaram em um trem para Ujjain, para a casa do irm\u00e3o de Sakhubai. Nessas circunst\u00e2ncias dif\u00edceis, Prasad Rao Salve, o pai de Shri Mataji, nasceu.\n\t<p>Sakhubai e seus filhos tiveram que se adaptar de uma vida de riqueza e conforto para uma de extrema simplicidade. No entanto, a educa\u00e7\u00e3o dos seus filhos era fundamental para Sakhubai, e ela incutiu neles um esp\u00edrito de abnega\u00e7\u00e3o e compromisso. Eles prosseguiram seus estudos debaixo de postes de luz quando n\u00e3o havia mais querosene em casa.<\/p>\n<p>Prasad Rao, o mais jovem, era um aluno especialmente brilhante e recebeu bolsas de estudo ao longo de toda a sua carreira acad\u00eamica. Ele estudou direito e ingressou em um escrit\u00f3rio de advocacia bem conhecido na cidade de Chhindwara. Casou-se logo depois, mas infelizmente, ficou vi\u00favo aos 37 anos, com cinco filhos. Embora relutante, acabou sendo persuadido por seus parentes a se casar novamente, por se preocupar com o bem-estar de suas crian\u00e7as.<\/p>\n<p>Havia uma jovem de Nagpur chamada Cornelia Karuna Jadhav, a primeira mulher na \u00cdndia a receber um diploma de honra em matem\u00e1tica. Ela tamb\u00e9m era uma estudiosa de s\u00e2nscrito e muito versada na antiga cultura indiana. Devido \u00e0 sua educa\u00e7\u00e3o t\u00e3o elevada, foi dif\u00edcil para seu pai encontrar um parceiro para ela com qualifica\u00e7\u00f5es acad\u00eamicas pelo menos no mesmo n\u00edvel, se n\u00e3o superiores.<\/p>\n<p>Atrav\u00e9s de amigos em comum, Prasad Rao enviou uma proposta de casamento para Cornelia e seu pai. N\u00e3o foi uma decis\u00e3o f\u00e1cil, por ser a proposta de um vi\u00favo com cinco filhos. No entanto, ela ficou impressionada com a intelig\u00eancia dele e sua f\u00e9 em Deus, e sentiu uma profunda compaix\u00e3o pelas crian\u00e7as, que ficaram sem m\u00e3e em uma idade t\u00e3o jovem. Eles se casaram no dia 21 de junho de 1920.<\/p>\n\t<div class=\"su-quote su-quote-style-default\"><div class=\"su-quote-inner su-u-clearfix su-u-trim\"> Meus antepassados governaram neste lugar, que era a capital dos Shalivanas chamada de Prathishthan, e eles a tornaram mais acess\u00edvel como Paithan. Foram os governantes por milhares de anos.<\/p>\n<p>Foram eles que iniciaram esta dinastia Shalivahan, na verdade, chamavam-se a si mesmos de Sathvahan, que significa sete Vahanas (ve\u00edculos). Representavam os sete Vahanas dos sete chakras. \u00c9 surpreendente como isso \u00e9 t\u00e3o Sahaj (natural). <\/div><\/div>\n\t<p>Prasad Rao e Cornelia compartilhavam um profundo amor pela grande tradi\u00e7\u00e3o espiritual e valores de seu pa\u00eds. Sua filha Nirmala tinha apenas dois anos em 1925 quando conheceram Mahatma Gandhi pela primeira vez, e esse encontro teve um impacto enorme sobre eles. Eles reconheceram e compartilharam a vis\u00e3o dele de uma \u00cdndia livre alcan\u00e7ada por meio de uma luta n\u00e3o violenta.<\/p>\n<p>Apesar do fato de Prasad Rao ter recebido um t\u00edtulo dos brit\u00e2nicos e de serem crist\u00e3os (o que significava muitos privil\u00e9gios durante o per\u00edodo de dom\u00ednio brit\u00e2nico), ele e sua esposa n\u00e3o hesitaram em se juntar ao movimento, deixando sua posi\u00e7\u00e3o clara &#8211; chegaram at\u00e9 a queimar suas roupas estrangeiras na pra\u00e7a p\u00fablica de Nagpur. Devido ao seu envolvimento na luta pela independ\u00eancia, eles foram presos v\u00e1rias vezes, e estabeleceram como regra na fam\u00edlia que ningu\u00e9m deveria derramar l\u00e1grimas por eles. A liberdade da \u00cdndia era a coisa mais importante, e o sacrif\u00edcio pr\u00f3prio era a regra, n\u00e3o a exce\u00e7\u00e3o.<\/p>\n\t<div class=\"epyt-video-wrapper\"><div  data-ep-a=\"fadeIn\"  style=\"display: block; margin: 0px auto;\"  id=\"_ytid_21724\"  width=\"3840\" height=\"2160\"  data-origwidth=\"3840\" data-origheight=\"2160\" data-facadesrc=\"https:\/\/www.youtube.com\/embed\/WOPg1lrL1ps?enablejsapi=1&autoplay=0&cc_load_policy=0&cc_lang_pref=&iv_load_policy=1&loop=0&rel=0&fs=1&playsinline=1&autohide=2&theme=dark&color=red&controls=1&disablekb=0&\" class=\"__youtube_prefs__ epyt-facade  no-lazyload\" data-epautoplay=\"1\" ><img decoding=\"async\" data-spai-excluded=\"true\" class=\"epyt-facade-poster skip-lazy\" loading=\"lazy\"  alt=\"YouTube player\"  src=\"https:\/\/i.ytimg.com\/vi\/WOPg1lrL1ps\/maxresdefault.jpg\"  \/><button class=\"epyt-facade-play\" aria-label=\"Play\"><svg data-no-lazy=\"1\" height=\"100%\" version=\"1.1\" viewBox=\"0 0 68 48\" width=\"100%\"><path class=\"ytp-large-play-button-bg\" d=\"M66.52,7.74c-0.78-2.93-2.49-5.41-5.42-6.19C55.79,.13,34,0,34,0S12.21,.13,6.9,1.55 C3.97,2.33,2.27,4.81,1.48,7.74C0.06,13.05,0,24,0,24s0.06,10.95,1.48,16.26c0.78,2.93,2.49,5.41,5.42,6.19 C12.21,47.87,34,48,34,48s21.79-0.13,27.1-1.55c2.93-0.78,4.64-3.26,5.42-6.19C67.94,34.95,68,24,68,24S67.94,13.05,66.52,7.74z\" fill=\"#f00\"><\/path><path d=\"M 45,24 27,14 27,34\" fill=\"#fff\"><\/path><\/svg><\/button><\/div><\/div><span itemprop=\"video\" itemscope itemtype=\"http:\/\/schema.org\/VideoObject\"><meta itemprop=\"embedUrl\" content=\"https:\/\/www.youtube.com\/embed\/WOPg1lrL1ps\"><meta itemprop=\"name\" content=\"An Ideal Father And Leader\"><meta itemprop=\"description\" content=\"A learned man who fought for his people, Shri Mataji remembers her own father, Prasad Rao Salve. She describes a brilliant man of principle and ideals. He was a leader in the fight for Indian independence, willing to go to jail for a just cause -- once for more than three years. The immense sacrifices he made, inspired Shri Mataji forward in her life&#039;s work, giving her a sense of right and wrong. More videos at: http:\/\/ShriMataji.org ~ A Life Dedicated to Humanity ~\"><meta itemprop=\"thumbnailUrl\" content=\"https:\/\/i.ytimg.com\/vi\/WOPg1lrL1ps\/0.jpg\"><meta itemprop=\"duration\" content=\"PT2M31S\"><meta itemprop=\"uploadDate\" content=\"2020-07-20T00:13:01Z\"><\/span>\n\t<p>Com seus pais frequentemente ausentes ou na pris\u00e3o, Shri Mataji assumiu a responsabilidade de cuidar da casa para que seus irm\u00e3os mais velhos pudessem continuar seus estudos sem interrup\u00e7\u00f5es. Ela tinha oito anos na \u00e9poca.<\/p>\n<p>Alguns anos depois, Shri Mataji j\u00e1 tinha crescido o suficiente para se juntar \u00e0 luta pela liberdade, encorajando outros estudantes a fazerem o mesmo. Ela tamb\u00e9m foi presa e at\u00e9 torturada pelos brit\u00e2nicos. No entanto, sua determina\u00e7\u00e3o n\u00e3o foi enfraquecida pela experi\u00eancia. Ao longo de sua vida, ela continuaria a personificar os valores eternos de seus nobres ancestrais: coragem, sacrif\u00edcio pr\u00f3prio e compaix\u00e3o.<\/p>\n<figure itemscope itemtype=\"https:\/\/schema.org\/ImageObject\">\n\t\t\t\t<img decoding=\"async\" src=\"https:\/\/shrimataji.org\/test\/wp-content\/uploads\/2018\/07\/media_originals\/images\/shri-mataji-and-family\/shri-mataji-nirmala-devi-and-family.jpg\" alt=\"shri-mataji-nirmala-devi-and-family\" height=\"1045\" width=\"1500\" title=\"shri-mataji-nirmala-devi-and-family\" onerror=\"this.style.display='none'\" loading=\"lazy\" \/>\n\t<\/figure>\n\t<hr \/>\n<h3><a name=\"citation-note-1\"><\/a>H. P. Salve, &#8216;Minhas Mem\u00f3rias&#8217;. Nova Delhi: Life Eternal Trust, 2000.<\/h3>\n\n","protected":false},"excerpt":{"rendered":"<p>Uma Heran\u00e7a Nobre Descendentes da Dinastia de Shalivahana Exatamente ao meio-dia do dia do equin\u00f3cio da primavera, 21 de mar\u00e7o de 1923, Nirmala Salve nasceu em Chhindwara, uma cidade no centro geogr\u00e1fico da \u00cdndia. As nobres qualidades de seus ancestrais puderam ser vistas desde cedo no car\u00e1ter de Nirmala. Sua av\u00f3, Sakhubai Salve, demonstrou as&hellip; <br \/> <a class=\"read-more\" href=\"https:\/\/shrimataji.org\/test\/pt\/heranca-nobre\/\">Read more<\/a><\/p>\n","protected":false},"author":18,"featured_media":9512,"parent":0,"menu_order":0,"comment_status":"closed","ping_status":"closed","template":"pro\/page-templates\/full-width-page.php","meta":{"inline_featured_image":false,"footnotes":""},"class_list":["post-10344","page","type-page","status-publish","has-post-thumbnail","hentry"],"yoast_head":"<!-- This site is optimized with the Yoast SEO plugin v27.4 - https:\/\/yoast.com\/product\/yoast-seo-wordpress\/ -->\n<title>Uma Heran\u00e7a Nobre - TEST - SMND<\/title>\n<meta name=\"robots\" content=\"noindex, follow, max-snippet:-1, max-image-preview:large, max-video-preview:-1\" \/>\n<meta property=\"og:locale\" content=\"en_US\" \/>\n<meta property=\"og:type\" content=\"article\" \/>\n<meta property=\"og:title\" content=\"Uma Heran\u00e7a Nobre - TEST - SMND\" \/>\n<meta property=\"og:description\" content=\"Uma Heran\u00e7a Nobre Descendentes da Dinastia de Shalivahana Exatamente ao meio-dia do dia do equin\u00f3cio da primavera, 21 de mar\u00e7o de 1923, Nirmala Salve nasceu em Chhindwara, uma cidade no centro geogr\u00e1fico da \u00cdndia. As nobres qualidades de seus ancestrais puderam ser vistas desde cedo no car\u00e1ter de Nirmala. Sua av\u00f3, Sakhubai Salve, demonstrou as&hellip; Read more\" \/>\n<meta property=\"og:url\" content=\"https:\/\/shrimataji.org\/test\/pt\/heranca-nobre\/\" \/>\n<meta property=\"og:site_name\" content=\"TEST - SMND\" \/>\n<meta property=\"article:publisher\" content=\"https:\/\/www.facebook.com\/shrimataji\" \/>\n<meta property=\"article:modified_time\" content=\"2026-01-18T14:07:19+00:00\" \/>\n<meta property=\"og:image\" content=\"https:\/\/shrimataji.org\/test\/wp-content\/uploads\/2023\/03\/7_Banner-Family_NobleInheritance-scaled.jpg\" \/>\n\t<meta property=\"og:image:width\" content=\"2560\" \/>\n\t<meta property=\"og:image:height\" content=\"905\" \/>\n\t<meta property=\"og:image:type\" content=\"image\/jpeg\" \/>\n<meta name=\"twitter:card\" content=\"summary_large_image\" \/>\n<meta name=\"twitter:site\" content=\"@shrimataji\" \/>\n<meta name=\"twitter:label1\" content=\"Est. reading time\" \/>\n\t<meta name=\"twitter:data1\" content=\"4 minutes\" \/>\n<script type=\"application\/ld+json\" class=\"yoast-schema-graph\">{\"@context\":\"https:\\\/\\\/schema.org\",\"@graph\":[{\"@type\":\"WebPage\",\"@id\":\"https:\\\/\\\/shrimataji.org\\\/test\\\/pt\\\/heranca-nobre\\\/\",\"url\":\"https:\\\/\\\/shrimataji.org\\\/test\\\/pt\\\/heranca-nobre\\\/\",\"name\":\"Uma Heran\u00e7a Nobre - TEST - SMND\",\"isPartOf\":{\"@id\":\"https:\\\/\\\/shrimataji.org\\\/test\\\/#website\"},\"primaryImageOfPage\":{\"@id\":\"https:\\\/\\\/shrimataji.org\\\/test\\\/pt\\\/heranca-nobre\\\/#primaryimage\"},\"image\":{\"@id\":\"https:\\\/\\\/shrimataji.org\\\/test\\\/pt\\\/heranca-nobre\\\/#primaryimage\"},\"thumbnailUrl\":\"https:\\\/\\\/shrimataji.org\\\/test\\\/wp-content\\\/uploads\\\/2023\\\/03\\\/7_Banner-Family_NobleInheritance-scaled.jpg\",\"datePublished\":\"2011-10-02T03:00:00+00:00\",\"dateModified\":\"2026-01-18T14:07:19+00:00\",\"breadcrumb\":{\"@id\":\"https:\\\/\\\/shrimataji.org\\\/test\\\/pt\\\/heranca-nobre\\\/#breadcrumb\"},\"inLanguage\":\"en-US\",\"potentialAction\":[{\"@type\":\"ReadAction\",\"target\":[\"https:\\\/\\\/shrimataji.org\\\/test\\\/pt\\\/heranca-nobre\\\/\"]}]},{\"@type\":\"ImageObject\",\"inLanguage\":\"en-US\",\"@id\":\"https:\\\/\\\/shrimataji.org\\\/test\\\/pt\\\/heranca-nobre\\\/#primaryimage\",\"url\":\"https:\\\/\\\/shrimataji.org\\\/test\\\/wp-content\\\/uploads\\\/2023\\\/03\\\/7_Banner-Family_NobleInheritance-scaled.jpg\",\"contentUrl\":\"https:\\\/\\\/shrimataji.org\\\/test\\\/wp-content\\\/uploads\\\/2023\\\/03\\\/7_Banner-Family_NobleInheritance-scaled.jpg\",\"width\":2560,\"height\":905},{\"@type\":\"BreadcrumbList\",\"@id\":\"https:\\\/\\\/shrimataji.org\\\/test\\\/pt\\\/heranca-nobre\\\/#breadcrumb\",\"itemListElement\":[{\"@type\":\"ListItem\",\"position\":1,\"name\":\"Home\",\"item\":\"https:\\\/\\\/shrimataji.org\\\/test\\\/uk\\\/home-en\\\/\"},{\"@type\":\"ListItem\",\"position\":2,\"name\":\"Uma Heran\u00e7a Nobre\"}]},{\"@type\":\"WebSite\",\"@id\":\"https:\\\/\\\/shrimataji.org\\\/test\\\/#website\",\"url\":\"https:\\\/\\\/shrimataji.org\\\/test\\\/\",\"name\":\"Shri Mataji Nirmala Devi\",\"description\":\"A Life Dedicated to Humanity\",\"publisher\":{\"@id\":\"https:\\\/\\\/shrimataji.org\\\/test\\\/#\\\/schema\\\/person\\\/a1b3419c6585f164aa96da1ff85715d1\"},\"potentialAction\":[{\"@type\":\"SearchAction\",\"target\":{\"@type\":\"EntryPoint\",\"urlTemplate\":\"https:\\\/\\\/shrimataji.org\\\/test\\\/?s={search_term_string}\"},\"query-input\":{\"@type\":\"PropertyValueSpecification\",\"valueRequired\":true,\"valueName\":\"search_term_string\"}}],\"inLanguage\":\"en-US\"},{\"@type\":[\"Person\",\"Organization\"],\"@id\":\"https:\\\/\\\/shrimataji.org\\\/test\\\/#\\\/schema\\\/person\\\/a1b3419c6585f164aa96da1ff85715d1\",\"name\":\"Nirmala Shrivastava\",\"image\":{\"@type\":\"ImageObject\",\"inLanguage\":\"en-US\",\"@id\":\"https:\\\/\\\/shrimataji.org\\\/test\\\/wp-content\\\/uploads\\\/2023\\\/02\\\/SMO_LOGO-03.svg\",\"url\":\"https:\\\/\\\/shrimataji.org\\\/test\\\/wp-content\\\/uploads\\\/2023\\\/02\\\/SMO_LOGO-03.svg\",\"contentUrl\":\"https:\\\/\\\/shrimataji.org\\\/test\\\/wp-content\\\/uploads\\\/2023\\\/02\\\/SMO_LOGO-03.svg\",\"width\":\"1024\",\"height\":\"1024\",\"caption\":\"Nirmala Shrivastava\"},\"logo\":{\"@id\":\"https:\\\/\\\/shrimataji.org\\\/test\\\/wp-content\\\/uploads\\\/2023\\\/02\\\/SMO_LOGO-03.svg\"},\"sameAs\":[\"https:\\\/\\\/shrimataji.org\\\/test\",\"https:\\\/\\\/www.facebook.com\\\/shrimataji\",\"https:\\\/\\\/x.com\\\/shrimataji\",\"https:\\\/\\\/www.youtube.com\\\/@Shri_Mataji_Nirmala_Devi\\\/featured\"]}]}<\/script>\n<!-- \/ Yoast SEO plugin. -->","yoast_head_json":{"title":"Uma Heran\u00e7a Nobre - TEST - SMND","robots":{"index":"noindex","follow":"follow","max-snippet":"max-snippet:-1","max-image-preview":"max-image-preview:large","max-video-preview":"max-video-preview:-1"},"og_locale":"en_US","og_type":"article","og_title":"Uma Heran\u00e7a Nobre - TEST - SMND","og_description":"Uma Heran\u00e7a Nobre Descendentes da Dinastia de Shalivahana Exatamente ao meio-dia do dia do equin\u00f3cio da primavera, 21 de mar\u00e7o de 1923, Nirmala Salve nasceu em Chhindwara, uma cidade no centro geogr\u00e1fico da \u00cdndia. As nobres qualidades de seus ancestrais puderam ser vistas desde cedo no car\u00e1ter de Nirmala. Sua av\u00f3, Sakhubai Salve, demonstrou as&hellip; Read more","og_url":"https:\/\/shrimataji.org\/test\/pt\/heranca-nobre\/","og_site_name":"TEST - SMND","article_publisher":"https:\/\/www.facebook.com\/shrimataji","article_modified_time":"2026-01-18T14:07:19+00:00","og_image":[{"width":2560,"height":905,"url":"https:\/\/shrimataji.org\/test\/wp-content\/uploads\/2023\/03\/7_Banner-Family_NobleInheritance-scaled.jpg","type":"image\/jpeg"}],"twitter_card":"summary_large_image","twitter_site":"@shrimataji","twitter_misc":{"Est. reading time":"4 minutes"},"schema":{"@context":"https:\/\/schema.org","@graph":[{"@type":"WebPage","@id":"https:\/\/shrimataji.org\/test\/pt\/heranca-nobre\/","url":"https:\/\/shrimataji.org\/test\/pt\/heranca-nobre\/","name":"Uma Heran\u00e7a Nobre - TEST - SMND","isPartOf":{"@id":"https:\/\/shrimataji.org\/test\/#website"},"primaryImageOfPage":{"@id":"https:\/\/shrimataji.org\/test\/pt\/heranca-nobre\/#primaryimage"},"image":{"@id":"https:\/\/shrimataji.org\/test\/pt\/heranca-nobre\/#primaryimage"},"thumbnailUrl":"https:\/\/shrimataji.org\/test\/wp-content\/uploads\/2023\/03\/7_Banner-Family_NobleInheritance-scaled.jpg","datePublished":"2011-10-02T03:00:00+00:00","dateModified":"2026-01-18T14:07:19+00:00","breadcrumb":{"@id":"https:\/\/shrimataji.org\/test\/pt\/heranca-nobre\/#breadcrumb"},"inLanguage":"en-US","potentialAction":[{"@type":"ReadAction","target":["https:\/\/shrimataji.org\/test\/pt\/heranca-nobre\/"]}]},{"@type":"ImageObject","inLanguage":"en-US","@id":"https:\/\/shrimataji.org\/test\/pt\/heranca-nobre\/#primaryimage","url":"https:\/\/shrimataji.org\/test\/wp-content\/uploads\/2023\/03\/7_Banner-Family_NobleInheritance-scaled.jpg","contentUrl":"https:\/\/shrimataji.org\/test\/wp-content\/uploads\/2023\/03\/7_Banner-Family_NobleInheritance-scaled.jpg","width":2560,"height":905},{"@type":"BreadcrumbList","@id":"https:\/\/shrimataji.org\/test\/pt\/heranca-nobre\/#breadcrumb","itemListElement":[{"@type":"ListItem","position":1,"name":"Home","item":"https:\/\/shrimataji.org\/test\/uk\/home-en\/"},{"@type":"ListItem","position":2,"name":"Uma Heran\u00e7a Nobre"}]},{"@type":"WebSite","@id":"https:\/\/shrimataji.org\/test\/#website","url":"https:\/\/shrimataji.org\/test\/","name":"Shri Mataji Nirmala Devi","description":"A Life Dedicated to Humanity","publisher":{"@id":"https:\/\/shrimataji.org\/test\/#\/schema\/person\/a1b3419c6585f164aa96da1ff85715d1"},"potentialAction":[{"@type":"SearchAction","target":{"@type":"EntryPoint","urlTemplate":"https:\/\/shrimataji.org\/test\/?s={search_term_string}"},"query-input":{"@type":"PropertyValueSpecification","valueRequired":true,"valueName":"search_term_string"}}],"inLanguage":"en-US"},{"@type":["Person","Organization"],"@id":"https:\/\/shrimataji.org\/test\/#\/schema\/person\/a1b3419c6585f164aa96da1ff85715d1","name":"Nirmala Shrivastava","image":{"@type":"ImageObject","inLanguage":"en-US","@id":"https:\/\/shrimataji.org\/test\/wp-content\/uploads\/2023\/02\/SMO_LOGO-03.svg","url":"https:\/\/shrimataji.org\/test\/wp-content\/uploads\/2023\/02\/SMO_LOGO-03.svg","contentUrl":"https:\/\/shrimataji.org\/test\/wp-content\/uploads\/2023\/02\/SMO_LOGO-03.svg","width":"1024","height":"1024","caption":"Nirmala Shrivastava"},"logo":{"@id":"https:\/\/shrimataji.org\/test\/wp-content\/uploads\/2023\/02\/SMO_LOGO-03.svg"},"sameAs":["https:\/\/shrimataji.org\/test","https:\/\/www.facebook.com\/shrimataji","https:\/\/x.com\/shrimataji","https:\/\/www.youtube.com\/@Shri_Mataji_Nirmala_Devi\/featured"]}]}},"lang":"pt","translations":{"pt":10344,"ur":37380,"en":434,"am":17951,"th":19872,"hu":19426,"sq":18352,"zh":17249,"hi":7323,"tr":10127,"pl":10478,"de":10617,"fr":10715,"it":10813,"es":10911,"ja":11208,"ru":11396,"bn":11588,"te":11696,"sw":11819,"he":11967,"sk":12356,"fa":12454,"fi":12552,"bg":13510,"ro":14585,"cs":14778,"nl":16512,"ku":16672,"ar":16848,"el":17659,"be":18559,"kn":18833,"mr":20236,"uk":20528,"ml":20827,"ta":22667,"sv":22940,"gu":28788,"pa":28946,"fil":29386,"da":37694,"nn":38246},"pll_sync_post":[],"_links":{"self":[{"href":"https:\/\/shrimataji.org\/test\/wp-json\/wp\/v2\/pages\/10344","targetHints":{"allow":["GET"]}}],"collection":[{"href":"https:\/\/shrimataji.org\/test\/wp-json\/wp\/v2\/pages"}],"about":[{"href":"https:\/\/shrimataji.org\/test\/wp-json\/wp\/v2\/types\/page"}],"author":[{"embeddable":true,"href":"https:\/\/shrimataji.org\/test\/wp-json\/wp\/v2\/users\/18"}],"replies":[{"embeddable":true,"href":"https:\/\/shrimataji.org\/test\/wp-json\/wp\/v2\/comments?post=10344"}],"version-history":[{"count":0,"href":"https:\/\/shrimataji.org\/test\/wp-json\/wp\/v2\/pages\/10344\/revisions"}],"wp:featuredmedia":[{"embeddable":true,"href":"https:\/\/shrimataji.org\/test\/wp-json\/wp\/v2\/media\/9512"}],"wp:attachment":[{"href":"https:\/\/shrimataji.org\/test\/wp-json\/wp\/v2\/media?parent=10344"}],"curies":[{"name":"wp","href":"https:\/\/api.w.org\/{rel}","templated":true}]}}