{"id":10346,"date":"2018-07-10T06:54:46","date_gmt":"2018-07-10T06:54:46","guid":{"rendered":"http:\/\/testwordpress.nirmalnagari.org\/smnd\/index.php\/a-pivotal-moment\/"},"modified":"2026-01-16T00:36:58","modified_gmt":"2026-01-16T00:36:58","slug":"evento-primordial","status":"publish","type":"page","link":"https:\/\/shrimataji.org\/test\/pt\/evento-primordial\/","title":{"rendered":"O Evento Primordial"},"content":{"rendered":"\n\n\t<h1>O Evento Primordial<\/h1>\n<h2>O Momento de Pura Transforma\u00e7\u00e3o Eterna<\/h2>\n\t<h4>Em 1970, no dia cinco de maio, na cidade de Nargol, na costa oeste da \u00cdndia perto de Mumbai, ocorreu um evento essencialmente importante, a abertura do centro de energia localizado na \u00e1rea l\u00edmbica, o Sahasrara.<\/h4>\n\t<p>A import\u00e2ncia deste momento n\u00e3o pode ser enfatizada suficientemente. Tudo o que se seguiu no legado espiritual de Shri Mataji originou-se desse evento. Assim como uma descoberta cient\u00edfica importante, ou uma bela obra de arte, esta descoberta sem precedentes repercutiu ao longo dos anos, afetando todos que tiveram contato com o trabalho e vis\u00e3o de Shri Mataji.<\/p>\n<p>A descoberta de Shri Mataji foi e \u00e9 \u00fanica. A abertura do Sahasrara \u00e9 um momento de pura transforma\u00e7\u00e3o e oferece um m\u00e9todo para os seres humanos superarem suas limita\u00e7\u00f5es e se conectarem com algo maior. O evento e a consci\u00eancia que ele proporcionou eram o que ela estava buscando.<\/p>\n<p>&#8220;Eu estava buscando os formas e m\u00e9todos&#8221; Ela explicou &#8221; Trabalhando isto dentro de Mim mesma atrav\u00e9s de Meu estilo \u00fanico de medita\u00e7\u00e3o, isto \u00e9, Eu trabalhava todas as permuta\u00e7\u00f5es e combina\u00e7\u00f5es. Assim que conhecia uma pessoa, Eu via os problemas que a afligiam e como ela poderia resolv\u00ea-los. Eu tentava estudar aquela pessoa internamente&#8221;<\/p>\n\t\t\t\t<img loading=\"lazy\" decoding=\"async\" src=\"https:\/\/shrimataji.org\/test\/wp-content\/uploads\/2018\/07\/media_originals\/images\/shri-mataji-portraits\/mother-ocean.jpg\" alt=\"mother-ocean\" itemprop=\"image\" height=\"541\" width=\"721\" title=\"mother-ocean\" onerror=\"this.style.display='none'\"  \/>\n\t<p>Shri Mataji sabia que a chave para entender o dilema dos seres humanos estava no conhecimento antigo do sistema sutil. Este sistema existe al\u00e9m da realidade f\u00edsica, \u00e9 composto por canais, centros energ\u00e9ticos e o centro de energia primordial, a Kundalini. As fun\u00e7\u00f5es e estruturas do corpo sutil s\u00e3o refletidas no corpo f\u00edsico, como conhecido pela ci\u00eancia, mas de forma mais primorosa.<\/p>\n<p>&#8221; Eu conseguia ver tudo o que estava acontecendo&#8221; Ela lembrou &#8221; Foi naquele dia que, de uma forma ou outra, Eu disse que deveria abrir o \u00faltimo chakra&#8221;<\/p>\n<p>Este chakra \u00e9 conhecido em s\u00e2nscrito como Sahasrara e est\u00e1 localizado na \u00e1rea l\u00edmbica do c\u00e9rebro. A abertura deste centro foi o estopim que iria impulsionar toda evolu\u00e7\u00e3o espiritual dali em diante, a abertura do portal para a verdade.<\/p>\n\t\t\t\t<img loading=\"lazy\" decoding=\"async\" src=\"https:\/\/shrimataji.org\/test\/wp-content\/uploads\/2018\/07\/media_originals\/images\/shri-mataji-portraits\/shri-mataji-looking.jpg\" alt=\"shri-mataji-looking\" itemprop=\"image\" height=\"541\" width=\"721\" title=\"shri-mataji-looking\" onerror=\"this.style.display='none'\"  \/>\n\t<p>&#8220;Eu estava completamente sozinha e Me sentia muito bem. N\u00e3o havia nenhuma pessoa perto de Mim para dizer sequer uma palavra. E ent\u00e3o, em medita\u00e7\u00e3o, senti que a havia chegado a hora em que o Sahasrara deveria ser aberto. Neste momento desejei pela abertura do Sahasrara e o que percebi foi que a Kundalini estava se elevando como um telesc\u00f3pio dentro de Mim, abrindo uma ap\u00f3s a outra, se movimentando para cima. Era da cor do ferro, vermelho, quando est\u00e1 derretido&#8221;<\/p>\n<p>&#8221; E ent\u00e3o vi a estrutura externa da Kundalini que continuava a se elevar, criando sons em cada chakra. A Kundalini foi elevada e perfurou o Brahmarandra&#8221;<\/p>\n<p>O Brahmarandra \u00e9 a palavra em s\u00e2nscrito para fontanela (moleira), localizada no topo da cabe\u00e7a. A experi\u00eancia que Shri Mataji descreveu \u00e9 chamada de Realiza\u00e7\u00e3o do Si, o despertar do conhecimento e consci\u00eancia que muitos desejam. Ela falava de um destino que muitos buscam, um tesouro que \u00e9 comumente associado com muitos anos trabalhosos de dedica\u00e7\u00e3o<\/p>\n\t<p>&#8220;Senti naquele momento que qualquer energia que fosse superior entrou subitamente dentro de Mim como uma brisa fresca vindo de todas as dire\u00e7\u00f5es. Vi tudo se abrir e uma grande chuva torrencial de brisa come\u00e7ou a fluir atrav\u00e9s da Minha cabe\u00e7a, por todo o corpo. Senti que estava perdida agora, n\u00e3o existia mais. S\u00f3 a gra\u00e7a estava presente. Vi isso acontecendo completamente comigo.&#8221;<\/p>\n\t<p>Shri Mataji sabia que a experi\u00eancia da realiza\u00e7\u00e3o do si, este conhecimento grandioso, deveria ser compartilhado com o mundo.<\/p>\n<p>&#8220;Foi ent\u00e3o que percebi que n\u00e3o havia perigo em iniciar o trabalho. A confus\u00e3o tinha acabado. Finalmente, a hora havia chegado. N\u00e3o havia nada a temer. Eventualmente, isto teria que acontecer. Eu vim a esta Terra somente para esse prop\u00f3sito, para despertar a consci\u00eancia coletiva nos seres humanos. Eu pensei que at\u00e9 que as pessoas obtenham a sua realiza\u00e7\u00e3o do si ou entendam a Si mesmos, esta tarefa seria imposs\u00edvel. Qualquer outra tentativa que algu\u00e9m pudesse realizar, n\u00e3o teria prop\u00f3sito algum.&#8221;<\/p>\n<p>Shri Mataji descreveu como o Seu trabalho espiritual iniciou &#8221; Eu trabalhei isso em uma senhora idosa que Me conhecia bem. Quando ela obteve a sua realiza\u00e7\u00e3o, tornei-Me muito satisfeita. Senti que muitas pessoas poderiam ter a sua realiza\u00e7\u00e3o tamb\u00e9m. Era f\u00e1cil dar a realiza\u00e7\u00e3o a uma pessoa. Era muito f\u00e1cil trazer a consci\u00eancia a uma pessoa, mas para trabalhar isso a n\u00edvel coletivo, para as massas, mais trabalho era necess\u00e1rio&#8221;<\/p>\n<p>&#8221; Todos haviam de receber o benef\u00edcio com uma \u00fanica realiza\u00e7\u00e3o, mas \u00e9 verdade que esse tipo de trabalho n\u00e3o tinha sido feito de modo coletivo previamente. Eu alcancei tudo isso atrav\u00e9s da medita\u00e7\u00e3o&#8221;<\/p>\n<p>O trabalho Dela continuou silenciosamente por anos. &#8221; Ningu\u00e9m nunca soube dos poderes que existiam dentro de Mim. Nem faziam ideia de quem Eu era&#8221;. Tampouco, muitos ainda n\u00e3o estavam preparados para reconhecer as palavras de Shri Mataji. Sua mensagem, ao mesmo tempo revolucion\u00e1ria e audaz, era um desafio para a compreens\u00e3o que os seres humanos haviam sobre si mesmos.<\/p>\n\t\t\t\t<img loading=\"lazy\" decoding=\"async\" src=\"https:\/\/shrimataji.org\/test\/wp-content\/uploads\/2018\/07\/media_originals\/images\/shri-mataji-portraits\/shri-mataji-nirmala-devi-831x1080.jpg\" alt=\"shri-mataji-nirmala-devi\" itemprop=\"image\" height=\"1080\" width=\"831\" title=\"shri-mataji-nirmala-devi\" onerror=\"this.style.display='none'\"  \/>\n\t<p>&#8220;Mas quando a Kundalini foi despertada naquela senhora&#8221; Shri Mataji lembrou, &#8221; Eu senti que um poder sutil havia penetrado nela. E ent\u00e3o doze pessoas obtiveram suas realiza\u00e7\u00f5es. Eles ficaram encantados com o brilho que agora cintilava em seus olhos. Eles come\u00e7aram a perceber e ter a vis\u00e3o clara de uma sensibilidade \u00fanica que agora existia dentro deles, atrav\u00e9s da qual, poderiam sentir tudo.&#8221;<\/p>\n\t\t\t\t<img loading=\"lazy\" decoding=\"async\" src=\"https:\/\/shrimataji.org\/test\/wp-content\/uploads\/2018\/07\/media_originals\/images\/shri-mataji-teaching-sahaja-yoga\/shri-mataji-nirmala-devi-teaching-sahaja-yoga-meditation-in-india.jpg\" alt=\"shri-mataji-nirmala-devi-teaching-sahaja-yoga-meditation-in-india\" itemprop=\"image\" height=\"541\" width=\"721\" title=\"shri-mataji-nirmala-devi-teaching-sahaja-yoga-meditation-in-india\" onerror=\"this.style.display='none'\"  \/>\n\t<p>Atrav\u00e9s da realiza\u00e7\u00e3o do si, as pessoas se tornariam sua pr\u00f3pria ess\u00eancia. Elas perceberiam aquilo que n\u00e3o conseguiam reconhecer previamente, reconhecer a si mesmos nas outras pessoas. E com isso, a verdadeira integra\u00e7\u00e3o havia iniciado.<\/p>\n<p>&#8221; Eu percebi algo com muita nitidez atrav\u00e9s destas doze pessoas que elas eram de naturezas muito diferentes, e que, de alguma forma, ao sentar com eles, deveria ser dito a eles sobre o poder da luz que o esp\u00edrito possui quando est\u00e1 integrado,&#8221; Ela falou. &#8221; \u00c9 como se estivesse costurando flores em um \u00fanico fio de linha com a ajuda de uma agulha&#8230;Quando eles receberam a sua realiza\u00e7\u00e3o, eu percebi que em seu interior, e no de todos, a integra\u00e7\u00e3o deles em um \u00fanico fio de linha estava a acontecer, um ap\u00f3s o outro.&#8221;<\/p>\n\t<div class=\"su-quote su-quote-style-default\"><div class=\"su-quote-inner su-u-clearfix su-u-trim\">Eu comecei com uma senhora, e ent\u00e3o, gradualmente, muitos outros receberam a realiza\u00e7\u00e3o. Gradualmente o trabalho foi aprimorado e as pessoas descobriram que assim podemos nos transformar. Foi estabelecido que a Sahaja Yoga \u00e9 algo muito importante.<\/div><\/div>\n\t<iframe loading=\"lazy\" title=\"First Awakenings And Self Realization\" width=\"1920\" height=\"1080\" src=\"https:\/\/www.youtube.com\/embed\/EM8Bip5ObJo?feature=oembed\" frameborder=\"0\" allow=\"accelerometer; autoplay; clipboard-write; encrypted-media; gyroscope; picture-in-picture; web-share\" allowfullscreen><\/iframe>\n\t<iframe loading=\"lazy\" title=\"A Meeting That Gave Understanding\" width=\"1920\" height=\"1080\" src=\"https:\/\/www.youtube.com\/embed\/yKot6Plxn7Y?feature=oembed\" frameborder=\"0\" allow=\"accelerometer; autoplay; clipboard-write; encrypted-media; gyroscope; picture-in-picture; web-share\" allowfullscreen><\/iframe>\n\t<iframe loading=\"lazy\" title=\"Many Are Still Seeking The Truth\" width=\"1920\" height=\"1080\" src=\"https:\/\/www.youtube.com\/embed\/-KffEGsqep8?feature=oembed\" frameborder=\"0\" allow=\"accelerometer; autoplay; clipboard-write; encrypted-media; gyroscope; picture-in-picture; web-share\" allowfullscreen><\/iframe>\n\n","protected":false},"excerpt":{"rendered":"<p>O Evento Primordial O Momento de Pura Transforma\u00e7\u00e3o Eterna Em 1970, no dia cinco de maio, na cidade de Nargol, na costa oeste da \u00cdndia perto de Mumbai, ocorreu um evento essencialmente importante, a abertura do centro de energia localizado na \u00e1rea l\u00edmbica, o Sahasrara. A import\u00e2ncia deste momento n\u00e3o pode ser enfatizada suficientemente. Tudo&hellip; <br \/> <a class=\"read-more\" href=\"https:\/\/shrimataji.org\/test\/pt\/evento-primordial\/\">Read more<\/a><\/p>\n","protected":false},"author":18,"featured_media":9516,"parent":0,"menu_order":0,"comment_status":"closed","ping_status":"closed","template":"","meta":{"inline_featured_image":false,"footnotes":""},"class_list":["post-10346","page","type-page","status-publish","has-post-thumbnail","hentry"],"yoast_head":"<!-- This site is optimized with the Yoast SEO plugin v27.4 - https:\/\/yoast.com\/product\/yoast-seo-wordpress\/ -->\n<title>O Evento Primordial - TEST - SMND<\/title>\n<meta name=\"robots\" content=\"noindex, follow, max-snippet:-1, max-image-preview:large, max-video-preview:-1\" \/>\n<meta property=\"og:locale\" content=\"en_US\" \/>\n<meta property=\"og:type\" content=\"article\" \/>\n<meta property=\"og:title\" content=\"O Evento Primordial - TEST - SMND\" \/>\n<meta property=\"og:description\" content=\"O Evento Primordial O Momento de Pura Transforma\u00e7\u00e3o Eterna Em 1970, no dia cinco de maio, na cidade de Nargol, na costa oeste da \u00cdndia perto de Mumbai, ocorreu um evento essencialmente importante, a abertura do centro de energia localizado na \u00e1rea l\u00edmbica, o Sahasrara. A import\u00e2ncia deste momento n\u00e3o pode ser enfatizada suficientemente. Tudo&hellip; Read more\" \/>\n<meta property=\"og:url\" content=\"https:\/\/shrimataji.org\/test\/pt\/evento-primordial\/\" \/>\n<meta property=\"og:site_name\" content=\"TEST - SMND\" \/>\n<meta property=\"article:publisher\" content=\"https:\/\/www.facebook.com\/shrimataji\" \/>\n<meta property=\"article:modified_time\" content=\"2026-01-16T00:36:58+00:00\" \/>\n<meta property=\"og:image\" content=\"https:\/\/shrimataji.org\/test\/wp-content\/uploads\/2023\/03\/11_Banner-PublicLife-PivotalMoment-scaled.jpg\" \/>\n\t<meta property=\"og:image:width\" content=\"2560\" \/>\n\t<meta property=\"og:image:height\" content=\"905\" \/>\n\t<meta property=\"og:image:type\" content=\"image\/jpeg\" \/>\n<meta name=\"twitter:card\" content=\"summary_large_image\" \/>\n<meta name=\"twitter:site\" content=\"@shrimataji\" \/>\n<meta name=\"twitter:label1\" content=\"Est. reading time\" \/>\n\t<meta name=\"twitter:data1\" content=\"6 minutes\" \/>\n<script type=\"application\/ld+json\" class=\"yoast-schema-graph\">{\"@context\":\"https:\\\/\\\/schema.org\",\"@graph\":[{\"@type\":\"WebPage\",\"@id\":\"https:\\\/\\\/shrimataji.org\\\/test\\\/pt\\\/evento-primordial\\\/\",\"url\":\"https:\\\/\\\/shrimataji.org\\\/test\\\/pt\\\/evento-primordial\\\/\",\"name\":\"O Evento Primordial - TEST - SMND\",\"isPartOf\":{\"@id\":\"https:\\\/\\\/shrimataji.org\\\/test\\\/#website\"},\"primaryImageOfPage\":{\"@id\":\"https:\\\/\\\/shrimataji.org\\\/test\\\/pt\\\/evento-primordial\\\/#primaryimage\"},\"image\":{\"@id\":\"https:\\\/\\\/shrimataji.org\\\/test\\\/pt\\\/evento-primordial\\\/#primaryimage\"},\"thumbnailUrl\":\"https:\\\/\\\/shrimataji.org\\\/test\\\/wp-content\\\/uploads\\\/2023\\\/03\\\/11_Banner-PublicLife-PivotalMoment-scaled.jpg\",\"datePublished\":\"2018-07-10T06:54:46+00:00\",\"dateModified\":\"2026-01-16T00:36:58+00:00\",\"breadcrumb\":{\"@id\":\"https:\\\/\\\/shrimataji.org\\\/test\\\/pt\\\/evento-primordial\\\/#breadcrumb\"},\"inLanguage\":\"en-US\",\"potentialAction\":[{\"@type\":\"ReadAction\",\"target\":[\"https:\\\/\\\/shrimataji.org\\\/test\\\/pt\\\/evento-primordial\\\/\"]}]},{\"@type\":\"ImageObject\",\"inLanguage\":\"en-US\",\"@id\":\"https:\\\/\\\/shrimataji.org\\\/test\\\/pt\\\/evento-primordial\\\/#primaryimage\",\"url\":\"https:\\\/\\\/shrimataji.org\\\/test\\\/wp-content\\\/uploads\\\/2023\\\/03\\\/11_Banner-PublicLife-PivotalMoment-scaled.jpg\",\"contentUrl\":\"https:\\\/\\\/shrimataji.org\\\/test\\\/wp-content\\\/uploads\\\/2023\\\/03\\\/11_Banner-PublicLife-PivotalMoment-scaled.jpg\",\"width\":2560,\"height\":905},{\"@type\":\"BreadcrumbList\",\"@id\":\"https:\\\/\\\/shrimataji.org\\\/test\\\/pt\\\/evento-primordial\\\/#breadcrumb\",\"itemListElement\":[{\"@type\":\"ListItem\",\"position\":1,\"name\":\"Home\",\"item\":\"https:\\\/\\\/shrimataji.org\\\/test\\\/uk\\\/home-en\\\/\"},{\"@type\":\"ListItem\",\"position\":2,\"name\":\"O Evento Primordial\"}]},{\"@type\":\"WebSite\",\"@id\":\"https:\\\/\\\/shrimataji.org\\\/test\\\/#website\",\"url\":\"https:\\\/\\\/shrimataji.org\\\/test\\\/\",\"name\":\"Shri Mataji Nirmala Devi\",\"description\":\"A Life Dedicated to Humanity\",\"publisher\":{\"@id\":\"https:\\\/\\\/shrimataji.org\\\/test\\\/#\\\/schema\\\/person\\\/a1b3419c6585f164aa96da1ff85715d1\"},\"potentialAction\":[{\"@type\":\"SearchAction\",\"target\":{\"@type\":\"EntryPoint\",\"urlTemplate\":\"https:\\\/\\\/shrimataji.org\\\/test\\\/?s={search_term_string}\"},\"query-input\":{\"@type\":\"PropertyValueSpecification\",\"valueRequired\":true,\"valueName\":\"search_term_string\"}}],\"inLanguage\":\"en-US\"},{\"@type\":[\"Person\",\"Organization\"],\"@id\":\"https:\\\/\\\/shrimataji.org\\\/test\\\/#\\\/schema\\\/person\\\/a1b3419c6585f164aa96da1ff85715d1\",\"name\":\"Nirmala Shrivastava\",\"image\":{\"@type\":\"ImageObject\",\"inLanguage\":\"en-US\",\"@id\":\"https:\\\/\\\/shrimataji.org\\\/test\\\/wp-content\\\/uploads\\\/2023\\\/02\\\/SMO_LOGO-03.svg\",\"url\":\"https:\\\/\\\/shrimataji.org\\\/test\\\/wp-content\\\/uploads\\\/2023\\\/02\\\/SMO_LOGO-03.svg\",\"contentUrl\":\"https:\\\/\\\/shrimataji.org\\\/test\\\/wp-content\\\/uploads\\\/2023\\\/02\\\/SMO_LOGO-03.svg\",\"width\":\"1024\",\"height\":\"1024\",\"caption\":\"Nirmala Shrivastava\"},\"logo\":{\"@id\":\"https:\\\/\\\/shrimataji.org\\\/test\\\/wp-content\\\/uploads\\\/2023\\\/02\\\/SMO_LOGO-03.svg\"},\"sameAs\":[\"https:\\\/\\\/shrimataji.org\\\/test\",\"https:\\\/\\\/www.facebook.com\\\/shrimataji\",\"https:\\\/\\\/x.com\\\/shrimataji\",\"https:\\\/\\\/www.youtube.com\\\/@Shri_Mataji_Nirmala_Devi\\\/featured\"]}]}<\/script>\n<!-- \/ Yoast SEO plugin. -->","yoast_head_json":{"title":"O Evento Primordial - TEST - SMND","robots":{"index":"noindex","follow":"follow","max-snippet":"max-snippet:-1","max-image-preview":"max-image-preview:large","max-video-preview":"max-video-preview:-1"},"og_locale":"en_US","og_type":"article","og_title":"O Evento Primordial - TEST - SMND","og_description":"O Evento Primordial O Momento de Pura Transforma\u00e7\u00e3o Eterna Em 1970, no dia cinco de maio, na cidade de Nargol, na costa oeste da \u00cdndia perto de Mumbai, ocorreu um evento essencialmente importante, a abertura do centro de energia localizado na \u00e1rea l\u00edmbica, o Sahasrara. A import\u00e2ncia deste momento n\u00e3o pode ser enfatizada suficientemente. Tudo&hellip; Read more","og_url":"https:\/\/shrimataji.org\/test\/pt\/evento-primordial\/","og_site_name":"TEST - SMND","article_publisher":"https:\/\/www.facebook.com\/shrimataji","article_modified_time":"2026-01-16T00:36:58+00:00","og_image":[{"width":2560,"height":905,"url":"https:\/\/shrimataji.org\/test\/wp-content\/uploads\/2023\/03\/11_Banner-PublicLife-PivotalMoment-scaled.jpg","type":"image\/jpeg"}],"twitter_card":"summary_large_image","twitter_site":"@shrimataji","twitter_misc":{"Est. reading time":"6 minutes"},"schema":{"@context":"https:\/\/schema.org","@graph":[{"@type":"WebPage","@id":"https:\/\/shrimataji.org\/test\/pt\/evento-primordial\/","url":"https:\/\/shrimataji.org\/test\/pt\/evento-primordial\/","name":"O Evento Primordial - TEST - SMND","isPartOf":{"@id":"https:\/\/shrimataji.org\/test\/#website"},"primaryImageOfPage":{"@id":"https:\/\/shrimataji.org\/test\/pt\/evento-primordial\/#primaryimage"},"image":{"@id":"https:\/\/shrimataji.org\/test\/pt\/evento-primordial\/#primaryimage"},"thumbnailUrl":"https:\/\/shrimataji.org\/test\/wp-content\/uploads\/2023\/03\/11_Banner-PublicLife-PivotalMoment-scaled.jpg","datePublished":"2018-07-10T06:54:46+00:00","dateModified":"2026-01-16T00:36:58+00:00","breadcrumb":{"@id":"https:\/\/shrimataji.org\/test\/pt\/evento-primordial\/#breadcrumb"},"inLanguage":"en-US","potentialAction":[{"@type":"ReadAction","target":["https:\/\/shrimataji.org\/test\/pt\/evento-primordial\/"]}]},{"@type":"ImageObject","inLanguage":"en-US","@id":"https:\/\/shrimataji.org\/test\/pt\/evento-primordial\/#primaryimage","url":"https:\/\/shrimataji.org\/test\/wp-content\/uploads\/2023\/03\/11_Banner-PublicLife-PivotalMoment-scaled.jpg","contentUrl":"https:\/\/shrimataji.org\/test\/wp-content\/uploads\/2023\/03\/11_Banner-PublicLife-PivotalMoment-scaled.jpg","width":2560,"height":905},{"@type":"BreadcrumbList","@id":"https:\/\/shrimataji.org\/test\/pt\/evento-primordial\/#breadcrumb","itemListElement":[{"@type":"ListItem","position":1,"name":"Home","item":"https:\/\/shrimataji.org\/test\/uk\/home-en\/"},{"@type":"ListItem","position":2,"name":"O Evento Primordial"}]},{"@type":"WebSite","@id":"https:\/\/shrimataji.org\/test\/#website","url":"https:\/\/shrimataji.org\/test\/","name":"Shri Mataji Nirmala Devi","description":"A Life Dedicated to Humanity","publisher":{"@id":"https:\/\/shrimataji.org\/test\/#\/schema\/person\/a1b3419c6585f164aa96da1ff85715d1"},"potentialAction":[{"@type":"SearchAction","target":{"@type":"EntryPoint","urlTemplate":"https:\/\/shrimataji.org\/test\/?s={search_term_string}"},"query-input":{"@type":"PropertyValueSpecification","valueRequired":true,"valueName":"search_term_string"}}],"inLanguage":"en-US"},{"@type":["Person","Organization"],"@id":"https:\/\/shrimataji.org\/test\/#\/schema\/person\/a1b3419c6585f164aa96da1ff85715d1","name":"Nirmala Shrivastava","image":{"@type":"ImageObject","inLanguage":"en-US","@id":"https:\/\/shrimataji.org\/test\/wp-content\/uploads\/2023\/02\/SMO_LOGO-03.svg","url":"https:\/\/shrimataji.org\/test\/wp-content\/uploads\/2023\/02\/SMO_LOGO-03.svg","contentUrl":"https:\/\/shrimataji.org\/test\/wp-content\/uploads\/2023\/02\/SMO_LOGO-03.svg","width":"1024","height":"1024","caption":"Nirmala Shrivastava"},"logo":{"@id":"https:\/\/shrimataji.org\/test\/wp-content\/uploads\/2023\/02\/SMO_LOGO-03.svg"},"sameAs":["https:\/\/shrimataji.org\/test","https:\/\/www.facebook.com\/shrimataji","https:\/\/x.com\/shrimataji","https:\/\/www.youtube.com\/@Shri_Mataji_Nirmala_Devi\/featured"]}]}},"lang":"pt","translations":{"pt":10346,"ur":37383,"en":12554,"am":17954,"th":19876,"hu":19429,"sq":18355,"zh":17252,"hi":7332,"tr":10129,"de":10619,"fr":10717,"it":10815,"es":10913,"ja":11210,"ru":11398,"bn":11590,"te":11698,"sw":11821,"he":11969,"el":12260,"sk":12358,"fa":12456,"bg":13459,"ro":14531,"cs":14724,"nl":16515,"ku":16675,"ar":16851,"be":18562,"kn":18836,"mr":20240,"uk":20532,"ml":20831,"ta":22670,"sv":22943,"gu":28791,"pa":28949,"fil":29389,"da":37697,"pl":37916,"nn":38249},"pll_sync_post":[],"_links":{"self":[{"href":"https:\/\/shrimataji.org\/test\/wp-json\/wp\/v2\/pages\/10346","targetHints":{"allow":["GET"]}}],"collection":[{"href":"https:\/\/shrimataji.org\/test\/wp-json\/wp\/v2\/pages"}],"about":[{"href":"https:\/\/shrimataji.org\/test\/wp-json\/wp\/v2\/types\/page"}],"author":[{"embeddable":true,"href":"https:\/\/shrimataji.org\/test\/wp-json\/wp\/v2\/users\/18"}],"replies":[{"embeddable":true,"href":"https:\/\/shrimataji.org\/test\/wp-json\/wp\/v2\/comments?post=10346"}],"version-history":[{"count":0,"href":"https:\/\/shrimataji.org\/test\/wp-json\/wp\/v2\/pages\/10346\/revisions"}],"wp:featuredmedia":[{"embeddable":true,"href":"https:\/\/shrimataji.org\/test\/wp-json\/wp\/v2\/media\/9516"}],"wp:attachment":[{"href":"https:\/\/shrimataji.org\/test\/wp-json\/wp\/v2\/media?parent=10346"}],"curies":[{"name":"wp","href":"https:\/\/api.w.org\/{rel}","templated":true}]}}