{"id":10347,"date":"2011-12-05T02:00:00","date_gmt":"2011-12-05T02:00:00","guid":{"rendered":"http:\/\/testwordpress.nirmalnagari.org\/smnd\/index.php\/a-town-hall-for-the-world\/"},"modified":"2026-01-16T00:39:27","modified_gmt":"2026-01-16T00:39:27","slug":"prefeitura-para-o-mundo","status":"publish","type":"page","link":"https:\/\/shrimataji.org\/test\/pt\/prefeitura-para-o-mundo\/","title":{"rendered":"Uma Prefeitura para o Mundo"},"content":{"rendered":"\n\n\t<h1>Uma Prefeitura para o Mundo<\/h1>\n<h2>Onde os Cora\u00e7\u00f5es se Encontram<\/h2>\n\t\t\t\t<img decoding=\"async\" src=\"https:\/\/shrimataji.org\/test\/wp-content\/uploads\/2025\/12\/PT_caxton-hall-london-uk.jpg\" alt=\"Caxton Hall, Londres\" itemprop=\"image\" height=\"2000\" width=\"1500\" title=\"PT_caxton-hall-london-uk\" onerror=\"this.style.display='none'\" loading=\"lazy\" \/>\n\t\tCaxton Hall, Londres\n\t<p>Caxton Hall fica na Cidade de Westminster, no centro de Londres. Foi constru\u00eddo em meados do s\u00e9culo XIX e recebeu o nome em homenagem a William Caxton, o inventor da prensa tipogr\u00e1fica &#8211; uma inven\u00e7\u00e3o que revolucionou o acesso ao conhecimento. O local tem uma longa hist\u00f3ria como um espa\u00e7o onde ideias novas e ousadas foram trocadas e exploradas.<\/p>\n<p>Originalmente, Caxton Hall era um edif\u00edcio governamental &#8211; uma prefeitura. No entanto, assumiu um papel duplo ao longo dos anos. Cerim\u00f4nias civis e casamentos de celebridades aconteceram aqui, ao lado de reuni\u00f5es barulhentas, com\u00edcios, peti\u00e7\u00f5es e apelos por reforma social e ativismo pol\u00edtico. Foi das portas de Caxton Hall que muitas grandes ideias e movimentos do s\u00e9culo XX se espalharam para o cen\u00e1rio global. As vozes do movimento sufragista feminino, do socialismo e da primeira confer\u00eancia Pan-Africana que tratou das consequ\u00eancias da escravid\u00e3o s\u00e3o apenas alguns exemplos do que aconteceu aqui.<\/p>\n\t<p>Portanto, \u00e9 interessante que este tenha sido o sal\u00e3o escolhido por Shri Mataji Nirmala Devi quando, em 1977, ela decidiu levar sua mensagem \u00e0 esfera p\u00fablica. Entre 1977 e 1983, Shri Mataji subiu ao palco aqui quase cem vezes, marcando uma mudan\u00e7a significativa para um p\u00fablico mais amplo. Suas palavras eram para todos. O convite era aberto. A entrada, gratuita.<\/p>\n\t<p>O grande poeta bengali e vencedor do Pr\u00eamio Nobel, Rabindranath Tagore, realizou uma s\u00e9rie de palestras bem-sucedidas aqui no ver\u00e3o de 1913. As palestras tinham t\u00edtulos como &#8220;A Rela\u00e7\u00e3o do Indiv\u00edduo com o Universo&#8221;, &#8220;Consci\u00eancia da Alma&#8221;, &#8220;Realiza\u00e7\u00e3o no Amor&#8221; e &#8220;O Problema do Eu&#8221;. Esses eram temas que a pr\u00f3pria Shri Mataja abordaria diretamente cerca de setenta anos depois. Como seu predecessor, ela desejava compartilhar um conhecimento oriental antigo com um p\u00fablico ocidental e lev\u00e1-los em uma jornada dentro de si mesmos.<\/p>\n<h5>&#8220;Dentro de n\u00f3s temos aquilo onde o espa\u00e7o e o tempo deixam de governar e onde os elos da evolu\u00e7\u00e3o se fundem em unidade.&#8221;<\/h5>\n<h5>Rabindranath Tagore<\/h5>\n\t\t\t\t<img decoding=\"async\" src=\"https:\/\/shrimataji.org\/test\/wp-content\/uploads\/2025\/12\/PT_ravindranath-tagore-c1915.jpg\" alt=\"Rabindranath Tagore\" itemprop=\"image\" height=\"532\" width=\"395\" title=\"PT_ravindranath-tagore-c1915\" onerror=\"this.style.display='none'\" loading=\"lazy\" \/>\n\t\tRabindranath Tagore\n\t<p>No entanto, no caso de Shri Mataji, o objetivo de suas palestras n\u00e3o era apenas explorar uma nova ideia, mas realiz\u00e1-la. Suas palestras sempre vinham com um b\u00f4nus adicional. Ao final da noite, ela sempre oferecia \u00e0s pessoas a experi\u00eancia da realiza\u00e7\u00e3o do si. Guiando-os na quietude de uma medita\u00e7\u00e3o profunda, o p\u00fablico tinha a oportunidade de sentir sua pr\u00f3pria profundidade. A &#8220;Realiza\u00e7\u00e3o de Brahma&#8221; de Tagore tornou-se a &#8220;Experi\u00eancia do Verdadeiro Eu&#8221; de Shri Mataji.<\/p>\n\t<p>Mais uma vez, um movimento revolucion\u00e1rio havia sido lan\u00e7ado dos degraus de Caxton Hall. Um passo fundamental na capacidade do homem de ascender em um n\u00edvel espiritual foi dado, e muitos sentiram uma mudan\u00e7a profunda em si mesmos e uma transforma\u00e7\u00e3o em sua vis\u00e3o de mundo.<\/p>\n\t<p><img loading=\"lazy\" decoding=\"async\" src=\"https:\/\/shrimataji.org\/test\/wp-content\/uploads\/2018\/07\/media_originals\/images\/shri-mataji-with-people\/shri-mataji-nirmala-devi-clearing-technique-in-england-1024x672.jpg\" alt=\"\" width=\"1024\" height=\"672\" \/><\/p>\n\t<p>Durante seis anos, Shri Mataji falou a pessoas de todas as origens em Caxton Hall. Ela dedicou tempo a todas as suas preocupa\u00e7\u00f5es. Abordou aquelas grandes quest\u00f5es: &#8220;Por que estamos aqui?&#8221;, &#8220;Qual \u00e9 o prop\u00f3sito da minha vida?&#8221;, &#8220;Por que Deus nos criou?&#8221; e at\u00e9 &#8220;Deus existe?&#8221;. Ao final, todos eram convidados a se conectar com seu verdadeiro si.<\/p>\n<p>Assim, o minist\u00e9rio p\u00fablico de Shri Mataji no Ocidente realmente come\u00e7ou. Ali, em Caxton Hall, todos eram bem-vindos, e aquilo que era mais valioso era dado gratuitamente. Muitos daqueles que receberam sua realiza\u00e7\u00e3o do si permaneceram ao seu lado e apoiaram seus esfor\u00e7os para alcan\u00e7ar o maior n\u00famero poss\u00edvel de pessoas que buscavam a verdade.<\/p>\n\t<p>Em 1980, a pr\u00f3pria Shri Mataji disse: &#8220;A busca (pela verdade) est\u00e1 em andamento e muitas lojas foram abertas (pessoas prometendo a verdade). Isto n\u00e3o \u00e9 uma loja. Isto \u00e9 um templo, e um templo no mercado tem muito pouco valor. Se voc\u00ea tiver que subir sete montanhas para ir ao templo, ele tem muito mais valor. Mas apenas alguns conseguem chegar l\u00e1 vivos. Ent\u00e3o, o templo teve que descer at\u00e9 Londres, at\u00e9 Caxton Hall, para falar com as pessoas&#8221;.<\/p>\n<p>Shri Mataji acolheu e abra\u00e7ou a todos com o presente de dar realiza\u00e7\u00e3o do si.<\/p>\n<p>Nas palavras de Tagore, &#8220;\u00e9 a nobre fun\u00e7\u00e3o do amor acolher todas as limita\u00e7\u00f5es e transcend\u00ea-las&#8221;, e o amor e o dom de amor de Shri Mataji transcendem todos os obst\u00e1culos para iluminar o cora\u00e7\u00e3o e o mundo.<\/p>\n<div class=\"su-quote su-quote-style-default\"><div class=\"su-quote-inner su-u-clearfix su-u-trim\">A verdade \u00e9 o que \u00e9. N\u00e3o podemos mud\u00e1-la. N\u00e3o podemos transform\u00e1-la. N\u00e3o podemos conceitu\u00e1-la.<\/div><\/div>\n\t\t\t\t<img decoding=\"async\" src=\"https:\/\/shrimataji.org\/test\/wp-content\/uploads\/2025\/12\/PT_shri-mataji-nirmala-devi-bath-england-1977.jpg\" alt=\"Shri Mataji em Bath, Inglaterra, 1977\" itemprop=\"image\" height=\"1259\" width=\"933\" title=\"PT_shri-mataji-nirmala-devi-bath-england-1977\" onerror=\"this.style.display='none'\" loading=\"lazy\" \/>\n\t\tShri Mataji em Bath, Inglaterra, 1977\n\n","protected":false},"excerpt":{"rendered":"<p>Uma Prefeitura para o Mundo Onde os Cora\u00e7\u00f5es se Encontram Caxton Hall, Londres Caxton Hall fica na Cidade de Westminster, no centro de Londres. Foi constru\u00eddo em meados do s\u00e9culo XIX e recebeu o nome em homenagem a William Caxton, o inventor da prensa tipogr\u00e1fica &#8211; uma inven\u00e7\u00e3o que revolucionou o acesso ao conhecimento. O&hellip; <br \/> <a class=\"read-more\" href=\"https:\/\/shrimataji.org\/test\/pt\/prefeitura-para-o-mundo\/\">Read more<\/a><\/p>\n","protected":false},"author":18,"featured_media":9505,"parent":0,"menu_order":0,"comment_status":"closed","ping_status":"closed","template":"","meta":{"inline_featured_image":false,"footnotes":"","advanced-sidebar-menu\/link-title":"","advanced-sidebar-menu\/exclude-page":false},"class_list":["post-10347","page","type-page","status-publish","has-post-thumbnail","hentry"],"yoast_head":"<!-- This site is optimized with the Yoast SEO plugin v27.6 - https:\/\/yoast.com\/product\/yoast-seo-wordpress\/ -->\n<title>Uma Prefeitura para o Mundo - TEST - SMND<\/title>\n<meta name=\"robots\" content=\"noindex, follow, max-snippet:-1, max-image-preview:large, max-video-preview:-1\" \/>\n<meta property=\"og:locale\" content=\"en_US\" \/>\n<meta property=\"og:type\" content=\"article\" \/>\n<meta property=\"og:title\" content=\"Uma Prefeitura para o Mundo - TEST - SMND\" \/>\n<meta property=\"og:description\" content=\"Uma Prefeitura para o Mundo Onde os Cora\u00e7\u00f5es se Encontram Caxton Hall, Londres Caxton Hall fica na Cidade de Westminster, no centro de Londres. Foi constru\u00eddo em meados do s\u00e9culo XIX e recebeu o nome em homenagem a William Caxton, o inventor da prensa tipogr\u00e1fica &#8211; uma inven\u00e7\u00e3o que revolucionou o acesso ao conhecimento. O&hellip; Read more\" \/>\n<meta property=\"og:url\" content=\"https:\/\/shrimataji.org\/test\/pt\/prefeitura-para-o-mundo\/\" \/>\n<meta property=\"og:site_name\" content=\"TEST - SMND\" \/>\n<meta property=\"article:publisher\" content=\"https:\/\/www.facebook.com\/shrimataji\" \/>\n<meta property=\"article:modified_time\" content=\"2026-01-16T00:39:27+00:00\" \/>\n<meta property=\"og:image\" content=\"https:\/\/shrimataji.org\/test\/wp-content\/uploads\/2023\/03\/12_Banner-PublicLife-Hall-scaled.jpg\" \/>\n\t<meta property=\"og:image:width\" content=\"2560\" \/>\n\t<meta property=\"og:image:height\" content=\"905\" \/>\n\t<meta property=\"og:image:type\" content=\"image\/jpeg\" \/>\n<meta name=\"twitter:card\" content=\"summary_large_image\" \/>\n<meta name=\"twitter:site\" content=\"@shrimataji\" \/>\n<meta name=\"twitter:label1\" content=\"Est. reading time\" \/>\n\t<meta name=\"twitter:data1\" content=\"4 minutes\" \/>\n<script type=\"application\/ld+json\" class=\"yoast-schema-graph\">{\"@context\":\"https:\\\/\\\/schema.org\",\"@graph\":[{\"@type\":\"WebPage\",\"@id\":\"https:\\\/\\\/shrimataji.org\\\/test\\\/pt\\\/prefeitura-para-o-mundo\\\/\",\"url\":\"https:\\\/\\\/shrimataji.org\\\/test\\\/pt\\\/prefeitura-para-o-mundo\\\/\",\"name\":\"Uma Prefeitura para o Mundo - TEST - SMND\",\"isPartOf\":{\"@id\":\"https:\\\/\\\/shrimataji.org\\\/test\\\/#website\"},\"primaryImageOfPage\":{\"@id\":\"https:\\\/\\\/shrimataji.org\\\/test\\\/pt\\\/prefeitura-para-o-mundo\\\/#primaryimage\"},\"image\":{\"@id\":\"https:\\\/\\\/shrimataji.org\\\/test\\\/pt\\\/prefeitura-para-o-mundo\\\/#primaryimage\"},\"thumbnailUrl\":\"https:\\\/\\\/shrimataji.org\\\/test\\\/wp-content\\\/uploads\\\/2023\\\/03\\\/12_Banner-PublicLife-Hall-scaled.jpg\",\"datePublished\":\"2011-12-05T02:00:00+00:00\",\"dateModified\":\"2026-01-16T00:39:27+00:00\",\"breadcrumb\":{\"@id\":\"https:\\\/\\\/shrimataji.org\\\/test\\\/pt\\\/prefeitura-para-o-mundo\\\/#breadcrumb\"},\"inLanguage\":\"en-US\",\"potentialAction\":[{\"@type\":\"ReadAction\",\"target\":[\"https:\\\/\\\/shrimataji.org\\\/test\\\/pt\\\/prefeitura-para-o-mundo\\\/\"]}]},{\"@type\":\"ImageObject\",\"inLanguage\":\"en-US\",\"@id\":\"https:\\\/\\\/shrimataji.org\\\/test\\\/pt\\\/prefeitura-para-o-mundo\\\/#primaryimage\",\"url\":\"https:\\\/\\\/shrimataji.org\\\/test\\\/wp-content\\\/uploads\\\/2023\\\/03\\\/12_Banner-PublicLife-Hall-scaled.jpg\",\"contentUrl\":\"https:\\\/\\\/shrimataji.org\\\/test\\\/wp-content\\\/uploads\\\/2023\\\/03\\\/12_Banner-PublicLife-Hall-scaled.jpg\",\"width\":2560,\"height\":905},{\"@type\":\"BreadcrumbList\",\"@id\":\"https:\\\/\\\/shrimataji.org\\\/test\\\/pt\\\/prefeitura-para-o-mundo\\\/#breadcrumb\",\"itemListElement\":[{\"@type\":\"ListItem\",\"position\":1,\"name\":\"Home\",\"item\":\"https:\\\/\\\/shrimataji.org\\\/test\\\/uk\\\/home-en\\\/\"},{\"@type\":\"ListItem\",\"position\":2,\"name\":\"Uma Prefeitura para o Mundo\"}]},{\"@type\":\"WebSite\",\"@id\":\"https:\\\/\\\/shrimataji.org\\\/test\\\/#website\",\"url\":\"https:\\\/\\\/shrimataji.org\\\/test\\\/\",\"name\":\"Shri Mataji Nirmala Devi\",\"description\":\"A Life Dedicated to Humanity\",\"publisher\":{\"@id\":\"https:\\\/\\\/shrimataji.org\\\/test\\\/#\\\/schema\\\/person\\\/a1b3419c6585f164aa96da1ff85715d1\"},\"potentialAction\":[{\"@type\":\"SearchAction\",\"target\":{\"@type\":\"EntryPoint\",\"urlTemplate\":\"https:\\\/\\\/shrimataji.org\\\/test\\\/?s={search_term_string}\"},\"query-input\":{\"@type\":\"PropertyValueSpecification\",\"valueRequired\":true,\"valueName\":\"search_term_string\"}}],\"inLanguage\":\"en-US\"},{\"@type\":[\"Person\",\"Organization\"],\"@id\":\"https:\\\/\\\/shrimataji.org\\\/test\\\/#\\\/schema\\\/person\\\/a1b3419c6585f164aa96da1ff85715d1\",\"name\":\"Nirmala Shrivastava\",\"image\":{\"@type\":\"ImageObject\",\"inLanguage\":\"en-US\",\"@id\":\"https:\\\/\\\/shrimataji.org\\\/test\\\/wp-content\\\/uploads\\\/2023\\\/02\\\/SMO_LOGO-03.svg\",\"url\":\"https:\\\/\\\/shrimataji.org\\\/test\\\/wp-content\\\/uploads\\\/2023\\\/02\\\/SMO_LOGO-03.svg\",\"contentUrl\":\"https:\\\/\\\/shrimataji.org\\\/test\\\/wp-content\\\/uploads\\\/2023\\\/02\\\/SMO_LOGO-03.svg\",\"width\":\"1024\",\"height\":\"1024\",\"caption\":\"Nirmala Shrivastava\"},\"logo\":{\"@id\":\"https:\\\/\\\/shrimataji.org\\\/test\\\/wp-content\\\/uploads\\\/2023\\\/02\\\/SMO_LOGO-03.svg\"},\"sameAs\":[\"https:\\\/\\\/shrimataji.org\\\/test\",\"https:\\\/\\\/www.facebook.com\\\/shrimataji\",\"https:\\\/\\\/x.com\\\/shrimataji\",\"https:\\\/\\\/www.youtube.com\\\/@Shri_Mataji_Nirmala_Devi\\\/featured\"]}]}<\/script>\n<!-- \/ Yoast SEO plugin. -->","yoast_head_json":{"title":"Uma Prefeitura para o Mundo - TEST - SMND","robots":{"index":"noindex","follow":"follow","max-snippet":"max-snippet:-1","max-image-preview":"max-image-preview:large","max-video-preview":"max-video-preview:-1"},"og_locale":"en_US","og_type":"article","og_title":"Uma Prefeitura para o Mundo - TEST - SMND","og_description":"Uma Prefeitura para o Mundo Onde os Cora\u00e7\u00f5es se Encontram Caxton Hall, Londres Caxton Hall fica na Cidade de Westminster, no centro de Londres. Foi constru\u00eddo em meados do s\u00e9culo XIX e recebeu o nome em homenagem a William Caxton, o inventor da prensa tipogr\u00e1fica &#8211; uma inven\u00e7\u00e3o que revolucionou o acesso ao conhecimento. O&hellip; Read more","og_url":"https:\/\/shrimataji.org\/test\/pt\/prefeitura-para-o-mundo\/","og_site_name":"TEST - SMND","article_publisher":"https:\/\/www.facebook.com\/shrimataji","article_modified_time":"2026-01-16T00:39:27+00:00","og_image":[{"width":2560,"height":905,"url":"https:\/\/shrimataji.org\/test\/wp-content\/uploads\/2023\/03\/12_Banner-PublicLife-Hall-scaled.jpg","type":"image\/jpeg"}],"twitter_card":"summary_large_image","twitter_site":"@shrimataji","twitter_misc":{"Est. reading time":"4 minutes"},"schema":{"@context":"https:\/\/schema.org","@graph":[{"@type":"WebPage","@id":"https:\/\/shrimataji.org\/test\/pt\/prefeitura-para-o-mundo\/","url":"https:\/\/shrimataji.org\/test\/pt\/prefeitura-para-o-mundo\/","name":"Uma Prefeitura para o Mundo - TEST - SMND","isPartOf":{"@id":"https:\/\/shrimataji.org\/test\/#website"},"primaryImageOfPage":{"@id":"https:\/\/shrimataji.org\/test\/pt\/prefeitura-para-o-mundo\/#primaryimage"},"image":{"@id":"https:\/\/shrimataji.org\/test\/pt\/prefeitura-para-o-mundo\/#primaryimage"},"thumbnailUrl":"https:\/\/shrimataji.org\/test\/wp-content\/uploads\/2023\/03\/12_Banner-PublicLife-Hall-scaled.jpg","datePublished":"2011-12-05T02:00:00+00:00","dateModified":"2026-01-16T00:39:27+00:00","breadcrumb":{"@id":"https:\/\/shrimataji.org\/test\/pt\/prefeitura-para-o-mundo\/#breadcrumb"},"inLanguage":"en-US","potentialAction":[{"@type":"ReadAction","target":["https:\/\/shrimataji.org\/test\/pt\/prefeitura-para-o-mundo\/"]}]},{"@type":"ImageObject","inLanguage":"en-US","@id":"https:\/\/shrimataji.org\/test\/pt\/prefeitura-para-o-mundo\/#primaryimage","url":"https:\/\/shrimataji.org\/test\/wp-content\/uploads\/2023\/03\/12_Banner-PublicLife-Hall-scaled.jpg","contentUrl":"https:\/\/shrimataji.org\/test\/wp-content\/uploads\/2023\/03\/12_Banner-PublicLife-Hall-scaled.jpg","width":2560,"height":905},{"@type":"BreadcrumbList","@id":"https:\/\/shrimataji.org\/test\/pt\/prefeitura-para-o-mundo\/#breadcrumb","itemListElement":[{"@type":"ListItem","position":1,"name":"Home","item":"https:\/\/shrimataji.org\/test\/uk\/home-en\/"},{"@type":"ListItem","position":2,"name":"Uma Prefeitura para o Mundo"}]},{"@type":"WebSite","@id":"https:\/\/shrimataji.org\/test\/#website","url":"https:\/\/shrimataji.org\/test\/","name":"Shri Mataji Nirmala Devi","description":"A Life Dedicated to Humanity","publisher":{"@id":"https:\/\/shrimataji.org\/test\/#\/schema\/person\/a1b3419c6585f164aa96da1ff85715d1"},"potentialAction":[{"@type":"SearchAction","target":{"@type":"EntryPoint","urlTemplate":"https:\/\/shrimataji.org\/test\/?s={search_term_string}"},"query-input":{"@type":"PropertyValueSpecification","valueRequired":true,"valueName":"search_term_string"}}],"inLanguage":"en-US"},{"@type":["Person","Organization"],"@id":"https:\/\/shrimataji.org\/test\/#\/schema\/person\/a1b3419c6585f164aa96da1ff85715d1","name":"Nirmala Shrivastava","image":{"@type":"ImageObject","inLanguage":"en-US","@id":"https:\/\/shrimataji.org\/test\/wp-content\/uploads\/2023\/02\/SMO_LOGO-03.svg","url":"https:\/\/shrimataji.org\/test\/wp-content\/uploads\/2023\/02\/SMO_LOGO-03.svg","contentUrl":"https:\/\/shrimataji.org\/test\/wp-content\/uploads\/2023\/02\/SMO_LOGO-03.svg","width":"1024","height":"1024","caption":"Nirmala Shrivastava"},"logo":{"@id":"https:\/\/shrimataji.org\/test\/wp-content\/uploads\/2023\/02\/SMO_LOGO-03.svg"},"sameAs":["https:\/\/shrimataji.org\/test","https:\/\/www.facebook.com\/shrimataji","https:\/\/x.com\/shrimataji","https:\/\/www.youtube.com\/@Shri_Mataji_Nirmala_Devi\/featured"]}]}},"lang":"pt","translations":{"pt":10347,"ur":37385,"en":443,"am":17956,"th":19879,"hu":19431,"sq":18357,"zh":17254,"hi":8514,"tr":10130,"pl":10239,"de":10620,"fr":10718,"it":10816,"es":10914,"ja":11211,"ru":11399,"bn":11591,"te":11699,"sw":11822,"he":11970,"el":12261,"sk":12359,"fa":12457,"fi":12555,"bg":13504,"ro":14579,"cs":14772,"nl":16517,"ku":16677,"ar":16853,"be":18564,"kn":18838,"mr":20243,"uk":20535,"ml":20834,"ta":22672,"sv":22945,"gu":28793,"pa":28951,"fil":29391,"da":37699,"nn":38251},"pll_sync_post":{},"_links":{"self":[{"href":"https:\/\/shrimataji.org\/test\/wp-json\/wp\/v2\/pages\/10347","targetHints":{"allow":["GET"]}}],"collection":[{"href":"https:\/\/shrimataji.org\/test\/wp-json\/wp\/v2\/pages"}],"about":[{"href":"https:\/\/shrimataji.org\/test\/wp-json\/wp\/v2\/types\/page"}],"author":[{"embeddable":true,"href":"https:\/\/shrimataji.org\/test\/wp-json\/wp\/v2\/users\/18"}],"replies":[{"embeddable":true,"href":"https:\/\/shrimataji.org\/test\/wp-json\/wp\/v2\/comments?post=10347"}],"version-history":[{"count":0,"href":"https:\/\/shrimataji.org\/test\/wp-json\/wp\/v2\/pages\/10347\/revisions"}],"wp:featuredmedia":[{"embeddable":true,"href":"https:\/\/shrimataji.org\/test\/wp-json\/wp\/v2\/media\/9505"}],"wp:attachment":[{"href":"https:\/\/shrimataji.org\/test\/wp-json\/wp\/v2\/media?parent=10347"}],"curies":[{"name":"wp","href":"https:\/\/api.w.org\/{rel}","templated":true}]}}