{"id":10348,"date":"2022-03-05T07:57:08","date_gmt":"2022-03-05T07:57:08","guid":{"rendered":"https:\/\/test.shrimataji.org\/?page_id=6497"},"modified":"2026-01-19T11:41:41","modified_gmt":"2026-01-19T11:41:41","slug":"agnya-chakra-pt","status":"publish","type":"page","link":"https:\/\/shrimataji.org\/test\/pt\/agnya-chakra-pt\/","title":{"rendered":"Agnya Chakra PT"},"content":{"rendered":"\n\n\t<h1>Agnya Chakra<\/h1>\n<h2>O Poder do Perd\u00e3o<\/h2>\n<h4>A ess\u00eancia deste Chakra \u00e9 o perd\u00e3o. Quando n\u00e3o perdoamos, realmente nos prejudicamos ao desequilibrar este Chakra. O perd\u00e3o \u00e9 o poder de deixar ir a raiva, o \u00f3dio e o ressentimento, o que n\u00e3o \u00e9 f\u00e1cil antes da realiza\u00e7\u00e3o do si. Ao simplesmente dizer &#8220;eu perdoo&#8221; de cora\u00e7\u00e3o sincero, nossa <a href=\"https:\/\/shrimataji.org\/test\/pt\/kundalini\/\">Kundalini<\/a> pode penetrar este centro e nos levar para o reino do sil\u00eancio divino, permitindo-nos facilmente entrar no estado de consci\u00eancia sem pensamentos durante nossa medita\u00e7\u00e3o.<\/h4>\n<p>Atrav\u00e9s do poder do perd\u00e3o, descobrimos a natureza sublime de nosso Esp\u00edrito &#8211; humildade, nobreza, generosidade, amor e compaix\u00e3o infinitos por todos. Atrav\u00e9s da medita\u00e7\u00e3o, a maturidade de um Agnya Chakra purificado dissolve todo o nosso ego, condicionamentos, h\u00e1bitos, concep\u00e7\u00f5es err\u00f4neas de racismo e todas as nossas falsas identifica\u00e7\u00f5es. Nas escrituras, este chakra \u00e9 descrito como o estreito port\u00e3o que abre caminho para nossa consci\u00eancia alcan\u00e7ar seu destino final, o s\u00e9timo centro, o Chakra do Sahasrara, que simboliza o reino espiritual mais puro da exist\u00eancia.<\/p>\n\t\t<iframe loading=\"lazy\" title=\"Agnya Chakra\" width=\"1920\" height=\"1080\" src=\"https:\/\/www.youtube.com\/embed\/Fu9CT50ZFSc?feature=oembed\" frameborder=\"0\" allow=\"accelerometer; autoplay; clipboard-write; encrypted-media; gyroscope; picture-in-picture; web-share\" allowfullscreen><\/iframe>\t\n\t<strong>Localiza\u00e7\u00e3o<\/strong>:<strong><br \/>\n<\/strong>O Agnya Chakra est\u00e1 localizado em nosso c\u00e9rebro, perto da interse\u00e7\u00e3o das fibras do nervo \u00f3ptico (chamada de quiasma \u00f3ptico na terminologia m\u00e9dica), no centro de nossa testa. As vibra\u00e7\u00f5es do Agnya Chakra podem ser sentidas em nossos dedos anelares de ambas as m\u00e3os.\n<strong>Cor<\/strong>:<strong><br \/>\n<\/strong>A cor prateada representa o Agnya Chakra. Este Chakra est\u00e1 em sintonia com a ess\u00eancia da luz.\n<p><strong>As qualidades do Agnya Chakra incluem:<\/strong><\/p>\n\u2022 Perd\u00e3o<br \/>\n\u2022 Compaix\u00e3o<br \/>\n\u2022 Humildade<br \/>\n\u2022 Consci\u00eancia sem pensamentos<br \/>\n\u2022 Ego e superego\n\t\t\t\t<a href=\"https:\/\/shrimataji.org\/test\/wp-content\/uploads\/2023\/02\/6-Agnya-01.png\"  target=\"_blank\" rel=\"noopener\"  itemprop=\"url\">\n\t\t\t\t<img decoding=\"async\" src=\"https:\/\/shrimataji.org\/test\/wp-content\/uploads\/2023\/02\/6-Agnya-01.png\" alt=\"\u0d06\u0d1c\u0d4d\u0d1e \u0d1a\u0d15\u0d4d\u0d30\u0d02\" itemprop=\"image\" height=\"3426\" width=\"3214\" title=\"\u0d06\u0d1c\u0d4d\u0d1e \u0d1a\u0d15\u0d4d\u0d30\u0d02\" onerror=\"this.style.display='none'\" loading=\"lazy\" \/>\n\t\t\t\t<\/a>\n\t<p>A qualidade principal do Agnya Chakra \u00e9 o perd\u00e3o. \u00c9 por meio do despertar deste Chakra que desenvolvemos a capacidade de perdoar os outros e tamb\u00e9m a n\u00f3s mesmos por nossas falhas humanas. O Agnya Chakra tamb\u00e9m \u00e9 conhecido como &#8220;o terceiro olho&#8221;. Este terceiro olho n\u00e3o se trata de ver imagens esot\u00e9ricas ou desenvolver habilidades clarividentes, como muitos outros praticantes de yoga afirmam, mas sim de mudar a perspectiva \u00e0 qual estamos predominantemente acostumados por meio de nossos preconceitos mentais e emocionais. A mesma vida que era estressante, frequentemente entediante ou sem sentido se enche de alegria, amor e compaix\u00e3o ap\u00f3s a realiza\u00e7\u00e3o do si e da abertura do Agnya Chakra, \u00e0 medida que percebemos o verdadeiro prop\u00f3sito de nosso nascimento. Nem riqueza nem escassez podem nos elevar ou nos decepcionar, pois nos estabelecemos confortavelmente na realidade de nossa natureza espiritual. Alcan\u00e7ar esse reino superior nos ajuda a entender por que Buda nunca sentiu a necessidade de voltar ao conforto de seu pal\u00e1cio ap\u00f3s sua ilumina\u00e7\u00e3o.<\/p>\n<p><strong>Experi\u00eancia e Benef\u00edcios:<\/strong><\/p>\n<p>Seu Agnya Chakra controla sua vis\u00e3o, audi\u00e7\u00e3o e pensamentos. Ele tamb\u00e9m controla sua gl\u00e2ndula pituit\u00e1ria. Essa gl\u00e2ndula essencial, tamb\u00e9m conhecida como &#8220;a gl\u00e2ndula mestra&#8221;, regula todas as outras gl\u00e2ndulas end\u00f3crinas e influencia seu crescimento, matura\u00e7\u00e3o fisiol\u00f3gica, metabolismo e sono. Muitos de n\u00f3s passam longas horas no computador como parte de nossos trabalhos. Tamb\u00e9m passamos muito tempo assistindo televis\u00e3o. O excesso de est\u00edmulo visual pode enfraquecer o Agnya Chakra. Felizmente, a pr\u00e1tica regular da medita\u00e7\u00e3o na Sahaja Yoga pode aliviar esse problema. Seu Agnya esquerdo est\u00e1 conectado \u00e0 parte do superego do seu c\u00e9rebro, que ret\u00e9m suas mem\u00f3rias, experi\u00eancias, h\u00e1bitos e emo\u00e7\u00f5es. Seu Agnya direito est\u00e1 conectado \u00e0 parte do ego do seu c\u00e9rebro, que se concentra no futuro por meio do pensamento, planejamento e a\u00e7\u00e3o. Seu ego e superego se intersectam dentro do Agnya Chakra.<\/p>\n<p>Se o seu Agnya esquerdo estiver hiperativo, seu superego pode inflar como um bal\u00e3o. Todo esse foco no passado pode levar ao desenvolvimento de um temperamento altamente emocional e pensamentos ou comportamentos autodestrutivos. Da mesma forma, se o seu Agnya direito estiver hiperativo, seu ego se inflar\u00e1 com todo o excesso de pensamento e planejamento. Isso pode levar \u00e0 agita\u00e7\u00e3o, perda frequente de temperamento e at\u00e9 mesmo comportamento agressivo em rela\u00e7\u00e3o aos outros.<\/p>\n<p>Felizmente, iluminar o Agnya Chakra com energia Kundalini \u00e9 uma maneira muito eficaz de equilibrar e esvaziar esses bal\u00f5es. O sil\u00eancio mental que vem da medita\u00e7\u00e3o inspira humildade em todos n\u00f3s. Atrav\u00e9s da humildade, desenvolvemos o poder do perd\u00e3o. O perd\u00e3o trata-se de aceita\u00e7\u00e3o e cura. Ele nos liberta dos la\u00e7os negativos de raiva, \u00f3dio e ressentimento. Ao perdoar, podemos experimentar uma tremenda sensa\u00e7\u00e3o de paz e al\u00edvio.<\/p>\n<strong>Diagn\u00f3stico Pessoal<\/strong>:<strong><br \/>\n<\/strong>Se o seu Agnya Chakra estiver bloqueado, voc\u00ea pode experimentar uma incapacidade de perdoar a si mesmo ou aos outros. Tamb\u00e9m pode se encontrar preso ao passado ou dominado pela autopiedade. Ego\u00edsmo e agressividade s\u00e3o outros sinais de desequil\u00edbrio no Agnya Chakra, assim como uma obsess\u00e3o por pornografia ou fantasias sexuais perturbadoras. Preocupa\u00e7\u00f5es, pensamentos excessivos e planejamento exagerado tamb\u00e9m podem indicar um bloqueio do Agnya Chakra.\n<p><strong>Motivos de Desequil\u00edbrios<\/strong>:<\/p>\n<ul>\n<li>Conceitos inflex\u00edveis.<\/li>\n<li>Padr\u00f5es de comportamento r\u00edgidos.<\/li>\n<li>Levar nossas a\u00e7\u00f5es aos extremos.<\/li>\n<\/ul>\n<strong>Como Equilibrar<\/strong>:<strong><br \/>\n<\/strong>\n<p>Para equilibrar seu Agnya Chakra, pratique seu exerc\u00edcio de medita\u00e7\u00e3o em um local tranquilo. Experimente meditar ao ar livre enquanto observa o c\u00e9u. Voc\u00ea tamb\u00e9m pode colocar sua m\u00e3o direita na testa, abaixar ligeiramente a cabe\u00e7a e dizer: &#8220;Eu perdoo a todos, inclusive a mim mesmo.&#8221; Tente expressar seu perd\u00e3o de cora\u00e7\u00e3o.<\/p>\n<p>A melhor maneira de manter seu Agnya Chakra equilibrado \u00e9 evitar pensamentos e planejamentos excessivos. Viva no presente &#8211; e aproveite cada segundo!<\/p>\n\n","protected":false},"excerpt":{"rendered":"<p>Agnya Chakra O Poder do Perd\u00e3o A ess\u00eancia deste Chakra \u00e9 o perd\u00e3o. Quando n\u00e3o perdoamos, realmente nos prejudicamos ao desequilibrar este Chakra. O perd\u00e3o \u00e9 o poder de deixar ir a raiva, o \u00f3dio e o ressentimento, o que n\u00e3o \u00e9 f\u00e1cil antes da realiza\u00e7\u00e3o do si. Ao simplesmente dizer &#8220;eu perdoo&#8221; de cora\u00e7\u00e3o&hellip; <br \/> <a class=\"read-more\" href=\"https:\/\/shrimataji.org\/test\/pt\/agnya-chakra-pt\/\">Read more<\/a><\/p>\n","protected":false},"author":18,"featured_media":9256,"parent":0,"menu_order":0,"comment_status":"closed","ping_status":"closed","template":"","meta":{"inline_featured_image":false,"footnotes":""},"class_list":["post-10348","page","type-page","status-publish","has-post-thumbnail","hentry"],"yoast_head":"<!-- This site is optimized with the Yoast SEO plugin v27.4 - https:\/\/yoast.com\/product\/yoast-seo-wordpress\/ -->\n<title>Agnya Chakra PT - TEST - SMND<\/title>\n<meta name=\"robots\" content=\"noindex, follow, max-snippet:-1, max-image-preview:large, max-video-preview:-1\" \/>\n<meta property=\"og:locale\" content=\"en_US\" \/>\n<meta property=\"og:type\" content=\"article\" \/>\n<meta property=\"og:title\" content=\"Agnya Chakra PT - TEST - SMND\" \/>\n<meta property=\"og:description\" content=\"Agnya Chakra O Poder do Perd\u00e3o A ess\u00eancia deste Chakra \u00e9 o perd\u00e3o. Quando n\u00e3o perdoamos, realmente nos prejudicamos ao desequilibrar este Chakra. O perd\u00e3o \u00e9 o poder de deixar ir a raiva, o \u00f3dio e o ressentimento, o que n\u00e3o \u00e9 f\u00e1cil antes da realiza\u00e7\u00e3o do si. Ao simplesmente dizer &#8220;eu perdoo&#8221; de cora\u00e7\u00e3o&hellip; Read more\" \/>\n<meta property=\"og:url\" content=\"https:\/\/shrimataji.org\/test\/pt\/agnya-chakra-pt\/\" \/>\n<meta property=\"og:site_name\" content=\"TEST - SMND\" \/>\n<meta property=\"article:publisher\" content=\"https:\/\/www.facebook.com\/shrimataji\" \/>\n<meta property=\"article:modified_time\" content=\"2026-01-19T11:41:41+00:00\" \/>\n<meta property=\"og:image\" content=\"https:\/\/shrimataji.org\/test\/wp-content\/uploads\/2023\/03\/21_Banner-SY-Chakra-agnya-scaled.jpg\" \/>\n\t<meta property=\"og:image:width\" content=\"2560\" \/>\n\t<meta property=\"og:image:height\" content=\"905\" \/>\n\t<meta property=\"og:image:type\" content=\"image\/jpeg\" \/>\n<meta name=\"twitter:card\" content=\"summary_large_image\" \/>\n<meta name=\"twitter:site\" content=\"@shrimataji\" \/>\n<meta name=\"twitter:label1\" content=\"Est. reading time\" \/>\n\t<meta name=\"twitter:data1\" content=\"4 minutes\" \/>\n<script type=\"application\/ld+json\" class=\"yoast-schema-graph\">{\"@context\":\"https:\\\/\\\/schema.org\",\"@graph\":[{\"@type\":\"WebPage\",\"@id\":\"https:\\\/\\\/shrimataji.org\\\/test\\\/pt\\\/agnya-chakra-pt\\\/\",\"url\":\"https:\\\/\\\/shrimataji.org\\\/test\\\/pt\\\/agnya-chakra-pt\\\/\",\"name\":\"Agnya Chakra PT - TEST - SMND\",\"isPartOf\":{\"@id\":\"https:\\\/\\\/shrimataji.org\\\/test\\\/#website\"},\"primaryImageOfPage\":{\"@id\":\"https:\\\/\\\/shrimataji.org\\\/test\\\/pt\\\/agnya-chakra-pt\\\/#primaryimage\"},\"image\":{\"@id\":\"https:\\\/\\\/shrimataji.org\\\/test\\\/pt\\\/agnya-chakra-pt\\\/#primaryimage\"},\"thumbnailUrl\":\"https:\\\/\\\/shrimataji.org\\\/test\\\/wp-content\\\/uploads\\\/2023\\\/03\\\/21_Banner-SY-Chakra-agnya-scaled.jpg\",\"datePublished\":\"2022-03-05T07:57:08+00:00\",\"dateModified\":\"2026-01-19T11:41:41+00:00\",\"breadcrumb\":{\"@id\":\"https:\\\/\\\/shrimataji.org\\\/test\\\/pt\\\/agnya-chakra-pt\\\/#breadcrumb\"},\"inLanguage\":\"en-US\",\"potentialAction\":[{\"@type\":\"ReadAction\",\"target\":[\"https:\\\/\\\/shrimataji.org\\\/test\\\/pt\\\/agnya-chakra-pt\\\/\"]}]},{\"@type\":\"ImageObject\",\"inLanguage\":\"en-US\",\"@id\":\"https:\\\/\\\/shrimataji.org\\\/test\\\/pt\\\/agnya-chakra-pt\\\/#primaryimage\",\"url\":\"https:\\\/\\\/shrimataji.org\\\/test\\\/wp-content\\\/uploads\\\/2023\\\/03\\\/21_Banner-SY-Chakra-agnya-scaled.jpg\",\"contentUrl\":\"https:\\\/\\\/shrimataji.org\\\/test\\\/wp-content\\\/uploads\\\/2023\\\/03\\\/21_Banner-SY-Chakra-agnya-scaled.jpg\",\"width\":2560,\"height\":905},{\"@type\":\"BreadcrumbList\",\"@id\":\"https:\\\/\\\/shrimataji.org\\\/test\\\/pt\\\/agnya-chakra-pt\\\/#breadcrumb\",\"itemListElement\":[{\"@type\":\"ListItem\",\"position\":1,\"name\":\"Home\",\"item\":\"https:\\\/\\\/shrimataji.org\\\/test\\\/uk\\\/home-en\\\/\"},{\"@type\":\"ListItem\",\"position\":2,\"name\":\"Agnya Chakra PT\"}]},{\"@type\":\"WebSite\",\"@id\":\"https:\\\/\\\/shrimataji.org\\\/test\\\/#website\",\"url\":\"https:\\\/\\\/shrimataji.org\\\/test\\\/\",\"name\":\"Shri Mataji Nirmala Devi\",\"description\":\"A Life Dedicated to Humanity\",\"publisher\":{\"@id\":\"https:\\\/\\\/shrimataji.org\\\/test\\\/#\\\/schema\\\/person\\\/a1b3419c6585f164aa96da1ff85715d1\"},\"potentialAction\":[{\"@type\":\"SearchAction\",\"target\":{\"@type\":\"EntryPoint\",\"urlTemplate\":\"https:\\\/\\\/shrimataji.org\\\/test\\\/?s={search_term_string}\"},\"query-input\":{\"@type\":\"PropertyValueSpecification\",\"valueRequired\":true,\"valueName\":\"search_term_string\"}}],\"inLanguage\":\"en-US\"},{\"@type\":[\"Person\",\"Organization\"],\"@id\":\"https:\\\/\\\/shrimataji.org\\\/test\\\/#\\\/schema\\\/person\\\/a1b3419c6585f164aa96da1ff85715d1\",\"name\":\"Nirmala Shrivastava\",\"image\":{\"@type\":\"ImageObject\",\"inLanguage\":\"en-US\",\"@id\":\"https:\\\/\\\/shrimataji.org\\\/test\\\/wp-content\\\/uploads\\\/2023\\\/02\\\/SMO_LOGO-03.svg\",\"url\":\"https:\\\/\\\/shrimataji.org\\\/test\\\/wp-content\\\/uploads\\\/2023\\\/02\\\/SMO_LOGO-03.svg\",\"contentUrl\":\"https:\\\/\\\/shrimataji.org\\\/test\\\/wp-content\\\/uploads\\\/2023\\\/02\\\/SMO_LOGO-03.svg\",\"width\":\"1024\",\"height\":\"1024\",\"caption\":\"Nirmala Shrivastava\"},\"logo\":{\"@id\":\"https:\\\/\\\/shrimataji.org\\\/test\\\/wp-content\\\/uploads\\\/2023\\\/02\\\/SMO_LOGO-03.svg\"},\"sameAs\":[\"https:\\\/\\\/shrimataji.org\\\/test\",\"https:\\\/\\\/www.facebook.com\\\/shrimataji\",\"https:\\\/\\\/x.com\\\/shrimataji\",\"https:\\\/\\\/www.youtube.com\\\/@Shri_Mataji_Nirmala_Devi\\\/featured\"]}]}<\/script>\n<!-- \/ Yoast SEO plugin. -->","yoast_head_json":{"title":"Agnya Chakra PT - TEST - SMND","robots":{"index":"noindex","follow":"follow","max-snippet":"max-snippet:-1","max-image-preview":"max-image-preview:large","max-video-preview":"max-video-preview:-1"},"og_locale":"en_US","og_type":"article","og_title":"Agnya Chakra PT - TEST - SMND","og_description":"Agnya Chakra O Poder do Perd\u00e3o A ess\u00eancia deste Chakra \u00e9 o perd\u00e3o. Quando n\u00e3o perdoamos, realmente nos prejudicamos ao desequilibrar este Chakra. O perd\u00e3o \u00e9 o poder de deixar ir a raiva, o \u00f3dio e o ressentimento, o que n\u00e3o \u00e9 f\u00e1cil antes da realiza\u00e7\u00e3o do si. Ao simplesmente dizer &#8220;eu perdoo&#8221; de cora\u00e7\u00e3o&hellip; Read more","og_url":"https:\/\/shrimataji.org\/test\/pt\/agnya-chakra-pt\/","og_site_name":"TEST - SMND","article_publisher":"https:\/\/www.facebook.com\/shrimataji","article_modified_time":"2026-01-19T11:41:41+00:00","og_image":[{"width":2560,"height":905,"url":"https:\/\/shrimataji.org\/test\/wp-content\/uploads\/2023\/03\/21_Banner-SY-Chakra-agnya-scaled.jpg","type":"image\/jpeg"}],"twitter_card":"summary_large_image","twitter_site":"@shrimataji","twitter_misc":{"Est. reading time":"4 minutes"},"schema":{"@context":"https:\/\/schema.org","@graph":[{"@type":"WebPage","@id":"https:\/\/shrimataji.org\/test\/pt\/agnya-chakra-pt\/","url":"https:\/\/shrimataji.org\/test\/pt\/agnya-chakra-pt\/","name":"Agnya Chakra PT - TEST - SMND","isPartOf":{"@id":"https:\/\/shrimataji.org\/test\/#website"},"primaryImageOfPage":{"@id":"https:\/\/shrimataji.org\/test\/pt\/agnya-chakra-pt\/#primaryimage"},"image":{"@id":"https:\/\/shrimataji.org\/test\/pt\/agnya-chakra-pt\/#primaryimage"},"thumbnailUrl":"https:\/\/shrimataji.org\/test\/wp-content\/uploads\/2023\/03\/21_Banner-SY-Chakra-agnya-scaled.jpg","datePublished":"2022-03-05T07:57:08+00:00","dateModified":"2026-01-19T11:41:41+00:00","breadcrumb":{"@id":"https:\/\/shrimataji.org\/test\/pt\/agnya-chakra-pt\/#breadcrumb"},"inLanguage":"en-US","potentialAction":[{"@type":"ReadAction","target":["https:\/\/shrimataji.org\/test\/pt\/agnya-chakra-pt\/"]}]},{"@type":"ImageObject","inLanguage":"en-US","@id":"https:\/\/shrimataji.org\/test\/pt\/agnya-chakra-pt\/#primaryimage","url":"https:\/\/shrimataji.org\/test\/wp-content\/uploads\/2023\/03\/21_Banner-SY-Chakra-agnya-scaled.jpg","contentUrl":"https:\/\/shrimataji.org\/test\/wp-content\/uploads\/2023\/03\/21_Banner-SY-Chakra-agnya-scaled.jpg","width":2560,"height":905},{"@type":"BreadcrumbList","@id":"https:\/\/shrimataji.org\/test\/pt\/agnya-chakra-pt\/#breadcrumb","itemListElement":[{"@type":"ListItem","position":1,"name":"Home","item":"https:\/\/shrimataji.org\/test\/uk\/home-en\/"},{"@type":"ListItem","position":2,"name":"Agnya Chakra PT"}]},{"@type":"WebSite","@id":"https:\/\/shrimataji.org\/test\/#website","url":"https:\/\/shrimataji.org\/test\/","name":"Shri Mataji Nirmala Devi","description":"A Life Dedicated to Humanity","publisher":{"@id":"https:\/\/shrimataji.org\/test\/#\/schema\/person\/a1b3419c6585f164aa96da1ff85715d1"},"potentialAction":[{"@type":"SearchAction","target":{"@type":"EntryPoint","urlTemplate":"https:\/\/shrimataji.org\/test\/?s={search_term_string}"},"query-input":{"@type":"PropertyValueSpecification","valueRequired":true,"valueName":"search_term_string"}}],"inLanguage":"en-US"},{"@type":["Person","Organization"],"@id":"https:\/\/shrimataji.org\/test\/#\/schema\/person\/a1b3419c6585f164aa96da1ff85715d1","name":"Nirmala Shrivastava","image":{"@type":"ImageObject","inLanguage":"en-US","@id":"https:\/\/shrimataji.org\/test\/wp-content\/uploads\/2023\/02\/SMO_LOGO-03.svg","url":"https:\/\/shrimataji.org\/test\/wp-content\/uploads\/2023\/02\/SMO_LOGO-03.svg","contentUrl":"https:\/\/shrimataji.org\/test\/wp-content\/uploads\/2023\/02\/SMO_LOGO-03.svg","width":"1024","height":"1024","caption":"Nirmala Shrivastava"},"logo":{"@id":"https:\/\/shrimataji.org\/test\/wp-content\/uploads\/2023\/02\/SMO_LOGO-03.svg"},"sameAs":["https:\/\/shrimataji.org\/test","https:\/\/www.facebook.com\/shrimataji","https:\/\/x.com\/shrimataji","https:\/\/www.youtube.com\/@Shri_Mataji_Nirmala_Devi\/featured"]}]}},"lang":"pt","translations":{"pt":10348,"ur":37387,"en":6497,"am":17958,"th":19882,"hu":19433,"sq":18359,"zh":17256,"hi":7347,"tr":10131,"de":10621,"fr":10719,"it":10817,"es":10915,"ja":11212,"ru":11400,"bn":11592,"te":11700,"sw":11823,"he":11971,"el":12262,"sk":12360,"fa":12458,"fi":12556,"bg":13366,"ro":14440,"cs":14633,"nl":16519,"ku":16679,"ar":16855,"be":18566,"kn":18840,"mr":20246,"uk":20538,"ml":20837,"ta":22674,"sv":22947,"gu":28795,"pa":28953,"fil":29393,"da":37701,"pl":37918,"nn":38253},"pll_sync_post":[],"_links":{"self":[{"href":"https:\/\/shrimataji.org\/test\/wp-json\/wp\/v2\/pages\/10348","targetHints":{"allow":["GET"]}}],"collection":[{"href":"https:\/\/shrimataji.org\/test\/wp-json\/wp\/v2\/pages"}],"about":[{"href":"https:\/\/shrimataji.org\/test\/wp-json\/wp\/v2\/types\/page"}],"author":[{"embeddable":true,"href":"https:\/\/shrimataji.org\/test\/wp-json\/wp\/v2\/users\/18"}],"replies":[{"embeddable":true,"href":"https:\/\/shrimataji.org\/test\/wp-json\/wp\/v2\/comments?post=10348"}],"version-history":[{"count":0,"href":"https:\/\/shrimataji.org\/test\/wp-json\/wp\/v2\/pages\/10348\/revisions"}],"wp:featuredmedia":[{"embeddable":true,"href":"https:\/\/shrimataji.org\/test\/wp-json\/wp\/v2\/media\/9256"}],"wp:attachment":[{"href":"https:\/\/shrimataji.org\/test\/wp-json\/wp\/v2\/media?parent=10348"}],"curies":[{"name":"wp","href":"https:\/\/api.w.org\/{rel}","templated":true}]}}