{"id":10349,"date":"2022-03-05T07:42:03","date_gmt":"2022-03-05T07:42:03","guid":{"rendered":"https:\/\/test.shrimataji.org\/?page_id=6490"},"modified":"2026-01-19T11:41:48","modified_gmt":"2026-01-19T11:41:48","slug":"anahata-chakra-pt","status":"publish","type":"page","link":"https:\/\/shrimataji.org\/test\/pt\/anahata-chakra-pt\/","title":{"rendered":"Anahata Chakra PT"},"content":{"rendered":"\n\n\t<h1>Anahata Chakra<\/h1>\n<h2>Amor Incondicional e Destemor<\/h2>\n<h4>O eterno esp\u00edrito onipresente (Atma) entra primeiramente no c\u00e9rebro na fase inicial da forma\u00e7\u00e3o do feto humano. Shri Mataji descreve esse momento como o primeiro batimento card\u00edaco que desencadeia a for\u00e7a vital dentro de n\u00f3s e cria uma cadeia de eventos na qual nossa Kundalini entrela\u00e7a nosso corpo sutil com o desenvolvimento do corpo f\u00edsico. Esse cora\u00e7\u00e3o pulsante, que se desenvolve perto da cabe\u00e7a do feto, mais tarde \u00e9 empurrado para o peito \u00e0 medida que nosso corpo se desenvolve. Ele reside ali, eternamente puro e n\u00e3o afetado por quaisquer eventos em nossa vida, assim como um espectador testemunhando o jogo da vida.<\/h4>\n<p>Quando a Kundalini ilumina este centro, experimentamos um sentimento de amor puro e incondicional, que \u00e9 a verdadeira natureza do nosso Esp\u00edrito. Um senso de desapego da nossa vida mundana se desenvolve \u00e0 medida que nossa consci\u00eancia \u00e9 retirada das ilus\u00f5es em que estamos enredados no n\u00edvel do Void, que circunda o terceiro centro. Tamb\u00e9m nos tornamos completamente destemidos uma vez que nos percebemos livres das ilus\u00f5es.<\/p>\n<p>\u00c9 a partir de um cora\u00e7\u00e3o puro que a compaix\u00e3o e o amor se manifestam. \u00c9 tamb\u00e9m o Chakra do cora\u00e7\u00e3o que nos d\u00e1 o senso de responsabilidade e comportamento benevolente para com os outros. O Chakra do cora\u00e7\u00e3o tamb\u00e9m nos d\u00e1 seguran\u00e7a e confian\u00e7a completas. Uma personalidade assim \u00e9 muito din\u00e2mica, carregada de vis\u00e3o e prop\u00f3sito na vida. Um exemplo cl\u00e1ssico \u00e9 o de Gandhi, cujo esfor\u00e7o altru\u00edsta contribuiu para a independ\u00eancia da \u00cdndia.<\/p>\n\t\t<iframe loading=\"lazy\" title=\"Anahata Chakra\" width=\"1920\" height=\"1080\" src=\"https:\/\/www.youtube.com\/embed\/Hj3SNT9-pfk?feature=oembed\" frameborder=\"0\" allow=\"accelerometer; autoplay; clipboard-write; encrypted-media; gyroscope; picture-in-picture; web-share\" allowfullscreen><\/iframe>\t\n\t<strong>Localiza\u00e7\u00e3o<\/strong>:<strong><br \/>\n<\/strong>O Anahata Chakra est\u00e1 localizado dentro da nossa coluna vertebral, aproximadamente ao n\u00edvel do peito, atr\u00e1s do osso esterno. Este centro governa o funcionamento do plexo card\u00edaco. As vibra\u00e7\u00f5es do Anahata Chakra podem ser sentidas nos dedos mindinhos de ambas as m\u00e3os.\n<strong>Cor<\/strong>:<strong><br \/>\n<\/strong>O Anahata Chakra \u00e9 representado pela cor vermelha. Ele est\u00e1 alinhado com o elemento \u00a0ar.\n<strong>As qualidades do Anahata Chakra incluem:<\/strong><br \/>\n\u2022 Amor Incondicional<br \/>\n\u2022 Compaix\u00e3o Incondicional<br \/>\n\u2022 Comportamento Gracioso<br \/>\n\u2022 Verdade<br \/>\n\u2022 Alegria<br \/>\n\u2022 Confian\u00e7a<br \/>\n\u2022 Aus\u00eancia de medo e sensa\u00e7\u00e3o de seguran\u00e7a na vida<br \/>\n\u2022 Relacionamentos maternos e paternos saud\u00e1veis\n<figure itemscope itemtype=\"https:\/\/schema.org\/ImageObject\">\n\t\t\t\t<a href=\"https:\/\/shrimataji.org\/test\/wp-content\/uploads\/2023\/02\/4-Anahata-01.png\"  target=\"_blank\" rel=\"noopener\"  itemprop=\"url\">\n\t\t\t\t<img decoding=\"async\" src=\"https:\/\/shrimataji.org\/test\/wp-content\/uploads\/2025\/11\/pt-4-Anahata-01-scaled.png\" alt=\"pt-4-Anahata-01\" height=\"2560\" width=\"2403\" title=\"pt-4-Anahata-01\" onerror=\"this.style.display='none'\" loading=\"lazy\" \/>\n\t\t\t\t<\/a>\n\t<\/figure>\n\t<p>A qualidade fundamental do Anahata Chakra \u00e9 o amor incondicional. A ativa\u00e7\u00e3o desse Chakra ap\u00f3s a realiza\u00e7\u00e3o do si nos permite sentir seguran\u00e7a, autoconfian\u00e7a, responsabilidade moral e equil\u00edbrio emocional. Quando as qualidades desse centro sutil se desdobram em nossa consci\u00eancia, experimentamos a alegria pura da exist\u00eancia. Descobrimos o verdadeiro prop\u00f3sito de nossa vida e nos esfor\u00e7amos continuamente para evoluir para um estado superior de consci\u00eancia espiritual.<\/p>\n<strong>Experi\u00eancia e Benef\u00edcios:<\/strong><br \/>\nA fun\u00e7\u00e3o fisiol\u00f3gica mais importante do Anahata Chakra \u00e9 a regula\u00e7\u00e3o do seu cora\u00e7\u00e3o e pulm\u00f5es. Esses \u00f3rg\u00e3os controlam a sa\u00fade dos seus sistemas circulat\u00f3rio e respirat\u00f3rio, sendo crucial garantir o funcionamento adequado para a sa\u00fade como um todo. O Anahata Chakra tamb\u00e9m controla as mamas e a gl\u00e2ndula timo. A gl\u00e2ndula timo \u00e9 uma pequena gl\u00e2ndula localizada atr\u00e1s do alto do seu osso esterno e \u00e9 essencial para o funcionamento do seu sistema imunol\u00f3gico.\n<p>\u00c0s vezes, confundimos amor e compaix\u00e3o com sentimentos menos desej\u00e1veis de possessividade e ego\u00edsmo. Uma vez que a Sahaja Yoga preenche o seu cora\u00e7\u00e3o com a energia divina, voc\u00ea se torna capaz de distinguir a diferen\u00e7a. Voc\u00ea se encontrar\u00e1 mais consciente das necessidades dos outros, sendo capaz de amar de forma pura e n\u00e3o ego\u00edsta.<\/p>\n<p>Assim como acontece com muitos outros Chakras, o estresse da vida cotidiana pode levar ao bloqueio e desequil\u00edbrio. Pensamentos excessivos, planejamento em excesso, inseguran\u00e7a e ansiedade podem todos contribuir para um desequil\u00edbrio do seu Anahata Chakra. No entanto, ao nutrir esse Chakra por meio da medita\u00e7\u00e3o, voc\u00ea recuperar\u00e1 o equil\u00edbrio, se sentindo confiante e seguro, bem como imune \u00e0s influ\u00eancias negativas. Quando o Chakra do cora\u00e7\u00e3o est\u00e1 forte, voc\u00ea \u00e9 livre para apreciar plenamente a alegria da vida.<\/p>\n<p>Se voc\u00ea teve experi\u00eancias negativas em relacionamentos maternos ou paternos, um Anahata Chakra forte pode at\u00e9 ajudar a corrigi-los. Voc\u00ea aprender\u00e1 a estabelecer limites para seu pr\u00f3prio comportamento e a respeitar os limites dos outros. Como resultado, todos os seus relacionamentos melhorar\u00e3o.<\/p>\n<strong>Auto Avalia\u00e7\u00e3o<\/strong>:<strong><br \/>\n<\/strong>Se o seu Anahata Chakra estiver bloqueado ou desequilibrado, voc\u00ea pode experimentar sintomas como palpita\u00e7\u00f5es card\u00edacas, asma, \u00a0ou um sistema imunol\u00f3gico enfraquecido. Em casos mais graves, podem ocorrer ataques card\u00edacos, c\u00e2ncer de mama e doen\u00e7as pulmonares. No entanto, \u00e9 improv\u00e1vel que voc\u00ea tenha chegado a tal estado. Equilibrar esse Chakra \u00e9 simples e ajudar\u00e1 a prevenir essas doen\u00e7as graves, bem como sintomas mais superficiais.\n<p><strong>Motivos para Desiquil\u00edbrios:<\/strong><\/p>\n<ul>\n<li>Medo<\/li>\n<li>Excesso\/ Falta de responsabilidade<\/li>\n<li>Interesse puramente pessoal<\/li>\n<\/ul>\n<strong>Como Equilibrar<\/strong>:<strong><br \/>\n<\/strong>Se precisar equilibrar seu Anahata Chakra, respire profundamente e lentamente por v\u00e1rios segundos. Voc\u00ea se sentir\u00e1 relaxado ao inspirar e expirar. Respire profundamente e segure por alguns segundos. Exale lentamente e suavemente. Repita o processo v\u00e1rias vezes.\n<p>Para os seus Anahata Chakras direito, central e esquerdo, o m\u00e9todo a seguir tamb\u00e9m pode ser usado para trazer equil\u00edbrio. Coloque sua m\u00e3o direita a alguns cent\u00edmetros do seu Chakra do cora\u00e7\u00e3o, com a palma virada para dentro. Conforme voc\u00ea sentir a energia fluindo pela sua m\u00e3o, gire-a ao redor do Chakra no sentido hor\u00e1rio. Repita a rota\u00e7\u00e3o v\u00e1rias vezes.<\/p>\n<p>Voc\u00ea pode equilibrar especificamente seu Anahata Chakra esquerdo colocando sua m\u00e3o direita no cora\u00e7\u00e3o enquanto medita. Repita estas palavras v\u00e1rias vezes: &#8220;Eu sou um com meu esp\u00edrito.&#8221; Sinta essas palavras dentro do seu cora\u00e7\u00e3o.<\/p>\n\n","protected":false},"excerpt":{"rendered":"<p>Anahata Chakra Amor Incondicional e Destemor O eterno esp\u00edrito onipresente (Atma) entra primeiramente no c\u00e9rebro na fase inicial da forma\u00e7\u00e3o do feto humano. Shri Mataji descreve esse momento como o primeiro batimento card\u00edaco que desencadeia a for\u00e7a vital dentro de n\u00f3s e cria uma cadeia de eventos na qual nossa Kundalini entrela\u00e7a nosso corpo sutil&hellip; <br \/> <a class=\"read-more\" href=\"https:\/\/shrimataji.org\/test\/pt\/anahata-chakra-pt\/\">Read more<\/a><\/p>\n","protected":false},"author":18,"featured_media":9254,"parent":0,"menu_order":0,"comment_status":"closed","ping_status":"closed","template":"","meta":{"inline_featured_image":false,"footnotes":""},"class_list":["post-10349","page","type-page","status-publish","has-post-thumbnail","hentry"],"yoast_head":"<!-- This site is optimized with the Yoast SEO plugin v27.4 - https:\/\/yoast.com\/product\/yoast-seo-wordpress\/ -->\n<title>Anahata Chakra PT - TEST - SMND<\/title>\n<meta name=\"robots\" content=\"noindex, follow, max-snippet:-1, max-image-preview:large, max-video-preview:-1\" \/>\n<meta property=\"og:locale\" content=\"en_US\" \/>\n<meta property=\"og:type\" content=\"article\" \/>\n<meta property=\"og:title\" content=\"Anahata Chakra PT - TEST - SMND\" \/>\n<meta property=\"og:description\" content=\"Anahata Chakra Amor Incondicional e Destemor O eterno esp\u00edrito onipresente (Atma) entra primeiramente no c\u00e9rebro na fase inicial da forma\u00e7\u00e3o do feto humano. Shri Mataji descreve esse momento como o primeiro batimento card\u00edaco que desencadeia a for\u00e7a vital dentro de n\u00f3s e cria uma cadeia de eventos na qual nossa Kundalini entrela\u00e7a nosso corpo sutil&hellip; Read more\" \/>\n<meta property=\"og:url\" content=\"https:\/\/shrimataji.org\/test\/pt\/anahata-chakra-pt\/\" \/>\n<meta property=\"og:site_name\" content=\"TEST - SMND\" \/>\n<meta property=\"article:publisher\" content=\"https:\/\/www.facebook.com\/shrimataji\" \/>\n<meta property=\"article:modified_time\" content=\"2026-01-19T11:41:48+00:00\" \/>\n<meta property=\"og:image\" content=\"https:\/\/shrimataji.org\/test\/wp-content\/uploads\/2023\/03\/19_Banner-SY-Chakra-anahat-scaled.jpg\" \/>\n\t<meta property=\"og:image:width\" content=\"2560\" \/>\n\t<meta property=\"og:image:height\" content=\"905\" \/>\n\t<meta property=\"og:image:type\" content=\"image\/jpeg\" \/>\n<meta name=\"twitter:card\" content=\"summary_large_image\" \/>\n<meta name=\"twitter:site\" content=\"@shrimataji\" \/>\n<meta name=\"twitter:label1\" content=\"Est. reading time\" \/>\n\t<meta name=\"twitter:data1\" content=\"4 minutes\" \/>\n<script type=\"application\/ld+json\" class=\"yoast-schema-graph\">{\"@context\":\"https:\\\/\\\/schema.org\",\"@graph\":[{\"@type\":\"WebPage\",\"@id\":\"https:\\\/\\\/shrimataji.org\\\/test\\\/pt\\\/anahata-chakra-pt\\\/\",\"url\":\"https:\\\/\\\/shrimataji.org\\\/test\\\/pt\\\/anahata-chakra-pt\\\/\",\"name\":\"Anahata Chakra PT - TEST - SMND\",\"isPartOf\":{\"@id\":\"https:\\\/\\\/shrimataji.org\\\/test\\\/#website\"},\"primaryImageOfPage\":{\"@id\":\"https:\\\/\\\/shrimataji.org\\\/test\\\/pt\\\/anahata-chakra-pt\\\/#primaryimage\"},\"image\":{\"@id\":\"https:\\\/\\\/shrimataji.org\\\/test\\\/pt\\\/anahata-chakra-pt\\\/#primaryimage\"},\"thumbnailUrl\":\"https:\\\/\\\/shrimataji.org\\\/test\\\/wp-content\\\/uploads\\\/2023\\\/03\\\/19_Banner-SY-Chakra-anahat-scaled.jpg\",\"datePublished\":\"2022-03-05T07:42:03+00:00\",\"dateModified\":\"2026-01-19T11:41:48+00:00\",\"breadcrumb\":{\"@id\":\"https:\\\/\\\/shrimataji.org\\\/test\\\/pt\\\/anahata-chakra-pt\\\/#breadcrumb\"},\"inLanguage\":\"en-US\",\"potentialAction\":[{\"@type\":\"ReadAction\",\"target\":[\"https:\\\/\\\/shrimataji.org\\\/test\\\/pt\\\/anahata-chakra-pt\\\/\"]}]},{\"@type\":\"ImageObject\",\"inLanguage\":\"en-US\",\"@id\":\"https:\\\/\\\/shrimataji.org\\\/test\\\/pt\\\/anahata-chakra-pt\\\/#primaryimage\",\"url\":\"https:\\\/\\\/shrimataji.org\\\/test\\\/wp-content\\\/uploads\\\/2023\\\/03\\\/19_Banner-SY-Chakra-anahat-scaled.jpg\",\"contentUrl\":\"https:\\\/\\\/shrimataji.org\\\/test\\\/wp-content\\\/uploads\\\/2023\\\/03\\\/19_Banner-SY-Chakra-anahat-scaled.jpg\",\"width\":2560,\"height\":905},{\"@type\":\"BreadcrumbList\",\"@id\":\"https:\\\/\\\/shrimataji.org\\\/test\\\/pt\\\/anahata-chakra-pt\\\/#breadcrumb\",\"itemListElement\":[{\"@type\":\"ListItem\",\"position\":1,\"name\":\"Home\",\"item\":\"https:\\\/\\\/shrimataji.org\\\/test\\\/uk\\\/home-en\\\/\"},{\"@type\":\"ListItem\",\"position\":2,\"name\":\"Anahata Chakra PT\"}]},{\"@type\":\"WebSite\",\"@id\":\"https:\\\/\\\/shrimataji.org\\\/test\\\/#website\",\"url\":\"https:\\\/\\\/shrimataji.org\\\/test\\\/\",\"name\":\"Shri Mataji Nirmala Devi\",\"description\":\"A Life Dedicated to Humanity\",\"publisher\":{\"@id\":\"https:\\\/\\\/shrimataji.org\\\/test\\\/#\\\/schema\\\/person\\\/a1b3419c6585f164aa96da1ff85715d1\"},\"potentialAction\":[{\"@type\":\"SearchAction\",\"target\":{\"@type\":\"EntryPoint\",\"urlTemplate\":\"https:\\\/\\\/shrimataji.org\\\/test\\\/?s={search_term_string}\"},\"query-input\":{\"@type\":\"PropertyValueSpecification\",\"valueRequired\":true,\"valueName\":\"search_term_string\"}}],\"inLanguage\":\"en-US\"},{\"@type\":[\"Person\",\"Organization\"],\"@id\":\"https:\\\/\\\/shrimataji.org\\\/test\\\/#\\\/schema\\\/person\\\/a1b3419c6585f164aa96da1ff85715d1\",\"name\":\"Nirmala Shrivastava\",\"image\":{\"@type\":\"ImageObject\",\"inLanguage\":\"en-US\",\"@id\":\"https:\\\/\\\/shrimataji.org\\\/test\\\/wp-content\\\/uploads\\\/2023\\\/02\\\/SMO_LOGO-03.svg\",\"url\":\"https:\\\/\\\/shrimataji.org\\\/test\\\/wp-content\\\/uploads\\\/2023\\\/02\\\/SMO_LOGO-03.svg\",\"contentUrl\":\"https:\\\/\\\/shrimataji.org\\\/test\\\/wp-content\\\/uploads\\\/2023\\\/02\\\/SMO_LOGO-03.svg\",\"width\":\"1024\",\"height\":\"1024\",\"caption\":\"Nirmala Shrivastava\"},\"logo\":{\"@id\":\"https:\\\/\\\/shrimataji.org\\\/test\\\/wp-content\\\/uploads\\\/2023\\\/02\\\/SMO_LOGO-03.svg\"},\"sameAs\":[\"https:\\\/\\\/shrimataji.org\\\/test\",\"https:\\\/\\\/www.facebook.com\\\/shrimataji\",\"https:\\\/\\\/x.com\\\/shrimataji\",\"https:\\\/\\\/www.youtube.com\\\/@Shri_Mataji_Nirmala_Devi\\\/featured\"]}]}<\/script>\n<!-- \/ Yoast SEO plugin. -->","yoast_head_json":{"title":"Anahata Chakra PT - TEST - SMND","robots":{"index":"noindex","follow":"follow","max-snippet":"max-snippet:-1","max-image-preview":"max-image-preview:large","max-video-preview":"max-video-preview:-1"},"og_locale":"en_US","og_type":"article","og_title":"Anahata Chakra PT - TEST - SMND","og_description":"Anahata Chakra Amor Incondicional e Destemor O eterno esp\u00edrito onipresente (Atma) entra primeiramente no c\u00e9rebro na fase inicial da forma\u00e7\u00e3o do feto humano. Shri Mataji descreve esse momento como o primeiro batimento card\u00edaco que desencadeia a for\u00e7a vital dentro de n\u00f3s e cria uma cadeia de eventos na qual nossa Kundalini entrela\u00e7a nosso corpo sutil&hellip; Read more","og_url":"https:\/\/shrimataji.org\/test\/pt\/anahata-chakra-pt\/","og_site_name":"TEST - SMND","article_publisher":"https:\/\/www.facebook.com\/shrimataji","article_modified_time":"2026-01-19T11:41:48+00:00","og_image":[{"width":2560,"height":905,"url":"https:\/\/shrimataji.org\/test\/wp-content\/uploads\/2023\/03\/19_Banner-SY-Chakra-anahat-scaled.jpg","type":"image\/jpeg"}],"twitter_card":"summary_large_image","twitter_site":"@shrimataji","twitter_misc":{"Est. reading time":"4 minutes"},"schema":{"@context":"https:\/\/schema.org","@graph":[{"@type":"WebPage","@id":"https:\/\/shrimataji.org\/test\/pt\/anahata-chakra-pt\/","url":"https:\/\/shrimataji.org\/test\/pt\/anahata-chakra-pt\/","name":"Anahata Chakra PT - TEST - SMND","isPartOf":{"@id":"https:\/\/shrimataji.org\/test\/#website"},"primaryImageOfPage":{"@id":"https:\/\/shrimataji.org\/test\/pt\/anahata-chakra-pt\/#primaryimage"},"image":{"@id":"https:\/\/shrimataji.org\/test\/pt\/anahata-chakra-pt\/#primaryimage"},"thumbnailUrl":"https:\/\/shrimataji.org\/test\/wp-content\/uploads\/2023\/03\/19_Banner-SY-Chakra-anahat-scaled.jpg","datePublished":"2022-03-05T07:42:03+00:00","dateModified":"2026-01-19T11:41:48+00:00","breadcrumb":{"@id":"https:\/\/shrimataji.org\/test\/pt\/anahata-chakra-pt\/#breadcrumb"},"inLanguage":"en-US","potentialAction":[{"@type":"ReadAction","target":["https:\/\/shrimataji.org\/test\/pt\/anahata-chakra-pt\/"]}]},{"@type":"ImageObject","inLanguage":"en-US","@id":"https:\/\/shrimataji.org\/test\/pt\/anahata-chakra-pt\/#primaryimage","url":"https:\/\/shrimataji.org\/test\/wp-content\/uploads\/2023\/03\/19_Banner-SY-Chakra-anahat-scaled.jpg","contentUrl":"https:\/\/shrimataji.org\/test\/wp-content\/uploads\/2023\/03\/19_Banner-SY-Chakra-anahat-scaled.jpg","width":2560,"height":905},{"@type":"BreadcrumbList","@id":"https:\/\/shrimataji.org\/test\/pt\/anahata-chakra-pt\/#breadcrumb","itemListElement":[{"@type":"ListItem","position":1,"name":"Home","item":"https:\/\/shrimataji.org\/test\/uk\/home-en\/"},{"@type":"ListItem","position":2,"name":"Anahata Chakra PT"}]},{"@type":"WebSite","@id":"https:\/\/shrimataji.org\/test\/#website","url":"https:\/\/shrimataji.org\/test\/","name":"Shri Mataji Nirmala Devi","description":"A Life Dedicated to Humanity","publisher":{"@id":"https:\/\/shrimataji.org\/test\/#\/schema\/person\/a1b3419c6585f164aa96da1ff85715d1"},"potentialAction":[{"@type":"SearchAction","target":{"@type":"EntryPoint","urlTemplate":"https:\/\/shrimataji.org\/test\/?s={search_term_string}"},"query-input":{"@type":"PropertyValueSpecification","valueRequired":true,"valueName":"search_term_string"}}],"inLanguage":"en-US"},{"@type":["Person","Organization"],"@id":"https:\/\/shrimataji.org\/test\/#\/schema\/person\/a1b3419c6585f164aa96da1ff85715d1","name":"Nirmala Shrivastava","image":{"@type":"ImageObject","inLanguage":"en-US","@id":"https:\/\/shrimataji.org\/test\/wp-content\/uploads\/2023\/02\/SMO_LOGO-03.svg","url":"https:\/\/shrimataji.org\/test\/wp-content\/uploads\/2023\/02\/SMO_LOGO-03.svg","contentUrl":"https:\/\/shrimataji.org\/test\/wp-content\/uploads\/2023\/02\/SMO_LOGO-03.svg","width":"1024","height":"1024","caption":"Nirmala Shrivastava"},"logo":{"@id":"https:\/\/shrimataji.org\/test\/wp-content\/uploads\/2023\/02\/SMO_LOGO-03.svg"},"sameAs":["https:\/\/shrimataji.org\/test","https:\/\/www.facebook.com\/shrimataji","https:\/\/x.com\/shrimataji","https:\/\/www.youtube.com\/@Shri_Mataji_Nirmala_Devi\/featured"]}]}},"lang":"pt","translations":{"pt":10349,"ur":37389,"en":6490,"am":17960,"th":19885,"hu":19435,"sq":18361,"zh":17258,"hi":8331,"tr":10132,"de":10622,"fr":10720,"it":10818,"es":10916,"ja":11213,"ru":11401,"bn":11593,"te":11701,"sw":11824,"he":11972,"el":12263,"sk":12361,"fa":12459,"fi":12557,"bg":13370,"ro":14444,"cs":14637,"nl":16521,"ku":16681,"ar":16857,"be":18568,"kn":18842,"mr":20249,"uk":20541,"ml":20840,"ta":22676,"sv":22949,"gu":28797,"pa":28955,"fil":29395,"da":37703,"pl":37920,"nn":38255},"pll_sync_post":[],"_links":{"self":[{"href":"https:\/\/shrimataji.org\/test\/wp-json\/wp\/v2\/pages\/10349","targetHints":{"allow":["GET"]}}],"collection":[{"href":"https:\/\/shrimataji.org\/test\/wp-json\/wp\/v2\/pages"}],"about":[{"href":"https:\/\/shrimataji.org\/test\/wp-json\/wp\/v2\/types\/page"}],"author":[{"embeddable":true,"href":"https:\/\/shrimataji.org\/test\/wp-json\/wp\/v2\/users\/18"}],"replies":[{"embeddable":true,"href":"https:\/\/shrimataji.org\/test\/wp-json\/wp\/v2\/comments?post=10349"}],"version-history":[{"count":0,"href":"https:\/\/shrimataji.org\/test\/wp-json\/wp\/v2\/pages\/10349\/revisions"}],"wp:featuredmedia":[{"embeddable":true,"href":"https:\/\/shrimataji.org\/test\/wp-json\/wp\/v2\/media\/9254"}],"wp:attachment":[{"href":"https:\/\/shrimataji.org\/test\/wp-json\/wp\/v2\/media?parent=10349"}],"curies":[{"name":"wp","href":"https:\/\/api.w.org\/{rel}","templated":true}]}}