{"id":10352,"date":"2022-01-29T10:07:35","date_gmt":"2022-01-29T10:07:35","guid":{"rendered":"https:\/\/test.shrimataji.org\/?page_id=6397"},"modified":"2026-01-19T11:41:57","modified_gmt":"2026-01-19T11:41:57","slug":"atma-pt","status":"publish","type":"page","link":"https:\/\/shrimataji.org\/test\/pt\/atma-pt\/","title":{"rendered":"Atma PT"},"content":{"rendered":"\n\n\t<h1>Atma<\/h1>\n<h2>Nossa Ess\u00eancia Eterna<\/h2>\n<div class=\"su-quote su-quote-style-default\"><div class=\"su-quote-inner su-u-clearfix su-u-trim\">Uma estrela est\u00e1 brilhando dentro de n\u00f3s e ela \u00e9 o nosso Esp\u00edrito.<\/div><\/div>\n\t<h4>Em um est\u00e1gio muito inicial do desenvolvimento do feto humano, o Atma (uma palavra em s\u00e2nscrito que significa nosso Esp\u00edrito eterno) entra no cora\u00e7\u00e3o do feto pela primeira vez, fazendo-o come\u00e7ar a pulsar. Biologicamente, nosso cora\u00e7\u00e3o se desenvolve pr\u00f3ximo \u00e0 cabe\u00e7a do embri\u00e3o na \u00e1rea cardiog\u00eanica e mais tarde \u00e9 empurrado para baixo, para o peito, conforme nosso corpo se desenvolve. O Atma reside no cora\u00e7\u00e3o como um espectador silencioso de nossa vida e n\u00f3s s\u00f3 tomamos consci\u00eancia dele atrav\u00e9s da realiza\u00e7\u00e3o do si. \u00c9 o reflexo do ser primordial dentro de n\u00f3s. Ele n\u00e3o evolui, mas \u00e9 o objetivo de nossa evolu\u00e7\u00e3o, ou se poderia dizer, a evolu\u00e7\u00e3o da consci\u00eancia humana \u00e9 alcan\u00e7ar o estado do Esp\u00edrito.<\/h4>\n\t<p>Enquanto a filosofia ocidental gira em torno do individualismo e do desenvolvimento da personalidade ou do ego, a filosofia oriental est\u00e1 relacionada ao coletivismo e se esfor\u00e7a para direcionar o indiv\u00edduo para dentro do nosso ser coletivo, o Esp\u00edrito que permeia tudo.<\/p>\n<figure itemscope itemtype=\"https:\/\/schema.org\/ImageObject\">\n\t\t\t\t<a href=\"https:\/\/shrimataji.org\/test\/wp-content\/uploads\/2023\/02\/4a-Atma-01.png\"  target=\"_blank\" rel=\"noopener\"  itemprop=\"url\">\n\t\t\t\t<img decoding=\"async\" src=\"https:\/\/shrimataji.org\/test\/wp-content\/uploads\/2025\/11\/pt-4a-Atma-01-scaled.png\" alt=\"pt-4a-Atma-01\" height=\"2560\" width=\"2402\" title=\"pt-4a-Atma-01\" onerror=\"this.style.display='none'\" loading=\"lazy\" \/>\n\t\t\t\t<\/a>\n\t<\/figure>\n<p>Shri Mataji descreve como o corte do cord\u00e3o umbilical no momento do nascimento causa uma separa\u00e7\u00e3o da nossa consci\u00eancia individual com a consci\u00eancia divina absoluta no canal sutil do Sushumna. Em um n\u00edvel grosseiro, essa separa\u00e7\u00e3o corresponde \u00e0 lacuna entre o plexo solar e o nervo vago do sistema nervoso parassimp\u00e1tico. Esse fen\u00f4meno foi nomeado em muitas escrituras antigas, por exemplo, como &#8220;Vazio&#8221; no sistema Zen e como &#8220;Maya&#8221; (ilus\u00e3o) no Hindu\u00edsmo. Mais tarde, durante nossa inf\u00e2ncia, quando nossas identifica\u00e7\u00f5es humanas limitadas (simbolizadas como ego e superego) inflam como um bal\u00e3o cobrindo os hemisf\u00e9rios esquerdo e direito do c\u00e9rebro (que correspondem \u00e0s extremidades dos sistemas nervosos simp\u00e1ticos esquerdo e direito) essas identifica\u00e7\u00f5es envolvem completamente nossa consci\u00eancia como uma entidade separada e a consci\u00eancia do &#8216;Eu&#8217; (Aham) predomina.<\/p>\n\t<p>Atrav\u00e9s do processo de <a href=\"https:\/\/shrimataji.org\/test\/pt\/realizacao-do-si\">realiza\u00e7\u00e3o do si<\/a>, quando a <a href=\"https:\/\/shrimataji.org\/test\/pt\/kundalini-pt\/\">Kundalini<\/a> sobe at\u00e9 o cora\u00e7\u00e3o, ela ilumina o Atma e come\u00e7amos a sentir a qualidade inata do Atma, a pura alegria da exist\u00eancia. Quando a Kundalini sobe mais ainda at\u00e9 o <a href=\"https:\/\/shrimataji.org\/test\/pt\/sahasrara-chakra-pt\/\">Sahasrara Chakra<\/a>, o centro de energia mais elevado localizado na \u00e1rea do osso da fontanela em nossas cabe\u00e7as, nosso Atma individual se conecta \u00e0 energia universal que permeia tudo e somos envolvidos pela bem-aventuran\u00e7a de estar em harmonia conosco mesmos e com o poder que permeia o universo. Mesmo um vislumbre dessa alegria (que podemos perceber quando apenas alguns fios da Kundalini sobem ao topo de nossas cabe\u00e7as) pode servir como uma estrela-guia em nossa jornada espiritual. Uma vez que sintamos essa alegria, n\u00e3o queremos perd\u00ea-la e automaticamente nos abstemos de atitudes e comportamentos que sejam prejudiciais \u00e0 sua manuten\u00e7\u00e3o e crescimento. Portanto, existem pouqu\u00edssimas regras na Sahaja Yoga e n\u00e3o h\u00e1 nenhum dogma envolvido.<\/p>\n<figure itemscope itemtype=\"https:\/\/schema.org\/ImageObject\">\n\t\t\t\t<img decoding=\"async\" src=\"https:\/\/shrimataji.org\/test\/wp-content\/uploads\/2023\/02\/GISELE_MOURA_HAF_10DEZ2022__14-scaled.jpg\" alt=\"GISELE_MOURA_HAF_10DEZ2022__14\" height=\"1918\" width=\"2560\" title=\"GISELE_MOURA_HAF_10DEZ2022__14\" onerror=\"this.style.display='none'\" loading=\"lazy\" \/>\n\t<\/figure>\n\t<div class=\"su-quote su-quote-style-default\"><div class=\"su-quote-inner su-u-clearfix su-u-trim\">Absolutamente, descobrir que somos a paz vem do reconhecimento de que o esp\u00edrito \u00e9 a origem da paz. Quando voc\u00ea se alinha com o esp\u00edrito, naturalmente ele captura sua aten\u00e7\u00e3o, transformando-o em uma pessoa profundamente tranquila. \u00c9 como estar na borda externa de uma roda: se voc\u00ea est\u00e1 na periferia, h\u00e1 um movimento constante, mas o centro da roda permanece perfeitamente im\u00f3vel. Ent\u00e3o, quando voc\u00ea salta para o seu centro, observa todo o movimento da roda, mas permanece inabal\u00e1vel no n\u00facleo. Voc\u00ea pode perceber os problemas claramente e lidar com eles com facilidade.<\/div><\/div>\n\t\t<img decoding=\"async\" data-spai-excluded=\"true\" loading=\"lazy\"  alt=\"YouTube player\"  src=\"https:\/\/i.ytimg.com\/vi\/8-7C4nLmAI4\/maxresdefault.jpg\"  \/><button aria-label=\"Play\"><\/button><meta itemprop=\"embedUrl\" content=\"https:\/\/www.youtube.com\/embed\/8-7C4nLmAI4\"\/><meta itemprop=\"name\" content=\"The nature of the Spirit\"\/><meta itemprop=\"description\" content=\"YouTube video\"\/><meta itemprop=\"thumbnailUrl\" content=\"https:\/\/i.ytimg.com\/vi\/8-7C4nLmAI4\/0.jpg\"\/><meta itemprop=\"duration\" content=\"PT1M54S\"\/><meta itemprop=\"uploadDate\" content=\"2022-11-12T03:25:59Z\"\/>\t\n\t<p>Adi Shankaracharya, um dos renomados mestres espirituais da \u00cdndia, descreve esse estado absoluto de consci\u00eancia do ser coletivo refletido em nosso cora\u00e7\u00e3o como uma felicidade eterna, nos belos versos do &#8220;Atma Shatakam&#8221;.<\/p>\n\t<p><em>&#8220;Manobuddhyahamkar. Chittani Na Aham<\/em><\/p>\n<p>Eu n\u00e3o sou nem a intelig\u00eancia, mente, aten\u00e7\u00e3o ou o ego<\/p>\n<p><em>Na cha Shrotr. Jihve, Na cha ghraan Netreghraan Netre<\/em><\/p>\n<p>N\u00e3o sou os \u00f3rg\u00e3os da audi\u00e7\u00e3o, nem os do paladar, olfato ou vis\u00e3o<\/p>\n<p><em>Na cha vyom. Bhumir Na Tejo Na Vayu<\/em><\/p>\n<p>N\u00e3o sou o C\u00e9u, nem a Terra, nem o Fogo, nem o Ar<\/p>\n<p><em>Chidanand. Rupah., Shivo.ham, Shivo.ham<\/em><\/p>\n<p>Sou a eterna bem-aventuran\u00e7a e consci\u00eancia, eu sou Shiva, eu sou Shiva &#8220;<\/p>\n\t<div class=\"su-quote su-quote-style-default\"><div class=\"su-quote-inner su-u-clearfix su-u-trim\">A verdade \u00e9 que voc\u00ea n\u00e3o \u00e9 este corpo, n\u00e3o \u00e9 este intelecto, n\u00e3o \u00e9 as emo\u00e7\u00f5es, mas voc\u00ea \u00e9 o Esp\u00edrito.<\/div><\/div>\n\n","protected":false},"excerpt":{"rendered":"<p>Atma Nossa Ess\u00eancia Eterna Em um est\u00e1gio muito inicial do desenvolvimento do feto humano, o Atma (uma palavra em s\u00e2nscrito que significa nosso Esp\u00edrito eterno) entra no cora\u00e7\u00e3o do feto pela primeira vez, fazendo-o come\u00e7ar a pulsar. Biologicamente, nosso cora\u00e7\u00e3o se desenvolve pr\u00f3ximo \u00e0 cabe\u00e7a do embri\u00e3o na \u00e1rea cardiog\u00eanica e mais tarde \u00e9 empurrado&hellip; <br \/> <a class=\"read-more\" href=\"https:\/\/shrimataji.org\/test\/pt\/atma-pt\/\">Read more<\/a><\/p>\n","protected":false},"author":18,"featured_media":9243,"parent":0,"menu_order":0,"comment_status":"closed","ping_status":"closed","template":"","meta":{"inline_featured_image":false,"footnotes":""},"class_list":["post-10352","page","type-page","status-publish","has-post-thumbnail","hentry"],"yoast_head":"<!-- This site is optimized with the Yoast SEO plugin v27.4 - https:\/\/yoast.com\/product\/yoast-seo-wordpress\/ -->\n<title>Atma PT - TEST - SMND<\/title>\n<meta name=\"robots\" content=\"noindex, follow, max-snippet:-1, max-image-preview:large, max-video-preview:-1\" \/>\n<meta property=\"og:locale\" content=\"en_US\" \/>\n<meta property=\"og:type\" content=\"article\" \/>\n<meta property=\"og:title\" content=\"Atma PT - TEST - SMND\" \/>\n<meta property=\"og:description\" content=\"Atma Nossa Ess\u00eancia Eterna Em um est\u00e1gio muito inicial do desenvolvimento do feto humano, o Atma (uma palavra em s\u00e2nscrito que significa nosso Esp\u00edrito eterno) entra no cora\u00e7\u00e3o do feto pela primeira vez, fazendo-o come\u00e7ar a pulsar. Biologicamente, nosso cora\u00e7\u00e3o se desenvolve pr\u00f3ximo \u00e0 cabe\u00e7a do embri\u00e3o na \u00e1rea cardiog\u00eanica e mais tarde \u00e9 empurrado&hellip; Read more\" \/>\n<meta property=\"og:url\" content=\"https:\/\/shrimataji.org\/test\/pt\/atma-pt\/\" \/>\n<meta property=\"og:site_name\" content=\"TEST - SMND\" \/>\n<meta property=\"article:publisher\" content=\"https:\/\/www.facebook.com\/shrimataji\" \/>\n<meta property=\"article:modified_time\" content=\"2026-01-19T11:41:57+00:00\" \/>\n<meta property=\"og:image\" content=\"https:\/\/shrimataji.org\/test\/wp-content\/uploads\/2023\/03\/8_Banner-SY-Atma-scaled.jpg\" \/>\n\t<meta property=\"og:image:width\" content=\"2560\" \/>\n\t<meta property=\"og:image:height\" content=\"905\" \/>\n\t<meta property=\"og:image:type\" content=\"image\/jpeg\" \/>\n<meta name=\"twitter:card\" content=\"summary_large_image\" \/>\n<meta name=\"twitter:site\" content=\"@shrimataji\" \/>\n<meta name=\"twitter:label1\" content=\"Est. reading time\" \/>\n\t<meta name=\"twitter:data1\" content=\"4 minutes\" \/>\n<script type=\"application\/ld+json\" class=\"yoast-schema-graph\">{\"@context\":\"https:\\\/\\\/schema.org\",\"@graph\":[{\"@type\":\"WebPage\",\"@id\":\"https:\\\/\\\/shrimataji.org\\\/test\\\/pt\\\/atma-pt\\\/\",\"url\":\"https:\\\/\\\/shrimataji.org\\\/test\\\/pt\\\/atma-pt\\\/\",\"name\":\"Atma PT - TEST - SMND\",\"isPartOf\":{\"@id\":\"https:\\\/\\\/shrimataji.org\\\/test\\\/#website\"},\"primaryImageOfPage\":{\"@id\":\"https:\\\/\\\/shrimataji.org\\\/test\\\/pt\\\/atma-pt\\\/#primaryimage\"},\"image\":{\"@id\":\"https:\\\/\\\/shrimataji.org\\\/test\\\/pt\\\/atma-pt\\\/#primaryimage\"},\"thumbnailUrl\":\"https:\\\/\\\/shrimataji.org\\\/test\\\/wp-content\\\/uploads\\\/2023\\\/03\\\/8_Banner-SY-Atma-scaled.jpg\",\"datePublished\":\"2022-01-29T10:07:35+00:00\",\"dateModified\":\"2026-01-19T11:41:57+00:00\",\"breadcrumb\":{\"@id\":\"https:\\\/\\\/shrimataji.org\\\/test\\\/pt\\\/atma-pt\\\/#breadcrumb\"},\"inLanguage\":\"en-US\",\"potentialAction\":[{\"@type\":\"ReadAction\",\"target\":[\"https:\\\/\\\/shrimataji.org\\\/test\\\/pt\\\/atma-pt\\\/\"]}]},{\"@type\":\"ImageObject\",\"inLanguage\":\"en-US\",\"@id\":\"https:\\\/\\\/shrimataji.org\\\/test\\\/pt\\\/atma-pt\\\/#primaryimage\",\"url\":\"https:\\\/\\\/shrimataji.org\\\/test\\\/wp-content\\\/uploads\\\/2023\\\/03\\\/8_Banner-SY-Atma-scaled.jpg\",\"contentUrl\":\"https:\\\/\\\/shrimataji.org\\\/test\\\/wp-content\\\/uploads\\\/2023\\\/03\\\/8_Banner-SY-Atma-scaled.jpg\",\"width\":2560,\"height\":905},{\"@type\":\"BreadcrumbList\",\"@id\":\"https:\\\/\\\/shrimataji.org\\\/test\\\/pt\\\/atma-pt\\\/#breadcrumb\",\"itemListElement\":[{\"@type\":\"ListItem\",\"position\":1,\"name\":\"Home\",\"item\":\"https:\\\/\\\/shrimataji.org\\\/test\\\/uk\\\/home-en\\\/\"},{\"@type\":\"ListItem\",\"position\":2,\"name\":\"Atma PT\"}]},{\"@type\":\"WebSite\",\"@id\":\"https:\\\/\\\/shrimataji.org\\\/test\\\/#website\",\"url\":\"https:\\\/\\\/shrimataji.org\\\/test\\\/\",\"name\":\"Shri Mataji Nirmala Devi\",\"description\":\"A Life Dedicated to Humanity\",\"publisher\":{\"@id\":\"https:\\\/\\\/shrimataji.org\\\/test\\\/#\\\/schema\\\/person\\\/a1b3419c6585f164aa96da1ff85715d1\"},\"potentialAction\":[{\"@type\":\"SearchAction\",\"target\":{\"@type\":\"EntryPoint\",\"urlTemplate\":\"https:\\\/\\\/shrimataji.org\\\/test\\\/?s={search_term_string}\"},\"query-input\":{\"@type\":\"PropertyValueSpecification\",\"valueRequired\":true,\"valueName\":\"search_term_string\"}}],\"inLanguage\":\"en-US\"},{\"@type\":[\"Person\",\"Organization\"],\"@id\":\"https:\\\/\\\/shrimataji.org\\\/test\\\/#\\\/schema\\\/person\\\/a1b3419c6585f164aa96da1ff85715d1\",\"name\":\"Nirmala Shrivastava\",\"image\":{\"@type\":\"ImageObject\",\"inLanguage\":\"en-US\",\"@id\":\"https:\\\/\\\/shrimataji.org\\\/test\\\/wp-content\\\/uploads\\\/2023\\\/02\\\/SMO_LOGO-03.svg\",\"url\":\"https:\\\/\\\/shrimataji.org\\\/test\\\/wp-content\\\/uploads\\\/2023\\\/02\\\/SMO_LOGO-03.svg\",\"contentUrl\":\"https:\\\/\\\/shrimataji.org\\\/test\\\/wp-content\\\/uploads\\\/2023\\\/02\\\/SMO_LOGO-03.svg\",\"width\":\"1024\",\"height\":\"1024\",\"caption\":\"Nirmala Shrivastava\"},\"logo\":{\"@id\":\"https:\\\/\\\/shrimataji.org\\\/test\\\/wp-content\\\/uploads\\\/2023\\\/02\\\/SMO_LOGO-03.svg\"},\"sameAs\":[\"https:\\\/\\\/shrimataji.org\\\/test\",\"https:\\\/\\\/www.facebook.com\\\/shrimataji\",\"https:\\\/\\\/x.com\\\/shrimataji\",\"https:\\\/\\\/www.youtube.com\\\/@Shri_Mataji_Nirmala_Devi\\\/featured\"]}]}<\/script>\n<!-- \/ Yoast SEO plugin. -->","yoast_head_json":{"title":"Atma PT - TEST - SMND","robots":{"index":"noindex","follow":"follow","max-snippet":"max-snippet:-1","max-image-preview":"max-image-preview:large","max-video-preview":"max-video-preview:-1"},"og_locale":"en_US","og_type":"article","og_title":"Atma PT - TEST - SMND","og_description":"Atma Nossa Ess\u00eancia Eterna Em um est\u00e1gio muito inicial do desenvolvimento do feto humano, o Atma (uma palavra em s\u00e2nscrito que significa nosso Esp\u00edrito eterno) entra no cora\u00e7\u00e3o do feto pela primeira vez, fazendo-o come\u00e7ar a pulsar. Biologicamente, nosso cora\u00e7\u00e3o se desenvolve pr\u00f3ximo \u00e0 cabe\u00e7a do embri\u00e3o na \u00e1rea cardiog\u00eanica e mais tarde \u00e9 empurrado&hellip; Read more","og_url":"https:\/\/shrimataji.org\/test\/pt\/atma-pt\/","og_site_name":"TEST - SMND","article_publisher":"https:\/\/www.facebook.com\/shrimataji","article_modified_time":"2026-01-19T11:41:57+00:00","og_image":[{"width":2560,"height":905,"url":"https:\/\/shrimataji.org\/test\/wp-content\/uploads\/2023\/03\/8_Banner-SY-Atma-scaled.jpg","type":"image\/jpeg"}],"twitter_card":"summary_large_image","twitter_site":"@shrimataji","twitter_misc":{"Est. reading time":"4 minutes"},"schema":{"@context":"https:\/\/schema.org","@graph":[{"@type":"WebPage","@id":"https:\/\/shrimataji.org\/test\/pt\/atma-pt\/","url":"https:\/\/shrimataji.org\/test\/pt\/atma-pt\/","name":"Atma PT - TEST - SMND","isPartOf":{"@id":"https:\/\/shrimataji.org\/test\/#website"},"primaryImageOfPage":{"@id":"https:\/\/shrimataji.org\/test\/pt\/atma-pt\/#primaryimage"},"image":{"@id":"https:\/\/shrimataji.org\/test\/pt\/atma-pt\/#primaryimage"},"thumbnailUrl":"https:\/\/shrimataji.org\/test\/wp-content\/uploads\/2023\/03\/8_Banner-SY-Atma-scaled.jpg","datePublished":"2022-01-29T10:07:35+00:00","dateModified":"2026-01-19T11:41:57+00:00","breadcrumb":{"@id":"https:\/\/shrimataji.org\/test\/pt\/atma-pt\/#breadcrumb"},"inLanguage":"en-US","potentialAction":[{"@type":"ReadAction","target":["https:\/\/shrimataji.org\/test\/pt\/atma-pt\/"]}]},{"@type":"ImageObject","inLanguage":"en-US","@id":"https:\/\/shrimataji.org\/test\/pt\/atma-pt\/#primaryimage","url":"https:\/\/shrimataji.org\/test\/wp-content\/uploads\/2023\/03\/8_Banner-SY-Atma-scaled.jpg","contentUrl":"https:\/\/shrimataji.org\/test\/wp-content\/uploads\/2023\/03\/8_Banner-SY-Atma-scaled.jpg","width":2560,"height":905},{"@type":"BreadcrumbList","@id":"https:\/\/shrimataji.org\/test\/pt\/atma-pt\/#breadcrumb","itemListElement":[{"@type":"ListItem","position":1,"name":"Home","item":"https:\/\/shrimataji.org\/test\/uk\/home-en\/"},{"@type":"ListItem","position":2,"name":"Atma PT"}]},{"@type":"WebSite","@id":"https:\/\/shrimataji.org\/test\/#website","url":"https:\/\/shrimataji.org\/test\/","name":"Shri Mataji Nirmala Devi","description":"A Life Dedicated to Humanity","publisher":{"@id":"https:\/\/shrimataji.org\/test\/#\/schema\/person\/a1b3419c6585f164aa96da1ff85715d1"},"potentialAction":[{"@type":"SearchAction","target":{"@type":"EntryPoint","urlTemplate":"https:\/\/shrimataji.org\/test\/?s={search_term_string}"},"query-input":{"@type":"PropertyValueSpecification","valueRequired":true,"valueName":"search_term_string"}}],"inLanguage":"en-US"},{"@type":["Person","Organization"],"@id":"https:\/\/shrimataji.org\/test\/#\/schema\/person\/a1b3419c6585f164aa96da1ff85715d1","name":"Nirmala Shrivastava","image":{"@type":"ImageObject","inLanguage":"en-US","@id":"https:\/\/shrimataji.org\/test\/wp-content\/uploads\/2023\/02\/SMO_LOGO-03.svg","url":"https:\/\/shrimataji.org\/test\/wp-content\/uploads\/2023\/02\/SMO_LOGO-03.svg","contentUrl":"https:\/\/shrimataji.org\/test\/wp-content\/uploads\/2023\/02\/SMO_LOGO-03.svg","width":"1024","height":"1024","caption":"Nirmala Shrivastava"},"logo":{"@id":"https:\/\/shrimataji.org\/test\/wp-content\/uploads\/2023\/02\/SMO_LOGO-03.svg"},"sameAs":["https:\/\/shrimataji.org\/test","https:\/\/www.facebook.com\/shrimataji","https:\/\/x.com\/shrimataji","https:\/\/www.youtube.com\/@Shri_Mataji_Nirmala_Devi\/featured"]}]}},"lang":"pt","translations":{"pt":10352,"ur":37394,"en":6397,"am":17965,"th":19892,"hu":19440,"sq":18366,"zh":17263,"hi":7360,"tr":10135,"de":10625,"fr":10723,"it":10821,"es":10919,"ja":11216,"ru":11404,"bn":11596,"te":11704,"sw":11827,"he":11975,"el":12266,"sk":12364,"fa":12462,"fi":12560,"bg":13393,"ro":14467,"cs":14660,"nl":16526,"ku":16686,"ar":16862,"be":18573,"kn":18847,"mr":20256,"uk":20548,"ml":20847,"ta":22681,"sv":22954,"gu":28802,"pa":28960,"fil":29400,"da":37708,"pl":37925,"nn":38260},"pll_sync_post":[],"_links":{"self":[{"href":"https:\/\/shrimataji.org\/test\/wp-json\/wp\/v2\/pages\/10352","targetHints":{"allow":["GET"]}}],"collection":[{"href":"https:\/\/shrimataji.org\/test\/wp-json\/wp\/v2\/pages"}],"about":[{"href":"https:\/\/shrimataji.org\/test\/wp-json\/wp\/v2\/types\/page"}],"author":[{"embeddable":true,"href":"https:\/\/shrimataji.org\/test\/wp-json\/wp\/v2\/users\/18"}],"replies":[{"embeddable":true,"href":"https:\/\/shrimataji.org\/test\/wp-json\/wp\/v2\/comments?post=10352"}],"version-history":[{"count":0,"href":"https:\/\/shrimataji.org\/test\/wp-json\/wp\/v2\/pages\/10352\/revisions"}],"wp:featuredmedia":[{"embeddable":true,"href":"https:\/\/shrimataji.org\/test\/wp-json\/wp\/v2\/media\/9243"}],"wp:attachment":[{"href":"https:\/\/shrimataji.org\/test\/wp-json\/wp\/v2\/media?parent=10352"}],"curies":[{"name":"wp","href":"https:\/\/api.w.org\/{rel}","templated":true}]}}