{"id":10353,"date":"2018-07-10T06:54:50","date_gmt":"2018-07-10T06:54:50","guid":{"rendered":"http:\/\/testwordpress.nirmalnagari.org\/smnd\/index.php\/awards\/"},"modified":"2026-01-16T00:41:58","modified_gmt":"2026-01-16T00:41:58","slug":"premiacoes","status":"publish","type":"page","link":"https:\/\/shrimataji.org\/test\/pt\/premiacoes\/","title":{"rendered":"Premia\u00e7\u00f5es"},"content":{"rendered":"\n\n\t<h1>Premia\u00e7\u00f5es<\/h1>\n<h2>Reconhecimentos Internacionais<\/h2>\n\t<h4>O trabalho humanit\u00e1rio e espiritual de Shri Mataji atrai admira\u00e7\u00e3o n\u00e3o apenas de in\u00fameras pessoas em mais de 95 na\u00e7\u00f5es que se beneficiaram pessoalmente de seus ensinamentos, mas tamb\u00e9m de governos, autoridades, institui\u00e7\u00f5es educacionais e organiza\u00e7\u00f5es humanit\u00e1rias.<\/h4>\n<p>Reconhecendo a natureza cient\u00edfica e verific\u00e1vel de seus ensinamentos, a Academia Petrovskaya de Artes e Ci\u00eancias em S\u00e3o Petersburgo concedeu a Shri Mataji uma Filia\u00e7\u00e3o Honor\u00e1ria, dizendo a ela: &#8220;Voc\u00ea est\u00e1 acima at\u00e9 mesmo da ci\u00eancia&#8221;.<\/p>\n<p>Outros, como Claes Nobel, agradeceram a ela por oferecer esperan\u00e7a \u00e0 humanidade. Ela aceitava todos os pr\u00eamios com sua humildade caracter\u00edstica, elogiando os esfor\u00e7os dos outros e insistindo no m\u00e9rito coletivo, em vez do individual.<\/p>\n<p>Apesar das viagens incans\u00e1veis, Shri Mataji nunca se referia \u00e0 sua agenda exigente como cansativa, equiparando-a mais ao trabalho de uma m\u00e3e amorosa cuidando do bem-estar de seus filhos.<\/p>\n\t\t<iframe loading=\"lazy\" title=\"Claes Nobel - Tribute to Shri Mataji\" width=\"1920\" height=\"1080\" src=\"https:\/\/www.youtube.com\/embed\/K4ftCStNzWk?feature=oembed\" frameborder=\"0\" allow=\"accelerometer; autoplay; clipboard-write; encrypted-media; gyroscope; picture-in-picture; web-share\" allowfullscreen><\/iframe>\t\n\t\t\t\t<img decoding=\"async\" src=\"https:\/\/shrimataji.org\/test\/wp-content\/uploads\/2025\/12\/PT_shri-mataji-at-the-womens-conference-in-beijing-13.09.1995.jpg\" alt=\"Confer\u00eancia da ONU (Pequim, China, 1995)\" itemprop=\"image\" height=\"888\" width=\"1362\" title=\"PT_shri-mataji-at-the-womens-conference-in-beijing-13.09.1995\" onerror=\"this.style.display='none'\" loading=\"lazy\" \/>\n\t\tConfer\u00eancia da ONU (Pequim, China, 1995)\n\t<p><strong>Uma Sele\u00e7\u00e3o de Pr\u00eamios e Reconhecimentos<\/strong><\/p>\n<p>Shri Mataji foi reconhecida mundialmente por v\u00e1rias institui\u00e7\u00f5es prestigiadas por seu trabalho altru\u00edstico e pelos resultados not\u00e1veis de seus ensinamentos espirituais atrav\u00e9s do Sahaja Yoga, alguns dos quais est\u00e3o listados abaixo.<\/p>\n<strong>It\u00e1lia, 1986<\/strong><br \/>\nDeclarada &#8216;Personalidade do Ano&#8217; pelo Governo Italiano.\n<strong>Moscou, R\u00fassia, 1989<\/strong><br \/>\nAp\u00f3s o encontro de Shri Mataji com o Ministro da Sa\u00fade da URSS, a Sahaja Yoga recebeu patroc\u00ednio completo do governo, incluindo financiamento para pesquisa cient\u00edfica.\n<strong>Nova York, 1990-1994<\/strong><br \/>\nConvidada pelas Na\u00e7\u00f5es Unidas por quatro anos consecutivos para falar sobre os caminhos e meios para alcan\u00e7ar a paz mundial.\n<strong>S\u00e3o Petersburgo, R\u00fassia, 1993<\/strong><br \/>\nNomeada como Membro Honor\u00e1rio da Academia Petrovskaya de Arte e Ci\u00eancia. Na hist\u00f3ria da Academia, apenas doze pessoas receberam essa honra, sendo Einstein uma delas. Shri Mataji inaugurou a primeira Confer\u00eancia Internacional sobre Medicina e Autoconhecimento, que se tornou um evento anual na Academia a partir de ent\u00e3o.\n<strong>Brasil, 1994<\/strong><br \/>\nO governador de Bras\u00edlia deu as boas-vindas a Shri Mataji no aeroporto, presenteou-A com a chave da cidade e patrocinou todos os seus programas.\n<strong>Nova York, 1994<\/strong><br \/>\nEm 26 de setembro, foi proclamado o &#8216;Dia Shri Mataji Nirmala Devi&#8217;. Foi oferecida uma escolta policial para um desfile de boas-vindas em homenagem a Shri Mataji e para celebrar sua associa\u00e7\u00e3o com Mahatma Gandhi.\n<strong>Col\u00fambia Brit\u00e2nica, Canad\u00e1, 1994<\/strong><br \/>\nUma carta de boas-vindas foi oferecida pelo Primeiro-Ministro da Prov\u00edncia da Col\u00fambia Brit\u00e2nica, Sr. Mike Harcourt, em nome do povo do Canad\u00e1.\n<strong>Rom\u00e2nia 1995<\/strong><br \/>\nConcedido o Doutorado Honor\u00e1rio em Ci\u00eancia Cognitiva pelo Prof. D. Drimer, diretor da Universidade Ecol\u00f3gica de Bucareste.\n<strong>China, 1995<\/strong><br \/>\nConvidada oficial do Governo Chin\u00eas para falar na Confer\u00eancia Internacional da ONU sobre Mulheres.\n<strong>Pune, \u00cdndia, 1996<\/strong><br \/>\nNa ocasi\u00e3o do 700\u00ba anivers\u00e1rio de Saint Gyaneshwara, Shri Mataji participou do &#8216;Encontro Mundial de Fil\u00f3sofos &#8217;96 &#8211; Um Parlamento de Ci\u00eancia, Religi\u00e3o e Filosofia&#8217;, onde foi homenageada por seu movimento espiritual, a Sahaja Yoga.\n<strong>Londres, 1997<\/strong><br \/>\nO Sr. Claes Nobel, bisneto de Alfred Nobel e presidente da United Earth e da The National Society of High School Scholars, homenageou a vida e o trabalho de Shri Mataji em um discurso p\u00fablico no Royal Albert Hall.\n<strong>Estados Unidos, 105\u00ba Congresso, 1997 e 106\u00ba Congresso, 2000<\/strong><br \/>\nHonor\u00e1rio lido no Registro do Congresso pelo Congressista Eliot Engle, elogiando Shri Mataji por seu trabalho dedicado e incans\u00e1vel pela humanidade.\n<strong>Cabella Lig\u00faria, It\u00e1lia, 2006<\/strong><br \/>\nShri Mataji recebeu a cidadania italiana honor\u00e1ria, seguida pela inaugura\u00e7\u00e3o da pedra fundamental da &#8216;Funda\u00e7\u00e3o Mundial Shri Mataji Nirmala Devi da Sahaja Yoga&#8217;. Essa funda\u00e7\u00e3o tem sua sede em Cabella Lig\u00faria.\n\t\t\t\t<img decoding=\"async\" src=\"https:\/\/shrimataji.org\/test\/wp-content\/uploads\/2025\/12\/PT_lwp-3459.jpg\" alt=\"Cabela Ligure\" itemprop=\"image\" height=\"427\" width=\"640\" title=\"PT_lwp-3459\" onerror=\"this.style.display='none'\" loading=\"lazy\" \/>\n\t\tCabela Ligure\n\t<div class=\"su-quote su-quote-style-default\"><div class=\"su-quote-inner su-u-clearfix su-u-trim\">A posi\u00e7\u00e3o de uma m\u00e3e \u00e9 diferente, essa paci\u00eancia, esse amor e esse perd\u00e3o s\u00e3o intrinsecamente parte de uma m\u00e3e &#8230; sua atitude \u00e9 muito diferente. N\u00e3o \u00e9 por nenhuma conquista, nenhum grande nome ou algum tipo de pr\u00eamio &#8230; ela faz isso porque \u00e9 uma m\u00e3e.<\/div><\/div>\n\n","protected":false},"excerpt":{"rendered":"<p>Premia\u00e7\u00f5es Reconhecimentos Internacionais O trabalho humanit\u00e1rio e espiritual de Shri Mataji atrai admira\u00e7\u00e3o n\u00e3o apenas de in\u00fameras pessoas em mais de 95 na\u00e7\u00f5es que se beneficiaram pessoalmente de seus ensinamentos, mas tamb\u00e9m de governos, autoridades, institui\u00e7\u00f5es educacionais e organiza\u00e7\u00f5es humanit\u00e1rias. Reconhecendo a natureza cient\u00edfica e verific\u00e1vel de seus ensinamentos, a Academia Petrovskaya de Artes e&hellip; <br \/> <a class=\"read-more\" href=\"https:\/\/shrimataji.org\/test\/pt\/premiacoes\/\">Read more<\/a><\/p>\n","protected":false},"author":18,"featured_media":156,"parent":0,"menu_order":0,"comment_status":"closed","ping_status":"closed","template":"","meta":{"inline_featured_image":false,"footnotes":""},"class_list":["post-10353","page","type-page","status-publish","has-post-thumbnail","hentry"],"yoast_head":"<!-- This site is optimized with the Yoast SEO plugin v27.4 - https:\/\/yoast.com\/product\/yoast-seo-wordpress\/ -->\n<title>Premia\u00e7\u00f5es - TEST - SMND<\/title>\n<meta name=\"robots\" content=\"noindex, follow, max-snippet:-1, max-image-preview:large, max-video-preview:-1\" \/>\n<meta property=\"og:locale\" content=\"en_US\" \/>\n<meta property=\"og:type\" content=\"article\" \/>\n<meta property=\"og:title\" content=\"Premia\u00e7\u00f5es - TEST - SMND\" \/>\n<meta property=\"og:description\" content=\"Premia\u00e7\u00f5es Reconhecimentos Internacionais O trabalho humanit\u00e1rio e espiritual de Shri Mataji atrai admira\u00e7\u00e3o n\u00e3o apenas de in\u00fameras pessoas em mais de 95 na\u00e7\u00f5es que se beneficiaram pessoalmente de seus ensinamentos, mas tamb\u00e9m de governos, autoridades, institui\u00e7\u00f5es educacionais e organiza\u00e7\u00f5es humanit\u00e1rias. Reconhecendo a natureza cient\u00edfica e verific\u00e1vel de seus ensinamentos, a Academia Petrovskaya de Artes e&hellip; Read more\" \/>\n<meta property=\"og:url\" content=\"https:\/\/shrimataji.org\/test\/pt\/premiacoes\/\" \/>\n<meta property=\"og:site_name\" content=\"TEST - SMND\" \/>\n<meta property=\"article:publisher\" content=\"https:\/\/www.facebook.com\/shrimataji\" \/>\n<meta property=\"article:modified_time\" content=\"2026-01-16T00:41:58+00:00\" \/>\n<meta property=\"og:image\" content=\"https:\/\/shrimataji.org\/test\/wp-content\/uploads\/2018\/07\/media_originals\/images\/headers-life-awards\/shri-mataji-recieves-recognition-in-moscow-russia.jpg\" \/>\n\t<meta property=\"og:image:width\" content=\"990\" \/>\n\t<meta property=\"og:image:height\" content=\"350\" \/>\n\t<meta property=\"og:image:type\" content=\"image\/jpeg\" \/>\n<meta name=\"twitter:card\" content=\"summary_large_image\" \/>\n<meta name=\"twitter:site\" content=\"@shrimataji\" \/>\n<meta name=\"twitter:label1\" content=\"Est. reading time\" \/>\n\t<meta name=\"twitter:data1\" content=\"4 minutes\" \/>\n<script type=\"application\/ld+json\" class=\"yoast-schema-graph\">{\"@context\":\"https:\\\/\\\/schema.org\",\"@graph\":[{\"@type\":\"WebPage\",\"@id\":\"https:\\\/\\\/shrimataji.org\\\/test\\\/pt\\\/premiacoes\\\/\",\"url\":\"https:\\\/\\\/shrimataji.org\\\/test\\\/pt\\\/premiacoes\\\/\",\"name\":\"Premia\u00e7\u00f5es - TEST - SMND\",\"isPartOf\":{\"@id\":\"https:\\\/\\\/shrimataji.org\\\/test\\\/#website\"},\"primaryImageOfPage\":{\"@id\":\"https:\\\/\\\/shrimataji.org\\\/test\\\/pt\\\/premiacoes\\\/#primaryimage\"},\"image\":{\"@id\":\"https:\\\/\\\/shrimataji.org\\\/test\\\/pt\\\/premiacoes\\\/#primaryimage\"},\"thumbnailUrl\":\"https:\\\/\\\/shrimataji.org\\\/test\\\/wp-content\\\/uploads\\\/2018\\\/07\\\/media_originals\\\/images\\\/headers-life-awards\\\/shri-mataji-recieves-recognition-in-moscow-russia.jpg\",\"datePublished\":\"2018-07-10T06:54:50+00:00\",\"dateModified\":\"2026-01-16T00:41:58+00:00\",\"breadcrumb\":{\"@id\":\"https:\\\/\\\/shrimataji.org\\\/test\\\/pt\\\/premiacoes\\\/#breadcrumb\"},\"inLanguage\":\"en-US\",\"potentialAction\":[{\"@type\":\"ReadAction\",\"target\":[\"https:\\\/\\\/shrimataji.org\\\/test\\\/pt\\\/premiacoes\\\/\"]}]},{\"@type\":\"ImageObject\",\"inLanguage\":\"en-US\",\"@id\":\"https:\\\/\\\/shrimataji.org\\\/test\\\/pt\\\/premiacoes\\\/#primaryimage\",\"url\":\"https:\\\/\\\/shrimataji.org\\\/test\\\/wp-content\\\/uploads\\\/2018\\\/07\\\/media_originals\\\/images\\\/headers-life-awards\\\/shri-mataji-recieves-recognition-in-moscow-russia.jpg\",\"contentUrl\":\"https:\\\/\\\/shrimataji.org\\\/test\\\/wp-content\\\/uploads\\\/2018\\\/07\\\/media_originals\\\/images\\\/headers-life-awards\\\/shri-mataji-recieves-recognition-in-moscow-russia.jpg\",\"width\":990,\"height\":350},{\"@type\":\"BreadcrumbList\",\"@id\":\"https:\\\/\\\/shrimataji.org\\\/test\\\/pt\\\/premiacoes\\\/#breadcrumb\",\"itemListElement\":[{\"@type\":\"ListItem\",\"position\":1,\"name\":\"Home\",\"item\":\"https:\\\/\\\/shrimataji.org\\\/test\\\/uk\\\/home-en\\\/\"},{\"@type\":\"ListItem\",\"position\":2,\"name\":\"Premia\u00e7\u00f5es\"}]},{\"@type\":\"WebSite\",\"@id\":\"https:\\\/\\\/shrimataji.org\\\/test\\\/#website\",\"url\":\"https:\\\/\\\/shrimataji.org\\\/test\\\/\",\"name\":\"Shri Mataji Nirmala Devi\",\"description\":\"A Life Dedicated to Humanity\",\"publisher\":{\"@id\":\"https:\\\/\\\/shrimataji.org\\\/test\\\/#\\\/schema\\\/person\\\/a1b3419c6585f164aa96da1ff85715d1\"},\"potentialAction\":[{\"@type\":\"SearchAction\",\"target\":{\"@type\":\"EntryPoint\",\"urlTemplate\":\"https:\\\/\\\/shrimataji.org\\\/test\\\/?s={search_term_string}\"},\"query-input\":{\"@type\":\"PropertyValueSpecification\",\"valueRequired\":true,\"valueName\":\"search_term_string\"}}],\"inLanguage\":\"en-US\"},{\"@type\":[\"Person\",\"Organization\"],\"@id\":\"https:\\\/\\\/shrimataji.org\\\/test\\\/#\\\/schema\\\/person\\\/a1b3419c6585f164aa96da1ff85715d1\",\"name\":\"Nirmala Shrivastava\",\"image\":{\"@type\":\"ImageObject\",\"inLanguage\":\"en-US\",\"@id\":\"https:\\\/\\\/shrimataji.org\\\/test\\\/wp-content\\\/uploads\\\/2023\\\/02\\\/SMO_LOGO-03.svg\",\"url\":\"https:\\\/\\\/shrimataji.org\\\/test\\\/wp-content\\\/uploads\\\/2023\\\/02\\\/SMO_LOGO-03.svg\",\"contentUrl\":\"https:\\\/\\\/shrimataji.org\\\/test\\\/wp-content\\\/uploads\\\/2023\\\/02\\\/SMO_LOGO-03.svg\",\"width\":\"1024\",\"height\":\"1024\",\"caption\":\"Nirmala Shrivastava\"},\"logo\":{\"@id\":\"https:\\\/\\\/shrimataji.org\\\/test\\\/wp-content\\\/uploads\\\/2023\\\/02\\\/SMO_LOGO-03.svg\"},\"sameAs\":[\"https:\\\/\\\/shrimataji.org\\\/test\",\"https:\\\/\\\/www.facebook.com\\\/shrimataji\",\"https:\\\/\\\/x.com\\\/shrimataji\",\"https:\\\/\\\/www.youtube.com\\\/@Shri_Mataji_Nirmala_Devi\\\/featured\"]}]}<\/script>\n<!-- \/ Yoast SEO plugin. -->","yoast_head_json":{"title":"Premia\u00e7\u00f5es - TEST - SMND","robots":{"index":"noindex","follow":"follow","max-snippet":"max-snippet:-1","max-image-preview":"max-image-preview:large","max-video-preview":"max-video-preview:-1"},"og_locale":"en_US","og_type":"article","og_title":"Premia\u00e7\u00f5es - TEST - SMND","og_description":"Premia\u00e7\u00f5es Reconhecimentos Internacionais O trabalho humanit\u00e1rio e espiritual de Shri Mataji atrai admira\u00e7\u00e3o n\u00e3o apenas de in\u00fameras pessoas em mais de 95 na\u00e7\u00f5es que se beneficiaram pessoalmente de seus ensinamentos, mas tamb\u00e9m de governos, autoridades, institui\u00e7\u00f5es educacionais e organiza\u00e7\u00f5es humanit\u00e1rias. Reconhecendo a natureza cient\u00edfica e verific\u00e1vel de seus ensinamentos, a Academia Petrovskaya de Artes e&hellip; Read more","og_url":"https:\/\/shrimataji.org\/test\/pt\/premiacoes\/","og_site_name":"TEST - SMND","article_publisher":"https:\/\/www.facebook.com\/shrimataji","article_modified_time":"2026-01-16T00:41:58+00:00","og_image":[{"width":990,"height":350,"url":"https:\/\/shrimataji.org\/test\/wp-content\/uploads\/2018\/07\/media_originals\/images\/headers-life-awards\/shri-mataji-recieves-recognition-in-moscow-russia.jpg","type":"image\/jpeg"}],"twitter_card":"summary_large_image","twitter_site":"@shrimataji","twitter_misc":{"Est. reading time":"4 minutes"},"schema":{"@context":"https:\/\/schema.org","@graph":[{"@type":"WebPage","@id":"https:\/\/shrimataji.org\/test\/pt\/premiacoes\/","url":"https:\/\/shrimataji.org\/test\/pt\/premiacoes\/","name":"Premia\u00e7\u00f5es - TEST - SMND","isPartOf":{"@id":"https:\/\/shrimataji.org\/test\/#website"},"primaryImageOfPage":{"@id":"https:\/\/shrimataji.org\/test\/pt\/premiacoes\/#primaryimage"},"image":{"@id":"https:\/\/shrimataji.org\/test\/pt\/premiacoes\/#primaryimage"},"thumbnailUrl":"https:\/\/shrimataji.org\/test\/wp-content\/uploads\/2018\/07\/media_originals\/images\/headers-life-awards\/shri-mataji-recieves-recognition-in-moscow-russia.jpg","datePublished":"2018-07-10T06:54:50+00:00","dateModified":"2026-01-16T00:41:58+00:00","breadcrumb":{"@id":"https:\/\/shrimataji.org\/test\/pt\/premiacoes\/#breadcrumb"},"inLanguage":"en-US","potentialAction":[{"@type":"ReadAction","target":["https:\/\/shrimataji.org\/test\/pt\/premiacoes\/"]}]},{"@type":"ImageObject","inLanguage":"en-US","@id":"https:\/\/shrimataji.org\/test\/pt\/premiacoes\/#primaryimage","url":"https:\/\/shrimataji.org\/test\/wp-content\/uploads\/2018\/07\/media_originals\/images\/headers-life-awards\/shri-mataji-recieves-recognition-in-moscow-russia.jpg","contentUrl":"https:\/\/shrimataji.org\/test\/wp-content\/uploads\/2018\/07\/media_originals\/images\/headers-life-awards\/shri-mataji-recieves-recognition-in-moscow-russia.jpg","width":990,"height":350},{"@type":"BreadcrumbList","@id":"https:\/\/shrimataji.org\/test\/pt\/premiacoes\/#breadcrumb","itemListElement":[{"@type":"ListItem","position":1,"name":"Home","item":"https:\/\/shrimataji.org\/test\/uk\/home-en\/"},{"@type":"ListItem","position":2,"name":"Premia\u00e7\u00f5es"}]},{"@type":"WebSite","@id":"https:\/\/shrimataji.org\/test\/#website","url":"https:\/\/shrimataji.org\/test\/","name":"Shri Mataji Nirmala Devi","description":"A Life Dedicated to Humanity","publisher":{"@id":"https:\/\/shrimataji.org\/test\/#\/schema\/person\/a1b3419c6585f164aa96da1ff85715d1"},"potentialAction":[{"@type":"SearchAction","target":{"@type":"EntryPoint","urlTemplate":"https:\/\/shrimataji.org\/test\/?s={search_term_string}"},"query-input":{"@type":"PropertyValueSpecification","valueRequired":true,"valueName":"search_term_string"}}],"inLanguage":"en-US"},{"@type":["Person","Organization"],"@id":"https:\/\/shrimataji.org\/test\/#\/schema\/person\/a1b3419c6585f164aa96da1ff85715d1","name":"Nirmala Shrivastava","image":{"@type":"ImageObject","inLanguage":"en-US","@id":"https:\/\/shrimataji.org\/test\/wp-content\/uploads\/2023\/02\/SMO_LOGO-03.svg","url":"https:\/\/shrimataji.org\/test\/wp-content\/uploads\/2023\/02\/SMO_LOGO-03.svg","contentUrl":"https:\/\/shrimataji.org\/test\/wp-content\/uploads\/2023\/02\/SMO_LOGO-03.svg","width":"1024","height":"1024","caption":"Nirmala Shrivastava"},"logo":{"@id":"https:\/\/shrimataji.org\/test\/wp-content\/uploads\/2023\/02\/SMO_LOGO-03.svg"},"sameAs":["https:\/\/shrimataji.org\/test","https:\/\/www.facebook.com\/shrimataji","https:\/\/x.com\/shrimataji","https:\/\/www.youtube.com\/@Shri_Mataji_Nirmala_Devi\/featured"]}]}},"lang":"pt","translations":{"pt":10353,"ur":37691,"en":437,"am":17967,"th":19895,"hu":19442,"sq":18368,"zh":17265,"tr":10136,"de":10626,"fr":10724,"it":10822,"es":10920,"ja":11217,"ru":11405,"bn":11597,"te":11705,"sw":11828,"he":11976,"el":12267,"sk":12365,"fa":12463,"fi":12561,"bg":13438,"ro":14512,"cs":14705,"nl":16528,"ku":16688,"ar":16864,"be":18575,"kn":18849,"mr":20259,"uk":20551,"ml":20850,"ta":22683,"sv":22956,"gu":28804,"pa":28962,"fil":29402,"da":37710,"pl":37927,"nn":38262},"pll_sync_post":[],"_links":{"self":[{"href":"https:\/\/shrimataji.org\/test\/wp-json\/wp\/v2\/pages\/10353","targetHints":{"allow":["GET"]}}],"collection":[{"href":"https:\/\/shrimataji.org\/test\/wp-json\/wp\/v2\/pages"}],"about":[{"href":"https:\/\/shrimataji.org\/test\/wp-json\/wp\/v2\/types\/page"}],"author":[{"embeddable":true,"href":"https:\/\/shrimataji.org\/test\/wp-json\/wp\/v2\/users\/18"}],"replies":[{"embeddable":true,"href":"https:\/\/shrimataji.org\/test\/wp-json\/wp\/v2\/comments?post=10353"}],"version-history":[{"count":0,"href":"https:\/\/shrimataji.org\/test\/wp-json\/wp\/v2\/pages\/10353\/revisions"}],"wp:featuredmedia":[{"embeddable":true,"href":"https:\/\/shrimataji.org\/test\/wp-json\/wp\/v2\/media\/156"}],"wp:attachment":[{"href":"https:\/\/shrimataji.org\/test\/wp-json\/wp\/v2\/media?parent=10353"}],"curies":[{"name":"wp","href":"https:\/\/api.w.org\/{rel}","templated":true}]}}