{"id":10354,"date":"2022-01-29T09:51:00","date_gmt":"2022-01-29T09:51:00","guid":{"rendered":"https:\/\/test.shrimataji.org\/?page_id=6388"},"modified":"2026-01-16T00:46:00","modified_gmt":"2026-01-16T00:46:00","slug":"tornando-se-mestre","status":"publish","type":"page","link":"https:\/\/shrimataji.org\/test\/pt\/tornando-se-mestre\/","title":{"rendered":"Tornando-se um Mestre"},"content":{"rendered":"\n\n\t<h1>Tornando-se um Mestre<\/h1>\n<h2>Despertando seu Princ\u00edpio do Guru<\/h2>\n<div class=\"su-quote su-quote-style-default\"><div class=\"su-quote-inner su-u-clearfix su-u-trim\"> Mas estamos muito al\u00e9m de todos esses instrumentos comuns, mesmo os mais complicados, mesmo os mais avan\u00e7ados e desenvolvidos pela ci\u00eancia. Porque alcan\u00e7amos um estado onde n\u00f3s mesmos nos tornamos a ci\u00eancia, a ci\u00eancia da verdade, uma verdade absoluta. Ent\u00e3o, o que \u00e9 necess\u00e1rio para um Guru \u00e9 autoestima. <\/div><\/div>\n<h4>Shri Mataji enfatizou o princ\u00edpio de alcan\u00e7ar o estado de auto-maestria desde o primeiro dia em que ensinou Sahaja Yoga. Ao contr\u00e1rio de outras disciplinas de yoga que exigem anos de aprendizado sob a orienta\u00e7\u00e3o pr\u00f3xima de um mestre ou guru, a medita\u00e7\u00e3o da Sahaja Yoga foca no acesso ao nosso pr\u00f3prio princ\u00edpio inato de mestria atrav\u00e9s da ilumina\u00e7\u00e3o do nosso si.<\/h4>\n<p>Toda verdadeira sabedoria s\u00f3 pode ser conhecida atrav\u00e9s do nosso sistema nervoso central. O sexto sentido da sutil consci\u00eancia vibrat\u00f3ria, desencadeado pela realiza\u00e7\u00e3o do si e estabelecido por meio da pr\u00e1tica adequada de medita\u00e7\u00e3o da Sahaja Yoga, torna-se uma ferramenta perfeita para verificar nosso pr\u00f3prio conhecimento e o conhecimento dos outros por meio dessa nova dimens\u00e3o de consci\u00eancia.<\/p>\n<p>Uma vez que alcan\u00e7amos esse estado de auto-maestria inato, vemos claramente as coisas como elas s\u00e3o e n\u00e3o como anteriormente acredit\u00e1vamos que eram. N\u00e3o seguimos cegamente uma f\u00e9, religi\u00e3o, doutrinas ou dogmas; em vez disso, nossa perspectiva muda ao testemunharmos tudo no estado de consci\u00eancia vibrat\u00f3ria absoluta, que est\u00e1 al\u00e9m da dualidade de nossa mente limitada.<\/p>\n<p>No in\u00edcio, essas experi\u00eancias divinas podem durar apenas por breves momentos, mas \u00e0 medida que progredimos sinceramente na medita\u00e7\u00e3o da Sahaja Yoga, essas experi\u00eancias profundas se tornam parte integrante de nossas vidas. Podemos enfrentar cada aspecto de nossas vidas com equanimidade e dominar qualquer situa\u00e7\u00e3o que antes possam ter parecido assustadoras ou angustiantes.<\/p>\n<p>Esse estado de auto-maestria n\u00e3o apenas nos capacita a trazer um equil\u00edbrio harmonioso para nossas vidas di\u00e1rias, mas tamb\u00e9m nos torna capazes de guiar outros a esse belo estado da realiza\u00e7\u00e3o do si. Muitos Sahaja Yogis t\u00eam experimentado como suas pr\u00f3prias vidas, as de suas fam\u00edlias, amigos e at\u00e9 mesmo da sociedade em que vivem foram transformadas apenas ao estabelecerem o estado de auto-maestria ou princ\u00edpio do guru dentro de si mesmos.<\/p>\n<div class=\"su-quote su-quote-style-default\"><div class=\"su-quote-inner su-u-clearfix su-u-trim\"> Da mesma forma, quando voc\u00ea est\u00e1 nessa altura ou nesse estado, ent\u00e3o sem dizer nada, sem fazer nada, at\u00e9 mesmo com um olhar, voc\u00ea se manifesta. <\/div><\/div>\n\n","protected":false},"excerpt":{"rendered":"<p>Tornando-se um Mestre Despertando seu Princ\u00edpio do Guru Shri Mataji enfatizou o princ\u00edpio de alcan\u00e7ar o estado de auto-maestria desde o primeiro dia em que ensinou Sahaja Yoga. Ao contr\u00e1rio de outras disciplinas de yoga que exigem anos de aprendizado sob a orienta\u00e7\u00e3o pr\u00f3xima de um mestre ou guru, a medita\u00e7\u00e3o da Sahaja Yoga foca&hellip; <br \/> <a class=\"read-more\" href=\"https:\/\/shrimataji.org\/test\/pt\/tornando-se-mestre\/\">Read more<\/a><\/p>\n","protected":false},"author":18,"featured_media":9261,"parent":0,"menu_order":0,"comment_status":"closed","ping_status":"closed","template":"","meta":{"inline_featured_image":false,"footnotes":""},"class_list":["post-10354","page","type-page","status-publish","has-post-thumbnail","hentry"],"yoast_head":"<!-- This site is optimized with the Yoast SEO plugin v27.4 - https:\/\/yoast.com\/product\/yoast-seo-wordpress\/ -->\n<title>Tornando-se um Mestre - TEST - SMND<\/title>\n<meta name=\"robots\" content=\"noindex, follow, max-snippet:-1, max-image-preview:large, max-video-preview:-1\" \/>\n<meta property=\"og:locale\" content=\"en_US\" \/>\n<meta property=\"og:type\" content=\"article\" \/>\n<meta property=\"og:title\" content=\"Tornando-se um Mestre - TEST - SMND\" \/>\n<meta property=\"og:description\" content=\"Tornando-se um Mestre Despertando seu Princ\u00edpio do Guru Shri Mataji enfatizou o princ\u00edpio de alcan\u00e7ar o estado de auto-maestria desde o primeiro dia em que ensinou Sahaja Yoga. Ao contr\u00e1rio de outras disciplinas de yoga que exigem anos de aprendizado sob a orienta\u00e7\u00e3o pr\u00f3xima de um mestre ou guru, a medita\u00e7\u00e3o da Sahaja Yoga foca&hellip; Read more\" \/>\n<meta property=\"og:url\" content=\"https:\/\/shrimataji.org\/test\/pt\/tornando-se-mestre\/\" \/>\n<meta property=\"og:site_name\" content=\"TEST - SMND\" \/>\n<meta property=\"article:publisher\" content=\"https:\/\/www.facebook.com\/shrimataji\" \/>\n<meta property=\"article:modified_time\" content=\"2026-01-16T00:46:00+00:00\" \/>\n<meta property=\"og:image\" content=\"https:\/\/shrimataji.org\/test\/wp-content\/uploads\/2023\/03\/26_Banner-SY-Master-scaled.jpg\" \/>\n\t<meta property=\"og:image:width\" content=\"2560\" \/>\n\t<meta property=\"og:image:height\" content=\"905\" \/>\n\t<meta property=\"og:image:type\" content=\"image\/jpeg\" \/>\n<meta name=\"twitter:card\" content=\"summary_large_image\" \/>\n<meta name=\"twitter:site\" content=\"@shrimataji\" \/>\n<meta name=\"twitter:label1\" content=\"Est. reading time\" \/>\n\t<meta name=\"twitter:data1\" content=\"2 minutes\" \/>\n<script type=\"application\/ld+json\" class=\"yoast-schema-graph\">{\"@context\":\"https:\\\/\\\/schema.org\",\"@graph\":[{\"@type\":\"WebPage\",\"@id\":\"https:\\\/\\\/shrimataji.org\\\/test\\\/pt\\\/tornando-se-mestre\\\/\",\"url\":\"https:\\\/\\\/shrimataji.org\\\/test\\\/pt\\\/tornando-se-mestre\\\/\",\"name\":\"Tornando-se um Mestre - TEST - SMND\",\"isPartOf\":{\"@id\":\"https:\\\/\\\/shrimataji.org\\\/test\\\/#website\"},\"primaryImageOfPage\":{\"@id\":\"https:\\\/\\\/shrimataji.org\\\/test\\\/pt\\\/tornando-se-mestre\\\/#primaryimage\"},\"image\":{\"@id\":\"https:\\\/\\\/shrimataji.org\\\/test\\\/pt\\\/tornando-se-mestre\\\/#primaryimage\"},\"thumbnailUrl\":\"https:\\\/\\\/shrimataji.org\\\/test\\\/wp-content\\\/uploads\\\/2023\\\/03\\\/26_Banner-SY-Master-scaled.jpg\",\"datePublished\":\"2022-01-29T09:51:00+00:00\",\"dateModified\":\"2026-01-16T00:46:00+00:00\",\"breadcrumb\":{\"@id\":\"https:\\\/\\\/shrimataji.org\\\/test\\\/pt\\\/tornando-se-mestre\\\/#breadcrumb\"},\"inLanguage\":\"en-US\",\"potentialAction\":[{\"@type\":\"ReadAction\",\"target\":[\"https:\\\/\\\/shrimataji.org\\\/test\\\/pt\\\/tornando-se-mestre\\\/\"]}]},{\"@type\":\"ImageObject\",\"inLanguage\":\"en-US\",\"@id\":\"https:\\\/\\\/shrimataji.org\\\/test\\\/pt\\\/tornando-se-mestre\\\/#primaryimage\",\"url\":\"https:\\\/\\\/shrimataji.org\\\/test\\\/wp-content\\\/uploads\\\/2023\\\/03\\\/26_Banner-SY-Master-scaled.jpg\",\"contentUrl\":\"https:\\\/\\\/shrimataji.org\\\/test\\\/wp-content\\\/uploads\\\/2023\\\/03\\\/26_Banner-SY-Master-scaled.jpg\",\"width\":2560,\"height\":905},{\"@type\":\"BreadcrumbList\",\"@id\":\"https:\\\/\\\/shrimataji.org\\\/test\\\/pt\\\/tornando-se-mestre\\\/#breadcrumb\",\"itemListElement\":[{\"@type\":\"ListItem\",\"position\":1,\"name\":\"Home\",\"item\":\"https:\\\/\\\/shrimataji.org\\\/test\\\/uk\\\/home-en\\\/\"},{\"@type\":\"ListItem\",\"position\":2,\"name\":\"Tornando-se um Mestre\"}]},{\"@type\":\"WebSite\",\"@id\":\"https:\\\/\\\/shrimataji.org\\\/test\\\/#website\",\"url\":\"https:\\\/\\\/shrimataji.org\\\/test\\\/\",\"name\":\"Shri Mataji Nirmala Devi\",\"description\":\"A Life Dedicated to Humanity\",\"publisher\":{\"@id\":\"https:\\\/\\\/shrimataji.org\\\/test\\\/#\\\/schema\\\/person\\\/a1b3419c6585f164aa96da1ff85715d1\"},\"potentialAction\":[{\"@type\":\"SearchAction\",\"target\":{\"@type\":\"EntryPoint\",\"urlTemplate\":\"https:\\\/\\\/shrimataji.org\\\/test\\\/?s={search_term_string}\"},\"query-input\":{\"@type\":\"PropertyValueSpecification\",\"valueRequired\":true,\"valueName\":\"search_term_string\"}}],\"inLanguage\":\"en-US\"},{\"@type\":[\"Person\",\"Organization\"],\"@id\":\"https:\\\/\\\/shrimataji.org\\\/test\\\/#\\\/schema\\\/person\\\/a1b3419c6585f164aa96da1ff85715d1\",\"name\":\"Nirmala Shrivastava\",\"image\":{\"@type\":\"ImageObject\",\"inLanguage\":\"en-US\",\"@id\":\"https:\\\/\\\/shrimataji.org\\\/test\\\/wp-content\\\/uploads\\\/2023\\\/02\\\/SMO_LOGO-03.svg\",\"url\":\"https:\\\/\\\/shrimataji.org\\\/test\\\/wp-content\\\/uploads\\\/2023\\\/02\\\/SMO_LOGO-03.svg\",\"contentUrl\":\"https:\\\/\\\/shrimataji.org\\\/test\\\/wp-content\\\/uploads\\\/2023\\\/02\\\/SMO_LOGO-03.svg\",\"width\":\"1024\",\"height\":\"1024\",\"caption\":\"Nirmala Shrivastava\"},\"logo\":{\"@id\":\"https:\\\/\\\/shrimataji.org\\\/test\\\/wp-content\\\/uploads\\\/2023\\\/02\\\/SMO_LOGO-03.svg\"},\"sameAs\":[\"https:\\\/\\\/shrimataji.org\\\/test\",\"https:\\\/\\\/www.facebook.com\\\/shrimataji\",\"https:\\\/\\\/x.com\\\/shrimataji\",\"https:\\\/\\\/www.youtube.com\\\/@Shri_Mataji_Nirmala_Devi\\\/featured\"]}]}<\/script>\n<!-- \/ Yoast SEO plugin. -->","yoast_head_json":{"title":"Tornando-se um Mestre - TEST - SMND","robots":{"index":"noindex","follow":"follow","max-snippet":"max-snippet:-1","max-image-preview":"max-image-preview:large","max-video-preview":"max-video-preview:-1"},"og_locale":"en_US","og_type":"article","og_title":"Tornando-se um Mestre - TEST - SMND","og_description":"Tornando-se um Mestre Despertando seu Princ\u00edpio do Guru Shri Mataji enfatizou o princ\u00edpio de alcan\u00e7ar o estado de auto-maestria desde o primeiro dia em que ensinou Sahaja Yoga. Ao contr\u00e1rio de outras disciplinas de yoga que exigem anos de aprendizado sob a orienta\u00e7\u00e3o pr\u00f3xima de um mestre ou guru, a medita\u00e7\u00e3o da Sahaja Yoga foca&hellip; Read more","og_url":"https:\/\/shrimataji.org\/test\/pt\/tornando-se-mestre\/","og_site_name":"TEST - SMND","article_publisher":"https:\/\/www.facebook.com\/shrimataji","article_modified_time":"2026-01-16T00:46:00+00:00","og_image":[{"width":2560,"height":905,"url":"https:\/\/shrimataji.org\/test\/wp-content\/uploads\/2023\/03\/26_Banner-SY-Master-scaled.jpg","type":"image\/jpeg"}],"twitter_card":"summary_large_image","twitter_site":"@shrimataji","twitter_misc":{"Est. reading time":"2 minutes"},"schema":{"@context":"https:\/\/schema.org","@graph":[{"@type":"WebPage","@id":"https:\/\/shrimataji.org\/test\/pt\/tornando-se-mestre\/","url":"https:\/\/shrimataji.org\/test\/pt\/tornando-se-mestre\/","name":"Tornando-se um Mestre - TEST - SMND","isPartOf":{"@id":"https:\/\/shrimataji.org\/test\/#website"},"primaryImageOfPage":{"@id":"https:\/\/shrimataji.org\/test\/pt\/tornando-se-mestre\/#primaryimage"},"image":{"@id":"https:\/\/shrimataji.org\/test\/pt\/tornando-se-mestre\/#primaryimage"},"thumbnailUrl":"https:\/\/shrimataji.org\/test\/wp-content\/uploads\/2023\/03\/26_Banner-SY-Master-scaled.jpg","datePublished":"2022-01-29T09:51:00+00:00","dateModified":"2026-01-16T00:46:00+00:00","breadcrumb":{"@id":"https:\/\/shrimataji.org\/test\/pt\/tornando-se-mestre\/#breadcrumb"},"inLanguage":"en-US","potentialAction":[{"@type":"ReadAction","target":["https:\/\/shrimataji.org\/test\/pt\/tornando-se-mestre\/"]}]},{"@type":"ImageObject","inLanguage":"en-US","@id":"https:\/\/shrimataji.org\/test\/pt\/tornando-se-mestre\/#primaryimage","url":"https:\/\/shrimataji.org\/test\/wp-content\/uploads\/2023\/03\/26_Banner-SY-Master-scaled.jpg","contentUrl":"https:\/\/shrimataji.org\/test\/wp-content\/uploads\/2023\/03\/26_Banner-SY-Master-scaled.jpg","width":2560,"height":905},{"@type":"BreadcrumbList","@id":"https:\/\/shrimataji.org\/test\/pt\/tornando-se-mestre\/#breadcrumb","itemListElement":[{"@type":"ListItem","position":1,"name":"Home","item":"https:\/\/shrimataji.org\/test\/uk\/home-en\/"},{"@type":"ListItem","position":2,"name":"Tornando-se um Mestre"}]},{"@type":"WebSite","@id":"https:\/\/shrimataji.org\/test\/#website","url":"https:\/\/shrimataji.org\/test\/","name":"Shri Mataji Nirmala Devi","description":"A Life Dedicated to Humanity","publisher":{"@id":"https:\/\/shrimataji.org\/test\/#\/schema\/person\/a1b3419c6585f164aa96da1ff85715d1"},"potentialAction":[{"@type":"SearchAction","target":{"@type":"EntryPoint","urlTemplate":"https:\/\/shrimataji.org\/test\/?s={search_term_string}"},"query-input":{"@type":"PropertyValueSpecification","valueRequired":true,"valueName":"search_term_string"}}],"inLanguage":"en-US"},{"@type":["Person","Organization"],"@id":"https:\/\/shrimataji.org\/test\/#\/schema\/person\/a1b3419c6585f164aa96da1ff85715d1","name":"Nirmala Shrivastava","image":{"@type":"ImageObject","inLanguage":"en-US","@id":"https:\/\/shrimataji.org\/test\/wp-content\/uploads\/2023\/02\/SMO_LOGO-03.svg","url":"https:\/\/shrimataji.org\/test\/wp-content\/uploads\/2023\/02\/SMO_LOGO-03.svg","contentUrl":"https:\/\/shrimataji.org\/test\/wp-content\/uploads\/2023\/02\/SMO_LOGO-03.svg","width":"1024","height":"1024","caption":"Nirmala Shrivastava"},"logo":{"@id":"https:\/\/shrimataji.org\/test\/wp-content\/uploads\/2023\/02\/SMO_LOGO-03.svg"},"sameAs":["https:\/\/shrimataji.org\/test","https:\/\/www.facebook.com\/shrimataji","https:\/\/x.com\/shrimataji","https:\/\/www.youtube.com\/@Shri_Mataji_Nirmala_Devi\/featured"]}]}},"lang":"pt","translations":{"pt":10354,"ur":37398,"en":6388,"am":17969,"th":19898,"hu":19444,"sq":18370,"zh":17267,"hi":7370,"tr":10137,"de":10627,"fr":10725,"it":10823,"es":10921,"ja":11218,"ru":11406,"bn":11598,"te":11706,"sw":11829,"he":11977,"el":12268,"sk":12366,"fa":12464,"fi":12562,"bg":13400,"ro":14474,"cs":14667,"nl":16530,"ku":16690,"ar":16866,"be":18577,"kn":18851,"mr":20262,"uk":20554,"ml":20853,"ta":22685,"sv":22958,"gu":28806,"pa":28964,"fil":29404,"da":37712,"pl":37929,"nn":38264},"pll_sync_post":[],"_links":{"self":[{"href":"https:\/\/shrimataji.org\/test\/wp-json\/wp\/v2\/pages\/10354","targetHints":{"allow":["GET"]}}],"collection":[{"href":"https:\/\/shrimataji.org\/test\/wp-json\/wp\/v2\/pages"}],"about":[{"href":"https:\/\/shrimataji.org\/test\/wp-json\/wp\/v2\/types\/page"}],"author":[{"embeddable":true,"href":"https:\/\/shrimataji.org\/test\/wp-json\/wp\/v2\/users\/18"}],"replies":[{"embeddable":true,"href":"https:\/\/shrimataji.org\/test\/wp-json\/wp\/v2\/comments?post=10354"}],"version-history":[{"count":0,"href":"https:\/\/shrimataji.org\/test\/wp-json\/wp\/v2\/pages\/10354\/revisions"}],"wp:featuredmedia":[{"embeddable":true,"href":"https:\/\/shrimataji.org\/test\/wp-json\/wp\/v2\/media\/9261"}],"wp:attachment":[{"href":"https:\/\/shrimataji.org\/test\/wp-json\/wp\/v2\/media?parent=10354"}],"curies":[{"name":"wp","href":"https:\/\/api.w.org\/{rel}","templated":true}]}}