{"id":10356,"date":"2022-01-23T03:35:11","date_gmt":"2022-01-23T03:35:11","guid":{"rendered":"https:\/\/test.shrimataji.org\/?page_id=6283"},"modified":"2026-01-18T14:30:40","modified_gmt":"2026-01-18T14:30:40","slug":"meditacao-coletiva","status":"publish","type":"page","link":"https:\/\/shrimataji.org\/test\/pt\/meditacao-coletiva\/","title":{"rendered":"Medita\u00e7\u00e3o Coletiva"},"content":{"rendered":"\n\n\t<h1>Medita\u00e7\u00e3o Coletiva<\/h1>\n<h2>Se Tornando Parte e Parcela do Todo<\/h2>\n<div class=\"su-quote su-quote-style-default\"><div class=\"su-quote-inner su-u-clearfix su-u-trim\"> O Esp\u00edrito \u00e9 o ser coletivo dentro de n\u00f3s. Quando se manifesta, voc\u00ea ficar\u00e1 maravilhado consigo mesmo ao perceber que pode sentir os centros sutis de outra pessoa nas pontas dos seus dedos, e pode sentir os centros sutis do seu pr\u00f3prio ser tamb\u00e9m nas pontas dos dedos. <\/div><\/div>\n<h4>Shri Mataji revela em seus ensinamentos que somos, na verdade, parte integrante de um universo espiritual vivo (Virata) que existe eternamente al\u00e9m das dimens\u00f5es do espa\u00e7o, tempo e mat\u00e9ria. Assim como as c\u00e9lulas do nosso corpo, que s\u00e3o preservadas quando fazem parte do corpo e deixam de existir quando est\u00e3o separadas do resto, o crescimento perp\u00e9tuo em nossa consci\u00eancia espiritual \u00e9 melhor sustentado quando desenvolvemos o sentido de fazer parte de um corpo completo e meditamos juntos, com outras pessoas, coletivamente.<\/h4>\n<p>N\u00e3o \u00e9 necess\u00e1rio ter salas com muito conforto e luxo. O local pode ser simples; o importante \u00e9 que se venha com a inten\u00e7\u00e3o simples e pura de meditar e estar confort\u00e1vel com o esp\u00edrito eterno que habita em todos, para desfrutar da bem-aventuran\u00e7a do oceano da medita\u00e7\u00e3o silenciosa quando almas realizadas meditam juntas.<\/p>\nShri Mataji recomendava aos Sahaja Yogis que j\u00e1 haviam alcan\u00e7ado sua realiza\u00e7\u00e3o do si que encontrassem locais simples e facilmente acess\u00edveis \u00e0s pessoas que vivem em uma determinada \u00e1rea para se reunirem e meditarem juntos.<br \/>\n<a id=\"centers\"><\/a><br \/>\nDesde 1970, milhares de centros de Medita\u00e7\u00e3o da Sahaja Yoga em todo o mundo s\u00e3o administrados voluntariamente por praticantes de Sahaja Yoga para ajudar qualquer buscador da verdade a alcan\u00e7ar sua realiza\u00e7\u00e3o do si e se estabelecer na medita\u00e7\u00e3o. Nunca foi cobrado dinheiro pela experi\u00eancia da realiza\u00e7\u00e3o do si e pela aquisi\u00e7\u00e3o do conhecimento da pr\u00e1tica da Sahaja Yoga, conforme estabelecido por Shri Mataji.\n<h2>Centros de Medita\u00e7\u00e3o da Sahaja Yoga ao Redor do Mundo<\/h2>\n<p>Voc\u00ea pode encontrar o centro de medita\u00e7\u00e3o da Sahaja Yoga mais pr\u00f3ximo, bem como cursos e programas de medita\u00e7\u00e3o online usando o mapa interativo. Use os links para encontrar um site local da Sahaja Yoga e obter mais informa\u00e7\u00f5es.<\/p>\n\t\t\t\t\t<a role=\"heading\" aria-level=\"2\" tabindex=\"-1\"  id=\"fl-accordion--label-0\">Map<\/a>\n\t\t\t\t\t\t\t\t\t\t\t<button type=\"button\" id=\"fl-accordion--icon-0\" aria-expanded=\"false\" aria-controls=\"fl-accordion--panel-0\"><i>Expandir<\/i><\/button>\n\t\t\t\t\t<h4>Note: <\/h4>\n<p>This map is a work in progress and currently only represents a small sample of the Sahaja Yoga meeting centers and courses around the world. Please zoom in to see more meeting locations which you can contact. The list is being updated on a regular basis, so be sure to revisit if you can&#8217;t locate a meeting close to you at this time.<\/p>\n<p><iframe loading=\"lazy\" src=\"\/map\/atlas.html\" width=\"100%\" height=\"500px\">Your browser does not support iframes.<\/iframe><\/p>\n\t\t\t\t\t<a role=\"heading\" aria-level=\"2\" tabindex=\"-1\"  id=\"fl-accordion--label-1\">Links<\/a>\n\t\t\t\t\t\t\t\t\t\t\t<button type=\"button\" id=\"fl-accordion--icon-1\" aria-expanded=\"false\" aria-controls=\"fl-accordion--panel-1\"><i>Expandir<\/i><\/button>\n\t\t\t\t\t<h4><strong>List of international Sahaja Yoga Websites<\/strong><\/h4>\n<p>Locate a Sahaja Yoga website in your country<\/p>\n<p><iframe loading=\"lazy\" src=\"\/map\/world.html\" width=\"100%\" height=\"500px\">Your browser does not support iframes.<\/iframe><\/p>\n\n","protected":false},"excerpt":{"rendered":"<p>Medita\u00e7\u00e3o Coletiva Se Tornando Parte e Parcela do Todo Shri Mataji revela em seus ensinamentos que somos, na verdade, parte integrante de um universo espiritual vivo (Virata) que existe eternamente al\u00e9m das dimens\u00f5es do espa\u00e7o, tempo e mat\u00e9ria. Assim como as c\u00e9lulas do nosso corpo, que s\u00e3o preservadas quando fazem parte do corpo e deixam&hellip; <br \/> <a class=\"read-more\" href=\"https:\/\/shrimataji.org\/test\/pt\/meditacao-coletiva\/\">Read more<\/a><\/p>\n","protected":false},"author":18,"featured_media":9241,"parent":0,"menu_order":0,"comment_status":"closed","ping_status":"closed","template":"","meta":{"inline_featured_image":false,"footnotes":""},"class_list":["post-10356","page","type-page","status-publish","has-post-thumbnail","hentry"],"yoast_head":"<!-- This site is optimized with the Yoast SEO plugin v27.4 - https:\/\/yoast.com\/product\/yoast-seo-wordpress\/ -->\n<title>Medita\u00e7\u00e3o Coletiva - TEST - SMND<\/title>\n<meta name=\"robots\" content=\"noindex, follow, max-snippet:-1, max-image-preview:large, max-video-preview:-1\" \/>\n<meta property=\"og:locale\" content=\"en_US\" \/>\n<meta property=\"og:type\" content=\"article\" \/>\n<meta property=\"og:title\" content=\"Medita\u00e7\u00e3o Coletiva - TEST - SMND\" \/>\n<meta property=\"og:description\" content=\"Medita\u00e7\u00e3o Coletiva Se Tornando Parte e Parcela do Todo Shri Mataji revela em seus ensinamentos que somos, na verdade, parte integrante de um universo espiritual vivo (Virata) que existe eternamente al\u00e9m das dimens\u00f5es do espa\u00e7o, tempo e mat\u00e9ria. Assim como as c\u00e9lulas do nosso corpo, que s\u00e3o preservadas quando fazem parte do corpo e deixam&hellip; Read more\" \/>\n<meta property=\"og:url\" content=\"https:\/\/shrimataji.org\/test\/pt\/meditacao-coletiva\/\" \/>\n<meta property=\"og:site_name\" content=\"TEST - SMND\" \/>\n<meta property=\"article:publisher\" content=\"https:\/\/www.facebook.com\/shrimataji\" \/>\n<meta property=\"article:modified_time\" content=\"2026-01-18T14:30:40+00:00\" \/>\n<meta property=\"og:image\" content=\"https:\/\/shrimataji.org\/test\/wp-content\/uploads\/2023\/03\/6_Banner-SY-collective-scaled.jpg\" \/>\n\t<meta property=\"og:image:width\" content=\"2560\" \/>\n\t<meta property=\"og:image:height\" content=\"905\" \/>\n\t<meta property=\"og:image:type\" content=\"image\/jpeg\" \/>\n<meta name=\"twitter:card\" content=\"summary_large_image\" \/>\n<meta name=\"twitter:site\" content=\"@shrimataji\" \/>\n<script type=\"application\/ld+json\" class=\"yoast-schema-graph\">{\"@context\":\"https:\\\/\\\/schema.org\",\"@graph\":[{\"@type\":\"WebPage\",\"@id\":\"https:\\\/\\\/shrimataji.org\\\/test\\\/pt\\\/meditacao-coletiva\\\/\",\"url\":\"https:\\\/\\\/shrimataji.org\\\/test\\\/pt\\\/meditacao-coletiva\\\/\",\"name\":\"Medita\u00e7\u00e3o Coletiva - TEST - SMND\",\"isPartOf\":{\"@id\":\"https:\\\/\\\/shrimataji.org\\\/test\\\/#website\"},\"primaryImageOfPage\":{\"@id\":\"https:\\\/\\\/shrimataji.org\\\/test\\\/pt\\\/meditacao-coletiva\\\/#primaryimage\"},\"image\":{\"@id\":\"https:\\\/\\\/shrimataji.org\\\/test\\\/pt\\\/meditacao-coletiva\\\/#primaryimage\"},\"thumbnailUrl\":\"https:\\\/\\\/shrimataji.org\\\/test\\\/wp-content\\\/uploads\\\/2023\\\/03\\\/6_Banner-SY-collective-scaled.jpg\",\"datePublished\":\"2022-01-23T03:35:11+00:00\",\"dateModified\":\"2026-01-18T14:30:40+00:00\",\"breadcrumb\":{\"@id\":\"https:\\\/\\\/shrimataji.org\\\/test\\\/pt\\\/meditacao-coletiva\\\/#breadcrumb\"},\"inLanguage\":\"en-US\",\"potentialAction\":[{\"@type\":\"ReadAction\",\"target\":[\"https:\\\/\\\/shrimataji.org\\\/test\\\/pt\\\/meditacao-coletiva\\\/\"]}]},{\"@type\":\"ImageObject\",\"inLanguage\":\"en-US\",\"@id\":\"https:\\\/\\\/shrimataji.org\\\/test\\\/pt\\\/meditacao-coletiva\\\/#primaryimage\",\"url\":\"https:\\\/\\\/shrimataji.org\\\/test\\\/wp-content\\\/uploads\\\/2023\\\/03\\\/6_Banner-SY-collective-scaled.jpg\",\"contentUrl\":\"https:\\\/\\\/shrimataji.org\\\/test\\\/wp-content\\\/uploads\\\/2023\\\/03\\\/6_Banner-SY-collective-scaled.jpg\",\"width\":2560,\"height\":905},{\"@type\":\"BreadcrumbList\",\"@id\":\"https:\\\/\\\/shrimataji.org\\\/test\\\/pt\\\/meditacao-coletiva\\\/#breadcrumb\",\"itemListElement\":[{\"@type\":\"ListItem\",\"position\":1,\"name\":\"Home\",\"item\":\"https:\\\/\\\/shrimataji.org\\\/test\\\/uk\\\/home-en\\\/\"},{\"@type\":\"ListItem\",\"position\":2,\"name\":\"Medita\u00e7\u00e3o Coletiva\"}]},{\"@type\":\"WebSite\",\"@id\":\"https:\\\/\\\/shrimataji.org\\\/test\\\/#website\",\"url\":\"https:\\\/\\\/shrimataji.org\\\/test\\\/\",\"name\":\"Shri Mataji Nirmala Devi\",\"description\":\"A Life Dedicated to Humanity\",\"publisher\":{\"@id\":\"https:\\\/\\\/shrimataji.org\\\/test\\\/#\\\/schema\\\/person\\\/a1b3419c6585f164aa96da1ff85715d1\"},\"potentialAction\":[{\"@type\":\"SearchAction\",\"target\":{\"@type\":\"EntryPoint\",\"urlTemplate\":\"https:\\\/\\\/shrimataji.org\\\/test\\\/?s={search_term_string}\"},\"query-input\":{\"@type\":\"PropertyValueSpecification\",\"valueRequired\":true,\"valueName\":\"search_term_string\"}}],\"inLanguage\":\"en-US\"},{\"@type\":[\"Person\",\"Organization\"],\"@id\":\"https:\\\/\\\/shrimataji.org\\\/test\\\/#\\\/schema\\\/person\\\/a1b3419c6585f164aa96da1ff85715d1\",\"name\":\"Nirmala Shrivastava\",\"image\":{\"@type\":\"ImageObject\",\"inLanguage\":\"en-US\",\"@id\":\"https:\\\/\\\/shrimataji.org\\\/test\\\/wp-content\\\/uploads\\\/2023\\\/02\\\/SMO_LOGO-03.svg\",\"url\":\"https:\\\/\\\/shrimataji.org\\\/test\\\/wp-content\\\/uploads\\\/2023\\\/02\\\/SMO_LOGO-03.svg\",\"contentUrl\":\"https:\\\/\\\/shrimataji.org\\\/test\\\/wp-content\\\/uploads\\\/2023\\\/02\\\/SMO_LOGO-03.svg\",\"width\":\"1024\",\"height\":\"1024\",\"caption\":\"Nirmala Shrivastava\"},\"logo\":{\"@id\":\"https:\\\/\\\/shrimataji.org\\\/test\\\/wp-content\\\/uploads\\\/2023\\\/02\\\/SMO_LOGO-03.svg\"},\"sameAs\":[\"https:\\\/\\\/shrimataji.org\\\/test\",\"https:\\\/\\\/www.facebook.com\\\/shrimataji\",\"https:\\\/\\\/x.com\\\/shrimataji\",\"https:\\\/\\\/www.youtube.com\\\/@Shri_Mataji_Nirmala_Devi\\\/featured\"]}]}<\/script>\n<!-- \/ Yoast SEO plugin. -->","yoast_head_json":{"title":"Medita\u00e7\u00e3o Coletiva - TEST - SMND","robots":{"index":"noindex","follow":"follow","max-snippet":"max-snippet:-1","max-image-preview":"max-image-preview:large","max-video-preview":"max-video-preview:-1"},"og_locale":"en_US","og_type":"article","og_title":"Medita\u00e7\u00e3o Coletiva - TEST - SMND","og_description":"Medita\u00e7\u00e3o Coletiva Se Tornando Parte e Parcela do Todo Shri Mataji revela em seus ensinamentos que somos, na verdade, parte integrante de um universo espiritual vivo (Virata) que existe eternamente al\u00e9m das dimens\u00f5es do espa\u00e7o, tempo e mat\u00e9ria. Assim como as c\u00e9lulas do nosso corpo, que s\u00e3o preservadas quando fazem parte do corpo e deixam&hellip; Read more","og_url":"https:\/\/shrimataji.org\/test\/pt\/meditacao-coletiva\/","og_site_name":"TEST - SMND","article_publisher":"https:\/\/www.facebook.com\/shrimataji","article_modified_time":"2026-01-18T14:30:40+00:00","og_image":[{"width":2560,"height":905,"url":"https:\/\/shrimataji.org\/test\/wp-content\/uploads\/2023\/03\/6_Banner-SY-collective-scaled.jpg","type":"image\/jpeg"}],"twitter_card":"summary_large_image","twitter_site":"@shrimataji","schema":{"@context":"https:\/\/schema.org","@graph":[{"@type":"WebPage","@id":"https:\/\/shrimataji.org\/test\/pt\/meditacao-coletiva\/","url":"https:\/\/shrimataji.org\/test\/pt\/meditacao-coletiva\/","name":"Medita\u00e7\u00e3o Coletiva - TEST - SMND","isPartOf":{"@id":"https:\/\/shrimataji.org\/test\/#website"},"primaryImageOfPage":{"@id":"https:\/\/shrimataji.org\/test\/pt\/meditacao-coletiva\/#primaryimage"},"image":{"@id":"https:\/\/shrimataji.org\/test\/pt\/meditacao-coletiva\/#primaryimage"},"thumbnailUrl":"https:\/\/shrimataji.org\/test\/wp-content\/uploads\/2023\/03\/6_Banner-SY-collective-scaled.jpg","datePublished":"2022-01-23T03:35:11+00:00","dateModified":"2026-01-18T14:30:40+00:00","breadcrumb":{"@id":"https:\/\/shrimataji.org\/test\/pt\/meditacao-coletiva\/#breadcrumb"},"inLanguage":"en-US","potentialAction":[{"@type":"ReadAction","target":["https:\/\/shrimataji.org\/test\/pt\/meditacao-coletiva\/"]}]},{"@type":"ImageObject","inLanguage":"en-US","@id":"https:\/\/shrimataji.org\/test\/pt\/meditacao-coletiva\/#primaryimage","url":"https:\/\/shrimataji.org\/test\/wp-content\/uploads\/2023\/03\/6_Banner-SY-collective-scaled.jpg","contentUrl":"https:\/\/shrimataji.org\/test\/wp-content\/uploads\/2023\/03\/6_Banner-SY-collective-scaled.jpg","width":2560,"height":905},{"@type":"BreadcrumbList","@id":"https:\/\/shrimataji.org\/test\/pt\/meditacao-coletiva\/#breadcrumb","itemListElement":[{"@type":"ListItem","position":1,"name":"Home","item":"https:\/\/shrimataji.org\/test\/uk\/home-en\/"},{"@type":"ListItem","position":2,"name":"Medita\u00e7\u00e3o Coletiva"}]},{"@type":"WebSite","@id":"https:\/\/shrimataji.org\/test\/#website","url":"https:\/\/shrimataji.org\/test\/","name":"Shri Mataji Nirmala Devi","description":"A Life Dedicated to Humanity","publisher":{"@id":"https:\/\/shrimataji.org\/test\/#\/schema\/person\/a1b3419c6585f164aa96da1ff85715d1"},"potentialAction":[{"@type":"SearchAction","target":{"@type":"EntryPoint","urlTemplate":"https:\/\/shrimataji.org\/test\/?s={search_term_string}"},"query-input":{"@type":"PropertyValueSpecification","valueRequired":true,"valueName":"search_term_string"}}],"inLanguage":"en-US"},{"@type":["Person","Organization"],"@id":"https:\/\/shrimataji.org\/test\/#\/schema\/person\/a1b3419c6585f164aa96da1ff85715d1","name":"Nirmala Shrivastava","image":{"@type":"ImageObject","inLanguage":"en-US","@id":"https:\/\/shrimataji.org\/test\/wp-content\/uploads\/2023\/02\/SMO_LOGO-03.svg","url":"https:\/\/shrimataji.org\/test\/wp-content\/uploads\/2023\/02\/SMO_LOGO-03.svg","contentUrl":"https:\/\/shrimataji.org\/test\/wp-content\/uploads\/2023\/02\/SMO_LOGO-03.svg","width":"1024","height":"1024","caption":"Nirmala Shrivastava"},"logo":{"@id":"https:\/\/shrimataji.org\/test\/wp-content\/uploads\/2023\/02\/SMO_LOGO-03.svg"},"sameAs":["https:\/\/shrimataji.org\/test","https:\/\/www.facebook.com\/shrimataji","https:\/\/x.com\/shrimataji","https:\/\/www.youtube.com\/@Shri_Mataji_Nirmala_Devi\/featured"]}]}},"lang":"pt","translations":{"pt":10356,"ur":37402,"en":7046,"am":17973,"th":19904,"hu":19448,"sq":18374,"zh":17271,"hi":7378,"tr":10143,"de":10630,"fr":10728,"it":10826,"es":10923,"ja":11220,"ru":11408,"bn":11600,"te":11708,"sw":11831,"he":11979,"el":12270,"sk":12368,"fa":12466,"fi":12564,"bg":13407,"ro":14481,"cs":14674,"nl":16534,"ku":16694,"ar":16870,"be":18581,"kn":18855,"mr":20268,"uk":20560,"ml":20859,"ta":22689,"sv":22962,"gu":28810,"pa":28968,"fil":29408,"da":37716,"pl":37933,"nn":38268},"pll_sync_post":[],"_links":{"self":[{"href":"https:\/\/shrimataji.org\/test\/wp-json\/wp\/v2\/pages\/10356","targetHints":{"allow":["GET"]}}],"collection":[{"href":"https:\/\/shrimataji.org\/test\/wp-json\/wp\/v2\/pages"}],"about":[{"href":"https:\/\/shrimataji.org\/test\/wp-json\/wp\/v2\/types\/page"}],"author":[{"embeddable":true,"href":"https:\/\/shrimataji.org\/test\/wp-json\/wp\/v2\/users\/18"}],"replies":[{"embeddable":true,"href":"https:\/\/shrimataji.org\/test\/wp-json\/wp\/v2\/comments?post=10356"}],"version-history":[{"count":0,"href":"https:\/\/shrimataji.org\/test\/wp-json\/wp\/v2\/pages\/10356\/revisions"}],"wp:featuredmedia":[{"embeddable":true,"href":"https:\/\/shrimataji.org\/test\/wp-json\/wp\/v2\/media\/9241"}],"wp:attachment":[{"href":"https:\/\/shrimataji.org\/test\/wp-json\/wp\/v2\/media?parent=10356"}],"curies":[{"name":"wp","href":"https:\/\/api.w.org\/{rel}","templated":true}]}}