{"id":10357,"date":"2018-07-10T06:54:46","date_gmt":"2018-07-10T06:54:46","guid":{"rendered":"http:\/\/testwordpress.nirmalnagari.org\/smnd\/index.php\/college-years\/"},"modified":"2026-01-18T16:58:58","modified_gmt":"2026-01-18T16:58:58","slug":"anos-universitarios","status":"publish","type":"page","link":"https:\/\/shrimataji.org\/test\/pt\/anos-universitarios\/","title":{"rendered":"Anos Universit\u00e1rios"},"content":{"rendered":"\n\n\t<h1><strong>Anos Universit\u00e1rios<\/strong><\/h1>\n<h2>A Luta pela Liberdade<\/h2>\n\t<div class=\"su-quote su-quote-style-default\"><div class=\"su-quote-inner su-u-clearfix su-u-trim\"> Os campos de suas aldeias cantavam tua gl\u00f3ria, e as cidades ecoavam com a melodia &#8211; Vit\u00f3ria para M\u00e3e \u00cdndia, Vit\u00f3ria \u00e0 Ti! <\/div><\/div>\n\t<h4>\u00c0 meia-noite de 15 de agosto de 1947, milh\u00f5es aclamaram a liberdade de seu pa\u00eds. Cidades e vilarejos por toda a \u00cdndia hastearam a bandeira tricolor.<\/h4>\n<figure itemscope itemtype=\"https:\/\/schema.org\/ImageObject\">\n\t\t\t\t<img decoding=\"async\" src=\"https:\/\/shrimataji.org\/test\/wp-content\/uploads\/2025\/12\/PT_shri-mataji-nirmala-devi-portrait-13yrs-old.jpg\" alt=\"Shri Mataji quando jovem\" height=\"1141\" width=\"850\" title=\"PT_shri-mataji-nirmala-devi-portrait-13yrs-old\" onerror=\"this.style.display='none'\" loading=\"lazy\" \/>\n\t\t<figcaption>Shri Mataji quando jovem<\/figcaption>\n\t<\/figure>\n\t<p>&#8220;Vi a bandeira brit\u00e2nica sendo baixada, e vi a Tricolor sendo erguida. Foi um momento marcante &#8211; \u00e9 algo que est\u00e1 al\u00e9m de mim,&#8221; lembrou Shri Mataji. &#8220;N\u00e3o consigo descrever o que senti naquele momento &#8211; um sentimento de que, de alguma forma, a verdade triunfou sobre a mentira. A justi\u00e7a prevaleceu sobre a injusti\u00e7a.&#8221;<\/p>\n<p>Ap\u00f3s anos de dom\u00ednio brit\u00e2nico, a luta pela independ\u00eancia finalmente deu frutos, gra\u00e7as \u00e0 bravura e sacrif\u00edcio de in\u00fameros cidad\u00e3os. &#8216;Quantas pessoas se sacrificaram, quantos m\u00e1rtires houve,&#8217; Ela disse.<\/p>\n<p>O sacrif\u00edcio da fam\u00edlia come\u00e7ou quando Shri Mataji tinha apenas oito anos, quando seus pais foram presos por participarem da luta pela liberdade. Nessa tenra idade, ela assumiu a responsabilidade de cuidar de seus irm\u00e3os mais novos. For\u00e7ados a deixar sua casa confort\u00e1vel, a fam\u00edlia adotou um estilo de vida espartano, vivendo em pequenas cabanas, dormindo no ch\u00e3o e, \u00e0s vezes, passando fome. &#8216;O sentimento de que tudo o que nossos pais estavam fazendo era pela liberdade de nosso pa\u00eds era t\u00e3o elevado&#8230; que nem pens\u00e1vamos nos pequenos confortos que as crian\u00e7as costumam pedir,&#8217; recordou Shri Mataji.<\/p>\n\t<p>Enquanto estudava na Christian Medical College em Lahore, Shri Mataji tornou-se uma l\u00edder jovem ativamente envolvida no Movimento &#8216;Quit India&#8217; de Mahatma Gandhi em 1942.<a href=\"#citation-note-1\">[1]<\/a> Ela frequentemente era presa, e at\u00e9 mesmo torturada, mas isso n\u00e3o afetava sua determina\u00e7\u00e3o em participar da luta pela liberdade da \u00cdndia.<\/p>\n<p>Durante esse per\u00edodo, ela conheceu um homem indiano apreensivo que a aconselhou a n\u00e3o participar do Movimento &#8216;Quit India&#8217;, pois seria muito perigoso para uma jovem como ela. O homem disse a ela para ficar em casa com sua m\u00e3e, mas seu pai n\u00e3o concordou com isso. &#8220;Meu pai Me chamou de lado&#8221;, lembrou Shri Mataji. &#8220;Ele disse: &#8216;N\u00e3o d\u00ea ouvidos a esse velho. Como ele se atreve a dizer todas essas bobagens? Estou muito orgulhoso de Voc\u00ea. Espero que todos os meus filhos sejam como Voc\u00ea.'&#8221;<\/p>\n\t<div class=\"epyt-video-wrapper\"><div  data-ep-a=\"fadeIn\"  style=\"display: block; margin: 0px auto;\"  id=\"_ytid_86954\"  width=\"3840\" height=\"2160\"  data-origwidth=\"3840\" data-origheight=\"2160\" data-facadesrc=\"https:\/\/www.youtube.com\/embed\/o43faH-pzzc?enablejsapi=1&autoplay=0&cc_load_policy=0&cc_lang_pref=&iv_load_policy=1&loop=0&rel=0&fs=1&playsinline=1&autohide=2&theme=dark&color=red&controls=1&disablekb=0&\" class=\"__youtube_prefs__ epyt-facade  no-lazyload\" data-epautoplay=\"1\" ><img decoding=\"async\" data-spai-excluded=\"true\" class=\"epyt-facade-poster skip-lazy\" loading=\"lazy\"  alt=\"YouTube player\"  src=\"https:\/\/i.ytimg.com\/vi\/o43faH-pzzc\/maxresdefault.jpg\"  \/><button class=\"epyt-facade-play\" aria-label=\"Play\"><svg data-no-lazy=\"1\" height=\"100%\" version=\"1.1\" viewBox=\"0 0 68 48\" width=\"100%\"><path class=\"ytp-large-play-button-bg\" d=\"M66.52,7.74c-0.78-2.93-2.49-5.41-5.42-6.19C55.79,.13,34,0,34,0S12.21,.13,6.9,1.55 C3.97,2.33,2.27,4.81,1.48,7.74C0.06,13.05,0,24,0,24s0.06,10.95,1.48,16.26c0.78,2.93,2.49,5.41,5.42,6.19 C12.21,47.87,34,48,34,48s21.79-0.13,27.1-1.55c2.93-0.78,4.64-3.26,5.42-6.19C67.94,34.95,68,24,68,24S67.94,13.05,66.52,7.74z\" fill=\"#f00\"><\/path><path d=\"M 45,24 27,14 27,34\" fill=\"#fff\"><\/path><\/svg><\/button><\/div><\/div><span itemprop=\"video\" itemscope itemtype=\"http:\/\/schema.org\/VideoObject\"><meta itemprop=\"embedUrl\" content=\"https:\/\/www.youtube.com\/embed\/o43faH-pzzc\"><meta itemprop=\"name\" content=\"India&#039;s Freedom And Independence\"><meta itemprop=\"description\" content=\"Shri Mataji remembers her family&#039;s role in the struggle for Indian independence. Sacrifices were made for the sake of political freedom, as Mahatma Gandhi, with a special charm, transformed the people into a new personality. Indians felt themselves to be no longer helpless individuals, but a part of something great. From this political struggle, we can today learn how to attain the freedom of our spirit. More videos at: http:\/\/ShriMataji.org ~ A Life Dedicated to Humanity ~\"><meta itemprop=\"thumbnailUrl\" content=\"https:\/\/i.ytimg.com\/vi\/o43faH-pzzc\/0.jpg\"><meta itemprop=\"duration\" content=\"PT3M52S\"><meta itemprop=\"uploadDate\" content=\"2020-07-20T00:28:05Z\"><\/span>\n\t<p>A \u00cdndia se tornou livre, embora a pol\u00edtica brit\u00e2nica de &#8216;dividir e governar&#8217; tenha deixado sua marca, eventualmente gerando tr\u00eas pa\u00edses separados &#8211; \u00cdndia, Paquist\u00e3o e Bangladesh. Durante a confus\u00e3o ap\u00f3s a independ\u00eancia e apesar do perigo iminente para sua pr\u00f3pria vida, Shri Mataji abriu sua casa para uma fam\u00edlia mu\u00e7ulmana em busca de ref\u00fagio. Ela nunca discriminou ningu\u00e9m, independentemente de sua religi\u00e3o ou origem, e incentivou a integra\u00e7\u00e3o o tempo todo.<\/p>\n\t<div class=\"su-quote su-quote-style-default\"><div class=\"su-quote-inner su-u-clearfix su-u-trim\">Voc\u00ea deve amar seu pa\u00eds com a vis\u00e3o de que um dia todos teremos um \u00fanico mundo. <\/div><\/div>\n\t\t<iframe loading=\"lazy\" title=\"Her Studies, Indian Independence, Gandhi\" width=\"1440\" height=\"1080\" src=\"https:\/\/www.youtube.com\/embed\/R3BuPaDgo4c?feature=oembed\" frameborder=\"0\" allow=\"accelerometer; autoplay; clipboard-write; encrypted-media; gyroscope; picture-in-picture; web-share\" allowfullscreen><\/iframe>\t\n\t\t<iframe loading=\"lazy\" title=\"Independence And Education\" width=\"1440\" height=\"1080\" src=\"https:\/\/www.youtube.com\/embed\/6zp6ERRkSy8?feature=oembed\" frameborder=\"0\" allow=\"accelerometer; autoplay; clipboard-write; encrypted-media; gyroscope; picture-in-picture; web-share\" allowfullscreen><\/iframe> \t\n\t<hr \/>\n<h3><a name=\"citation-note-1\"><\/a>[<a href=\"#citation-ref-1\">1<\/a>] A civil disobedience movement launched by MK Gandhi and the Indian National Congress in August 1942, calling for determined but passive resistance to the British rule and for &#8216;an orderly British withdrawal&#8217; from India (wikipedia, the free encyclopedia).<br \/>\n<\/h3>\n\n","protected":false},"excerpt":{"rendered":"<p>Anos Universit\u00e1rios A Luta pela Liberdade \u00c0 meia-noite de 15 de agosto de 1947, milh\u00f5es aclamaram a liberdade de seu pa\u00eds. Cidades e vilarejos por toda a \u00cdndia hastearam a bandeira tricolor. Shri Mataji quando jovem &#8220;Vi a bandeira brit\u00e2nica sendo baixada, e vi a Tricolor sendo erguida. Foi um momento marcante &#8211; \u00e9 algo&hellip; <br \/> <a class=\"read-more\" href=\"https:\/\/shrimataji.org\/test\/pt\/anos-universitarios\/\">Read more<\/a><\/p>\n","protected":false},"author":18,"featured_media":9508,"parent":0,"menu_order":0,"comment_status":"closed","ping_status":"closed","template":"","meta":{"inline_featured_image":false,"footnotes":""},"class_list":["post-10357","page","type-page","status-publish","has-post-thumbnail","hentry"],"yoast_head":"<!-- This site is optimized with the Yoast SEO plugin v27.4 - https:\/\/yoast.com\/product\/yoast-seo-wordpress\/ -->\n<title>Anos Universit\u00e1rios - TEST - SMND<\/title>\n<meta name=\"robots\" content=\"noindex, follow, max-snippet:-1, max-image-preview:large, max-video-preview:-1\" \/>\n<meta property=\"og:locale\" content=\"en_US\" \/>\n<meta property=\"og:type\" content=\"article\" \/>\n<meta property=\"og:title\" content=\"Anos Universit\u00e1rios - TEST - SMND\" \/>\n<meta property=\"og:description\" content=\"Anos Universit\u00e1rios A Luta pela Liberdade \u00c0 meia-noite de 15 de agosto de 1947, milh\u00f5es aclamaram a liberdade de seu pa\u00eds. Cidades e vilarejos por toda a \u00cdndia hastearam a bandeira tricolor. Shri Mataji quando jovem &#8220;Vi a bandeira brit\u00e2nica sendo baixada, e vi a Tricolor sendo erguida. Foi um momento marcante &#8211; \u00e9 algo&hellip; Read more\" \/>\n<meta property=\"og:url\" content=\"https:\/\/shrimataji.org\/test\/pt\/anos-universitarios\/\" \/>\n<meta property=\"og:site_name\" content=\"TEST - SMND\" \/>\n<meta property=\"article:publisher\" content=\"https:\/\/www.facebook.com\/shrimataji\" \/>\n<meta property=\"article:modified_time\" content=\"2026-01-18T16:58:58+00:00\" \/>\n<meta property=\"og:image\" content=\"https:\/\/shrimataji.org\/test\/wp-content\/uploads\/2023\/03\/2_Banner_EarlyLife-College-2-scaled.jpg\" \/>\n\t<meta property=\"og:image:width\" content=\"2560\" \/>\n\t<meta property=\"og:image:height\" content=\"905\" \/>\n\t<meta property=\"og:image:type\" content=\"image\/jpeg\" \/>\n<meta name=\"twitter:card\" content=\"summary_large_image\" \/>\n<meta name=\"twitter:site\" content=\"@shrimataji\" \/>\n<meta name=\"twitter:label1\" content=\"Est. reading time\" \/>\n\t<meta name=\"twitter:data1\" content=\"3 minutes\" \/>\n<script type=\"application\/ld+json\" class=\"yoast-schema-graph\">{\"@context\":\"https:\\\/\\\/schema.org\",\"@graph\":[{\"@type\":\"WebPage\",\"@id\":\"https:\\\/\\\/shrimataji.org\\\/test\\\/pt\\\/anos-universitarios\\\/\",\"url\":\"https:\\\/\\\/shrimataji.org\\\/test\\\/pt\\\/anos-universitarios\\\/\",\"name\":\"Anos Universit\u00e1rios - TEST - SMND\",\"isPartOf\":{\"@id\":\"https:\\\/\\\/shrimataji.org\\\/test\\\/#website\"},\"primaryImageOfPage\":{\"@id\":\"https:\\\/\\\/shrimataji.org\\\/test\\\/pt\\\/anos-universitarios\\\/#primaryimage\"},\"image\":{\"@id\":\"https:\\\/\\\/shrimataji.org\\\/test\\\/pt\\\/anos-universitarios\\\/#primaryimage\"},\"thumbnailUrl\":\"https:\\\/\\\/shrimataji.org\\\/test\\\/wp-content\\\/uploads\\\/2023\\\/03\\\/2_Banner_EarlyLife-College-2-scaled.jpg\",\"datePublished\":\"2018-07-10T06:54:46+00:00\",\"dateModified\":\"2026-01-18T16:58:58+00:00\",\"breadcrumb\":{\"@id\":\"https:\\\/\\\/shrimataji.org\\\/test\\\/pt\\\/anos-universitarios\\\/#breadcrumb\"},\"inLanguage\":\"en-US\",\"potentialAction\":[{\"@type\":\"ReadAction\",\"target\":[\"https:\\\/\\\/shrimataji.org\\\/test\\\/pt\\\/anos-universitarios\\\/\"]}]},{\"@type\":\"ImageObject\",\"inLanguage\":\"en-US\",\"@id\":\"https:\\\/\\\/shrimataji.org\\\/test\\\/pt\\\/anos-universitarios\\\/#primaryimage\",\"url\":\"https:\\\/\\\/shrimataji.org\\\/test\\\/wp-content\\\/uploads\\\/2023\\\/03\\\/2_Banner_EarlyLife-College-2-scaled.jpg\",\"contentUrl\":\"https:\\\/\\\/shrimataji.org\\\/test\\\/wp-content\\\/uploads\\\/2023\\\/03\\\/2_Banner_EarlyLife-College-2-scaled.jpg\",\"width\":2560,\"height\":905},{\"@type\":\"BreadcrumbList\",\"@id\":\"https:\\\/\\\/shrimataji.org\\\/test\\\/pt\\\/anos-universitarios\\\/#breadcrumb\",\"itemListElement\":[{\"@type\":\"ListItem\",\"position\":1,\"name\":\"Home\",\"item\":\"https:\\\/\\\/shrimataji.org\\\/test\\\/uk\\\/home-en\\\/\"},{\"@type\":\"ListItem\",\"position\":2,\"name\":\"Anos Universit\u00e1rios\"}]},{\"@type\":\"WebSite\",\"@id\":\"https:\\\/\\\/shrimataji.org\\\/test\\\/#website\",\"url\":\"https:\\\/\\\/shrimataji.org\\\/test\\\/\",\"name\":\"Shri Mataji Nirmala Devi\",\"description\":\"A Life Dedicated to Humanity\",\"publisher\":{\"@id\":\"https:\\\/\\\/shrimataji.org\\\/test\\\/#\\\/schema\\\/person\\\/a1b3419c6585f164aa96da1ff85715d1\"},\"potentialAction\":[{\"@type\":\"SearchAction\",\"target\":{\"@type\":\"EntryPoint\",\"urlTemplate\":\"https:\\\/\\\/shrimataji.org\\\/test\\\/?s={search_term_string}\"},\"query-input\":{\"@type\":\"PropertyValueSpecification\",\"valueRequired\":true,\"valueName\":\"search_term_string\"}}],\"inLanguage\":\"en-US\"},{\"@type\":[\"Person\",\"Organization\"],\"@id\":\"https:\\\/\\\/shrimataji.org\\\/test\\\/#\\\/schema\\\/person\\\/a1b3419c6585f164aa96da1ff85715d1\",\"name\":\"Nirmala Shrivastava\",\"image\":{\"@type\":\"ImageObject\",\"inLanguage\":\"en-US\",\"@id\":\"https:\\\/\\\/shrimataji.org\\\/test\\\/wp-content\\\/uploads\\\/2023\\\/02\\\/SMO_LOGO-03.svg\",\"url\":\"https:\\\/\\\/shrimataji.org\\\/test\\\/wp-content\\\/uploads\\\/2023\\\/02\\\/SMO_LOGO-03.svg\",\"contentUrl\":\"https:\\\/\\\/shrimataji.org\\\/test\\\/wp-content\\\/uploads\\\/2023\\\/02\\\/SMO_LOGO-03.svg\",\"width\":\"1024\",\"height\":\"1024\",\"caption\":\"Nirmala Shrivastava\"},\"logo\":{\"@id\":\"https:\\\/\\\/shrimataji.org\\\/test\\\/wp-content\\\/uploads\\\/2023\\\/02\\\/SMO_LOGO-03.svg\"},\"sameAs\":[\"https:\\\/\\\/shrimataji.org\\\/test\",\"https:\\\/\\\/www.facebook.com\\\/shrimataji\",\"https:\\\/\\\/x.com\\\/shrimataji\",\"https:\\\/\\\/www.youtube.com\\\/@Shri_Mataji_Nirmala_Devi\\\/featured\"]}]}<\/script>\n<!-- \/ Yoast SEO plugin. -->","yoast_head_json":{"title":"Anos Universit\u00e1rios - TEST - SMND","robots":{"index":"noindex","follow":"follow","max-snippet":"max-snippet:-1","max-image-preview":"max-image-preview:large","max-video-preview":"max-video-preview:-1"},"og_locale":"en_US","og_type":"article","og_title":"Anos Universit\u00e1rios - TEST - SMND","og_description":"Anos Universit\u00e1rios A Luta pela Liberdade \u00c0 meia-noite de 15 de agosto de 1947, milh\u00f5es aclamaram a liberdade de seu pa\u00eds. Cidades e vilarejos por toda a \u00cdndia hastearam a bandeira tricolor. Shri Mataji quando jovem &#8220;Vi a bandeira brit\u00e2nica sendo baixada, e vi a Tricolor sendo erguida. Foi um momento marcante &#8211; \u00e9 algo&hellip; Read more","og_url":"https:\/\/shrimataji.org\/test\/pt\/anos-universitarios\/","og_site_name":"TEST - SMND","article_publisher":"https:\/\/www.facebook.com\/shrimataji","article_modified_time":"2026-01-18T16:58:58+00:00","og_image":[{"width":2560,"height":905,"url":"https:\/\/shrimataji.org\/test\/wp-content\/uploads\/2023\/03\/2_Banner_EarlyLife-College-2-scaled.jpg","type":"image\/jpeg"}],"twitter_card":"summary_large_image","twitter_site":"@shrimataji","twitter_misc":{"Est. reading time":"3 minutes"},"schema":{"@context":"https:\/\/schema.org","@graph":[{"@type":"WebPage","@id":"https:\/\/shrimataji.org\/test\/pt\/anos-universitarios\/","url":"https:\/\/shrimataji.org\/test\/pt\/anos-universitarios\/","name":"Anos Universit\u00e1rios - TEST - SMND","isPartOf":{"@id":"https:\/\/shrimataji.org\/test\/#website"},"primaryImageOfPage":{"@id":"https:\/\/shrimataji.org\/test\/pt\/anos-universitarios\/#primaryimage"},"image":{"@id":"https:\/\/shrimataji.org\/test\/pt\/anos-universitarios\/#primaryimage"},"thumbnailUrl":"https:\/\/shrimataji.org\/test\/wp-content\/uploads\/2023\/03\/2_Banner_EarlyLife-College-2-scaled.jpg","datePublished":"2018-07-10T06:54:46+00:00","dateModified":"2026-01-18T16:58:58+00:00","breadcrumb":{"@id":"https:\/\/shrimataji.org\/test\/pt\/anos-universitarios\/#breadcrumb"},"inLanguage":"en-US","potentialAction":[{"@type":"ReadAction","target":["https:\/\/shrimataji.org\/test\/pt\/anos-universitarios\/"]}]},{"@type":"ImageObject","inLanguage":"en-US","@id":"https:\/\/shrimataji.org\/test\/pt\/anos-universitarios\/#primaryimage","url":"https:\/\/shrimataji.org\/test\/wp-content\/uploads\/2023\/03\/2_Banner_EarlyLife-College-2-scaled.jpg","contentUrl":"https:\/\/shrimataji.org\/test\/wp-content\/uploads\/2023\/03\/2_Banner_EarlyLife-College-2-scaled.jpg","width":2560,"height":905},{"@type":"BreadcrumbList","@id":"https:\/\/shrimataji.org\/test\/pt\/anos-universitarios\/#breadcrumb","itemListElement":[{"@type":"ListItem","position":1,"name":"Home","item":"https:\/\/shrimataji.org\/test\/uk\/home-en\/"},{"@type":"ListItem","position":2,"name":"Anos Universit\u00e1rios"}]},{"@type":"WebSite","@id":"https:\/\/shrimataji.org\/test\/#website","url":"https:\/\/shrimataji.org\/test\/","name":"Shri Mataji Nirmala Devi","description":"A Life Dedicated to Humanity","publisher":{"@id":"https:\/\/shrimataji.org\/test\/#\/schema\/person\/a1b3419c6585f164aa96da1ff85715d1"},"potentialAction":[{"@type":"SearchAction","target":{"@type":"EntryPoint","urlTemplate":"https:\/\/shrimataji.org\/test\/?s={search_term_string}"},"query-input":{"@type":"PropertyValueSpecification","valueRequired":true,"valueName":"search_term_string"}}],"inLanguage":"en-US"},{"@type":["Person","Organization"],"@id":"https:\/\/shrimataji.org\/test\/#\/schema\/person\/a1b3419c6585f164aa96da1ff85715d1","name":"Nirmala Shrivastava","image":{"@type":"ImageObject","inLanguage":"en-US","@id":"https:\/\/shrimataji.org\/test\/wp-content\/uploads\/2023\/02\/SMO_LOGO-03.svg","url":"https:\/\/shrimataji.org\/test\/wp-content\/uploads\/2023\/02\/SMO_LOGO-03.svg","contentUrl":"https:\/\/shrimataji.org\/test\/wp-content\/uploads\/2023\/02\/SMO_LOGO-03.svg","width":"1024","height":"1024","caption":"Nirmala Shrivastava"},"logo":{"@id":"https:\/\/shrimataji.org\/test\/wp-content\/uploads\/2023\/02\/SMO_LOGO-03.svg"},"sameAs":["https:\/\/shrimataji.org\/test","https:\/\/www.facebook.com\/shrimataji","https:\/\/x.com\/shrimataji","https:\/\/www.youtube.com\/@Shri_Mataji_Nirmala_Devi\/featured"]}]}},"lang":"pt","translations":{"pt":10357,"ur":37404,"en":413,"am":17975,"th":19907,"hu":19450,"sq":18376,"zh":17273,"hi":8384,"tr":10144,"de":10631,"fr":10729,"it":10827,"es":10924,"ja":11221,"ru":11409,"bn":11601,"te":11709,"sw":11832,"he":11980,"el":12271,"sk":12369,"fa":12467,"fi":12565,"bg":13452,"ro":14526,"cs":14719,"nl":16536,"ku":16696,"ar":16872,"be":18583,"kn":18857,"mr":20271,"uk":20563,"ml":20862,"ta":22691,"sv":22964,"gu":28812,"pa":28970,"fil":29410,"da":37718,"pl":37935,"nn":38270},"pll_sync_post":[],"_links":{"self":[{"href":"https:\/\/shrimataji.org\/test\/wp-json\/wp\/v2\/pages\/10357","targetHints":{"allow":["GET"]}}],"collection":[{"href":"https:\/\/shrimataji.org\/test\/wp-json\/wp\/v2\/pages"}],"about":[{"href":"https:\/\/shrimataji.org\/test\/wp-json\/wp\/v2\/types\/page"}],"author":[{"embeddable":true,"href":"https:\/\/shrimataji.org\/test\/wp-json\/wp\/v2\/users\/18"}],"replies":[{"embeddable":true,"href":"https:\/\/shrimataji.org\/test\/wp-json\/wp\/v2\/comments?post=10357"}],"version-history":[{"count":0,"href":"https:\/\/shrimataji.org\/test\/wp-json\/wp\/v2\/pages\/10357\/revisions"}],"wp:featuredmedia":[{"embeddable":true,"href":"https:\/\/shrimataji.org\/test\/wp-json\/wp\/v2\/media\/9508"}],"wp:attachment":[{"href":"https:\/\/shrimataji.org\/test\/wp-json\/wp\/v2\/media?parent=10357"}],"curies":[{"name":"wp","href":"https:\/\/api.w.org\/{rel}","templated":true}]}}