{"id":10359,"date":"2018-07-10T06:54:42","date_gmt":"2018-07-10T06:54:42","guid":{"rendered":"http:\/\/testwordpress.nirmalnagari.org\/smnd\/index.php\/creativity\/"},"modified":"2026-01-18T16:23:16","modified_gmt":"2026-01-18T16:23:16","slug":"criatividade","status":"publish","type":"page","link":"https:\/\/shrimataji.org\/test\/pt\/criatividade\/","title":{"rendered":"Criatividade"},"content":{"rendered":"\n\n\t<h1>Criatividade<\/h1>\n<h2>Expressando a beleza interior<\/h2>\n\t<h4>Ao longo de sua vida e trabalho, Shri Mataji dedicou muito tempo e energia \u00e0 promo\u00e7\u00e3o das artes. Ela os via como um dos principais meios de expressar e nutrir as culturas mundiais. Em particular, ela queria preservar as ricas e antigas tradi\u00e7\u00f5es art\u00edsticas da sua \u00cdndia natal e incentivou ativamente a sua propaga\u00e7\u00e3o em todo o mundo.<\/h4>\n<figure itemscope itemtype=\"https:\/\/schema.org\/ImageObject\">\n\t\t\t\t<img decoding=\"async\" src=\"https:\/\/shrimataji.org\/test\/wp-content\/uploads\/2018\/07\/media_originals\/images\/art\/blick-vom-garten-1024x722.jpg\" alt=\"blick-vom-garten\" height=\"722\" width=\"1024\" height=\"722\" width=\"1024\" title=\"blick-vom-garten\" onerror=\"this.style.display='none'\" loading=\"lazy\" \/>\n\t<\/figure>\n\t<p>Em 2003, Shri Mataji, com a ajuda de seu irm\u00e3o (carinhosamente conhecido como Babamama), estabeleceu um centro de artes em Maharashtra, na \u00cdndia. Estudantes v\u00eam de todo o mundo para aprender m\u00fasica cl\u00e1ssica indiana, dan\u00e7a e pintura neste ambiente rural tranquilo. Shri Mataji orientou pessoalmente o projeto arquitet\u00f4nico da <a href=\"https:\/\/www.pksacademy.com\/\" target=\"_blank\" rel=\"noopener noreferrer\" data-cp-link=\"1\">PK Salve Arts Academy<\/a> bem como de outros edif\u00edcios constru\u00eddos para fins humanit\u00e1rios, incluindo o <a href=\"https:\/\/www.nirmalprem.org\/\" target=\"_blank\" rel=\"noopener noreferrer\" data-cp-link=\"1\">Vishwa Nirmala Prem Centre para Mulheres Desamparadas e Crian\u00e7as \u00d3rf\u00e3s<\/a> em Delhi.<\/p>\n<p>Ela reconheceu a import\u00e2ncia dos produtos feitos \u00e0 m\u00e3o e, na tradi\u00e7\u00e3o de Mahatma Gandhi, apoiou consistentemente as ind\u00fastrias artesanais essenciais para a vida econ\u00f4mica e cultural da \u00cdndia.<\/p>\n\t<p>Ao longo dos anos, Shri Mataji foi madrinha de alguns dos mais renomados expoentes da m\u00fasica e dan\u00e7a cl\u00e1ssicas indianas, convidando-os para se apresentar em concertos e programas. Muitos dos que se apresentaram em sua presen\u00e7a descreveram isso como um momento transformador em seu desenvolvimento art\u00edstico. Eles perceberam que a forte energia criativa de Shri Mataji aumentava a pr\u00f3pria criatividade e habilidade de performance deles.<\/p>\n\t<p>Ustad Amjad Ali Khan, Debu Chaudhari e Ustad Bismillah Khan s\u00e3o apenas alguns dos artistas renomados que se apresentaram a convite de Shri Mataji. Ela mesma escreveu livros, bhajans (can\u00e7\u00f5es devocionais indianas) e poemas.<\/p>\n<p>O incentivo de Shri Mataji \u00e0s artes incluiu um forte apoio ao teatro. Ela encorajou um grupo de talentosos artistas teatrais a se unir sob o nome de <a href=\"https:\/\/theatreofeternalvalues.com\" data-cp-link=\"1\">Theatre of Eternal Values<\/a>. Formado em Ghent, na B\u00e9lgica, em 1993, o grupo ainda faz turn\u00eas internacionais, apresentando obras de dramaturgos que inspiram autoconsci\u00eancia e espiritualidade em seu p\u00fablico.<\/p>\n\t<div class=\"su-quote su-quote-style-default\"><div class=\"su-quote-inner su-u-clearfix su-u-trim\"> Na verdade, ser materialista no sentido real \u00e9 entender o valor da mat\u00e9ria. E o valor da mat\u00e9ria est\u00e1 na est\u00e9tica: coisas art\u00edsticas, coisas realmente art\u00edsticas. E al\u00e9m disso, o valor da mat\u00e9ria \u00e9 que ela permite que voc\u00ea d\u00ea amor aos outros.<\/div><\/div>\n\t<p>O Theatre of Eternal Values tamb\u00e9m colabora com escolas, universidades, empresas e a comunidade para oferecer expertise pr\u00e1tica em projetos educacionais e art\u00edsticos, como o <a href=\"https:\/\/www.theatreofeternalvalues.com\/events\" target=\"_blank\" rel=\"noopener noreferrer\" data-cp-link=\"1\">Culture of the Spirit Festival<\/a> e o <a href=\"https:\/\/www.theatreofeternalvalues.com\/education\/academy\" target=\"_blank\" rel=\"noopener noreferrer\" data-cp-link=\"1\">International Nirmal Arts Academy<\/a>, que acontecem anualmente no Piemonte, na It\u00e1lia.<\/p>\n\n<figure itemscope itemtype=\"https:\/\/schema.org\/ImageObject\">\n\t\t\t\t<img decoding=\"async\" src=\"https:\/\/shrimataji.org\/test\/wp-content\/uploads\/2025\/12\/PT_theater-of-eternal-values.jpg\" alt=\"O grupo Theater of Eternal Values \u200b\u200bapresenta &quot;Divina Humanidade&quot;, de William Blake, em Londres, Reino Unido.\" height=\"270\" width=\"1500\" title=\"PT_theater-of-eternal-values\" onerror=\"this.style.display='none'\" loading=\"lazy\" \/>\n\t\t<figcaption>O grupo Theater of Eternal Values \u200b\u200bapresenta &#8220;Divina Humanidade&#8221;, de William Blake, em Londres, Reino Unido.<\/figcaption>\n\t<\/figure>\n\t<p>De acordo com a antiga tradi\u00e7\u00e3o do yoga da \u00cdndia, o ser humano engloba sete qualidades essenciais. A segunda delas \u00e9 o princ\u00edpio da criatividade, sem o qual o potencial para a <a href=\"https:\/\/shrimataji.org\/test\/pt\/realizacao-do-si\/\" target=\"_blank\" rel=\"noopener\" data-cp-link=\"1\">realiza\u00e7\u00e3o do si<\/a> ou autoconsci\u00eancia \u00e9 extremamente limitado, sen\u00e3o imposs\u00edvel. Por essa raz\u00e3o, Shri Mataji procurou despertar os poderes criativos dos indiv\u00edduos e das comunidades em todos os pa\u00edses que visitou.<\/p>\n\t<div class=\"su-quote su-quote-style-default\"><div class=\"su-quote-inner su-u-clearfix su-u-trim\">Esse \u00e9 o poder motivador de um artista. Eles s\u00e3o as flores mais belas da cria\u00e7\u00e3o, os sonhos mais doces do criador e as partes mais queridas da sociedade humana. Talvez eles n\u00e3o saibam o quanto s\u00e3o amados, admirados e seguidos por seus espectadores.<\/div><\/div>\n\n","protected":false},"excerpt":{"rendered":"<p>Criatividade Expressando a beleza interior Ao longo de sua vida e trabalho, Shri Mataji dedicou muito tempo e energia \u00e0 promo\u00e7\u00e3o das artes. Ela os via como um dos principais meios de expressar e nutrir as culturas mundiais. Em particular, ela queria preservar as ricas e antigas tradi\u00e7\u00f5es art\u00edsticas da sua \u00cdndia natal e incentivou&hellip; <br \/> <a class=\"read-more\" href=\"https:\/\/shrimataji.org\/test\/pt\/criatividade\/\">Read more<\/a><\/p>\n","protected":false},"author":18,"featured_media":162,"parent":0,"menu_order":0,"comment_status":"closed","ping_status":"closed","template":"pro\/page-templates\/full-width-page.php","meta":{"inline_featured_image":false,"footnotes":""},"class_list":["post-10359","page","type-page","status-publish","has-post-thumbnail","hentry"],"yoast_head":"<!-- This site is optimized with the Yoast SEO plugin v27.4 - https:\/\/yoast.com\/product\/yoast-seo-wordpress\/ -->\n<title>Criatividade - TEST - SMND<\/title>\n<meta name=\"robots\" content=\"noindex, follow, max-snippet:-1, max-image-preview:large, max-video-preview:-1\" \/>\n<meta property=\"og:locale\" content=\"en_US\" \/>\n<meta property=\"og:type\" content=\"article\" \/>\n<meta property=\"og:title\" content=\"Criatividade - TEST - SMND\" \/>\n<meta property=\"og:description\" content=\"Criatividade Expressando a beleza interior Ao longo de sua vida e trabalho, Shri Mataji dedicou muito tempo e energia \u00e0 promo\u00e7\u00e3o das artes. Ela os via como um dos principais meios de expressar e nutrir as culturas mundiais. Em particular, ela queria preservar as ricas e antigas tradi\u00e7\u00f5es art\u00edsticas da sua \u00cdndia natal e incentivou&hellip; Read more\" \/>\n<meta property=\"og:url\" content=\"https:\/\/shrimataji.org\/test\/pt\/criatividade\/\" \/>\n<meta property=\"og:site_name\" content=\"TEST - SMND\" \/>\n<meta property=\"article:publisher\" content=\"https:\/\/www.facebook.com\/shrimataji\" \/>\n<meta property=\"article:modified_time\" content=\"2026-01-18T16:23:16+00:00\" \/>\n<meta property=\"og:image\" content=\"https:\/\/shrimataji.org\/test\/wp-content\/uploads\/2018\/07\/media_originals\/images\/headers-work-creativity\/dance-scene-cabella-italy.jpg\" \/>\n\t<meta property=\"og:image:width\" content=\"990\" \/>\n\t<meta property=\"og:image:height\" content=\"350\" \/>\n\t<meta property=\"og:image:type\" content=\"image\/jpeg\" \/>\n<meta name=\"twitter:card\" content=\"summary_large_image\" \/>\n<meta name=\"twitter:site\" content=\"@shrimataji\" \/>\n<meta name=\"twitter:label1\" content=\"Est. reading time\" \/>\n\t<meta name=\"twitter:data1\" content=\"3 minutes\" \/>\n<script type=\"application\/ld+json\" class=\"yoast-schema-graph\">{\"@context\":\"https:\\\/\\\/schema.org\",\"@graph\":[{\"@type\":\"WebPage\",\"@id\":\"https:\\\/\\\/shrimataji.org\\\/test\\\/pt\\\/criatividade\\\/\",\"url\":\"https:\\\/\\\/shrimataji.org\\\/test\\\/pt\\\/criatividade\\\/\",\"name\":\"Criatividade - TEST - SMND\",\"isPartOf\":{\"@id\":\"https:\\\/\\\/shrimataji.org\\\/test\\\/#website\"},\"primaryImageOfPage\":{\"@id\":\"https:\\\/\\\/shrimataji.org\\\/test\\\/pt\\\/criatividade\\\/#primaryimage\"},\"image\":{\"@id\":\"https:\\\/\\\/shrimataji.org\\\/test\\\/pt\\\/criatividade\\\/#primaryimage\"},\"thumbnailUrl\":\"https:\\\/\\\/shrimataji.org\\\/test\\\/wp-content\\\/uploads\\\/2018\\\/07\\\/media_originals\\\/images\\\/headers-work-creativity\\\/dance-scene-cabella-italy.jpg\",\"datePublished\":\"2018-07-10T06:54:42+00:00\",\"dateModified\":\"2026-01-18T16:23:16+00:00\",\"breadcrumb\":{\"@id\":\"https:\\\/\\\/shrimataji.org\\\/test\\\/pt\\\/criatividade\\\/#breadcrumb\"},\"inLanguage\":\"en-US\",\"potentialAction\":[{\"@type\":\"ReadAction\",\"target\":[\"https:\\\/\\\/shrimataji.org\\\/test\\\/pt\\\/criatividade\\\/\"]}]},{\"@type\":\"ImageObject\",\"inLanguage\":\"en-US\",\"@id\":\"https:\\\/\\\/shrimataji.org\\\/test\\\/pt\\\/criatividade\\\/#primaryimage\",\"url\":\"https:\\\/\\\/shrimataji.org\\\/test\\\/wp-content\\\/uploads\\\/2018\\\/07\\\/media_originals\\\/images\\\/headers-work-creativity\\\/dance-scene-cabella-italy.jpg\",\"contentUrl\":\"https:\\\/\\\/shrimataji.org\\\/test\\\/wp-content\\\/uploads\\\/2018\\\/07\\\/media_originals\\\/images\\\/headers-work-creativity\\\/dance-scene-cabella-italy.jpg\",\"width\":990,\"height\":350},{\"@type\":\"BreadcrumbList\",\"@id\":\"https:\\\/\\\/shrimataji.org\\\/test\\\/pt\\\/criatividade\\\/#breadcrumb\",\"itemListElement\":[{\"@type\":\"ListItem\",\"position\":1,\"name\":\"Home\",\"item\":\"https:\\\/\\\/shrimataji.org\\\/test\\\/uk\\\/home-en\\\/\"},{\"@type\":\"ListItem\",\"position\":2,\"name\":\"Criatividade\"}]},{\"@type\":\"WebSite\",\"@id\":\"https:\\\/\\\/shrimataji.org\\\/test\\\/#website\",\"url\":\"https:\\\/\\\/shrimataji.org\\\/test\\\/\",\"name\":\"Shri Mataji Nirmala Devi\",\"description\":\"A Life Dedicated to Humanity\",\"publisher\":{\"@id\":\"https:\\\/\\\/shrimataji.org\\\/test\\\/#\\\/schema\\\/person\\\/a1b3419c6585f164aa96da1ff85715d1\"},\"potentialAction\":[{\"@type\":\"SearchAction\",\"target\":{\"@type\":\"EntryPoint\",\"urlTemplate\":\"https:\\\/\\\/shrimataji.org\\\/test\\\/?s={search_term_string}\"},\"query-input\":{\"@type\":\"PropertyValueSpecification\",\"valueRequired\":true,\"valueName\":\"search_term_string\"}}],\"inLanguage\":\"en-US\"},{\"@type\":[\"Person\",\"Organization\"],\"@id\":\"https:\\\/\\\/shrimataji.org\\\/test\\\/#\\\/schema\\\/person\\\/a1b3419c6585f164aa96da1ff85715d1\",\"name\":\"Nirmala Shrivastava\",\"image\":{\"@type\":\"ImageObject\",\"inLanguage\":\"en-US\",\"@id\":\"https:\\\/\\\/shrimataji.org\\\/test\\\/wp-content\\\/uploads\\\/2023\\\/02\\\/SMO_LOGO-03.svg\",\"url\":\"https:\\\/\\\/shrimataji.org\\\/test\\\/wp-content\\\/uploads\\\/2023\\\/02\\\/SMO_LOGO-03.svg\",\"contentUrl\":\"https:\\\/\\\/shrimataji.org\\\/test\\\/wp-content\\\/uploads\\\/2023\\\/02\\\/SMO_LOGO-03.svg\",\"width\":\"1024\",\"height\":\"1024\",\"caption\":\"Nirmala Shrivastava\"},\"logo\":{\"@id\":\"https:\\\/\\\/shrimataji.org\\\/test\\\/wp-content\\\/uploads\\\/2023\\\/02\\\/SMO_LOGO-03.svg\"},\"sameAs\":[\"https:\\\/\\\/shrimataji.org\\\/test\",\"https:\\\/\\\/www.facebook.com\\\/shrimataji\",\"https:\\\/\\\/x.com\\\/shrimataji\",\"https:\\\/\\\/www.youtube.com\\\/@Shri_Mataji_Nirmala_Devi\\\/featured\"]}]}<\/script>\n<!-- \/ Yoast SEO plugin. -->","yoast_head_json":{"title":"Criatividade - TEST - SMND","robots":{"index":"noindex","follow":"follow","max-snippet":"max-snippet:-1","max-image-preview":"max-image-preview:large","max-video-preview":"max-video-preview:-1"},"og_locale":"en_US","og_type":"article","og_title":"Criatividade - TEST - SMND","og_description":"Criatividade Expressando a beleza interior Ao longo de sua vida e trabalho, Shri Mataji dedicou muito tempo e energia \u00e0 promo\u00e7\u00e3o das artes. Ela os via como um dos principais meios de expressar e nutrir as culturas mundiais. Em particular, ela queria preservar as ricas e antigas tradi\u00e7\u00f5es art\u00edsticas da sua \u00cdndia natal e incentivou&hellip; Read more","og_url":"https:\/\/shrimataji.org\/test\/pt\/criatividade\/","og_site_name":"TEST - SMND","article_publisher":"https:\/\/www.facebook.com\/shrimataji","article_modified_time":"2026-01-18T16:23:16+00:00","og_image":[{"width":990,"height":350,"url":"https:\/\/shrimataji.org\/test\/wp-content\/uploads\/2018\/07\/media_originals\/images\/headers-work-creativity\/dance-scene-cabella-italy.jpg","type":"image\/jpeg"}],"twitter_card":"summary_large_image","twitter_site":"@shrimataji","twitter_misc":{"Est. reading time":"3 minutes"},"schema":{"@context":"https:\/\/schema.org","@graph":[{"@type":"WebPage","@id":"https:\/\/shrimataji.org\/test\/pt\/criatividade\/","url":"https:\/\/shrimataji.org\/test\/pt\/criatividade\/","name":"Criatividade - TEST - SMND","isPartOf":{"@id":"https:\/\/shrimataji.org\/test\/#website"},"primaryImageOfPage":{"@id":"https:\/\/shrimataji.org\/test\/pt\/criatividade\/#primaryimage"},"image":{"@id":"https:\/\/shrimataji.org\/test\/pt\/criatividade\/#primaryimage"},"thumbnailUrl":"https:\/\/shrimataji.org\/test\/wp-content\/uploads\/2018\/07\/media_originals\/images\/headers-work-creativity\/dance-scene-cabella-italy.jpg","datePublished":"2018-07-10T06:54:42+00:00","dateModified":"2026-01-18T16:23:16+00:00","breadcrumb":{"@id":"https:\/\/shrimataji.org\/test\/pt\/criatividade\/#breadcrumb"},"inLanguage":"en-US","potentialAction":[{"@type":"ReadAction","target":["https:\/\/shrimataji.org\/test\/pt\/criatividade\/"]}]},{"@type":"ImageObject","inLanguage":"en-US","@id":"https:\/\/shrimataji.org\/test\/pt\/criatividade\/#primaryimage","url":"https:\/\/shrimataji.org\/test\/wp-content\/uploads\/2018\/07\/media_originals\/images\/headers-work-creativity\/dance-scene-cabella-italy.jpg","contentUrl":"https:\/\/shrimataji.org\/test\/wp-content\/uploads\/2018\/07\/media_originals\/images\/headers-work-creativity\/dance-scene-cabella-italy.jpg","width":990,"height":350},{"@type":"BreadcrumbList","@id":"https:\/\/shrimataji.org\/test\/pt\/criatividade\/#breadcrumb","itemListElement":[{"@type":"ListItem","position":1,"name":"Home","item":"https:\/\/shrimataji.org\/test\/uk\/home-en\/"},{"@type":"ListItem","position":2,"name":"Criatividade"}]},{"@type":"WebSite","@id":"https:\/\/shrimataji.org\/test\/#website","url":"https:\/\/shrimataji.org\/test\/","name":"Shri Mataji Nirmala Devi","description":"A Life Dedicated to Humanity","publisher":{"@id":"https:\/\/shrimataji.org\/test\/#\/schema\/person\/a1b3419c6585f164aa96da1ff85715d1"},"potentialAction":[{"@type":"SearchAction","target":{"@type":"EntryPoint","urlTemplate":"https:\/\/shrimataji.org\/test\/?s={search_term_string}"},"query-input":{"@type":"PropertyValueSpecification","valueRequired":true,"valueName":"search_term_string"}}],"inLanguage":"en-US"},{"@type":["Person","Organization"],"@id":"https:\/\/shrimataji.org\/test\/#\/schema\/person\/a1b3419c6585f164aa96da1ff85715d1","name":"Nirmala Shrivastava","image":{"@type":"ImageObject","inLanguage":"en-US","@id":"https:\/\/shrimataji.org\/test\/wp-content\/uploads\/2023\/02\/SMO_LOGO-03.svg","url":"https:\/\/shrimataji.org\/test\/wp-content\/uploads\/2023\/02\/SMO_LOGO-03.svg","contentUrl":"https:\/\/shrimataji.org\/test\/wp-content\/uploads\/2023\/02\/SMO_LOGO-03.svg","width":"1024","height":"1024","caption":"Nirmala Shrivastava"},"logo":{"@id":"https:\/\/shrimataji.org\/test\/wp-content\/uploads\/2023\/02\/SMO_LOGO-03.svg"},"sameAs":["https:\/\/shrimataji.org\/test","https:\/\/www.facebook.com\/shrimataji","https:\/\/x.com\/shrimataji","https:\/\/www.youtube.com\/@Shri_Mataji_Nirmala_Devi\/featured"]}]}},"lang":"pt","translations":{"pt":10359,"ur":37407,"en":400,"am":17978,"th":19911,"hu":19453,"sq":18379,"zh":17276,"tr":10146,"de":10633,"fr":10731,"it":10829,"es":10926,"ja":11223,"ru":11411,"bn":11603,"te":11711,"sw":11834,"he":11982,"el":12273,"sk":12371,"fa":12469,"fi":12567,"bg":13474,"ro":14546,"cs":14739,"nl":16539,"ku":16699,"ar":16875,"be":18586,"kn":18860,"mr":20275,"uk":20567,"ml":20866,"ta":22694,"sv":22967,"gu":28815,"pa":28973,"fil":29413,"da":37721,"pl":37938,"nn":38273},"pll_sync_post":[],"_links":{"self":[{"href":"https:\/\/shrimataji.org\/test\/wp-json\/wp\/v2\/pages\/10359","targetHints":{"allow":["GET"]}}],"collection":[{"href":"https:\/\/shrimataji.org\/test\/wp-json\/wp\/v2\/pages"}],"about":[{"href":"https:\/\/shrimataji.org\/test\/wp-json\/wp\/v2\/types\/page"}],"author":[{"embeddable":true,"href":"https:\/\/shrimataji.org\/test\/wp-json\/wp\/v2\/users\/18"}],"replies":[{"embeddable":true,"href":"https:\/\/shrimataji.org\/test\/wp-json\/wp\/v2\/comments?post=10359"}],"version-history":[{"count":0,"href":"https:\/\/shrimataji.org\/test\/wp-json\/wp\/v2\/pages\/10359\/revisions"}],"wp:featuredmedia":[{"embeddable":true,"href":"https:\/\/shrimataji.org\/test\/wp-json\/wp\/v2\/media\/162"}],"wp:attachment":[{"href":"https:\/\/shrimataji.org\/test\/wp-json\/wp\/v2\/media?parent=10359"}],"curies":[{"name":"wp","href":"https:\/\/api.w.org\/{rel}","templated":true}]}}