{"id":10360,"date":"2018-07-10T06:54:42","date_gmt":"2018-07-10T06:54:42","guid":{"rendered":"http:\/\/testwordpress.nirmalnagari.org\/smnd\/index.php\/cultural-integration\/"},"modified":"2026-01-16T00:49:18","modified_gmt":"2026-01-16T00:49:18","slug":"integracao-cultural","status":"publish","type":"page","link":"https:\/\/shrimataji.org\/test\/pt\/integracao-cultural\/","title":{"rendered":"Integra\u00e7\u00e3o Cultural"},"content":{"rendered":"\n\n\t<h1>Integra\u00e7\u00e3o Cultural<\/h1>\n<h2>Rumo a uma Civiliza\u00e7\u00e3o Sustent\u00e1vel<\/h2>\n\t<h4>Em semin\u00e1rios, coletivas de imprensa e palestras informais, Shri Mataji frequentemente dizia que, ao longo da hist\u00f3ria, profetas e santos sempre falaram sobre a necessidade de conhecer o pr\u00f3prio Si, o pr\u00f3prio esp\u00edrito. &#8220;\u00c9 isso que temos que fazer: desenvolver a religi\u00e3o do nosso esp\u00edrito&#8221;, dizia ela. Ela comparava o crescimento das religi\u00f5es a uma grande \u00e1rvore, que \u00e9 \u00fanica, mas possui muitas flores. Na ignor\u00e2ncia, as pessoas colhem essas flores e as usam para lutar umas contra as outras, esquecendo que todas v\u00eam da mesma \u00e1rvore.<\/h4>\n\t<div class=\"su-quote su-quote-style-default\"><div class=\"su-quote-inner su-u-clearfix su-u-trim\"> Portanto, devemos respeitar todas as pessoas, todos os seres humanos, independentemente da na\u00e7\u00e3o de onde v\u00eam, do pa\u00eds a que pertencem ou da cor que possuem, porque todos t\u00eam sua kundalini. <\/div><\/div>\n\t<p>Durante um programa p\u00fablico, um ouvinte preocupado perguntou a Shri Mataji: &#8220;M\u00e3e, como as outras pessoas v\u00e3o entender sua mensagem?&#8221; Shri Mataji sorriu e respondeu: &#8220;Todos entendem o amor, n\u00e3o \u00e9?&#8221; E, com a medita\u00e7\u00e3o do Sahaja Yoga, ela revelou um m\u00e9todo para alcan\u00e7ar a integra\u00e7\u00e3o entre indiv\u00edduos de diferentes culturas e religi\u00f5es: um estado de consci\u00eancia em que, quando a mente est\u00e1 completamente silenciosa, se torna a for\u00e7a integradora conhecida como consci\u00eancia coletiva.<\/p>\n\t\t\t\t<img decoding=\"async\" src=\"https:\/\/shrimataji.org\/test\/wp-content\/uploads\/2025\/12\/PT_shri-mataji-meets-sufis-in-delhi-india.jpg\" alt=\"Shri Mataji visita o Santu\u00e1rio Nizamuddin, Delhi, \u00cdndia 1993\" itemprop=\"image\" height=\"350\" width=\"990\" title=\"PT_shri-mataji-meets-sufis-in-delhi-india\" onerror=\"this.style.display='none'\" loading=\"lazy\" \/>\n\t\tShri Mataji visita o Santu\u00e1rio Nizamuddin, Delhi, \u00cdndia 1993\n\t<p>Carl Jung descreveu a consci\u00eancia coletiva da seguinte maneira: &#8220;Al\u00e9m de nossa consci\u00eancia imediata, que \u00e9 de natureza totalmente pessoal e que acreditamos ser a \u00fanica psique emp\u00edrica, existe um segundo sistema ps\u00edquico de natureza coletiva, universal e impessoal, que \u00e9 id\u00eantico em todos os indiv\u00edduos.&#8221;<a href=\"#citation-note-1\">[1]<\/a> A medita\u00e7\u00e3o do Sahaja Yoga ativa a consci\u00eancia em um n\u00edvel mais profundo, nas ra\u00edzes do pr\u00f3prio sistema nervoso aut\u00f4nomo. Com o ru\u00eddo distrativo da mente e os condicionamentos de longa data silenciados, torna-se poss\u00edvel reconhecer que as diferen\u00e7as culturais ocorrem em um n\u00edvel superficial. A &#8220;natureza universal e impessoal&#8221; \u00e9 uma s\u00f3.<\/p>\n\t<p>&#8220;E \u00e9 assim que devemos perceber que todos somos ligados por algum princ\u00edpio comum da vida&#8221;, explicou Shri Mataji, &#8220;que todos temos nossa Kundalini dentro de n\u00f3s. Por isso, devemos respeitar todas as pessoas, todos os seres humanos, independentemente da na\u00e7\u00e3o de onde v\u00eam, do pa\u00eds a que pertencem ou da cor que possuem, porque todos t\u00eam sua Kundalini.&#8221;<\/p>\n\t<p>Durante suas viagens, Shri Mataji demonstrava um profundo interesse pela arte e pelo artesanato de cada pa\u00eds, observando como refletiam a cultura do esp\u00edrito. &#8220;Nesta cultura, n\u00e3o nos rendemos a algo s\u00f3 porque \u00e9 caro, ostentoso ou amplamente divulgado&#8221;, disse ela. &#8220;O que observamos nesta cultura \u00e9 o quanto isso nos traz alegria.&#8221;<\/p>\n\t<p>Ao longo dos anos, Shri Mataji convidou artistas de diferentes pa\u00edses, origens e religi\u00f5es para se apresentarem em festivais culturais. Para beneficiar aqueles que n\u00e3o estavam familiarizados com essas artes, ela explicava o significado de um qawwali, um raga, uma pe\u00e7a de Vivaldi, um concerto ou uma dan\u00e7a cl\u00e1ssica indiana. Ela organizava essas apresenta\u00e7\u00f5es n\u00e3o apenas para apoiar a sobreviv\u00eancia dos artistas e manter as tradi\u00e7\u00f5es art\u00edsticas vivas, mas tamb\u00e9m para mostrar que a arte e a m\u00fasica de diferentes culturas e origens poderiam manifestar a cultura universal, e universalmente apreciada, do esp\u00edrito.<\/p>\n\t<hr \/>\n<h3>1. <a href=\"#citation-ref-1\">^<\/a><a name=\"citation-note-1\"><\/a> C. G. Jung, <em>Archetypes and the Collective Unconscious<\/em>, em <em>Collected Works of C. G. Jung<\/em>, Vol. 9, Parte 1, Londres, 1969.<\/h3>\n\n","protected":false},"excerpt":{"rendered":"<p>Integra\u00e7\u00e3o Cultural Rumo a uma Civiliza\u00e7\u00e3o Sustent\u00e1vel Em semin\u00e1rios, coletivas de imprensa e palestras informais, Shri Mataji frequentemente dizia que, ao longo da hist\u00f3ria, profetas e santos sempre falaram sobre a necessidade de conhecer o pr\u00f3prio Si, o pr\u00f3prio esp\u00edrito. &#8220;\u00c9 isso que temos que fazer: desenvolver a religi\u00e3o do nosso esp\u00edrito&#8221;, dizia ela. Ela&hellip; <br \/> <a class=\"read-more\" href=\"https:\/\/shrimataji.org\/test\/pt\/integracao-cultural\/\">Read more<\/a><\/p>\n","protected":false},"author":18,"featured_media":138,"parent":0,"menu_order":0,"comment_status":"closed","ping_status":"closed","template":"","meta":{"inline_featured_image":false,"footnotes":""},"class_list":["post-10360","page","type-page","status-publish","has-post-thumbnail","hentry"],"yoast_head":"<!-- This site is optimized with the Yoast SEO plugin v27.4 - https:\/\/yoast.com\/product\/yoast-seo-wordpress\/ -->\n<title>Integra\u00e7\u00e3o Cultural - TEST - SMND<\/title>\n<meta name=\"robots\" content=\"noindex, follow, max-snippet:-1, max-image-preview:large, max-video-preview:-1\" \/>\n<meta property=\"og:locale\" content=\"en_US\" \/>\n<meta property=\"og:type\" content=\"article\" \/>\n<meta property=\"og:title\" content=\"Integra\u00e7\u00e3o Cultural - TEST - SMND\" \/>\n<meta property=\"og:description\" content=\"Integra\u00e7\u00e3o Cultural Rumo a uma Civiliza\u00e7\u00e3o Sustent\u00e1vel Em semin\u00e1rios, coletivas de imprensa e palestras informais, Shri Mataji frequentemente dizia que, ao longo da hist\u00f3ria, profetas e santos sempre falaram sobre a necessidade de conhecer o pr\u00f3prio Si, o pr\u00f3prio esp\u00edrito. &#8220;\u00c9 isso que temos que fazer: desenvolver a religi\u00e3o do nosso esp\u00edrito&#8221;, dizia ela. Ela&hellip; Read more\" \/>\n<meta property=\"og:url\" content=\"https:\/\/shrimataji.org\/test\/pt\/integracao-cultural\/\" \/>\n<meta property=\"og:site_name\" content=\"TEST - SMND\" \/>\n<meta property=\"article:publisher\" content=\"https:\/\/www.facebook.com\/shrimataji\" \/>\n<meta property=\"article:modified_time\" content=\"2026-01-16T00:49:18+00:00\" \/>\n<meta property=\"og:image\" content=\"https:\/\/shrimataji.org\/test\/wp-content\/uploads\/2018\/07\/media_originals\/images\/headers-general\/mauli-art-by-graham-brown.jpg\" \/>\n\t<meta property=\"og:image:width\" content=\"990\" \/>\n\t<meta property=\"og:image:height\" content=\"350\" \/>\n\t<meta property=\"og:image:type\" content=\"image\/jpeg\" \/>\n<meta name=\"twitter:card\" content=\"summary_large_image\" \/>\n<meta name=\"twitter:site\" content=\"@shrimataji\" \/>\n<meta name=\"twitter:label1\" content=\"Est. reading time\" \/>\n\t<meta name=\"twitter:data1\" content=\"3 minutes\" \/>\n<script type=\"application\/ld+json\" class=\"yoast-schema-graph\">{\"@context\":\"https:\\\/\\\/schema.org\",\"@graph\":[{\"@type\":\"WebPage\",\"@id\":\"https:\\\/\\\/shrimataji.org\\\/test\\\/pt\\\/integracao-cultural\\\/\",\"url\":\"https:\\\/\\\/shrimataji.org\\\/test\\\/pt\\\/integracao-cultural\\\/\",\"name\":\"Integra\u00e7\u00e3o Cultural - TEST - SMND\",\"isPartOf\":{\"@id\":\"https:\\\/\\\/shrimataji.org\\\/test\\\/#website\"},\"primaryImageOfPage\":{\"@id\":\"https:\\\/\\\/shrimataji.org\\\/test\\\/pt\\\/integracao-cultural\\\/#primaryimage\"},\"image\":{\"@id\":\"https:\\\/\\\/shrimataji.org\\\/test\\\/pt\\\/integracao-cultural\\\/#primaryimage\"},\"thumbnailUrl\":\"https:\\\/\\\/shrimataji.org\\\/test\\\/wp-content\\\/uploads\\\/2018\\\/07\\\/media_originals\\\/images\\\/headers-general\\\/mauli-art-by-graham-brown.jpg\",\"datePublished\":\"2018-07-10T06:54:42+00:00\",\"dateModified\":\"2026-01-16T00:49:18+00:00\",\"breadcrumb\":{\"@id\":\"https:\\\/\\\/shrimataji.org\\\/test\\\/pt\\\/integracao-cultural\\\/#breadcrumb\"},\"inLanguage\":\"en-US\",\"potentialAction\":[{\"@type\":\"ReadAction\",\"target\":[\"https:\\\/\\\/shrimataji.org\\\/test\\\/pt\\\/integracao-cultural\\\/\"]}]},{\"@type\":\"ImageObject\",\"inLanguage\":\"en-US\",\"@id\":\"https:\\\/\\\/shrimataji.org\\\/test\\\/pt\\\/integracao-cultural\\\/#primaryimage\",\"url\":\"https:\\\/\\\/shrimataji.org\\\/test\\\/wp-content\\\/uploads\\\/2018\\\/07\\\/media_originals\\\/images\\\/headers-general\\\/mauli-art-by-graham-brown.jpg\",\"contentUrl\":\"https:\\\/\\\/shrimataji.org\\\/test\\\/wp-content\\\/uploads\\\/2018\\\/07\\\/media_originals\\\/images\\\/headers-general\\\/mauli-art-by-graham-brown.jpg\",\"width\":990,\"height\":350},{\"@type\":\"BreadcrumbList\",\"@id\":\"https:\\\/\\\/shrimataji.org\\\/test\\\/pt\\\/integracao-cultural\\\/#breadcrumb\",\"itemListElement\":[{\"@type\":\"ListItem\",\"position\":1,\"name\":\"Home\",\"item\":\"https:\\\/\\\/shrimataji.org\\\/test\\\/uk\\\/home-en\\\/\"},{\"@type\":\"ListItem\",\"position\":2,\"name\":\"Integra\u00e7\u00e3o Cultural\"}]},{\"@type\":\"WebSite\",\"@id\":\"https:\\\/\\\/shrimataji.org\\\/test\\\/#website\",\"url\":\"https:\\\/\\\/shrimataji.org\\\/test\\\/\",\"name\":\"Shri Mataji Nirmala Devi\",\"description\":\"A Life Dedicated to Humanity\",\"publisher\":{\"@id\":\"https:\\\/\\\/shrimataji.org\\\/test\\\/#\\\/schema\\\/person\\\/a1b3419c6585f164aa96da1ff85715d1\"},\"potentialAction\":[{\"@type\":\"SearchAction\",\"target\":{\"@type\":\"EntryPoint\",\"urlTemplate\":\"https:\\\/\\\/shrimataji.org\\\/test\\\/?s={search_term_string}\"},\"query-input\":{\"@type\":\"PropertyValueSpecification\",\"valueRequired\":true,\"valueName\":\"search_term_string\"}}],\"inLanguage\":\"en-US\"},{\"@type\":[\"Person\",\"Organization\"],\"@id\":\"https:\\\/\\\/shrimataji.org\\\/test\\\/#\\\/schema\\\/person\\\/a1b3419c6585f164aa96da1ff85715d1\",\"name\":\"Nirmala Shrivastava\",\"image\":{\"@type\":\"ImageObject\",\"inLanguage\":\"en-US\",\"@id\":\"https:\\\/\\\/shrimataji.org\\\/test\\\/wp-content\\\/uploads\\\/2023\\\/02\\\/SMO_LOGO-03.svg\",\"url\":\"https:\\\/\\\/shrimataji.org\\\/test\\\/wp-content\\\/uploads\\\/2023\\\/02\\\/SMO_LOGO-03.svg\",\"contentUrl\":\"https:\\\/\\\/shrimataji.org\\\/test\\\/wp-content\\\/uploads\\\/2023\\\/02\\\/SMO_LOGO-03.svg\",\"width\":\"1024\",\"height\":\"1024\",\"caption\":\"Nirmala Shrivastava\"},\"logo\":{\"@id\":\"https:\\\/\\\/shrimataji.org\\\/test\\\/wp-content\\\/uploads\\\/2023\\\/02\\\/SMO_LOGO-03.svg\"},\"sameAs\":[\"https:\\\/\\\/shrimataji.org\\\/test\",\"https:\\\/\\\/www.facebook.com\\\/shrimataji\",\"https:\\\/\\\/x.com\\\/shrimataji\",\"https:\\\/\\\/www.youtube.com\\\/@Shri_Mataji_Nirmala_Devi\\\/featured\"]}]}<\/script>\n<!-- \/ Yoast SEO plugin. -->","yoast_head_json":{"title":"Integra\u00e7\u00e3o Cultural - TEST - SMND","robots":{"index":"noindex","follow":"follow","max-snippet":"max-snippet:-1","max-image-preview":"max-image-preview:large","max-video-preview":"max-video-preview:-1"},"og_locale":"en_US","og_type":"article","og_title":"Integra\u00e7\u00e3o Cultural - TEST - SMND","og_description":"Integra\u00e7\u00e3o Cultural Rumo a uma Civiliza\u00e7\u00e3o Sustent\u00e1vel Em semin\u00e1rios, coletivas de imprensa e palestras informais, Shri Mataji frequentemente dizia que, ao longo da hist\u00f3ria, profetas e santos sempre falaram sobre a necessidade de conhecer o pr\u00f3prio Si, o pr\u00f3prio esp\u00edrito. &#8220;\u00c9 isso que temos que fazer: desenvolver a religi\u00e3o do nosso esp\u00edrito&#8221;, dizia ela. Ela&hellip; Read more","og_url":"https:\/\/shrimataji.org\/test\/pt\/integracao-cultural\/","og_site_name":"TEST - SMND","article_publisher":"https:\/\/www.facebook.com\/shrimataji","article_modified_time":"2026-01-16T00:49:18+00:00","og_image":[{"width":990,"height":350,"url":"https:\/\/shrimataji.org\/test\/wp-content\/uploads\/2018\/07\/media_originals\/images\/headers-general\/mauli-art-by-graham-brown.jpg","type":"image\/jpeg"}],"twitter_card":"summary_large_image","twitter_site":"@shrimataji","twitter_misc":{"Est. reading time":"3 minutes"},"schema":{"@context":"https:\/\/schema.org","@graph":[{"@type":"WebPage","@id":"https:\/\/shrimataji.org\/test\/pt\/integracao-cultural\/","url":"https:\/\/shrimataji.org\/test\/pt\/integracao-cultural\/","name":"Integra\u00e7\u00e3o Cultural - TEST - SMND","isPartOf":{"@id":"https:\/\/shrimataji.org\/test\/#website"},"primaryImageOfPage":{"@id":"https:\/\/shrimataji.org\/test\/pt\/integracao-cultural\/#primaryimage"},"image":{"@id":"https:\/\/shrimataji.org\/test\/pt\/integracao-cultural\/#primaryimage"},"thumbnailUrl":"https:\/\/shrimataji.org\/test\/wp-content\/uploads\/2018\/07\/media_originals\/images\/headers-general\/mauli-art-by-graham-brown.jpg","datePublished":"2018-07-10T06:54:42+00:00","dateModified":"2026-01-16T00:49:18+00:00","breadcrumb":{"@id":"https:\/\/shrimataji.org\/test\/pt\/integracao-cultural\/#breadcrumb"},"inLanguage":"en-US","potentialAction":[{"@type":"ReadAction","target":["https:\/\/shrimataji.org\/test\/pt\/integracao-cultural\/"]}]},{"@type":"ImageObject","inLanguage":"en-US","@id":"https:\/\/shrimataji.org\/test\/pt\/integracao-cultural\/#primaryimage","url":"https:\/\/shrimataji.org\/test\/wp-content\/uploads\/2018\/07\/media_originals\/images\/headers-general\/mauli-art-by-graham-brown.jpg","contentUrl":"https:\/\/shrimataji.org\/test\/wp-content\/uploads\/2018\/07\/media_originals\/images\/headers-general\/mauli-art-by-graham-brown.jpg","width":990,"height":350},{"@type":"BreadcrumbList","@id":"https:\/\/shrimataji.org\/test\/pt\/integracao-cultural\/#breadcrumb","itemListElement":[{"@type":"ListItem","position":1,"name":"Home","item":"https:\/\/shrimataji.org\/test\/uk\/home-en\/"},{"@type":"ListItem","position":2,"name":"Integra\u00e7\u00e3o Cultural"}]},{"@type":"WebSite","@id":"https:\/\/shrimataji.org\/test\/#website","url":"https:\/\/shrimataji.org\/test\/","name":"Shri Mataji Nirmala Devi","description":"A Life Dedicated to Humanity","publisher":{"@id":"https:\/\/shrimataji.org\/test\/#\/schema\/person\/a1b3419c6585f164aa96da1ff85715d1"},"potentialAction":[{"@type":"SearchAction","target":{"@type":"EntryPoint","urlTemplate":"https:\/\/shrimataji.org\/test\/?s={search_term_string}"},"query-input":{"@type":"PropertyValueSpecification","valueRequired":true,"valueName":"search_term_string"}}],"inLanguage":"en-US"},{"@type":["Person","Organization"],"@id":"https:\/\/shrimataji.org\/test\/#\/schema\/person\/a1b3419c6585f164aa96da1ff85715d1","name":"Nirmala Shrivastava","image":{"@type":"ImageObject","inLanguage":"en-US","@id":"https:\/\/shrimataji.org\/test\/wp-content\/uploads\/2023\/02\/SMO_LOGO-03.svg","url":"https:\/\/shrimataji.org\/test\/wp-content\/uploads\/2023\/02\/SMO_LOGO-03.svg","contentUrl":"https:\/\/shrimataji.org\/test\/wp-content\/uploads\/2023\/02\/SMO_LOGO-03.svg","width":"1024","height":"1024","caption":"Nirmala Shrivastava"},"logo":{"@id":"https:\/\/shrimataji.org\/test\/wp-content\/uploads\/2023\/02\/SMO_LOGO-03.svg"},"sameAs":["https:\/\/shrimataji.org\/test","https:\/\/www.facebook.com\/shrimataji","https:\/\/x.com\/shrimataji","https:\/\/www.youtube.com\/@Shri_Mataji_Nirmala_Devi\/featured"]}]}},"lang":"pt","translations":{"pt":10360,"ur":37409,"en":405,"am":17980,"th":19914,"hu":19455,"sq":18381,"zh":17278,"tr":10147,"de":10634,"fr":10732,"it":10830,"es":10927,"ja":11224,"ru":11412,"bn":11604,"te":11712,"sw":11835,"he":11983,"el":12274,"sk":12372,"fa":12470,"fi":12568,"bg":13481,"ro":14553,"cs":14746,"nl":16541,"ku":16701,"ar":16877,"be":18588,"kn":18862,"mr":20278,"uk":20570,"ml":20869,"ta":22696,"sv":22969,"gu":28817,"pa":28975,"fil":29415,"da":37723,"pl":37940,"nn":38275},"pll_sync_post":[],"_links":{"self":[{"href":"https:\/\/shrimataji.org\/test\/wp-json\/wp\/v2\/pages\/10360","targetHints":{"allow":["GET"]}}],"collection":[{"href":"https:\/\/shrimataji.org\/test\/wp-json\/wp\/v2\/pages"}],"about":[{"href":"https:\/\/shrimataji.org\/test\/wp-json\/wp\/v2\/types\/page"}],"author":[{"embeddable":true,"href":"https:\/\/shrimataji.org\/test\/wp-json\/wp\/v2\/users\/18"}],"replies":[{"embeddable":true,"href":"https:\/\/shrimataji.org\/test\/wp-json\/wp\/v2\/comments?post=10360"}],"version-history":[{"count":0,"href":"https:\/\/shrimataji.org\/test\/wp-json\/wp\/v2\/pages\/10360\/revisions"}],"wp:featuredmedia":[{"embeddable":true,"href":"https:\/\/shrimataji.org\/test\/wp-json\/wp\/v2\/media\/138"}],"wp:attachment":[{"href":"https:\/\/shrimataji.org\/test\/wp-json\/wp\/v2\/media?parent=10360"}],"curies":[{"name":"wp","href":"https:\/\/api.w.org\/{rel}","templated":true}]}}