{"id":10361,"date":"2023-02-20T03:40:29","date_gmt":"2023-02-20T03:40:29","guid":{"rendered":"https:\/\/shrimataji.org\/test\/?page_id=8414"},"modified":"2026-01-18T13:18:53","modified_gmt":"2026-01-18T13:18:53","slug":"juventude","status":"publish","type":"page","link":"https:\/\/shrimataji.org\/test\/pt\/juventude\/","title":{"rendered":"Juventude"},"content":{"rendered":"\n\n\t<h1><strong>Juventude<\/strong><\/h1>\n<h2>Do movimento de liberdade em massa de Gandhi a uma era de realiza\u00e7\u00e3o do si em massa<\/h2>\n\t<p>Mahatma Gandhi deixou uma impress\u00e3o duradoura em todos que o conheceram, incluindo uma menina que costumava ficar em seu ashram. Essa menina era Shri Mataji, a quem ele deu o apelido de Nepali devido \u00e0s suas caracter\u00edsticas semelhantes \u00e0s dos nepaleses.<\/p>\n<p>Desde os sete anos de idade, Shri Mataji passou muito tempo com Gandhi em seu ashram. &#8220;Ele se sentava comigo e, de forma muito s\u00e9ria, me fazia perguntas muito doces&#8221;, lembrou Shri Mataji, que frequentemente o acompanhava durante as caminhadas matinais antes das ora\u00e7\u00f5es coletivas.<\/p>\n<figure itemscope itemtype=\"https:\/\/schema.org\/ImageObject\">\n\t\t\t\t<img decoding=\"async\" src=\"https:\/\/shrimataji.org\/test\/wp-content\/uploads\/2018\/07\/media_originals\/images\/shri-mataji-and-family\/shri-mataji-as-a-young-child.jpg\" alt=\"shri-mataji-as-a-young-child\" height=\"407\" width=\"640\" title=\"shri-mataji-as-a-young-child\" onerror=\"this.style.display='none'\" loading=\"lazy\" \/>\n\t<\/figure>\n\t<p>&#8220;Ele era um mestre extremamente rigoroso, mas uma pessoa muito amorosa e compassiva&#8221;, disse Shri Mataji. &#8220;Ele sempre falava comigo de uma maneira como se eu fosse uma av\u00f3, e costumava discutir as coisas comigo, o que surpreendia a todos os outros, de um jeito, como se eu fosse mais s\u00e1bia do que todos. E ele dizia que a orienta\u00e7\u00e3o pode ser melhor dada por algumas crian\u00e7as do que pelos mais velhos.&#8221;<\/p>\n<p>Mais tarde, Shri Mataji elogiou Gandhi por estabelecer a base para o dharma, a religi\u00e3o interior ou retid\u00e3o, em seu pa\u00eds. Ele incentivava as pessoas a explorar a B\u00edblia, a entender o Bhagavad Gita, a conhecer todas as grandes escrituras e grandes pessoas do mundo, e a compreend\u00ea-las de maneira integrada.<\/p>\n<p>Durante suas conversas com Gandhi, eles exploraram n\u00e3o apenas a natureza inerente da personalidade humana, mas tamb\u00e9m os meios e maneiras de alcan\u00e7ar a liberta\u00e7\u00e3o social e espiritual. Quando perguntada sobre sua experi\u00eancia com Gandhi, Shri Mataji relembrou uma de suas discuss\u00f5es: Gandhi era rigoroso com sua rotina, fazendo com que as pessoas acordassem \u00e0s 4 da manh\u00e3, jejuassem, entre outras coisas, e Shri Mataji lhe disse: &#8220;Voc\u00ea \u00e9 muito rigoroso&#8230; isso n\u00e3o \u00e9 demais?&#8221;<\/p>\n<p>Gandhi explicou que era necess\u00e1rio ter uma disciplina rigorosa durante os tempos de emerg\u00eancia, quando o impulso do pa\u00eds pela liberdade estava ganhando for\u00e7a.<\/p>\n<p>A isso, Shri Mataji sugeriu: &#8220;Bapu, se voc\u00ea quer disciplinar as pessoas, por que n\u00e3o dar a elas disciplina de dentro para fora?&#8221;<\/p>\n<p>Gandhi perguntou como isso seria poss\u00edvel. Ela lhe assegurou que a transforma\u00e7\u00e3o interior era a resposta. Mas ele argumentou: &#8220;Em primeiro lugar, vamos ser livres (do dom\u00ednio brit\u00e2nico). Se n\u00e3o formos livres, o que podemos desfrutar? N\u00e3o podemos falar sobre isso. As pessoas dir\u00e3o que nem sequer somos livres, como podemos falar da liberdade do Esp\u00edrito? Devemos ser livres da domina\u00e7\u00e3o estrangeira primeiro.&#8221;<\/p>\n<p>Nos anos seguintes, a mensagem de Gandhi se espalhou para as massas, desde agricultores analfabetos at\u00e9 as classes mais privilegiadas e os membros mais altamente educados da sociedade. Shri Mataji tamb\u00e9m participou da luta pela liberdade, dando exemplo para que outros estudantes universit\u00e1rios seguissem.<\/p>\n<p>Em 1947, a \u00cdndia finalmente se tornou uma na\u00e7\u00e3o livre. J\u00e1 haviam se passado muitos anos desde as discuss\u00f5es de inf\u00e2ncia de Shri Mataji com Gandhi, mas pouco antes de seus \u00faltimos dias, ele pediu para v\u00ea-la. &#8220;Eu o encontrei&#8230;imediatamente ele me reconheceu&#8221;, lembrou Shri Mataji. &#8220;Ele disse: &#8216;Encontre-me depois da ora\u00e7\u00e3o.&#8217; Quando o encontrei, ele disse: &#8216;Agora, dedique-se ao trabalho construtivo. Dedique-se ao trabalho construtivo&#8230;'&#8221;<\/p>\n<p>Shri Mataji continuou estudando os diversos problemas enfrentados pelos seres humanos, bem como as poss\u00edveis solu\u00e7\u00f5es. Muitos anos se passariam antes que ela iniciasse seu trabalho transformador atrav\u00e9s do Sahaja Yoga. Assim como Gandhi havia agitado as massas e guiado seu pa\u00eds para a liberdade, o trabalho de Shri Mataji transformaria n\u00e3o apenas alguns indiv\u00edduos, mas centenas de milhares ao redor do mundo. O tempo para a liberdade interior havia chegado.<\/p>\n\t\t<img decoding=\"async\" data-spai-excluded=\"true\" loading=\"lazy\"  alt=\"YouTube player\"  src=\"https:\/\/i.ytimg.com\/vi\/R3BuPaDgo4c\/maxresdefault.jpg\"  \/><button aria-label=\"Play\"><\/button><meta itemprop=\"embedUrl\" content=\"https:\/\/www.youtube.com\/embed\/R3BuPaDgo4c\"\/><meta itemprop=\"name\" content=\"Her Studies, Indian Independence, Gandhi\"\/><meta itemprop=\"description\" content=\"Shri Mataji describes her childhood and remarkable father who took her, aged 7, to meet Mahatma Gandhi. Recognizing her spiritual depths he asked the little girl to stay at his ashram and often consulted her on profound matters. She and her family were deeply committed to the freedom movement and endured great hardships. After Independence her father was the only Christian to be elected to the Central Assembly. Shri Mataji studied medicine and married Sir C.P. Srivastava. More videos at: http:\/\/ShriMataji.org ~ A Life Dedicated to Humanity ~\"\/><meta itemprop=\"thumbnailUrl\" content=\"https:\/\/i.ytimg.com\/vi\/R3BuPaDgo4c\/0.jpg\"\/><meta itemprop=\"duration\" content=\"PT6M33S\"\/><meta itemprop=\"uploadDate\" content=\"2020-07-19T23:59:15Z\"\/>\t\n\t<div class=\"su-quote su-quote-style-default\"><div class=\"su-quote-inner su-u-clearfix su-u-trim\">Um l\u00edder pol\u00edtico n\u00e3o precisa se preocupar com o esp\u00edrito e a religi\u00e3o, mas ele considerava nosso pa\u00eds como uma terra de yoga&#8230; A principal contribui\u00e7\u00e3o de Gandhi foi estabelecer o equil\u00edbrio nas pessoas e torn\u00e1-las mais indianas, removendo a mentalidade escrava que havia se infiltrado em n\u00f3s.<\/div><\/div>\n<figure itemscope itemtype=\"https:\/\/schema.org\/ImageObject\">\n\t\t\t\t<img decoding=\"async\" src=\"https:\/\/shrimataji.org\/test\/wp-content\/uploads\/2025\/12\/PT_Chhindwara_Final-1920x516-1.jpg\" alt=\"Local de Nascimento e Santu\u00e1rio de Sua Santidade Shri Mataji Nirmala Devi, Chhindwara, \u00cdndia\" height=\"516\" width=\"1920\" title=\"PT_Chhindwara_Final-1920x516-1\" onerror=\"this.style.display='none'\" loading=\"lazy\" \/>\n\t\t<figcaption>Local de Nascimento e Santu\u00e1rio de Sua Santidade Shri Mataji Nirmala Devi, Chhindwara, \u00cdndia<\/figcaption>\n\t<\/figure>\n\n","protected":false},"excerpt":{"rendered":"<p>Juventude Do movimento de liberdade em massa de Gandhi a uma era de realiza\u00e7\u00e3o do si em massa Mahatma Gandhi deixou uma impress\u00e3o duradoura em todos que o conheceram, incluindo uma menina que costumava ficar em seu ashram. Essa menina era Shri Mataji, a quem ele deu o apelido de Nepali devido \u00e0s suas caracter\u00edsticas&hellip; <br \/> <a class=\"read-more\" href=\"https:\/\/shrimataji.org\/test\/pt\/juventude\/\">Read more<\/a><\/p>\n","protected":false},"author":18,"featured_media":9507,"parent":0,"menu_order":0,"comment_status":"closed","ping_status":"closed","template":"","meta":{"inline_featured_image":false,"footnotes":""},"class_list":["post-10361","page","type-page","status-publish","has-post-thumbnail","hentry"],"yoast_head":"<!-- This site is optimized with the Yoast SEO plugin v27.4 - https:\/\/yoast.com\/product\/yoast-seo-wordpress\/ -->\n<title>Juventude - TEST - SMND<\/title>\n<meta name=\"robots\" content=\"noindex, follow, max-snippet:-1, max-image-preview:large, max-video-preview:-1\" \/>\n<meta property=\"og:locale\" content=\"en_US\" \/>\n<meta property=\"og:type\" content=\"article\" \/>\n<meta property=\"og:title\" content=\"Juventude - TEST - SMND\" \/>\n<meta property=\"og:description\" content=\"Juventude Do movimento de liberdade em massa de Gandhi a uma era de realiza\u00e7\u00e3o do si em massa Mahatma Gandhi deixou uma impress\u00e3o duradoura em todos que o conheceram, incluindo uma menina que costumava ficar em seu ashram. Essa menina era Shri Mataji, a quem ele deu o apelido de Nepali devido \u00e0s suas caracter\u00edsticas&hellip; Read more\" \/>\n<meta property=\"og:url\" content=\"https:\/\/shrimataji.org\/test\/pt\/juventude\/\" \/>\n<meta property=\"og:site_name\" content=\"TEST - SMND\" \/>\n<meta property=\"article:publisher\" content=\"https:\/\/www.facebook.com\/shrimataji\" \/>\n<meta property=\"article:modified_time\" content=\"2026-01-18T13:18:53+00:00\" \/>\n<meta property=\"og:image\" content=\"https:\/\/shrimataji.org\/test\/wp-content\/uploads\/2023\/03\/1_Banner_EarlyLife-scaled.jpg\" \/>\n\t<meta property=\"og:image:width\" content=\"2560\" \/>\n\t<meta property=\"og:image:height\" content=\"905\" \/>\n\t<meta property=\"og:image:type\" content=\"image\/jpeg\" \/>\n<meta name=\"twitter:card\" content=\"summary_large_image\" \/>\n<meta name=\"twitter:site\" content=\"@shrimataji\" \/>\n<meta name=\"twitter:label1\" content=\"Est. reading time\" \/>\n\t<meta name=\"twitter:data1\" content=\"4 minutes\" \/>\n<script type=\"application\/ld+json\" class=\"yoast-schema-graph\">{\"@context\":\"https:\\\/\\\/schema.org\",\"@graph\":[{\"@type\":\"WebPage\",\"@id\":\"https:\\\/\\\/shrimataji.org\\\/test\\\/pt\\\/juventude\\\/\",\"url\":\"https:\\\/\\\/shrimataji.org\\\/test\\\/pt\\\/juventude\\\/\",\"name\":\"Juventude - TEST - SMND\",\"isPartOf\":{\"@id\":\"https:\\\/\\\/shrimataji.org\\\/test\\\/#website\"},\"primaryImageOfPage\":{\"@id\":\"https:\\\/\\\/shrimataji.org\\\/test\\\/pt\\\/juventude\\\/#primaryimage\"},\"image\":{\"@id\":\"https:\\\/\\\/shrimataji.org\\\/test\\\/pt\\\/juventude\\\/#primaryimage\"},\"thumbnailUrl\":\"https:\\\/\\\/shrimataji.org\\\/test\\\/wp-content\\\/uploads\\\/2023\\\/03\\\/1_Banner_EarlyLife-scaled.jpg\",\"datePublished\":\"2023-02-20T03:40:29+00:00\",\"dateModified\":\"2026-01-18T13:18:53+00:00\",\"breadcrumb\":{\"@id\":\"https:\\\/\\\/shrimataji.org\\\/test\\\/pt\\\/juventude\\\/#breadcrumb\"},\"inLanguage\":\"en-US\",\"potentialAction\":[{\"@type\":\"ReadAction\",\"target\":[\"https:\\\/\\\/shrimataji.org\\\/test\\\/pt\\\/juventude\\\/\"]}]},{\"@type\":\"ImageObject\",\"inLanguage\":\"en-US\",\"@id\":\"https:\\\/\\\/shrimataji.org\\\/test\\\/pt\\\/juventude\\\/#primaryimage\",\"url\":\"https:\\\/\\\/shrimataji.org\\\/test\\\/wp-content\\\/uploads\\\/2023\\\/03\\\/1_Banner_EarlyLife-scaled.jpg\",\"contentUrl\":\"https:\\\/\\\/shrimataji.org\\\/test\\\/wp-content\\\/uploads\\\/2023\\\/03\\\/1_Banner_EarlyLife-scaled.jpg\",\"width\":2560,\"height\":905},{\"@type\":\"BreadcrumbList\",\"@id\":\"https:\\\/\\\/shrimataji.org\\\/test\\\/pt\\\/juventude\\\/#breadcrumb\",\"itemListElement\":[{\"@type\":\"ListItem\",\"position\":1,\"name\":\"Home\",\"item\":\"https:\\\/\\\/shrimataji.org\\\/test\\\/uk\\\/home-en\\\/\"},{\"@type\":\"ListItem\",\"position\":2,\"name\":\"Juventude\"}]},{\"@type\":\"WebSite\",\"@id\":\"https:\\\/\\\/shrimataji.org\\\/test\\\/#website\",\"url\":\"https:\\\/\\\/shrimataji.org\\\/test\\\/\",\"name\":\"Shri Mataji Nirmala Devi\",\"description\":\"A Life Dedicated to Humanity\",\"publisher\":{\"@id\":\"https:\\\/\\\/shrimataji.org\\\/test\\\/#\\\/schema\\\/person\\\/a1b3419c6585f164aa96da1ff85715d1\"},\"potentialAction\":[{\"@type\":\"SearchAction\",\"target\":{\"@type\":\"EntryPoint\",\"urlTemplate\":\"https:\\\/\\\/shrimataji.org\\\/test\\\/?s={search_term_string}\"},\"query-input\":{\"@type\":\"PropertyValueSpecification\",\"valueRequired\":true,\"valueName\":\"search_term_string\"}}],\"inLanguage\":\"en-US\"},{\"@type\":[\"Person\",\"Organization\"],\"@id\":\"https:\\\/\\\/shrimataji.org\\\/test\\\/#\\\/schema\\\/person\\\/a1b3419c6585f164aa96da1ff85715d1\",\"name\":\"Nirmala Shrivastava\",\"image\":{\"@type\":\"ImageObject\",\"inLanguage\":\"en-US\",\"@id\":\"https:\\\/\\\/shrimataji.org\\\/test\\\/wp-content\\\/uploads\\\/2023\\\/02\\\/SMO_LOGO-03.svg\",\"url\":\"https:\\\/\\\/shrimataji.org\\\/test\\\/wp-content\\\/uploads\\\/2023\\\/02\\\/SMO_LOGO-03.svg\",\"contentUrl\":\"https:\\\/\\\/shrimataji.org\\\/test\\\/wp-content\\\/uploads\\\/2023\\\/02\\\/SMO_LOGO-03.svg\",\"width\":\"1024\",\"height\":\"1024\",\"caption\":\"Nirmala Shrivastava\"},\"logo\":{\"@id\":\"https:\\\/\\\/shrimataji.org\\\/test\\\/wp-content\\\/uploads\\\/2023\\\/02\\\/SMO_LOGO-03.svg\"},\"sameAs\":[\"https:\\\/\\\/shrimataji.org\\\/test\",\"https:\\\/\\\/www.facebook.com\\\/shrimataji\",\"https:\\\/\\\/x.com\\\/shrimataji\",\"https:\\\/\\\/www.youtube.com\\\/@Shri_Mataji_Nirmala_Devi\\\/featured\"]}]}<\/script>\n<!-- \/ Yoast SEO plugin. -->","yoast_head_json":{"title":"Juventude - TEST - SMND","robots":{"index":"noindex","follow":"follow","max-snippet":"max-snippet:-1","max-image-preview":"max-image-preview:large","max-video-preview":"max-video-preview:-1"},"og_locale":"en_US","og_type":"article","og_title":"Juventude - TEST - SMND","og_description":"Juventude Do movimento de liberdade em massa de Gandhi a uma era de realiza\u00e7\u00e3o do si em massa Mahatma Gandhi deixou uma impress\u00e3o duradoura em todos que o conheceram, incluindo uma menina que costumava ficar em seu ashram. Essa menina era Shri Mataji, a quem ele deu o apelido de Nepali devido \u00e0s suas caracter\u00edsticas&hellip; Read more","og_url":"https:\/\/shrimataji.org\/test\/pt\/juventude\/","og_site_name":"TEST - SMND","article_publisher":"https:\/\/www.facebook.com\/shrimataji","article_modified_time":"2026-01-18T13:18:53+00:00","og_image":[{"width":2560,"height":905,"url":"https:\/\/shrimataji.org\/test\/wp-content\/uploads\/2023\/03\/1_Banner_EarlyLife-scaled.jpg","type":"image\/jpeg"}],"twitter_card":"summary_large_image","twitter_site":"@shrimataji","twitter_misc":{"Est. reading time":"4 minutes"},"schema":{"@context":"https:\/\/schema.org","@graph":[{"@type":"WebPage","@id":"https:\/\/shrimataji.org\/test\/pt\/juventude\/","url":"https:\/\/shrimataji.org\/test\/pt\/juventude\/","name":"Juventude - TEST - SMND","isPartOf":{"@id":"https:\/\/shrimataji.org\/test\/#website"},"primaryImageOfPage":{"@id":"https:\/\/shrimataji.org\/test\/pt\/juventude\/#primaryimage"},"image":{"@id":"https:\/\/shrimataji.org\/test\/pt\/juventude\/#primaryimage"},"thumbnailUrl":"https:\/\/shrimataji.org\/test\/wp-content\/uploads\/2023\/03\/1_Banner_EarlyLife-scaled.jpg","datePublished":"2023-02-20T03:40:29+00:00","dateModified":"2026-01-18T13:18:53+00:00","breadcrumb":{"@id":"https:\/\/shrimataji.org\/test\/pt\/juventude\/#breadcrumb"},"inLanguage":"en-US","potentialAction":[{"@type":"ReadAction","target":["https:\/\/shrimataji.org\/test\/pt\/juventude\/"]}]},{"@type":"ImageObject","inLanguage":"en-US","@id":"https:\/\/shrimataji.org\/test\/pt\/juventude\/#primaryimage","url":"https:\/\/shrimataji.org\/test\/wp-content\/uploads\/2023\/03\/1_Banner_EarlyLife-scaled.jpg","contentUrl":"https:\/\/shrimataji.org\/test\/wp-content\/uploads\/2023\/03\/1_Banner_EarlyLife-scaled.jpg","width":2560,"height":905},{"@type":"BreadcrumbList","@id":"https:\/\/shrimataji.org\/test\/pt\/juventude\/#breadcrumb","itemListElement":[{"@type":"ListItem","position":1,"name":"Home","item":"https:\/\/shrimataji.org\/test\/uk\/home-en\/"},{"@type":"ListItem","position":2,"name":"Juventude"}]},{"@type":"WebSite","@id":"https:\/\/shrimataji.org\/test\/#website","url":"https:\/\/shrimataji.org\/test\/","name":"Shri Mataji Nirmala Devi","description":"A Life Dedicated to Humanity","publisher":{"@id":"https:\/\/shrimataji.org\/test\/#\/schema\/person\/a1b3419c6585f164aa96da1ff85715d1"},"potentialAction":[{"@type":"SearchAction","target":{"@type":"EntryPoint","urlTemplate":"https:\/\/shrimataji.org\/test\/?s={search_term_string}"},"query-input":{"@type":"PropertyValueSpecification","valueRequired":true,"valueName":"search_term_string"}}],"inLanguage":"en-US"},{"@type":["Person","Organization"],"@id":"https:\/\/shrimataji.org\/test\/#\/schema\/person\/a1b3419c6585f164aa96da1ff85715d1","name":"Nirmala Shrivastava","image":{"@type":"ImageObject","inLanguage":"en-US","@id":"https:\/\/shrimataji.org\/test\/wp-content\/uploads\/2023\/02\/SMO_LOGO-03.svg","url":"https:\/\/shrimataji.org\/test\/wp-content\/uploads\/2023\/02\/SMO_LOGO-03.svg","contentUrl":"https:\/\/shrimataji.org\/test\/wp-content\/uploads\/2023\/02\/SMO_LOGO-03.svg","width":"1024","height":"1024","caption":"Nirmala Shrivastava"},"logo":{"@id":"https:\/\/shrimataji.org\/test\/wp-content\/uploads\/2023\/02\/SMO_LOGO-03.svg"},"sameAs":["https:\/\/shrimataji.org\/test","https:\/\/www.facebook.com\/shrimataji","https:\/\/x.com\/shrimataji","https:\/\/www.youtube.com\/@Shri_Mataji_Nirmala_Devi\/featured"]}]}},"lang":"pt","translations":{"pt":10361,"ur":37411,"en":8414,"am":18348,"th":19917,"hu":19457,"sq":18383,"zh":17280,"hi":8389,"tr":10148,"de":10635,"fr":10733,"it":10831,"es":10928,"ja":11225,"ru":11413,"bn":11605,"te":11713,"sw":11836,"he":11984,"el":12275,"sk":12373,"fa":12471,"fi":12569,"bg":13361,"ro":14435,"cs":14628,"nl":16543,"ku":16703,"ar":16879,"be":18590,"kn":18864,"mr":20281,"uk":20573,"ml":20872,"ta":22698,"sv":22971,"gu":28819,"pa":28977,"fil":29417,"da":37725,"pl":37942,"nn":38277},"pll_sync_post":[],"_links":{"self":[{"href":"https:\/\/shrimataji.org\/test\/wp-json\/wp\/v2\/pages\/10361","targetHints":{"allow":["GET"]}}],"collection":[{"href":"https:\/\/shrimataji.org\/test\/wp-json\/wp\/v2\/pages"}],"about":[{"href":"https:\/\/shrimataji.org\/test\/wp-json\/wp\/v2\/types\/page"}],"author":[{"embeddable":true,"href":"https:\/\/shrimataji.org\/test\/wp-json\/wp\/v2\/users\/18"}],"replies":[{"embeddable":true,"href":"https:\/\/shrimataji.org\/test\/wp-json\/wp\/v2\/comments?post=10361"}],"version-history":[{"count":0,"href":"https:\/\/shrimataji.org\/test\/wp-json\/wp\/v2\/pages\/10361\/revisions"}],"wp:featuredmedia":[{"embeddable":true,"href":"https:\/\/shrimataji.org\/test\/wp-json\/wp\/v2\/media\/9507"}],"wp:attachment":[{"href":"https:\/\/shrimataji.org\/test\/wp-json\/wp\/v2\/media?parent=10361"}],"curies":[{"name":"wp","href":"https:\/\/api.w.org\/{rel}","templated":true}]}}