{"id":10362,"date":"2011-02-12T02:00:00","date_gmt":"2011-02-12T02:00:00","guid":{"rendered":"http:\/\/testwordpress.nirmalnagari.org\/smnd\/index.php\/ecology\/"},"modified":"2026-01-19T11:46:20","modified_gmt":"2026-01-19T11:46:20","slug":"ecologia-pt","status":"publish","type":"page","link":"https:\/\/shrimataji.org\/test\/pt\/ecologia-pt\/","title":{"rendered":"Ecologia PT"},"content":{"rendered":"\n\n\t<h1>Ecologia<\/h1>\n<h2>O Equil\u00edbrio Natural<\/h2>\n\t<div class=\"su-quote su-quote-style-default\"><div class=\"su-quote-inner su-u-clearfix su-u-trim\"> Se n\u00e3o sabemos respeitar a M\u00e3e Terra, n\u00e3o sabemos respeitar a n\u00f3s mesmos.<\/div><\/div>\n\t<p>A vis\u00e3o de Shri Mataji sobre a natureza era de uma M\u00e3e Terra que prov\u00ea e sustenta a vida, uma entidade viva a ser respeitada e at\u00e9 venerada. Ela explicou certa vez como ela e seus irm\u00e3os foram ensinados, assim como todas as crian\u00e7as indianas, a pedir perd\u00e3o \u00e0 M\u00e3e Terra pela manh\u00e3, &#8220;porque est\u00e1vamos tocando nela com os nossos p\u00e9s.&#8221;<\/p>\n<p>Shri Mataji viajou pelo mundo por quase 40 anos despertando o potencial interior humano para alcan\u00e7ar um estado de esp\u00edrito mais pac\u00edfico e menos egoc\u00eantrico. As pessoas que iam \u00e0s suas confer\u00eancias e sess\u00f5es de medita\u00e7\u00e3o eram buscadores da espiritualidade, e ela deixou claro para elas que a espiritualidade n\u00e3o poderia florescer sem a plena compreens\u00e3o da rela\u00e7\u00e3o rec\u00edproca do ser humano com a natureza.<\/p>\n<p>J\u00e1 no in\u00edcio dos anos 1970, quando come\u00e7ou seu trabalho com o Sahaja Yoga, Shri Mataji alertou claramente sobre os perigos iminentes que um dia amea\u00e7ariam nossa ecologia &#8211; a superprodu\u00e7\u00e3o de pl\u00e1sticos, os riscos da energia nuclear, a explora\u00e7\u00e3o excessiva da agricultura, a polui\u00e7\u00e3o dos ve\u00edculos e a contamina\u00e7\u00e3o de nossos oceanos, lagos e rios.<\/p>\n<figure itemscope itemtype=\"https:\/\/schema.org\/ImageObject\">\n\t\t\t\t<img decoding=\"async\" src=\"https:\/\/shrimataji.org\/test\/wp-content\/uploads\/2018\/07\/media_originals\/images\/flowers\/purple-flowers-by-vera-subkus-300x300.jpg\" alt=\"\" height=\"300\" width=\"300\" onerror=\"this.style.display='none'\" loading=\"lazy\" \/>\n\t\t\n\t<\/figure>\n<figure itemscope itemtype=\"https:\/\/schema.org\/ImageObject\">\n\t\t\t\t<img decoding=\"async\" src=\"https:\/\/shrimataji.org\/test\/wp-content\/uploads\/2025\/12\/PT_wentworth-falls-artwork-by-meredith-cooper.jpg\" alt=\"Cataratas de Wentworth (Nova Gales do Sul, Austr\u00e1lia, Meredith Cooper)\" height=\"1000\" width=\"993\" title=\"PT_wentworth-falls-artwork-by-meredith-cooper\" onerror=\"this.style.display='none'\" loading=\"lazy\" \/>\n\t\t<figcaption>Cataratas de Wentworth (Nova Gales do Sul, Austr\u00e1lia, Meredith Cooper)<\/figcaption>\n\t<\/figure>\n\t<p>Sem negar sua utilidade em certas circunst\u00e2ncias, Shri Mataji criticava o uso excessivo dos pl\u00e1sticos e sua desastrosa penetra\u00e7\u00e3o na natureza. &#8220;Aqueles que est\u00e3o ocupados com a cria\u00e7\u00e3o e fabrica\u00e7\u00e3o de pl\u00e1sticos est\u00e3o desenvolvendo e construindo muito bem sua imagem financeira como multimilion\u00e1rios&#8221;, explicou ela. &#8220;Enquanto isso, o consumismo desenfreado est\u00e1 criando montanhas e montanhas de pl\u00e1stico, de modo que ningu\u00e9m sabe como resolver o problema de destruir essas montanhas artificiais, que n\u00e3o apenas s\u00e3o desagrad\u00e1veis \u00e0 vista, mas que podem at\u00e9 estar prejudicando a atmosfera simplesmente por existirem. A superprodu\u00e7\u00e3o de pl\u00e1sticos e fibras artificiais \u00e9, sem d\u00favida, um s\u00e9rio subproduto do consumismo compulsivo, que \u00e9 alimentado pela no\u00e7\u00e3o de moda.&#8221;<\/p>\n<p>Shri Mataji tamb\u00e9m fez um apelo por vigiar o campo da energia nuclear muito antes das trag\u00e9dias de Chernobyl e Fukushima. &#8220;Agora, Chernobyl tem sido um grande, grande problema&#8230; e foi uma li\u00e7\u00e3o para n\u00f3s de que n\u00e3o dever\u00edamos nos envolver demais com a energia at\u00f4mica.&#8221; Segundo ela, a fiss\u00e3o nuclear \u00e9 uma agress\u00e3o \u00e0 integridade natural de um n\u00facleo, o que explica, em um n\u00edvel sutil, os subprodutos destrutivos da energia resultante.<\/p>\n\t<p>Ela alertou contra a atitude moderna de desperd\u00edcio em rela\u00e7\u00e3o ao consumo de energia e incentivou uma abordagem mais econ\u00f4mica no dia a dia. Todos &#8220;devem estar conscientes de quanta energia est\u00e3o utilizando &#8211; seja eletricidade, telefones, \u00e1gua ou qualquer outra coisa&#8221;, disse ela. &#8220;Precisamos ser frugais com isso&#8230; Voc\u00ea deve incorporar isso \u00e0 sua vida cotidiana, como parte essencial da sua exist\u00eancia, tentando economizar a energia desta M\u00e3e Terra. Isso \u00e9 muito importante.&#8221;<\/p>\n<p>Em v\u00e1rias ocasi\u00f5es, Shri Mataji destacou a quantidade de carros com apenas um passageiro circulando nas estradas, todos indo na mesma dire\u00e7\u00e3o. Ela sugeriu o compartilhamento de ve\u00edculos para reduzir a polui\u00e7\u00e3o desnecess\u00e1ria e promover uma atitude mais coletiva em rela\u00e7\u00e3o \u00e0 responsabilidade ambiental. Frequentemente, recomendava caminhar como uma forma de descobrir as sutilezas da natureza em um mundo excessivamente apressado.<\/p>\n\t<p>Acima de tudo, o exemplo pessoal de Shri Mataji talvez tenha sido a influ\u00eancia mais poderosa em seu ensinamento. Em cada lugar que visitava, ela encontrava artes\u00e3os locais e os apoiava comprando seus trabalhos manuais. Demonstrava interesse em todos os detalhes do of\u00edcio dos artes\u00e3os &#8211; os materiais utilizados, sua origem, as condi\u00e7\u00f5es de trabalho e o padr\u00e3o de vida das fam\u00edlias desses trabalhadores.<\/p>\n\t<div class=\"su-quote su-quote-style-default\"><div class=\"su-quote-inner su-u-clearfix su-u-trim\">Precisamos mudar o equil\u00edbrio entre as coisas feitas por m\u00e1quinas e as feitas pelo homem, e nos voltar mais para as coisas naturais.<\/div><\/div>\n\t<p>Ela frequentemente destacava o valor ecol\u00f3gico e econ\u00f4mico desses produtos feitos \u00e0 m\u00e3o. Atrav\u00e9s da compra desses itens, os consumidores rompem as cadeias de escravid\u00e3o aos grandes lobbies industriais, \u00e0s modas e \u00e0 cultura do descarte. Eles tamb\u00e9m reduzem o consumo excessivo e criam empregos. Devido ao trabalho e ao tempo investidos, os itens feitos \u00e0 m\u00e3o tendem a custar mais do que os produzidos em massa pelas m\u00e1quinas. No entanto, isso significa que os consumidores os valorizar\u00e3o, em vez de descart\u00e1-los sumariamente.<\/p>\n<p>Ao mesmo tempo, ela reconhecia a utilidade da produ\u00e7\u00e3o industrial e das m\u00e1quinas, mas insistia na necessidade de encontrar um equil\u00edbrio entre o feito \u00e0 m\u00e3o e o feito por m\u00e1quinas. &#8220;As m\u00e1quinas devem ser usadas para tudo o que for um trabalho p\u00fablico&#8221;, sugeriu ela. &#8220;Como para os seus carros, trens, bondes, todo trabalho p\u00fablico que seja externo. Para casas, no m\u00e1ximo, voc\u00ea pode usar m\u00e1quinas. Mas, para coisas pessoais, voc\u00ea deve usar coisas feitas \u00e0 m\u00e3o, coisas feitas \u00e0 m\u00e3o. Para as pessoas espiritualizadas, gosta-se de usar algo que seja feito \u00e0 m\u00e3o ou verdadeiro.&#8221;<\/p>\n<p>O mundo hoje se encontra em um ponto cr\u00edtico em rela\u00e7\u00e3o \u00e0s mudan\u00e7as clim\u00e1ticas, que amea\u00e7am uma cat\u00e1strofe ecol\u00f3gica global de propor\u00e7\u00f5es sem precedentes. Estudos cient\u00edficos atuais indicam claramente que as mudan\u00e7as nas prioridades humanas desde o in\u00edcio da era industrial contribu\u00edram de forma dram\u00e1tica para a degrada\u00e7\u00e3o ambiental global, e que apenas um esfor\u00e7o conjunto de toda a ra\u00e7a humana para se adaptar a um modo de vida sustent\u00e1vel pode nos tirar do perigo iminente.<\/p>\n<p>A pr\u00e1tica da medita\u00e7\u00e3o Sahaja Yoga estabelece um equil\u00edbrio hol\u00edstico entre corpo, mente e esp\u00edrito, que capacita os indiv\u00edduos a seguir e desfrutar de um estilo de vida altru\u00edsta e viver em harmonia com a natureza. Al\u00e9m dessa transforma\u00e7\u00e3o comportamental, que pode ser facilmente alcan\u00e7ada atrav\u00e9s do Sahaja Yoga, Shri Mataji recomendou o uso da energia vibracional sutil, que se torna parte integrante da consci\u00eancia do praticante de Sahaja Yoga, para regenerar o poder vivo da M\u00e3e Natureza e promover o crescimento ecol\u00f3gico natural. Milhares de experimentos agr\u00edcolas[1<a href=\"https:\/\/shrimataji.org\/test\/ecology\/#[1]\">]<\/a> realizados por Sahaja Yogis ao redor do mundo demonstraram resultados impressionantes na melhoria de nossa biosfera e na redu\u00e7\u00e3o da depend\u00eancia de fertilizantes qu\u00edmicos prejudiciais ao meio ambiente.<\/p>\n<p>A vis\u00e3o de Shri Mataji de um mundo em equil\u00edbrio come\u00e7a com pessoas que est\u00e3o em equil\u00edbrio dentro de si mesmas. Somente quando esse equil\u00edbrio interior \u00e9 estabelecido \u00e9 que os seres humanos podem alcan\u00e7ar uma rela\u00e7\u00e3o harmoniosa e respeitosa com o meio ambiente e com a M\u00e3e Terra, que nos sustenta a todos.<\/p>\n\t<h5>&#8220;A Terra oferece o suficiente para satisfazer a necessidade de todo ser humano, mas n\u00e3o a gan\u00e2ncia de todo ser humano.&#8221;<\/h5>\n<h5>Mahatma Gandhi<\/h5>\n\t<hr \/>\n<h3><a href=\"https:\/\/shrimataji.org\/test\/ecology\/#_ftnref1\" name=\"_ftn1\">[1]<\/a>\u00a0https:\/\/sahajkrishi.org\/english\/category\/sahaja-agriculture\/<\/h3>\n\n","protected":false},"excerpt":{"rendered":"<p>Ecologia O Equil\u00edbrio Natural A vis\u00e3o de Shri Mataji sobre a natureza era de uma M\u00e3e Terra que prov\u00ea e sustenta a vida, uma entidade viva a ser respeitada e at\u00e9 venerada. Ela explicou certa vez como ela e seus irm\u00e3os foram ensinados, assim como todas as crian\u00e7as indianas, a pedir perd\u00e3o \u00e0 M\u00e3e Terra&hellip; <br \/> <a class=\"read-more\" href=\"https:\/\/shrimataji.org\/test\/pt\/ecologia-pt\/\">Read more<\/a><\/p>\n","protected":false},"author":18,"featured_media":126,"parent":0,"menu_order":0,"comment_status":"closed","ping_status":"closed","template":"pro\/page-templates\/full-width-page.php","meta":{"inline_featured_image":false,"footnotes":""},"class_list":["post-10362","page","type-page","status-publish","has-post-thumbnail","hentry"],"yoast_head":"<!-- This site is optimized with the Yoast SEO plugin v27.4 - https:\/\/yoast.com\/product\/yoast-seo-wordpress\/ -->\n<title>Ecologia PT - TEST - SMND<\/title>\n<meta name=\"robots\" content=\"noindex, follow, max-snippet:-1, max-image-preview:large, max-video-preview:-1\" \/>\n<meta property=\"og:locale\" content=\"en_US\" \/>\n<meta property=\"og:type\" content=\"article\" \/>\n<meta property=\"og:title\" content=\"Ecologia PT - TEST - SMND\" \/>\n<meta property=\"og:description\" content=\"Ecologia O Equil\u00edbrio Natural A vis\u00e3o de Shri Mataji sobre a natureza era de uma M\u00e3e Terra que prov\u00ea e sustenta a vida, uma entidade viva a ser respeitada e at\u00e9 venerada. Ela explicou certa vez como ela e seus irm\u00e3os foram ensinados, assim como todas as crian\u00e7as indianas, a pedir perd\u00e3o \u00e0 M\u00e3e Terra&hellip; Read more\" \/>\n<meta property=\"og:url\" content=\"https:\/\/shrimataji.org\/test\/pt\/ecologia-pt\/\" \/>\n<meta property=\"og:site_name\" content=\"TEST - SMND\" \/>\n<meta property=\"article:publisher\" content=\"https:\/\/www.facebook.com\/shrimataji\" \/>\n<meta property=\"article:modified_time\" content=\"2026-01-19T11:46:20+00:00\" \/>\n<meta property=\"og:image\" content=\"https:\/\/shrimataji.org\/test\/wp-content\/uploads\/2018\/07\/media_originals\/images\/headers-general\/shri-mataji-at-the-krishna-river-in-brahmapuri-india-1985.jpg\" \/>\n\t<meta property=\"og:image:width\" content=\"990\" \/>\n\t<meta property=\"og:image:height\" content=\"350\" \/>\n\t<meta property=\"og:image:type\" content=\"image\/jpeg\" \/>\n<meta name=\"twitter:card\" content=\"summary_large_image\" \/>\n<meta name=\"twitter:site\" content=\"@shrimataji\" \/>\n<script type=\"application\/ld+json\" class=\"yoast-schema-graph\">{\"@context\":\"https:\\\/\\\/schema.org\",\"@graph\":[{\"@type\":\"WebPage\",\"@id\":\"https:\\\/\\\/shrimataji.org\\\/test\\\/pt\\\/ecologia-pt\\\/\",\"url\":\"https:\\\/\\\/shrimataji.org\\\/test\\\/pt\\\/ecologia-pt\\\/\",\"name\":\"Ecologia PT - TEST - SMND\",\"isPartOf\":{\"@id\":\"https:\\\/\\\/shrimataji.org\\\/test\\\/#website\"},\"primaryImageOfPage\":{\"@id\":\"https:\\\/\\\/shrimataji.org\\\/test\\\/pt\\\/ecologia-pt\\\/#primaryimage\"},\"image\":{\"@id\":\"https:\\\/\\\/shrimataji.org\\\/test\\\/pt\\\/ecologia-pt\\\/#primaryimage\"},\"thumbnailUrl\":\"https:\\\/\\\/shrimataji.org\\\/test\\\/wp-content\\\/uploads\\\/2018\\\/07\\\/media_originals\\\/images\\\/headers-general\\\/shri-mataji-at-the-krishna-river-in-brahmapuri-india-1985.jpg\",\"datePublished\":\"2011-02-12T02:00:00+00:00\",\"dateModified\":\"2026-01-19T11:46:20+00:00\",\"breadcrumb\":{\"@id\":\"https:\\\/\\\/shrimataji.org\\\/test\\\/pt\\\/ecologia-pt\\\/#breadcrumb\"},\"inLanguage\":\"en-US\",\"potentialAction\":[{\"@type\":\"ReadAction\",\"target\":[\"https:\\\/\\\/shrimataji.org\\\/test\\\/pt\\\/ecologia-pt\\\/\"]}]},{\"@type\":\"ImageObject\",\"inLanguage\":\"en-US\",\"@id\":\"https:\\\/\\\/shrimataji.org\\\/test\\\/pt\\\/ecologia-pt\\\/#primaryimage\",\"url\":\"https:\\\/\\\/shrimataji.org\\\/test\\\/wp-content\\\/uploads\\\/2018\\\/07\\\/media_originals\\\/images\\\/headers-general\\\/shri-mataji-at-the-krishna-river-in-brahmapuri-india-1985.jpg\",\"contentUrl\":\"https:\\\/\\\/shrimataji.org\\\/test\\\/wp-content\\\/uploads\\\/2018\\\/07\\\/media_originals\\\/images\\\/headers-general\\\/shri-mataji-at-the-krishna-river-in-brahmapuri-india-1985.jpg\",\"width\":990,\"height\":350},{\"@type\":\"BreadcrumbList\",\"@id\":\"https:\\\/\\\/shrimataji.org\\\/test\\\/pt\\\/ecologia-pt\\\/#breadcrumb\",\"itemListElement\":[{\"@type\":\"ListItem\",\"position\":1,\"name\":\"Home\",\"item\":\"https:\\\/\\\/shrimataji.org\\\/test\\\/uk\\\/home-en\\\/\"},{\"@type\":\"ListItem\",\"position\":2,\"name\":\"Ecologia PT\"}]},{\"@type\":\"WebSite\",\"@id\":\"https:\\\/\\\/shrimataji.org\\\/test\\\/#website\",\"url\":\"https:\\\/\\\/shrimataji.org\\\/test\\\/\",\"name\":\"Shri Mataji Nirmala Devi\",\"description\":\"A Life Dedicated to Humanity\",\"publisher\":{\"@id\":\"https:\\\/\\\/shrimataji.org\\\/test\\\/#\\\/schema\\\/person\\\/a1b3419c6585f164aa96da1ff85715d1\"},\"potentialAction\":[{\"@type\":\"SearchAction\",\"target\":{\"@type\":\"EntryPoint\",\"urlTemplate\":\"https:\\\/\\\/shrimataji.org\\\/test\\\/?s={search_term_string}\"},\"query-input\":{\"@type\":\"PropertyValueSpecification\",\"valueRequired\":true,\"valueName\":\"search_term_string\"}}],\"inLanguage\":\"en-US\"},{\"@type\":[\"Person\",\"Organization\"],\"@id\":\"https:\\\/\\\/shrimataji.org\\\/test\\\/#\\\/schema\\\/person\\\/a1b3419c6585f164aa96da1ff85715d1\",\"name\":\"Nirmala Shrivastava\",\"image\":{\"@type\":\"ImageObject\",\"inLanguage\":\"en-US\",\"@id\":\"https:\\\/\\\/shrimataji.org\\\/test\\\/wp-content\\\/uploads\\\/2023\\\/02\\\/SMO_LOGO-03.svg\",\"url\":\"https:\\\/\\\/shrimataji.org\\\/test\\\/wp-content\\\/uploads\\\/2023\\\/02\\\/SMO_LOGO-03.svg\",\"contentUrl\":\"https:\\\/\\\/shrimataji.org\\\/test\\\/wp-content\\\/uploads\\\/2023\\\/02\\\/SMO_LOGO-03.svg\",\"width\":\"1024\",\"height\":\"1024\",\"caption\":\"Nirmala Shrivastava\"},\"logo\":{\"@id\":\"https:\\\/\\\/shrimataji.org\\\/test\\\/wp-content\\\/uploads\\\/2023\\\/02\\\/SMO_LOGO-03.svg\"},\"sameAs\":[\"https:\\\/\\\/shrimataji.org\\\/test\",\"https:\\\/\\\/www.facebook.com\\\/shrimataji\",\"https:\\\/\\\/x.com\\\/shrimataji\",\"https:\\\/\\\/www.youtube.com\\\/@Shri_Mataji_Nirmala_Devi\\\/featured\"]}]}<\/script>\n<!-- \/ Yoast SEO plugin. -->","yoast_head_json":{"title":"Ecologia PT - TEST - SMND","robots":{"index":"noindex","follow":"follow","max-snippet":"max-snippet:-1","max-image-preview":"max-image-preview:large","max-video-preview":"max-video-preview:-1"},"og_locale":"en_US","og_type":"article","og_title":"Ecologia PT - TEST - SMND","og_description":"Ecologia O Equil\u00edbrio Natural A vis\u00e3o de Shri Mataji sobre a natureza era de uma M\u00e3e Terra que prov\u00ea e sustenta a vida, uma entidade viva a ser respeitada e at\u00e9 venerada. Ela explicou certa vez como ela e seus irm\u00e3os foram ensinados, assim como todas as crian\u00e7as indianas, a pedir perd\u00e3o \u00e0 M\u00e3e Terra&hellip; Read more","og_url":"https:\/\/shrimataji.org\/test\/pt\/ecologia-pt\/","og_site_name":"TEST - SMND","article_publisher":"https:\/\/www.facebook.com\/shrimataji","article_modified_time":"2026-01-19T11:46:20+00:00","og_image":[{"width":990,"height":350,"url":"https:\/\/shrimataji.org\/test\/wp-content\/uploads\/2018\/07\/media_originals\/images\/headers-general\/shri-mataji-at-the-krishna-river-in-brahmapuri-india-1985.jpg","type":"image\/jpeg"}],"twitter_card":"summary_large_image","twitter_site":"@shrimataji","schema":{"@context":"https:\/\/schema.org","@graph":[{"@type":"WebPage","@id":"https:\/\/shrimataji.org\/test\/pt\/ecologia-pt\/","url":"https:\/\/shrimataji.org\/test\/pt\/ecologia-pt\/","name":"Ecologia PT - TEST - SMND","isPartOf":{"@id":"https:\/\/shrimataji.org\/test\/#website"},"primaryImageOfPage":{"@id":"https:\/\/shrimataji.org\/test\/pt\/ecologia-pt\/#primaryimage"},"image":{"@id":"https:\/\/shrimataji.org\/test\/pt\/ecologia-pt\/#primaryimage"},"thumbnailUrl":"https:\/\/shrimataji.org\/test\/wp-content\/uploads\/2018\/07\/media_originals\/images\/headers-general\/shri-mataji-at-the-krishna-river-in-brahmapuri-india-1985.jpg","datePublished":"2011-02-12T02:00:00+00:00","dateModified":"2026-01-19T11:46:20+00:00","breadcrumb":{"@id":"https:\/\/shrimataji.org\/test\/pt\/ecologia-pt\/#breadcrumb"},"inLanguage":"en-US","potentialAction":[{"@type":"ReadAction","target":["https:\/\/shrimataji.org\/test\/pt\/ecologia-pt\/"]}]},{"@type":"ImageObject","inLanguage":"en-US","@id":"https:\/\/shrimataji.org\/test\/pt\/ecologia-pt\/#primaryimage","url":"https:\/\/shrimataji.org\/test\/wp-content\/uploads\/2018\/07\/media_originals\/images\/headers-general\/shri-mataji-at-the-krishna-river-in-brahmapuri-india-1985.jpg","contentUrl":"https:\/\/shrimataji.org\/test\/wp-content\/uploads\/2018\/07\/media_originals\/images\/headers-general\/shri-mataji-at-the-krishna-river-in-brahmapuri-india-1985.jpg","width":990,"height":350},{"@type":"BreadcrumbList","@id":"https:\/\/shrimataji.org\/test\/pt\/ecologia-pt\/#breadcrumb","itemListElement":[{"@type":"ListItem","position":1,"name":"Home","item":"https:\/\/shrimataji.org\/test\/uk\/home-en\/"},{"@type":"ListItem","position":2,"name":"Ecologia PT"}]},{"@type":"WebSite","@id":"https:\/\/shrimataji.org\/test\/#website","url":"https:\/\/shrimataji.org\/test\/","name":"Shri Mataji Nirmala Devi","description":"A Life Dedicated to Humanity","publisher":{"@id":"https:\/\/shrimataji.org\/test\/#\/schema\/person\/a1b3419c6585f164aa96da1ff85715d1"},"potentialAction":[{"@type":"SearchAction","target":{"@type":"EntryPoint","urlTemplate":"https:\/\/shrimataji.org\/test\/?s={search_term_string}"},"query-input":{"@type":"PropertyValueSpecification","valueRequired":true,"valueName":"search_term_string"}}],"inLanguage":"en-US"},{"@type":["Person","Organization"],"@id":"https:\/\/shrimataji.org\/test\/#\/schema\/person\/a1b3419c6585f164aa96da1ff85715d1","name":"Nirmala Shrivastava","image":{"@type":"ImageObject","inLanguage":"en-US","@id":"https:\/\/shrimataji.org\/test\/wp-content\/uploads\/2023\/02\/SMO_LOGO-03.svg","url":"https:\/\/shrimataji.org\/test\/wp-content\/uploads\/2023\/02\/SMO_LOGO-03.svg","contentUrl":"https:\/\/shrimataji.org\/test\/wp-content\/uploads\/2023\/02\/SMO_LOGO-03.svg","width":"1024","height":"1024","caption":"Nirmala Shrivastava"},"logo":{"@id":"https:\/\/shrimataji.org\/test\/wp-content\/uploads\/2023\/02\/SMO_LOGO-03.svg"},"sameAs":["https:\/\/shrimataji.org\/test","https:\/\/www.facebook.com\/shrimataji","https:\/\/x.com\/shrimataji","https:\/\/www.youtube.com\/@Shri_Mataji_Nirmala_Devi\/featured"]}]}},"lang":"pt","translations":{"pt":10362,"ur":37413,"en":416,"am":17984,"th":19920,"hu":19459,"sq":18385,"zh":17282,"tr":10149,"de":10636,"fr":10734,"it":10832,"es":10929,"ja":11226,"ru":11414,"bn":11606,"te":11714,"sw":11837,"he":11985,"el":12276,"sk":12374,"fa":12472,"fi":12570,"bg":13513,"ro":14588,"cs":14781,"nl":16545,"ku":16705,"ar":16881,"be":18592,"kn":18866,"mr":20284,"uk":20576,"ml":20875,"ta":22700,"sv":22973,"gu":28821,"pa":28979,"fil":29419,"da":37727,"pl":37944,"nn":38279},"pll_sync_post":[],"_links":{"self":[{"href":"https:\/\/shrimataji.org\/test\/wp-json\/wp\/v2\/pages\/10362","targetHints":{"allow":["GET"]}}],"collection":[{"href":"https:\/\/shrimataji.org\/test\/wp-json\/wp\/v2\/pages"}],"about":[{"href":"https:\/\/shrimataji.org\/test\/wp-json\/wp\/v2\/types\/page"}],"author":[{"embeddable":true,"href":"https:\/\/shrimataji.org\/test\/wp-json\/wp\/v2\/users\/18"}],"replies":[{"embeddable":true,"href":"https:\/\/shrimataji.org\/test\/wp-json\/wp\/v2\/comments?post=10362"}],"version-history":[{"count":0,"href":"https:\/\/shrimataji.org\/test\/wp-json\/wp\/v2\/pages\/10362\/revisions"}],"wp:featuredmedia":[{"embeddable":true,"href":"https:\/\/shrimataji.org\/test\/wp-json\/wp\/v2\/media\/126"}],"wp:attachment":[{"href":"https:\/\/shrimataji.org\/test\/wp-json\/wp\/v2\/media?parent=10362"}],"curies":[{"name":"wp","href":"https:\/\/api.w.org\/{rel}","templated":true}]}}