{"id":10363,"date":"2018-07-10T06:54:42","date_gmt":"2018-07-10T06:54:42","guid":{"rendered":"http:\/\/testwordpress.nirmalnagari.org\/smnd\/index.php\/education-2\/"},"modified":"2026-01-18T16:52:24","modified_gmt":"2026-01-18T16:52:24","slug":"educacao-iluminada","status":"publish","type":"page","link":"https:\/\/shrimataji.org\/test\/pt\/educacao-iluminada\/","title":{"rendered":"Uma Educa\u00e7\u00e3o Iluminada"},"content":{"rendered":"\n\n\t<h1>Uma Educa\u00e7\u00e3o Iluminada<\/h1>\n<h2>Cultivando o Bem-Estar Espiritual<\/h2>\n\t<div class=\"su-quote su-quote-style-default\"><div class=\"su-quote-inner su-u-clearfix su-u-trim\">Al\u00e9m de promover o crescimento intelectual e emocional, a educa\u00e7\u00e3o tamb\u00e9m deve abranger o bem-estar espiritual das crian\u00e7as.<\/div><\/div>\n\t<h4>As crian\u00e7as precisam de uma educa\u00e7\u00e3o equilibrada, agora mais do que nunca. Essa educa\u00e7\u00e3o n\u00e3o deve apenas promover o crescimento intelectual e emocional, mas tamb\u00e9m cuidar do seu bem-estar espiritual. Quando as crian\u00e7as compreendem suas capacidades e for\u00e7as interiores, elas podem prosperar em qualquer ambiente. Aten\u00e7\u00e3o focada e uma perspectiva global s\u00e3o outros dois elementos essenciais para uma educa\u00e7\u00e3o iluminada.<\/h4>\n\t<p>Shri Mataji deu grande \u00eanfase \u00e0 constru\u00e7\u00e3o de uma base s\u00f3lida por meio da educa\u00e7\u00e3o na primeira inf\u00e2ncia, acreditando que esse deve ser um processo coletivo, compartilhado entre pais e professores. O ambiente natural tamb\u00e9m desempenha um papel educativo. \u00c0 medida que as crian\u00e7as aprendem sobre plantas, animais e conserva\u00e7\u00e3o, desenvolvem respeito pela M\u00e3e Terra e por seus preciosos recursos.<\/p>\n\t<h5>&#8220;A educa\u00e7\u00e3o liter\u00e1ria n\u00e3o tem valor se n\u00e3o for capaz de formar um car\u00e1ter s\u00f3lido..&#8221;<\/h5>\n<h5>Mahatma Gandhi<\/h5>\n<figure itemscope itemtype=\"https:\/\/schema.org\/ImageObject\">\n\t\t\t\t<img decoding=\"async\" src=\"https:\/\/shrimataji.org\/test\/wp-content\/uploads\/2018\/07\/media_originals\/images\/shri-mataji-with-people\/shri-mataji-nirmala-devi-being-greeted-at-the-train-station-in-rome-italy.jpg\" alt=\"\" height=\"974\" width=\"1500\" onerror=\"this.style.display='none'\" loading=\"lazy\" \/>\n\t\t\n\t<\/figure>\n\t<p>Para cultivar a autoestima e a dignidade, Shri Mataji dava grande import\u00e2ncia \u00e0 disciplina &#8211; uma disciplina enraizada no amor e no respeito. &#8220;\u00c9 nosso dever garantir que nossos filhos cres\u00e7am como grandes pessoas. Maiores do que n\u00f3s&#8221;, disse Shri Mataji. &#8220;Eles precisam cuidar do mundo.&#8221;<\/p>\n<p>Colocando sua vis\u00e3o em pr\u00e1tica, Shri Mataji criou um sistema educacional tendo a Sahaja Yoga como base. Al\u00e9m de um curr\u00edculo acad\u00eamico desafiador, os alunos meditam regularmente. Isso os ajuda a melhorar a aten\u00e7\u00e3o e a capacidade de foco, al\u00e9m de aumentar a autoconfian\u00e7a e a compreens\u00e3o de si mesmos. Jovens de todo o mundo prosperam nas escolas de Shri Mataji na \u00cdndia, It\u00e1lia, Canad\u00e1, \u00c1ustria, Estados Unidos, Rep\u00fablica Tcheca, R\u00fassia e Austr\u00e1lia, onde continuam a construir relacionamentos profundos.<\/p>\n\t<div class=\"su-quote su-quote-style-default\"><div class=\"su-quote-inner su-u-clearfix su-u-trim\">Eu vi crian\u00e7as vindas da nossa escola em Dharamshala. Extremamente confiantes e extremamente humildes. E Eu perguntei a elas: &#8216;O que voc\u00eas fazem?&#8217; Elas responderam: &#8216;Meditamos \u00e0 noite e de manh\u00e3, e isso nos ajuda muito..&#8217;<\/div><\/div>\n\t<p>Em rela\u00e7\u00e3o \u00e0s crian\u00e7as, o autor vencedor do Pr\u00eamio Nobel, Rabindranath Tagore, observou: &#8220;Elas s\u00e3o seres vivos &#8211; mais vivos do que os adultos, que constru\u00edram ao seu redor cascas de h\u00e1bitos. Portanto, \u00e9 absolutamente necess\u00e1rio para sua sa\u00fade mental e desenvolvimento que n\u00e3o tenham apenas escolas para suas li\u00e7\u00f5es, mas um mundo cujo esp\u00edrito orientador seja o amor pessoal.&#8221;<\/p>\n<p>As crian\u00e7as de hoje s\u00e3o o futuro de amanh\u00e3, e um investimento em uma boa educa\u00e7\u00e3o \u00e9 sin\u00f4nimo de um investimento em um mundo melhor. No entanto, o bem-estar social e psicol\u00f3gico das crian\u00e7as est\u00e1 cada vez mais comprometido nas escolas. Pelo menos um em cada cinco crian\u00e7as e adolescentes pode apresentar um problema de sa\u00fade mental e, nos Estados Unidos, estima-se que um em cada dez crian\u00e7as e adolescentes sofra de doen\u00e7as mentais graves o suficiente para causar algum n\u00edvel de preju\u00edzo.<\/p>\n<p>Pesquisas cient\u00edficas sobre medita\u00e7\u00e3o<a href=\"#citation-note-1\" name=\"_ftnref1\">[1]<\/a> revelam que ela \u00e9 uma interven\u00e7\u00e3o bioespiritual comprovada e baseada em evid\u00eancias para prevenir, assim como gerenciar, as consequ\u00eancias do estresse causado pelos desequil\u00edbrios rotineiros em nossas vidas, seja na escola, no ambiente de trabalho ou em casa. A Medita\u00e7\u00e3o da Sahaja Yoga \u00a0demonstrou ser \u00fanica porque \u00e9 espont\u00e2nea, simples e sem esfor\u00e7o. Todas essas caracter\u00edsticas da medita\u00e7\u00e3o da Sahaja Yoga a tornaram aceit\u00e1vel, agrad\u00e1vel e popular tanto entre as crian\u00e7as quanto entre os professores. Tamb\u00e9m tem se mostrado eficaz em fornecer aos professores uma abordagem de equil\u00edbrio entre trabalho e vida pessoal para lidar com a carga pesada de gerenciar e entregar o curr\u00edculo dentro do prazo e com qualidade.<\/p>\n<p>Diversas iniciativas, como o Inner Peace Project (<a href=\"http:\/\/www.innerpeaceday.org\/\" target=\"_blank\" rel=\"noopener\">www.innerpeaceday.org<\/a>) e o Dhyaandhara<a href=\"#citation-note-2\" name=\"_ftnref2\">[2]<\/a> (\u00cdndia) est\u00e3o trazendo os benef\u00edcios na sa\u00fade como um todo nas escolas e na vida das crian\u00e7as por meio da Medita\u00e7\u00e3o \u00a0da Sahaja Yoga.<\/p>\n\t<hr \/>\n<h3><a name=\"citation-note-1\"><\/a>[<a href=\"#citation-ref-1\">1<\/a>] <a href=\"https:\/\/researchingmeditation.org\" target=\"_blank\" rel=\"noopener\">https:\/\/researchingmeditation.org<\/a><\/h3>\n<h3><a name=\"citation-note-2\"><\/a>[<a href=\"#citation-ref-2\">2<\/a>] Dhyaandhara Study at LMP Intercollege Lucknow India<\/h3>\n\n","protected":false},"excerpt":{"rendered":"<p>Uma Educa\u00e7\u00e3o Iluminada Cultivando o Bem-Estar Espiritual As crian\u00e7as precisam de uma educa\u00e7\u00e3o equilibrada, agora mais do que nunca. Essa educa\u00e7\u00e3o n\u00e3o deve apenas promover o crescimento intelectual e emocional, mas tamb\u00e9m cuidar do seu bem-estar espiritual. Quando as crian\u00e7as compreendem suas capacidades e for\u00e7as interiores, elas podem prosperar em qualquer ambiente. Aten\u00e7\u00e3o focada e&hellip; <br \/> <a class=\"read-more\" href=\"https:\/\/shrimataji.org\/test\/pt\/educacao-iluminada\/\">Read more<\/a><\/p>\n","protected":false},"author":18,"featured_media":104,"parent":0,"menu_order":0,"comment_status":"closed","ping_status":"closed","template":"pro\/page-templates\/full-width-page.php","meta":{"inline_featured_image":false,"footnotes":""},"class_list":["post-10363","page","type-page","status-publish","has-post-thumbnail","hentry"],"yoast_head":"<!-- This site is optimized with the Yoast SEO plugin v27.4 - https:\/\/yoast.com\/product\/yoast-seo-wordpress\/ -->\n<title>Uma Educa\u00e7\u00e3o Iluminada - TEST - SMND<\/title>\n<meta name=\"robots\" content=\"noindex, follow, max-snippet:-1, max-image-preview:large, max-video-preview:-1\" \/>\n<meta property=\"og:locale\" content=\"en_US\" \/>\n<meta property=\"og:type\" content=\"article\" \/>\n<meta property=\"og:title\" content=\"Uma Educa\u00e7\u00e3o Iluminada - TEST - SMND\" \/>\n<meta property=\"og:description\" content=\"Uma Educa\u00e7\u00e3o Iluminada Cultivando o Bem-Estar Espiritual As crian\u00e7as precisam de uma educa\u00e7\u00e3o equilibrada, agora mais do que nunca. Essa educa\u00e7\u00e3o n\u00e3o deve apenas promover o crescimento intelectual e emocional, mas tamb\u00e9m cuidar do seu bem-estar espiritual. Quando as crian\u00e7as compreendem suas capacidades e for\u00e7as interiores, elas podem prosperar em qualquer ambiente. Aten\u00e7\u00e3o focada e&hellip; Read more\" \/>\n<meta property=\"og:url\" content=\"https:\/\/shrimataji.org\/test\/pt\/educacao-iluminada\/\" \/>\n<meta property=\"og:site_name\" content=\"TEST - SMND\" \/>\n<meta property=\"article:publisher\" content=\"https:\/\/www.facebook.com\/shrimataji\" \/>\n<meta property=\"article:modified_time\" content=\"2026-01-18T16:52:24+00:00\" \/>\n<meta property=\"og:image\" content=\"https:\/\/shrimataji.org\/test\/wp-content\/uploads\/2018\/07\/media_originals\/images\/headers-general\/students-cheering-in-rajasthan-india.jpg\" \/>\n\t<meta property=\"og:image:width\" content=\"990\" \/>\n\t<meta property=\"og:image:height\" content=\"350\" \/>\n\t<meta property=\"og:image:type\" content=\"image\/jpeg\" \/>\n<meta name=\"twitter:card\" content=\"summary_large_image\" \/>\n<meta name=\"twitter:site\" content=\"@shrimataji\" \/>\n<meta name=\"twitter:label1\" content=\"Est. reading time\" \/>\n\t<meta name=\"twitter:data1\" content=\"3 minutes\" \/>\n<script type=\"application\/ld+json\" class=\"yoast-schema-graph\">{\"@context\":\"https:\\\/\\\/schema.org\",\"@graph\":[{\"@type\":\"WebPage\",\"@id\":\"https:\\\/\\\/shrimataji.org\\\/test\\\/pt\\\/educacao-iluminada\\\/\",\"url\":\"https:\\\/\\\/shrimataji.org\\\/test\\\/pt\\\/educacao-iluminada\\\/\",\"name\":\"Uma Educa\u00e7\u00e3o Iluminada - TEST - SMND\",\"isPartOf\":{\"@id\":\"https:\\\/\\\/shrimataji.org\\\/test\\\/#website\"},\"primaryImageOfPage\":{\"@id\":\"https:\\\/\\\/shrimataji.org\\\/test\\\/pt\\\/educacao-iluminada\\\/#primaryimage\"},\"image\":{\"@id\":\"https:\\\/\\\/shrimataji.org\\\/test\\\/pt\\\/educacao-iluminada\\\/#primaryimage\"},\"thumbnailUrl\":\"https:\\\/\\\/shrimataji.org\\\/test\\\/wp-content\\\/uploads\\\/2018\\\/07\\\/media_originals\\\/images\\\/headers-general\\\/students-cheering-in-rajasthan-india.jpg\",\"datePublished\":\"2018-07-10T06:54:42+00:00\",\"dateModified\":\"2026-01-18T16:52:24+00:00\",\"breadcrumb\":{\"@id\":\"https:\\\/\\\/shrimataji.org\\\/test\\\/pt\\\/educacao-iluminada\\\/#breadcrumb\"},\"inLanguage\":\"en-US\",\"potentialAction\":[{\"@type\":\"ReadAction\",\"target\":[\"https:\\\/\\\/shrimataji.org\\\/test\\\/pt\\\/educacao-iluminada\\\/\"]}]},{\"@type\":\"ImageObject\",\"inLanguage\":\"en-US\",\"@id\":\"https:\\\/\\\/shrimataji.org\\\/test\\\/pt\\\/educacao-iluminada\\\/#primaryimage\",\"url\":\"https:\\\/\\\/shrimataji.org\\\/test\\\/wp-content\\\/uploads\\\/2018\\\/07\\\/media_originals\\\/images\\\/headers-general\\\/students-cheering-in-rajasthan-india.jpg\",\"contentUrl\":\"https:\\\/\\\/shrimataji.org\\\/test\\\/wp-content\\\/uploads\\\/2018\\\/07\\\/media_originals\\\/images\\\/headers-general\\\/students-cheering-in-rajasthan-india.jpg\",\"width\":990,\"height\":350},{\"@type\":\"BreadcrumbList\",\"@id\":\"https:\\\/\\\/shrimataji.org\\\/test\\\/pt\\\/educacao-iluminada\\\/#breadcrumb\",\"itemListElement\":[{\"@type\":\"ListItem\",\"position\":1,\"name\":\"Home\",\"item\":\"https:\\\/\\\/shrimataji.org\\\/test\\\/uk\\\/home-en\\\/\"},{\"@type\":\"ListItem\",\"position\":2,\"name\":\"Uma Educa\u00e7\u00e3o Iluminada\"}]},{\"@type\":\"WebSite\",\"@id\":\"https:\\\/\\\/shrimataji.org\\\/test\\\/#website\",\"url\":\"https:\\\/\\\/shrimataji.org\\\/test\\\/\",\"name\":\"Shri Mataji Nirmala Devi\",\"description\":\"A Life Dedicated to Humanity\",\"publisher\":{\"@id\":\"https:\\\/\\\/shrimataji.org\\\/test\\\/#\\\/schema\\\/person\\\/a1b3419c6585f164aa96da1ff85715d1\"},\"potentialAction\":[{\"@type\":\"SearchAction\",\"target\":{\"@type\":\"EntryPoint\",\"urlTemplate\":\"https:\\\/\\\/shrimataji.org\\\/test\\\/?s={search_term_string}\"},\"query-input\":{\"@type\":\"PropertyValueSpecification\",\"valueRequired\":true,\"valueName\":\"search_term_string\"}}],\"inLanguage\":\"en-US\"},{\"@type\":[\"Person\",\"Organization\"],\"@id\":\"https:\\\/\\\/shrimataji.org\\\/test\\\/#\\\/schema\\\/person\\\/a1b3419c6585f164aa96da1ff85715d1\",\"name\":\"Nirmala Shrivastava\",\"image\":{\"@type\":\"ImageObject\",\"inLanguage\":\"en-US\",\"@id\":\"https:\\\/\\\/shrimataji.org\\\/test\\\/wp-content\\\/uploads\\\/2023\\\/02\\\/SMO_LOGO-03.svg\",\"url\":\"https:\\\/\\\/shrimataji.org\\\/test\\\/wp-content\\\/uploads\\\/2023\\\/02\\\/SMO_LOGO-03.svg\",\"contentUrl\":\"https:\\\/\\\/shrimataji.org\\\/test\\\/wp-content\\\/uploads\\\/2023\\\/02\\\/SMO_LOGO-03.svg\",\"width\":\"1024\",\"height\":\"1024\",\"caption\":\"Nirmala Shrivastava\"},\"logo\":{\"@id\":\"https:\\\/\\\/shrimataji.org\\\/test\\\/wp-content\\\/uploads\\\/2023\\\/02\\\/SMO_LOGO-03.svg\"},\"sameAs\":[\"https:\\\/\\\/shrimataji.org\\\/test\",\"https:\\\/\\\/www.facebook.com\\\/shrimataji\",\"https:\\\/\\\/x.com\\\/shrimataji\",\"https:\\\/\\\/www.youtube.com\\\/@Shri_Mataji_Nirmala_Devi\\\/featured\"]}]}<\/script>\n<!-- \/ Yoast SEO plugin. -->","yoast_head_json":{"title":"Uma Educa\u00e7\u00e3o Iluminada - TEST - SMND","robots":{"index":"noindex","follow":"follow","max-snippet":"max-snippet:-1","max-image-preview":"max-image-preview:large","max-video-preview":"max-video-preview:-1"},"og_locale":"en_US","og_type":"article","og_title":"Uma Educa\u00e7\u00e3o Iluminada - TEST - SMND","og_description":"Uma Educa\u00e7\u00e3o Iluminada Cultivando o Bem-Estar Espiritual As crian\u00e7as precisam de uma educa\u00e7\u00e3o equilibrada, agora mais do que nunca. Essa educa\u00e7\u00e3o n\u00e3o deve apenas promover o crescimento intelectual e emocional, mas tamb\u00e9m cuidar do seu bem-estar espiritual. Quando as crian\u00e7as compreendem suas capacidades e for\u00e7as interiores, elas podem prosperar em qualquer ambiente. Aten\u00e7\u00e3o focada e&hellip; Read more","og_url":"https:\/\/shrimataji.org\/test\/pt\/educacao-iluminada\/","og_site_name":"TEST - SMND","article_publisher":"https:\/\/www.facebook.com\/shrimataji","article_modified_time":"2026-01-18T16:52:24+00:00","og_image":[{"width":990,"height":350,"url":"https:\/\/shrimataji.org\/test\/wp-content\/uploads\/2018\/07\/media_originals\/images\/headers-general\/students-cheering-in-rajasthan-india.jpg","type":"image\/jpeg"}],"twitter_card":"summary_large_image","twitter_site":"@shrimataji","twitter_misc":{"Est. reading time":"3 minutes"},"schema":{"@context":"https:\/\/schema.org","@graph":[{"@type":"WebPage","@id":"https:\/\/shrimataji.org\/test\/pt\/educacao-iluminada\/","url":"https:\/\/shrimataji.org\/test\/pt\/educacao-iluminada\/","name":"Uma Educa\u00e7\u00e3o Iluminada - TEST - SMND","isPartOf":{"@id":"https:\/\/shrimataji.org\/test\/#website"},"primaryImageOfPage":{"@id":"https:\/\/shrimataji.org\/test\/pt\/educacao-iluminada\/#primaryimage"},"image":{"@id":"https:\/\/shrimataji.org\/test\/pt\/educacao-iluminada\/#primaryimage"},"thumbnailUrl":"https:\/\/shrimataji.org\/test\/wp-content\/uploads\/2018\/07\/media_originals\/images\/headers-general\/students-cheering-in-rajasthan-india.jpg","datePublished":"2018-07-10T06:54:42+00:00","dateModified":"2026-01-18T16:52:24+00:00","breadcrumb":{"@id":"https:\/\/shrimataji.org\/test\/pt\/educacao-iluminada\/#breadcrumb"},"inLanguage":"en-US","potentialAction":[{"@type":"ReadAction","target":["https:\/\/shrimataji.org\/test\/pt\/educacao-iluminada\/"]}]},{"@type":"ImageObject","inLanguage":"en-US","@id":"https:\/\/shrimataji.org\/test\/pt\/educacao-iluminada\/#primaryimage","url":"https:\/\/shrimataji.org\/test\/wp-content\/uploads\/2018\/07\/media_originals\/images\/headers-general\/students-cheering-in-rajasthan-india.jpg","contentUrl":"https:\/\/shrimataji.org\/test\/wp-content\/uploads\/2018\/07\/media_originals\/images\/headers-general\/students-cheering-in-rajasthan-india.jpg","width":990,"height":350},{"@type":"BreadcrumbList","@id":"https:\/\/shrimataji.org\/test\/pt\/educacao-iluminada\/#breadcrumb","itemListElement":[{"@type":"ListItem","position":1,"name":"Home","item":"https:\/\/shrimataji.org\/test\/uk\/home-en\/"},{"@type":"ListItem","position":2,"name":"Uma Educa\u00e7\u00e3o Iluminada"}]},{"@type":"WebSite","@id":"https:\/\/shrimataji.org\/test\/#website","url":"https:\/\/shrimataji.org\/test\/","name":"Shri Mataji Nirmala Devi","description":"A Life Dedicated to Humanity","publisher":{"@id":"https:\/\/shrimataji.org\/test\/#\/schema\/person\/a1b3419c6585f164aa96da1ff85715d1"},"potentialAction":[{"@type":"SearchAction","target":{"@type":"EntryPoint","urlTemplate":"https:\/\/shrimataji.org\/test\/?s={search_term_string}"},"query-input":{"@type":"PropertyValueSpecification","valueRequired":true,"valueName":"search_term_string"}}],"inLanguage":"en-US"},{"@type":["Person","Organization"],"@id":"https:\/\/shrimataji.org\/test\/#\/schema\/person\/a1b3419c6585f164aa96da1ff85715d1","name":"Nirmala Shrivastava","image":{"@type":"ImageObject","inLanguage":"en-US","@id":"https:\/\/shrimataji.org\/test\/wp-content\/uploads\/2023\/02\/SMO_LOGO-03.svg","url":"https:\/\/shrimataji.org\/test\/wp-content\/uploads\/2023\/02\/SMO_LOGO-03.svg","contentUrl":"https:\/\/shrimataji.org\/test\/wp-content\/uploads\/2023\/02\/SMO_LOGO-03.svg","width":"1024","height":"1024","caption":"Nirmala Shrivastava"},"logo":{"@id":"https:\/\/shrimataji.org\/test\/wp-content\/uploads\/2023\/02\/SMO_LOGO-03.svg"},"sameAs":["https:\/\/shrimataji.org\/test","https:\/\/www.facebook.com\/shrimataji","https:\/\/x.com\/shrimataji","https:\/\/www.youtube.com\/@Shri_Mataji_Nirmala_Devi\/featured"]}]}},"lang":"pt","translations":{"pt":10363,"ur":37415,"en":398,"am":17986,"th":19923,"hu":19461,"sq":18387,"zh":17284,"hi":8488,"tr":10150,"de":10637,"fr":10735,"it":10833,"es":10930,"ja":11227,"ru":11415,"bn":11607,"te":11715,"sw":11838,"he":11986,"el":12277,"sk":12375,"fa":12473,"fi":12571,"bg":13472,"ro":14544,"cs":14737,"nl":16547,"ku":16707,"ar":16883,"be":18594,"kn":18868,"mr":20287,"uk":20579,"ml":20878,"ta":22702,"sv":22975,"gu":28823,"pa":28981,"fil":29421,"da":37729,"pl":37946,"nn":38281},"pll_sync_post":[],"_links":{"self":[{"href":"https:\/\/shrimataji.org\/test\/wp-json\/wp\/v2\/pages\/10363","targetHints":{"allow":["GET"]}}],"collection":[{"href":"https:\/\/shrimataji.org\/test\/wp-json\/wp\/v2\/pages"}],"about":[{"href":"https:\/\/shrimataji.org\/test\/wp-json\/wp\/v2\/types\/page"}],"author":[{"embeddable":true,"href":"https:\/\/shrimataji.org\/test\/wp-json\/wp\/v2\/users\/18"}],"replies":[{"embeddable":true,"href":"https:\/\/shrimataji.org\/test\/wp-json\/wp\/v2\/comments?post=10363"}],"version-history":[{"count":0,"href":"https:\/\/shrimataji.org\/test\/wp-json\/wp\/v2\/pages\/10363\/revisions"}],"wp:featuredmedia":[{"embeddable":true,"href":"https:\/\/shrimataji.org\/test\/wp-json\/wp\/v2\/media\/104"}],"wp:attachment":[{"href":"https:\/\/shrimataji.org\/test\/wp-json\/wp\/v2\/media?parent=10363"}],"curies":[{"name":"wp","href":"https:\/\/api.w.org\/{rel}","templated":true}]}}