{"id":10365,"date":"2017-09-02T04:00:00","date_gmt":"2017-09-02T04:00:00","guid":{"rendered":"http:\/\/testwordpress.nirmalnagari.org\/smnd\/index.php\/enlightening-encounters\/"},"modified":"2026-01-16T00:52:34","modified_gmt":"2026-01-16T00:52:34","slug":"encontros-iluminadores","status":"publish","type":"page","link":"https:\/\/shrimataji.org\/test\/pt\/encontros-iluminadores\/","title":{"rendered":"Encontros Iluminadores"},"content":{"rendered":"\n\n\t<h1>Encontros Iluminadores<\/h1>\n<h2>Sua Imensur\u00e1vel Empatia e Amor pela Humanidade<\/h2>\n\t<h4>Uma vez, perguntada por um jornalista na Inglaterra, &#8220;Voc\u00ea teve alguma decep\u00e7\u00e3o?&#8221;, Shri Mataji respondeu: &#8220;Eu n\u00e3o tive nem compromissos nem decep\u00e7\u00f5es!&#8221; O riso que se seguiu caracterizou muitas conversas com Shri Mataji, que podiam ser engra\u00e7adas, inusitadas e frequentemente tomarem uma dire\u00e7\u00e3o surpreendente.<\/h4>\n<p>Shri Mataji tinha a capacidade de realizar conex\u00f5es entre t\u00f3picos que a maioria das pessoas nunca teria visto antes, e isso tornava suas palestras e hist\u00f3rias cativantes, encantadoras e memor\u00e1veis. Shri Mataji proferiu milhares de tais palestras, sempre instrutivas e sempre iluminadoras. Seu passaporte extenso tinha quase uma polegada de espessura e trazia o carimbo dos muitos lugares que ela visitou enquanto percorria o mundo com uma inten\u00e7\u00e3o clara: alcan\u00e7ar o maior n\u00famero poss\u00edvel de pessoas e dar a realiza\u00e7\u00e3o do si.<\/p>\n<p>Ela realmente encontrou milhares de pessoas, mas n\u00e3o em uma s\u00e9rie de breves cumprimentos e despedidas. Sintonizando-se com a pessoa \u00e0 sua frente, fosse ela experiente e realizada ou um humilde campon\u00eas, Shri Mataji se aprofundava no ser de cada pessoa, porque, para ela, todos importavam, todos tinham potencial.<\/p>\n<p>Foi esse potencial que inspirou Shri Mataji a fazer seu trabalho. A capacidade de cada pessoa de se tornar o Esp\u00edrito, de se conectar, de alcan\u00e7ar a realiza\u00e7\u00e3o do si. Algumas pessoas reconheceram Shri Mataji, outras simplesmente n\u00e3o A reconheceram. Isso dependia do estado do indiv\u00edduo e de onde ele estava dentro de si mesmo, em vez de quem Ela era. Algumas pessoas a viam, a percebiam, se aproximavam, e outras se afastavam&#8230;<\/p>\n\t<p>E quem foi Shri Mataji? O que foi Shri Mataji?<\/p>\n<p>Shri Mataji foi Uma Guru. E o que \u00e9 um Guru? &#8211; A palavra guru tem um significado muito espec\u00edfico: Gu = ignor\u00e2ncia. Ru = dissipador. Portanto, um Guru deve ser capaz de provocar a remo\u00e7\u00e3o da ignor\u00e2ncia espiritual e da ilus\u00e3o que envolve a condi\u00e7\u00e3o humana.<\/p>\n<p>Para aqueles que se aproximaram, muitos sentiram que Shri Mataji era a verdadeira ess\u00eancia, o pacote completo, o <em data-start=\"113\" data-end=\"125\">axis mundi<\/em>. Uma M\u00e3e Divina. De alguma forma, ela tinha uma habilidade, uma capacidade inata de ajudar as pessoas a trabalhar e resolver seus pr\u00f3prios problemas. Sua magia era como a de um jardineiro amoroso que germina as sementes que resultar\u00e3o no florescimento e na frui\u00e7\u00e3o de um indiv\u00edduo.<\/p>\n\t<h5>&#8220;A sabedoria \u00e9 radiante e imut\u00e1vel<\/h5>\n<h5>E ela \u00e9 facilmente reconhecida por aqueles que a amam,<\/h5>\n<h5>E \u00e9 encontrada por aqueles que a buscam.<\/h5>\n<h5>Ela se apressa para se fazer conhecida por aqueles que a desejam.<\/h5>\n<h5>&#8230; Ela anda \u00e0 procura daqueles que s\u00e3o dignos dela,<\/h5>\n<h5>E ela graciosamente aparece para eles em seus caminhos.&#8221;<\/h5>\n<h5>A sabedoria de Salom\u00e3o, cap\u00edtulo 6, vers\u00edculos 12-17<\/h5>\n\t<p>No entanto, sua mensagem era firme: &#8220;Torne-se seu pr\u00f3prio Guru, torne-se o Esp\u00edrito&#8221;, e isso \u00e0s vezes se revelava um pouco mais dif\u00edcil. Exigia determina\u00e7\u00e3o e disciplina.<\/p>\n<p>Uma aten\u00e7\u00e3o fraca e dispersa, confus\u00e3o, pregui\u00e7a, baixa autoestima e in\u00fameros outros problemas dificultariam a capacidade e a determina\u00e7\u00e3o de cada indiv\u00edduo para trabalhar em si mesmo, cuidar de si mesmo e realizar seu potencial completamente.<\/p>\n<p>Neste processo, como Guru, Shri Mataji podia ser feroz como um tigre, impressionante de se ver, e, ainda assim, como m\u00e3e, Ela podia ser suave, paciente, uma consoladora. De maneira maternal, Ela se esfor\u00e7ava para inspirar e elevar os indiv\u00edduos; mesmo quando os via trope\u00e7ar, estava pronta para estender a m\u00e3o e orient\u00e1-los novamente em seu caminho. <\/p>\n<p>Quando voc\u00ea estava sob sua aten\u00e7\u00e3o, sentia como se estivesse nas m\u00e3os da pr\u00f3pria evolu\u00e7\u00e3o. Seu sorriso agia para confortar e redimir. Sua voz oferecia consolo e aconselhamento. A escolha sempre permanecia no cora\u00e7\u00e3o do indiv\u00edduo, se ele decidiria ou n\u00e3o ouvir suas palavras. Com diferentes n\u00edveis de compreens\u00e3o, todos vivenciaram Shri Mataji de maneira \u00fanica.<\/p>\n\t<p>Sua delicadeza ao lidar com as pessoas era imensa. Com uma precis\u00e3o afiada como uma l\u00e2mina, Ela podia rapidamente sintonizar uma situa\u00e7\u00e3o e Sua aten\u00e7\u00e3o penetrava para ouvir o que estava sendo dito e tamb\u00e9m o que n\u00e3o estava sendo dito.<\/p>\n\t<p>Sua risada era contagiante, Seu poder de testemunhar era impressionante, e Seu prazer pelos altos e baixos da vida era libertador. As recorda\u00e7\u00f5es das pessoas sobre Shri Mataji ecoam sempre o mesmo sentimento: um senso de privil\u00e9gio, boa sorte ou sorte divina por, de alguma forma, terem cruzado com o caminho de Shri Mataji e com seus ensinamentos.<\/p>\n<p>A mensagem de vis\u00e3o e sabedoria de Shri Mataji permanece constantemente a mesma, como ela disse:<\/p>\n<p>&#8220;Eu Me inclino a todos os buscadores da verdade&#8221;<br data-start=\"46\" data-end=\"49\" \/>&#8220;Voc\u00ea \u00e9 o Esp\u00edrito&#8221;<br data-start=\"68\" data-end=\"71\" \/>&#8220;Dentro de voc\u00ea reside um poder&#8221;<br data-start=\"103\" data-end=\"106\" \/>&#8220;Torne-se seu pr\u00f3prio guru&#8221;<br data-start=\"133\" data-end=\"136\" \/>&#8220;Divirta-se!&#8221;<br data-start=\"149\" data-end=\"152\" \/>&#8220;Voc\u00ea pode alcan\u00e7ar sua Realiza\u00e7\u00e3o do Si. Voc\u00ea pode sentir uma brisa fresca nas palmas das suas m\u00e3os e acima da sua cabe\u00e7a.&#8221;<\/p>\n<p>A mensagem essencial nunca mudou. A \u00fanica pergunta era: quantos ouviriam a mensagem e aproveitariam a oportunidade de descobrir seu verdadeiro si?<\/p>\n<p>O legado de Shri Mataji permanece naqueles que ouviram sua mensagem, acolheram seu presente no cora\u00e7\u00e3o e desfrutam e divulgam a Sahaja Yoga.<\/p>\n<p>Sua ess\u00eancia \u00e9 sentida na brisa fresca em nossas m\u00e3os e acima de nossas cabe\u00e7as. Sua gra\u00e7a suaviza gentilmente nossos cora\u00e7\u00f5es, e o amor divino ecoa atrav\u00e9s de nosso ser.<\/p>\n\n","protected":false},"excerpt":{"rendered":"<p>Encontros Iluminadores Sua Imensur\u00e1vel Empatia e Amor pela Humanidade Uma vez, perguntada por um jornalista na Inglaterra, &#8220;Voc\u00ea teve alguma decep\u00e7\u00e3o?&#8221;, Shri Mataji respondeu: &#8220;Eu n\u00e3o tive nem compromissos nem decep\u00e7\u00f5es!&#8221; O riso que se seguiu caracterizou muitas conversas com Shri Mataji, que podiam ser engra\u00e7adas, inusitadas e frequentemente tomarem uma dire\u00e7\u00e3o surpreendente. Shri Mataji&hellip; <br \/> <a class=\"read-more\" href=\"https:\/\/shrimataji.org\/test\/pt\/encontros-iluminadores\/\">Read more<\/a><\/p>\n","protected":false},"author":18,"featured_media":159,"parent":0,"menu_order":0,"comment_status":"closed","ping_status":"closed","template":"","meta":{"inline_featured_image":false,"footnotes":""},"class_list":["post-10365","page","type-page","status-publish","has-post-thumbnail","hentry"],"yoast_head":"<!-- This site is optimized with the Yoast SEO plugin v27.4 - https:\/\/yoast.com\/product\/yoast-seo-wordpress\/ -->\n<title>Encontros Iluminadores - TEST - SMND<\/title>\n<meta name=\"robots\" content=\"noindex, follow, max-snippet:-1, max-image-preview:large, max-video-preview:-1\" \/>\n<meta property=\"og:locale\" content=\"en_US\" \/>\n<meta property=\"og:type\" content=\"article\" \/>\n<meta property=\"og:title\" content=\"Encontros Iluminadores - TEST - SMND\" \/>\n<meta property=\"og:description\" content=\"Encontros Iluminadores Sua Imensur\u00e1vel Empatia e Amor pela Humanidade Uma vez, perguntada por um jornalista na Inglaterra, &#8220;Voc\u00ea teve alguma decep\u00e7\u00e3o?&#8221;, Shri Mataji respondeu: &#8220;Eu n\u00e3o tive nem compromissos nem decep\u00e7\u00f5es!&#8221; O riso que se seguiu caracterizou muitas conversas com Shri Mataji, que podiam ser engra\u00e7adas, inusitadas e frequentemente tomarem uma dire\u00e7\u00e3o surpreendente. Shri Mataji&hellip; Read more\" \/>\n<meta property=\"og:url\" content=\"https:\/\/shrimataji.org\/test\/pt\/encontros-iluminadores\/\" \/>\n<meta property=\"og:site_name\" content=\"TEST - SMND\" \/>\n<meta property=\"article:publisher\" content=\"https:\/\/www.facebook.com\/shrimataji\" \/>\n<meta property=\"article:modified_time\" content=\"2026-01-16T00:52:34+00:00\" \/>\n<meta property=\"og:image\" content=\"https:\/\/shrimataji.org\/test\/wp-content\/uploads\/2018\/07\/media_originals\/images\/headers-people\/shri-mataji-nirmala-devi-with-village-people-in-india.jpg\" \/>\n\t<meta property=\"og:image:width\" content=\"990\" \/>\n\t<meta property=\"og:image:height\" content=\"350\" \/>\n\t<meta property=\"og:image:type\" content=\"image\/jpeg\" \/>\n<meta name=\"twitter:card\" content=\"summary_large_image\" \/>\n<meta name=\"twitter:site\" content=\"@shrimataji\" \/>\n<script type=\"application\/ld+json\" class=\"yoast-schema-graph\">{\"@context\":\"https:\\\/\\\/schema.org\",\"@graph\":[{\"@type\":\"WebPage\",\"@id\":\"https:\\\/\\\/shrimataji.org\\\/test\\\/pt\\\/encontros-iluminadores\\\/\",\"url\":\"https:\\\/\\\/shrimataji.org\\\/test\\\/pt\\\/encontros-iluminadores\\\/\",\"name\":\"Encontros Iluminadores - TEST - SMND\",\"isPartOf\":{\"@id\":\"https:\\\/\\\/shrimataji.org\\\/test\\\/#website\"},\"primaryImageOfPage\":{\"@id\":\"https:\\\/\\\/shrimataji.org\\\/test\\\/pt\\\/encontros-iluminadores\\\/#primaryimage\"},\"image\":{\"@id\":\"https:\\\/\\\/shrimataji.org\\\/test\\\/pt\\\/encontros-iluminadores\\\/#primaryimage\"},\"thumbnailUrl\":\"https:\\\/\\\/shrimataji.org\\\/test\\\/wp-content\\\/uploads\\\/2018\\\/07\\\/media_originals\\\/images\\\/headers-people\\\/shri-mataji-nirmala-devi-with-village-people-in-india.jpg\",\"datePublished\":\"2017-09-02T04:00:00+00:00\",\"dateModified\":\"2026-01-16T00:52:34+00:00\",\"breadcrumb\":{\"@id\":\"https:\\\/\\\/shrimataji.org\\\/test\\\/pt\\\/encontros-iluminadores\\\/#breadcrumb\"},\"inLanguage\":\"en-US\",\"potentialAction\":[{\"@type\":\"ReadAction\",\"target\":[\"https:\\\/\\\/shrimataji.org\\\/test\\\/pt\\\/encontros-iluminadores\\\/\"]}]},{\"@type\":\"ImageObject\",\"inLanguage\":\"en-US\",\"@id\":\"https:\\\/\\\/shrimataji.org\\\/test\\\/pt\\\/encontros-iluminadores\\\/#primaryimage\",\"url\":\"https:\\\/\\\/shrimataji.org\\\/test\\\/wp-content\\\/uploads\\\/2018\\\/07\\\/media_originals\\\/images\\\/headers-people\\\/shri-mataji-nirmala-devi-with-village-people-in-india.jpg\",\"contentUrl\":\"https:\\\/\\\/shrimataji.org\\\/test\\\/wp-content\\\/uploads\\\/2018\\\/07\\\/media_originals\\\/images\\\/headers-people\\\/shri-mataji-nirmala-devi-with-village-people-in-india.jpg\",\"width\":990,\"height\":350},{\"@type\":\"BreadcrumbList\",\"@id\":\"https:\\\/\\\/shrimataji.org\\\/test\\\/pt\\\/encontros-iluminadores\\\/#breadcrumb\",\"itemListElement\":[{\"@type\":\"ListItem\",\"position\":1,\"name\":\"Home\",\"item\":\"https:\\\/\\\/shrimataji.org\\\/test\\\/uk\\\/home-en\\\/\"},{\"@type\":\"ListItem\",\"position\":2,\"name\":\"Encontros Iluminadores\"}]},{\"@type\":\"WebSite\",\"@id\":\"https:\\\/\\\/shrimataji.org\\\/test\\\/#website\",\"url\":\"https:\\\/\\\/shrimataji.org\\\/test\\\/\",\"name\":\"Shri Mataji Nirmala Devi\",\"description\":\"A Life Dedicated to Humanity\",\"publisher\":{\"@id\":\"https:\\\/\\\/shrimataji.org\\\/test\\\/#\\\/schema\\\/person\\\/a1b3419c6585f164aa96da1ff85715d1\"},\"potentialAction\":[{\"@type\":\"SearchAction\",\"target\":{\"@type\":\"EntryPoint\",\"urlTemplate\":\"https:\\\/\\\/shrimataji.org\\\/test\\\/?s={search_term_string}\"},\"query-input\":{\"@type\":\"PropertyValueSpecification\",\"valueRequired\":true,\"valueName\":\"search_term_string\"}}],\"inLanguage\":\"en-US\"},{\"@type\":[\"Person\",\"Organization\"],\"@id\":\"https:\\\/\\\/shrimataji.org\\\/test\\\/#\\\/schema\\\/person\\\/a1b3419c6585f164aa96da1ff85715d1\",\"name\":\"Nirmala Shrivastava\",\"image\":{\"@type\":\"ImageObject\",\"inLanguage\":\"en-US\",\"@id\":\"https:\\\/\\\/shrimataji.org\\\/test\\\/wp-content\\\/uploads\\\/2023\\\/02\\\/SMO_LOGO-03.svg\",\"url\":\"https:\\\/\\\/shrimataji.org\\\/test\\\/wp-content\\\/uploads\\\/2023\\\/02\\\/SMO_LOGO-03.svg\",\"contentUrl\":\"https:\\\/\\\/shrimataji.org\\\/test\\\/wp-content\\\/uploads\\\/2023\\\/02\\\/SMO_LOGO-03.svg\",\"width\":\"1024\",\"height\":\"1024\",\"caption\":\"Nirmala Shrivastava\"},\"logo\":{\"@id\":\"https:\\\/\\\/shrimataji.org\\\/test\\\/wp-content\\\/uploads\\\/2023\\\/02\\\/SMO_LOGO-03.svg\"},\"sameAs\":[\"https:\\\/\\\/shrimataji.org\\\/test\",\"https:\\\/\\\/www.facebook.com\\\/shrimataji\",\"https:\\\/\\\/x.com\\\/shrimataji\",\"https:\\\/\\\/www.youtube.com\\\/@Shri_Mataji_Nirmala_Devi\\\/featured\"]}]}<\/script>\n<!-- \/ Yoast SEO plugin. -->","yoast_head_json":{"title":"Encontros Iluminadores - TEST - SMND","robots":{"index":"noindex","follow":"follow","max-snippet":"max-snippet:-1","max-image-preview":"max-image-preview:large","max-video-preview":"max-video-preview:-1"},"og_locale":"en_US","og_type":"article","og_title":"Encontros Iluminadores - TEST - SMND","og_description":"Encontros Iluminadores Sua Imensur\u00e1vel Empatia e Amor pela Humanidade Uma vez, perguntada por um jornalista na Inglaterra, &#8220;Voc\u00ea teve alguma decep\u00e7\u00e3o?&#8221;, Shri Mataji respondeu: &#8220;Eu n\u00e3o tive nem compromissos nem decep\u00e7\u00f5es!&#8221; O riso que se seguiu caracterizou muitas conversas com Shri Mataji, que podiam ser engra\u00e7adas, inusitadas e frequentemente tomarem uma dire\u00e7\u00e3o surpreendente. Shri Mataji&hellip; Read more","og_url":"https:\/\/shrimataji.org\/test\/pt\/encontros-iluminadores\/","og_site_name":"TEST - SMND","article_publisher":"https:\/\/www.facebook.com\/shrimataji","article_modified_time":"2026-01-16T00:52:34+00:00","og_image":[{"width":990,"height":350,"url":"https:\/\/shrimataji.org\/test\/wp-content\/uploads\/2018\/07\/media_originals\/images\/headers-people\/shri-mataji-nirmala-devi-with-village-people-in-india.jpg","type":"image\/jpeg"}],"twitter_card":"summary_large_image","twitter_site":"@shrimataji","schema":{"@context":"https:\/\/schema.org","@graph":[{"@type":"WebPage","@id":"https:\/\/shrimataji.org\/test\/pt\/encontros-iluminadores\/","url":"https:\/\/shrimataji.org\/test\/pt\/encontros-iluminadores\/","name":"Encontros Iluminadores - TEST - SMND","isPartOf":{"@id":"https:\/\/shrimataji.org\/test\/#website"},"primaryImageOfPage":{"@id":"https:\/\/shrimataji.org\/test\/pt\/encontros-iluminadores\/#primaryimage"},"image":{"@id":"https:\/\/shrimataji.org\/test\/pt\/encontros-iluminadores\/#primaryimage"},"thumbnailUrl":"https:\/\/shrimataji.org\/test\/wp-content\/uploads\/2018\/07\/media_originals\/images\/headers-people\/shri-mataji-nirmala-devi-with-village-people-in-india.jpg","datePublished":"2017-09-02T04:00:00+00:00","dateModified":"2026-01-16T00:52:34+00:00","breadcrumb":{"@id":"https:\/\/shrimataji.org\/test\/pt\/encontros-iluminadores\/#breadcrumb"},"inLanguage":"en-US","potentialAction":[{"@type":"ReadAction","target":["https:\/\/shrimataji.org\/test\/pt\/encontros-iluminadores\/"]}]},{"@type":"ImageObject","inLanguage":"en-US","@id":"https:\/\/shrimataji.org\/test\/pt\/encontros-iluminadores\/#primaryimage","url":"https:\/\/shrimataji.org\/test\/wp-content\/uploads\/2018\/07\/media_originals\/images\/headers-people\/shri-mataji-nirmala-devi-with-village-people-in-india.jpg","contentUrl":"https:\/\/shrimataji.org\/test\/wp-content\/uploads\/2018\/07\/media_originals\/images\/headers-people\/shri-mataji-nirmala-devi-with-village-people-in-india.jpg","width":990,"height":350},{"@type":"BreadcrumbList","@id":"https:\/\/shrimataji.org\/test\/pt\/encontros-iluminadores\/#breadcrumb","itemListElement":[{"@type":"ListItem","position":1,"name":"Home","item":"https:\/\/shrimataji.org\/test\/uk\/home-en\/"},{"@type":"ListItem","position":2,"name":"Encontros Iluminadores"}]},{"@type":"WebSite","@id":"https:\/\/shrimataji.org\/test\/#website","url":"https:\/\/shrimataji.org\/test\/","name":"Shri Mataji Nirmala Devi","description":"A Life Dedicated to Humanity","publisher":{"@id":"https:\/\/shrimataji.org\/test\/#\/schema\/person\/a1b3419c6585f164aa96da1ff85715d1"},"potentialAction":[{"@type":"SearchAction","target":{"@type":"EntryPoint","urlTemplate":"https:\/\/shrimataji.org\/test\/?s={search_term_string}"},"query-input":{"@type":"PropertyValueSpecification","valueRequired":true,"valueName":"search_term_string"}}],"inLanguage":"en-US"},{"@type":["Person","Organization"],"@id":"https:\/\/shrimataji.org\/test\/#\/schema\/person\/a1b3419c6585f164aa96da1ff85715d1","name":"Nirmala Shrivastava","image":{"@type":"ImageObject","inLanguage":"en-US","@id":"https:\/\/shrimataji.org\/test\/wp-content\/uploads\/2023\/02\/SMO_LOGO-03.svg","url":"https:\/\/shrimataji.org\/test\/wp-content\/uploads\/2023\/02\/SMO_LOGO-03.svg","contentUrl":"https:\/\/shrimataji.org\/test\/wp-content\/uploads\/2023\/02\/SMO_LOGO-03.svg","width":"1024","height":"1024","caption":"Nirmala Shrivastava"},"logo":{"@id":"https:\/\/shrimataji.org\/test\/wp-content\/uploads\/2023\/02\/SMO_LOGO-03.svg"},"sameAs":["https:\/\/shrimataji.org\/test","https:\/\/www.facebook.com\/shrimataji","https:\/\/x.com\/shrimataji","https:\/\/www.youtube.com\/@Shri_Mataji_Nirmala_Devi\/featured"]}]}},"lang":"pt","translations":{"pt":10365,"ur":37419,"en":435,"am":17990,"th":19929,"hu":19465,"sq":18391,"zh":17288,"tr":10152,"de":10639,"fr":10737,"it":10835,"es":10932,"ja":11229,"ru":11417,"bn":11609,"te":11717,"sw":11840,"he":11988,"el":12279,"sk":12377,"fa":12475,"fi":12573,"bg":13485,"ro":14560,"cs":14753,"nl":16551,"ku":16711,"ar":16887,"be":18598,"kn":18872,"mr":20293,"uk":20585,"ml":20884,"ta":22706,"sv":22979,"gu":28827,"pa":28985,"fil":29425,"da":37733,"pl":37950,"nn":38285},"pll_sync_post":[],"_links":{"self":[{"href":"https:\/\/shrimataji.org\/test\/wp-json\/wp\/v2\/pages\/10365","targetHints":{"allow":["GET"]}}],"collection":[{"href":"https:\/\/shrimataji.org\/test\/wp-json\/wp\/v2\/pages"}],"about":[{"href":"https:\/\/shrimataji.org\/test\/wp-json\/wp\/v2\/types\/page"}],"author":[{"embeddable":true,"href":"https:\/\/shrimataji.org\/test\/wp-json\/wp\/v2\/users\/18"}],"replies":[{"embeddable":true,"href":"https:\/\/shrimataji.org\/test\/wp-json\/wp\/v2\/comments?post=10365"}],"version-history":[{"count":0,"href":"https:\/\/shrimataji.org\/test\/wp-json\/wp\/v2\/pages\/10365\/revisions"}],"wp:featuredmedia":[{"embeddable":true,"href":"https:\/\/shrimataji.org\/test\/wp-json\/wp\/v2\/media\/159"}],"wp:attachment":[{"href":"https:\/\/shrimataji.org\/test\/wp-json\/wp\/v2\/media?parent=10365"}],"curies":[{"name":"wp","href":"https:\/\/api.w.org\/{rel}","templated":true}]}}