{"id":10366,"date":"2022-01-29T09:41:42","date_gmt":"2022-01-29T09:41:42","guid":{"rendered":"https:\/\/test.shrimataji.org\/?page_id=6385"},"modified":"2026-01-16T00:54:38","modified_gmt":"2026-01-16T00:54:38","slug":"estabelecendo-equilibrio","status":"publish","type":"page","link":"https:\/\/shrimataji.org\/test\/pt\/estabelecendo-equilibrio\/","title":{"rendered":"Estabelecendo o Equil\u00edbrio"},"content":{"rendered":"\n\n\t<h1>Estabelecendo o Equil\u00edbrio<\/h1>\n<h2>O Yin e Yang da Vida<\/h2>\n<div class=\"su-quote su-quote-style-default\"><div class=\"su-quote-inner su-u-clearfix su-u-trim\"> Agora, esse problema ecol\u00f3gico pode ser resolvido assim que os seres humanos se transformarem e desenvolverem seus equil\u00edbrios. Porque estamos desequilibrados, \u00e9 por isso que a natureza entrou em desequil\u00edbrio. <\/div><\/div>\n<p>O mundo acelerado de hoje apresenta muitos desafios para uma exist\u00eancia pac\u00edfica, tanto dentro de n\u00f3s mesmos como indiv\u00edduos, quanto como parte de uma sociedade global confrontada com problemas globais. A mudan\u00e7a clim\u00e1tica, os desequil\u00edbrios econ\u00f4micos e sociais s\u00e3o todos sintomas de um profundo conflito em nossa consci\u00eancia humana, que n\u00e3o podemos equilibrar apenas buscando solu\u00e7\u00f5es externas. Sem conhecer o verdadeiro significado de nossa exist\u00eancia, paradoxalmente continuamos a procurar solu\u00e7\u00f5es externas para os problemas, sem olhar profundamente para dentro de n\u00f3s mesmos. Se conseguirmos nos conectar \u00e0 nossa natureza inata, podemos acessar a fonte que fornecer\u00e1 as solu\u00e7\u00f5es.<\/p>\n<h4>Para encontrar nosso caminho central, precisamos estar cientes do nosso pr\u00f3prio equil\u00edbrio sutil interior. Os arqu\u00e9tipos femininos (yin) e masculinos (yang) moldam nossa personalidade e se expressam na natureza de nossas emo\u00e7\u00f5es, desejos e a\u00e7\u00f5es, que influenciam o equil\u00edbrio sutil da energia em nossos canais esquerdo e direito. Tend\u00eancias excessivas em nosso estilo de vida sobrecarregam esse equil\u00edbrio natural e experimentamos problemas f\u00edsicos, mentais e emocionais.<\/h4>\n<p>A medita\u00e7\u00e3o da Sahaja Yoga nos introduz a um novo estado de consci\u00eancia sem pensamentos. No estado de sil\u00eancio profundo, encontramos o caminho certo para n\u00f3s mesmos, para nossos semelhantes e para nossa sociedade, e tudo se desenrola espontaneamente, revelando um mundo totalmente novo al\u00e9m da nossa imagina\u00e7\u00e3o.<\/p>\n<h5>&#8220;N\u00f3s apenas refletimos o mundo. Todas as tend\u00eancias presentes no mundo exterior podem ser encontradas no mundo do nosso corpo. Se pudermos mudar a n\u00f3s mesmos, as tend\u00eancias no mundo tamb\u00e9m mudar\u00e3o. \u00c0 medida que um homem muda sua pr\u00f3pria natureza, a atitude do mundo em rela\u00e7\u00e3o a ele tamb\u00e9m muda. Esse \u00e9 o mist\u00e9rio divino supremo. Uma coisa maravilhosa, que \u00e9 a fonte da nossa felicidade. N\u00e3o precisamos esperar para ver o que os outros v\u00e3o fazer.&#8221;<\/h5>\n<h5>Mahatma Gandhi<\/h5>\n<p>Sahaja Yoga meditation offers us a unique moment to deepen our spiritual experience in a realm beyond our mind. It&#8217;s a peaceful time when we can truly distance ourselves from the clutter of thinking. Thinking about what is going to happen, or what has already happened. Thoughtless awareness allows us to focus on the present moment, which is essential to deal peacefully with any situation in life.<\/p>\n<div class=\"epyt-video-wrapper\"><div  data-ep-a=\"fadeIn\"  style=\"display: block; margin: 0px auto;\"  id=\"_ytid_19856\"  width=\"3840\" height=\"2160\"  data-origwidth=\"3840\" data-origheight=\"2160\" data-facadesrc=\"https:\/\/www.youtube.com\/embed\/vM4CGusCUAk?enablejsapi=1&autoplay=0&cc_load_policy=0&cc_lang_pref=&iv_load_policy=1&loop=0&rel=0&fs=1&playsinline=1&autohide=2&theme=dark&color=red&controls=1&disablekb=0&\" class=\"__youtube_prefs__ epyt-facade  no-lazyload\" data-epautoplay=\"1\" ><img decoding=\"async\" data-spai-excluded=\"true\" class=\"epyt-facade-poster skip-lazy\" loading=\"lazy\"  alt=\"YouTube player\"  src=\"https:\/\/i.ytimg.com\/vi\/vM4CGusCUAk\/maxresdefault.jpg\"  \/><button class=\"epyt-facade-play\" aria-label=\"Play\"><svg data-no-lazy=\"1\" height=\"100%\" version=\"1.1\" viewBox=\"0 0 68 48\" width=\"100%\"><path class=\"ytp-large-play-button-bg\" d=\"M66.52,7.74c-0.78-2.93-2.49-5.41-5.42-6.19C55.79,.13,34,0,34,0S12.21,.13,6.9,1.55 C3.97,2.33,2.27,4.81,1.48,7.74C0.06,13.05,0,24,0,24s0.06,10.95,1.48,16.26c0.78,2.93,2.49,5.41,5.42,6.19 C12.21,47.87,34,48,34,48s21.79-0.13,27.1-1.55c2.93-0.78,4.64-3.26,5.42-6.19C67.94,34.95,68,24,68,24S67.94,13.05,66.52,7.74z\" fill=\"#f00\"><\/path><path d=\"M 45,24 27,14 27,34\" fill=\"#fff\"><\/path><\/svg><\/button><\/div><\/div><span itemprop=\"video\" itemscope itemtype=\"http:\/\/schema.org\/VideoObject\"><meta itemprop=\"embedUrl\" content=\"https:\/\/www.youtube.com\/embed\/vM4CGusCUAk\"><meta itemprop=\"name\" content=\"Establishing balance\"><meta itemprop=\"description\" content=\"YouTube video\"><meta itemprop=\"thumbnailUrl\" content=\"https:\/\/i.ytimg.com\/vi\/vM4CGusCUAk\/0.jpg\"><meta itemprop=\"duration\" content=\"PT2M40S\"><meta itemprop=\"uploadDate\" content=\"2022-11-12T03:29:52Z\"><\/span>\n\t<div class=\"su-quote su-quote-style-default\"><div class=\"su-quote-inner su-u-clearfix su-u-trim\">\n<p>Estabele\u00e7am-se, equilibrem-se e cres\u00e7am. Tornem-se pessoas grandiosas.<\/p>\n<\/div><\/div>\n\n","protected":false},"excerpt":{"rendered":"<p>Estabelecendo o Equil\u00edbrio O Yin e Yang da Vida O mundo acelerado de hoje apresenta muitos desafios para uma exist\u00eancia pac\u00edfica, tanto dentro de n\u00f3s mesmos como indiv\u00edduos, quanto como parte de uma sociedade global confrontada com problemas globais. A mudan\u00e7a clim\u00e1tica, os desequil\u00edbrios econ\u00f4micos e sociais s\u00e3o todos sintomas de um profundo conflito em&hellip; <br \/> <a class=\"read-more\" href=\"https:\/\/shrimataji.org\/test\/pt\/estabelecendo-equilibrio\/\">Read more<\/a><\/p>\n","protected":false},"author":18,"featured_media":9260,"parent":0,"menu_order":0,"comment_status":"closed","ping_status":"closed","template":"","meta":{"inline_featured_image":false,"footnotes":""},"class_list":["post-10366","page","type-page","status-publish","has-post-thumbnail","hentry"],"yoast_head":"<!-- This site is optimized with the Yoast SEO plugin v27.4 - https:\/\/yoast.com\/product\/yoast-seo-wordpress\/ -->\n<title>Estabelecendo o Equil\u00edbrio - TEST - SMND<\/title>\n<meta name=\"robots\" content=\"noindex, follow, max-snippet:-1, max-image-preview:large, max-video-preview:-1\" \/>\n<meta property=\"og:locale\" content=\"en_US\" \/>\n<meta property=\"og:type\" content=\"article\" \/>\n<meta property=\"og:title\" content=\"Estabelecendo o Equil\u00edbrio - TEST - SMND\" \/>\n<meta property=\"og:description\" content=\"Estabelecendo o Equil\u00edbrio O Yin e Yang da Vida O mundo acelerado de hoje apresenta muitos desafios para uma exist\u00eancia pac\u00edfica, tanto dentro de n\u00f3s mesmos como indiv\u00edduos, quanto como parte de uma sociedade global confrontada com problemas globais. A mudan\u00e7a clim\u00e1tica, os desequil\u00edbrios econ\u00f4micos e sociais s\u00e3o todos sintomas de um profundo conflito em&hellip; Read more\" \/>\n<meta property=\"og:url\" content=\"https:\/\/shrimataji.org\/test\/pt\/estabelecendo-equilibrio\/\" \/>\n<meta property=\"og:site_name\" content=\"TEST - SMND\" \/>\n<meta property=\"article:publisher\" content=\"https:\/\/www.facebook.com\/shrimataji\" \/>\n<meta property=\"article:modified_time\" content=\"2026-01-16T00:54:38+00:00\" \/>\n<meta property=\"og:image\" content=\"https:\/\/shrimataji.org\/test\/wp-content\/uploads\/2023\/03\/25_Banner-SY-Balance-scaled.jpg\" \/>\n\t<meta property=\"og:image:width\" content=\"2560\" \/>\n\t<meta property=\"og:image:height\" content=\"905\" \/>\n\t<meta property=\"og:image:type\" content=\"image\/jpeg\" \/>\n<meta name=\"twitter:card\" content=\"summary_large_image\" \/>\n<meta name=\"twitter:site\" content=\"@shrimataji\" \/>\n<meta name=\"twitter:label1\" content=\"Est. reading time\" \/>\n\t<meta name=\"twitter:data1\" content=\"2 minutes\" \/>\n<script type=\"application\/ld+json\" class=\"yoast-schema-graph\">{\"@context\":\"https:\\\/\\\/schema.org\",\"@graph\":[{\"@type\":\"WebPage\",\"@id\":\"https:\\\/\\\/shrimataji.org\\\/test\\\/pt\\\/estabelecendo-equilibrio\\\/\",\"url\":\"https:\\\/\\\/shrimataji.org\\\/test\\\/pt\\\/estabelecendo-equilibrio\\\/\",\"name\":\"Estabelecendo o Equil\u00edbrio - TEST - SMND\",\"isPartOf\":{\"@id\":\"https:\\\/\\\/shrimataji.org\\\/test\\\/#website\"},\"primaryImageOfPage\":{\"@id\":\"https:\\\/\\\/shrimataji.org\\\/test\\\/pt\\\/estabelecendo-equilibrio\\\/#primaryimage\"},\"image\":{\"@id\":\"https:\\\/\\\/shrimataji.org\\\/test\\\/pt\\\/estabelecendo-equilibrio\\\/#primaryimage\"},\"thumbnailUrl\":\"https:\\\/\\\/shrimataji.org\\\/test\\\/wp-content\\\/uploads\\\/2023\\\/03\\\/25_Banner-SY-Balance-scaled.jpg\",\"datePublished\":\"2022-01-29T09:41:42+00:00\",\"dateModified\":\"2026-01-16T00:54:38+00:00\",\"breadcrumb\":{\"@id\":\"https:\\\/\\\/shrimataji.org\\\/test\\\/pt\\\/estabelecendo-equilibrio\\\/#breadcrumb\"},\"inLanguage\":\"en-US\",\"potentialAction\":[{\"@type\":\"ReadAction\",\"target\":[\"https:\\\/\\\/shrimataji.org\\\/test\\\/pt\\\/estabelecendo-equilibrio\\\/\"]}]},{\"@type\":\"ImageObject\",\"inLanguage\":\"en-US\",\"@id\":\"https:\\\/\\\/shrimataji.org\\\/test\\\/pt\\\/estabelecendo-equilibrio\\\/#primaryimage\",\"url\":\"https:\\\/\\\/shrimataji.org\\\/test\\\/wp-content\\\/uploads\\\/2023\\\/03\\\/25_Banner-SY-Balance-scaled.jpg\",\"contentUrl\":\"https:\\\/\\\/shrimataji.org\\\/test\\\/wp-content\\\/uploads\\\/2023\\\/03\\\/25_Banner-SY-Balance-scaled.jpg\",\"width\":2560,\"height\":905},{\"@type\":\"BreadcrumbList\",\"@id\":\"https:\\\/\\\/shrimataji.org\\\/test\\\/pt\\\/estabelecendo-equilibrio\\\/#breadcrumb\",\"itemListElement\":[{\"@type\":\"ListItem\",\"position\":1,\"name\":\"Home\",\"item\":\"https:\\\/\\\/shrimataji.org\\\/test\\\/uk\\\/home-en\\\/\"},{\"@type\":\"ListItem\",\"position\":2,\"name\":\"Estabelecendo o Equil\u00edbrio\"}]},{\"@type\":\"WebSite\",\"@id\":\"https:\\\/\\\/shrimataji.org\\\/test\\\/#website\",\"url\":\"https:\\\/\\\/shrimataji.org\\\/test\\\/\",\"name\":\"Shri Mataji Nirmala Devi\",\"description\":\"A Life Dedicated to Humanity\",\"publisher\":{\"@id\":\"https:\\\/\\\/shrimataji.org\\\/test\\\/#\\\/schema\\\/person\\\/a1b3419c6585f164aa96da1ff85715d1\"},\"potentialAction\":[{\"@type\":\"SearchAction\",\"target\":{\"@type\":\"EntryPoint\",\"urlTemplate\":\"https:\\\/\\\/shrimataji.org\\\/test\\\/?s={search_term_string}\"},\"query-input\":{\"@type\":\"PropertyValueSpecification\",\"valueRequired\":true,\"valueName\":\"search_term_string\"}}],\"inLanguage\":\"en-US\"},{\"@type\":[\"Person\",\"Organization\"],\"@id\":\"https:\\\/\\\/shrimataji.org\\\/test\\\/#\\\/schema\\\/person\\\/a1b3419c6585f164aa96da1ff85715d1\",\"name\":\"Nirmala Shrivastava\",\"image\":{\"@type\":\"ImageObject\",\"inLanguage\":\"en-US\",\"@id\":\"https:\\\/\\\/shrimataji.org\\\/test\\\/wp-content\\\/uploads\\\/2023\\\/02\\\/SMO_LOGO-03.svg\",\"url\":\"https:\\\/\\\/shrimataji.org\\\/test\\\/wp-content\\\/uploads\\\/2023\\\/02\\\/SMO_LOGO-03.svg\",\"contentUrl\":\"https:\\\/\\\/shrimataji.org\\\/test\\\/wp-content\\\/uploads\\\/2023\\\/02\\\/SMO_LOGO-03.svg\",\"width\":\"1024\",\"height\":\"1024\",\"caption\":\"Nirmala Shrivastava\"},\"logo\":{\"@id\":\"https:\\\/\\\/shrimataji.org\\\/test\\\/wp-content\\\/uploads\\\/2023\\\/02\\\/SMO_LOGO-03.svg\"},\"sameAs\":[\"https:\\\/\\\/shrimataji.org\\\/test\",\"https:\\\/\\\/www.facebook.com\\\/shrimataji\",\"https:\\\/\\\/x.com\\\/shrimataji\",\"https:\\\/\\\/www.youtube.com\\\/@Shri_Mataji_Nirmala_Devi\\\/featured\"]}]}<\/script>\n<!-- \/ Yoast SEO plugin. -->","yoast_head_json":{"title":"Estabelecendo o Equil\u00edbrio - TEST - SMND","robots":{"index":"noindex","follow":"follow","max-snippet":"max-snippet:-1","max-image-preview":"max-image-preview:large","max-video-preview":"max-video-preview:-1"},"og_locale":"en_US","og_type":"article","og_title":"Estabelecendo o Equil\u00edbrio - TEST - SMND","og_description":"Estabelecendo o Equil\u00edbrio O Yin e Yang da Vida O mundo acelerado de hoje apresenta muitos desafios para uma exist\u00eancia pac\u00edfica, tanto dentro de n\u00f3s mesmos como indiv\u00edduos, quanto como parte de uma sociedade global confrontada com problemas globais. A mudan\u00e7a clim\u00e1tica, os desequil\u00edbrios econ\u00f4micos e sociais s\u00e3o todos sintomas de um profundo conflito em&hellip; Read more","og_url":"https:\/\/shrimataji.org\/test\/pt\/estabelecendo-equilibrio\/","og_site_name":"TEST - SMND","article_publisher":"https:\/\/www.facebook.com\/shrimataji","article_modified_time":"2026-01-16T00:54:38+00:00","og_image":[{"width":2560,"height":905,"url":"https:\/\/shrimataji.org\/test\/wp-content\/uploads\/2023\/03\/25_Banner-SY-Balance-scaled.jpg","type":"image\/jpeg"}],"twitter_card":"summary_large_image","twitter_site":"@shrimataji","twitter_misc":{"Est. reading time":"2 minutes"},"schema":{"@context":"https:\/\/schema.org","@graph":[{"@type":"WebPage","@id":"https:\/\/shrimataji.org\/test\/pt\/estabelecendo-equilibrio\/","url":"https:\/\/shrimataji.org\/test\/pt\/estabelecendo-equilibrio\/","name":"Estabelecendo o Equil\u00edbrio - TEST - SMND","isPartOf":{"@id":"https:\/\/shrimataji.org\/test\/#website"},"primaryImageOfPage":{"@id":"https:\/\/shrimataji.org\/test\/pt\/estabelecendo-equilibrio\/#primaryimage"},"image":{"@id":"https:\/\/shrimataji.org\/test\/pt\/estabelecendo-equilibrio\/#primaryimage"},"thumbnailUrl":"https:\/\/shrimataji.org\/test\/wp-content\/uploads\/2023\/03\/25_Banner-SY-Balance-scaled.jpg","datePublished":"2022-01-29T09:41:42+00:00","dateModified":"2026-01-16T00:54:38+00:00","breadcrumb":{"@id":"https:\/\/shrimataji.org\/test\/pt\/estabelecendo-equilibrio\/#breadcrumb"},"inLanguage":"en-US","potentialAction":[{"@type":"ReadAction","target":["https:\/\/shrimataji.org\/test\/pt\/estabelecendo-equilibrio\/"]}]},{"@type":"ImageObject","inLanguage":"en-US","@id":"https:\/\/shrimataji.org\/test\/pt\/estabelecendo-equilibrio\/#primaryimage","url":"https:\/\/shrimataji.org\/test\/wp-content\/uploads\/2023\/03\/25_Banner-SY-Balance-scaled.jpg","contentUrl":"https:\/\/shrimataji.org\/test\/wp-content\/uploads\/2023\/03\/25_Banner-SY-Balance-scaled.jpg","width":2560,"height":905},{"@type":"BreadcrumbList","@id":"https:\/\/shrimataji.org\/test\/pt\/estabelecendo-equilibrio\/#breadcrumb","itemListElement":[{"@type":"ListItem","position":1,"name":"Home","item":"https:\/\/shrimataji.org\/test\/uk\/home-en\/"},{"@type":"ListItem","position":2,"name":"Estabelecendo o Equil\u00edbrio"}]},{"@type":"WebSite","@id":"https:\/\/shrimataji.org\/test\/#website","url":"https:\/\/shrimataji.org\/test\/","name":"Shri Mataji Nirmala Devi","description":"A Life Dedicated to Humanity","publisher":{"@id":"https:\/\/shrimataji.org\/test\/#\/schema\/person\/a1b3419c6585f164aa96da1ff85715d1"},"potentialAction":[{"@type":"SearchAction","target":{"@type":"EntryPoint","urlTemplate":"https:\/\/shrimataji.org\/test\/?s={search_term_string}"},"query-input":{"@type":"PropertyValueSpecification","valueRequired":true,"valueName":"search_term_string"}}],"inLanguage":"en-US"},{"@type":["Person","Organization"],"@id":"https:\/\/shrimataji.org\/test\/#\/schema\/person\/a1b3419c6585f164aa96da1ff85715d1","name":"Nirmala Shrivastava","image":{"@type":"ImageObject","inLanguage":"en-US","@id":"https:\/\/shrimataji.org\/test\/wp-content\/uploads\/2023\/02\/SMO_LOGO-03.svg","url":"https:\/\/shrimataji.org\/test\/wp-content\/uploads\/2023\/02\/SMO_LOGO-03.svg","contentUrl":"https:\/\/shrimataji.org\/test\/wp-content\/uploads\/2023\/02\/SMO_LOGO-03.svg","width":"1024","height":"1024","caption":"Nirmala Shrivastava"},"logo":{"@id":"https:\/\/shrimataji.org\/test\/wp-content\/uploads\/2023\/02\/SMO_LOGO-03.svg"},"sameAs":["https:\/\/shrimataji.org\/test","https:\/\/www.facebook.com\/shrimataji","https:\/\/x.com\/shrimataji","https:\/\/www.youtube.com\/@Shri_Mataji_Nirmala_Devi\/featured"]}]}},"lang":"pt","translations":{"pt":10366,"ur":37421,"en":6385,"am":17992,"th":19932,"hu":19467,"sq":18393,"zh":17290,"hi":8343,"tr":10153,"de":10640,"fr":10738,"it":10836,"es":10933,"ja":11230,"ru":11418,"bn":11610,"te":11718,"sw":11841,"he":11989,"el":12280,"sk":12378,"fa":12476,"fi":12574,"bg":13402,"ro":14476,"cs":14669,"nl":16553,"ku":16713,"ar":16889,"be":18600,"kn":18874,"mr":20296,"uk":20588,"ml":20887,"ta":22708,"sv":22981,"gu":28829,"pa":28987,"fil":29427,"da":37735,"pl":37952,"nn":38287},"pll_sync_post":[],"_links":{"self":[{"href":"https:\/\/shrimataji.org\/test\/wp-json\/wp\/v2\/pages\/10366","targetHints":{"allow":["GET"]}}],"collection":[{"href":"https:\/\/shrimataji.org\/test\/wp-json\/wp\/v2\/pages"}],"about":[{"href":"https:\/\/shrimataji.org\/test\/wp-json\/wp\/v2\/types\/page"}],"author":[{"embeddable":true,"href":"https:\/\/shrimataji.org\/test\/wp-json\/wp\/v2\/users\/18"}],"replies":[{"embeddable":true,"href":"https:\/\/shrimataji.org\/test\/wp-json\/wp\/v2\/comments?post=10366"}],"version-history":[{"count":0,"href":"https:\/\/shrimataji.org\/test\/wp-json\/wp\/v2\/pages\/10366\/revisions"}],"wp:featuredmedia":[{"embeddable":true,"href":"https:\/\/shrimataji.org\/test\/wp-json\/wp\/v2\/media\/9260"}],"wp:attachment":[{"href":"https:\/\/shrimataji.org\/test\/wp-json\/wp\/v2\/media?parent=10366"}],"curies":[{"name":"wp","href":"https:\/\/api.w.org\/{rel}","templated":true}]}}