{"id":10368,"date":"2022-01-23T02:49:35","date_gmt":"2022-01-23T02:49:35","guid":{"rendered":"https:\/\/test.shrimataji.org\/?page_id=6269"},"modified":"2026-01-18T17:08:24","modified_gmt":"2026-01-18T17:08:24","slug":"experimente-sua-realizacao-do-si","status":"publish","type":"page","link":"https:\/\/shrimataji.org\/test\/pt\/experimente-sua-realizacao-do-si\/","title":{"rendered":"Experimente a Sua Realiza\u00e7\u00e3o do Si"},"content":{"rendered":"\n\n\t<h1>Experimente a Sua Realiza\u00e7\u00e3o do Si<\/h1>\n<h2>Voc\u00ea s\u00f3 Precisa Ter o Puro Desejo<\/h2>\n<div class=\"su-quote su-quote-style-default\"><div class=\"su-quote-inner su-u-clearfix su-u-trim\"> \u00c9 direito de todos alcan\u00e7ar esse estado de evolu\u00e7\u00e3o e tudo o que \u00e9 necess\u00e1rio j\u00e1 est\u00e1 embutido. Mas, como respeito a sua liberdade, voc\u00ea precisa ter o desejo de alcan\u00e7ar esse estado, n\u00e3o pode ser for\u00e7ado sobre voc\u00ea. <\/div><\/div>\n\t<h4>Shri Mataji \u00e9 a \u00fanica Guru espiritual na hist\u00f3ria da humanidade que proporcionou a experi\u00eancia de realiza\u00e7\u00e3o do si em massa mundialmente, em milhares de Seus programas p\u00fablicos. Milh\u00f5es de pessoas se beneficiaram dessa experi\u00eancia \u00fanica, que se tornou um ponto de virada em suas vidas. Os buscadores que participaram dos programas experimentaram sua realiza\u00e7\u00e3o do si como um sil\u00eancio interior completo, um estado relaxamento f\u00edsico e, frequentemente, uma brisa quente ou fresca nas palmas das m\u00e3os e, \u00e0s vezes, por todo o corpo.<\/h4>\n<p>Os passos a seguir ajudar\u00e3o voc\u00ea a se preparar para a experi\u00eancia da realiza\u00e7\u00e3o do si. Sente-se confortavelmente com as costas retas; tirar os sapatos tamb\u00e9m pode ajudar, pois a M\u00e3e Terra absorve todas as energias negativas atrav\u00e9s dos nossos p\u00e9s.<\/p>\n<p>Coloque ambas as m\u00e3os sobre o colo com as palmas voltadas para cima. Para acalmar sua aten\u00e7\u00e3o dispersa, voc\u00ea pode observar a imagem de Shri Mataji na tela. Assim que voc\u00ea se acalmar internamente, tente observar seus pensamentos.<\/p>\n<p>Se voc\u00ea experimentar um sil\u00eancio interior completo e, talvez, sentir uma brisa suave e fresca passando pelas suas m\u00e3os ou na cabe\u00e7a, na \u00e1rea da fontanela, saiba que voc\u00ea \u00e9 uma alma realizada e que obteve a sua realiza\u00e7\u00e3o do si de forma inata. Este \u00e9 um come\u00e7o muito bom, e os pr\u00f3ximos passos ajudar\u00e3o voc\u00ea a aprofundar sua experi\u00eancia de medita\u00e7\u00e3o.<\/p>\n<p>&nbsp;<\/p>\n<figure itemscope itemtype=\"https:\/\/schema.org\/ImageObject\">\n\t\t\t\t<img decoding=\"async\" src=\"https:\/\/shrimataji.org\/test\/wp-content\/uploads\/2023\/02\/ShriMataji_BW.webp\" alt=\"ShriMataji_BW\" height=\"960\" width=\"671\" title=\"ShriMataji_BW\" onerror=\"this.style.display='none'\" loading=\"lazy\" \/>\n\t<\/figure>\n\t<p>Embora seja muito raro que algumas pessoas tenham experimentado sua realiza\u00e7\u00e3o do si completa diante de Shri Mataji ou de sua fotografia, \u00e9 ben\u00e9fico utilizar a medita\u00e7\u00e3o guiada para realiza\u00e7\u00e3o do si, que Shri Mataji demonstrou mais de mil vezes em todo o mundo.<\/p>\n\t<p>Para seguir a medita\u00e7\u00e3o guiada com Shri Mataji no v\u00eddeo que a seguir, seria \u00fatil familiarizar-se com os passos, pois voc\u00ea far\u00e1 todo o exerc\u00edcio com os olhos fechados. Fechar os olhos nos ajuda a experimentar mais profundamente nossa realiza\u00e7\u00e3o do si e o estado meditativo que se segue imediatamente. Voc\u00ea pode estudar cuidadosamente a sequ\u00eancia de ilustra\u00e7\u00f5es e textos abaixo para determinar a posi\u00e7\u00e3o correta das m\u00e3os no corpo, para a qual Shri Mataji o guiar\u00e1 no exerc\u00edcio de realiza\u00e7\u00e3o do si, juntamente com as afirma\u00e7\u00f5es para cada posi\u00e7\u00e3o.<\/p>\n<p>Durante todo o processo de realiza\u00e7\u00e3o do si, n\u00f3s vamos colocar a <b>m\u00e3o direita nos centro<\/b><strong>s<\/strong> que est\u00e3o ao longo do lado esquerdo e manter a palma da <b>m\u00e3o esquerda aberta<\/b> conforme mostrado nos desenhos a seguir.<\/p>\n<figure itemscope itemtype=\"https:\/\/schema.org\/ImageObject\">\n\t\t\t\t<img decoding=\"async\" src=\"https:\/\/shrimataji.org\/test\/wp-content\/uploads\/2025\/11\/pt-1-01.png\" alt=\"pt-1-01\" height=\"767\" width=\"546\" title=\"pt-1-01\" onerror=\"this.style.display='none'\" loading=\"lazy\" \/>\n\t<\/figure>\n<figure itemscope itemtype=\"https:\/\/schema.org\/ImageObject\">\n\t\t\t\t<img decoding=\"async\" src=\"https:\/\/shrimataji.org\/test\/wp-content\/uploads\/2025\/11\/pt-2-01.png\" alt=\"pt-2-01\" height=\"767\" width=\"548\" title=\"pt-2-01\" onerror=\"this.style.display='none'\" loading=\"lazy\" \/>\n\t<\/figure>\n<figure itemscope itemtype=\"https:\/\/schema.org\/ImageObject\">\n\t\t\t\t<img decoding=\"async\" src=\"https:\/\/shrimataji.org\/test\/wp-content\/uploads\/2025\/11\/pt-3-01.png\" alt=\"pt-3-01\" height=\"768\" width=\"549\" title=\"pt-3-01\" onerror=\"this.style.display='none'\" loading=\"lazy\" \/>\n\t<\/figure>\n<figure itemscope itemtype=\"https:\/\/schema.org\/ImageObject\">\n\t\t\t\t<img decoding=\"async\" src=\"https:\/\/shrimataji.org\/test\/wp-content\/uploads\/2025\/11\/pt-4-01.png\" alt=\"pt-4-01\" height=\"767\" width=\"548\" title=\"pt-4-01\" onerror=\"this.style.display='none'\" loading=\"lazy\" \/>\n\t<\/figure>\n<figure itemscope itemtype=\"https:\/\/schema.org\/ImageObject\">\n\t\t\t\t<img decoding=\"async\" src=\"https:\/\/shrimataji.org\/test\/wp-content\/uploads\/2025\/11\/pt-5-01.png\" alt=\"pt-5-01\" height=\"766\" width=\"546\" title=\"pt-5-01\" onerror=\"this.style.display='none'\" loading=\"lazy\" \/>\n\t<\/figure>\n<figure itemscope itemtype=\"https:\/\/schema.org\/ImageObject\">\n\t\t\t\t<img decoding=\"async\" src=\"https:\/\/shrimataji.org\/test\/wp-content\/uploads\/2025\/11\/pt-6-01.png\" alt=\"pt-6-01\" height=\"767\" width=\"548\" title=\"pt-6-01\" onerror=\"this.style.display='none'\" loading=\"lazy\" \/>\n\t<\/figure>\n<figure itemscope itemtype=\"https:\/\/schema.org\/ImageObject\">\n\t\t\t\t<img decoding=\"async\" src=\"https:\/\/shrimataji.org\/test\/wp-content\/uploads\/2025\/11\/pt-7-01.png\" alt=\"pt-7-01\" height=\"767\" width=\"548\" title=\"pt-7-01\" onerror=\"this.style.display='none'\" loading=\"lazy\" \/>\n\t<\/figure>\n<figure itemscope itemtype=\"https:\/\/schema.org\/ImageObject\">\n\t\t\t\t<img decoding=\"async\" src=\"https:\/\/shrimataji.org\/test\/wp-content\/uploads\/2025\/11\/pt-8_01.png\" alt=\"pt-8_01\" height=\"768\" width=\"550\" title=\"pt-8_01\" onerror=\"this.style.display='none'\" loading=\"lazy\" \/>\n\t<\/figure>\n<figure itemscope itemtype=\"https:\/\/schema.org\/ImageObject\">\n\t\t\t\t<img decoding=\"async\" src=\"https:\/\/shrimataji.org\/test\/wp-content\/uploads\/2025\/11\/pt-9_01.png\" alt=\"pt-9_01\" height=\"768\" width=\"548\" title=\"pt-9_01\" onerror=\"this.style.display='none'\" loading=\"lazy\" \/>\n\t<\/figure>\n\t\t<img decoding=\"async\" data-spai-excluded=\"true\" loading=\"lazy\"  alt=\"YouTube player\"  src=\"https:\/\/i.ytimg.com\/vi\/mNIfLY7g6T8\/maxresdefault.jpg\"  \/><button aria-label=\"Play\"><\/button><meta itemprop=\"embedUrl\" content=\"https:\/\/www.youtube.com\/embed\/mNIfLY7g6T8\"\/><meta itemprop=\"name\" content=\"A Reliza\u00e7\u00e3o do Si - a inicia\u00e7\u00e3o na Sahaja Yoga\"\/><meta itemprop=\"description\" content=\"Compartilhe com seus queridos.\"\/><meta itemprop=\"thumbnailUrl\" content=\"https:\/\/i.ytimg.com\/vi\/mNIfLY7g6T8\/0.jpg\"\/><meta itemprop=\"duration\" content=\"PT13M5S\"\/><meta itemprop=\"uploadDate\" content=\"2021-04-10T16:37:59Z\"\/>\t\n\t<p>Agora, ao final da medita\u00e7\u00e3o guiada, observe se voc\u00ea se sente relaxado e se seus pensamentos se acalmaram ou desapareceram gradualmente. Este \u00e9 o primeiro estado de medita\u00e7\u00e3o &#8211; a consci\u00eancia sem pensamentos. \u00c9 um estado de pura e pac\u00edfica consci\u00eancia de si mesmo e do seu entorno.<\/p>\n<p>Agora, veja se voc\u00ea consegue sentir uma sensa\u00e7\u00e3o de brisa suave e fresca nas palmas das m\u00e3os e acima da cabe\u00e7a, na \u00e1rea do osso da fontanela. No in\u00edcio, pode estar quente, o que \u00e9 um sinal de que a energia da sua <a href=\"https:\/\/shrimataji.org\/test\/kundalini-pt\/\" target=\"_blank\" rel=\"noopener\">Kundalini<\/a> est\u00e1 purificando seu sistema sutil, mas que eventualmente resfriar\u00e1. Voc\u00ea pode observar isso colocando a palma da sua m\u00e3o esquerda levemente acima da cabe\u00e7a e, em seguida, faz\u00ea-lo com a palma da m\u00e3o direita.<\/p>\n<p>Se voc\u00ea n\u00e3o conseguir sentir, pode ser por v\u00e1rios motivos. Um dos mais comuns \u00e9 que n\u00e3o conseguimos perdoar. Pode ajudar se voc\u00ea disser do fundo do cora\u00e7\u00e3o: &#8220;M\u00e3e (ou, se preferir, Shri Mataji), eu perd\u00f4o a todos&#8221; por algumas vezes e verificar novamente se sente a brisa fresca acima da cabe\u00e7a.<\/p>\n<p>Este \u00e9 o in\u00edcio da sua jornada interior para um novo reino de exist\u00eancia espiritual eterna, que voc\u00ea pode agora explorar em completa paz e harmonia. Ao manter essa nova consci\u00eancia por meio da medita\u00e7\u00e3o regular, voc\u00ea ser\u00e1 capaz de sentir o estado do seu pr\u00f3prio sistema sutil, bem como o de outras pessoas, nas pontas dos dedos, e corrigi-los com sua pr\u00f3pria energia espiritual inata (Kundalini).<\/p>\n<p>As se\u00e7\u00f5es a seguir ajudar\u00e3o voc\u00ea a aprender mais sobre a <a href=\"https:\/\/shrimataji.org\/test\/pt\/meditacao-na-sahaja-yoga\/\" target=\"_blank\" rel=\"nofollow noopener noreferrer\" shape=\"rect\" data-saferedirecturl=\"https:\/\/www.google.com\/url?q=https:\/\/shrimataji.org\/test\/sahaja-yoga-meditation-2\/&amp;source=gmail&amp;ust=1671369210845000&amp;usg=AOvVaw1_VENYlhhBbBhq5wzvRMvC\">Medita\u00e7\u00e3o na Sahaja Yoga <\/a> e tamb\u00e9m como praticar uma medita\u00e7\u00e3o simples e sem esfor\u00e7o em casa. A se\u00e7\u00e3o sobre <a href=\"https:\/\/shrimataji.org\/test\/pt\/meditacao-coletiva\/\" target=\"_blank\" rel=\"nofollow noopener noreferrer\" shape=\"rect\" data-saferedirecturl=\"https:\/\/www.google.com\/url?q=https:\/\/shrimataji.org\/test\/collective-meditation\/&amp;source=gmail&amp;ust=1671369210845000&amp;usg=AOvVaw2kYDaF-9qiT9FPxwpmB_bT\">Medita\u00e7\u00e3o Coletiva <\/a> far\u00e1 com que voc\u00ea se familiarize com o aspecto da medita\u00e7\u00e3o coletiva, conforme aconselhado por Shri Mataji, e o ajudar\u00e1 a encontrar centros de medita\u00e7\u00e3o da Sahaja Yoga em todo o mundo.<\/p>\n\n","protected":false},"excerpt":{"rendered":"<p>Experimente a Sua Realiza\u00e7\u00e3o do Si Voc\u00ea s\u00f3 Precisa Ter o Puro Desejo Shri Mataji \u00e9 a \u00fanica Guru espiritual na hist\u00f3ria da humanidade que proporcionou a experi\u00eancia de realiza\u00e7\u00e3o do si em massa mundialmente, em milhares de Seus programas p\u00fablicos. Milh\u00f5es de pessoas se beneficiaram dessa experi\u00eancia \u00fanica, que se tornou um ponto de&hellip; <br \/> <a class=\"read-more\" href=\"https:\/\/shrimataji.org\/test\/pt\/experimente-sua-realizacao-do-si\/\">Read more<\/a><\/p>\n","protected":false},"author":18,"featured_media":9265,"parent":0,"menu_order":0,"comment_status":"closed","ping_status":"closed","template":"","meta":{"inline_featured_image":false,"footnotes":""},"class_list":["post-10368","page","type-page","status-publish","has-post-thumbnail","hentry"],"yoast_head":"<!-- This site is optimized with the Yoast SEO plugin v27.4 - https:\/\/yoast.com\/product\/yoast-seo-wordpress\/ -->\n<title>Experimente a Sua Realiza\u00e7\u00e3o do Si - TEST - SMND<\/title>\n<meta name=\"robots\" content=\"noindex, follow, max-snippet:-1, max-image-preview:large, max-video-preview:-1\" \/>\n<meta property=\"og:locale\" content=\"en_US\" \/>\n<meta property=\"og:type\" content=\"article\" \/>\n<meta property=\"og:title\" content=\"Experimente a Sua Realiza\u00e7\u00e3o do Si - TEST - SMND\" \/>\n<meta property=\"og:description\" content=\"Experimente a Sua Realiza\u00e7\u00e3o do Si Voc\u00ea s\u00f3 Precisa Ter o Puro Desejo Shri Mataji \u00e9 a \u00fanica Guru espiritual na hist\u00f3ria da humanidade que proporcionou a experi\u00eancia de realiza\u00e7\u00e3o do si em massa mundialmente, em milhares de Seus programas p\u00fablicos. Milh\u00f5es de pessoas se beneficiaram dessa experi\u00eancia \u00fanica, que se tornou um ponto de&hellip; Read more\" \/>\n<meta property=\"og:url\" content=\"https:\/\/shrimataji.org\/test\/pt\/experimente-sua-realizacao-do-si\/\" \/>\n<meta property=\"og:site_name\" content=\"TEST - SMND\" \/>\n<meta property=\"article:publisher\" content=\"https:\/\/www.facebook.com\/shrimataji\" \/>\n<meta property=\"article:modified_time\" content=\"2026-01-18T17:08:24+00:00\" \/>\n<meta property=\"og:image\" content=\"https:\/\/shrimataji.org\/test\/wp-content\/uploads\/2023\/03\/3_Banner-SY-Experience-2-scaled.jpg\" \/>\n\t<meta property=\"og:image:width\" content=\"2560\" \/>\n\t<meta property=\"og:image:height\" content=\"905\" \/>\n\t<meta property=\"og:image:type\" content=\"image\/jpeg\" \/>\n<meta name=\"twitter:card\" content=\"summary_large_image\" \/>\n<meta name=\"twitter:site\" content=\"@shrimataji\" \/>\n<meta name=\"twitter:label1\" content=\"Est. reading time\" \/>\n\t<meta name=\"twitter:data1\" content=\"6 minutes\" \/>\n<script type=\"application\/ld+json\" class=\"yoast-schema-graph\">{\"@context\":\"https:\\\/\\\/schema.org\",\"@graph\":[{\"@type\":\"WebPage\",\"@id\":\"https:\\\/\\\/shrimataji.org\\\/test\\\/pt\\\/experimente-sua-realizacao-do-si\\\/\",\"url\":\"https:\\\/\\\/shrimataji.org\\\/test\\\/pt\\\/experimente-sua-realizacao-do-si\\\/\",\"name\":\"Experimente a Sua Realiza\u00e7\u00e3o do Si - TEST - SMND\",\"isPartOf\":{\"@id\":\"https:\\\/\\\/shrimataji.org\\\/test\\\/#website\"},\"primaryImageOfPage\":{\"@id\":\"https:\\\/\\\/shrimataji.org\\\/test\\\/pt\\\/experimente-sua-realizacao-do-si\\\/#primaryimage\"},\"image\":{\"@id\":\"https:\\\/\\\/shrimataji.org\\\/test\\\/pt\\\/experimente-sua-realizacao-do-si\\\/#primaryimage\"},\"thumbnailUrl\":\"https:\\\/\\\/shrimataji.org\\\/test\\\/wp-content\\\/uploads\\\/2023\\\/03\\\/3_Banner-SY-Experience-2-scaled.jpg\",\"datePublished\":\"2022-01-23T02:49:35+00:00\",\"dateModified\":\"2026-01-18T17:08:24+00:00\",\"breadcrumb\":{\"@id\":\"https:\\\/\\\/shrimataji.org\\\/test\\\/pt\\\/experimente-sua-realizacao-do-si\\\/#breadcrumb\"},\"inLanguage\":\"en-US\",\"potentialAction\":[{\"@type\":\"ReadAction\",\"target\":[\"https:\\\/\\\/shrimataji.org\\\/test\\\/pt\\\/experimente-sua-realizacao-do-si\\\/\"]}]},{\"@type\":\"ImageObject\",\"inLanguage\":\"en-US\",\"@id\":\"https:\\\/\\\/shrimataji.org\\\/test\\\/pt\\\/experimente-sua-realizacao-do-si\\\/#primaryimage\",\"url\":\"https:\\\/\\\/shrimataji.org\\\/test\\\/wp-content\\\/uploads\\\/2023\\\/03\\\/3_Banner-SY-Experience-2-scaled.jpg\",\"contentUrl\":\"https:\\\/\\\/shrimataji.org\\\/test\\\/wp-content\\\/uploads\\\/2023\\\/03\\\/3_Banner-SY-Experience-2-scaled.jpg\",\"width\":2560,\"height\":905},{\"@type\":\"BreadcrumbList\",\"@id\":\"https:\\\/\\\/shrimataji.org\\\/test\\\/pt\\\/experimente-sua-realizacao-do-si\\\/#breadcrumb\",\"itemListElement\":[{\"@type\":\"ListItem\",\"position\":1,\"name\":\"Home\",\"item\":\"https:\\\/\\\/shrimataji.org\\\/test\\\/uk\\\/home-en\\\/\"},{\"@type\":\"ListItem\",\"position\":2,\"name\":\"Experimente a Sua Realiza\u00e7\u00e3o do Si\"}]},{\"@type\":\"WebSite\",\"@id\":\"https:\\\/\\\/shrimataji.org\\\/test\\\/#website\",\"url\":\"https:\\\/\\\/shrimataji.org\\\/test\\\/\",\"name\":\"Shri Mataji Nirmala Devi\",\"description\":\"A Life Dedicated to Humanity\",\"publisher\":{\"@id\":\"https:\\\/\\\/shrimataji.org\\\/test\\\/#\\\/schema\\\/person\\\/a1b3419c6585f164aa96da1ff85715d1\"},\"potentialAction\":[{\"@type\":\"SearchAction\",\"target\":{\"@type\":\"EntryPoint\",\"urlTemplate\":\"https:\\\/\\\/shrimataji.org\\\/test\\\/?s={search_term_string}\"},\"query-input\":{\"@type\":\"PropertyValueSpecification\",\"valueRequired\":true,\"valueName\":\"search_term_string\"}}],\"inLanguage\":\"en-US\"},{\"@type\":[\"Person\",\"Organization\"],\"@id\":\"https:\\\/\\\/shrimataji.org\\\/test\\\/#\\\/schema\\\/person\\\/a1b3419c6585f164aa96da1ff85715d1\",\"name\":\"Nirmala Shrivastava\",\"image\":{\"@type\":\"ImageObject\",\"inLanguage\":\"en-US\",\"@id\":\"https:\\\/\\\/shrimataji.org\\\/test\\\/wp-content\\\/uploads\\\/2023\\\/02\\\/SMO_LOGO-03.svg\",\"url\":\"https:\\\/\\\/shrimataji.org\\\/test\\\/wp-content\\\/uploads\\\/2023\\\/02\\\/SMO_LOGO-03.svg\",\"contentUrl\":\"https:\\\/\\\/shrimataji.org\\\/test\\\/wp-content\\\/uploads\\\/2023\\\/02\\\/SMO_LOGO-03.svg\",\"width\":\"1024\",\"height\":\"1024\",\"caption\":\"Nirmala Shrivastava\"},\"logo\":{\"@id\":\"https:\\\/\\\/shrimataji.org\\\/test\\\/wp-content\\\/uploads\\\/2023\\\/02\\\/SMO_LOGO-03.svg\"},\"sameAs\":[\"https:\\\/\\\/shrimataji.org\\\/test\",\"https:\\\/\\\/www.facebook.com\\\/shrimataji\",\"https:\\\/\\\/x.com\\\/shrimataji\",\"https:\\\/\\\/www.youtube.com\\\/@Shri_Mataji_Nirmala_Devi\\\/featured\"]}]}<\/script>\n<!-- \/ Yoast SEO plugin. -->","yoast_head_json":{"title":"Experimente a Sua Realiza\u00e7\u00e3o do Si - TEST - SMND","robots":{"index":"noindex","follow":"follow","max-snippet":"max-snippet:-1","max-image-preview":"max-image-preview:large","max-video-preview":"max-video-preview:-1"},"og_locale":"en_US","og_type":"article","og_title":"Experimente a Sua Realiza\u00e7\u00e3o do Si - TEST - SMND","og_description":"Experimente a Sua Realiza\u00e7\u00e3o do Si Voc\u00ea s\u00f3 Precisa Ter o Puro Desejo Shri Mataji \u00e9 a \u00fanica Guru espiritual na hist\u00f3ria da humanidade que proporcionou a experi\u00eancia de realiza\u00e7\u00e3o do si em massa mundialmente, em milhares de Seus programas p\u00fablicos. Milh\u00f5es de pessoas se beneficiaram dessa experi\u00eancia \u00fanica, que se tornou um ponto de&hellip; Read more","og_url":"https:\/\/shrimataji.org\/test\/pt\/experimente-sua-realizacao-do-si\/","og_site_name":"TEST - SMND","article_publisher":"https:\/\/www.facebook.com\/shrimataji","article_modified_time":"2026-01-18T17:08:24+00:00","og_image":[{"width":2560,"height":905,"url":"https:\/\/shrimataji.org\/test\/wp-content\/uploads\/2023\/03\/3_Banner-SY-Experience-2-scaled.jpg","type":"image\/jpeg"}],"twitter_card":"summary_large_image","twitter_site":"@shrimataji","twitter_misc":{"Est. reading time":"6 minutes"},"schema":{"@context":"https:\/\/schema.org","@graph":[{"@type":"WebPage","@id":"https:\/\/shrimataji.org\/test\/pt\/experimente-sua-realizacao-do-si\/","url":"https:\/\/shrimataji.org\/test\/pt\/experimente-sua-realizacao-do-si\/","name":"Experimente a Sua Realiza\u00e7\u00e3o do Si - TEST - SMND","isPartOf":{"@id":"https:\/\/shrimataji.org\/test\/#website"},"primaryImageOfPage":{"@id":"https:\/\/shrimataji.org\/test\/pt\/experimente-sua-realizacao-do-si\/#primaryimage"},"image":{"@id":"https:\/\/shrimataji.org\/test\/pt\/experimente-sua-realizacao-do-si\/#primaryimage"},"thumbnailUrl":"https:\/\/shrimataji.org\/test\/wp-content\/uploads\/2023\/03\/3_Banner-SY-Experience-2-scaled.jpg","datePublished":"2022-01-23T02:49:35+00:00","dateModified":"2026-01-18T17:08:24+00:00","breadcrumb":{"@id":"https:\/\/shrimataji.org\/test\/pt\/experimente-sua-realizacao-do-si\/#breadcrumb"},"inLanguage":"en-US","potentialAction":[{"@type":"ReadAction","target":["https:\/\/shrimataji.org\/test\/pt\/experimente-sua-realizacao-do-si\/"]}]},{"@type":"ImageObject","inLanguage":"en-US","@id":"https:\/\/shrimataji.org\/test\/pt\/experimente-sua-realizacao-do-si\/#primaryimage","url":"https:\/\/shrimataji.org\/test\/wp-content\/uploads\/2023\/03\/3_Banner-SY-Experience-2-scaled.jpg","contentUrl":"https:\/\/shrimataji.org\/test\/wp-content\/uploads\/2023\/03\/3_Banner-SY-Experience-2-scaled.jpg","width":2560,"height":905},{"@type":"BreadcrumbList","@id":"https:\/\/shrimataji.org\/test\/pt\/experimente-sua-realizacao-do-si\/#breadcrumb","itemListElement":[{"@type":"ListItem","position":1,"name":"Home","item":"https:\/\/shrimataji.org\/test\/uk\/home-en\/"},{"@type":"ListItem","position":2,"name":"Experimente a Sua Realiza\u00e7\u00e3o do Si"}]},{"@type":"WebSite","@id":"https:\/\/shrimataji.org\/test\/#website","url":"https:\/\/shrimataji.org\/test\/","name":"Shri Mataji Nirmala Devi","description":"A Life Dedicated to Humanity","publisher":{"@id":"https:\/\/shrimataji.org\/test\/#\/schema\/person\/a1b3419c6585f164aa96da1ff85715d1"},"potentialAction":[{"@type":"SearchAction","target":{"@type":"EntryPoint","urlTemplate":"https:\/\/shrimataji.org\/test\/?s={search_term_string}"},"query-input":{"@type":"PropertyValueSpecification","valueRequired":true,"valueName":"search_term_string"}}],"inLanguage":"en-US"},{"@type":["Person","Organization"],"@id":"https:\/\/shrimataji.org\/test\/#\/schema\/person\/a1b3419c6585f164aa96da1ff85715d1","name":"Nirmala Shrivastava","image":{"@type":"ImageObject","inLanguage":"en-US","@id":"https:\/\/shrimataji.org\/test\/wp-content\/uploads\/2023\/02\/SMO_LOGO-03.svg","url":"https:\/\/shrimataji.org\/test\/wp-content\/uploads\/2023\/02\/SMO_LOGO-03.svg","contentUrl":"https:\/\/shrimataji.org\/test\/wp-content\/uploads\/2023\/02\/SMO_LOGO-03.svg","width":"1024","height":"1024","caption":"Nirmala Shrivastava"},"logo":{"@id":"https:\/\/shrimataji.org\/test\/wp-content\/uploads\/2023\/02\/SMO_LOGO-03.svg"},"sameAs":["https:\/\/shrimataji.org\/test","https:\/\/www.facebook.com\/shrimataji","https:\/\/x.com\/shrimataji","https:\/\/www.youtube.com\/@Shri_Mataji_Nirmala_Devi\/featured"]}]}},"lang":"pt","translations":{"pt":10368,"ur":37424,"en":7043,"pa":25836,"gu":25439,"th":19936,"hu":19470,"sq":18396,"zh":17293,"hi":8277,"tr":10155,"de":10642,"fr":10740,"it":10838,"es":10935,"ja":11232,"ru":11420,"bn":11612,"te":11720,"sw":11843,"he":11991,"el":12282,"sk":12380,"fa":12478,"fi":12576,"bg":13413,"ro":14487,"cs":14680,"nl":16556,"ku":16716,"ar":16892,"be":18603,"kn":18877,"mr":20300,"uk":20592,"ml":20891,"ta":22711,"sv":22984,"bs":27284,"fil":29430,"sd":30998,"da":37738,"pl":37955,"nn":38290},"pll_sync_post":[],"_links":{"self":[{"href":"https:\/\/shrimataji.org\/test\/wp-json\/wp\/v2\/pages\/10368","targetHints":{"allow":["GET"]}}],"collection":[{"href":"https:\/\/shrimataji.org\/test\/wp-json\/wp\/v2\/pages"}],"about":[{"href":"https:\/\/shrimataji.org\/test\/wp-json\/wp\/v2\/types\/page"}],"author":[{"embeddable":true,"href":"https:\/\/shrimataji.org\/test\/wp-json\/wp\/v2\/users\/18"}],"replies":[{"embeddable":true,"href":"https:\/\/shrimataji.org\/test\/wp-json\/wp\/v2\/comments?post=10368"}],"version-history":[{"count":0,"href":"https:\/\/shrimataji.org\/test\/wp-json\/wp\/v2\/pages\/10368\/revisions"}],"wp:featuredmedia":[{"embeddable":true,"href":"https:\/\/shrimataji.org\/test\/wp-json\/wp\/v2\/media\/9265"}],"wp:attachment":[{"href":"https:\/\/shrimataji.org\/test\/wp-json\/wp\/v2\/media?parent=10368"}],"curies":[{"name":"wp","href":"https:\/\/api.w.org\/{rel}","templated":true}]}}