{"id":10379,"date":"2018-07-06T01:24:02","date_gmt":"2018-07-06T01:24:02","guid":{"rendered":"http:\/\/testwordpress.nirmalnagari.org\/smnd\/index.php\/mesmerize\/"},"modified":"2026-01-19T10:57:30","modified_gmt":"2026-01-19T10:57:30","slug":"inicio","status":"publish","type":"page","link":"https:\/\/shrimataji.org\/test\/pt\/inicio\/","title":{"rendered":"p\u00e1gina inicial"},"content":{"rendered":"\n\n\t<h1>Shri Mataji Nirmala Devi<\/h1>\n<h3>Uma Vida Dedicada \u00e0 Humanidade<\/h3>\n\t<p>Shri Mataji Nirmala Devi transformou vidas silenciosamente. Por mais de quarenta anos, ela viajou internacionalmente, oferecendo palestras p\u00fablicas gratuitas e a experi\u00eancia da realiza\u00e7\u00e3o do si para todos, independentemente de ra\u00e7a, religi\u00e3o ou circunst\u00e2ncia. Ela n\u00e3o apenas permitiu que as pessoas compartilhassem essa valiosa experi\u00eancia com outras, mas tamb\u00e9m as ensinou a t\u00e9cnica de medita\u00e7\u00e3o necess\u00e1ria para sustent\u00e1-la, conhecida como Sahaja Yoga.<\/p>\n\t<div id=\"attachment_282\" style=\"width: 310px\" class=\"wp-caption aligncenter\"><img loading=\"lazy\" decoding=\"async\" aria-describedby=\"caption-attachment-282\" src=\"https:\/\/shrimataji.org\/test\/wp-content\/uploads\/2018\/07\/media_originals\/images\/shri-mataji-teaching-sahaja-yoga\/shri-mataji-teching-sahaja-yoga-meditation-and-self-realization-300x201.jpg\" alt=\"\" width=\"300\" height=\"201\" \/><p id=\"caption-attachment-282\" class=\"wp-caption-text\"><a href=\"https:\/\/www.youtube.com\/user\/ShriMatajiVideos\" target=\"_blank\" rel=\"noopener\">VIDEO ARCHIVE<\/a><\/p><\/div>\n\t<p>Shri Mataji afirmou que h\u00e1 um potencial espiritual inato dentro de cada ser humano, e ele pode ser despertado espontaneamente. Ela enfatizou que esse despertar, descrito como <a href=\"https:\/\/shrimataji.org\/test\/pt\/self-realization\/\" target=\"_blank\" rel=\"noopener\">Realiza\u00e7\u00e3o do Si<\/a>, n\u00e3o pode ser comprado. Nunca foi cobrado dinheiro, nem ser\u00e1, pela experi\u00eancia da realiza\u00e7\u00e3o do si ou pelo ensino da <a href=\"https:\/\/shrimataji.org\/test\/pt\/sahaja-yoga-meditation-2\/\" target=\"_blank\" rel=\"noopener\">Medita\u00e7\u00e3o da Sahaja Yoga.<\/a><\/p>\n<p>O equil\u00edbrio interior e a redu\u00e7\u00e3o do estresse que acompanham a pr\u00e1tica da medita\u00e7\u00e3o da Sahaja Yoga j\u00e1 beneficiaram centenas de milhares de pessoas em todo o mundo. A capacidade de ativar rapidamente e facilmente nossa energia espiritual inata &#8211; e experimentar seus benef\u00edcios &#8211; diferencia a Sahaja Yoga de outras formas de medita\u00e7\u00e3o. Com a pr\u00e1tica, os indiv\u00edduos conseguem direcionar sua pr\u00f3pria energia e corrigir desequil\u00edbrios mentais, f\u00edsicos e emocionais para alcan\u00e7ar um estado de bem-estar, serenidade e realiza\u00e7\u00e3o.<\/p>\n<p>Al\u00e9m da Sahaja Yoga, que agora est\u00e1 estabelecida em mais de 95 pa\u00edses, Shri Mataji fundou uma organiza\u00e7\u00e3o n\u00e3o governamental para mulheres e crian\u00e7as desamparadas, v\u00e1rias escolas internacionais que ensinam um curr\u00edculo hol\u00edstico, cl\u00ednicas de sa\u00fade que oferecem tratamento atrav\u00e9s das t\u00e9cnicas de medita\u00e7\u00e3o da Sahaja Yoga, e uma academia de artes para revitalizar as habilidades cl\u00e1ssicas de dan\u00e7a, m\u00fasica e pintura.<\/p>\n\t\t\t\t<img decoding=\"async\" src=\"https:\/\/shrimataji.org\/test\/wp-content\/uploads\/2018\/07\/media_originals\/images\/shri-mataji-portraits\/shri-mataji-explaining-742x1024.jpg\" alt=\"shri-mataji-explaining\" itemprop=\"image\" height=\"1024\" width=\"742\" title=\"shri-mataji-explaining\" onerror=\"this.style.display='none'\" loading=\"lazy\" \/>\n\t<div class=\"su-quote su-quote-style-default\"><div class=\"su-quote-inner su-u-clearfix su-u-trim\"> MEU PAI SENTIA QUE EU FARIA ALGO GRANDE NESTA VIDA. N\u00c3O SEI SE ELE SONHOU COM ISSO OU SIMPLESMENTE COMPREENDIA, MAS O TEMPO TODO ELE DIZIA: &#8220;VOC\u00ca TEM QUE DESCOBRIR O CAMINHO DE DAR A REALIZA\u00c7\u00c3O EM MASSA.&#8221; POR REALIZA\u00c7\u00c3O, ELE QUERIA DIZER A NECESSIDADE DE UM DESPERTAR ESPIRITUAL PROFUNDO NAS PESSOAS.<\/p>\n<p>ELE ME DEU UMA BOA EDUCA\u00c7\u00c3O SOBRE DIFERENTES RELIGI\u00d5ES E TAMB\u00c9M UMA BOA EDUCA\u00c7\u00c3O SOBRE OS SERES HUMANOS: QUAIS S\u00c3O SEUS PROBLEMAS, POR QUE ELES AGEM COMO AGEM, POR QUE N\u00c3O SE CONECTAM COM DEUS, POR QUE S\u00c3O HIP\u00d3CRITAS. ELE ME DISSE TODOS OS TIPOS DE COISAS.&#8230;<\/div><\/div>\n\t<h2>Feature<\/h2>\n\t<p><img decoding=\"async\" title=\"shri-mataji-nirmala-devi-clearing-technique-in-england-2\" src=\"https:\/\/shrimataji.org\/test\/wp-content\/uploads\/2018\/11\/shri-mataji-nirmala-devi-clearing-technique-in-england-2.jpg\" alt=\"\" \/><\/p>\n<h4>Trabalho<\/h4>\n<p>Frequentemente pessoais e pr\u00e1ticos, os programas de Shri Mataji eram eventos realizados tanto em n\u00edvel global quanto local. Ela ensinava verdades universais, mas tamb\u00e9m dedicava tempo para discutir as necessidades individuais. Falava sobre a cria\u00e7\u00e3o, a busca e o prop\u00f3sito da vida, al\u00e9m de se dedicar a responder a todos que quisessem discutir seus pr\u00f3prios obst\u00e1culos no caminho da vida. Seus programas eram como uma reuni\u00e3o comunit\u00e1ria para o mundo, onde todos podiam falar com ela.<\/p>\n<a href=\"\/work\/\" target=\"_blank\" rel=\"noopener noreferrer\" data-cp-link=\"1\">saiba mais<\/a>\n\t<p><img decoding=\"async\" title=\"shri-mataji-greeting-the-queen-2\" src=\"https:\/\/shrimataji.org\/test\/wp-content\/uploads\/2018\/11\/shri-mataji-greeting-the-queen-2.jpg\" alt=\"\" \/><\/p>\n<h4>Vida<\/h4>\n<p>Ao longo de sua vida, Shri Mataji se deparou com uma ampla gama de pessoas de diferentes pa\u00edses, circunst\u00e2ncias e culturas, e se relacionou com todas elas com um respeito genu\u00edno. Seja discutindo quest\u00f5es de estado com l\u00edderes mundiais ou assuntos familiares com um taxista, Shri Mataji era sens\u00edvel ao que \u00e9 essencial para os seres humanos, e sua preocupa\u00e7\u00e3o estava sempre voltada para o bem-estar deles.<\/p>\n\t<p><img decoding=\"async\" title=\"shri-mataji-meeting-with-village-people-in-india-2\" src=\"https:\/\/shrimataji.org\/test\/wp-content\/uploads\/2018\/11\/shri-mataji-meeting-with-village-people-in-india-2.jpg\" alt=\"\" \/><\/p>\n<h4>Sahaja Yoga<\/h4>\n<p>&#8220;Foi ent\u00e3o que percebi que n\u00e3o havia mal em come\u00e7ar o trabalho. A confus\u00e3o havia acabado. Finalmente, o momento havia chegado. N\u00e3o havia nada a temer. Isso, em \u00faltima inst\u00e2ncia, tinha que ser feito. Eu havia vindo a este mundo apenas para isso, para despertar a consci\u00eancia coletiva nos seres humanos.&#8221;<\/p>\n<a href=\"\/people\/\" target=\"_blank\" rel=\"noopener noreferrer\" data-cp-link=\"1\">saiba mais<\/a>\n\n","protected":false},"excerpt":{"rendered":"<p>Shri Mataji Nirmala Devi Uma Vida Dedicada \u00e0 Humanidade Shri Mataji Nirmala Devi transformou vidas silenciosamente. Por mais de quarenta anos, ela viajou internacionalmente, oferecendo palestras p\u00fablicas gratuitas e a experi\u00eancia da realiza\u00e7\u00e3o do si para todos, independentemente de ra\u00e7a, religi\u00e3o ou circunst\u00e2ncia. Ela n\u00e3o apenas permitiu que as pessoas compartilhassem essa valiosa experi\u00eancia com&hellip; <br \/> <a class=\"read-more\" href=\"https:\/\/shrimataji.org\/test\/pt\/inicio\/\">Read more<\/a><\/p>\n","protected":false},"author":1,"featured_media":276,"parent":0,"menu_order":0,"comment_status":"closed","ping_status":"closed","template":"page-templates\/homepage.php","meta":{"inline_featured_image":false,"footnotes":"","advanced-sidebar-menu\/link-title":"","advanced-sidebar-menu\/exclude-page":false},"class_list":["post-10379","page","type-page","status-publish","has-post-thumbnail","hentry"],"yoast_head":"<!-- This site is optimized with the Yoast SEO plugin v27.4 - https:\/\/yoast.com\/product\/yoast-seo-wordpress\/ -->\n<title>TEST - SMND<\/title>\n<meta name=\"description\" content=\"A Life Dedicated to Humanity\" \/>\n<meta name=\"robots\" content=\"noindex, follow, max-snippet:-1, max-image-preview:large, max-video-preview:-1\" \/>\n<meta property=\"og:locale\" content=\"en_US\" \/>\n<meta property=\"og:type\" content=\"article\" \/>\n<meta property=\"og:title\" content=\"Shri Mataji Nirmala Devi\" \/>\n<meta property=\"og:description\" content=\"A Life Dedicated to Humanity\" \/>\n<meta property=\"og:url\" content=\"https:\/\/shrimataji.org\/test\/pt\/inicio\/\" \/>\n<meta property=\"og:site_name\" content=\"TEST - SMND\" \/>\n<meta property=\"article:publisher\" content=\"https:\/\/www.facebook.com\/shrimataji\" \/>\n<meta property=\"article:modified_time\" content=\"2026-01-19T10:57:30+00:00\" \/>\n<meta property=\"og:image\" content=\"https:\/\/shrimataji.org\/test\/wp-content\/uploads\/2018\/07\/fp11-e1588597806347.jpg\" \/>\n\t<meta property=\"og:image:width\" content=\"707\" \/>\n\t<meta property=\"og:image:height\" content=\"700\" \/>\n\t<meta property=\"og:image:type\" content=\"image\/jpeg\" \/>\n<meta name=\"twitter:card\" content=\"summary_large_image\" \/>\n<meta name=\"twitter:title\" content=\"Shri Mataji Nirmala Devi\" \/>\n<meta name=\"twitter:description\" content=\"A Life Dedicated to Humanity\" \/>\n<meta name=\"twitter:image\" content=\"https:\/\/shrimataji.org\/test\/wp-content\/uploads\/2018\/07\/fp11-e1588597806347.jpg\" \/>\n<meta name=\"twitter:site\" content=\"@shrimataji\" \/>\n<meta name=\"twitter:label1\" content=\"Est. reading time\" \/>\n\t<meta name=\"twitter:data1\" content=\"3 minutes\" \/>\n<script type=\"application\/ld+json\" class=\"yoast-schema-graph\">{\"@context\":\"https:\\\/\\\/schema.org\",\"@graph\":[{\"@type\":\"WebPage\",\"@id\":\"https:\\\/\\\/shrimataji.org\\\/test\\\/pt\\\/inicio\\\/\",\"url\":\"https:\\\/\\\/shrimataji.org\\\/test\\\/pt\\\/inicio\\\/\",\"name\":\"TEST - SMND\",\"isPartOf\":{\"@id\":\"https:\\\/\\\/shrimataji.org\\\/test\\\/#website\"},\"primaryImageOfPage\":{\"@id\":\"https:\\\/\\\/shrimataji.org\\\/test\\\/pt\\\/inicio\\\/#primaryimage\"},\"image\":{\"@id\":\"https:\\\/\\\/shrimataji.org\\\/test\\\/pt\\\/inicio\\\/#primaryimage\"},\"thumbnailUrl\":\"https:\\\/\\\/shrimataji.org\\\/test\\\/wp-content\\\/uploads\\\/2018\\\/07\\\/media_originals\\\/images\\\/shri-mataji-portraits\\\/shri-mataji-in-belgium-1984.jpg\",\"datePublished\":\"2018-07-06T01:24:02+00:00\",\"dateModified\":\"2026-01-19T10:57:30+00:00\",\"description\":\"A Life Dedicated to Humanity\",\"breadcrumb\":{\"@id\":\"https:\\\/\\\/shrimataji.org\\\/test\\\/pt\\\/inicio\\\/#breadcrumb\"},\"inLanguage\":\"en-US\",\"potentialAction\":[{\"@type\":\"ReadAction\",\"target\":[\"https:\\\/\\\/shrimataji.org\\\/test\\\/pt\\\/inicio\\\/\"]}]},{\"@type\":\"ImageObject\",\"inLanguage\":\"en-US\",\"@id\":\"https:\\\/\\\/shrimataji.org\\\/test\\\/pt\\\/inicio\\\/#primaryimage\",\"url\":\"https:\\\/\\\/shrimataji.org\\\/test\\\/wp-content\\\/uploads\\\/2018\\\/07\\\/media_originals\\\/images\\\/shri-mataji-portraits\\\/shri-mataji-in-belgium-1984.jpg\",\"contentUrl\":\"https:\\\/\\\/shrimataji.org\\\/test\\\/wp-content\\\/uploads\\\/2018\\\/07\\\/media_originals\\\/images\\\/shri-mataji-portraits\\\/shri-mataji-in-belgium-1984.jpg\",\"width\":1500,\"height\":975},{\"@type\":\"BreadcrumbList\",\"@id\":\"https:\\\/\\\/shrimataji.org\\\/test\\\/pt\\\/inicio\\\/#breadcrumb\",\"itemListElement\":[{\"@type\":\"ListItem\",\"position\":1,\"name\":\"Home\",\"item\":\"https:\\\/\\\/shrimataji.org\\\/test\\\/uk\\\/home-en\\\/\"},{\"@type\":\"ListItem\",\"position\":2,\"name\":\"p\u00e1gina inicial\"}]},{\"@type\":\"WebSite\",\"@id\":\"https:\\\/\\\/shrimataji.org\\\/test\\\/#website\",\"url\":\"https:\\\/\\\/shrimataji.org\\\/test\\\/\",\"name\":\"Shri Mataji Nirmala Devi\",\"description\":\"A Life Dedicated to Humanity\",\"publisher\":{\"@id\":\"https:\\\/\\\/shrimataji.org\\\/test\\\/#\\\/schema\\\/person\\\/a1b3419c6585f164aa96da1ff85715d1\"},\"potentialAction\":[{\"@type\":\"SearchAction\",\"target\":{\"@type\":\"EntryPoint\",\"urlTemplate\":\"https:\\\/\\\/shrimataji.org\\\/test\\\/?s={search_term_string}\"},\"query-input\":{\"@type\":\"PropertyValueSpecification\",\"valueRequired\":true,\"valueName\":\"search_term_string\"}}],\"inLanguage\":\"en-US\"},{\"@type\":[\"Person\",\"Organization\"],\"@id\":\"https:\\\/\\\/shrimataji.org\\\/test\\\/#\\\/schema\\\/person\\\/a1b3419c6585f164aa96da1ff85715d1\",\"name\":\"Nirmala Shrivastava\",\"image\":{\"@type\":\"ImageObject\",\"inLanguage\":\"en-US\",\"@id\":\"https:\\\/\\\/shrimataji.org\\\/test\\\/wp-content\\\/uploads\\\/2023\\\/02\\\/SMO_LOGO-03.svg\",\"url\":\"https:\\\/\\\/shrimataji.org\\\/test\\\/wp-content\\\/uploads\\\/2023\\\/02\\\/SMO_LOGO-03.svg\",\"contentUrl\":\"https:\\\/\\\/shrimataji.org\\\/test\\\/wp-content\\\/uploads\\\/2023\\\/02\\\/SMO_LOGO-03.svg\",\"width\":\"1024\",\"height\":\"1024\",\"caption\":\"Nirmala Shrivastava\"},\"logo\":{\"@id\":\"https:\\\/\\\/shrimataji.org\\\/test\\\/wp-content\\\/uploads\\\/2023\\\/02\\\/SMO_LOGO-03.svg\"},\"sameAs\":[\"https:\\\/\\\/shrimataji.org\\\/test\",\"https:\\\/\\\/www.facebook.com\\\/shrimataji\",\"https:\\\/\\\/x.com\\\/shrimataji\",\"https:\\\/\\\/www.youtube.com\\\/@Shri_Mataji_Nirmala_Devi\\\/featured\"]}]}<\/script>\n<!-- \/ Yoast SEO plugin. -->","yoast_head_json":{"title":"TEST - SMND","description":"A Life Dedicated to Humanity","robots":{"index":"noindex","follow":"follow","max-snippet":"max-snippet:-1","max-image-preview":"max-image-preview:large","max-video-preview":"max-video-preview:-1"},"og_locale":"en_US","og_type":"article","og_title":"Shri Mataji Nirmala Devi","og_description":"A Life Dedicated to Humanity","og_url":"https:\/\/shrimataji.org\/test\/pt\/inicio\/","og_site_name":"TEST - SMND","article_publisher":"https:\/\/www.facebook.com\/shrimataji","article_modified_time":"2026-01-19T10:57:30+00:00","og_image":[{"width":707,"height":700,"url":"https:\/\/shrimataji.org\/test\/wp-content\/uploads\/2018\/07\/fp11-e1588597806347.jpg","type":"image\/jpeg"}],"twitter_card":"summary_large_image","twitter_title":"Shri Mataji Nirmala Devi","twitter_description":"A Life Dedicated to Humanity","twitter_image":"https:\/\/shrimataji.org\/test\/wp-content\/uploads\/2018\/07\/fp11-e1588597806347.jpg","twitter_site":"@shrimataji","twitter_misc":{"Est. reading time":"3 minutes"},"schema":{"@context":"https:\/\/schema.org","@graph":[{"@type":"WebPage","@id":"https:\/\/shrimataji.org\/test\/pt\/inicio\/","url":"https:\/\/shrimataji.org\/test\/pt\/inicio\/","name":"TEST - SMND","isPartOf":{"@id":"https:\/\/shrimataji.org\/test\/#website"},"primaryImageOfPage":{"@id":"https:\/\/shrimataji.org\/test\/pt\/inicio\/#primaryimage"},"image":{"@id":"https:\/\/shrimataji.org\/test\/pt\/inicio\/#primaryimage"},"thumbnailUrl":"https:\/\/shrimataji.org\/test\/wp-content\/uploads\/2018\/07\/media_originals\/images\/shri-mataji-portraits\/shri-mataji-in-belgium-1984.jpg","datePublished":"2018-07-06T01:24:02+00:00","dateModified":"2026-01-19T10:57:30+00:00","description":"A Life Dedicated to Humanity","breadcrumb":{"@id":"https:\/\/shrimataji.org\/test\/pt\/inicio\/#breadcrumb"},"inLanguage":"en-US","potentialAction":[{"@type":"ReadAction","target":["https:\/\/shrimataji.org\/test\/pt\/inicio\/"]}]},{"@type":"ImageObject","inLanguage":"en-US","@id":"https:\/\/shrimataji.org\/test\/pt\/inicio\/#primaryimage","url":"https:\/\/shrimataji.org\/test\/wp-content\/uploads\/2018\/07\/media_originals\/images\/shri-mataji-portraits\/shri-mataji-in-belgium-1984.jpg","contentUrl":"https:\/\/shrimataji.org\/test\/wp-content\/uploads\/2018\/07\/media_originals\/images\/shri-mataji-portraits\/shri-mataji-in-belgium-1984.jpg","width":1500,"height":975},{"@type":"BreadcrumbList","@id":"https:\/\/shrimataji.org\/test\/pt\/inicio\/#breadcrumb","itemListElement":[{"@type":"ListItem","position":1,"name":"Home","item":"https:\/\/shrimataji.org\/test\/uk\/home-en\/"},{"@type":"ListItem","position":2,"name":"p\u00e1gina inicial"}]},{"@type":"WebSite","@id":"https:\/\/shrimataji.org\/test\/#website","url":"https:\/\/shrimataji.org\/test\/","name":"Shri Mataji Nirmala Devi","description":"A Life Dedicated to Humanity","publisher":{"@id":"https:\/\/shrimataji.org\/test\/#\/schema\/person\/a1b3419c6585f164aa96da1ff85715d1"},"potentialAction":[{"@type":"SearchAction","target":{"@type":"EntryPoint","urlTemplate":"https:\/\/shrimataji.org\/test\/?s={search_term_string}"},"query-input":{"@type":"PropertyValueSpecification","valueRequired":true,"valueName":"search_term_string"}}],"inLanguage":"en-US"},{"@type":["Person","Organization"],"@id":"https:\/\/shrimataji.org\/test\/#\/schema\/person\/a1b3419c6585f164aa96da1ff85715d1","name":"Nirmala Shrivastava","image":{"@type":"ImageObject","inLanguage":"en-US","@id":"https:\/\/shrimataji.org\/test\/wp-content\/uploads\/2023\/02\/SMO_LOGO-03.svg","url":"https:\/\/shrimataji.org\/test\/wp-content\/uploads\/2023\/02\/SMO_LOGO-03.svg","contentUrl":"https:\/\/shrimataji.org\/test\/wp-content\/uploads\/2023\/02\/SMO_LOGO-03.svg","width":"1024","height":"1024","caption":"Nirmala Shrivastava"},"logo":{"@id":"https:\/\/shrimataji.org\/test\/wp-content\/uploads\/2023\/02\/SMO_LOGO-03.svg"},"sameAs":["https:\/\/shrimataji.org\/test","https:\/\/www.facebook.com\/shrimataji","https:\/\/x.com\/shrimataji","https:\/\/www.youtube.com\/@Shri_Mataji_Nirmala_Devi\/featured"]}]}},"lang":"pt","translations":{"pt":10379,"ur":28779,"en":5,"am":18011,"th":19959,"hu":19488,"sq":18412,"zh":17309,"hi":8573,"tr":10167,"pl":10244,"fr":10751,"it":10849,"es":10946,"ru":11431,"bn":11623,"te":11731,"sw":11854,"he":12002,"el":12293,"sk":12391,"fa":12489,"bg":13483,"ro":14558,"cs":14751,"de":15376,"ja":16420,"nl":16572,"ku":16732,"ar":16908,"be":18619,"kn":18893,"mr":20323,"uk":20615,"ml":20912,"ta":22727,"sv":23000,"bs":27286,"fi":28770,"gu":28935,"pa":29004,"fil":29446,"sd":31000,"da":37751,"nn":38303},"pll_sync_post":[],"_links":{"self":[{"href":"https:\/\/shrimataji.org\/test\/wp-json\/wp\/v2\/pages\/10379","targetHints":{"allow":["GET"]}}],"collection":[{"href":"https:\/\/shrimataji.org\/test\/wp-json\/wp\/v2\/pages"}],"about":[{"href":"https:\/\/shrimataji.org\/test\/wp-json\/wp\/v2\/types\/page"}],"author":[{"embeddable":true,"href":"https:\/\/shrimataji.org\/test\/wp-json\/wp\/v2\/users\/1"}],"replies":[{"embeddable":true,"href":"https:\/\/shrimataji.org\/test\/wp-json\/wp\/v2\/comments?post=10379"}],"version-history":[{"count":0,"href":"https:\/\/shrimataji.org\/test\/wp-json\/wp\/v2\/pages\/10379\/revisions"}],"wp:featuredmedia":[{"embeddable":true,"href":"https:\/\/shrimataji.org\/test\/wp-json\/wp\/v2\/media\/276"}],"wp:attachment":[{"href":"https:\/\/shrimataji.org\/test\/wp-json\/wp\/v2\/media?parent=10379"}],"curies":[{"name":"wp","href":"https:\/\/api.w.org\/{rel}","templated":true}]}}