{"id":10380,"date":"2018-07-10T06:54:50","date_gmt":"2018-07-10T06:54:50","guid":{"rendered":"http:\/\/testwordpress.nirmalnagari.org\/smnd\/index.php\/house-and-home\/"},"modified":"2026-01-18T18:14:07","modified_gmt":"2026-01-18T18:14:07","slug":"casa-lar","status":"publish","type":"page","link":"https:\/\/shrimataji.org\/test\/pt\/casa-lar\/","title":{"rendered":"Casa e Lar"},"content":{"rendered":"\n\n\t<h1>Casa e Lar<\/h1>\n<h2>Onde o Mundo Inteiro \u00e9 uma Fam\u00edlia<\/h2>\n<figure itemscope itemtype=\"https:\/\/schema.org\/ImageObject\">\n\t\t\t\t<img decoding=\"async\" src=\"https:\/\/shrimataji.org\/test\/wp-content\/uploads\/2025\/12\/PT_shri-mataji-in-england.jpg\" alt=\"Shri Mataji com m\u00fasicos na Inglaterra\" height=\"1044\" width=\"1500\" title=\"PT_shri-mataji-in-england\" onerror=\"this.style.display='none'\" loading=\"lazy\" \/>\n\t\t<figcaption>Shri Mataji com m\u00fasicos na Inglaterra<\/figcaption>\n\t<\/figure>\n\t<p>O irm\u00e3o mais novo de Shri Mataji, Hemant Prasad Rao (&#8220;H.P.&#8221;) Salve, frequentemente ficava com ela enquanto se preparava para seus exames de contabilidade. O Sr. Salve recordou o cuidado e a aten\u00e7\u00e3o que sua irm\u00e3 lhe dava naquela \u00e9poca, chegando at\u00e9 a ficar acordada at\u00e9 tarde para preparar sua habitual x\u00edcara de ch\u00e1 \u00e0 meia-noite. Ela primeiro colocava suas filhas para dormir e ent\u00e3o, &#8220;depois de massagear minha cabe\u00e7a por cerca de uma hora, ela ia preparar uma x\u00edcara de ch\u00e1 quente e me dava.&#8221; <a href=\"#citation-note-1\">[1]<\/a><\/p>\n<p>Ap\u00f3s seus exames, Shri Mataji levou seu irm\u00e3o a concertos de m\u00fasicos eminentes. Ela foi uma das primeiras vice-presidentes do Sur Singar Samsad, uma organiza\u00e7\u00e3o cultural que promove apresenta\u00e7\u00f5es musicais (que agora pode ser encontrada no Facebook), al\u00e9m de ser membro do Music Club de Bombay, sendo frequentemente convidada para diversos concertos. O Sr. Salve lembrou do imenso privil\u00e9gio de ouvir grandes artistas como Bismillah Khan, Amir Khan, Bhimsen Joshi, Shivkumar Sharma e Vilayat Khan. Anos depois, muitos m\u00fasicos renomados tocariam pessoalmente para Shri Mataji, como Amjad Ali Khan, Hariprasad Chaurasia e Debu Chaudhari.<\/p>\n<figure itemscope itemtype=\"https:\/\/schema.org\/ImageObject\">\n\t\t\t\t<img decoding=\"async\" src=\"https:\/\/shrimataji.org\/test\/wp-content\/uploads\/2025\/12\/PT_shri-mataji-with-her-brother-hp-salve-babamama.jpg\" alt=\"Shri Mataji com Babamama - HP Salve\" height=\"422\" width=\"640\" title=\"PT_shri-mataji-with-her-brother-hp-salve-babamama\" onerror=\"this.style.display='none'\" loading=\"lazy\" \/>\n\t\t<figcaption>Shri Mataji com Babamama &#8211; HP Salve<\/figcaption>\n\t<\/figure>\n\t<p>Em 1961, Shri Mataji lan\u00e7ou a &#8220;Sociedade de Juventude para Filmes&#8221; para incentivar valores nacionais, sociais e morais entre os jovens. Ela tamb\u00e9m foi membro da Comiss\u00e3o de Censura de Filmes de Mumbai.<\/p>\n<figure itemscope itemtype=\"https:\/\/schema.org\/ImageObject\">\n\t\t\t\t<img decoding=\"async\" src=\"https:\/\/shrimataji.org\/test\/wp-content\/uploads\/2025\/12\/PT_shri-mataji-attending-the-film-fare-award-ceremony-in-bombay.jpg\" alt=\"Shri Mataji participando da cerim\u00f4nia de entrega dos pr\u00eamios FilmFare em Mumbai, d\u00e9cada de 1970.\" height=\"446\" width=\"663\" title=\"PT_shri-mataji-attending-the-film-fare-award-ceremony-in-bombay\" onerror=\"this.style.display='none'\" loading=\"lazy\" \/>\n\t\t<figcaption>Shri Mataji participando da cerim\u00f4nia de entrega dos pr\u00eamios FilmFare em Mumbai, d\u00e9cada de 1970.<\/figcaption>\n\t<\/figure>\n<figure itemscope itemtype=\"https:\/\/schema.org\/ImageObject\">\n\t\t\t\t<img decoding=\"async\" src=\"https:\/\/shrimataji.org\/test\/wp-content\/uploads\/2025\/12\/PT_shri-mataji-nirmala-devi-with-indian-film-board-members-in-mumbai.jpg\" alt=\"Shri Mataji com membros do Conselho de Premia\u00e7\u00e3o do Cinema em Mumbai\" height=\"512\" width=\"648\" title=\"PT_shri-mataji-nirmala-devi-with-indian-film-board-members-in-mumbai\" onerror=\"this.style.display='none'\" loading=\"lazy\" \/>\n\t\t<figcaption>Shri Mataji com membros do Conselho de Premia\u00e7\u00e3o do Cinema em Mumbai<\/figcaption>\n\t<\/figure>\n\t<p>&#8220;&#8230; Shri Mataji havia come\u00e7ado a construir uma casa em Lucknow,&#8221; recordou H.P. Salve. Quando ela viajava para Jabalpur para comprar m\u00e1rmore em grande quantidade, ele frequentemente a acompanhava, observando sua habilidade pr\u00e1tica em obter materiais de alta qualidade, esteticamente agrad\u00e1veis, diretamente de suas fontes e a um excelente pre\u00e7o. Essa habilidade se manteve \u00fatil ao longo dos anos, pois Shri Mataji supervisionou a constru\u00e7\u00e3o e reforma de muitas casas diferentes. Assumir propriedades deterioradas e repar\u00e1-las se tornou uma caracter\u00edstica da vida posterior de Shri Mataji, semelhante \u00e0 sua capacidade de acolher indiv\u00edduos danificados em sua casa e ajud\u00e1-los a retornar ao equil\u00edbrio e \u00e0 sa\u00fade.<\/p>\n<figure itemscope itemtype=\"https:\/\/schema.org\/ImageObject\">\n\t\t\t\t<img decoding=\"async\" src=\"https:\/\/shrimataji.org\/test\/wp-content\/uploads\/2025\/12\/PT_Prasthisthan_Outside.jpg\" alt=\"Casa de Shri Mataji em Prathisthan, Pune\" height=\"1333\" width=\"2000\" title=\"PT_Prasthisthan_Outside\" onerror=\"this.style.display='none'\" loading=\"lazy\" \/>\n\t\t<figcaption>Casa de Shri Mataji em Prathisthan, Pune<\/figcaption>\n\t<\/figure>\n<figure itemscope itemtype=\"https:\/\/schema.org\/ImageObject\">\n\t\t\t\t<img decoding=\"async\" src=\"https:\/\/shrimataji.org\/test\/wp-content\/uploads\/2025\/12\/PT_Prasthisthan_Inside1.jpg\" alt=\"Casa de Shri Mataji em Prathisthan, Pune\" height=\"800\" width=\"1200\" title=\"PT_Prasthisthan_Inside1\" onerror=\"this.style.display='none'\" loading=\"lazy\" \/>\n\t\t<figcaption>Casa de Shri Mataji em Prathisthan, Pune<\/figcaption>\n\t<\/figure>\n\t<p>O Sr. Salve escreveu em suas mem\u00f3rias: &#8220;Depois que fizemos o pedido do m\u00e1rmore, fomos encontrar uma prima nossa. A filha dela acabou sendo aluna de um professor da faculdade local, Robertson College, que estava dando palestras espirituais. Sabendo da inclina\u00e7\u00e3o de Shri Mataji pela espiritualidade, minha prima arranjou um encontro entre Shri Mataji e o professor. Ao ver Nirmala, ele correu com os bra\u00e7os levantados em dire\u00e7\u00e3o a ela, exclamando: &#8216;Oh M\u00e3e, &#8230; Eu estava esperando h\u00e1 tanto tempo para te encontrar! E hoje meu sonho se realizou.&#8217; Dito isso, ele se prostrou aos P\u00e9s de Shri Mataji. Eu fui testemunha pessoal de tudo isso, assim como minha prima e sua filha.&#8221;<\/p>\n<p>Isso aconteceu em 1961, ainda n\u00e3o sendo o momento em que Nirmala come\u00e7aria seu trabalho espiritual. Como uma esposa e m\u00e3e amorosa e dedicada, ela aguardou at\u00e9 que suas duas filhas crescessem e se casassem.<\/p>\n\t<h5>&#8220;Para Colocar o Mundo em Ordem, Devemos Primeiro Colocar a Na\u00e7\u00e3o em Ordem; Para Colocar a Na\u00e7\u00e3o em Ordem, Devemos Colocar a Fam\u00edlia em Ordem; Para Colocar a Fam\u00edlia em Ordem, Devemos Cultivar Nossa Vida Pessoal; E Para Cultivar Nossa Vida Pessoal, Devemos Primeiro Colocar Nossos Cora\u00e7\u00f5es em Ordem.&#8221;<\/h5>\n<h5>Confucius<\/h5>\n\t<hr \/>\n<h3>\n1.<a href=\"#citation-ref-1\">^<\/a><a name=\"citation-note-1\"><\/a>  H. P. Salve, &#8216;My Memoirs&#8217; New Delhi: Life Eternal Trust, 2000.<\/h3>\n\n","protected":false},"excerpt":{"rendered":"<p>Casa e Lar Onde o Mundo Inteiro \u00e9 uma Fam\u00edlia Shri Mataji com m\u00fasicos na Inglaterra O irm\u00e3o mais novo de Shri Mataji, Hemant Prasad Rao (&#8220;H.P.&#8221;) Salve, frequentemente ficava com ela enquanto se preparava para seus exames de contabilidade. O Sr. Salve recordou o cuidado e a aten\u00e7\u00e3o que sua irm\u00e3 lhe dava naquela&hellip; <br \/> <a class=\"read-more\" href=\"https:\/\/shrimataji.org\/test\/pt\/casa-lar\/\">Read more<\/a><\/p>\n","protected":false},"author":18,"featured_media":9509,"parent":0,"menu_order":0,"comment_status":"closed","ping_status":"closed","template":"","meta":{"inline_featured_image":false,"footnotes":""},"class_list":["post-10380","page","type-page","status-publish","has-post-thumbnail","hentry"],"yoast_head":"<!-- This site is optimized with the Yoast SEO plugin v27.4 - https:\/\/yoast.com\/product\/yoast-seo-wordpress\/ -->\n<title>Casa e Lar - TEST - SMND<\/title>\n<meta name=\"robots\" content=\"noindex, follow, max-snippet:-1, max-image-preview:large, max-video-preview:-1\" \/>\n<meta property=\"og:locale\" content=\"en_US\" \/>\n<meta property=\"og:type\" content=\"article\" \/>\n<meta property=\"og:title\" content=\"Casa e Lar - TEST - SMND\" \/>\n<meta property=\"og:description\" content=\"Casa e Lar Onde o Mundo Inteiro \u00e9 uma Fam\u00edlia Shri Mataji com m\u00fasicos na Inglaterra O irm\u00e3o mais novo de Shri Mataji, Hemant Prasad Rao (&#8220;H.P.&#8221;) Salve, frequentemente ficava com ela enquanto se preparava para seus exames de contabilidade. O Sr. Salve recordou o cuidado e a aten\u00e7\u00e3o que sua irm\u00e3 lhe dava naquela&hellip; Read more\" \/>\n<meta property=\"og:url\" content=\"https:\/\/shrimataji.org\/test\/pt\/casa-lar\/\" \/>\n<meta property=\"og:site_name\" content=\"TEST - SMND\" \/>\n<meta property=\"article:publisher\" content=\"https:\/\/www.facebook.com\/shrimataji\" \/>\n<meta property=\"article:modified_time\" content=\"2026-01-18T18:14:07+00:00\" \/>\n<meta property=\"og:image\" content=\"https:\/\/shrimataji.org\/test\/wp-content\/uploads\/2023\/03\/3_Banner_EarlyLife-House-scaled.jpg\" \/>\n\t<meta property=\"og:image:width\" content=\"2560\" \/>\n\t<meta property=\"og:image:height\" content=\"905\" \/>\n\t<meta property=\"og:image:type\" content=\"image\/jpeg\" \/>\n<meta name=\"twitter:card\" content=\"summary_large_image\" \/>\n<meta name=\"twitter:site\" content=\"@shrimataji\" \/>\n<script type=\"application\/ld+json\" class=\"yoast-schema-graph\">{\"@context\":\"https:\\\/\\\/schema.org\",\"@graph\":[{\"@type\":\"WebPage\",\"@id\":\"https:\\\/\\\/shrimataji.org\\\/test\\\/pt\\\/casa-lar\\\/\",\"url\":\"https:\\\/\\\/shrimataji.org\\\/test\\\/pt\\\/casa-lar\\\/\",\"name\":\"Casa e Lar - TEST - SMND\",\"isPartOf\":{\"@id\":\"https:\\\/\\\/shrimataji.org\\\/test\\\/#website\"},\"primaryImageOfPage\":{\"@id\":\"https:\\\/\\\/shrimataji.org\\\/test\\\/pt\\\/casa-lar\\\/#primaryimage\"},\"image\":{\"@id\":\"https:\\\/\\\/shrimataji.org\\\/test\\\/pt\\\/casa-lar\\\/#primaryimage\"},\"thumbnailUrl\":\"https:\\\/\\\/shrimataji.org\\\/test\\\/wp-content\\\/uploads\\\/2023\\\/03\\\/3_Banner_EarlyLife-House-scaled.jpg\",\"datePublished\":\"2018-07-10T06:54:50+00:00\",\"dateModified\":\"2026-01-18T18:14:07+00:00\",\"breadcrumb\":{\"@id\":\"https:\\\/\\\/shrimataji.org\\\/test\\\/pt\\\/casa-lar\\\/#breadcrumb\"},\"inLanguage\":\"en-US\",\"potentialAction\":[{\"@type\":\"ReadAction\",\"target\":[\"https:\\\/\\\/shrimataji.org\\\/test\\\/pt\\\/casa-lar\\\/\"]}]},{\"@type\":\"ImageObject\",\"inLanguage\":\"en-US\",\"@id\":\"https:\\\/\\\/shrimataji.org\\\/test\\\/pt\\\/casa-lar\\\/#primaryimage\",\"url\":\"https:\\\/\\\/shrimataji.org\\\/test\\\/wp-content\\\/uploads\\\/2023\\\/03\\\/3_Banner_EarlyLife-House-scaled.jpg\",\"contentUrl\":\"https:\\\/\\\/shrimataji.org\\\/test\\\/wp-content\\\/uploads\\\/2023\\\/03\\\/3_Banner_EarlyLife-House-scaled.jpg\",\"width\":2560,\"height\":905},{\"@type\":\"BreadcrumbList\",\"@id\":\"https:\\\/\\\/shrimataji.org\\\/test\\\/pt\\\/casa-lar\\\/#breadcrumb\",\"itemListElement\":[{\"@type\":\"ListItem\",\"position\":1,\"name\":\"Home\",\"item\":\"https:\\\/\\\/shrimataji.org\\\/test\\\/uk\\\/home-en\\\/\"},{\"@type\":\"ListItem\",\"position\":2,\"name\":\"Casa e Lar\"}]},{\"@type\":\"WebSite\",\"@id\":\"https:\\\/\\\/shrimataji.org\\\/test\\\/#website\",\"url\":\"https:\\\/\\\/shrimataji.org\\\/test\\\/\",\"name\":\"Shri Mataji Nirmala Devi\",\"description\":\"A Life Dedicated to Humanity\",\"publisher\":{\"@id\":\"https:\\\/\\\/shrimataji.org\\\/test\\\/#\\\/schema\\\/person\\\/a1b3419c6585f164aa96da1ff85715d1\"},\"potentialAction\":[{\"@type\":\"SearchAction\",\"target\":{\"@type\":\"EntryPoint\",\"urlTemplate\":\"https:\\\/\\\/shrimataji.org\\\/test\\\/?s={search_term_string}\"},\"query-input\":{\"@type\":\"PropertyValueSpecification\",\"valueRequired\":true,\"valueName\":\"search_term_string\"}}],\"inLanguage\":\"en-US\"},{\"@type\":[\"Person\",\"Organization\"],\"@id\":\"https:\\\/\\\/shrimataji.org\\\/test\\\/#\\\/schema\\\/person\\\/a1b3419c6585f164aa96da1ff85715d1\",\"name\":\"Nirmala Shrivastava\",\"image\":{\"@type\":\"ImageObject\",\"inLanguage\":\"en-US\",\"@id\":\"https:\\\/\\\/shrimataji.org\\\/test\\\/wp-content\\\/uploads\\\/2023\\\/02\\\/SMO_LOGO-03.svg\",\"url\":\"https:\\\/\\\/shrimataji.org\\\/test\\\/wp-content\\\/uploads\\\/2023\\\/02\\\/SMO_LOGO-03.svg\",\"contentUrl\":\"https:\\\/\\\/shrimataji.org\\\/test\\\/wp-content\\\/uploads\\\/2023\\\/02\\\/SMO_LOGO-03.svg\",\"width\":\"1024\",\"height\":\"1024\",\"caption\":\"Nirmala Shrivastava\"},\"logo\":{\"@id\":\"https:\\\/\\\/shrimataji.org\\\/test\\\/wp-content\\\/uploads\\\/2023\\\/02\\\/SMO_LOGO-03.svg\"},\"sameAs\":[\"https:\\\/\\\/shrimataji.org\\\/test\",\"https:\\\/\\\/www.facebook.com\\\/shrimataji\",\"https:\\\/\\\/x.com\\\/shrimataji\",\"https:\\\/\\\/www.youtube.com\\\/@Shri_Mataji_Nirmala_Devi\\\/featured\"]}]}<\/script>\n<!-- \/ Yoast SEO plugin. -->","yoast_head_json":{"title":"Casa e Lar - TEST - SMND","robots":{"index":"noindex","follow":"follow","max-snippet":"max-snippet:-1","max-image-preview":"max-image-preview:large","max-video-preview":"max-video-preview:-1"},"og_locale":"en_US","og_type":"article","og_title":"Casa e Lar - TEST - SMND","og_description":"Casa e Lar Onde o Mundo Inteiro \u00e9 uma Fam\u00edlia Shri Mataji com m\u00fasicos na Inglaterra O irm\u00e3o mais novo de Shri Mataji, Hemant Prasad Rao (&#8220;H.P.&#8221;) Salve, frequentemente ficava com ela enquanto se preparava para seus exames de contabilidade. O Sr. Salve recordou o cuidado e a aten\u00e7\u00e3o que sua irm\u00e3 lhe dava naquela&hellip; Read more","og_url":"https:\/\/shrimataji.org\/test\/pt\/casa-lar\/","og_site_name":"TEST - SMND","article_publisher":"https:\/\/www.facebook.com\/shrimataji","article_modified_time":"2026-01-18T18:14:07+00:00","og_image":[{"width":2560,"height":905,"url":"https:\/\/shrimataji.org\/test\/wp-content\/uploads\/2023\/03\/3_Banner_EarlyLife-House-scaled.jpg","type":"image\/jpeg"}],"twitter_card":"summary_large_image","twitter_site":"@shrimataji","schema":{"@context":"https:\/\/schema.org","@graph":[{"@type":"WebPage","@id":"https:\/\/shrimataji.org\/test\/pt\/casa-lar\/","url":"https:\/\/shrimataji.org\/test\/pt\/casa-lar\/","name":"Casa e Lar - TEST - SMND","isPartOf":{"@id":"https:\/\/shrimataji.org\/test\/#website"},"primaryImageOfPage":{"@id":"https:\/\/shrimataji.org\/test\/pt\/casa-lar\/#primaryimage"},"image":{"@id":"https:\/\/shrimataji.org\/test\/pt\/casa-lar\/#primaryimage"},"thumbnailUrl":"https:\/\/shrimataji.org\/test\/wp-content\/uploads\/2023\/03\/3_Banner_EarlyLife-House-scaled.jpg","datePublished":"2018-07-10T06:54:50+00:00","dateModified":"2026-01-18T18:14:07+00:00","breadcrumb":{"@id":"https:\/\/shrimataji.org\/test\/pt\/casa-lar\/#breadcrumb"},"inLanguage":"en-US","potentialAction":[{"@type":"ReadAction","target":["https:\/\/shrimataji.org\/test\/pt\/casa-lar\/"]}]},{"@type":"ImageObject","inLanguage":"en-US","@id":"https:\/\/shrimataji.org\/test\/pt\/casa-lar\/#primaryimage","url":"https:\/\/shrimataji.org\/test\/wp-content\/uploads\/2023\/03\/3_Banner_EarlyLife-House-scaled.jpg","contentUrl":"https:\/\/shrimataji.org\/test\/wp-content\/uploads\/2023\/03\/3_Banner_EarlyLife-House-scaled.jpg","width":2560,"height":905},{"@type":"BreadcrumbList","@id":"https:\/\/shrimataji.org\/test\/pt\/casa-lar\/#breadcrumb","itemListElement":[{"@type":"ListItem","position":1,"name":"Home","item":"https:\/\/shrimataji.org\/test\/uk\/home-en\/"},{"@type":"ListItem","position":2,"name":"Casa e Lar"}]},{"@type":"WebSite","@id":"https:\/\/shrimataji.org\/test\/#website","url":"https:\/\/shrimataji.org\/test\/","name":"Shri Mataji Nirmala Devi","description":"A Life Dedicated to Humanity","publisher":{"@id":"https:\/\/shrimataji.org\/test\/#\/schema\/person\/a1b3419c6585f164aa96da1ff85715d1"},"potentialAction":[{"@type":"SearchAction","target":{"@type":"EntryPoint","urlTemplate":"https:\/\/shrimataji.org\/test\/?s={search_term_string}"},"query-input":{"@type":"PropertyValueSpecification","valueRequired":true,"valueName":"search_term_string"}}],"inLanguage":"en-US"},{"@type":["Person","Organization"],"@id":"https:\/\/shrimataji.org\/test\/#\/schema\/person\/a1b3419c6585f164aa96da1ff85715d1","name":"Nirmala Shrivastava","image":{"@type":"ImageObject","inLanguage":"en-US","@id":"https:\/\/shrimataji.org\/test\/wp-content\/uploads\/2023\/02\/SMO_LOGO-03.svg","url":"https:\/\/shrimataji.org\/test\/wp-content\/uploads\/2023\/02\/SMO_LOGO-03.svg","contentUrl":"https:\/\/shrimataji.org\/test\/wp-content\/uploads\/2023\/02\/SMO_LOGO-03.svg","width":"1024","height":"1024","caption":"Nirmala Shrivastava"},"logo":{"@id":"https:\/\/shrimataji.org\/test\/wp-content\/uploads\/2023\/02\/SMO_LOGO-03.svg"},"sameAs":["https:\/\/shrimataji.org\/test","https:\/\/www.facebook.com\/shrimataji","https:\/\/x.com\/shrimataji","https:\/\/www.youtube.com\/@Shri_Mataji_Nirmala_Devi\/featured"]}]}},"lang":"pt","translations":{"pt":10380,"ur":37439,"en":440,"am":18013,"th":19962,"hu":19490,"sq":18414,"zh":17311,"tr":10168,"de":10654,"fr":10752,"es":10947,"ja":11244,"ru":11432,"bn":11624,"te":11732,"sw":11855,"he":12003,"el":12294,"sk":12392,"fa":12490,"fi":12588,"bg":13445,"it":13527,"ro":14519,"cs":14712,"nl":16574,"ku":16734,"ar":16910,"be":18621,"kn":18895,"mr":20326,"uk":20618,"ml":20915,"ta":22729,"sv":23002,"gu":28846,"pa":29006,"fil":29448,"da":37753,"pl":37966,"nn":38305},"pll_sync_post":[],"_links":{"self":[{"href":"https:\/\/shrimataji.org\/test\/wp-json\/wp\/v2\/pages\/10380","targetHints":{"allow":["GET"]}}],"collection":[{"href":"https:\/\/shrimataji.org\/test\/wp-json\/wp\/v2\/pages"}],"about":[{"href":"https:\/\/shrimataji.org\/test\/wp-json\/wp\/v2\/types\/page"}],"author":[{"embeddable":true,"href":"https:\/\/shrimataji.org\/test\/wp-json\/wp\/v2\/users\/18"}],"replies":[{"embeddable":true,"href":"https:\/\/shrimataji.org\/test\/wp-json\/wp\/v2\/comments?post=10380"}],"version-history":[{"count":0,"href":"https:\/\/shrimataji.org\/test\/wp-json\/wp\/v2\/pages\/10380\/revisions"}],"wp:featuredmedia":[{"embeddable":true,"href":"https:\/\/shrimataji.org\/test\/wp-json\/wp\/v2\/media\/9509"}],"wp:attachment":[{"href":"https:\/\/shrimataji.org\/test\/wp-json\/wp\/v2\/media?parent=10380"}],"curies":[{"name":"wp","href":"https:\/\/api.w.org\/{rel}","templated":true}]}}