{"id":10381,"date":"2022-01-23T03:18:48","date_gmt":"2022-01-23T03:18:48","guid":{"rendered":"https:\/\/test.shrimataji.org\/?page_id=6279"},"modified":"2026-01-18T18:43:16","modified_gmt":"2026-01-18T18:43:16","slug":"como-meditar","status":"publish","type":"page","link":"https:\/\/shrimataji.org\/test\/pt\/como-meditar\/","title":{"rendered":"Como Meditar"},"content":{"rendered":"\n\n\t<h1>Como Meditar<\/h1>\n<h2>Estabelecendo uma Rotina Di\u00e1ria<\/h2>\n<div class=\"su-quote su-quote-style-default\"><div class=\"su-quote-inner su-u-clearfix su-u-trim\"> Na Sahaja Yoga, voc\u00ea n\u00e3o precisa fazer medita\u00e7\u00e3o. Voc\u00ea est\u00e1 em medita\u00e7\u00e3o. Voc\u00ea se torna meditativo. <\/div><\/div>\n<h4>Uma vez que voc\u00ea tenha recebido sua <a href=\"https:\/\/shrimataji.org\/test\/pt\/realizacao-do-si\/\" target=\"_blank\" rel=\"noopener\">Realiza\u00e7\u00e3o do Si<\/a> atrav\u00e9s do despertar da sua <a href=\"https:\/\/shrimataji.org\/test\/pt\/kundalini-pt\/\" target=\"_blank\" rel=\"noopener\">Kundalini<\/a> \u00e9 necess\u00e1rio nutrir essa experi\u00eancia para mant\u00ea-la e aprofund\u00e1-la, assim como voc\u00ea nutriria uma semente em brota\u00e7\u00e3o com sol e \u00e1gua. A maneira mais importante de fazer isso \u00e9 meditar regularmente. A medita\u00e7\u00e3o \u00e9 mais um estado do que uma atividade, mas existem alguns passos simples que podemos seguir para estabelecer um ambiente e uma rotina que favore\u00e7am o aprofundamento desse estado meditativo.<\/h4>\n<p>Primeiramente, encontre um lugar onde voc\u00ea se sinta confort\u00e1vel e n\u00e3o seja incomodado. Voc\u00ea pode sentar no ch\u00e3o ou em uma cadeira, o que for mais f\u00e1cil para voc\u00ea. Coloque suas m\u00e3os no colo, com as palmas voltadas para cima. Acalme-se, relaxe e traga sua aten\u00e7\u00e3o para dentro, tentando observar o que est\u00e1 acontecendo dentro de voc\u00ea. Observe seus pensamentos e deixe-os desacelerar. Depois, deseje o estado de sil\u00eancio e felicidade que a medita\u00e7\u00e3o pode trazer, e que voc\u00ea experimentou durante o primeiro exerc\u00edcio pr\u00e1tico de medita\u00e7\u00e3o, quando vivenciou sua realiza\u00e7\u00e3o do si. O desejo \u00e9 a primeira t\u00e9cnica da <a href=\"https:\/\/shrimataji.org\/test\/pt\/meditacao-na-sahaja-yoga\/\" target=\"_blank\" rel=\"noopener\">Medita\u00e7\u00e3o da Sahaja Yoga<\/a> e \u00e9 o que o levar\u00e1 a um passo mais profundo em seu estado meditativo, cada vez que voc\u00ea direcionar sua aten\u00e7\u00e3o para dentro.<\/p>\n\t<p>Uma segunda t\u00e9cnica, uma vez que voc\u00ea esteja calmo, \u00e9 trazer suavemente sua aten\u00e7\u00e3o para a \u00e1rea da fontanelle no topo da sua cabe\u00e7a. Esse \u00e9 o <a href=\"https:\/\/shrimataji.org\/test\/pt\/sahasrara-chakra-pt\/\" target=\"_blank\" rel=\"noopener\">Sahasrara Chakra<\/a> onde a Kundalini sai da cabe\u00e7a ap\u00f3s iluminar o sistema l\u00edmbico. Este \u00e9 o dom\u00ednio que est\u00e1 acima do nosso processo de pensamento e onde estamos conectados ao inconsciente coletivo. Voc\u00ea tamb\u00e9m pode colocar o centro de sua palma na \u00e1rea da fontanelle, empurrar os dedos para tr\u00e1s e pressionar um pouco o couro cabeludo, fazendo movimentos circulares. Isso \u00e9 semelhante ao \u00faltimo passo que voc\u00ea deu durante o exerc\u00edcio para alcan\u00e7ar sua realiza\u00e7\u00e3o do si. Isso ajuda a trazer a aten\u00e7\u00e3o para o \u00faltimo Chakra e estabelecer a conex\u00e3o.<\/p>\n<p>Agora, d\u00ea a si mesmo um tempo para que o estado meditativo se estabele\u00e7a. Observe a si mesmo, os movimentos da Kundalini, o aprofundamento de sua aten\u00e7\u00e3o, a paz e tranquilidade que surgem \u00e0 medida que os pensamentos diminuem e a sensa\u00e7\u00e3o crescente de alegria. Como um processo vivo, a medita\u00e7\u00e3o segue seu pr\u00f3prio curso e a Kundalini trar\u00e1 luz sobre novos e belos aspectos de voc\u00ea mesmo. Embora o sistema sutil de <a href=\"https:\/\/shrimataji.org\/test\/pt\/chakras-qualidades\/\" target=\"_blank\" rel=\"noopener\"><u>Chakras<\/u><\/a> e <a href=\"https:\/\/shrimataji.org\/test\/pt\/nadis-tres-estados\/\" target=\"_blank\" rel=\"noopener\"><u>Canais<\/u><\/a> seja o mesmo em cada um de n\u00f3s, cada pessoa tem sua pr\u00f3pria experi\u00eancia pessoal e caminho espiritual &#8211; siga esse caminho como uma jornada de autodescoberta.<\/p>\n<p>Ao final da sua medita\u00e7\u00e3o, voc\u00ea pode colocar a m\u00e3o alguns cent\u00edmetros acima da cabe\u00e7a para ver se sente uma brisa fria ou quente. Com mais pr\u00e1tica, voc\u00ea pode manter a aten\u00e7\u00e3o no seu Sahasrara Chakra durante o dia tamb\u00e9m. A energia que desperta a Kundalini emana de Shri Mataji, ent\u00e3o colocar uma imagem de Shri Mataji \u00e0 sua frente enquanto medita ajudar\u00e1 a fortalecer o despertar da sua Kundalini e aprofundar sua medita\u00e7\u00e3o. Voc\u00ea pode baixar e imprimir a imagem atrav\u00e9s deste \u00a0<a href=\"https:\/\/shrimataji.org\/test\/pt\/experimente-sua-realizacao-do-si\/\"><u>link<\/u><\/a> , se desejar.<\/p>\n<p>Tamb\u00e9m ajuda usar os elementos: voc\u00ea pode colocar uma vela \u00e0 frente da imagem de Shri Mataji para representar o elemento fogo e a luz. A fragr\u00e2ncia de incenso representa o elemento terra. M\u00fasicas que s\u00e3o equilibradas e suaves (a maioria das formas de m\u00fasica cl\u00e1ssica, tanto oriental quanto ocidental) podem ajud\u00e1-lo a se acalmar, mas \u00e9 importante passar um tempo em sil\u00eancio com a aten\u00e7\u00e3o voltada para dentro.<\/p>\n<div class=\"su-quote su-quote-style-default\"><div class=\"su-quote-inner su-u-clearfix su-u-trim\"> Na medita\u00e7\u00e3o, voc\u00ea se torna consciente, mas sem pensamentos. Na consci\u00eancia sem pensamentos, voc\u00ea come\u00e7a a crescer. Esse \u00e9 um estado que precisa ser alcan\u00e7ado. <\/div><\/div>\n<p>Como qualquer processo vivo, sua experi\u00eancia meditativa seguir\u00e1 seu curso natural \u00e0 medida que voc\u00ea pratica a Sahaja Yoga. A rotina que descrevemos aqui proporcionar\u00e1 o ambiente necess\u00e1rio para que esse processo aconte\u00e7a. A medita\u00e7\u00e3o regular ajudar\u00e1 a fortalecer sua Kundalini, aprofundar seu estado meditativo e experimentar a alegria do seu eu interior.<\/p>\n<p>Idealmente, voc\u00ea pode reservar um tempo para meditar pela manh\u00e3 e \u00e0 noite. Ap\u00f3s algumas semanas, voc\u00ea dever\u00e1 sentir os resultados e os benef\u00edcios. N\u00e3o h\u00e1 uma regra clara sobre quanto tempo voc\u00ea deve meditar &#8211; alguns praticantes meditam por 10 minutos, outros por mais de uma hora, e isso pode variar de um dia para o outro. O que \u00e9 importante \u00e9 que voc\u00ea experimente o estado meditativo. Como uma boa rotina inicial, recomendamos pelo menos 10-15 minutos para permitir que a Kundalini fortale\u00e7a seu sistema sutil e para que o estado meditativo se estabele\u00e7a.<\/p>\n<p>Voc\u00ea pode usar o <a href=\"https:\/\/shrimataji.org\/test\/wp-content\/uploads\/2023\/03\/Meditation-and-Balancing-Guide.pdf\" target=\"_blank\" rel=\"noopener\"><strong>Guia de Medita\u00e7\u00e3o e Equil\u00edbrio<\/strong><\/a>, para criar em uma rotina di\u00e1ria de medita\u00e7\u00e3o.<\/p>\n<p>Obter sua realiza\u00e7\u00e3o do si \u00e9 o primeiro passo para uma jornada espiritual, e cada medita\u00e7\u00e3o \u00e9 um passo a mais nesse caminho. Desejamos a voc\u00ea o melhor em sua jornada de auto conhecimento.<\/p>\n\n","protected":false},"excerpt":{"rendered":"<p>Como Meditar Estabelecendo uma Rotina Di\u00e1ria Uma vez que voc\u00ea tenha recebido sua Realiza\u00e7\u00e3o do Si atrav\u00e9s do despertar da sua Kundalini \u00e9 necess\u00e1rio nutrir essa experi\u00eancia para mant\u00ea-la e aprofund\u00e1-la, assim como voc\u00ea nutriria uma semente em brota\u00e7\u00e3o com sol e \u00e1gua. A maneira mais importante de fazer isso \u00e9 meditar regularmente. A medita\u00e7\u00e3o&hellip; <br \/> <a class=\"read-more\" href=\"https:\/\/shrimataji.org\/test\/pt\/como-meditar\/\">Read more<\/a><\/p>\n","protected":false},"author":18,"featured_media":9267,"parent":0,"menu_order":0,"comment_status":"closed","ping_status":"closed","template":"","meta":{"inline_featured_image":false,"footnotes":""},"class_list":["post-10381","page","type-page","status-publish","has-post-thumbnail","hentry"],"yoast_head":"<!-- This site is optimized with the Yoast SEO plugin v27.4 - https:\/\/yoast.com\/product\/yoast-seo-wordpress\/ -->\n<title>Como Meditar - TEST - SMND<\/title>\n<meta name=\"robots\" content=\"noindex, follow, max-snippet:-1, max-image-preview:large, max-video-preview:-1\" \/>\n<meta property=\"og:locale\" content=\"en_US\" \/>\n<meta property=\"og:type\" content=\"article\" \/>\n<meta property=\"og:title\" content=\"Como Meditar - TEST - SMND\" \/>\n<meta property=\"og:description\" content=\"Como Meditar Estabelecendo uma Rotina Di\u00e1ria Uma vez que voc\u00ea tenha recebido sua Realiza\u00e7\u00e3o do Si atrav\u00e9s do despertar da sua Kundalini \u00e9 necess\u00e1rio nutrir essa experi\u00eancia para mant\u00ea-la e aprofund\u00e1-la, assim como voc\u00ea nutriria uma semente em brota\u00e7\u00e3o com sol e \u00e1gua. A maneira mais importante de fazer isso \u00e9 meditar regularmente. A medita\u00e7\u00e3o&hellip; Read more\" \/>\n<meta property=\"og:url\" content=\"https:\/\/shrimataji.org\/test\/pt\/como-meditar\/\" \/>\n<meta property=\"og:site_name\" content=\"TEST - SMND\" \/>\n<meta property=\"article:publisher\" content=\"https:\/\/www.facebook.com\/shrimataji\" \/>\n<meta property=\"article:modified_time\" content=\"2026-01-18T18:43:16+00:00\" \/>\n<meta property=\"og:image\" content=\"https:\/\/shrimataji.org\/test\/wp-content\/uploads\/2023\/03\/5_Banner-SY-HowtoMeditate-scaled.jpg\" \/>\n\t<meta property=\"og:image:width\" content=\"2560\" \/>\n\t<meta property=\"og:image:height\" content=\"905\" \/>\n\t<meta property=\"og:image:type\" content=\"image\/jpeg\" \/>\n<meta name=\"twitter:card\" content=\"summary_large_image\" \/>\n<meta name=\"twitter:site\" content=\"@shrimataji\" \/>\n<script type=\"application\/ld+json\" class=\"yoast-schema-graph\">{\"@context\":\"https:\\\/\\\/schema.org\",\"@graph\":[{\"@type\":\"WebPage\",\"@id\":\"https:\\\/\\\/shrimataji.org\\\/test\\\/pt\\\/como-meditar\\\/\",\"url\":\"https:\\\/\\\/shrimataji.org\\\/test\\\/pt\\\/como-meditar\\\/\",\"name\":\"Como Meditar - TEST - SMND\",\"isPartOf\":{\"@id\":\"https:\\\/\\\/shrimataji.org\\\/test\\\/#website\"},\"primaryImageOfPage\":{\"@id\":\"https:\\\/\\\/shrimataji.org\\\/test\\\/pt\\\/como-meditar\\\/#primaryimage\"},\"image\":{\"@id\":\"https:\\\/\\\/shrimataji.org\\\/test\\\/pt\\\/como-meditar\\\/#primaryimage\"},\"thumbnailUrl\":\"https:\\\/\\\/shrimataji.org\\\/test\\\/wp-content\\\/uploads\\\/2023\\\/03\\\/5_Banner-SY-HowtoMeditate-scaled.jpg\",\"datePublished\":\"2022-01-23T03:18:48+00:00\",\"dateModified\":\"2026-01-18T18:43:16+00:00\",\"breadcrumb\":{\"@id\":\"https:\\\/\\\/shrimataji.org\\\/test\\\/pt\\\/como-meditar\\\/#breadcrumb\"},\"inLanguage\":\"en-US\",\"potentialAction\":[{\"@type\":\"ReadAction\",\"target\":[\"https:\\\/\\\/shrimataji.org\\\/test\\\/pt\\\/como-meditar\\\/\"]}]},{\"@type\":\"ImageObject\",\"inLanguage\":\"en-US\",\"@id\":\"https:\\\/\\\/shrimataji.org\\\/test\\\/pt\\\/como-meditar\\\/#primaryimage\",\"url\":\"https:\\\/\\\/shrimataji.org\\\/test\\\/wp-content\\\/uploads\\\/2023\\\/03\\\/5_Banner-SY-HowtoMeditate-scaled.jpg\",\"contentUrl\":\"https:\\\/\\\/shrimataji.org\\\/test\\\/wp-content\\\/uploads\\\/2023\\\/03\\\/5_Banner-SY-HowtoMeditate-scaled.jpg\",\"width\":2560,\"height\":905},{\"@type\":\"BreadcrumbList\",\"@id\":\"https:\\\/\\\/shrimataji.org\\\/test\\\/pt\\\/como-meditar\\\/#breadcrumb\",\"itemListElement\":[{\"@type\":\"ListItem\",\"position\":1,\"name\":\"Home\",\"item\":\"https:\\\/\\\/shrimataji.org\\\/test\\\/uk\\\/home-en\\\/\"},{\"@type\":\"ListItem\",\"position\":2,\"name\":\"Como Meditar\"}]},{\"@type\":\"WebSite\",\"@id\":\"https:\\\/\\\/shrimataji.org\\\/test\\\/#website\",\"url\":\"https:\\\/\\\/shrimataji.org\\\/test\\\/\",\"name\":\"Shri Mataji Nirmala Devi\",\"description\":\"A Life Dedicated to Humanity\",\"publisher\":{\"@id\":\"https:\\\/\\\/shrimataji.org\\\/test\\\/#\\\/schema\\\/person\\\/a1b3419c6585f164aa96da1ff85715d1\"},\"potentialAction\":[{\"@type\":\"SearchAction\",\"target\":{\"@type\":\"EntryPoint\",\"urlTemplate\":\"https:\\\/\\\/shrimataji.org\\\/test\\\/?s={search_term_string}\"},\"query-input\":{\"@type\":\"PropertyValueSpecification\",\"valueRequired\":true,\"valueName\":\"search_term_string\"}}],\"inLanguage\":\"en-US\"},{\"@type\":[\"Person\",\"Organization\"],\"@id\":\"https:\\\/\\\/shrimataji.org\\\/test\\\/#\\\/schema\\\/person\\\/a1b3419c6585f164aa96da1ff85715d1\",\"name\":\"Nirmala Shrivastava\",\"image\":{\"@type\":\"ImageObject\",\"inLanguage\":\"en-US\",\"@id\":\"https:\\\/\\\/shrimataji.org\\\/test\\\/wp-content\\\/uploads\\\/2023\\\/02\\\/SMO_LOGO-03.svg\",\"url\":\"https:\\\/\\\/shrimataji.org\\\/test\\\/wp-content\\\/uploads\\\/2023\\\/02\\\/SMO_LOGO-03.svg\",\"contentUrl\":\"https:\\\/\\\/shrimataji.org\\\/test\\\/wp-content\\\/uploads\\\/2023\\\/02\\\/SMO_LOGO-03.svg\",\"width\":\"1024\",\"height\":\"1024\",\"caption\":\"Nirmala Shrivastava\"},\"logo\":{\"@id\":\"https:\\\/\\\/shrimataji.org\\\/test\\\/wp-content\\\/uploads\\\/2023\\\/02\\\/SMO_LOGO-03.svg\"},\"sameAs\":[\"https:\\\/\\\/shrimataji.org\\\/test\",\"https:\\\/\\\/www.facebook.com\\\/shrimataji\",\"https:\\\/\\\/x.com\\\/shrimataji\",\"https:\\\/\\\/www.youtube.com\\\/@Shri_Mataji_Nirmala_Devi\\\/featured\"]}]}<\/script>\n<!-- \/ Yoast SEO plugin. -->","yoast_head_json":{"title":"Como Meditar - TEST - SMND","robots":{"index":"noindex","follow":"follow","max-snippet":"max-snippet:-1","max-image-preview":"max-image-preview:large","max-video-preview":"max-video-preview:-1"},"og_locale":"en_US","og_type":"article","og_title":"Como Meditar - TEST - SMND","og_description":"Como Meditar Estabelecendo uma Rotina Di\u00e1ria Uma vez que voc\u00ea tenha recebido sua Realiza\u00e7\u00e3o do Si atrav\u00e9s do despertar da sua Kundalini \u00e9 necess\u00e1rio nutrir essa experi\u00eancia para mant\u00ea-la e aprofund\u00e1-la, assim como voc\u00ea nutriria uma semente em brota\u00e7\u00e3o com sol e \u00e1gua. A maneira mais importante de fazer isso \u00e9 meditar regularmente. A medita\u00e7\u00e3o&hellip; Read more","og_url":"https:\/\/shrimataji.org\/test\/pt\/como-meditar\/","og_site_name":"TEST - SMND","article_publisher":"https:\/\/www.facebook.com\/shrimataji","article_modified_time":"2026-01-18T18:43:16+00:00","og_image":[{"width":2560,"height":905,"url":"https:\/\/shrimataji.org\/test\/wp-content\/uploads\/2023\/03\/5_Banner-SY-HowtoMeditate-scaled.jpg","type":"image\/jpeg"}],"twitter_card":"summary_large_image","twitter_site":"@shrimataji","schema":{"@context":"https:\/\/schema.org","@graph":[{"@type":"WebPage","@id":"https:\/\/shrimataji.org\/test\/pt\/como-meditar\/","url":"https:\/\/shrimataji.org\/test\/pt\/como-meditar\/","name":"Como Meditar - TEST - SMND","isPartOf":{"@id":"https:\/\/shrimataji.org\/test\/#website"},"primaryImageOfPage":{"@id":"https:\/\/shrimataji.org\/test\/pt\/como-meditar\/#primaryimage"},"image":{"@id":"https:\/\/shrimataji.org\/test\/pt\/como-meditar\/#primaryimage"},"thumbnailUrl":"https:\/\/shrimataji.org\/test\/wp-content\/uploads\/2023\/03\/5_Banner-SY-HowtoMeditate-scaled.jpg","datePublished":"2022-01-23T03:18:48+00:00","dateModified":"2026-01-18T18:43:16+00:00","breadcrumb":{"@id":"https:\/\/shrimataji.org\/test\/pt\/como-meditar\/#breadcrumb"},"inLanguage":"en-US","potentialAction":[{"@type":"ReadAction","target":["https:\/\/shrimataji.org\/test\/pt\/como-meditar\/"]}]},{"@type":"ImageObject","inLanguage":"en-US","@id":"https:\/\/shrimataji.org\/test\/pt\/como-meditar\/#primaryimage","url":"https:\/\/shrimataji.org\/test\/wp-content\/uploads\/2023\/03\/5_Banner-SY-HowtoMeditate-scaled.jpg","contentUrl":"https:\/\/shrimataji.org\/test\/wp-content\/uploads\/2023\/03\/5_Banner-SY-HowtoMeditate-scaled.jpg","width":2560,"height":905},{"@type":"BreadcrumbList","@id":"https:\/\/shrimataji.org\/test\/pt\/como-meditar\/#breadcrumb","itemListElement":[{"@type":"ListItem","position":1,"name":"Home","item":"https:\/\/shrimataji.org\/test\/uk\/home-en\/"},{"@type":"ListItem","position":2,"name":"Como Meditar"}]},{"@type":"WebSite","@id":"https:\/\/shrimataji.org\/test\/#website","url":"https:\/\/shrimataji.org\/test\/","name":"Shri Mataji Nirmala Devi","description":"A Life Dedicated to Humanity","publisher":{"@id":"https:\/\/shrimataji.org\/test\/#\/schema\/person\/a1b3419c6585f164aa96da1ff85715d1"},"potentialAction":[{"@type":"SearchAction","target":{"@type":"EntryPoint","urlTemplate":"https:\/\/shrimataji.org\/test\/?s={search_term_string}"},"query-input":{"@type":"PropertyValueSpecification","valueRequired":true,"valueName":"search_term_string"}}],"inLanguage":"en-US"},{"@type":["Person","Organization"],"@id":"https:\/\/shrimataji.org\/test\/#\/schema\/person\/a1b3419c6585f164aa96da1ff85715d1","name":"Nirmala Shrivastava","image":{"@type":"ImageObject","inLanguage":"en-US","@id":"https:\/\/shrimataji.org\/test\/wp-content\/uploads\/2023\/02\/SMO_LOGO-03.svg","url":"https:\/\/shrimataji.org\/test\/wp-content\/uploads\/2023\/02\/SMO_LOGO-03.svg","contentUrl":"https:\/\/shrimataji.org\/test\/wp-content\/uploads\/2023\/02\/SMO_LOGO-03.svg","width":"1024","height":"1024","caption":"Nirmala Shrivastava"},"logo":{"@id":"https:\/\/shrimataji.org\/test\/wp-content\/uploads\/2023\/02\/SMO_LOGO-03.svg"},"sameAs":["https:\/\/shrimataji.org\/test","https:\/\/www.facebook.com\/shrimataji","https:\/\/x.com\/shrimataji","https:\/\/www.youtube.com\/@Shri_Mataji_Nirmala_Devi\/featured"]}]}},"lang":"pt","translations":{"pt":10381,"ur":37441,"en":7045,"am":18015,"th":19965,"hu":19492,"sq":18416,"zh":17313,"hi":8283,"tr":10169,"de":10655,"fr":10753,"it":10851,"es":10948,"ja":11245,"ru":11433,"bn":11625,"te":11733,"sw":11856,"he":12004,"el":12295,"sk":12393,"fa":12491,"fi":12589,"bg":13409,"ro":14483,"cs":14676,"nl":16576,"ku":16736,"ar":16912,"be":18623,"kn":18897,"mr":20329,"uk":20621,"ml":20918,"ta":22731,"sv":23004,"gu":28848,"pa":29008,"fil":29450,"da":37755,"pl":37968,"nn":38307},"pll_sync_post":[],"_links":{"self":[{"href":"https:\/\/shrimataji.org\/test\/wp-json\/wp\/v2\/pages\/10381","targetHints":{"allow":["GET"]}}],"collection":[{"href":"https:\/\/shrimataji.org\/test\/wp-json\/wp\/v2\/pages"}],"about":[{"href":"https:\/\/shrimataji.org\/test\/wp-json\/wp\/v2\/types\/page"}],"author":[{"embeddable":true,"href":"https:\/\/shrimataji.org\/test\/wp-json\/wp\/v2\/users\/18"}],"replies":[{"embeddable":true,"href":"https:\/\/shrimataji.org\/test\/wp-json\/wp\/v2\/comments?post=10381"}],"version-history":[{"count":0,"href":"https:\/\/shrimataji.org\/test\/wp-json\/wp\/v2\/pages\/10381\/revisions"}],"wp:featuredmedia":[{"embeddable":true,"href":"https:\/\/shrimataji.org\/test\/wp-json\/wp\/v2\/media\/9267"}],"wp:attachment":[{"href":"https:\/\/shrimataji.org\/test\/wp-json\/wp\/v2\/media?parent=10381"}],"curies":[{"name":"wp","href":"https:\/\/api.w.org\/{rel}","templated":true}]}}