{"id":10387,"date":"2022-01-29T10:17:23","date_gmt":"2022-01-29T10:17:23","guid":{"rendered":"https:\/\/test.shrimataji.org\/?page_id=6401"},"modified":"2026-01-19T11:42:41","modified_gmt":"2026-01-19T11:42:41","slug":"kundalini-pt","status":"publish","type":"page","link":"https:\/\/shrimataji.org\/test\/pt\/kundalini-pt\/","title":{"rendered":"Kundalini PT"},"content":{"rendered":"\n\n\t<h1>Kundalini<\/h1>\n<h2>O Poder Evolutivo do Amor<\/h2>\n\t<div class=\"su-quote su-quote-style-default\"><div class=\"su-quote-inner su-u-clearfix su-u-trim\">Eu vi a Kundalini primordial subindo como uma grande fornalha, e a fornalha era muito silenciosa, mas com uma apar\u00eancia ardente: como se voc\u00ea aquecesse algum metal e ele tivesse muitas cores, da mesma forma, a Kundalini se apresentou como uma enorme fornalha, digamos, como uma fornalha que se parece com um t\u00fanel, onde voc\u00ea v\u00ea aquelas plantas usadas para queimar carv\u00e3o e gerar eletricidade; e ela se estendia como um telesc\u00f3pio, uma ap\u00f3s a outra, saindo &#8211; atirando, atirando, atirando &#8211; assim.<\/div><\/div>\n\t<h4>A experi\u00eancia espiritual inata de Shri Mataji sobre o despertar da Kundalini e seus complexos funcionamentos em nosso sistema sutil tornou-se a base da medita\u00e7\u00e3o da Sahaja Yoga, que ela espalhou para o mundo. Como uma mestre e autoridade absoluta \u00a0nesse campo, ela descreve em detalhes como a Kundalini entra em um est\u00e1gio muito inicial da forma\u00e7\u00e3o fetal, sua natureza divina e as raz\u00f5es pelas quais essa poderosa for\u00e7a divina de amor respeita nossa liberdade e n\u00e3o interfere em nosso livre-arb\u00edtrio.<\/h4>\n<p>Somente o nosso desejo puro de experimentar a verdade absoluta desencadeia o despertar desse poder espiritual em nossa consci\u00eancia e nos conduz \u00e0 nossa realiza\u00e7\u00e3o do si.<\/p>\n\t<p>Em cada ser humano existe essa forma sutil, arquet\u00edpica e feminina de energia espiritual localizada no osso sacro, o grande osso triangular na base da coluna vertebral. Essa energia feminina \u00e9 conhecida em s\u00e2nscrito como Kundalini, que significa &#8220;enrolada&#8221;, pois est\u00e1 enrolada em tr\u00eas e meia espirais. Quando a Kundalini \u00e9 despertada, ela sobe pela coluna vertebral e passa pelos nossos centros de energia &#8211; os <a href=\"https:\/\/shrimataji.org\/test\/pt\/chakras-qualidades\/\"><u>Chakras<\/u><\/a>, emergindo pela \u00e1rea da fontanela, a parte da cabe\u00e7a que \u00e9 macia nos beb\u00eas. Quando a Kundalini passa por essa \u00e1rea, n\u00f3s a experimentamos como uma brisa suave e fresca, como se estivesse saindo de uma fonte. Curiosamente, o nome fontanela vem da antiga palavra francesa &#8220;fontanelle&#8221;, que significa &#8220;pequena fonte&#8221;.<\/p>\n<p>A Kundalini \u00e9 um reflexo do poder eterno do amor divino, a fonte de toda cria\u00e7\u00e3o. \u00c9 a for\u00e7a universal que pensa, entende, coordena, trabalha em conjunto e desenvolve tudo em um padr\u00e3o harmonioso, desde as menores part\u00edculas at\u00f4micas at\u00e9 as formas de vida unicelulares.<\/p>\n<figure itemscope itemtype=\"https:\/\/schema.org\/ImageObject\">\n\t\t\t\t<a href=\"https:\/\/shrimataji.org\/test\/wp-content\/uploads\/2023\/02\/1a-Kundalini-01.png\"  target=\"_blank\" rel=\"noopener\"  itemprop=\"url\">\n\t\t\t\t<img decoding=\"async\" src=\"https:\/\/shrimataji.org\/test\/wp-content\/uploads\/2025\/11\/pt-1a-Kundalini-01-scaled.png\" alt=\"pt-1a-Kundalini-01\" height=\"2560\" width=\"2403\" title=\"pt-1a-Kundalini-01\" onerror=\"this.style.display='none'\" loading=\"lazy\" \/>\n\t\t\t\t<\/a>\n\t<\/figure>\n<figure itemscope itemtype=\"https:\/\/schema.org\/ImageObject\">\n\t\t\t\t<img decoding=\"async\" src=\"https:\/\/shrimataji.org\/test\/wp-content\/uploads\/2023\/02\/Sacrum-1-scaled.jpg\" alt=\"Sacrum\" height=\"2225\" width=\"2560\" title=\"Sacrum\" onerror=\"this.style.display='none'\" loading=\"lazy\" \/>\n\t<\/figure>\n\t<p>Shri Mataji destacou que, embora o conhecimento sobre a Kundalini tenha sido mantido em segredo em certos setores das tradi\u00e7\u00f5es da yoga, como os Natha Panthis, h\u00e1 abundantes refer\u00eancias ao aspecto da Kundalini em muitas culturas e tradi\u00e7\u00f5es antigas. Estas incluem refer\u00eancias antigas ao osso triangular na extremidade da coluna vertebral, onde a Kundalini reside, chamado &#8220;Os Sacrum&#8221;, que significa sagrado e foi derivado como uma tradu\u00e7\u00e3o direta do grego antigo &#8220;Hieron osteon&#8221;. Tamb\u00e9m h\u00e1 refer\u00eancias \u00e0 cultura eg\u00edpcia antiga, que considerava esse osso sagrado para Os\u00edris, o deus da ressurrei\u00e7\u00e3o e da agricultura. Encontra-se tamb\u00e9m uma refer\u00eancia a esse osso sagrado na B\u00edblia, no Salmo 34:20: &#8220;Ele protege todos os seus ossos, nenhum deles \u00e9 quebrado.&#8221; O Caduceu, que se tornou um s\u00edmbolo da alquimia e da farm\u00e1cia na Europa medieval, mostra duas serpentes espiralando sete vezes ao redor de um poste. Muitas obras de arte antigas retratam a forma das tr\u00eas e meia espirais da Kundalini. Tudo isso indica que, ao longo da hist\u00f3ria, as pessoas foram inconscientemente guiadas por esse poder sutil.<\/p>\n\t<div class=\"epyt-video-wrapper\"><div  data-ep-a=\"fadeIn\"  style=\"display: block; margin: 0px auto;\"  id=\"_ytid_89539\"  width=\"3840\" height=\"2160\"  data-origwidth=\"3840\" data-origheight=\"2160\" data-facadesrc=\"https:\/\/www.youtube.com\/embed\/d9vKBI_X_QY?enablejsapi=1&autoplay=0&cc_load_policy=0&cc_lang_pref=&iv_load_policy=1&loop=0&rel=0&fs=1&playsinline=1&autohide=2&theme=dark&color=red&controls=1&disablekb=0&\" class=\"__youtube_prefs__ epyt-facade  no-lazyload\" data-epautoplay=\"1\" ><img decoding=\"async\" data-spai-excluded=\"true\" class=\"epyt-facade-poster skip-lazy\" loading=\"lazy\"  alt=\"YouTube player\"  src=\"https:\/\/i.ytimg.com\/vi\/d9vKBI_X_QY\/maxresdefault.jpg\"  \/><button class=\"epyt-facade-play\" aria-label=\"Play\"><svg data-no-lazy=\"1\" height=\"100%\" version=\"1.1\" viewBox=\"0 0 68 48\" width=\"100%\"><path class=\"ytp-large-play-button-bg\" d=\"M66.52,7.74c-0.78-2.93-2.49-5.41-5.42-6.19C55.79,.13,34,0,34,0S12.21,.13,6.9,1.55 C3.97,2.33,2.27,4.81,1.48,7.74C0.06,13.05,0,24,0,24s0.06,10.95,1.48,16.26c0.78,2.93,2.49,5.41,5.42,6.19 C12.21,47.87,34,48,34,48s21.79-0.13,27.1-1.55c2.93-0.78,4.64-3.26,5.42-6.19C67.94,34.95,68,24,68,24S67.94,13.05,66.52,7.74z\" fill=\"#f00\"><\/path><path d=\"M 45,24 27,14 27,34\" fill=\"#fff\"><\/path><\/svg><\/button><\/div><\/div><span itemprop=\"video\" itemscope itemtype=\"http:\/\/schema.org\/VideoObject\"><meta itemprop=\"embedUrl\" content=\"https:\/\/www.youtube.com\/embed\/d9vKBI_X_QY\"><meta itemprop=\"name\" content=\"Kundalini, the pure desire\"><meta itemprop=\"description\" content=\"YouTube video\"><meta itemprop=\"thumbnailUrl\" content=\"https:\/\/i.ytimg.com\/vi\/d9vKBI_X_QY\/0.jpg\"><meta itemprop=\"duration\" content=\"PT3M57S\"><meta itemprop=\"uploadDate\" content=\"2022-11-12T03:31:46Z\"><\/span>\n\t<p>Shri Mataji esclareceu muitos conceitos err\u00f4neos sobre o despertar da Kundalini, de que este seria perigoso ou prejudicial. Ela fez uma analogia clara, comparando a Kundalini \u00e0 nossa pr\u00f3pria m\u00e3e espiritual inata, que acompanha a jornada de nossa vida, ao longo de muitas encarna\u00e7\u00f5es, e espera pacientemente at\u00e9 que desejemos alcan\u00e7ar nossa realiza\u00e7\u00e3o do si. Nem mesmo em qualquer esp\u00e9cie da natureza na Terra acontece que uma m\u00e3e prejudique seu pr\u00f3prio filho. Pelo contr\u00e1rio, \u00e9 a m\u00e3e quem protege, nutre e apoia o filho para que ele possa atingir seu pleno potencial evolutivo.<\/p>\n<h5>&#8220;Sem forma, mas completa, existindo antes do c\u00e9u e da terra. Silenciosa e ilimitada, sozinha e imut\u00e1vel. Permeando tudo, mas incans\u00e1vel. \u00c9 a M\u00e3e de todas as coisas sob o c\u00e9u. Eu n\u00e3o sei seu nome, ent\u00e3o a chamo de Tao.&#8221;<\/h5>\n<h5>Lao Tzu &#8211; Tao Te King<\/h5>\n<p>Essa experi\u00eancia m\u00edstica da Kundalini foi descrita por muitos santos indianos, como Adi Shankaracharya (700 d.C.), Kabir (1400 d.C.) e Jnanadeva (1200 d.C.), entre outros.<\/p>\n<p>A energia Kundalini geralmente est\u00e1 dormente. O objetivo da realiza\u00e7\u00e3o do si \u00e9 despertar essa energia para que suas qualidades se manifestem. Ela pode ser despertada atrav\u00e9s do nosso poder do puro desejo &#8211; o desejo de conhecer o nosso verdadeiro eu, o nosso Esp\u00edrito. O nosso verdadeiro eu muitas vezes est\u00e1 escondido de n\u00f3s mesmos pelos nossos pr\u00f3prios pensamentos e emo\u00e7\u00f5es, mas quando a Kundalini sobe, ela nos traz espontaneamente a um estado de medita\u00e7\u00e3o, permitindo que nosso esp\u00edrito puro se manifeste na nossa aten\u00e7\u00e3o silenciosa. Assim, podemos nos desprender desses pensamentos e emo\u00e7\u00f5es para experimentar a pura alegria e paz que existem eternamente dentro de todos n\u00f3s.<\/p>\n<h5>&#8220;Voltando-me do materialismo&#8230; Entrei no c\u00e9u da mente e abri a d\u00e9cima porta. Os chakras da energia Kundalini enrolada foram abertos, e encontrei meu Senhor Soberano, o Rei, sem medo&#8221;<\/h5>\n<h5>Sant Kabir<\/h5>\n<p>Os efeitos da Kundalini podem ser sentidos no sistema sutil, representado no n\u00edvel f\u00edsico como o sistema nervoso central. Quando a Kundalini sobe, ela passa pelos Chakras correspondentes aos principais plexos nervosos ao longo de nossa coluna vertebral. Shri Mataji explicou que nossa Kundalini pode ser imaginada como uma corda com milh\u00f5es de fios. Quando recebemos pela primeira vez nossa realiza\u00e7\u00e3o do si, apenas um ou dois fios encontram seu caminho pelos Chakras at\u00e9 alcan\u00e7ar o Sahasrara, no topo da cabe\u00e7a. Com a medita\u00e7\u00e3o di\u00e1ria, cada vez mais fios da Kundalini sobem, fortalecendo nossa conex\u00e3o com a experi\u00eancia da medita\u00e7\u00e3o, tornando-se mais profunda e cheia de felicidade.<\/p>\n<p>&nbsp;<\/p>\n<div class=\"su-quote su-quote-style-default\"><div class=\"su-quote-inner su-u-clearfix su-u-trim\">Agora, como remover o pensamento da sua mente \u00e9 o problema. Os pensamentos est\u00e3o na sua mente o tempo todo&#8230; mas quando a Kundalini sobe, o que acontece \u00e9 que esses pensamentos se alongam&#8230; e h\u00e1 um espa\u00e7o entre os pensamentos, e esse espa\u00e7o \u00e9 o lugar da nossa paz. Se voc\u00ea alcan\u00e7ar essa paz, a paz mundial pode ser alcan\u00e7ada. Apenas levantando cartazes e gritando por paz, voc\u00ea n\u00e3o pode estabelecer a paz. A paz tem que vir do cora\u00e7\u00e3o dos seres humanos. No cora\u00e7\u00e3o dos seres humanos, a paz s\u00f3 pode ser estabelecida quando voc\u00ea estabelece o Esp\u00edrito dentro de seu n\u00facleo, onde ele manifesta a bem-aventuran\u00e7a da paz. Quando voc\u00ea come\u00e7a a desfrutar da bem-aventuran\u00e7a da paz, voc\u00ea n\u00e3o quer guerras, voc\u00ea n\u00e3o pensa em guerra, e esse \u00e9 o estado onde agora os seres humanos precisam se elevar e alcan\u00e7ar.<\/div><\/div>\n\n","protected":false},"excerpt":{"rendered":"<p>Kundalini O Poder Evolutivo do Amor A experi\u00eancia espiritual inata de Shri Mataji sobre o despertar da Kundalini e seus complexos funcionamentos em nosso sistema sutil tornou-se a base da medita\u00e7\u00e3o da Sahaja Yoga, que ela espalhou para o mundo. Como uma mestre e autoridade absoluta \u00a0nesse campo, ela descreve em detalhes como a Kundalini&hellip; <br \/> <a class=\"read-more\" href=\"https:\/\/shrimataji.org\/test\/pt\/kundalini-pt\/\">Read more<\/a><\/p>\n","protected":false},"author":18,"featured_media":9244,"parent":0,"menu_order":0,"comment_status":"closed","ping_status":"closed","template":"","meta":{"inline_featured_image":false,"footnotes":""},"class_list":["post-10387","page","type-page","status-publish","has-post-thumbnail","hentry"],"yoast_head":"<!-- This site is optimized with the Yoast SEO plugin v27.4 - https:\/\/yoast.com\/product\/yoast-seo-wordpress\/ -->\n<title>Kundalini PT - TEST - SMND<\/title>\n<meta name=\"robots\" content=\"noindex, follow, max-snippet:-1, max-image-preview:large, max-video-preview:-1\" \/>\n<meta property=\"og:locale\" content=\"en_US\" \/>\n<meta property=\"og:type\" content=\"article\" \/>\n<meta property=\"og:title\" content=\"Kundalini PT - TEST - SMND\" \/>\n<meta property=\"og:description\" content=\"Kundalini O Poder Evolutivo do Amor A experi\u00eancia espiritual inata de Shri Mataji sobre o despertar da Kundalini e seus complexos funcionamentos em nosso sistema sutil tornou-se a base da medita\u00e7\u00e3o da Sahaja Yoga, que ela espalhou para o mundo. Como uma mestre e autoridade absoluta \u00a0nesse campo, ela descreve em detalhes como a Kundalini&hellip; Read more\" \/>\n<meta property=\"og:url\" content=\"https:\/\/shrimataji.org\/test\/pt\/kundalini-pt\/\" \/>\n<meta property=\"og:site_name\" content=\"TEST - SMND\" \/>\n<meta property=\"article:publisher\" content=\"https:\/\/www.facebook.com\/shrimataji\" \/>\n<meta property=\"article:modified_time\" content=\"2026-01-19T11:42:41+00:00\" \/>\n<meta property=\"og:image\" content=\"https:\/\/shrimataji.org\/test\/wp-content\/uploads\/2023\/03\/9_Banner-SY-Kundalini-scaled.jpg\" \/>\n\t<meta property=\"og:image:width\" content=\"2560\" \/>\n\t<meta property=\"og:image:height\" content=\"905\" \/>\n\t<meta property=\"og:image:type\" content=\"image\/jpeg\" \/>\n<meta name=\"twitter:card\" content=\"summary_large_image\" \/>\n<meta name=\"twitter:site\" content=\"@shrimataji\" \/>\n<meta name=\"twitter:label1\" content=\"Est. reading time\" \/>\n\t<meta name=\"twitter:data1\" content=\"6 minutes\" \/>\n<script type=\"application\/ld+json\" class=\"yoast-schema-graph\">{\"@context\":\"https:\\\/\\\/schema.org\",\"@graph\":[{\"@type\":\"WebPage\",\"@id\":\"https:\\\/\\\/shrimataji.org\\\/test\\\/pt\\\/kundalini-pt\\\/\",\"url\":\"https:\\\/\\\/shrimataji.org\\\/test\\\/pt\\\/kundalini-pt\\\/\",\"name\":\"Kundalini PT - TEST - SMND\",\"isPartOf\":{\"@id\":\"https:\\\/\\\/shrimataji.org\\\/test\\\/#website\"},\"primaryImageOfPage\":{\"@id\":\"https:\\\/\\\/shrimataji.org\\\/test\\\/pt\\\/kundalini-pt\\\/#primaryimage\"},\"image\":{\"@id\":\"https:\\\/\\\/shrimataji.org\\\/test\\\/pt\\\/kundalini-pt\\\/#primaryimage\"},\"thumbnailUrl\":\"https:\\\/\\\/shrimataji.org\\\/test\\\/wp-content\\\/uploads\\\/2023\\\/03\\\/9_Banner-SY-Kundalini-scaled.jpg\",\"datePublished\":\"2022-01-29T10:17:23+00:00\",\"dateModified\":\"2026-01-19T11:42:41+00:00\",\"breadcrumb\":{\"@id\":\"https:\\\/\\\/shrimataji.org\\\/test\\\/pt\\\/kundalini-pt\\\/#breadcrumb\"},\"inLanguage\":\"en-US\",\"potentialAction\":[{\"@type\":\"ReadAction\",\"target\":[\"https:\\\/\\\/shrimataji.org\\\/test\\\/pt\\\/kundalini-pt\\\/\"]}]},{\"@type\":\"ImageObject\",\"inLanguage\":\"en-US\",\"@id\":\"https:\\\/\\\/shrimataji.org\\\/test\\\/pt\\\/kundalini-pt\\\/#primaryimage\",\"url\":\"https:\\\/\\\/shrimataji.org\\\/test\\\/wp-content\\\/uploads\\\/2023\\\/03\\\/9_Banner-SY-Kundalini-scaled.jpg\",\"contentUrl\":\"https:\\\/\\\/shrimataji.org\\\/test\\\/wp-content\\\/uploads\\\/2023\\\/03\\\/9_Banner-SY-Kundalini-scaled.jpg\",\"width\":2560,\"height\":905},{\"@type\":\"BreadcrumbList\",\"@id\":\"https:\\\/\\\/shrimataji.org\\\/test\\\/pt\\\/kundalini-pt\\\/#breadcrumb\",\"itemListElement\":[{\"@type\":\"ListItem\",\"position\":1,\"name\":\"Home\",\"item\":\"https:\\\/\\\/shrimataji.org\\\/test\\\/uk\\\/home-en\\\/\"},{\"@type\":\"ListItem\",\"position\":2,\"name\":\"Kundalini PT\"}]},{\"@type\":\"WebSite\",\"@id\":\"https:\\\/\\\/shrimataji.org\\\/test\\\/#website\",\"url\":\"https:\\\/\\\/shrimataji.org\\\/test\\\/\",\"name\":\"Shri Mataji Nirmala Devi\",\"description\":\"A Life Dedicated to Humanity\",\"publisher\":{\"@id\":\"https:\\\/\\\/shrimataji.org\\\/test\\\/#\\\/schema\\\/person\\\/a1b3419c6585f164aa96da1ff85715d1\"},\"potentialAction\":[{\"@type\":\"SearchAction\",\"target\":{\"@type\":\"EntryPoint\",\"urlTemplate\":\"https:\\\/\\\/shrimataji.org\\\/test\\\/?s={search_term_string}\"},\"query-input\":{\"@type\":\"PropertyValueSpecification\",\"valueRequired\":true,\"valueName\":\"search_term_string\"}}],\"inLanguage\":\"en-US\"},{\"@type\":[\"Person\",\"Organization\"],\"@id\":\"https:\\\/\\\/shrimataji.org\\\/test\\\/#\\\/schema\\\/person\\\/a1b3419c6585f164aa96da1ff85715d1\",\"name\":\"Nirmala Shrivastava\",\"image\":{\"@type\":\"ImageObject\",\"inLanguage\":\"en-US\",\"@id\":\"https:\\\/\\\/shrimataji.org\\\/test\\\/wp-content\\\/uploads\\\/2023\\\/02\\\/SMO_LOGO-03.svg\",\"url\":\"https:\\\/\\\/shrimataji.org\\\/test\\\/wp-content\\\/uploads\\\/2023\\\/02\\\/SMO_LOGO-03.svg\",\"contentUrl\":\"https:\\\/\\\/shrimataji.org\\\/test\\\/wp-content\\\/uploads\\\/2023\\\/02\\\/SMO_LOGO-03.svg\",\"width\":\"1024\",\"height\":\"1024\",\"caption\":\"Nirmala Shrivastava\"},\"logo\":{\"@id\":\"https:\\\/\\\/shrimataji.org\\\/test\\\/wp-content\\\/uploads\\\/2023\\\/02\\\/SMO_LOGO-03.svg\"},\"sameAs\":[\"https:\\\/\\\/shrimataji.org\\\/test\",\"https:\\\/\\\/www.facebook.com\\\/shrimataji\",\"https:\\\/\\\/x.com\\\/shrimataji\",\"https:\\\/\\\/www.youtube.com\\\/@Shri_Mataji_Nirmala_Devi\\\/featured\"]}]}<\/script>\n<!-- \/ Yoast SEO plugin. -->","yoast_head_json":{"title":"Kundalini PT - TEST - SMND","robots":{"index":"noindex","follow":"follow","max-snippet":"max-snippet:-1","max-image-preview":"max-image-preview:large","max-video-preview":"max-video-preview:-1"},"og_locale":"en_US","og_type":"article","og_title":"Kundalini PT - TEST - SMND","og_description":"Kundalini O Poder Evolutivo do Amor A experi\u00eancia espiritual inata de Shri Mataji sobre o despertar da Kundalini e seus complexos funcionamentos em nosso sistema sutil tornou-se a base da medita\u00e7\u00e3o da Sahaja Yoga, que ela espalhou para o mundo. Como uma mestre e autoridade absoluta \u00a0nesse campo, ela descreve em detalhes como a Kundalini&hellip; Read more","og_url":"https:\/\/shrimataji.org\/test\/pt\/kundalini-pt\/","og_site_name":"TEST - SMND","article_publisher":"https:\/\/www.facebook.com\/shrimataji","article_modified_time":"2026-01-19T11:42:41+00:00","og_image":[{"width":2560,"height":905,"url":"https:\/\/shrimataji.org\/test\/wp-content\/uploads\/2023\/03\/9_Banner-SY-Kundalini-scaled.jpg","type":"image\/jpeg"}],"twitter_card":"summary_large_image","twitter_site":"@shrimataji","twitter_misc":{"Est. reading time":"6 minutes"},"schema":{"@context":"https:\/\/schema.org","@graph":[{"@type":"WebPage","@id":"https:\/\/shrimataji.org\/test\/pt\/kundalini-pt\/","url":"https:\/\/shrimataji.org\/test\/pt\/kundalini-pt\/","name":"Kundalini PT - TEST - SMND","isPartOf":{"@id":"https:\/\/shrimataji.org\/test\/#website"},"primaryImageOfPage":{"@id":"https:\/\/shrimataji.org\/test\/pt\/kundalini-pt\/#primaryimage"},"image":{"@id":"https:\/\/shrimataji.org\/test\/pt\/kundalini-pt\/#primaryimage"},"thumbnailUrl":"https:\/\/shrimataji.org\/test\/wp-content\/uploads\/2023\/03\/9_Banner-SY-Kundalini-scaled.jpg","datePublished":"2022-01-29T10:17:23+00:00","dateModified":"2026-01-19T11:42:41+00:00","breadcrumb":{"@id":"https:\/\/shrimataji.org\/test\/pt\/kundalini-pt\/#breadcrumb"},"inLanguage":"en-US","potentialAction":[{"@type":"ReadAction","target":["https:\/\/shrimataji.org\/test\/pt\/kundalini-pt\/"]}]},{"@type":"ImageObject","inLanguage":"en-US","@id":"https:\/\/shrimataji.org\/test\/pt\/kundalini-pt\/#primaryimage","url":"https:\/\/shrimataji.org\/test\/wp-content\/uploads\/2023\/03\/9_Banner-SY-Kundalini-scaled.jpg","contentUrl":"https:\/\/shrimataji.org\/test\/wp-content\/uploads\/2023\/03\/9_Banner-SY-Kundalini-scaled.jpg","width":2560,"height":905},{"@type":"BreadcrumbList","@id":"https:\/\/shrimataji.org\/test\/pt\/kundalini-pt\/#breadcrumb","itemListElement":[{"@type":"ListItem","position":1,"name":"Home","item":"https:\/\/shrimataji.org\/test\/uk\/home-en\/"},{"@type":"ListItem","position":2,"name":"Kundalini PT"}]},{"@type":"WebSite","@id":"https:\/\/shrimataji.org\/test\/#website","url":"https:\/\/shrimataji.org\/test\/","name":"Shri Mataji Nirmala Devi","description":"A Life Dedicated to Humanity","publisher":{"@id":"https:\/\/shrimataji.org\/test\/#\/schema\/person\/a1b3419c6585f164aa96da1ff85715d1"},"potentialAction":[{"@type":"SearchAction","target":{"@type":"EntryPoint","urlTemplate":"https:\/\/shrimataji.org\/test\/?s={search_term_string}"},"query-input":{"@type":"PropertyValueSpecification","valueRequired":true,"valueName":"search_term_string"}}],"inLanguage":"en-US"},{"@type":["Person","Organization"],"@id":"https:\/\/shrimataji.org\/test\/#\/schema\/person\/a1b3419c6585f164aa96da1ff85715d1","name":"Nirmala Shrivastava","image":{"@type":"ImageObject","inLanguage":"en-US","@id":"https:\/\/shrimataji.org\/test\/wp-content\/uploads\/2023\/02\/SMO_LOGO-03.svg","url":"https:\/\/shrimataji.org\/test\/wp-content\/uploads\/2023\/02\/SMO_LOGO-03.svg","contentUrl":"https:\/\/shrimataji.org\/test\/wp-content\/uploads\/2023\/02\/SMO_LOGO-03.svg","width":"1024","height":"1024","caption":"Nirmala Shrivastava"},"logo":{"@id":"https:\/\/shrimataji.org\/test\/wp-content\/uploads\/2023\/02\/SMO_LOGO-03.svg"},"sameAs":["https:\/\/shrimataji.org\/test","https:\/\/www.facebook.com\/shrimataji","https:\/\/x.com\/shrimataji","https:\/\/www.youtube.com\/@Shri_Mataji_Nirmala_Devi\/featured"]}]}},"lang":"pt","translations":{"pt":10387,"am":18025,"th":19981,"hu":19505,"be":6401,"sq":18426,"zh":17323,"hi":8293,"tr":10175,"de":10661,"fr":10759,"it":10857,"es":10954,"ja":11251,"ru":11439,"bn":11631,"te":11739,"sw":11862,"he":12010,"el":12302,"sk":12400,"fa":12498,"fi":12596,"bg":13390,"ro":14464,"cs":14657,"nl":16586,"ku":16746,"ar":16922,"kn":18907,"mr":20345,"uk":20637,"ml":20932,"ta":22744,"sv":23016,"gu":28858,"pa":29018},"pll_sync_post":[],"_links":{"self":[{"href":"https:\/\/shrimataji.org\/test\/wp-json\/wp\/v2\/pages\/10387","targetHints":{"allow":["GET"]}}],"collection":[{"href":"https:\/\/shrimataji.org\/test\/wp-json\/wp\/v2\/pages"}],"about":[{"href":"https:\/\/shrimataji.org\/test\/wp-json\/wp\/v2\/types\/page"}],"author":[{"embeddable":true,"href":"https:\/\/shrimataji.org\/test\/wp-json\/wp\/v2\/users\/18"}],"replies":[{"embeddable":true,"href":"https:\/\/shrimataji.org\/test\/wp-json\/wp\/v2\/comments?post=10387"}],"version-history":[{"count":0,"href":"https:\/\/shrimataji.org\/test\/wp-json\/wp\/v2\/pages\/10387\/revisions"}],"wp:featuredmedia":[{"embeddable":true,"href":"https:\/\/shrimataji.org\/test\/wp-json\/wp\/v2\/media\/9244"}],"wp:attachment":[{"href":"https:\/\/shrimataji.org\/test\/wp-json\/wp\/v2\/media?parent=10387"}],"curies":[{"name":"wp","href":"https:\/\/api.w.org\/{rel}","templated":true}]}}