{"id":10391,"date":"2017-08-11T05:00:00","date_gmt":"2017-08-11T05:00:00","guid":{"rendered":"http:\/\/testwordpress.nirmalnagari.org\/smnd\/index.php\/legacy\/"},"modified":"2026-01-17T00:43:25","modified_gmt":"2026-01-17T00:43:25","slug":"legado","status":"publish","type":"page","link":"https:\/\/shrimataji.org\/test\/pt\/legado\/","title":{"rendered":"Legado"},"content":{"rendered":"\n\n\t<h1>Legado<\/h1>\n<h2>Transforma\u00e7\u00e3o &#8211; do \u00a0individual para o coletivo.<\/h2>\n\t<h4>Existem livros e escolas, aulas e centros de sa\u00fade, uma academia para arte e m\u00fasica e at\u00e9 um lar para os desamparados, mas o legado de Shri Mataji \u00e9 algo muito mais profundo..<\/h4>\n<p>Nenhum monumento ou organiza\u00e7\u00e3o n\u00e3o governamental pode demonstrar o verdadeiro legado de Shri Mataji Nirmala Devi, ele est\u00e1 acima e al\u00e9m de todas essas coisas.<\/p>\n<p>O que Shri Mataji legou ao mundo n\u00e3o \u00e9 uma filosofia, doutrina ou sequer um sistema de cren\u00e7as, \u00e9 algo extraordinariamente singular: a realiza\u00e7\u00e3o do si. Este despertar espiritual primordial \u00e9 algo que, literalmente, tem a capacidade de mudar o mundo.<\/p>\n<p>Ao contr\u00e1rio da maioria das sugest\u00f5es para se mudar o mundo, esta come\u00e7a com a auto-consci\u00eancia \u00edntima e crescente do indiv\u00edduo. Essa centelha de reconhecimento espiritual \u00e9 o legado de Shri Mataji para o mundo.<\/p>\n<p>Atrav\u00e9s de seu trabalho, ela criou uma comunidade global de praticantes de Sahaja Yoga em mais de 100 pa\u00edses, todos unidos pelo desejo de se transformarem e, ao fazer isso, criarem a possibilidade de transforma\u00e7\u00e3o em um n\u00edvel mais amplo.<\/p>\n<figure itemscope itemtype=\"https:\/\/schema.org\/ImageObject\">\n\t\t\t\t<img decoding=\"async\" src=\"https:\/\/shrimataji.org\/test\/wp-content\/uploads\/2025\/12\/PT_shri-mataji-nirmala-devi-in-daglio-italy-7th-july-2007.jpg\" alt=\"Shri Mataji em Daglio (Norte da It\u00e1lia, 2007)\" height=\"1800\" width=\"1200\" title=\"PT_shri-mataji-nirmala-devi-in-daglio-italy-7th-july-2007\" onerror=\"this.style.display='none'\" loading=\"lazy\" \/>\n\t\t<figcaption>Shri Mataji em Daglio (Norte da It\u00e1lia, 2007)<\/figcaption>\n\t<\/figure>\n\t<p>Sua vis\u00e3o n\u00e3o estava em criar institui\u00e7\u00f5es ou movimentos, mas sim em focar no indiv\u00edduo, no Si. Ela ensinou ao mundo que apenas a ades\u00e3o \u00e0 verdadeira espiritualidade individual e coletiva poderia resolver as afli\u00e7\u00f5es globais. Tamb\u00e9m insistiu na liberdade do indiv\u00edduo &#8211; n\u00e3o h\u00e1 dogma ou doutrina na Sahaja Yoga, apenas uma consci\u00eancia iluminada do que \u00e9 apropriado para o desenvolvimento espiritual de cada um.<\/p>\n\t<p>&#8220;Fazer com que eles se tornem capacitados para resolver seus pr\u00f3prios problemas, isso \u00e9 o que eu tenho que fazer&#8230; Voc\u00ea tem que ser seu pr\u00f3prio m\u00e9dico. Voc\u00ea tem que ser seu pr\u00f3prio guru.&#8221;<\/p>\n<p>Ao desencadear uma mudan\u00e7a tang\u00edvel no indiv\u00edduo atrav\u00e9s do despertar da Kundalini e da medita\u00e7\u00e3o subsequente, ela ensinou ao mundo como alcan\u00e7ar uma ambi\u00e7\u00e3o maior do que apenas o sucesso material ou o poder. &#8220;Devemos alcan\u00e7ar a paz interior&#8221;, ela aconselhou. &#8220;Tente meditar. Medite para que voc\u00ea chegue ao seu ser interior. Esse ser interior \u00e9 um vasto oceano de bem-aventuran\u00e7a!&#8221;<\/p>\n\t<div class=\"su-quote su-quote-style-default\"><div class=\"su-quote-inner su-u-clearfix su-u-trim\">Precisamos mostrar os resultados do despertar da Kundalini&#8230; \u00c9 para o mundo inteiro. Essa \u00e9 a minha vis\u00e3o.<\/div><\/div>\n\t<p>O legado dela de transforma\u00e7\u00e3o atrav\u00e9s da realiza\u00e7\u00e3o do si continua a tocar a vida de milh\u00f5es de pessoas que, atrav\u00e9s da pr\u00e1tica da medita\u00e7\u00e3o da Sahaja Yoga, alcan\u00e7am a verdadeira paz interior e a liberdade absoluta para viver em harmonia uns com os outros e com a M\u00e3e Natureza.<\/p>\n\n","protected":false},"excerpt":{"rendered":"<p>Legado Transforma\u00e7\u00e3o &#8211; do \u00a0individual para o coletivo. Existem livros e escolas, aulas e centros de sa\u00fade, uma academia para arte e m\u00fasica e at\u00e9 um lar para os desamparados, mas o legado de Shri Mataji \u00e9 algo muito mais profundo.. Nenhum monumento ou organiza\u00e7\u00e3o n\u00e3o governamental pode demonstrar o verdadeiro legado de Shri Mataji&hellip; <br \/> <a class=\"read-more\" href=\"https:\/\/shrimataji.org\/test\/pt\/legado\/\">Read more<\/a><\/p>\n","protected":false},"author":18,"featured_media":17085,"parent":0,"menu_order":0,"comment_status":"closed","ping_status":"closed","template":"","meta":{"inline_featured_image":false,"footnotes":""},"class_list":["post-10391","page","type-page","status-publish","has-post-thumbnail","hentry"],"yoast_head":"<!-- This site is optimized with the Yoast SEO plugin v27.4 - https:\/\/yoast.com\/product\/yoast-seo-wordpress\/ -->\n<title>Legado - TEST - SMND<\/title>\n<meta name=\"robots\" content=\"noindex, follow, max-snippet:-1, max-image-preview:large, max-video-preview:-1\" \/>\n<meta property=\"og:locale\" content=\"en_US\" \/>\n<meta property=\"og:type\" content=\"article\" \/>\n<meta property=\"og:title\" content=\"Legado - TEST - SMND\" \/>\n<meta property=\"og:description\" content=\"Legado Transforma\u00e7\u00e3o &#8211; do \u00a0individual para o coletivo. Existem livros e escolas, aulas e centros de sa\u00fade, uma academia para arte e m\u00fasica e at\u00e9 um lar para os desamparados, mas o legado de Shri Mataji \u00e9 algo muito mais profundo.. Nenhum monumento ou organiza\u00e7\u00e3o n\u00e3o governamental pode demonstrar o verdadeiro legado de Shri Mataji&hellip; Read more\" \/>\n<meta property=\"og:url\" content=\"https:\/\/shrimataji.org\/test\/pt\/legado\/\" \/>\n<meta property=\"og:site_name\" content=\"TEST - SMND\" \/>\n<meta property=\"article:publisher\" content=\"https:\/\/www.facebook.com\/shrimataji\" \/>\n<meta property=\"article:modified_time\" content=\"2026-01-17T00:43:25+00:00\" \/>\n<meta property=\"og:image\" content=\"https:\/\/shrimataji.org\/test\/wp-content\/uploads\/2024\/05\/teaching.jpg\" \/>\n\t<meta property=\"og:image:width\" content=\"1021\" \/>\n\t<meta property=\"og:image:height\" content=\"360\" \/>\n\t<meta property=\"og:image:type\" content=\"image\/jpeg\" \/>\n<meta name=\"twitter:card\" content=\"summary_large_image\" \/>\n<meta name=\"twitter:site\" content=\"@shrimataji\" \/>\n<script type=\"application\/ld+json\" class=\"yoast-schema-graph\">{\"@context\":\"https:\\\/\\\/schema.org\",\"@graph\":[{\"@type\":\"WebPage\",\"@id\":\"https:\\\/\\\/shrimataji.org\\\/test\\\/pt\\\/legado\\\/\",\"url\":\"https:\\\/\\\/shrimataji.org\\\/test\\\/pt\\\/legado\\\/\",\"name\":\"Legado - TEST - SMND\",\"isPartOf\":{\"@id\":\"https:\\\/\\\/shrimataji.org\\\/test\\\/#website\"},\"primaryImageOfPage\":{\"@id\":\"https:\\\/\\\/shrimataji.org\\\/test\\\/pt\\\/legado\\\/#primaryimage\"},\"image\":{\"@id\":\"https:\\\/\\\/shrimataji.org\\\/test\\\/pt\\\/legado\\\/#primaryimage\"},\"thumbnailUrl\":\"https:\\\/\\\/shrimataji.org\\\/test\\\/wp-content\\\/uploads\\\/2024\\\/05\\\/teaching.jpg\",\"datePublished\":\"2017-08-11T05:00:00+00:00\",\"dateModified\":\"2026-01-17T00:43:25+00:00\",\"breadcrumb\":{\"@id\":\"https:\\\/\\\/shrimataji.org\\\/test\\\/pt\\\/legado\\\/#breadcrumb\"},\"inLanguage\":\"en-US\",\"potentialAction\":[{\"@type\":\"ReadAction\",\"target\":[\"https:\\\/\\\/shrimataji.org\\\/test\\\/pt\\\/legado\\\/\"]}]},{\"@type\":\"ImageObject\",\"inLanguage\":\"en-US\",\"@id\":\"https:\\\/\\\/shrimataji.org\\\/test\\\/pt\\\/legado\\\/#primaryimage\",\"url\":\"https:\\\/\\\/shrimataji.org\\\/test\\\/wp-content\\\/uploads\\\/2024\\\/05\\\/teaching.jpg\",\"contentUrl\":\"https:\\\/\\\/shrimataji.org\\\/test\\\/wp-content\\\/uploads\\\/2024\\\/05\\\/teaching.jpg\",\"width\":1021,\"height\":360},{\"@type\":\"BreadcrumbList\",\"@id\":\"https:\\\/\\\/shrimataji.org\\\/test\\\/pt\\\/legado\\\/#breadcrumb\",\"itemListElement\":[{\"@type\":\"ListItem\",\"position\":1,\"name\":\"Home\",\"item\":\"https:\\\/\\\/shrimataji.org\\\/test\\\/uk\\\/home-en\\\/\"},{\"@type\":\"ListItem\",\"position\":2,\"name\":\"Legado\"}]},{\"@type\":\"WebSite\",\"@id\":\"https:\\\/\\\/shrimataji.org\\\/test\\\/#website\",\"url\":\"https:\\\/\\\/shrimataji.org\\\/test\\\/\",\"name\":\"Shri Mataji Nirmala Devi\",\"description\":\"A Life Dedicated to Humanity\",\"publisher\":{\"@id\":\"https:\\\/\\\/shrimataji.org\\\/test\\\/#\\\/schema\\\/person\\\/a1b3419c6585f164aa96da1ff85715d1\"},\"potentialAction\":[{\"@type\":\"SearchAction\",\"target\":{\"@type\":\"EntryPoint\",\"urlTemplate\":\"https:\\\/\\\/shrimataji.org\\\/test\\\/?s={search_term_string}\"},\"query-input\":{\"@type\":\"PropertyValueSpecification\",\"valueRequired\":true,\"valueName\":\"search_term_string\"}}],\"inLanguage\":\"en-US\"},{\"@type\":[\"Person\",\"Organization\"],\"@id\":\"https:\\\/\\\/shrimataji.org\\\/test\\\/#\\\/schema\\\/person\\\/a1b3419c6585f164aa96da1ff85715d1\",\"name\":\"Nirmala Shrivastava\",\"image\":{\"@type\":\"ImageObject\",\"inLanguage\":\"en-US\",\"@id\":\"https:\\\/\\\/shrimataji.org\\\/test\\\/wp-content\\\/uploads\\\/2023\\\/02\\\/SMO_LOGO-03.svg\",\"url\":\"https:\\\/\\\/shrimataji.org\\\/test\\\/wp-content\\\/uploads\\\/2023\\\/02\\\/SMO_LOGO-03.svg\",\"contentUrl\":\"https:\\\/\\\/shrimataji.org\\\/test\\\/wp-content\\\/uploads\\\/2023\\\/02\\\/SMO_LOGO-03.svg\",\"width\":\"1024\",\"height\":\"1024\",\"caption\":\"Nirmala Shrivastava\"},\"logo\":{\"@id\":\"https:\\\/\\\/shrimataji.org\\\/test\\\/wp-content\\\/uploads\\\/2023\\\/02\\\/SMO_LOGO-03.svg\"},\"sameAs\":[\"https:\\\/\\\/shrimataji.org\\\/test\",\"https:\\\/\\\/www.facebook.com\\\/shrimataji\",\"https:\\\/\\\/x.com\\\/shrimataji\",\"https:\\\/\\\/www.youtube.com\\\/@Shri_Mataji_Nirmala_Devi\\\/featured\"]}]}<\/script>\n<!-- \/ Yoast SEO plugin. -->","yoast_head_json":{"title":"Legado - TEST - SMND","robots":{"index":"noindex","follow":"follow","max-snippet":"max-snippet:-1","max-image-preview":"max-image-preview:large","max-video-preview":"max-video-preview:-1"},"og_locale":"en_US","og_type":"article","og_title":"Legado - TEST - SMND","og_description":"Legado Transforma\u00e7\u00e3o &#8211; do \u00a0individual para o coletivo. Existem livros e escolas, aulas e centros de sa\u00fade, uma academia para arte e m\u00fasica e at\u00e9 um lar para os desamparados, mas o legado de Shri Mataji \u00e9 algo muito mais profundo.. Nenhum monumento ou organiza\u00e7\u00e3o n\u00e3o governamental pode demonstrar o verdadeiro legado de Shri Mataji&hellip; Read more","og_url":"https:\/\/shrimataji.org\/test\/pt\/legado\/","og_site_name":"TEST - SMND","article_publisher":"https:\/\/www.facebook.com\/shrimataji","article_modified_time":"2026-01-17T00:43:25+00:00","og_image":[{"width":1021,"height":360,"url":"https:\/\/shrimataji.org\/test\/wp-content\/uploads\/2024\/05\/teaching.jpg","type":"image\/jpeg"}],"twitter_card":"summary_large_image","twitter_site":"@shrimataji","schema":{"@context":"https:\/\/schema.org","@graph":[{"@type":"WebPage","@id":"https:\/\/shrimataji.org\/test\/pt\/legado\/","url":"https:\/\/shrimataji.org\/test\/pt\/legado\/","name":"Legado - TEST - SMND","isPartOf":{"@id":"https:\/\/shrimataji.org\/test\/#website"},"primaryImageOfPage":{"@id":"https:\/\/shrimataji.org\/test\/pt\/legado\/#primaryimage"},"image":{"@id":"https:\/\/shrimataji.org\/test\/pt\/legado\/#primaryimage"},"thumbnailUrl":"https:\/\/shrimataji.org\/test\/wp-content\/uploads\/2024\/05\/teaching.jpg","datePublished":"2017-08-11T05:00:00+00:00","dateModified":"2026-01-17T00:43:25+00:00","breadcrumb":{"@id":"https:\/\/shrimataji.org\/test\/pt\/legado\/#breadcrumb"},"inLanguage":"en-US","potentialAction":[{"@type":"ReadAction","target":["https:\/\/shrimataji.org\/test\/pt\/legado\/"]}]},{"@type":"ImageObject","inLanguage":"en-US","@id":"https:\/\/shrimataji.org\/test\/pt\/legado\/#primaryimage","url":"https:\/\/shrimataji.org\/test\/wp-content\/uploads\/2024\/05\/teaching.jpg","contentUrl":"https:\/\/shrimataji.org\/test\/wp-content\/uploads\/2024\/05\/teaching.jpg","width":1021,"height":360},{"@type":"BreadcrumbList","@id":"https:\/\/shrimataji.org\/test\/pt\/legado\/#breadcrumb","itemListElement":[{"@type":"ListItem","position":1,"name":"Home","item":"https:\/\/shrimataji.org\/test\/uk\/home-en\/"},{"@type":"ListItem","position":2,"name":"Legado"}]},{"@type":"WebSite","@id":"https:\/\/shrimataji.org\/test\/#website","url":"https:\/\/shrimataji.org\/test\/","name":"Shri Mataji Nirmala Devi","description":"A Life Dedicated to Humanity","publisher":{"@id":"https:\/\/shrimataji.org\/test\/#\/schema\/person\/a1b3419c6585f164aa96da1ff85715d1"},"potentialAction":[{"@type":"SearchAction","target":{"@type":"EntryPoint","urlTemplate":"https:\/\/shrimataji.org\/test\/?s={search_term_string}"},"query-input":{"@type":"PropertyValueSpecification","valueRequired":true,"valueName":"search_term_string"}}],"inLanguage":"en-US"},{"@type":["Person","Organization"],"@id":"https:\/\/shrimataji.org\/test\/#\/schema\/person\/a1b3419c6585f164aa96da1ff85715d1","name":"Nirmala Shrivastava","image":{"@type":"ImageObject","inLanguage":"en-US","@id":"https:\/\/shrimataji.org\/test\/wp-content\/uploads\/2023\/02\/SMO_LOGO-03.svg","url":"https:\/\/shrimataji.org\/test\/wp-content\/uploads\/2023\/02\/SMO_LOGO-03.svg","contentUrl":"https:\/\/shrimataji.org\/test\/wp-content\/uploads\/2023\/02\/SMO_LOGO-03.svg","width":"1024","height":"1024","caption":"Nirmala Shrivastava"},"logo":{"@id":"https:\/\/shrimataji.org\/test\/wp-content\/uploads\/2023\/02\/SMO_LOGO-03.svg"},"sameAs":["https:\/\/shrimataji.org\/test","https:\/\/www.facebook.com\/shrimataji","https:\/\/x.com\/shrimataji","https:\/\/www.youtube.com\/@Shri_Mataji_Nirmala_Devi\/featured"]}]}},"lang":"pt","translations":{"pt":10391,"ur":37458,"en":409,"am":18030,"th":19988,"hu":19511,"sq":18431,"zh":17328,"tr":10179,"de":10665,"fr":10763,"it":10861,"es":10958,"ja":11255,"ru":11443,"bn":11635,"te":11743,"sw":11866,"he":12014,"el":12306,"sk":12404,"fa":12502,"fi":12600,"bg":13486,"ro":14561,"cs":14754,"nl":16591,"ku":16751,"ar":16927,"be":18638,"kn":18912,"mr":20352,"uk":20646,"ml":20941,"ta":22749,"sv":23020,"gu":28863,"pa":29023,"fil":29468,"da":37771,"pl":37983,"nn":38323},"pll_sync_post":[],"_links":{"self":[{"href":"https:\/\/shrimataji.org\/test\/wp-json\/wp\/v2\/pages\/10391","targetHints":{"allow":["GET"]}}],"collection":[{"href":"https:\/\/shrimataji.org\/test\/wp-json\/wp\/v2\/pages"}],"about":[{"href":"https:\/\/shrimataji.org\/test\/wp-json\/wp\/v2\/types\/page"}],"author":[{"embeddable":true,"href":"https:\/\/shrimataji.org\/test\/wp-json\/wp\/v2\/users\/18"}],"replies":[{"embeddable":true,"href":"https:\/\/shrimataji.org\/test\/wp-json\/wp\/v2\/comments?post=10391"}],"version-history":[{"count":0,"href":"https:\/\/shrimataji.org\/test\/wp-json\/wp\/v2\/pages\/10391\/revisions"}],"wp:featuredmedia":[{"embeddable":true,"href":"https:\/\/shrimataji.org\/test\/wp-json\/wp\/v2\/media\/17085"}],"wp:attachment":[{"href":"https:\/\/shrimataji.org\/test\/wp-json\/wp\/v2\/media?parent=10391"}],"curies":[{"name":"wp","href":"https:\/\/api.w.org\/{rel}","templated":true}]}}