{"id":10393,"date":"2018-07-10T06:54:50","date_gmt":"2018-07-10T06:54:50","guid":{"rendered":"http:\/\/testwordpress.nirmalnagari.org\/smnd\/index.php\/marriage-and-independence\/"},"modified":"2026-01-18T19:10:40","modified_gmt":"2026-01-18T19:10:40","slug":"casamento-independencia","status":"publish","type":"page","link":"https:\/\/shrimataji.org\/test\/pt\/casamento-independencia\/","title":{"rendered":"Casamento e Independ\u00eancia"},"content":{"rendered":"\n\n\t<h1>Casamento e Independ\u00eancia<\/h1>\n<h2>A Espinha Dorsal para a Fam\u00edlia e a Sociedade<\/h2>\n\t<h4>A inf\u00e2ncia e adolesc\u00eancia de Shri Mataji estiveram entrela\u00e7adas com o nascimento da nova na\u00e7\u00e3o indiana, e seus anos como esposa e jovem m\u00e3e foram igualmente marcantes.<\/h4>\n<p>Nirmala Salve, agora amplamente conhecida como Shri Mataji Nirmala Devi, casou-se com Chandrika Prasad Srivastava no dia 7 de abril de 1947. Cento e vinte e nove dias depois, em 14 de agosto, \u00e0 meia-noite, a \u00cdndia se tornou livre.<\/p>\n<p>Como contou o irm\u00e3o mais novo de Shri Mataji, H.P. Salve, carinhosamente conhecido como Babamama: &#8220;Durante os dist\u00farbios comunais (na \u00e9poca da divis\u00e3o de 1947), houve uma ocasi\u00e3o em que algu\u00e9m bateu \u00e0 porta. Quando Nirmala a abriu, encontrou uma senhora e dois homens na entrada, com apar\u00eancia extremamente assustada e temerosa. Eles disseram a Nirmala que eram refugiados do Paquist\u00e3o e que, como um deles era mu\u00e7ulmano, os hindus os perseguiam, com espadas em punho. Nirmala os recebeu sem hesitar um segundo e os escondeu em um quarto.&#8221;<\/p>\n\t<div class=\"epyt-video-wrapper\"><div  data-ep-a=\"fadeIn\"  style=\"display: block; margin: 0px auto;\"  id=\"_ytid_60766\"  width=\"3840\" height=\"2880\"  data-origwidth=\"3840\" data-origheight=\"2880\" data-facadesrc=\"https:\/\/www.youtube.com\/embed\/uiqY4Jc81Bw?enablejsapi=1&autoplay=0&cc_load_policy=0&cc_lang_pref=&iv_load_policy=1&loop=0&rel=0&fs=1&playsinline=1&autohide=2&theme=dark&color=red&controls=1&disablekb=0&\" class=\"__youtube_prefs__ epyt-facade  no-lazyload\" data-epautoplay=\"1\" ><img decoding=\"async\" data-spai-excluded=\"true\" class=\"epyt-facade-poster skip-lazy\" loading=\"lazy\"  alt=\"YouTube player\"  src=\"https:\/\/i.ytimg.com\/vi\/uiqY4Jc81Bw\/maxresdefault.jpg\"  \/><button class=\"epyt-facade-play\" aria-label=\"Play\"><svg data-no-lazy=\"1\" height=\"100%\" version=\"1.1\" viewBox=\"0 0 68 48\" width=\"100%\"><path class=\"ytp-large-play-button-bg\" d=\"M66.52,7.74c-0.78-2.93-2.49-5.41-5.42-6.19C55.79,.13,34,0,34,0S12.21,.13,6.9,1.55 C3.97,2.33,2.27,4.81,1.48,7.74C0.06,13.05,0,24,0,24s0.06,10.95,1.48,16.26c0.78,2.93,2.49,5.41,5.42,6.19 C12.21,47.87,34,48,34,48s21.79-0.13,27.1-1.55c2.93-0.78,4.64-3.26,5.42-6.19C67.94,34.95,68,24,68,24S67.94,13.05,66.52,7.74z\" fill=\"#f00\"><\/path><path d=\"M 45,24 27,14 27,34\" fill=\"#fff\"><\/path><\/svg><\/button><\/div><\/div><span itemprop=\"video\" itemscope itemtype=\"http:\/\/schema.org\/VideoObject\"><meta itemprop=\"embedUrl\" content=\"https:\/\/www.youtube.com\/embed\/uiqY4Jc81Bw\"><meta itemprop=\"name\" content=\"Family Life And Nationhood\"><meta itemprop=\"description\" content=\"Shri Mataji marries a man from a family of opposing political beliefs. They are, however, united in their love for their country. Independence is the fulfillment of a dream for both of them. Shri Mataji&#039;s life as a housewife and a mother is centred on her family, tending to her daughters, but she also advises her husband in his career. She is not silent, but participates in the direction of her country. Her own public life is soon to follow. More videos at: http:\/\/ShriMataji.org ~ A Life Dedicated to Humanity ~\"><meta itemprop=\"thumbnailUrl\" content=\"https:\/\/i.ytimg.com\/vi\/uiqY4Jc81Bw\/0.jpg\"><meta itemprop=\"duration\" content=\"PT5M21S\"><meta itemprop=\"uploadDate\" content=\"2020-07-20T00:21:18Z\"><\/span>\n\t<p>&#8220;Depois de algum tempo, algumas pessoas chegaram com espadas na m\u00e3o&#8221;, continuou ele, &#8220;e disseram que um mu\u00e7ulmano estava se escondendo na casa. Nirmala negou categoricamente isso e os enganou dizendo que ela mesma era uma hindu fervorosa, ent\u00e3o como poderia proteger um mu\u00e7ulmano. As pessoas com as espadas inicialmente n\u00e3o acreditaram nela, mas viram o grande bindi em sua testa, que \u00e9 simb\u00f3lico de uma mulher hindu casada, ent\u00e3o se convenceram e foram embora&#8230;&#8221; <a href=\"#citation-note-1\">[1]<\/a><\/p>\n<figure itemscope itemtype=\"https:\/\/schema.org\/ImageObject\">\n\t\t\t\t<img decoding=\"async\" src=\"https:\/\/shrimataji.org\/test\/wp-content\/uploads\/2018\/07\/media_originals\/images\/shri-mataji-and-family\/shri-mataji-with-infant-daughter-kalpana.jpg\" alt=\"pt: Shri Mataji vastasyntyneen tytt\u00e4rens\u00e4 Kalpanan kanssa\" height=\"400\" width=\"279\" title=\"shri-mataji-with-infant-daughter-kalpana\" onerror=\"this.style.display='none'\" loading=\"lazy\" \/>\n\t\t<figcaption>pt: Shri Mataji vastasyntyneen tytt\u00e4rens\u00e4 Kalpanan kanssa<\/figcaption>\n\t<\/figure>\n\t<p>Esse incidente ocorreu durante sua gravidez, e ela deu \u00e0 luz sua primeira filha, Kalpana, no m\u00eas de dezembro de 1947. Em 29 de janeiro de 1948, Shri Mataji conheceu Mahatma Gandhi, que pegou Kalpana em seu colo e disse: &#8220;Nepali (um apelido carinhoso que ele dera a Shri Mataji), voc\u00ea est\u00e1 igual, agora voc\u00ea \u00e9 m\u00e3e. Quando vai come\u00e7ar o seu trabalho espiritual? Agora estamos livres, voc\u00ea deve come\u00e7ar tudo o que queria fazer.&#8221; Tragicamente, no dia seguinte, um extremista pol\u00edtico assassinou Mahatma Gandhi enquanto ele participava das ora\u00e7\u00f5es da noite.<\/p>\n<p>IEm 1948, o marido de Shri Mataji, Chandrika Prasad (mais tarde amplamente conhecido como Sir C.P. Srivastava, condecorado cavaleiro pela Rainha Elizabeth II em 1990), foi selecionado para o Servi\u00e7o Diplom\u00e1tico Indiano e o Servi\u00e7o Administrativo Indiano (I.A.S). Seguindo o conselho de Shri Mataji, Sir C.P. optou por permanecer no I.A.S. e servir ao seu pa\u00eds dentro de suas fronteiras. Durante esses primeiros anos agitados de casamento, o segundo filho do casal, Sadhana, nasceu em fevereiro de 1950. Em maio daquele ano, Sir C.P. foi nomeado magistrado da cidade de Lucknow, e a jovem fam\u00edlia permaneceu l\u00e1 por algum tempo.<\/p>\n\t<p>No final de 1951, Sir C.P. foi para Meerut como Magistrado Adjunto do Distrito. O chal\u00e9 do staff estava localizado em uma propriedade consider\u00e1vel e foi constru\u00eddo no estilo tradicional brit\u00e2nico. Shri Mataji, agora com dois filhos pequenos, cultivou a terra adjacente ao chal\u00e9. Com a ajuda de um trabalhador rural, ela transformou a terra n\u00e3o utilizada em um jardim de hortali\u00e7as muito f\u00e9rtil. Ela cultivava vegetais para o uso dom\u00e9stico e vendia o excedente para complementar a renda da fam\u00edlia.<\/p>\n<p>Em suas mem\u00f3rias, H.P. Salve recordou: &#8220;A fazenda de Shri Mataji era considerada a melhor da regi\u00e3o. As berinjelas eram t\u00e3o grandes que eu n\u00e3o conseguia levant\u00e1-las. Ela produzia couve-flor muito, muito grandes, tomates muito grandes, pepinos enormes. Era inacredit\u00e1vel como ela conseguia fazer vegetais de tamanhos t\u00e3o impressionantes.&#8221;<\/p>\n<p>Em 1953, a fam\u00edlia de Shri Mataji se mudou para Mumbai, quando Sir C.P. foi transferido para a Diretoria Geral de Navega\u00e7\u00e3o (que mais tarde seria chamada de Shipping Corporation of India). H.P. Salve recordou maravilhosas f\u00e9rias de ver\u00e3o com Shri Mataji e seus filhos em Pachmarhi, uma esta\u00e7\u00e3o de montanha perto de Chhindwara, no centro da \u00cdndia, uma \u00e1rea de grande beleza com cavernas antigas, cachoeiras, florestas e vida selvagem. Shri Mataji e sua fam\u00edlia tamb\u00e9m passavam muito tempo em Nagpur, onde muitos de seus parentes viviam.<\/p>\n<p>No domingo, 8 de fevereiro de 1955, os m\u00e9dicos internaram o pai de Shri Mataji no hospital. Uma semana depois, todos os filhos se reuniram ao redor dele. Shri Mataji era extremamente pr\u00f3xima de seu pai e sempre valorizou seus conselhos, especialmente sobre assuntos espirituais. Seu irm\u00e3o recordou que o pai perguntou a Nirmala: &#8220;Voc\u00ea conseguiu encontrar o m\u00e9todo?&#8221; &#8211; referindo-se ao m\u00e9todo de dar a realiza\u00e7\u00e3o em massa. Cercado por sua fam\u00edlia, Prasad Salve faleceu dois dias depois, em 17 de fevereiro de 1955. H.P. Salve admirava que Shri Mataji, &#8220;que ficaria cheia de l\u00e1grimas compassivas ao ver at\u00e9 mesmo um \u00fanico mendigo, naquele momento de grande perda pessoal, reuniu toda sua coragem e come\u00e7ou a organizar o funeral.&#8221;<\/p>\n\t<h5>&#8220;Pelo que podemos discernir, o \u00fanico prop\u00f3sito da exist\u00eancia \u00e9 acender uma luz na escurid\u00e3o do ser.&#8221;<\/h5>\n<h5>Carl Gustav Jung<\/h5>\n\t<hr \/>\n<h3>1. <a href=\"#citation-ref-1\">^<\/a> <a name=\"citation-note-1\"><\/a>H. P. Salve, &#8216;My Memoirs&#8217; New Delhi: Life Eternal Trust, 2000.<\/h3>\n\n","protected":false},"excerpt":{"rendered":"<p>Casamento e Independ\u00eancia A Espinha Dorsal para a Fam\u00edlia e a Sociedade A inf\u00e2ncia e adolesc\u00eancia de Shri Mataji estiveram entrela\u00e7adas com o nascimento da nova na\u00e7\u00e3o indiana, e seus anos como esposa e jovem m\u00e3e foram igualmente marcantes. Nirmala Salve, agora amplamente conhecida como Shri Mataji Nirmala Devi, casou-se com Chandrika Prasad Srivastava no&hellip; <br \/> <a class=\"read-more\" href=\"https:\/\/shrimataji.org\/test\/pt\/casamento-independencia\/\">Read more<\/a><\/p>\n","protected":false},"author":18,"featured_media":9510,"parent":0,"menu_order":0,"comment_status":"closed","ping_status":"closed","template":"","meta":{"inline_featured_image":false,"footnotes":""},"class_list":["post-10393","page","type-page","status-publish","has-post-thumbnail","hentry"],"yoast_head":"<!-- This site is optimized with the Yoast SEO plugin v27.4 - https:\/\/yoast.com\/product\/yoast-seo-wordpress\/ -->\n<title>Casamento e Independ\u00eancia - TEST - SMND<\/title>\n<meta name=\"robots\" content=\"noindex, follow, max-snippet:-1, max-image-preview:large, max-video-preview:-1\" \/>\n<meta property=\"og:locale\" content=\"en_US\" \/>\n<meta property=\"og:type\" content=\"article\" \/>\n<meta property=\"og:title\" content=\"Casamento e Independ\u00eancia - TEST - SMND\" \/>\n<meta property=\"og:description\" content=\"Casamento e Independ\u00eancia A Espinha Dorsal para a Fam\u00edlia e a Sociedade A inf\u00e2ncia e adolesc\u00eancia de Shri Mataji estiveram entrela\u00e7adas com o nascimento da nova na\u00e7\u00e3o indiana, e seus anos como esposa e jovem m\u00e3e foram igualmente marcantes. Nirmala Salve, agora amplamente conhecida como Shri Mataji Nirmala Devi, casou-se com Chandrika Prasad Srivastava no&hellip; Read more\" \/>\n<meta property=\"og:url\" content=\"https:\/\/shrimataji.org\/test\/pt\/casamento-independencia\/\" \/>\n<meta property=\"og:site_name\" content=\"TEST - SMND\" \/>\n<meta property=\"article:publisher\" content=\"https:\/\/www.facebook.com\/shrimataji\" \/>\n<meta property=\"article:modified_time\" content=\"2026-01-18T19:10:40+00:00\" \/>\n<meta property=\"og:image\" content=\"https:\/\/shrimataji.org\/test\/wp-content\/uploads\/2023\/03\/4_Banner_EarlyLife-Mariage-Independance_2-scaled.jpg\" \/>\n\t<meta property=\"og:image:width\" content=\"2560\" \/>\n\t<meta property=\"og:image:height\" content=\"905\" \/>\n\t<meta property=\"og:image:type\" content=\"image\/jpeg\" \/>\n<meta name=\"twitter:card\" content=\"summary_large_image\" \/>\n<meta name=\"twitter:site\" content=\"@shrimataji\" \/>\n<meta name=\"twitter:label1\" content=\"Est. reading time\" \/>\n\t<meta name=\"twitter:data1\" content=\"4 minutes\" \/>\n<script type=\"application\/ld+json\" class=\"yoast-schema-graph\">{\"@context\":\"https:\\\/\\\/schema.org\",\"@graph\":[{\"@type\":\"WebPage\",\"@id\":\"https:\\\/\\\/shrimataji.org\\\/test\\\/pt\\\/casamento-independencia\\\/\",\"url\":\"https:\\\/\\\/shrimataji.org\\\/test\\\/pt\\\/casamento-independencia\\\/\",\"name\":\"Casamento e Independ\u00eancia - TEST - SMND\",\"isPartOf\":{\"@id\":\"https:\\\/\\\/shrimataji.org\\\/test\\\/#website\"},\"primaryImageOfPage\":{\"@id\":\"https:\\\/\\\/shrimataji.org\\\/test\\\/pt\\\/casamento-independencia\\\/#primaryimage\"},\"image\":{\"@id\":\"https:\\\/\\\/shrimataji.org\\\/test\\\/pt\\\/casamento-independencia\\\/#primaryimage\"},\"thumbnailUrl\":\"https:\\\/\\\/shrimataji.org\\\/test\\\/wp-content\\\/uploads\\\/2023\\\/03\\\/4_Banner_EarlyLife-Mariage-Independance_2-scaled.jpg\",\"datePublished\":\"2018-07-10T06:54:50+00:00\",\"dateModified\":\"2026-01-18T19:10:40+00:00\",\"breadcrumb\":{\"@id\":\"https:\\\/\\\/shrimataji.org\\\/test\\\/pt\\\/casamento-independencia\\\/#breadcrumb\"},\"inLanguage\":\"en-US\",\"potentialAction\":[{\"@type\":\"ReadAction\",\"target\":[\"https:\\\/\\\/shrimataji.org\\\/test\\\/pt\\\/casamento-independencia\\\/\"]}]},{\"@type\":\"ImageObject\",\"inLanguage\":\"en-US\",\"@id\":\"https:\\\/\\\/shrimataji.org\\\/test\\\/pt\\\/casamento-independencia\\\/#primaryimage\",\"url\":\"https:\\\/\\\/shrimataji.org\\\/test\\\/wp-content\\\/uploads\\\/2023\\\/03\\\/4_Banner_EarlyLife-Mariage-Independance_2-scaled.jpg\",\"contentUrl\":\"https:\\\/\\\/shrimataji.org\\\/test\\\/wp-content\\\/uploads\\\/2023\\\/03\\\/4_Banner_EarlyLife-Mariage-Independance_2-scaled.jpg\",\"width\":2560,\"height\":905},{\"@type\":\"BreadcrumbList\",\"@id\":\"https:\\\/\\\/shrimataji.org\\\/test\\\/pt\\\/casamento-independencia\\\/#breadcrumb\",\"itemListElement\":[{\"@type\":\"ListItem\",\"position\":1,\"name\":\"Home\",\"item\":\"https:\\\/\\\/shrimataji.org\\\/test\\\/uk\\\/home-en\\\/\"},{\"@type\":\"ListItem\",\"position\":2,\"name\":\"Casamento e Independ\u00eancia\"}]},{\"@type\":\"WebSite\",\"@id\":\"https:\\\/\\\/shrimataji.org\\\/test\\\/#website\",\"url\":\"https:\\\/\\\/shrimataji.org\\\/test\\\/\",\"name\":\"Shri Mataji Nirmala Devi\",\"description\":\"A Life Dedicated to Humanity\",\"publisher\":{\"@id\":\"https:\\\/\\\/shrimataji.org\\\/test\\\/#\\\/schema\\\/person\\\/a1b3419c6585f164aa96da1ff85715d1\"},\"potentialAction\":[{\"@type\":\"SearchAction\",\"target\":{\"@type\":\"EntryPoint\",\"urlTemplate\":\"https:\\\/\\\/shrimataji.org\\\/test\\\/?s={search_term_string}\"},\"query-input\":{\"@type\":\"PropertyValueSpecification\",\"valueRequired\":true,\"valueName\":\"search_term_string\"}}],\"inLanguage\":\"en-US\"},{\"@type\":[\"Person\",\"Organization\"],\"@id\":\"https:\\\/\\\/shrimataji.org\\\/test\\\/#\\\/schema\\\/person\\\/a1b3419c6585f164aa96da1ff85715d1\",\"name\":\"Nirmala Shrivastava\",\"image\":{\"@type\":\"ImageObject\",\"inLanguage\":\"en-US\",\"@id\":\"https:\\\/\\\/shrimataji.org\\\/test\\\/wp-content\\\/uploads\\\/2023\\\/02\\\/SMO_LOGO-03.svg\",\"url\":\"https:\\\/\\\/shrimataji.org\\\/test\\\/wp-content\\\/uploads\\\/2023\\\/02\\\/SMO_LOGO-03.svg\",\"contentUrl\":\"https:\\\/\\\/shrimataji.org\\\/test\\\/wp-content\\\/uploads\\\/2023\\\/02\\\/SMO_LOGO-03.svg\",\"width\":\"1024\",\"height\":\"1024\",\"caption\":\"Nirmala Shrivastava\"},\"logo\":{\"@id\":\"https:\\\/\\\/shrimataji.org\\\/test\\\/wp-content\\\/uploads\\\/2023\\\/02\\\/SMO_LOGO-03.svg\"},\"sameAs\":[\"https:\\\/\\\/shrimataji.org\\\/test\",\"https:\\\/\\\/www.facebook.com\\\/shrimataji\",\"https:\\\/\\\/x.com\\\/shrimataji\",\"https:\\\/\\\/www.youtube.com\\\/@Shri_Mataji_Nirmala_Devi\\\/featured\"]}]}<\/script>\n<!-- \/ Yoast SEO plugin. -->","yoast_head_json":{"title":"Casamento e Independ\u00eancia - TEST - SMND","robots":{"index":"noindex","follow":"follow","max-snippet":"max-snippet:-1","max-image-preview":"max-image-preview:large","max-video-preview":"max-video-preview:-1"},"og_locale":"en_US","og_type":"article","og_title":"Casamento e Independ\u00eancia - TEST - SMND","og_description":"Casamento e Independ\u00eancia A Espinha Dorsal para a Fam\u00edlia e a Sociedade A inf\u00e2ncia e adolesc\u00eancia de Shri Mataji estiveram entrela\u00e7adas com o nascimento da nova na\u00e7\u00e3o indiana, e seus anos como esposa e jovem m\u00e3e foram igualmente marcantes. Nirmala Salve, agora amplamente conhecida como Shri Mataji Nirmala Devi, casou-se com Chandrika Prasad Srivastava no&hellip; Read more","og_url":"https:\/\/shrimataji.org\/test\/pt\/casamento-independencia\/","og_site_name":"TEST - SMND","article_publisher":"https:\/\/www.facebook.com\/shrimataji","article_modified_time":"2026-01-18T19:10:40+00:00","og_image":[{"width":2560,"height":905,"url":"https:\/\/shrimataji.org\/test\/wp-content\/uploads\/2023\/03\/4_Banner_EarlyLife-Mariage-Independance_2-scaled.jpg","type":"image\/jpeg"}],"twitter_card":"summary_large_image","twitter_site":"@shrimataji","twitter_misc":{"Est. reading time":"4 minutes"},"schema":{"@context":"https:\/\/schema.org","@graph":[{"@type":"WebPage","@id":"https:\/\/shrimataji.org\/test\/pt\/casamento-independencia\/","url":"https:\/\/shrimataji.org\/test\/pt\/casamento-independencia\/","name":"Casamento e Independ\u00eancia - TEST - SMND","isPartOf":{"@id":"https:\/\/shrimataji.org\/test\/#website"},"primaryImageOfPage":{"@id":"https:\/\/shrimataji.org\/test\/pt\/casamento-independencia\/#primaryimage"},"image":{"@id":"https:\/\/shrimataji.org\/test\/pt\/casamento-independencia\/#primaryimage"},"thumbnailUrl":"https:\/\/shrimataji.org\/test\/wp-content\/uploads\/2023\/03\/4_Banner_EarlyLife-Mariage-Independance_2-scaled.jpg","datePublished":"2018-07-10T06:54:50+00:00","dateModified":"2026-01-18T19:10:40+00:00","breadcrumb":{"@id":"https:\/\/shrimataji.org\/test\/pt\/casamento-independencia\/#breadcrumb"},"inLanguage":"en-US","potentialAction":[{"@type":"ReadAction","target":["https:\/\/shrimataji.org\/test\/pt\/casamento-independencia\/"]}]},{"@type":"ImageObject","inLanguage":"en-US","@id":"https:\/\/shrimataji.org\/test\/pt\/casamento-independencia\/#primaryimage","url":"https:\/\/shrimataji.org\/test\/wp-content\/uploads\/2023\/03\/4_Banner_EarlyLife-Mariage-Independance_2-scaled.jpg","contentUrl":"https:\/\/shrimataji.org\/test\/wp-content\/uploads\/2023\/03\/4_Banner_EarlyLife-Mariage-Independance_2-scaled.jpg","width":2560,"height":905},{"@type":"BreadcrumbList","@id":"https:\/\/shrimataji.org\/test\/pt\/casamento-independencia\/#breadcrumb","itemListElement":[{"@type":"ListItem","position":1,"name":"Home","item":"https:\/\/shrimataji.org\/test\/uk\/home-en\/"},{"@type":"ListItem","position":2,"name":"Casamento e Independ\u00eancia"}]},{"@type":"WebSite","@id":"https:\/\/shrimataji.org\/test\/#website","url":"https:\/\/shrimataji.org\/test\/","name":"Shri Mataji Nirmala Devi","description":"A Life Dedicated to Humanity","publisher":{"@id":"https:\/\/shrimataji.org\/test\/#\/schema\/person\/a1b3419c6585f164aa96da1ff85715d1"},"potentialAction":[{"@type":"SearchAction","target":{"@type":"EntryPoint","urlTemplate":"https:\/\/shrimataji.org\/test\/?s={search_term_string}"},"query-input":{"@type":"PropertyValueSpecification","valueRequired":true,"valueName":"search_term_string"}}],"inLanguage":"en-US"},{"@type":["Person","Organization"],"@id":"https:\/\/shrimataji.org\/test\/#\/schema\/person\/a1b3419c6585f164aa96da1ff85715d1","name":"Nirmala Shrivastava","image":{"@type":"ImageObject","inLanguage":"en-US","@id":"https:\/\/shrimataji.org\/test\/wp-content\/uploads\/2023\/02\/SMO_LOGO-03.svg","url":"https:\/\/shrimataji.org\/test\/wp-content\/uploads\/2023\/02\/SMO_LOGO-03.svg","contentUrl":"https:\/\/shrimataji.org\/test\/wp-content\/uploads\/2023\/02\/SMO_LOGO-03.svg","width":"1024","height":"1024","caption":"Nirmala Shrivastava"},"logo":{"@id":"https:\/\/shrimataji.org\/test\/wp-content\/uploads\/2023\/02\/SMO_LOGO-03.svg"},"sameAs":["https:\/\/shrimataji.org\/test","https:\/\/www.facebook.com\/shrimataji","https:\/\/x.com\/shrimataji","https:\/\/www.youtube.com\/@Shri_Mataji_Nirmala_Devi\/featured"]}]}},"lang":"pt","translations":{"pt":10393,"ur":37462,"en":439,"am":18034,"th":19994,"hu":19515,"sq":18435,"zh":17332,"tr":10181,"de":10667,"fr":10765,"it":10863,"es":10960,"ja":11257,"ru":11445,"bn":11637,"te":11745,"sw":11868,"he":12016,"el":12308,"sk":12406,"fa":12504,"fi":12602,"bg":13442,"ro":14516,"cs":14709,"nl":16595,"ku":16755,"ar":16931,"be":18642,"kn":18916,"mr":20358,"uk":20652,"ml":20947,"ta":22753,"sv":23024,"gu":28867,"pa":29027,"fil":29472,"da":37775,"pl":37987,"nn":38327},"pll_sync_post":[],"_links":{"self":[{"href":"https:\/\/shrimataji.org\/test\/wp-json\/wp\/v2\/pages\/10393","targetHints":{"allow":["GET"]}}],"collection":[{"href":"https:\/\/shrimataji.org\/test\/wp-json\/wp\/v2\/pages"}],"about":[{"href":"https:\/\/shrimataji.org\/test\/wp-json\/wp\/v2\/types\/page"}],"author":[{"embeddable":true,"href":"https:\/\/shrimataji.org\/test\/wp-json\/wp\/v2\/users\/18"}],"replies":[{"embeddable":true,"href":"https:\/\/shrimataji.org\/test\/wp-json\/wp\/v2\/comments?post=10393"}],"version-history":[{"count":0,"href":"https:\/\/shrimataji.org\/test\/wp-json\/wp\/v2\/pages\/10393\/revisions"}],"wp:featuredmedia":[{"embeddable":true,"href":"https:\/\/shrimataji.org\/test\/wp-json\/wp\/v2\/media\/9510"}],"wp:attachment":[{"href":"https:\/\/shrimataji.org\/test\/wp-json\/wp\/v2\/media?parent=10393"}],"curies":[{"name":"wp","href":"https:\/\/api.w.org\/{rel}","templated":true}]}}