{"id":10395,"date":"2013-03-05T14:00:00","date_gmt":"2013-03-05T14:00:00","guid":{"rendered":"http:\/\/testwordpress.nirmalnagari.org\/smnd\/index.php\/may-5th-world-realization-day\/"},"modified":"2026-01-18T22:56:18","modified_gmt":"2026-01-18T22:56:18","slug":"5-de-maio-dia-mundial-da-realizacao","status":"publish","type":"page","link":"https:\/\/shrimataji.org\/test\/pt\/5-de-maio-dia-mundial-da-realizacao\/","title":{"rendered":"5 de maio, Dia Mundial da Realiza\u00e7\u00e3o"},"content":{"rendered":"\n\n\t<h1>5 de maio, Dia Mundial da Realiza\u00e7\u00e3o<\/h1>\n<h4>O dia 5 de maio foi declarado o Dia Mundial da Realiza\u00e7\u00e3o em homenagem a Shri Mataji Nirmala Devi, fundadora da Medita\u00e7\u00e3o da Sahaja Yoga<\/h4>\n<p>A Funda\u00e7\u00e3o Mundial Shri Mataji Nirmala Devi Sahaja Yoga tem o prazer de anunciar a declara\u00e7\u00e3o de 5 de maio como o Dia Mundial da Realiza\u00e7\u00e3o, em homenagem ao trabalho e \u00e0 vis\u00e3o da fundadora da <a href=\"https:\/\/shrimataji.org\/test\/pt\/sahaja-yoga-pt\/\" target=\"_blank\" rel=\"noopener\">Sahaja Yoga<\/a>, Shri Mataji Nirmala Devi. Ap\u00f3s anos de medita\u00e7\u00e3o e estudo da condi\u00e7\u00e3o humana, Shri Mataji, em 5 de maio de 1970, em Nargol, na \u00cdndia, abriu o \u00faltimo centro de energia sutil -&#8216;<a href=\"https:\/\/shrimataji.org\/test\/pt\/sahasrara-chakra-pt\/\">Sahasrara<\/a> (fontanela) chakra&#8217; em S\u00e2nscrito -localizado na \u00e1rea l\u00edmbica do c\u00e9rebro.<\/p>\n<p>Essa descoberta sem precedentes abriu as portas para uma nova era de emancipa\u00e7\u00e3o por meio da transforma\u00e7\u00e3o interior. Shri Mataji descobriu um processo capaz de despertar espiritualmente um grande n\u00famero de pessoas. Esse despertar, chamado realiza\u00e7\u00e3o do si, \u00e9 a ativa\u00e7\u00e3o da energia vital da kundalini que existe em todo ser humano. Sem precisar se retirar para praticar austeridades em uma montanha, \u00e9 poss\u00edvel receber esse despertar suave de forma espont\u00e2nea, simplesmente pedindo por ele.<\/p>\n<p>Shri Mataji fez da realiza\u00e7\u00e3o do Si a base de uma medita\u00e7\u00e3o que ela chamou de Sahaja Yoga. A chave dessa pr\u00e1tica &#8211; e o que a diferencia de outros m\u00e9todos &#8211; \u00e9 a &#8216;<a href=\"https:\/\/shrimataji.org\/test\/pt\/consciencia-sem-pensamentos\/\" target=\"_blank\" rel=\"noopener\">consci\u00eancia sem pensamentos<\/a>&#8216;, que aumenta por meio do sil\u00eancio da mente, em vez de usar visualiza\u00e7\u00f5es ou outros tipos de foco mental. A medita\u00e7\u00e3o da Sahaja Yoga cresceu prodigiosamente nos \u00faltimos 40 anos e agora \u00e9 praticada em mais de 100 pa\u00edses. Os praticantes v\u00eam das mais diversas origens para descobrir paz, satisfa\u00e7\u00e3o e bem-estar atrav\u00e9s dessa medita\u00e7\u00e3o \u00fanica.<\/p>\n<p>Quando estudante, Shri Mataji <a href=\"https:\/\/shrimataji.org\/test\/pt\/anos-universitarios\/\" target=\"_blank\" rel=\"noopener\">participou com Mahatma Gandhi<\/a> da luta n\u00e3o violenta pela independ\u00eancia da \u00cdndia, foi indicada duas vezes ao Pr\u00eamio Nobel da Paz e recebeu a Medalha da Paz da ONU em 1989. Ela passou mais de 40 anos viajando pelo mundo para difundir sua mensagem de paz e uni\u00e3o por meio da medita\u00e7\u00e3o Sahaja Yoga. Diferente dos chamados gurus de sua \u00e9poca, sua principal mensagem era que cada pessoa carrega dentro de si a semente de sua pr\u00f3pria maestria. Cada um pode tornar-se seu pr\u00f3prio guru, sem recorrer a dogmas ou rituais.<\/p>\n<p>Shri Mataji faleceu em 2011, mas <a href=\"https:\/\/shrimataji.org\/test\/pt\/legado\/\" target=\"_blank\" rel=\"noopener\">seu legado vive<\/a> nas vidas e no trabalho comunit\u00e1rio de seus seguidores ao redor do mundo. Ela explicava repetidamente que toda pessoa tem o direito de obter sua <a href=\"https:\/\/shrimataji.org\/test\/pt\/realizacao-do-si\/\" target=\"_blank\" rel=\"noopener\">realiza\u00e7\u00e3o do si<\/a> gratuitamente, e a possibilidade de conceder a realiza\u00e7\u00e3o do si \u00e0s pessoas que desejarem continua hoje t\u00e3o forte quanto quando ela oferecia essa experi\u00eancia pessoalmente em in\u00fameros programas p\u00fablicos.<\/p>\n<p>O dia 5 de maio poder\u00e1 um dia ser reconhecido como o anivers\u00e1rio mais importante da hist\u00f3ria da humanidade. At\u00e9 l\u00e1, servir\u00e1 como um memorial universal e amoroso \u00e0 Guru dos gurus e Mestra das mestras que trouxe uma espiritualidade tang\u00edvel e significativa ao mundo moderno.<\/p>\n<p>Este artigo foi publicado pela primeira vez em 3 de maio de 2013.<\/p>\n<p>&nbsp;<\/p>\n\n","protected":false},"excerpt":{"rendered":"<p>5 de maio, Dia Mundial da Realiza\u00e7\u00e3o O dia 5 de maio foi declarado o Dia Mundial da Realiza\u00e7\u00e3o em homenagem a Shri Mataji Nirmala Devi, fundadora da Medita\u00e7\u00e3o da Sahaja Yoga A Funda\u00e7\u00e3o Mundial Shri Mataji Nirmala Devi Sahaja Yoga tem o prazer de anunciar a declara\u00e7\u00e3o de 5 de maio como o Dia&hellip; <br \/> <a class=\"read-more\" href=\"https:\/\/shrimataji.org\/test\/pt\/5-de-maio-dia-mundial-da-realizacao\/\">Read more<\/a><\/p>\n","protected":false},"author":18,"featured_media":0,"parent":0,"menu_order":0,"comment_status":"closed","ping_status":"closed","template":"","meta":{"inline_featured_image":false,"footnotes":""},"class_list":["post-10395","page","type-page","status-publish","hentry"],"yoast_head":"<!-- This site is optimized with the Yoast SEO plugin v27.4 - https:\/\/yoast.com\/product\/yoast-seo-wordpress\/ -->\n<title>5 de maio, Dia Mundial da Realiza\u00e7\u00e3o - TEST - SMND<\/title>\n<meta name=\"robots\" content=\"noindex, follow, max-snippet:-1, max-image-preview:large, max-video-preview:-1\" \/>\n<meta property=\"og:locale\" content=\"en_US\" \/>\n<meta property=\"og:type\" content=\"article\" \/>\n<meta property=\"og:title\" content=\"5 de maio, Dia Mundial da Realiza\u00e7\u00e3o - TEST - SMND\" \/>\n<meta property=\"og:description\" content=\"5 de maio, Dia Mundial da Realiza\u00e7\u00e3o O dia 5 de maio foi declarado o Dia Mundial da Realiza\u00e7\u00e3o em homenagem a Shri Mataji Nirmala Devi, fundadora da Medita\u00e7\u00e3o da Sahaja Yoga A Funda\u00e7\u00e3o Mundial Shri Mataji Nirmala Devi Sahaja Yoga tem o prazer de anunciar a declara\u00e7\u00e3o de 5 de maio como o Dia&hellip; Read more\" \/>\n<meta property=\"og:url\" content=\"https:\/\/shrimataji.org\/test\/pt\/5-de-maio-dia-mundial-da-realizacao\/\" \/>\n<meta property=\"og:site_name\" content=\"TEST - SMND\" \/>\n<meta property=\"article:publisher\" content=\"https:\/\/www.facebook.com\/shrimataji\" \/>\n<meta property=\"article:modified_time\" content=\"2026-01-18T22:56:18+00:00\" \/>\n<meta property=\"og:image\" content=\"https:\/\/shrimataji.org\/test\/wp-content\/uploads\/2018\/07\/fp11-e1588597806347.jpg\" \/>\n\t<meta property=\"og:image:width\" content=\"707\" \/>\n\t<meta property=\"og:image:height\" content=\"700\" \/>\n\t<meta property=\"og:image:type\" content=\"image\/jpeg\" \/>\n<meta name=\"twitter:card\" content=\"summary_large_image\" \/>\n<meta name=\"twitter:site\" content=\"@shrimataji\" \/>\n<meta name=\"twitter:label1\" content=\"Est. reading time\" \/>\n\t<meta name=\"twitter:data1\" content=\"3 minutes\" \/>\n<script type=\"application\/ld+json\" class=\"yoast-schema-graph\">{\"@context\":\"https:\\\/\\\/schema.org\",\"@graph\":[{\"@type\":\"WebPage\",\"@id\":\"https:\\\/\\\/shrimataji.org\\\/test\\\/pt\\\/5-de-maio-dia-mundial-da-realizacao\\\/\",\"url\":\"https:\\\/\\\/shrimataji.org\\\/test\\\/pt\\\/5-de-maio-dia-mundial-da-realizacao\\\/\",\"name\":\"5 de maio, Dia Mundial da Realiza\u00e7\u00e3o - TEST - SMND\",\"isPartOf\":{\"@id\":\"https:\\\/\\\/shrimataji.org\\\/test\\\/#website\"},\"datePublished\":\"2013-03-05T14:00:00+00:00\",\"dateModified\":\"2026-01-18T22:56:18+00:00\",\"breadcrumb\":{\"@id\":\"https:\\\/\\\/shrimataji.org\\\/test\\\/pt\\\/5-de-maio-dia-mundial-da-realizacao\\\/#breadcrumb\"},\"inLanguage\":\"en-US\",\"potentialAction\":[{\"@type\":\"ReadAction\",\"target\":[\"https:\\\/\\\/shrimataji.org\\\/test\\\/pt\\\/5-de-maio-dia-mundial-da-realizacao\\\/\"]}]},{\"@type\":\"BreadcrumbList\",\"@id\":\"https:\\\/\\\/shrimataji.org\\\/test\\\/pt\\\/5-de-maio-dia-mundial-da-realizacao\\\/#breadcrumb\",\"itemListElement\":[{\"@type\":\"ListItem\",\"position\":1,\"name\":\"Home\",\"item\":\"https:\\\/\\\/shrimataji.org\\\/test\\\/uk\\\/home-en\\\/\"},{\"@type\":\"ListItem\",\"position\":2,\"name\":\"5 de maio, Dia Mundial da Realiza\u00e7\u00e3o\"}]},{\"@type\":\"WebSite\",\"@id\":\"https:\\\/\\\/shrimataji.org\\\/test\\\/#website\",\"url\":\"https:\\\/\\\/shrimataji.org\\\/test\\\/\",\"name\":\"Shri Mataji Nirmala Devi\",\"description\":\"A Life Dedicated to Humanity\",\"publisher\":{\"@id\":\"https:\\\/\\\/shrimataji.org\\\/test\\\/#\\\/schema\\\/person\\\/a1b3419c6585f164aa96da1ff85715d1\"},\"potentialAction\":[{\"@type\":\"SearchAction\",\"target\":{\"@type\":\"EntryPoint\",\"urlTemplate\":\"https:\\\/\\\/shrimataji.org\\\/test\\\/?s={search_term_string}\"},\"query-input\":{\"@type\":\"PropertyValueSpecification\",\"valueRequired\":true,\"valueName\":\"search_term_string\"}}],\"inLanguage\":\"en-US\"},{\"@type\":[\"Person\",\"Organization\"],\"@id\":\"https:\\\/\\\/shrimataji.org\\\/test\\\/#\\\/schema\\\/person\\\/a1b3419c6585f164aa96da1ff85715d1\",\"name\":\"Nirmala Shrivastava\",\"image\":{\"@type\":\"ImageObject\",\"inLanguage\":\"en-US\",\"@id\":\"https:\\\/\\\/shrimataji.org\\\/test\\\/wp-content\\\/uploads\\\/2023\\\/02\\\/SMO_LOGO-03.svg\",\"url\":\"https:\\\/\\\/shrimataji.org\\\/test\\\/wp-content\\\/uploads\\\/2023\\\/02\\\/SMO_LOGO-03.svg\",\"contentUrl\":\"https:\\\/\\\/shrimataji.org\\\/test\\\/wp-content\\\/uploads\\\/2023\\\/02\\\/SMO_LOGO-03.svg\",\"width\":\"1024\",\"height\":\"1024\",\"caption\":\"Nirmala Shrivastava\"},\"logo\":{\"@id\":\"https:\\\/\\\/shrimataji.org\\\/test\\\/wp-content\\\/uploads\\\/2023\\\/02\\\/SMO_LOGO-03.svg\"},\"sameAs\":[\"https:\\\/\\\/shrimataji.org\\\/test\",\"https:\\\/\\\/www.facebook.com\\\/shrimataji\",\"https:\\\/\\\/x.com\\\/shrimataji\",\"https:\\\/\\\/www.youtube.com\\\/@Shri_Mataji_Nirmala_Devi\\\/featured\"]}]}<\/script>\n<!-- \/ Yoast SEO plugin. -->","yoast_head_json":{"title":"5 de maio, Dia Mundial da Realiza\u00e7\u00e3o - TEST - SMND","robots":{"index":"noindex","follow":"follow","max-snippet":"max-snippet:-1","max-image-preview":"max-image-preview:large","max-video-preview":"max-video-preview:-1"},"og_locale":"en_US","og_type":"article","og_title":"5 de maio, Dia Mundial da Realiza\u00e7\u00e3o - TEST - SMND","og_description":"5 de maio, Dia Mundial da Realiza\u00e7\u00e3o O dia 5 de maio foi declarado o Dia Mundial da Realiza\u00e7\u00e3o em homenagem a Shri Mataji Nirmala Devi, fundadora da Medita\u00e7\u00e3o da Sahaja Yoga A Funda\u00e7\u00e3o Mundial Shri Mataji Nirmala Devi Sahaja Yoga tem o prazer de anunciar a declara\u00e7\u00e3o de 5 de maio como o Dia&hellip; Read more","og_url":"https:\/\/shrimataji.org\/test\/pt\/5-de-maio-dia-mundial-da-realizacao\/","og_site_name":"TEST - SMND","article_publisher":"https:\/\/www.facebook.com\/shrimataji","article_modified_time":"2026-01-18T22:56:18+00:00","og_image":[{"width":707,"height":700,"url":"https:\/\/shrimataji.org\/test\/wp-content\/uploads\/2018\/07\/fp11-e1588597806347.jpg","type":"image\/jpeg"}],"twitter_card":"summary_large_image","twitter_site":"@shrimataji","twitter_misc":{"Est. reading time":"3 minutes"},"schema":{"@context":"https:\/\/schema.org","@graph":[{"@type":"WebPage","@id":"https:\/\/shrimataji.org\/test\/pt\/5-de-maio-dia-mundial-da-realizacao\/","url":"https:\/\/shrimataji.org\/test\/pt\/5-de-maio-dia-mundial-da-realizacao\/","name":"5 de maio, Dia Mundial da Realiza\u00e7\u00e3o - TEST - SMND","isPartOf":{"@id":"https:\/\/shrimataji.org\/test\/#website"},"datePublished":"2013-03-05T14:00:00+00:00","dateModified":"2026-01-18T22:56:18+00:00","breadcrumb":{"@id":"https:\/\/shrimataji.org\/test\/pt\/5-de-maio-dia-mundial-da-realizacao\/#breadcrumb"},"inLanguage":"en-US","potentialAction":[{"@type":"ReadAction","target":["https:\/\/shrimataji.org\/test\/pt\/5-de-maio-dia-mundial-da-realizacao\/"]}]},{"@type":"BreadcrumbList","@id":"https:\/\/shrimataji.org\/test\/pt\/5-de-maio-dia-mundial-da-realizacao\/#breadcrumb","itemListElement":[{"@type":"ListItem","position":1,"name":"Home","item":"https:\/\/shrimataji.org\/test\/uk\/home-en\/"},{"@type":"ListItem","position":2,"name":"5 de maio, Dia Mundial da Realiza\u00e7\u00e3o"}]},{"@type":"WebSite","@id":"https:\/\/shrimataji.org\/test\/#website","url":"https:\/\/shrimataji.org\/test\/","name":"Shri Mataji Nirmala Devi","description":"A Life Dedicated to Humanity","publisher":{"@id":"https:\/\/shrimataji.org\/test\/#\/schema\/person\/a1b3419c6585f164aa96da1ff85715d1"},"potentialAction":[{"@type":"SearchAction","target":{"@type":"EntryPoint","urlTemplate":"https:\/\/shrimataji.org\/test\/?s={search_term_string}"},"query-input":{"@type":"PropertyValueSpecification","valueRequired":true,"valueName":"search_term_string"}}],"inLanguage":"en-US"},{"@type":["Person","Organization"],"@id":"https:\/\/shrimataji.org\/test\/#\/schema\/person\/a1b3419c6585f164aa96da1ff85715d1","name":"Nirmala Shrivastava","image":{"@type":"ImageObject","inLanguage":"en-US","@id":"https:\/\/shrimataji.org\/test\/wp-content\/uploads\/2023\/02\/SMO_LOGO-03.svg","url":"https:\/\/shrimataji.org\/test\/wp-content\/uploads\/2023\/02\/SMO_LOGO-03.svg","contentUrl":"https:\/\/shrimataji.org\/test\/wp-content\/uploads\/2023\/02\/SMO_LOGO-03.svg","width":"1024","height":"1024","caption":"Nirmala Shrivastava"},"logo":{"@id":"https:\/\/shrimataji.org\/test\/wp-content\/uploads\/2023\/02\/SMO_LOGO-03.svg"},"sameAs":["https:\/\/shrimataji.org\/test","https:\/\/www.facebook.com\/shrimataji","https:\/\/x.com\/shrimataji","https:\/\/www.youtube.com\/@Shri_Mataji_Nirmala_Devi\/featured"]}]}},"lang":"pt","translations":{"pt":10395,"en":453,"am":18037,"th":19998,"hu":19518,"sq":18438,"zh":17335,"tr":10183,"de":10669,"fr":10767,"it":10865,"es":10962,"ja":11259,"ru":11447,"bn":11639,"te":11747,"sw":11870,"he":12018,"el":12310,"sk":12408,"fa":12506,"fi":12604,"bg":13491,"ro":14566,"cs":14759,"nl":16598,"ku":16758,"ar":16934,"be":18645,"kn":18919,"mr":20362,"uk":20656,"ml":20951,"ta":22756,"sv":23027,"gu":28870,"pa":29030,"fil":29475},"pll_sync_post":[],"_links":{"self":[{"href":"https:\/\/shrimataji.org\/test\/wp-json\/wp\/v2\/pages\/10395","targetHints":{"allow":["GET"]}}],"collection":[{"href":"https:\/\/shrimataji.org\/test\/wp-json\/wp\/v2\/pages"}],"about":[{"href":"https:\/\/shrimataji.org\/test\/wp-json\/wp\/v2\/types\/page"}],"author":[{"embeddable":true,"href":"https:\/\/shrimataji.org\/test\/wp-json\/wp\/v2\/users\/18"}],"replies":[{"embeddable":true,"href":"https:\/\/shrimataji.org\/test\/wp-json\/wp\/v2\/comments?post=10395"}],"version-history":[{"count":0,"href":"https:\/\/shrimataji.org\/test\/wp-json\/wp\/v2\/pages\/10395\/revisions"}],"wp:attachment":[{"href":"https:\/\/shrimataji.org\/test\/wp-json\/wp\/v2\/media?parent=10395"}],"curies":[{"name":"wp","href":"https:\/\/api.w.org\/{rel}","templated":true}]}}