{"id":10396,"date":"2022-02-25T05:44:57","date_gmt":"2022-02-25T05:44:57","guid":{"rendered":"https:\/\/test.shrimataji.org\/?page_id=6480"},"modified":"2026-01-19T11:42:54","modified_gmt":"2026-01-19T11:42:54","slug":"mooladhara-chakra-pt","status":"publish","type":"page","link":"https:\/\/shrimataji.org\/test\/pt\/mooladhara-chakra-pt\/","title":{"rendered":"Mooladhara Chakra PT"},"content":{"rendered":"\n\n\t<h1>Mooladhara Chakra<\/h1>\n<h2>Inoc\u00eancia e Sabedoria<\/h2>\n<div class=\"su-quote su-quote-style-default\"><div class=\"su-quote-inner su-u-clearfix su-u-trim\">Mooladhara vem de duas palavras s\u00e2nscritas: &#8220;moola&#8221;, que significa &#8220;raiz&#8221;, e &#8220;adhara&#8221;, que significa &#8220;suporte&#8221;, ent\u00e3o seu significado \u00e9 &#8220;o suporte da raiz da cria\u00e7\u00e3o&#8221;. <\/div><\/div>\n<h4>Viemos ao mundo como beb\u00eas inocentes, e assim podemos dizer que as qualidades de uma crian\u00e7a s\u00e3o um tra\u00e7o inato da nossa personalidade. Inoc\u00eancia, espontaneidade e sabedoria s\u00e3o as manifesta\u00e7\u00f5es desse centro. Ele representa as qualidades eternas e indestrut\u00edveis dentro de n\u00f3s. Essas qualidades se manifestam em seu potencial m\u00e1ximo quando a energia Kundalini ativa este Chakra. No n\u00edvel f\u00edsico, esse centro governa o sistema excretor e reprodutivo. No n\u00edvel espiritual, nosso Mooladhara Chakra forma a base de todo o sistema sutil.<\/h4>\n<p>\u00c0 medida que crescemos atrav\u00e9s da medita\u00e7\u00e3o, come\u00e7amos a experimentar um profundo senso de inoc\u00eancia, respeito e amor por n\u00f3s mesmos e pelos outros. Tamb\u00e9m percebemos que nossa mem\u00f3ria melhora significativamente, \u00e0 medida que a mente se livra de distra\u00e7\u00f5es irrelevantes. Com a evolu\u00e7\u00e3o desse centro dentro de n\u00f3s, desenvolvemos uma personalidade magn\u00e9tica.<\/p>\n\t\t<iframe loading=\"lazy\" title=\"Mooladhara Chakra\" width=\"1920\" height=\"1080\" src=\"https:\/\/www.youtube.com\/embed\/k_tSck7QxHQ?feature=oembed\" frameborder=\"0\" allow=\"accelerometer; autoplay; clipboard-write; encrypted-media; gyroscope; picture-in-picture; web-share\" allowfullscreen><\/iframe>\t\n\t<strong>Localiza\u00e7\u00e3o<\/strong>:<br \/>\nO Mooladhara Chakra est\u00e1 localizado no plexo p\u00e9lvico, na base da nossa coluna. As vibra\u00e7\u00f5es desse Chakra raiz podem ser sentidas na base da nossa palma.\n<strong>Cor<\/strong>:<strong><br \/>\n<\/strong>Este Chakra \u00e9 representado pela cor vermelho coral e est\u00e1 intimamente alinhado com o elemento terra.\n<p><strong>As qualidades sutis do Mooladhara Chakra incluem:<\/strong><\/p>\n\u2022 Inoc\u00eancia<br \/>\n\u2022 Pureza<br \/>\n\u2022 Simplicidade<br \/>\n\u2022 Alegria de uma crian\u00e7a<br \/>\n\u2022 Sabedoria Inata<br \/>\n\u2022 Dignidade<br \/>\n\u2022 Equil\u00edbrio<br \/>\n\u2022 Prop\u00f3sito e Dire\u00e7\u00e3o<br \/>\n\u2022 Conex\u00e3o com a Terra<br \/>\n\u2022 Harmonia com a natureza\n<figure itemscope itemtype=\"https:\/\/schema.org\/ImageObject\">\n\t\t\t\t<a href=\"https:\/\/shrimataji.org\/test\/wp-content\/uploads\/2023\/02\/1-Mooladhara-01.png\"  target=\"_blank\" rel=\"noopener\"  itemprop=\"url\">\n\t\t\t\t<img decoding=\"async\" src=\"https:\/\/shrimataji.org\/test\/wp-content\/uploads\/2025\/11\/pt-1-Mooladhara-01-scaled.png\" alt=\"pt-1-Mooladhara-01\" height=\"2560\" width=\"2402\" title=\"pt-1-Mooladhara-01\" onerror=\"this.style.display='none'\" loading=\"lazy\" \/>\n\t\t\t\t<\/a>\n\t<\/figure>\n\t<div class=\"su-quote su-quote-style-default\"><div class=\"su-quote-inner su-u-clearfix su-u-trim\">O centro mais abaixo \u00e9 reservado para nossa inoc\u00eancia. Nossa inoc\u00eancia nunca pode ser destru\u00edda porque \u00e9 eterna. Ela pode ser coberta por algumas nuvens, mas com o despertar da Kundalini, a inoc\u00eancia retorna para n\u00f3s. Nossa aten\u00e7\u00e3o se torna absolutamente inocente e n\u00e3o h\u00e1 lux\u00faria nem gan\u00e2ncia em nossa aten\u00e7\u00e3o.<\/div><\/div>\n\t<strong>Experi\u00eancia e Benef\u00edcios:<br \/>\n<\/strong>Um Mooladhara Chakra equilibrado ajudar\u00e1 a manter e expandir sua sabedoria interior. Voc\u00ea ganha a habilidade inata de distinguir entre o certo e o errado. Quando a verdadeira sabedoria prevalece, evita-se a\u00e7\u00f5es (ou omiss\u00f5es) que prejudicam a si mesmo ou aos outros.\n<p>Um Mooladhara Chakra equilibrado tamb\u00e9m levar\u00e1 a uma melhoria na mem\u00f3ria, aten\u00e7\u00e3o e foco. A pessoa \u00e9 capaz de tomar decis\u00f5es intelectuais de forma eficaz e eficiente, mantendo o equil\u00edbrio emocional e a estabilidade. Como o Mooladhara Chakra \u00e9 formado pelo elemento terra, ele desempenha um papel importante em conectar nossa consci\u00eancia com a M\u00e3e Natureza, e desfrutamos de uma vida em completa harmonia com suas d\u00e1divas. Tamb\u00e9m nos ajuda a evitar estilos de vida n\u00e3o naturais ou prejudiciais \u00e0 sa\u00fade (aqueles que podem ser considerados &#8220;perversos&#8221; ou &#8220;contra a natureza&#8221;). Um Mooladhara Chakra equilibrado nos permite entender e respeitar nossa pr\u00f3pria inoc\u00eancia e pureza, bem como a dos outros. Quando experimentamos uma perturba\u00e7\u00e3o no nosso Mooladhara Chakra, muitas doen\u00e7as podem surgir.<\/p>\n<p>Problemas do canal esquerdo, como depress\u00e3o ou letargia, tamb\u00e9m podem ser prevenidos equilibrando o Mooladhara Chakra. Problemas do canal direito, como comportamento agressivo, pensamento excessivo, planejamento excessivo e indulg\u00eancia em excesso, tamb\u00e9m podem ser eliminados ao se estabelecer um equil\u00edbrio adequado do Mooladhara Chakra.<\/p>\n<strong>Autoavalia\u00e7\u00e3o:<br \/>\n<\/strong>Se o seu Mooladhara Chakra estiver desequilibrado, voc\u00ea pode experimentar pouca no\u00e7\u00e3o de dire\u00e7\u00e3o, mem\u00f3ria fraca ou um fraco senso de equil\u00edbrio (gravidade). Outros sintomas de perturba\u00e7\u00e3o neste Chakra incluem problemas excret\u00f3rios, dist\u00farbios sexuais e dificuldades reprodutivas.\n<p><strong>Motivos para o Desquil\u00edbrio: <\/strong><\/p>\n<ul>\n<li>Um excesso de atividade mental e uma indulg\u00eancia exagerada nos prazeres dos sentidos podem criar um bloqueio neste centro. Influ\u00eancias sociais negativas tamb\u00e9m podem afetar as qualidades inatas de inoc\u00eancia e sabedoria que fazem parte do nosso Mooladhara Chakra.<\/li>\n<\/ul>\n<strong>Como Equilibrar<\/strong>:<strong><br \/>\n<\/strong>A pr\u00e1tica regular da medita\u00e7\u00e3o Sahaja Yoga ajuda a equilibrar nosso Mooladhara Chakra e fortalecer as belas qualidades inatas desse centro em nossa consci\u00eancia. Para come\u00e7ar, voc\u00ea deve sentar-se diretamente sobre a terra sempre que poss\u00edvel. Ao desfrutar de um momento de paz ao ar livre, voc\u00ea pode limpar o seu Mooladhara Chakra esquerdo sentando-se no ch\u00e3o em posi\u00e7\u00e3o de pernas cruzadas. Coloque as duas m\u00e3os no ch\u00e3o ao lado dos quadris, com as palmas voltadas para baixo.\n<p>Se voc\u00ea n\u00e3o puder passar tempo ao ar livre, h\u00e1 outra op\u00e7\u00e3o. Mergulhar os p\u00e9s em uma bacia com \u00e1gua morna e salgada tamb\u00e9m ajuda a equilibrar o Mooladhara Chakra.<\/p>\n\n","protected":false},"excerpt":{"rendered":"<p>Mooladhara Chakra Inoc\u00eancia e Sabedoria Viemos ao mundo como beb\u00eas inocentes, e assim podemos dizer que as qualidades de uma crian\u00e7a s\u00e3o um tra\u00e7o inato da nossa personalidade. Inoc\u00eancia, espontaneidade e sabedoria s\u00e3o as manifesta\u00e7\u00f5es desse centro. Ele representa as qualidades eternas e indestrut\u00edveis dentro de n\u00f3s. Essas qualidades se manifestam em seu potencial m\u00e1ximo&hellip; <br \/> <a class=\"read-more\" href=\"https:\/\/shrimataji.org\/test\/pt\/mooladhara-chakra-pt\/\">Read more<\/a><\/p>\n","protected":false},"author":18,"featured_media":9251,"parent":0,"menu_order":0,"comment_status":"closed","ping_status":"closed","template":"","meta":{"inline_featured_image":false,"footnotes":""},"class_list":["post-10396","page","type-page","status-publish","has-post-thumbnail","hentry"],"yoast_head":"<!-- This site is optimized with the Yoast SEO plugin v27.4 - https:\/\/yoast.com\/product\/yoast-seo-wordpress\/ -->\n<title>Mooladhara Chakra PT - TEST - SMND<\/title>\n<meta name=\"robots\" content=\"noindex, follow, max-snippet:-1, max-image-preview:large, max-video-preview:-1\" \/>\n<meta property=\"og:locale\" content=\"en_US\" \/>\n<meta property=\"og:type\" content=\"article\" \/>\n<meta property=\"og:title\" content=\"Mooladhara Chakra PT - TEST - SMND\" \/>\n<meta property=\"og:description\" content=\"Mooladhara Chakra Inoc\u00eancia e Sabedoria Viemos ao mundo como beb\u00eas inocentes, e assim podemos dizer que as qualidades de uma crian\u00e7a s\u00e3o um tra\u00e7o inato da nossa personalidade. Inoc\u00eancia, espontaneidade e sabedoria s\u00e3o as manifesta\u00e7\u00f5es desse centro. Ele representa as qualidades eternas e indestrut\u00edveis dentro de n\u00f3s. Essas qualidades se manifestam em seu potencial m\u00e1ximo&hellip; Read more\" \/>\n<meta property=\"og:url\" content=\"https:\/\/shrimataji.org\/test\/pt\/mooladhara-chakra-pt\/\" \/>\n<meta property=\"og:site_name\" content=\"TEST - SMND\" \/>\n<meta property=\"article:publisher\" content=\"https:\/\/www.facebook.com\/shrimataji\" \/>\n<meta property=\"article:modified_time\" content=\"2026-01-19T11:42:54+00:00\" \/>\n<meta property=\"og:image\" content=\"https:\/\/shrimataji.org\/test\/wp-content\/uploads\/2023\/03\/16_Banner-SY-Chakra-mool-scaled.jpg\" \/>\n\t<meta property=\"og:image:width\" content=\"2560\" \/>\n\t<meta property=\"og:image:height\" content=\"905\" \/>\n\t<meta property=\"og:image:type\" content=\"image\/jpeg\" \/>\n<meta name=\"twitter:card\" content=\"summary_large_image\" \/>\n<meta name=\"twitter:site\" content=\"@shrimataji\" \/>\n<meta name=\"twitter:label1\" content=\"Est. reading time\" \/>\n\t<meta name=\"twitter:data1\" content=\"4 minutes\" \/>\n<script type=\"application\/ld+json\" class=\"yoast-schema-graph\">{\"@context\":\"https:\\\/\\\/schema.org\",\"@graph\":[{\"@type\":\"WebPage\",\"@id\":\"https:\\\/\\\/shrimataji.org\\\/test\\\/pt\\\/mooladhara-chakra-pt\\\/\",\"url\":\"https:\\\/\\\/shrimataji.org\\\/test\\\/pt\\\/mooladhara-chakra-pt\\\/\",\"name\":\"Mooladhara Chakra PT - TEST - SMND\",\"isPartOf\":{\"@id\":\"https:\\\/\\\/shrimataji.org\\\/test\\\/#website\"},\"primaryImageOfPage\":{\"@id\":\"https:\\\/\\\/shrimataji.org\\\/test\\\/pt\\\/mooladhara-chakra-pt\\\/#primaryimage\"},\"image\":{\"@id\":\"https:\\\/\\\/shrimataji.org\\\/test\\\/pt\\\/mooladhara-chakra-pt\\\/#primaryimage\"},\"thumbnailUrl\":\"https:\\\/\\\/shrimataji.org\\\/test\\\/wp-content\\\/uploads\\\/2023\\\/03\\\/16_Banner-SY-Chakra-mool-scaled.jpg\",\"datePublished\":\"2022-02-25T05:44:57+00:00\",\"dateModified\":\"2026-01-19T11:42:54+00:00\",\"breadcrumb\":{\"@id\":\"https:\\\/\\\/shrimataji.org\\\/test\\\/pt\\\/mooladhara-chakra-pt\\\/#breadcrumb\"},\"inLanguage\":\"en-US\",\"potentialAction\":[{\"@type\":\"ReadAction\",\"target\":[\"https:\\\/\\\/shrimataji.org\\\/test\\\/pt\\\/mooladhara-chakra-pt\\\/\"]}]},{\"@type\":\"ImageObject\",\"inLanguage\":\"en-US\",\"@id\":\"https:\\\/\\\/shrimataji.org\\\/test\\\/pt\\\/mooladhara-chakra-pt\\\/#primaryimage\",\"url\":\"https:\\\/\\\/shrimataji.org\\\/test\\\/wp-content\\\/uploads\\\/2023\\\/03\\\/16_Banner-SY-Chakra-mool-scaled.jpg\",\"contentUrl\":\"https:\\\/\\\/shrimataji.org\\\/test\\\/wp-content\\\/uploads\\\/2023\\\/03\\\/16_Banner-SY-Chakra-mool-scaled.jpg\",\"width\":2560,\"height\":905},{\"@type\":\"BreadcrumbList\",\"@id\":\"https:\\\/\\\/shrimataji.org\\\/test\\\/pt\\\/mooladhara-chakra-pt\\\/#breadcrumb\",\"itemListElement\":[{\"@type\":\"ListItem\",\"position\":1,\"name\":\"Home\",\"item\":\"https:\\\/\\\/shrimataji.org\\\/test\\\/uk\\\/home-en\\\/\"},{\"@type\":\"ListItem\",\"position\":2,\"name\":\"Mooladhara Chakra PT\"}]},{\"@type\":\"WebSite\",\"@id\":\"https:\\\/\\\/shrimataji.org\\\/test\\\/#website\",\"url\":\"https:\\\/\\\/shrimataji.org\\\/test\\\/\",\"name\":\"Shri Mataji Nirmala Devi\",\"description\":\"A Life Dedicated to Humanity\",\"publisher\":{\"@id\":\"https:\\\/\\\/shrimataji.org\\\/test\\\/#\\\/schema\\\/person\\\/a1b3419c6585f164aa96da1ff85715d1\"},\"potentialAction\":[{\"@type\":\"SearchAction\",\"target\":{\"@type\":\"EntryPoint\",\"urlTemplate\":\"https:\\\/\\\/shrimataji.org\\\/test\\\/?s={search_term_string}\"},\"query-input\":{\"@type\":\"PropertyValueSpecification\",\"valueRequired\":true,\"valueName\":\"search_term_string\"}}],\"inLanguage\":\"en-US\"},{\"@type\":[\"Person\",\"Organization\"],\"@id\":\"https:\\\/\\\/shrimataji.org\\\/test\\\/#\\\/schema\\\/person\\\/a1b3419c6585f164aa96da1ff85715d1\",\"name\":\"Nirmala Shrivastava\",\"image\":{\"@type\":\"ImageObject\",\"inLanguage\":\"en-US\",\"@id\":\"https:\\\/\\\/shrimataji.org\\\/test\\\/wp-content\\\/uploads\\\/2023\\\/02\\\/SMO_LOGO-03.svg\",\"url\":\"https:\\\/\\\/shrimataji.org\\\/test\\\/wp-content\\\/uploads\\\/2023\\\/02\\\/SMO_LOGO-03.svg\",\"contentUrl\":\"https:\\\/\\\/shrimataji.org\\\/test\\\/wp-content\\\/uploads\\\/2023\\\/02\\\/SMO_LOGO-03.svg\",\"width\":\"1024\",\"height\":\"1024\",\"caption\":\"Nirmala Shrivastava\"},\"logo\":{\"@id\":\"https:\\\/\\\/shrimataji.org\\\/test\\\/wp-content\\\/uploads\\\/2023\\\/02\\\/SMO_LOGO-03.svg\"},\"sameAs\":[\"https:\\\/\\\/shrimataji.org\\\/test\",\"https:\\\/\\\/www.facebook.com\\\/shrimataji\",\"https:\\\/\\\/x.com\\\/shrimataji\",\"https:\\\/\\\/www.youtube.com\\\/@Shri_Mataji_Nirmala_Devi\\\/featured\"]}]}<\/script>\n<!-- \/ Yoast SEO plugin. -->","yoast_head_json":{"title":"Mooladhara Chakra PT - TEST - SMND","robots":{"index":"noindex","follow":"follow","max-snippet":"max-snippet:-1","max-image-preview":"max-image-preview:large","max-video-preview":"max-video-preview:-1"},"og_locale":"en_US","og_type":"article","og_title":"Mooladhara Chakra PT - TEST - SMND","og_description":"Mooladhara Chakra Inoc\u00eancia e Sabedoria Viemos ao mundo como beb\u00eas inocentes, e assim podemos dizer que as qualidades de uma crian\u00e7a s\u00e3o um tra\u00e7o inato da nossa personalidade. Inoc\u00eancia, espontaneidade e sabedoria s\u00e3o as manifesta\u00e7\u00f5es desse centro. Ele representa as qualidades eternas e indestrut\u00edveis dentro de n\u00f3s. Essas qualidades se manifestam em seu potencial m\u00e1ximo&hellip; Read more","og_url":"https:\/\/shrimataji.org\/test\/pt\/mooladhara-chakra-pt\/","og_site_name":"TEST - SMND","article_publisher":"https:\/\/www.facebook.com\/shrimataji","article_modified_time":"2026-01-19T11:42:54+00:00","og_image":[{"width":2560,"height":905,"url":"https:\/\/shrimataji.org\/test\/wp-content\/uploads\/2023\/03\/16_Banner-SY-Chakra-mool-scaled.jpg","type":"image\/jpeg"}],"twitter_card":"summary_large_image","twitter_site":"@shrimataji","twitter_misc":{"Est. reading time":"4 minutes"},"schema":{"@context":"https:\/\/schema.org","@graph":[{"@type":"WebPage","@id":"https:\/\/shrimataji.org\/test\/pt\/mooladhara-chakra-pt\/","url":"https:\/\/shrimataji.org\/test\/pt\/mooladhara-chakra-pt\/","name":"Mooladhara Chakra PT - TEST - SMND","isPartOf":{"@id":"https:\/\/shrimataji.org\/test\/#website"},"primaryImageOfPage":{"@id":"https:\/\/shrimataji.org\/test\/pt\/mooladhara-chakra-pt\/#primaryimage"},"image":{"@id":"https:\/\/shrimataji.org\/test\/pt\/mooladhara-chakra-pt\/#primaryimage"},"thumbnailUrl":"https:\/\/shrimataji.org\/test\/wp-content\/uploads\/2023\/03\/16_Banner-SY-Chakra-mool-scaled.jpg","datePublished":"2022-02-25T05:44:57+00:00","dateModified":"2026-01-19T11:42:54+00:00","breadcrumb":{"@id":"https:\/\/shrimataji.org\/test\/pt\/mooladhara-chakra-pt\/#breadcrumb"},"inLanguage":"en-US","potentialAction":[{"@type":"ReadAction","target":["https:\/\/shrimataji.org\/test\/pt\/mooladhara-chakra-pt\/"]}]},{"@type":"ImageObject","inLanguage":"en-US","@id":"https:\/\/shrimataji.org\/test\/pt\/mooladhara-chakra-pt\/#primaryimage","url":"https:\/\/shrimataji.org\/test\/wp-content\/uploads\/2023\/03\/16_Banner-SY-Chakra-mool-scaled.jpg","contentUrl":"https:\/\/shrimataji.org\/test\/wp-content\/uploads\/2023\/03\/16_Banner-SY-Chakra-mool-scaled.jpg","width":2560,"height":905},{"@type":"BreadcrumbList","@id":"https:\/\/shrimataji.org\/test\/pt\/mooladhara-chakra-pt\/#breadcrumb","itemListElement":[{"@type":"ListItem","position":1,"name":"Home","item":"https:\/\/shrimataji.org\/test\/uk\/home-en\/"},{"@type":"ListItem","position":2,"name":"Mooladhara Chakra PT"}]},{"@type":"WebSite","@id":"https:\/\/shrimataji.org\/test\/#website","url":"https:\/\/shrimataji.org\/test\/","name":"Shri Mataji Nirmala Devi","description":"A Life Dedicated to Humanity","publisher":{"@id":"https:\/\/shrimataji.org\/test\/#\/schema\/person\/a1b3419c6585f164aa96da1ff85715d1"},"potentialAction":[{"@type":"SearchAction","target":{"@type":"EntryPoint","urlTemplate":"https:\/\/shrimataji.org\/test\/?s={search_term_string}"},"query-input":{"@type":"PropertyValueSpecification","valueRequired":true,"valueName":"search_term_string"}}],"inLanguage":"en-US"},{"@type":["Person","Organization"],"@id":"https:\/\/shrimataji.org\/test\/#\/schema\/person\/a1b3419c6585f164aa96da1ff85715d1","name":"Nirmala Shrivastava","image":{"@type":"ImageObject","inLanguage":"en-US","@id":"https:\/\/shrimataji.org\/test\/wp-content\/uploads\/2023\/02\/SMO_LOGO-03.svg","url":"https:\/\/shrimataji.org\/test\/wp-content\/uploads\/2023\/02\/SMO_LOGO-03.svg","contentUrl":"https:\/\/shrimataji.org\/test\/wp-content\/uploads\/2023\/02\/SMO_LOGO-03.svg","width":"1024","height":"1024","caption":"Nirmala Shrivastava"},"logo":{"@id":"https:\/\/shrimataji.org\/test\/wp-content\/uploads\/2023\/02\/SMO_LOGO-03.svg"},"sameAs":["https:\/\/shrimataji.org\/test","https:\/\/www.facebook.com\/shrimataji","https:\/\/x.com\/shrimataji","https:\/\/www.youtube.com\/@Shri_Mataji_Nirmala_Devi\/featured"]}]}},"lang":"pt","translations":{"pt":10396,"ur":37466,"en":10186,"am":18038,"th":20000,"hu":19520,"sq":18439,"zh":17336,"ja":11260,"hi":8319,"de":10670,"fr":10768,"it":10866,"es":10963,"ru":11448,"bn":11640,"te":11748,"sw":11871,"he":12019,"el":12311,"sk":12409,"fa":12507,"fi":12605,"bg":13376,"ro":14450,"cs":14643,"nl":16599,"ku":16759,"ar":16935,"be":18646,"kn":18920,"mr":20364,"uk":20658,"ml":20953,"ta":22757,"sv":23028,"gu":28871,"pa":29031,"fil":29476,"da":37778,"pl":37990,"nn":38330},"pll_sync_post":[],"_links":{"self":[{"href":"https:\/\/shrimataji.org\/test\/wp-json\/wp\/v2\/pages\/10396","targetHints":{"allow":["GET"]}}],"collection":[{"href":"https:\/\/shrimataji.org\/test\/wp-json\/wp\/v2\/pages"}],"about":[{"href":"https:\/\/shrimataji.org\/test\/wp-json\/wp\/v2\/types\/page"}],"author":[{"embeddable":true,"href":"https:\/\/shrimataji.org\/test\/wp-json\/wp\/v2\/users\/18"}],"replies":[{"embeddable":true,"href":"https:\/\/shrimataji.org\/test\/wp-json\/wp\/v2\/comments?post=10396"}],"version-history":[{"count":0,"href":"https:\/\/shrimataji.org\/test\/wp-json\/wp\/v2\/pages\/10396\/revisions"}],"wp:featuredmedia":[{"embeddable":true,"href":"https:\/\/shrimataji.org\/test\/wp-json\/wp\/v2\/media\/9251"}],"wp:attachment":[{"href":"https:\/\/shrimataji.org\/test\/wp-json\/wp\/v2\/media?parent=10396"}],"curies":[{"name":"wp","href":"https:\/\/api.w.org\/{rel}","templated":true}]}}