{"id":10398,"date":"2022-01-29T10:25:21","date_gmt":"2022-01-29T10:25:21","guid":{"rendered":"https:\/\/test.shrimataji.org\/?page_id=6406"},"modified":"2026-01-18T19:21:00","modified_gmt":"2026-01-18T19:21:00","slug":"nadis-tres-estados","status":"publish","type":"page","link":"https:\/\/shrimataji.org\/test\/pt\/nadis-tres-estados\/","title":{"rendered":"Nadis e os Tr\u00eas Estados"},"content":{"rendered":"\n\n\t<h1>Nadis e os Tr\u00eas Estados<\/h1>\n<h2>Alcan\u00e7ando o equil\u00edbrio<\/h2>\n<div class=\"su-quote su-quote-style-default\"><div class=\"su-quote-inner su-u-clearfix su-u-trim\"> Esses Nadis sutis n\u00e3o podem ser vistos &#8211; eles s\u00f3 podem se manifestar na Sahaja Yoga. <\/div><\/div>\n<h4>O sistema sutil humano \u00e9 imensamente complexo, composto por milhares de canais que permitem o fluxo da energia sutil por todo o corpo. As manifesta\u00e7\u00f5es das energias sutis que fluem por esses canais em locais espec\u00edficos dentro do sistema sutil s\u00e3o chamadas de &#8220;<a href=\"https:\/\/shrimataji.org\/test\/pt\/chakras-qualidades\/\" target=\"_blank\" rel=\"noopener\">Chakras<\/a>&#8221; (que significa &#8220;rodas&#8221; em s\u00e2nscrito). Todo o nosso sistema sutil \u00e9 regido por tr\u00eas canais verticais principais de energia, chamados &#8220;Nadis&#8221; em s\u00e2nscrito, que interagem atrav\u00e9s dos sete Chakras principais.<\/h4>\n<p>\u00c9 somente atrav\u00e9s da realiza\u00e7\u00e3o do Si que nosso sistema sutil \u00e9 plenamente ativado com o despertar da <a href=\"https:\/\/shrimataji.org\/test\/pt\/kundalini-pt\/\" target=\"_blank\" rel=\"noopener\">Kundalini<\/a>, que ent\u00e3o purifica e equilibra todo o sistema sutil e ilumina as qualidades puras dos Chakras dentro de n\u00f3s.<\/p>\n<figure itemscope itemtype=\"https:\/\/schema.org\/ImageObject\">\n\t\t\t\t<a href=\"https:\/\/shrimataji.org\/test\/wp-content\/uploads\/2023\/02\/1_All-Nadis-01.png\"  target=\"_blank\" rel=\"noopener\"  itemprop=\"url\">\n\t\t\t\t<img decoding=\"async\" src=\"https:\/\/shrimataji.org\/test\/wp-content\/uploads\/2025\/11\/pt-All-Nadis-01-scaled.png\" alt=\"pt-All Nadis-01\" height=\"2560\" width=\"2390\" title=\"pt-All Nadis-01\" onerror=\"this.style.display='none'\" loading=\"lazy\" \/>\n\t\t\t\t<\/a>\n\t<\/figure>\n\t<p>Cada um dos canais de energia corresponde a certos estados ou qualidades da nossa psique e sustenta o pleno desenvolvimento de uma personalidade madura. No decorrer da vida cotidiana, tendemos a usar ou o canal esquerdo (chamado Ida Nadi em s\u00e2nscrito), que governa nossos desejos e sentimentos, ou o canal direito (chamado Pingala Nadi em s\u00e2nscrito), que governa nossos pensamentos e a\u00e7\u00f5es. As tend\u00eancias excessivas em nosso estilo de vida frequentemente perturbam o equil\u00edbrio natural dos canais, e passamos a experimentar problemas f\u00edsicos, mentais e emocionais. O terceiro canal de energia, Sushumna, que fica entre os canais esquerdo e direito, s\u00f3 \u00e9 ativado pela nossa realiza\u00e7\u00e3o do Si, quando a Kundalini se eleva e ilumina todos os nossos Nadis e Chakras, conduzindo-nos a um estado de equil\u00edbrio interior.<\/p>\n<p>Esses canais sutis n\u00e3o est\u00e3o apenas mapeados em nossa medula espinhal &#8211; que se manifesta como o sistema nervoso simp\u00e1tico e parassimp\u00e1tico no n\u00edvel f\u00edsico -, mas tamb\u00e9m correspondem a locais espec\u00edficos em nossas m\u00e3os e pernas.<\/p>\n<figure itemscope itemtype=\"https:\/\/schema.org\/ImageObject\">\n\t\t\t\t<img decoding=\"async\" src=\"https:\/\/shrimataji.org\/test\/wp-content\/uploads\/2023\/03\/Nadi_Handsketch.jpg\" alt=\"Dessin original de Shri Mataji\n\" height=\"511\" width=\"1246\" title=\"Nadi_Handsketch\" onerror=\"this.style.display='none'\" loading=\"lazy\" \/>\n\t\t<figcaption>Dessin original de Shri Mataji\n<\/figcaption>\n\t<\/figure>\n\t<p>Ap\u00f3s a realiza\u00e7\u00e3o do Si, tornamo-nos claramente conscientes dos desequil\u00edbrios em nossos Nadis e Chakras, que sentimos como calor, frio extremo ou dorm\u00eancia, correspondendo \u00e0s posi\u00e7\u00f5es respectivas na medula espinhal ou nas extremidades f\u00edsicas do corpo.<\/p>\n<p>Shri Mataji descreveu em detalhes diversas t\u00e9cnicas de purifica\u00e7\u00e3o, frequentemente utilizando um ou outro elemento &#8211; como terra, \u00e1gua, fogo, ar e \u00e9ter &#8211; para limpar determinados bloqueios nos Nadis e Chakras e restaur\u00e1-los ao seu estado de equil\u00edbrio natural.<\/p>\n\t\t<img decoding=\"async\" data-spai-excluded=\"true\" loading=\"lazy\"  alt=\"YouTube player\"  src=\"https:\/\/i.ytimg.com\/vi\/9phkP0MMMEI\/maxresdefault.jpg\"  \/><button aria-label=\"Play\"><\/button><meta itemprop=\"embedUrl\" content=\"https:\/\/www.youtube.com\/embed\/9phkP0MMMEI\"\/><meta itemprop=\"name\" content=\"The importance of a balanced life\"\/><meta itemprop=\"description\" content=\"YouTube video\"\/><meta itemprop=\"thumbnailUrl\" content=\"https:\/\/i.ytimg.com\/vi\/9phkP0MMMEI\/0.jpg\"\/><meta itemprop=\"duration\" content=\"PT2M5S\"\/><meta itemprop=\"uploadDate\" content=\"2022-11-12T03:31:03Z\"\/>\t\n\n","protected":false},"excerpt":{"rendered":"<p>Nadis e os Tr\u00eas Estados Alcan\u00e7ando o equil\u00edbrio O sistema sutil humano \u00e9 imensamente complexo, composto por milhares de canais que permitem o fluxo da energia sutil por todo o corpo. As manifesta\u00e7\u00f5es das energias sutis que fluem por esses canais em locais espec\u00edficos dentro do sistema sutil s\u00e3o chamadas de &#8220;Chakras&#8221; (que significa &#8220;rodas&#8221;&hellip; <br \/> <a class=\"read-more\" href=\"https:\/\/shrimataji.org\/test\/pt\/nadis-tres-estados\/\">Read more<\/a><\/p>\n","protected":false},"author":18,"featured_media":9246,"parent":0,"menu_order":0,"comment_status":"closed","ping_status":"closed","template":"","meta":{"inline_featured_image":false,"footnotes":""},"class_list":["post-10398","page","type-page","status-publish","has-post-thumbnail","hentry"],"yoast_head":"<!-- This site is optimized with the Yoast SEO plugin v27.4 - https:\/\/yoast.com\/product\/yoast-seo-wordpress\/ -->\n<title>Nadis e os Tr\u00eas Estados - TEST - SMND<\/title>\n<meta name=\"robots\" content=\"noindex, follow, max-snippet:-1, max-image-preview:large, max-video-preview:-1\" \/>\n<meta property=\"og:locale\" content=\"en_US\" \/>\n<meta property=\"og:type\" content=\"article\" \/>\n<meta property=\"og:title\" content=\"Nadis e os Tr\u00eas Estados - TEST - SMND\" \/>\n<meta property=\"og:description\" content=\"Nadis e os Tr\u00eas Estados Alcan\u00e7ando o equil\u00edbrio O sistema sutil humano \u00e9 imensamente complexo, composto por milhares de canais que permitem o fluxo da energia sutil por todo o corpo. As manifesta\u00e7\u00f5es das energias sutis que fluem por esses canais em locais espec\u00edficos dentro do sistema sutil s\u00e3o chamadas de &#8220;Chakras&#8221; (que significa &#8220;rodas&#8221;&hellip; Read more\" \/>\n<meta property=\"og:url\" content=\"https:\/\/shrimataji.org\/test\/pt\/nadis-tres-estados\/\" \/>\n<meta property=\"og:site_name\" content=\"TEST - SMND\" \/>\n<meta property=\"article:publisher\" content=\"https:\/\/www.facebook.com\/shrimataji\" \/>\n<meta property=\"article:modified_time\" content=\"2026-01-18T19:21:00+00:00\" \/>\n<meta property=\"og:image\" content=\"https:\/\/shrimataji.org\/test\/wp-content\/uploads\/2023\/03\/11_Banner-SY-Nadis-2-scaled.jpg\" \/>\n\t<meta property=\"og:image:width\" content=\"2560\" \/>\n\t<meta property=\"og:image:height\" content=\"905\" \/>\n\t<meta property=\"og:image:type\" content=\"image\/jpeg\" \/>\n<meta name=\"twitter:card\" content=\"summary_large_image\" \/>\n<meta name=\"twitter:site\" content=\"@shrimataji\" \/>\n<meta name=\"twitter:label1\" content=\"Est. reading time\" \/>\n\t<meta name=\"twitter:data1\" content=\"3 minutes\" \/>\n<script type=\"application\/ld+json\" class=\"yoast-schema-graph\">{\"@context\":\"https:\\\/\\\/schema.org\",\"@graph\":[{\"@type\":\"WebPage\",\"@id\":\"https:\\\/\\\/shrimataji.org\\\/test\\\/pt\\\/nadis-tres-estados\\\/\",\"url\":\"https:\\\/\\\/shrimataji.org\\\/test\\\/pt\\\/nadis-tres-estados\\\/\",\"name\":\"Nadis e os Tr\u00eas Estados - TEST - SMND\",\"isPartOf\":{\"@id\":\"https:\\\/\\\/shrimataji.org\\\/test\\\/#website\"},\"primaryImageOfPage\":{\"@id\":\"https:\\\/\\\/shrimataji.org\\\/test\\\/pt\\\/nadis-tres-estados\\\/#primaryimage\"},\"image\":{\"@id\":\"https:\\\/\\\/shrimataji.org\\\/test\\\/pt\\\/nadis-tres-estados\\\/#primaryimage\"},\"thumbnailUrl\":\"https:\\\/\\\/shrimataji.org\\\/test\\\/wp-content\\\/uploads\\\/2023\\\/03\\\/11_Banner-SY-Nadis-2-scaled.jpg\",\"datePublished\":\"2022-01-29T10:25:21+00:00\",\"dateModified\":\"2026-01-18T19:21:00+00:00\",\"breadcrumb\":{\"@id\":\"https:\\\/\\\/shrimataji.org\\\/test\\\/pt\\\/nadis-tres-estados\\\/#breadcrumb\"},\"inLanguage\":\"en-US\",\"potentialAction\":[{\"@type\":\"ReadAction\",\"target\":[\"https:\\\/\\\/shrimataji.org\\\/test\\\/pt\\\/nadis-tres-estados\\\/\"]}]},{\"@type\":\"ImageObject\",\"inLanguage\":\"en-US\",\"@id\":\"https:\\\/\\\/shrimataji.org\\\/test\\\/pt\\\/nadis-tres-estados\\\/#primaryimage\",\"url\":\"https:\\\/\\\/shrimataji.org\\\/test\\\/wp-content\\\/uploads\\\/2023\\\/03\\\/11_Banner-SY-Nadis-2-scaled.jpg\",\"contentUrl\":\"https:\\\/\\\/shrimataji.org\\\/test\\\/wp-content\\\/uploads\\\/2023\\\/03\\\/11_Banner-SY-Nadis-2-scaled.jpg\",\"width\":2560,\"height\":905},{\"@type\":\"BreadcrumbList\",\"@id\":\"https:\\\/\\\/shrimataji.org\\\/test\\\/pt\\\/nadis-tres-estados\\\/#breadcrumb\",\"itemListElement\":[{\"@type\":\"ListItem\",\"position\":1,\"name\":\"Home\",\"item\":\"https:\\\/\\\/shrimataji.org\\\/test\\\/uk\\\/home-en\\\/\"},{\"@type\":\"ListItem\",\"position\":2,\"name\":\"Nadis e os Tr\u00eas Estados\"}]},{\"@type\":\"WebSite\",\"@id\":\"https:\\\/\\\/shrimataji.org\\\/test\\\/#website\",\"url\":\"https:\\\/\\\/shrimataji.org\\\/test\\\/\",\"name\":\"Shri Mataji Nirmala Devi\",\"description\":\"A Life Dedicated to Humanity\",\"publisher\":{\"@id\":\"https:\\\/\\\/shrimataji.org\\\/test\\\/#\\\/schema\\\/person\\\/a1b3419c6585f164aa96da1ff85715d1\"},\"potentialAction\":[{\"@type\":\"SearchAction\",\"target\":{\"@type\":\"EntryPoint\",\"urlTemplate\":\"https:\\\/\\\/shrimataji.org\\\/test\\\/?s={search_term_string}\"},\"query-input\":{\"@type\":\"PropertyValueSpecification\",\"valueRequired\":true,\"valueName\":\"search_term_string\"}}],\"inLanguage\":\"en-US\"},{\"@type\":[\"Person\",\"Organization\"],\"@id\":\"https:\\\/\\\/shrimataji.org\\\/test\\\/#\\\/schema\\\/person\\\/a1b3419c6585f164aa96da1ff85715d1\",\"name\":\"Nirmala Shrivastava\",\"image\":{\"@type\":\"ImageObject\",\"inLanguage\":\"en-US\",\"@id\":\"https:\\\/\\\/shrimataji.org\\\/test\\\/wp-content\\\/uploads\\\/2023\\\/02\\\/SMO_LOGO-03.svg\",\"url\":\"https:\\\/\\\/shrimataji.org\\\/test\\\/wp-content\\\/uploads\\\/2023\\\/02\\\/SMO_LOGO-03.svg\",\"contentUrl\":\"https:\\\/\\\/shrimataji.org\\\/test\\\/wp-content\\\/uploads\\\/2023\\\/02\\\/SMO_LOGO-03.svg\",\"width\":\"1024\",\"height\":\"1024\",\"caption\":\"Nirmala Shrivastava\"},\"logo\":{\"@id\":\"https:\\\/\\\/shrimataji.org\\\/test\\\/wp-content\\\/uploads\\\/2023\\\/02\\\/SMO_LOGO-03.svg\"},\"sameAs\":[\"https:\\\/\\\/shrimataji.org\\\/test\",\"https:\\\/\\\/www.facebook.com\\\/shrimataji\",\"https:\\\/\\\/x.com\\\/shrimataji\",\"https:\\\/\\\/www.youtube.com\\\/@Shri_Mataji_Nirmala_Devi\\\/featured\"]}]}<\/script>\n<!-- \/ Yoast SEO plugin. -->","yoast_head_json":{"title":"Nadis e os Tr\u00eas Estados - TEST - SMND","robots":{"index":"noindex","follow":"follow","max-snippet":"max-snippet:-1","max-image-preview":"max-image-preview:large","max-video-preview":"max-video-preview:-1"},"og_locale":"en_US","og_type":"article","og_title":"Nadis e os Tr\u00eas Estados - TEST - SMND","og_description":"Nadis e os Tr\u00eas Estados Alcan\u00e7ando o equil\u00edbrio O sistema sutil humano \u00e9 imensamente complexo, composto por milhares de canais que permitem o fluxo da energia sutil por todo o corpo. As manifesta\u00e7\u00f5es das energias sutis que fluem por esses canais em locais espec\u00edficos dentro do sistema sutil s\u00e3o chamadas de &#8220;Chakras&#8221; (que significa &#8220;rodas&#8221;&hellip; Read more","og_url":"https:\/\/shrimataji.org\/test\/pt\/nadis-tres-estados\/","og_site_name":"TEST - SMND","article_publisher":"https:\/\/www.facebook.com\/shrimataji","article_modified_time":"2026-01-18T19:21:00+00:00","og_image":[{"width":2560,"height":905,"url":"https:\/\/shrimataji.org\/test\/wp-content\/uploads\/2023\/03\/11_Banner-SY-Nadis-2-scaled.jpg","type":"image\/jpeg"}],"twitter_card":"summary_large_image","twitter_site":"@shrimataji","twitter_misc":{"Est. reading time":"3 minutes"},"schema":{"@context":"https:\/\/schema.org","@graph":[{"@type":"WebPage","@id":"https:\/\/shrimataji.org\/test\/pt\/nadis-tres-estados\/","url":"https:\/\/shrimataji.org\/test\/pt\/nadis-tres-estados\/","name":"Nadis e os Tr\u00eas Estados - TEST - SMND","isPartOf":{"@id":"https:\/\/shrimataji.org\/test\/#website"},"primaryImageOfPage":{"@id":"https:\/\/shrimataji.org\/test\/pt\/nadis-tres-estados\/#primaryimage"},"image":{"@id":"https:\/\/shrimataji.org\/test\/pt\/nadis-tres-estados\/#primaryimage"},"thumbnailUrl":"https:\/\/shrimataji.org\/test\/wp-content\/uploads\/2023\/03\/11_Banner-SY-Nadis-2-scaled.jpg","datePublished":"2022-01-29T10:25:21+00:00","dateModified":"2026-01-18T19:21:00+00:00","breadcrumb":{"@id":"https:\/\/shrimataji.org\/test\/pt\/nadis-tres-estados\/#breadcrumb"},"inLanguage":"en-US","potentialAction":[{"@type":"ReadAction","target":["https:\/\/shrimataji.org\/test\/pt\/nadis-tres-estados\/"]}]},{"@type":"ImageObject","inLanguage":"en-US","@id":"https:\/\/shrimataji.org\/test\/pt\/nadis-tres-estados\/#primaryimage","url":"https:\/\/shrimataji.org\/test\/wp-content\/uploads\/2023\/03\/11_Banner-SY-Nadis-2-scaled.jpg","contentUrl":"https:\/\/shrimataji.org\/test\/wp-content\/uploads\/2023\/03\/11_Banner-SY-Nadis-2-scaled.jpg","width":2560,"height":905},{"@type":"BreadcrumbList","@id":"https:\/\/shrimataji.org\/test\/pt\/nadis-tres-estados\/#breadcrumb","itemListElement":[{"@type":"ListItem","position":1,"name":"Home","item":"https:\/\/shrimataji.org\/test\/uk\/home-en\/"},{"@type":"ListItem","position":2,"name":"Nadis e os Tr\u00eas Estados"}]},{"@type":"WebSite","@id":"https:\/\/shrimataji.org\/test\/#website","url":"https:\/\/shrimataji.org\/test\/","name":"Shri Mataji Nirmala Devi","description":"A Life Dedicated to Humanity","publisher":{"@id":"https:\/\/shrimataji.org\/test\/#\/schema\/person\/a1b3419c6585f164aa96da1ff85715d1"},"potentialAction":[{"@type":"SearchAction","target":{"@type":"EntryPoint","urlTemplate":"https:\/\/shrimataji.org\/test\/?s={search_term_string}"},"query-input":{"@type":"PropertyValueSpecification","valueRequired":true,"valueName":"search_term_string"}}],"inLanguage":"en-US"},{"@type":["Person","Organization"],"@id":"https:\/\/shrimataji.org\/test\/#\/schema\/person\/a1b3419c6585f164aa96da1ff85715d1","name":"Nirmala Shrivastava","image":{"@type":"ImageObject","inLanguage":"en-US","@id":"https:\/\/shrimataji.org\/test\/wp-content\/uploads\/2023\/02\/SMO_LOGO-03.svg","url":"https:\/\/shrimataji.org\/test\/wp-content\/uploads\/2023\/02\/SMO_LOGO-03.svg","contentUrl":"https:\/\/shrimataji.org\/test\/wp-content\/uploads\/2023\/02\/SMO_LOGO-03.svg","width":"1024","height":"1024","caption":"Nirmala Shrivastava"},"logo":{"@id":"https:\/\/shrimataji.org\/test\/wp-content\/uploads\/2023\/02\/SMO_LOGO-03.svg"},"sameAs":["https:\/\/shrimataji.org\/test","https:\/\/www.facebook.com\/shrimataji","https:\/\/x.com\/shrimataji","https:\/\/www.youtube.com\/@Shri_Mataji_Nirmala_Devi\/featured"]}]}},"lang":"pt","translations":{"pt":10398,"ur":37470,"en":6406,"am":18042,"th":20006,"hu":19524,"sq":18443,"zh":17340,"hi":8302,"tr":10188,"de":10672,"fr":10770,"it":10868,"es":10965,"ja":11262,"ru":11450,"bn":11642,"te":11750,"sw":11873,"he":12021,"el":12313,"sk":12411,"fa":12509,"fi":12607,"bg":13386,"ro":14460,"cs":14653,"nl":16603,"ku":16763,"ar":16939,"be":18650,"kn":18924,"mr":20370,"uk":20664,"ml":20959,"ta":22761,"sv":23032,"gu":28875,"pa":29035,"fil":29480,"da":37782,"pl":37994,"nn":38334},"pll_sync_post":[],"_links":{"self":[{"href":"https:\/\/shrimataji.org\/test\/wp-json\/wp\/v2\/pages\/10398","targetHints":{"allow":["GET"]}}],"collection":[{"href":"https:\/\/shrimataji.org\/test\/wp-json\/wp\/v2\/pages"}],"about":[{"href":"https:\/\/shrimataji.org\/test\/wp-json\/wp\/v2\/types\/page"}],"author":[{"embeddable":true,"href":"https:\/\/shrimataji.org\/test\/wp-json\/wp\/v2\/users\/18"}],"replies":[{"embeddable":true,"href":"https:\/\/shrimataji.org\/test\/wp-json\/wp\/v2\/comments?post=10398"}],"version-history":[{"count":0,"href":"https:\/\/shrimataji.org\/test\/wp-json\/wp\/v2\/pages\/10398\/revisions"}],"wp:featuredmedia":[{"embeddable":true,"href":"https:\/\/shrimataji.org\/test\/wp-json\/wp\/v2\/media\/9246"}],"wp:attachment":[{"href":"https:\/\/shrimataji.org\/test\/wp-json\/wp\/v2\/media?parent=10398"}],"curies":[{"name":"wp","href":"https:\/\/api.w.org\/{rel}","templated":true}]}}