{"id":10401,"date":"2012-09-02T10:00:00","date_gmt":"2012-09-02T10:00:00","guid":{"rendered":"http:\/\/testwordpress.nirmalnagari.org\/smnd\/index.php\/our-spiritual-ascent\/"},"modified":"2026-01-16T01:30:46","modified_gmt":"2026-01-16T01:30:46","slug":"nossa-ascensao-espiritual","status":"publish","type":"page","link":"https:\/\/shrimataji.org\/test\/pt\/nossa-ascensao-espiritual\/","title":{"rendered":"Nossa Ascens\u00e3o Espiritual"},"content":{"rendered":"\n\n\t<h1>Nossa Ascens\u00e3o Espiritual<\/h1>\n<h2>Trecho de uma palestra dada em um semin\u00e1rio em Chianciano Terme, It\u00e1lia, em 16 de fevereiro de 1991<\/h2>\n\t<p>Outro dia eu estava lendo alguns livros sobre como isso era feito, essa realiza\u00e7\u00e3o do Si, esse conhecimento do Esp\u00edrito, e sobre como as pessoas eram torturadas.<\/p>\n\t<p>Primeiro de tudo, pedia-se \u00e0s pessoas que, de alguma forma, negassem, desafiassem e condenassem o pr\u00f3prio corpo. Agora, se o corpo buscava conforto, dizia-se que o primeiro passo era tentar dormir no tapete, e n\u00e3o na cama. Ent\u00e3o, ainda n\u00e3o era suficiente; do tapete passava-se para uma esteira, e mesmo assim, n\u00e3o bastava. Depois disso, talvez a pessoa devesse deitar-se diretamente sobre a M\u00e3e Terra. E, se ainda assim o corpo n\u00e3o estivesse &#8220;domado&#8221;, come\u00e7ava-se a dormir sobre a pedra. Mas ainda faltava muito para os Himalaias, pois Shiva reside em Kailasha. Ent\u00e3o, ia-se aos Himalaias e dormia-se sobre o gelo. Esse era o requisito m\u00ednimo.<\/p>\n<p>Depois, dizia-se: voc\u00ea gosta de boa comida, quer ter refei\u00e7\u00f5es fartas, come bastante &#8211; muito bem; ent\u00e3o negue tudo o que voc\u00ea gosta, para come\u00e7ar, tudo o que lhe d\u00e1 prazer. Por exemplo, os italianos n\u00e3o poderiam comer massa. Ent\u00e3o, negue isso. Mas isso ainda n\u00e3o \u00e9 suficiente. Depois disso, voc\u00ea come\u00e7a a comer coisas muito amargas. Como no sistema Zen, em que d\u00e3o algo para comer que \u00e9 como quinino elevado \u00e0 pot\u00eancia 108, absolutamente amargo, ou ent\u00e3o algo absolutamente doce. Assim, colocava-se a l\u00edngua \u00e0 prova.<\/p>\n<p>Mas ainda assim o est\u00f4mago est\u00e1 l\u00e1. Ent\u00e3o, se voc\u00ea come demais, jejue por um dia. Isso n\u00e3o \u00e9 suficiente. Ent\u00e3o jejue por sete dias. Depois, por quarenta dias. Quero dizer, um m\u00eas tem apenas trinta dias, jejuar por quarenta dias significa que voc\u00ea j\u00e1 acabou. Era assim que se fazia a penit\u00eancia para alcan\u00e7ar o Nirvana. De qualquer forma, voc\u00ea alcan\u00e7a um Nirvana porque est\u00e1 acabado e morto, entende? Nada sobra de voc\u00ea, nada al\u00e9m de ossos, e esses ossos ent\u00e3o se tornam o Nirvana. Por fim, a morte chega, e assim voc\u00ea est\u00e1 terminado, e h\u00e1 o Nirvana, sem d\u00favida alguma.<\/p>\n\t\t\t\t<img decoding=\"async\" src=\"https:\/\/shrimataji.org\/test\/wp-content\/uploads\/2018\/07\/media_originals\/images\/shri-mataji-portraits\/shri-mataji-explaining-742x1024.jpg\" alt=\"shri-mataji-explaining\" itemprop=\"image\" height=\"1024\" width=\"742\" title=\"shri-mataji-explaining\" onerror=\"this.style.display='none'\" loading=\"lazy\" \/>\n\t<p>Ent\u00e3o voc\u00ea n\u00e3o vive em uma casa, porque casa \u00e9 conforto. Abandone sua esposa, abandone seus filhos, abandone todos. Agora vista apenas uma coisa, como um pano amarrado ao corpo, e v\u00e1 pedir esmolas \u00e0s pessoas. Mas mesmo com essas roupas ainda h\u00e1 problema, porque voc\u00ea est\u00e1 apegado ao seu pano. Ent\u00e3o v\u00e1 para o Himalaia, onde n\u00e3o h\u00e1 ningu\u00e9m para v\u00ea-lo, tire suas roupas e, naquele frio, permane\u00e7a l\u00e1, tremendo completamente. Assim voc\u00ea alcan\u00e7ar\u00e1 seu Nirvana. De qualquer forma, voc\u00ea alcan\u00e7a o Nirvana. Todas essas condi\u00e7\u00f5es foram impostas para destruir as exig\u00eancias do corpo desde o in\u00edcio. Voc\u00ea diz ao seu corpo: &#8220;Nada disso. \u00c9 melhor voc\u00ea trabalhar para o seu Nirvana.&#8221;<\/p>\n\t<div class=\"su-quote su-quote-style-default\"><div class=\"su-quote-inner su-u-clearfix su-u-trim\">Isso come\u00e7a no seu cora\u00e7\u00e3o e vai at\u00e9 o seu c\u00e9rebro, algo que nasce da sua experi\u00eancia de alegria e envolve o seu c\u00e9rebro.<\/p>\nEnt\u00e3o, o seu c\u00e9rebro n\u00e3o pode mais negar isso. Por isso \u00e9 importante, especialmente para as pessoas do Ocidente, abrirem agora seus cora\u00e7\u00f5es, porque isso come\u00e7a no cora\u00e7\u00e3o, n\u00e3o no c\u00e9rebro.<br \/>\n<\/div><\/div>\n\t<p>A segunda coisa era destruir a sua mente, que o leva aos sentidos, \u00e0s coisas do prazer. Suponha que voc\u00ea queira muito alguma coisa &#8211; ent\u00e3o negue isso, negue. Tudo o que sua mente lhe disser, simplesmente diga &#8220;n\u00e3o, n\u00e3o, n\u00e3o&#8221;. Em s\u00e2nscrito, o shloka \u00e9 assim: &#8220;Yan neti neti vachane, nigamo vacha&#8221; &#8211; o que significa continuar dizendo &#8220;neti, neti&#8221;: &#8220;N\u00e3o, n\u00e3o \u00e9 isto, n\u00e3o \u00e9 isto, n\u00e3o \u00e9 isto, n\u00e3o \u00e9 isto.&#8221;<\/p>\n<p>E ent\u00e3o voc\u00ea pode discutir &#8211; apenas discutir, sim &#8211; sobre o Nirvana. Antes disso, voc\u00ea nem mesmo \u00e9 digno de falar sobre o Nirvana. Quando li esse livro, eu disse: &#8220;Baba, Eu desisto. \u00c9 demais.&#8221;<\/p>\n\t<p>No Sahaja Yoga \u00e9 o contr\u00e1rio, como construir primeiro o topo de um edif\u00edcio e depois os alicerces. Abrir o seu Sahasrara foi a primeira coisa que foi alcan\u00e7ada.<\/p>\n<p>E ent\u00e3o, \u00e0 luz do Sahasrara, voc\u00ea deve observar a si mesmo e ver por si pr\u00f3prio. Gradualmente, a introspec\u00e7\u00e3o se torna algo melhor &#8211; por meio das vibra\u00e7\u00f5es, voc\u00ea come\u00e7a a perceber o porqu\u00ea: por que eu quero isto? Por que minha aten\u00e7\u00e3o vai para o conforto? Por que minha aten\u00e7\u00e3o vai para a comida, por que para a fam\u00edlia, por que para os filhos, quando devo alcan\u00e7ar o mais elevado? Assim, voc\u00ea come\u00e7a a se introspectar. Ent\u00e3o percebe, tamb\u00e9m atrav\u00e9s das vibra\u00e7\u00f5es, que h\u00e1 algo errado em voc\u00ea. E, nesse ponto, voc\u00ea deixa de tentar ver o que h\u00e1 de errado nos outros e come\u00e7a a ver a si mesmo &#8211; porque \u00e9 a sua pr\u00f3pria ascens\u00e3o que voc\u00ea deve alcan\u00e7ar.<\/p>\n\t<p>Nos tempos antigos, todas essas coisas eram feitas individualmente. Uma pessoa que come\u00e7asse o caminho para o Nirvana costumava ir para o *ekant*, que significa lugares solit\u00e1rios, afastar-se das pessoas, evit\u00e1-las, n\u00e3o ter nada a ver com os outros e alcan\u00e7ar essa ascens\u00e3o, a realiza\u00e7\u00e3o do Si, apenas para si mesma. N\u00e3o era algo feito pelos outros ou para os outros.<\/p>\n<p>Ent\u00e3o esse homem se tornava completamente inacess\u00edvel. N\u00e3o falava com ningu\u00e9m, n\u00e3o encontrava ningu\u00e9m e ficava sentado em algum lugar no alto de uma montanha isolada. Qualquer pessoa que tentasse se aproximar dele, ele atirava pedras ou dizia todo tipo de coisas horr\u00edveis, e nunca se encontrava com essa pessoa.<\/p>\n<p>Mas Sahaja Yoga n\u00e3o \u00e9 a mesma coisa. Sahaja Yoga \u00e9 a ascens\u00e3o do todo. Esse tipo de conquista individual n\u00e3o levou as pessoas a lugar algum. Os santos, \u00e9 claro, tentaram falar \u00e0s pessoas sobre a realiza\u00e7\u00e3o do Si, sobre Deus, sobre a retid\u00e3o, sobre o sistema de valores; mas eles tamb\u00e9m eram considerados estranhos e foram perseguidos e atormentados.<\/p>\n<p>No n\u00edvel da ascens\u00e3o individual, eles n\u00e3o podiam fazer nada pelos outros al\u00e9m de falar ou explicar sobre isso &#8211; at\u00e9 que Sahaja Yoga surgiu. Mesmo falar sobre isso era proibido. At\u00e9 o s\u00e9culo XII, na \u00cdndia, ningu\u00e9m falava sobre isso publicamente. Estava tudo em s\u00e2nscrito &#8211; livros em s\u00e2nscrito muito dif\u00edceis, acess\u00edveis apenas a alguns poucos buscadores. Era explicado a pouqu\u00edssimos, realmente a um n\u00famero muito pequeno de pessoas. Mas dar a realiza\u00e7\u00e3o n\u00e3o era algo permitido.<\/p>\n\t\t\t\t<img decoding=\"async\" src=\"https:\/\/shrimataji.org\/test\/wp-content\/uploads\/2025\/12\/PT_william-blake-jakobs-ladder.jpg\" alt=\"A Escada de Jac\u00f3 da ascens\u00e3o espiritual por William Blake\" itemprop=\"image\" height=\"1000\" width=\"787\" title=\"PT_william-blake-jakobs-ladder\" onerror=\"this.style.display='none'\" loading=\"lazy\" \/>\n\t\tA Escada de Jac\u00f3 da ascens\u00e3o espiritual por William Blake\n\t<p>Ent\u00e3o, apenas um mestre tinha um disc\u00edpulo, e tudo acontecia como uma ascens\u00e3o individual, um trabalho individual. Esse disc\u00edpulo era afastado dos outros, mantido em segredo, e o mestre trabalhava nele. Ele podia cantar, escrever poemas, falar sobre o assunto, podia expressar a alegria que sentia &#8211; mas n\u00e3o tinha o direito de dar a realiza\u00e7\u00e3o a ningu\u00e9m, e nem sabia como conced\u00ea-la.<\/p>\n<p>Agora voc\u00eas veem at\u00e9 onde chegaram. Receberam a sua realiza\u00e7\u00e3o sem precisar renunciar a quase nada. Podem trabalhar em uma escala muito mais ampla, podem dar a realiza\u00e7\u00e3o a outras pessoas. Voc\u00eas conhecem todo o conhecimento sutil sobre o Sahaja Yoga&#8230;<\/p>\n<p>Por exemplo, Shankaracharya escreveu um belo tratado chamado *Viveka Chudamani*, no qual descreveu o que \u00e9 Deus, o que \u00e9 a consci\u00eancia, e abordou tudo isso de maneira profunda. Mas apareceu um sujeito terr\u00edvel chamado Sarma, que come\u00e7ou a discutir com ele, e Shankaracharya acabou ficando exausto. Ele disse: &#8220;N\u00e3o adianta falar com esse tipo de gente.&#8221;<\/p>\n<p>Ent\u00e3o ele simplesmente escreveu o *Saundarya Lahari*. *Saundarya Lahari* n\u00e3o \u00e9 nada al\u00e9m de mantras louvando a M\u00e3e. Ele disse: &#8220;Ora, eu conhe\u00e7o a M\u00e3e, ent\u00e3o deixe-me louv\u00e1-La. De nada adianta &#8211; qual \u00e9 o sentido de falar com essas pessoas? Coisas t\u00e3o tolas, como poderiam compreender?&#8221; Ele percebeu que &#8220;essas pessoas n\u00e3o t\u00eam a capacidade, nem a sensibilidade para entender o que eu sei.&#8221;<\/p>\n\t\t\t\t<img decoding=\"async\" src=\"https:\/\/shrimataji.org\/test\/wp-content\/uploads\/2025\/12\/PT_shri-mataji-speaking-about-spirituality-and-sahaja-yoga.jpg\" alt=\"Shri Mataji falando sobre Espiritualidade e Sahaja Yoga\" itemprop=\"image\" height=\"2310\" width=\"1500\" title=\"PT_shri-mataji-speaking-about-spirituality-and-sahaja-yoga\" onerror=\"this.style.display='none'\" loading=\"lazy\" \/>\n\t\tShri Mataji falando sobre Espiritualidade e Sahaja Yoga\n\t<p>Esse \u00e9 o verdadeiro conhecimento: saber o que \u00e9 Deus. E se aquilo \u00e9 Deus, ent\u00e3o como voc\u00ea pode suspeitar de alguma coisa, como pode tentar analisar alguma coisa? \u00c9 Deus. \u00c9 Deus Todo-Poderoso, que sabe tudo, que faz tudo, que desfruta de tudo.<\/p>\n<p>Esse \u00e9 o que voc\u00ea deveria chamar de *gyana*, o conhecimento, o verdadeiro conhecimento, o conhecimento puro. N\u00e3o \u00e9 o conhecimento dos chakras, n\u00e3o \u00e9 o conhecimento das vibra\u00e7\u00f5es, n\u00e3o \u00e9 o conhecimento da Kundalini, mas sim o conhecimento de Deus Todo-Poderoso. E o conhecimento de Deus Todo-Poderoso n\u00e3o \u00e9 mental.<\/p>\n<p>Novamente eu lhes digo: isso come\u00e7a no seu cora\u00e7\u00e3o e vai para o seu c\u00e9rebro &#8211; algo que nasce da sua experi\u00eancia de alegria e envolve o seu c\u00e9rebro. Assim, seu c\u00e9rebro n\u00e3o pode mais neg\u00e1-lo.<\/p>\n<p>Como \u00e0s vezes, quando voc\u00ea tem sua m\u00e3e, sua m\u00e3ezinha, voc\u00ea conhece o amor dela. Mas voc\u00ea n\u00e3o consegue explicar; isso vem do seu cora\u00e7\u00e3o e voc\u00ea diz: &#8220;N\u00e3o, essa \u00e9 a minha m\u00e3e, ela n\u00e3o faria isso. Eu conhe\u00e7o muito bem a minha m\u00e3e.&#8221; O conhecimento sobre sua m\u00e3e, aquela que lhe deu a vida &#8211; mesmo que a m\u00e3e talvez n\u00e3o seja muito boa ou seja l\u00e1 o que for. Mas o conhecimento sobre Deus, que Ele \u00e9 amor, que Ele \u00e9 verdade, que Ele sabe tudo, simplesmente se torna parte integrante do seu ser, completamente, e \u00e9 nesse momento que chamamos de Nirvana.<\/p>\n<p>Ent\u00e3o \u00e9 importante, especialmente para as pessoas do Ocidente, agora abrirem seus cora\u00e7\u00f5es, porque isso come\u00e7a no cora\u00e7\u00e3o, n\u00e3o no c\u00e9rebro.<\/p>\n\n","protected":false},"excerpt":{"rendered":"<p>Nossa Ascens\u00e3o Espiritual Trecho de uma palestra dada em um semin\u00e1rio em Chianciano Terme, It\u00e1lia, em 16 de fevereiro de 1991 Outro dia eu estava lendo alguns livros sobre como isso era feito, essa realiza\u00e7\u00e3o do Si, esse conhecimento do Esp\u00edrito, e sobre como as pessoas eram torturadas. Primeiro de tudo, pedia-se \u00e0s pessoas que,&hellip; <br \/> <a class=\"read-more\" href=\"https:\/\/shrimataji.org\/test\/pt\/nossa-ascensao-espiritual\/\">Read more<\/a><\/p>\n","protected":false},"author":18,"featured_media":140,"parent":0,"menu_order":0,"comment_status":"closed","ping_status":"closed","template":"","meta":{"inline_featured_image":false,"footnotes":""},"class_list":["post-10401","page","type-page","status-publish","has-post-thumbnail","hentry"],"yoast_head":"<!-- This site is optimized with the Yoast SEO plugin v27.4 - https:\/\/yoast.com\/product\/yoast-seo-wordpress\/ -->\n<title>Nossa Ascens\u00e3o Espiritual - TEST - SMND<\/title>\n<meta name=\"robots\" content=\"noindex, follow, max-snippet:-1, max-image-preview:large, max-video-preview:-1\" \/>\n<meta property=\"og:locale\" content=\"en_US\" \/>\n<meta property=\"og:type\" content=\"article\" \/>\n<meta property=\"og:title\" content=\"Nossa Ascens\u00e3o Espiritual - TEST - SMND\" \/>\n<meta property=\"og:description\" content=\"Nossa Ascens\u00e3o Espiritual Trecho de uma palestra dada em um semin\u00e1rio em Chianciano Terme, It\u00e1lia, em 16 de fevereiro de 1991 Outro dia eu estava lendo alguns livros sobre como isso era feito, essa realiza\u00e7\u00e3o do Si, esse conhecimento do Esp\u00edrito, e sobre como as pessoas eram torturadas. Primeiro de tudo, pedia-se \u00e0s pessoas que,&hellip; Read more\" \/>\n<meta property=\"og:url\" content=\"https:\/\/shrimataji.org\/test\/pt\/nossa-ascensao-espiritual\/\" \/>\n<meta property=\"og:site_name\" content=\"TEST - SMND\" \/>\n<meta property=\"article:publisher\" content=\"https:\/\/www.facebook.com\/shrimataji\" \/>\n<meta property=\"article:modified_time\" content=\"2026-01-16T01:30:46+00:00\" \/>\n<meta property=\"og:image\" content=\"https:\/\/shrimataji.org\/test\/wp-content\/uploads\/2018\/07\/media_originals\/images\/headers-general\/jacobs-ladder-by-william-blake-spiritual-ascent.jpg\" \/>\n\t<meta property=\"og:image:width\" content=\"990\" \/>\n\t<meta property=\"og:image:height\" content=\"350\" \/>\n\t<meta property=\"og:image:type\" content=\"image\/jpeg\" \/>\n<meta name=\"twitter:card\" content=\"summary_large_image\" \/>\n<meta name=\"twitter:site\" content=\"@shrimataji\" \/>\n<meta name=\"twitter:label1\" content=\"Est. reading time\" \/>\n\t<meta name=\"twitter:data1\" content=\"8 minutes\" \/>\n<script type=\"application\/ld+json\" class=\"yoast-schema-graph\">{\"@context\":\"https:\\\/\\\/schema.org\",\"@graph\":[{\"@type\":\"WebPage\",\"@id\":\"https:\\\/\\\/shrimataji.org\\\/test\\\/pt\\\/nossa-ascensao-espiritual\\\/\",\"url\":\"https:\\\/\\\/shrimataji.org\\\/test\\\/pt\\\/nossa-ascensao-espiritual\\\/\",\"name\":\"Nossa Ascens\u00e3o Espiritual - TEST - SMND\",\"isPartOf\":{\"@id\":\"https:\\\/\\\/shrimataji.org\\\/test\\\/#website\"},\"primaryImageOfPage\":{\"@id\":\"https:\\\/\\\/shrimataji.org\\\/test\\\/pt\\\/nossa-ascensao-espiritual\\\/#primaryimage\"},\"image\":{\"@id\":\"https:\\\/\\\/shrimataji.org\\\/test\\\/pt\\\/nossa-ascensao-espiritual\\\/#primaryimage\"},\"thumbnailUrl\":\"https:\\\/\\\/shrimataji.org\\\/test\\\/wp-content\\\/uploads\\\/2018\\\/07\\\/media_originals\\\/images\\\/headers-general\\\/jacobs-ladder-by-william-blake-spiritual-ascent.jpg\",\"datePublished\":\"2012-09-02T10:00:00+00:00\",\"dateModified\":\"2026-01-16T01:30:46+00:00\",\"breadcrumb\":{\"@id\":\"https:\\\/\\\/shrimataji.org\\\/test\\\/pt\\\/nossa-ascensao-espiritual\\\/#breadcrumb\"},\"inLanguage\":\"en-US\",\"potentialAction\":[{\"@type\":\"ReadAction\",\"target\":[\"https:\\\/\\\/shrimataji.org\\\/test\\\/pt\\\/nossa-ascensao-espiritual\\\/\"]}]},{\"@type\":\"ImageObject\",\"inLanguage\":\"en-US\",\"@id\":\"https:\\\/\\\/shrimataji.org\\\/test\\\/pt\\\/nossa-ascensao-espiritual\\\/#primaryimage\",\"url\":\"https:\\\/\\\/shrimataji.org\\\/test\\\/wp-content\\\/uploads\\\/2018\\\/07\\\/media_originals\\\/images\\\/headers-general\\\/jacobs-ladder-by-william-blake-spiritual-ascent.jpg\",\"contentUrl\":\"https:\\\/\\\/shrimataji.org\\\/test\\\/wp-content\\\/uploads\\\/2018\\\/07\\\/media_originals\\\/images\\\/headers-general\\\/jacobs-ladder-by-william-blake-spiritual-ascent.jpg\",\"width\":990,\"height\":350},{\"@type\":\"BreadcrumbList\",\"@id\":\"https:\\\/\\\/shrimataji.org\\\/test\\\/pt\\\/nossa-ascensao-espiritual\\\/#breadcrumb\",\"itemListElement\":[{\"@type\":\"ListItem\",\"position\":1,\"name\":\"Home\",\"item\":\"https:\\\/\\\/shrimataji.org\\\/test\\\/uk\\\/home-en\\\/\"},{\"@type\":\"ListItem\",\"position\":2,\"name\":\"Nossa Ascens\u00e3o Espiritual\"}]},{\"@type\":\"WebSite\",\"@id\":\"https:\\\/\\\/shrimataji.org\\\/test\\\/#website\",\"url\":\"https:\\\/\\\/shrimataji.org\\\/test\\\/\",\"name\":\"Shri Mataji Nirmala Devi\",\"description\":\"A Life Dedicated to Humanity\",\"publisher\":{\"@id\":\"https:\\\/\\\/shrimataji.org\\\/test\\\/#\\\/schema\\\/person\\\/a1b3419c6585f164aa96da1ff85715d1\"},\"potentialAction\":[{\"@type\":\"SearchAction\",\"target\":{\"@type\":\"EntryPoint\",\"urlTemplate\":\"https:\\\/\\\/shrimataji.org\\\/test\\\/?s={search_term_string}\"},\"query-input\":{\"@type\":\"PropertyValueSpecification\",\"valueRequired\":true,\"valueName\":\"search_term_string\"}}],\"inLanguage\":\"en-US\"},{\"@type\":[\"Person\",\"Organization\"],\"@id\":\"https:\\\/\\\/shrimataji.org\\\/test\\\/#\\\/schema\\\/person\\\/a1b3419c6585f164aa96da1ff85715d1\",\"name\":\"Nirmala Shrivastava\",\"image\":{\"@type\":\"ImageObject\",\"inLanguage\":\"en-US\",\"@id\":\"https:\\\/\\\/shrimataji.org\\\/test\\\/wp-content\\\/uploads\\\/2023\\\/02\\\/SMO_LOGO-03.svg\",\"url\":\"https:\\\/\\\/shrimataji.org\\\/test\\\/wp-content\\\/uploads\\\/2023\\\/02\\\/SMO_LOGO-03.svg\",\"contentUrl\":\"https:\\\/\\\/shrimataji.org\\\/test\\\/wp-content\\\/uploads\\\/2023\\\/02\\\/SMO_LOGO-03.svg\",\"width\":\"1024\",\"height\":\"1024\",\"caption\":\"Nirmala Shrivastava\"},\"logo\":{\"@id\":\"https:\\\/\\\/shrimataji.org\\\/test\\\/wp-content\\\/uploads\\\/2023\\\/02\\\/SMO_LOGO-03.svg\"},\"sameAs\":[\"https:\\\/\\\/shrimataji.org\\\/test\",\"https:\\\/\\\/www.facebook.com\\\/shrimataji\",\"https:\\\/\\\/x.com\\\/shrimataji\",\"https:\\\/\\\/www.youtube.com\\\/@Shri_Mataji_Nirmala_Devi\\\/featured\"]}]}<\/script>\n<!-- \/ Yoast SEO plugin. -->","yoast_head_json":{"title":"Nossa Ascens\u00e3o Espiritual - TEST - SMND","robots":{"index":"noindex","follow":"follow","max-snippet":"max-snippet:-1","max-image-preview":"max-image-preview:large","max-video-preview":"max-video-preview:-1"},"og_locale":"en_US","og_type":"article","og_title":"Nossa Ascens\u00e3o Espiritual - TEST - SMND","og_description":"Nossa Ascens\u00e3o Espiritual Trecho de uma palestra dada em um semin\u00e1rio em Chianciano Terme, It\u00e1lia, em 16 de fevereiro de 1991 Outro dia eu estava lendo alguns livros sobre como isso era feito, essa realiza\u00e7\u00e3o do Si, esse conhecimento do Esp\u00edrito, e sobre como as pessoas eram torturadas. Primeiro de tudo, pedia-se \u00e0s pessoas que,&hellip; Read more","og_url":"https:\/\/shrimataji.org\/test\/pt\/nossa-ascensao-espiritual\/","og_site_name":"TEST - SMND","article_publisher":"https:\/\/www.facebook.com\/shrimataji","article_modified_time":"2026-01-16T01:30:46+00:00","og_image":[{"width":990,"height":350,"url":"https:\/\/shrimataji.org\/test\/wp-content\/uploads\/2018\/07\/media_originals\/images\/headers-general\/jacobs-ladder-by-william-blake-spiritual-ascent.jpg","type":"image\/jpeg"}],"twitter_card":"summary_large_image","twitter_site":"@shrimataji","twitter_misc":{"Est. reading time":"8 minutes"},"schema":{"@context":"https:\/\/schema.org","@graph":[{"@type":"WebPage","@id":"https:\/\/shrimataji.org\/test\/pt\/nossa-ascensao-espiritual\/","url":"https:\/\/shrimataji.org\/test\/pt\/nossa-ascensao-espiritual\/","name":"Nossa Ascens\u00e3o Espiritual - TEST - SMND","isPartOf":{"@id":"https:\/\/shrimataji.org\/test\/#website"},"primaryImageOfPage":{"@id":"https:\/\/shrimataji.org\/test\/pt\/nossa-ascensao-espiritual\/#primaryimage"},"image":{"@id":"https:\/\/shrimataji.org\/test\/pt\/nossa-ascensao-espiritual\/#primaryimage"},"thumbnailUrl":"https:\/\/shrimataji.org\/test\/wp-content\/uploads\/2018\/07\/media_originals\/images\/headers-general\/jacobs-ladder-by-william-blake-spiritual-ascent.jpg","datePublished":"2012-09-02T10:00:00+00:00","dateModified":"2026-01-16T01:30:46+00:00","breadcrumb":{"@id":"https:\/\/shrimataji.org\/test\/pt\/nossa-ascensao-espiritual\/#breadcrumb"},"inLanguage":"en-US","potentialAction":[{"@type":"ReadAction","target":["https:\/\/shrimataji.org\/test\/pt\/nossa-ascensao-espiritual\/"]}]},{"@type":"ImageObject","inLanguage":"en-US","@id":"https:\/\/shrimataji.org\/test\/pt\/nossa-ascensao-espiritual\/#primaryimage","url":"https:\/\/shrimataji.org\/test\/wp-content\/uploads\/2018\/07\/media_originals\/images\/headers-general\/jacobs-ladder-by-william-blake-spiritual-ascent.jpg","contentUrl":"https:\/\/shrimataji.org\/test\/wp-content\/uploads\/2018\/07\/media_originals\/images\/headers-general\/jacobs-ladder-by-william-blake-spiritual-ascent.jpg","width":990,"height":350},{"@type":"BreadcrumbList","@id":"https:\/\/shrimataji.org\/test\/pt\/nossa-ascensao-espiritual\/#breadcrumb","itemListElement":[{"@type":"ListItem","position":1,"name":"Home","item":"https:\/\/shrimataji.org\/test\/uk\/home-en\/"},{"@type":"ListItem","position":2,"name":"Nossa Ascens\u00e3o Espiritual"}]},{"@type":"WebSite","@id":"https:\/\/shrimataji.org\/test\/#website","url":"https:\/\/shrimataji.org\/test\/","name":"Shri Mataji Nirmala Devi","description":"A Life Dedicated to Humanity","publisher":{"@id":"https:\/\/shrimataji.org\/test\/#\/schema\/person\/a1b3419c6585f164aa96da1ff85715d1"},"potentialAction":[{"@type":"SearchAction","target":{"@type":"EntryPoint","urlTemplate":"https:\/\/shrimataji.org\/test\/?s={search_term_string}"},"query-input":{"@type":"PropertyValueSpecification","valueRequired":true,"valueName":"search_term_string"}}],"inLanguage":"en-US"},{"@type":["Person","Organization"],"@id":"https:\/\/shrimataji.org\/test\/#\/schema\/person\/a1b3419c6585f164aa96da1ff85715d1","name":"Nirmala Shrivastava","image":{"@type":"ImageObject","inLanguage":"en-US","@id":"https:\/\/shrimataji.org\/test\/wp-content\/uploads\/2023\/02\/SMO_LOGO-03.svg","url":"https:\/\/shrimataji.org\/test\/wp-content\/uploads\/2023\/02\/SMO_LOGO-03.svg","contentUrl":"https:\/\/shrimataji.org\/test\/wp-content\/uploads\/2023\/02\/SMO_LOGO-03.svg","width":"1024","height":"1024","caption":"Nirmala Shrivastava"},"logo":{"@id":"https:\/\/shrimataji.org\/test\/wp-content\/uploads\/2023\/02\/SMO_LOGO-03.svg"},"sameAs":["https:\/\/shrimataji.org\/test","https:\/\/www.facebook.com\/shrimataji","https:\/\/x.com\/shrimataji","https:\/\/www.youtube.com\/@Shri_Mataji_Nirmala_Devi\/featured"]}]}},"lang":"pt","translations":{"pt":10401,"ur":37473,"en":429,"am":18046,"th":20013,"hu":19530,"sq":18447,"zh":17344,"tr":10191,"de":10675,"fr":10773,"it":10871,"es":10968,"ja":11265,"ru":11453,"bn":11645,"te":11753,"sw":11876,"he":12024,"el":12316,"sk":12414,"fa":12512,"fi":12610,"bg":13500,"ro":14575,"cs":14768,"nl":16607,"ku":16767,"ar":16943,"be":18654,"kn":18928,"mr":20377,"uk":20671,"ml":20966,"ta":22765,"sv":23035,"gu":28879,"pa":29039,"fil":29483,"da":37784,"pl":37996,"nn":38336},"pll_sync_post":[],"_links":{"self":[{"href":"https:\/\/shrimataji.org\/test\/wp-json\/wp\/v2\/pages\/10401","targetHints":{"allow":["GET"]}}],"collection":[{"href":"https:\/\/shrimataji.org\/test\/wp-json\/wp\/v2\/pages"}],"about":[{"href":"https:\/\/shrimataji.org\/test\/wp-json\/wp\/v2\/types\/page"}],"author":[{"embeddable":true,"href":"https:\/\/shrimataji.org\/test\/wp-json\/wp\/v2\/users\/18"}],"replies":[{"embeddable":true,"href":"https:\/\/shrimataji.org\/test\/wp-json\/wp\/v2\/comments?post=10401"}],"version-history":[{"count":0,"href":"https:\/\/shrimataji.org\/test\/wp-json\/wp\/v2\/pages\/10401\/revisions"}],"wp:featuredmedia":[{"embeddable":true,"href":"https:\/\/shrimataji.org\/test\/wp-json\/wp\/v2\/media\/140"}],"wp:attachment":[{"href":"https:\/\/shrimataji.org\/test\/wp-json\/wp\/v2\/media?parent=10401"}],"curies":[{"name":"wp","href":"https:\/\/api.w.org\/{rel}","templated":true}]}}