{"id":10402,"date":"2022-01-29T10:23:24","date_gmt":"2022-01-29T10:23:24","guid":{"rendered":"https:\/\/test.shrimataji.org\/?page_id=6404"},"modified":"2026-01-19T11:43:34","modified_gmt":"2026-01-19T11:43:34","slug":"paramchaitanya-pt","status":"publish","type":"page","link":"https:\/\/shrimataji.org\/test\/pt\/paramchaitanya-pt\/","title":{"rendered":"Paramchaitanya PT"},"content":{"rendered":"\n\n\t<h1>Paramchaitanya<\/h1>\n<h2>A Brisa Fresca Divina que Vem do Inconsciente<\/h2>\n<div class=\"su-quote su-quote-style-default\"><div class=\"su-quote-inner su-u-clearfix su-u-trim\">Todos os dias vemos sementes brotando, flores desabrochando, frutos amadurecendo, mas n\u00e3o queremos pensar em como isso acontece. H\u00e1 um poder que realiza esse trabalho, \u00e9 o poder onipresente do Amor Divino. Agora chegou o momento de sentir esse poder atrav\u00e9s do instrumento dentro de n\u00f3s. Esse instrumento n\u00e3o tem utilidade a menos que esteja conectado \u00e0 fonte. N\u00e3o conhecemos nosso potencial, nossa beleza, mas uma vez que essa conex\u00e3o com a fonte \u00e9 estabelecida, ficaremos surpresos com qu\u00e3o din\u00e2micos s\u00e3o os resultados.<\/div><\/div>\n<h4>H\u00e1 muitos nomes em diferentes culturas para esse poder universal do amor de Deus: Phneuma, Ruah, Assas, Tao, vento do Esp\u00edrito Santo, \u00e1gua da vida. No entanto, todos significam a mesma coisa, uma energia amorosa, inteligente e abrangente da cria\u00e7\u00e3o. Consci\u00eancia e energia s\u00e3o os fatores prim\u00e1rios. Tudo o mais \u00e9 secund\u00e1rio. Essa energia causal permeia todo o cosmos. Shri Mataji chama essa energia onipresente de &#8220;Paramchaitanya&#8221;.<\/h4>\n<p>Essa energia onipresente \u00e9 sentida como uma brisa fresca ou &#8220;vibra\u00e7\u00f5es&#8221; ap\u00f3s a realiza\u00e7\u00e3o do Si, especialmente acima do topo da cabe\u00e7a e nas palmas das m\u00e3os. Na medita\u00e7\u00e3o, \u00e0 medida que nossa <a href=\"https:\/\/shrimataji.org\/test\/pt\/kundalini-pt\/\" target=\"_blank\" rel=\"noopener\"><u>Kundalin<\/u>i<\/a> sobe pelos diferentes <a href=\"https:\/\/shrimataji.org\/test\/pt\/chakras-qualidades\/\" target=\"_blank\" rel=\"noopener\"><u>Chakras<\/u><\/a>,podemos senti-la dentro da coluna vertebral nos diferentes locais de cada Chakra e, \u00e0s vezes, tamb\u00e9m nos dedos espec\u00edficos correspondentes aos Chakras. Essas vibra\u00e7\u00f5es n\u00e3o apenas nos d\u00e3o um quadro completo da realidade, mas tamb\u00e9m transformam toda a situa\u00e7\u00e3o de forma ben\u00e9fica para n\u00f3s, para nossos semelhantes e para toda a natureza que nos cerca.<\/p>\n<p>Muitos praticantes de Sahaja Yoga ficaram maravilhados com a precis\u00e3o e a efic\u00e1cia dessas vibra\u00e7\u00f5es do amor divino que nos envolvem completamente e nos guiam em nossa vida di\u00e1ria sem interferir no nosso livre-arb\u00edtrio. Uma analogia simples \u00e9 a de um meio de internet onipresente que nos permite resolver tantos problemas que enfrentamos em nossa vida cotidiana sem a necessidade de ter um conhecimento especializado em nenhuma \u00e1rea espec\u00edfica da vida. Assim como na internet, s\u00f3 precisamos estar devidamente conectados a esse poder onipresente, o que podemos alcan\u00e7ar facilmente em nossa medita\u00e7\u00e3o di\u00e1ria.<\/p>\n<p>&nbsp;<\/p>\n<div class=\"su-quote su-quote-style-default\"><div class=\"su-quote-inner su-u-clearfix su-u-trim\">Para os Sahaja Yogis agora, \u00e9 muito f\u00e1cil descobrir se algo \u00e9 real ou irreal, se \u00e9 verdade ou falsidade, se \u00e9 amor ou \u00f3dio. S\u00f3 atrav\u00e9s das vibra\u00e7\u00f5es voc\u00ea pode saber. Mas indo al\u00e9m disso, \u00e9 preciso saber o que s\u00e3o essas vibra\u00e7\u00f5es e do que elas s\u00e3o feitas. Qual \u00e9 a for\u00e7a sutil que est\u00e1 por tr\u00e1s dessas vibra\u00e7\u00f5es? N\u00f3s a chamamos de Paramchaitanya.<\/div><\/div>\n\t\t<iframe loading=\"lazy\" title=\"Paramchaitanya\" width=\"1920\" height=\"1080\" src=\"https:\/\/www.youtube.com\/embed\/Er_H-whvfWQ?feature=oembed\" frameborder=\"0\" allow=\"accelerometer; autoplay; clipboard-write; encrypted-media; gyroscope; picture-in-picture; web-share\" allowfullscreen><\/iframe>\t\n\n","protected":false},"excerpt":{"rendered":"<p>Paramchaitanya A Brisa Fresca Divina que Vem do Inconsciente H\u00e1 muitos nomes em diferentes culturas para esse poder universal do amor de Deus: Phneuma, Ruah, Assas, Tao, vento do Esp\u00edrito Santo, \u00e1gua da vida. No entanto, todos significam a mesma coisa, uma energia amorosa, inteligente e abrangente da cria\u00e7\u00e3o. Consci\u00eancia e energia s\u00e3o os fatores&hellip; <br \/> <a class=\"read-more\" href=\"https:\/\/shrimataji.org\/test\/pt\/paramchaitanya-pt\/\">Read more<\/a><\/p>\n","protected":false},"author":18,"featured_media":9245,"parent":0,"menu_order":0,"comment_status":"closed","ping_status":"closed","template":"","meta":{"inline_featured_image":false,"footnotes":""},"class_list":["post-10402","page","type-page","status-publish","has-post-thumbnail","hentry"],"yoast_head":"<!-- This site is optimized with the Yoast SEO plugin v27.4 - https:\/\/yoast.com\/product\/yoast-seo-wordpress\/ -->\n<title>Paramchaitanya PT - TEST - SMND<\/title>\n<meta name=\"robots\" content=\"noindex, follow, max-snippet:-1, max-image-preview:large, max-video-preview:-1\" \/>\n<meta property=\"og:locale\" content=\"en_US\" \/>\n<meta property=\"og:type\" content=\"article\" \/>\n<meta property=\"og:title\" content=\"Paramchaitanya PT - TEST - SMND\" \/>\n<meta property=\"og:description\" content=\"Paramchaitanya A Brisa Fresca Divina que Vem do Inconsciente H\u00e1 muitos nomes em diferentes culturas para esse poder universal do amor de Deus: Phneuma, Ruah, Assas, Tao, vento do Esp\u00edrito Santo, \u00e1gua da vida. No entanto, todos significam a mesma coisa, uma energia amorosa, inteligente e abrangente da cria\u00e7\u00e3o. Consci\u00eancia e energia s\u00e3o os fatores&hellip; Read more\" \/>\n<meta property=\"og:url\" content=\"https:\/\/shrimataji.org\/test\/pt\/paramchaitanya-pt\/\" \/>\n<meta property=\"og:site_name\" content=\"TEST - SMND\" \/>\n<meta property=\"article:publisher\" content=\"https:\/\/www.facebook.com\/shrimataji\" \/>\n<meta property=\"article:modified_time\" content=\"2026-01-19T11:43:34+00:00\" \/>\n<meta property=\"og:image\" content=\"https:\/\/shrimataji.org\/test\/wp-content\/uploads\/2023\/03\/10_Banner-SY-Paramchaitanya-scaled.jpg\" \/>\n\t<meta property=\"og:image:width\" content=\"2560\" \/>\n\t<meta property=\"og:image:height\" content=\"905\" \/>\n\t<meta property=\"og:image:type\" content=\"image\/jpeg\" \/>\n<meta name=\"twitter:card\" content=\"summary_large_image\" \/>\n<meta name=\"twitter:site\" content=\"@shrimataji\" \/>\n<meta name=\"twitter:label1\" content=\"Est. reading time\" \/>\n\t<meta name=\"twitter:data1\" content=\"2 minutes\" \/>\n<script type=\"application\/ld+json\" class=\"yoast-schema-graph\">{\"@context\":\"https:\\\/\\\/schema.org\",\"@graph\":[{\"@type\":\"WebPage\",\"@id\":\"https:\\\/\\\/shrimataji.org\\\/test\\\/pt\\\/paramchaitanya-pt\\\/\",\"url\":\"https:\\\/\\\/shrimataji.org\\\/test\\\/pt\\\/paramchaitanya-pt\\\/\",\"name\":\"Paramchaitanya PT - TEST - SMND\",\"isPartOf\":{\"@id\":\"https:\\\/\\\/shrimataji.org\\\/test\\\/#website\"},\"primaryImageOfPage\":{\"@id\":\"https:\\\/\\\/shrimataji.org\\\/test\\\/pt\\\/paramchaitanya-pt\\\/#primaryimage\"},\"image\":{\"@id\":\"https:\\\/\\\/shrimataji.org\\\/test\\\/pt\\\/paramchaitanya-pt\\\/#primaryimage\"},\"thumbnailUrl\":\"https:\\\/\\\/shrimataji.org\\\/test\\\/wp-content\\\/uploads\\\/2023\\\/03\\\/10_Banner-SY-Paramchaitanya-scaled.jpg\",\"datePublished\":\"2022-01-29T10:23:24+00:00\",\"dateModified\":\"2026-01-19T11:43:34+00:00\",\"breadcrumb\":{\"@id\":\"https:\\\/\\\/shrimataji.org\\\/test\\\/pt\\\/paramchaitanya-pt\\\/#breadcrumb\"},\"inLanguage\":\"en-US\",\"potentialAction\":[{\"@type\":\"ReadAction\",\"target\":[\"https:\\\/\\\/shrimataji.org\\\/test\\\/pt\\\/paramchaitanya-pt\\\/\"]}]},{\"@type\":\"ImageObject\",\"inLanguage\":\"en-US\",\"@id\":\"https:\\\/\\\/shrimataji.org\\\/test\\\/pt\\\/paramchaitanya-pt\\\/#primaryimage\",\"url\":\"https:\\\/\\\/shrimataji.org\\\/test\\\/wp-content\\\/uploads\\\/2023\\\/03\\\/10_Banner-SY-Paramchaitanya-scaled.jpg\",\"contentUrl\":\"https:\\\/\\\/shrimataji.org\\\/test\\\/wp-content\\\/uploads\\\/2023\\\/03\\\/10_Banner-SY-Paramchaitanya-scaled.jpg\",\"width\":2560,\"height\":905},{\"@type\":\"BreadcrumbList\",\"@id\":\"https:\\\/\\\/shrimataji.org\\\/test\\\/pt\\\/paramchaitanya-pt\\\/#breadcrumb\",\"itemListElement\":[{\"@type\":\"ListItem\",\"position\":1,\"name\":\"Home\",\"item\":\"https:\\\/\\\/shrimataji.org\\\/test\\\/uk\\\/home-en\\\/\"},{\"@type\":\"ListItem\",\"position\":2,\"name\":\"Paramchaitanya PT\"}]},{\"@type\":\"WebSite\",\"@id\":\"https:\\\/\\\/shrimataji.org\\\/test\\\/#website\",\"url\":\"https:\\\/\\\/shrimataji.org\\\/test\\\/\",\"name\":\"Shri Mataji Nirmala Devi\",\"description\":\"A Life Dedicated to Humanity\",\"publisher\":{\"@id\":\"https:\\\/\\\/shrimataji.org\\\/test\\\/#\\\/schema\\\/person\\\/a1b3419c6585f164aa96da1ff85715d1\"},\"potentialAction\":[{\"@type\":\"SearchAction\",\"target\":{\"@type\":\"EntryPoint\",\"urlTemplate\":\"https:\\\/\\\/shrimataji.org\\\/test\\\/?s={search_term_string}\"},\"query-input\":{\"@type\":\"PropertyValueSpecification\",\"valueRequired\":true,\"valueName\":\"search_term_string\"}}],\"inLanguage\":\"en-US\"},{\"@type\":[\"Person\",\"Organization\"],\"@id\":\"https:\\\/\\\/shrimataji.org\\\/test\\\/#\\\/schema\\\/person\\\/a1b3419c6585f164aa96da1ff85715d1\",\"name\":\"Nirmala Shrivastava\",\"image\":{\"@type\":\"ImageObject\",\"inLanguage\":\"en-US\",\"@id\":\"https:\\\/\\\/shrimataji.org\\\/test\\\/wp-content\\\/uploads\\\/2023\\\/02\\\/SMO_LOGO-03.svg\",\"url\":\"https:\\\/\\\/shrimataji.org\\\/test\\\/wp-content\\\/uploads\\\/2023\\\/02\\\/SMO_LOGO-03.svg\",\"contentUrl\":\"https:\\\/\\\/shrimataji.org\\\/test\\\/wp-content\\\/uploads\\\/2023\\\/02\\\/SMO_LOGO-03.svg\",\"width\":\"1024\",\"height\":\"1024\",\"caption\":\"Nirmala Shrivastava\"},\"logo\":{\"@id\":\"https:\\\/\\\/shrimataji.org\\\/test\\\/wp-content\\\/uploads\\\/2023\\\/02\\\/SMO_LOGO-03.svg\"},\"sameAs\":[\"https:\\\/\\\/shrimataji.org\\\/test\",\"https:\\\/\\\/www.facebook.com\\\/shrimataji\",\"https:\\\/\\\/x.com\\\/shrimataji\",\"https:\\\/\\\/www.youtube.com\\\/@Shri_Mataji_Nirmala_Devi\\\/featured\"]}]}<\/script>\n<!-- \/ Yoast SEO plugin. -->","yoast_head_json":{"title":"Paramchaitanya PT - TEST - SMND","robots":{"index":"noindex","follow":"follow","max-snippet":"max-snippet:-1","max-image-preview":"max-image-preview:large","max-video-preview":"max-video-preview:-1"},"og_locale":"en_US","og_type":"article","og_title":"Paramchaitanya PT - TEST - SMND","og_description":"Paramchaitanya A Brisa Fresca Divina que Vem do Inconsciente H\u00e1 muitos nomes em diferentes culturas para esse poder universal do amor de Deus: Phneuma, Ruah, Assas, Tao, vento do Esp\u00edrito Santo, \u00e1gua da vida. No entanto, todos significam a mesma coisa, uma energia amorosa, inteligente e abrangente da cria\u00e7\u00e3o. Consci\u00eancia e energia s\u00e3o os fatores&hellip; Read more","og_url":"https:\/\/shrimataji.org\/test\/pt\/paramchaitanya-pt\/","og_site_name":"TEST - SMND","article_publisher":"https:\/\/www.facebook.com\/shrimataji","article_modified_time":"2026-01-19T11:43:34+00:00","og_image":[{"width":2560,"height":905,"url":"https:\/\/shrimataji.org\/test\/wp-content\/uploads\/2023\/03\/10_Banner-SY-Paramchaitanya-scaled.jpg","type":"image\/jpeg"}],"twitter_card":"summary_large_image","twitter_site":"@shrimataji","twitter_misc":{"Est. reading time":"2 minutes"},"schema":{"@context":"https:\/\/schema.org","@graph":[{"@type":"WebPage","@id":"https:\/\/shrimataji.org\/test\/pt\/paramchaitanya-pt\/","url":"https:\/\/shrimataji.org\/test\/pt\/paramchaitanya-pt\/","name":"Paramchaitanya PT - TEST - SMND","isPartOf":{"@id":"https:\/\/shrimataji.org\/test\/#website"},"primaryImageOfPage":{"@id":"https:\/\/shrimataji.org\/test\/pt\/paramchaitanya-pt\/#primaryimage"},"image":{"@id":"https:\/\/shrimataji.org\/test\/pt\/paramchaitanya-pt\/#primaryimage"},"thumbnailUrl":"https:\/\/shrimataji.org\/test\/wp-content\/uploads\/2023\/03\/10_Banner-SY-Paramchaitanya-scaled.jpg","datePublished":"2022-01-29T10:23:24+00:00","dateModified":"2026-01-19T11:43:34+00:00","breadcrumb":{"@id":"https:\/\/shrimataji.org\/test\/pt\/paramchaitanya-pt\/#breadcrumb"},"inLanguage":"en-US","potentialAction":[{"@type":"ReadAction","target":["https:\/\/shrimataji.org\/test\/pt\/paramchaitanya-pt\/"]}]},{"@type":"ImageObject","inLanguage":"en-US","@id":"https:\/\/shrimataji.org\/test\/pt\/paramchaitanya-pt\/#primaryimage","url":"https:\/\/shrimataji.org\/test\/wp-content\/uploads\/2023\/03\/10_Banner-SY-Paramchaitanya-scaled.jpg","contentUrl":"https:\/\/shrimataji.org\/test\/wp-content\/uploads\/2023\/03\/10_Banner-SY-Paramchaitanya-scaled.jpg","width":2560,"height":905},{"@type":"BreadcrumbList","@id":"https:\/\/shrimataji.org\/test\/pt\/paramchaitanya-pt\/#breadcrumb","itemListElement":[{"@type":"ListItem","position":1,"name":"Home","item":"https:\/\/shrimataji.org\/test\/uk\/home-en\/"},{"@type":"ListItem","position":2,"name":"Paramchaitanya PT"}]},{"@type":"WebSite","@id":"https:\/\/shrimataji.org\/test\/#website","url":"https:\/\/shrimataji.org\/test\/","name":"Shri Mataji Nirmala Devi","description":"A Life Dedicated to Humanity","publisher":{"@id":"https:\/\/shrimataji.org\/test\/#\/schema\/person\/a1b3419c6585f164aa96da1ff85715d1"},"potentialAction":[{"@type":"SearchAction","target":{"@type":"EntryPoint","urlTemplate":"https:\/\/shrimataji.org\/test\/?s={search_term_string}"},"query-input":{"@type":"PropertyValueSpecification","valueRequired":true,"valueName":"search_term_string"}}],"inLanguage":"en-US"},{"@type":["Person","Organization"],"@id":"https:\/\/shrimataji.org\/test\/#\/schema\/person\/a1b3419c6585f164aa96da1ff85715d1","name":"Nirmala Shrivastava","image":{"@type":"ImageObject","inLanguage":"en-US","@id":"https:\/\/shrimataji.org\/test\/wp-content\/uploads\/2023\/02\/SMO_LOGO-03.svg","url":"https:\/\/shrimataji.org\/test\/wp-content\/uploads\/2023\/02\/SMO_LOGO-03.svg","contentUrl":"https:\/\/shrimataji.org\/test\/wp-content\/uploads\/2023\/02\/SMO_LOGO-03.svg","width":"1024","height":"1024","caption":"Nirmala Shrivastava"},"logo":{"@id":"https:\/\/shrimataji.org\/test\/wp-content\/uploads\/2023\/02\/SMO_LOGO-03.svg"},"sameAs":["https:\/\/shrimataji.org\/test","https:\/\/www.facebook.com\/shrimataji","https:\/\/x.com\/shrimataji","https:\/\/www.youtube.com\/@Shri_Mataji_Nirmala_Devi\/featured"]}]}},"lang":"pt","translations":{"pt":10402,"ur":37475,"en":6404,"am":18048,"th":20016,"hu":19532,"sq":18449,"zh":17346,"hi":8298,"tr":10192,"de":10676,"fr":10774,"it":10872,"es":10969,"ja":11266,"ru":11454,"bn":11646,"te":11754,"sw":11877,"he":12025,"el":12317,"sk":12415,"fa":12513,"fi":12611,"bg":13388,"ro":14462,"cs":14655,"nl":16609,"ku":16769,"ar":16945,"be":18656,"kn":18930,"mr":20380,"uk":20674,"ml":20969,"ta":22767,"sv":23037,"gu":28881,"pa":29041,"fil":29485,"da":37786,"pl":37998,"nn":38338},"pll_sync_post":[],"_links":{"self":[{"href":"https:\/\/shrimataji.org\/test\/wp-json\/wp\/v2\/pages\/10402","targetHints":{"allow":["GET"]}}],"collection":[{"href":"https:\/\/shrimataji.org\/test\/wp-json\/wp\/v2\/pages"}],"about":[{"href":"https:\/\/shrimataji.org\/test\/wp-json\/wp\/v2\/types\/page"}],"author":[{"embeddable":true,"href":"https:\/\/shrimataji.org\/test\/wp-json\/wp\/v2\/users\/18"}],"replies":[{"embeddable":true,"href":"https:\/\/shrimataji.org\/test\/wp-json\/wp\/v2\/comments?post=10402"}],"version-history":[{"count":0,"href":"https:\/\/shrimataji.org\/test\/wp-json\/wp\/v2\/pages\/10402\/revisions"}],"wp:featuredmedia":[{"embeddable":true,"href":"https:\/\/shrimataji.org\/test\/wp-json\/wp\/v2\/media\/9245"}],"wp:attachment":[{"href":"https:\/\/shrimataji.org\/test\/wp-json\/wp\/v2\/media?parent=10402"}],"curies":[{"name":"wp","href":"https:\/\/api.w.org\/{rel}","templated":true}]}}