{"id":10404,"date":"2015-02-02T03:00:00","date_gmt":"2015-02-02T03:00:00","guid":{"rendered":"http:\/\/testwordpress.nirmalnagari.org\/smnd\/index.php\/poems-by-shri-mataji\/"},"modified":"2026-01-16T01:32:36","modified_gmt":"2026-01-16T01:32:36","slug":"poemas-por-shri-mataji","status":"publish","type":"page","link":"https:\/\/shrimataji.org\/test\/pt\/poemas-por-shri-mataji\/","title":{"rendered":"Poemas Por Shri Mataji"},"content":{"rendered":"\n\n\t<h1>Como uma Part\u00edcula de Poeira<\/h1>\n<p>Eu quero ser pequenina, como uma part\u00edcula de poeira<\/p>\n<p>Que se move com o vento<\/p>\n<p>Ela vai a qualquer lugar.<\/p>\n<p>Pode sentar-se na cabe\u00e7a de um rei<\/p>\n<p>Ou pode cair aos p\u00e9s de algu\u00e9m.<\/p>\n<p>E pode repousar em qualquer lugar.<\/p>\n<p>Mas Eu quero ser uma part\u00edcula de poeira<\/p>\n<p>Que tenha fragr\u00e2ncia, Que seja nutridora, Que ilumine.<\/p>\n<p>.<\/p>\n<p>&nbsp;<\/p>\n<h4><strong>Shri Mataji Nirmala Devi, aos sete anos de idade, conforme narrado por Ela em Dhulia, \u00cdndia, em 14 de janeiro de 1983.<br \/>\n.<\/strong><\/h4>\n\t<h1>Para as Minhas Crian\u00e7as Flores<\/h1>\n<p>Voc\u00eas est\u00e3o de mal com a vida<br data-start=\"190\" data-end=\"193\" \/>Como crian\u00e7as pequenas<br data-start=\"215\" data-end=\"218\" \/>Cuja M\u00e3e est\u00e1 perdida na escurid\u00e3o<br data-start=\"252\" data-end=\"255\" \/>Voc\u00eas ficam emburrados expressando desespero<br data-start=\"299\" data-end=\"302\" \/>No final infrut\u00edfero de sua jornada<\/p>\n<p>Voc\u00eas vestem a feiura para descobrir a beleza<br data-start=\"386\" data-end=\"389\" \/>Voc\u00eas citam tudo que \u00e9 falso em nome da verdade<br data-start=\"436\" data-end=\"439\" \/>Voc\u00eas esgotam as emo\u00e7\u00f5es para preencher a ta\u00e7a do amor<br data-start=\"493\" data-end=\"496\" \/>Minhas doces crian\u00e7as, meus queridos<br data-start=\"532\" data-end=\"535\" \/>Como voc\u00eas podem obter a paz travando guerra<br data-start=\"579\" data-end=\"582\" \/>Consigo mesmos, com o seu ser, com a pr\u00f3pria alegria?<\/p>\n<p>Bastam os seus esfor\u00e7os de ren\u00fancia<br data-start=\"674\" data-end=\"677\" \/>A m\u00e1scara artificial da consola\u00e7\u00e3o<br data-start=\"711\" data-end=\"714\" \/>Agora descansem nas p\u00e9talas da flor de l\u00f3tus<br data-start=\"758\" data-end=\"761\" \/>No colo de sua graciosa M\u00e3e<br data-start=\"788\" data-end=\"791\" \/>Eu adornarei sua vida com lindas flores<br data-start=\"830\" data-end=\"833\" \/>E preencherei seus momentos com a fragr\u00e2ncia da alegria<br data-start=\"888\" data-end=\"891\" data-is-only-node=\"\" \/>Eu ungirei suas cabe\u00e7as com o amor divino<\/p>\n<p>Porque eu n\u00e3o posso mais suportar a sua tortura<br data-start=\"983\" data-end=\"986\" \/>Deixem-Me envolv\u00ea-los no oceano de alegria<br data-start=\"1028\" data-end=\"1031\" \/>Para que voc\u00eas dissolvam o seu ser no Ser maior<\/p>\n<p>Que sorri no c\u00e1lice do seu Si<br data-start=\"1111\" data-end=\"1114\" \/>Secretamente escondido para provoc\u00e1-los o tempo todo<br data-start=\"1166\" data-end=\"1169\" \/>Fiquem atentos e voc\u00eas O encontrar\u00e3o<br data-start=\"1205\" data-end=\"1208\" \/>Vibrando cada fibra de voc\u00eas com alegria plena<br data-start=\"1254\" data-end=\"1257\" \/>Cobrindo todo o universo com luz.<\/p>\n<h4>Shri Mataji Nirmala Devi, para os buscadores dos EUA em sua primeira viagem para l\u00e1, em 1972.<\/h4>\n\t<h1>Eu Vejo uma Montanha<\/h1>\n<p>Eu vejo uma montanha da Minha janela<\/p>\n<p>Im\u00f3vel como um antigo s\u00e1bio<\/p>\n<p>Sem desejos, cheia de amor.<\/p>\n<p>Tantas \u00e1rvores e tantas flores<\/p>\n<p>Elas exaurem a montanha o tempo todo.<\/p>\n<p>Sua aten\u00e7\u00e3o n\u00e3o \u00e9 perturbada<\/p>\n<p>E quando a chuva cai, como Muitos jarros de nuvens transbordantes,<\/p>\n<p>Enche a montanha de verde, A tempestade pode vir se elevando nos ares,<\/p>\n<p>Enchendo o lago de compaix\u00e3o<\/p>\n<p>E os rios fluem correndo<\/p>\n<p>Em dire\u00e7\u00e3o ao chamado do mar.<\/p>\n<p>O Sol criar\u00e1 nuvens e os<\/p>\n<p>Ventos carregam em suas asas emplumadas<\/p>\n<p>A chuva para a montanha.<\/p>\n<p>Este \u00e9 o eterno jogo<\/p>\n<p>A montanha observa<\/p>\n<p>Desprovida de desejos.<\/p>\n<h4>Shri Mataji Nirmala Devi, 2002.<\/h4>\n\n","protected":false},"excerpt":{"rendered":"<p>Como uma Part\u00edcula de Poeira Eu quero ser pequenina, como uma part\u00edcula de poeira Que se move com o vento Ela vai a qualquer lugar. Pode sentar-se na cabe\u00e7a de um rei Ou pode cair aos p\u00e9s de algu\u00e9m. E pode repousar em qualquer lugar. Mas Eu quero ser uma part\u00edcula de poeira Que tenha&hellip; <br \/> <a class=\"read-more\" href=\"https:\/\/shrimataji.org\/test\/pt\/poemas-por-shri-mataji\/\">Read more<\/a><\/p>\n","protected":false},"author":18,"featured_media":150,"parent":0,"menu_order":0,"comment_status":"closed","ping_status":"closed","template":"","meta":{"inline_featured_image":false,"footnotes":""},"class_list":["post-10404","page","type-page","status-publish","has-post-thumbnail","hentry"],"yoast_head":"<!-- This site is optimized with the Yoast SEO plugin v27.4 - https:\/\/yoast.com\/product\/yoast-seo-wordpress\/ -->\n<title>Poemas Por Shri Mataji - TEST - SMND<\/title>\n<meta name=\"robots\" content=\"noindex, follow, max-snippet:-1, max-image-preview:large, max-video-preview:-1\" \/>\n<meta property=\"og:locale\" content=\"en_US\" \/>\n<meta property=\"og:type\" content=\"article\" \/>\n<meta property=\"og:title\" content=\"Poemas Por Shri Mataji - TEST - SMND\" \/>\n<meta property=\"og:description\" content=\"Como uma Part\u00edcula de Poeira Eu quero ser pequenina, como uma part\u00edcula de poeira Que se move com o vento Ela vai a qualquer lugar. Pode sentar-se na cabe\u00e7a de um rei Ou pode cair aos p\u00e9s de algu\u00e9m. E pode repousar em qualquer lugar. Mas Eu quero ser uma part\u00edcula de poeira Que tenha&hellip; Read more\" \/>\n<meta property=\"og:url\" content=\"https:\/\/shrimataji.org\/test\/pt\/poemas-por-shri-mataji\/\" \/>\n<meta property=\"og:site_name\" content=\"TEST - SMND\" \/>\n<meta property=\"article:publisher\" content=\"https:\/\/www.facebook.com\/shrimataji\" \/>\n<meta property=\"article:modified_time\" content=\"2026-01-16T01:32:36+00:00\" \/>\n<meta property=\"og:image\" content=\"https:\/\/shrimataji.org\/test\/wp-content\/uploads\/2018\/07\/media_originals\/images\/headers-general\/artwork-by-meredith-cooper-australia.jpg\" \/>\n\t<meta property=\"og:image:width\" content=\"990\" \/>\n\t<meta property=\"og:image:height\" content=\"350\" \/>\n\t<meta property=\"og:image:type\" content=\"image\/jpeg\" \/>\n<meta name=\"twitter:card\" content=\"summary_large_image\" \/>\n<meta name=\"twitter:site\" content=\"@shrimataji\" \/>\n<meta name=\"twitter:label1\" content=\"Est. reading time\" \/>\n\t<meta name=\"twitter:data1\" content=\"2 minutes\" \/>\n<script type=\"application\/ld+json\" class=\"yoast-schema-graph\">{\"@context\":\"https:\\\/\\\/schema.org\",\"@graph\":[{\"@type\":\"WebPage\",\"@id\":\"https:\\\/\\\/shrimataji.org\\\/test\\\/pt\\\/poemas-por-shri-mataji\\\/\",\"url\":\"https:\\\/\\\/shrimataji.org\\\/test\\\/pt\\\/poemas-por-shri-mataji\\\/\",\"name\":\"Poemas Por Shri Mataji - TEST - SMND\",\"isPartOf\":{\"@id\":\"https:\\\/\\\/shrimataji.org\\\/test\\\/#website\"},\"primaryImageOfPage\":{\"@id\":\"https:\\\/\\\/shrimataji.org\\\/test\\\/pt\\\/poemas-por-shri-mataji\\\/#primaryimage\"},\"image\":{\"@id\":\"https:\\\/\\\/shrimataji.org\\\/test\\\/pt\\\/poemas-por-shri-mataji\\\/#primaryimage\"},\"thumbnailUrl\":\"https:\\\/\\\/shrimataji.org\\\/test\\\/wp-content\\\/uploads\\\/2018\\\/07\\\/media_originals\\\/images\\\/headers-general\\\/artwork-by-meredith-cooper-australia.jpg\",\"datePublished\":\"2015-02-02T03:00:00+00:00\",\"dateModified\":\"2026-01-16T01:32:36+00:00\",\"breadcrumb\":{\"@id\":\"https:\\\/\\\/shrimataji.org\\\/test\\\/pt\\\/poemas-por-shri-mataji\\\/#breadcrumb\"},\"inLanguage\":\"en-US\",\"potentialAction\":[{\"@type\":\"ReadAction\",\"target\":[\"https:\\\/\\\/shrimataji.org\\\/test\\\/pt\\\/poemas-por-shri-mataji\\\/\"]}]},{\"@type\":\"ImageObject\",\"inLanguage\":\"en-US\",\"@id\":\"https:\\\/\\\/shrimataji.org\\\/test\\\/pt\\\/poemas-por-shri-mataji\\\/#primaryimage\",\"url\":\"https:\\\/\\\/shrimataji.org\\\/test\\\/wp-content\\\/uploads\\\/2018\\\/07\\\/media_originals\\\/images\\\/headers-general\\\/artwork-by-meredith-cooper-australia.jpg\",\"contentUrl\":\"https:\\\/\\\/shrimataji.org\\\/test\\\/wp-content\\\/uploads\\\/2018\\\/07\\\/media_originals\\\/images\\\/headers-general\\\/artwork-by-meredith-cooper-australia.jpg\",\"width\":990,\"height\":350},{\"@type\":\"BreadcrumbList\",\"@id\":\"https:\\\/\\\/shrimataji.org\\\/test\\\/pt\\\/poemas-por-shri-mataji\\\/#breadcrumb\",\"itemListElement\":[{\"@type\":\"ListItem\",\"position\":1,\"name\":\"Home\",\"item\":\"https:\\\/\\\/shrimataji.org\\\/test\\\/uk\\\/home-en\\\/\"},{\"@type\":\"ListItem\",\"position\":2,\"name\":\"Poemas Por Shri Mataji\"}]},{\"@type\":\"WebSite\",\"@id\":\"https:\\\/\\\/shrimataji.org\\\/test\\\/#website\",\"url\":\"https:\\\/\\\/shrimataji.org\\\/test\\\/\",\"name\":\"Shri Mataji Nirmala Devi\",\"description\":\"A Life Dedicated to Humanity\",\"publisher\":{\"@id\":\"https:\\\/\\\/shrimataji.org\\\/test\\\/#\\\/schema\\\/person\\\/a1b3419c6585f164aa96da1ff85715d1\"},\"potentialAction\":[{\"@type\":\"SearchAction\",\"target\":{\"@type\":\"EntryPoint\",\"urlTemplate\":\"https:\\\/\\\/shrimataji.org\\\/test\\\/?s={search_term_string}\"},\"query-input\":{\"@type\":\"PropertyValueSpecification\",\"valueRequired\":true,\"valueName\":\"search_term_string\"}}],\"inLanguage\":\"en-US\"},{\"@type\":[\"Person\",\"Organization\"],\"@id\":\"https:\\\/\\\/shrimataji.org\\\/test\\\/#\\\/schema\\\/person\\\/a1b3419c6585f164aa96da1ff85715d1\",\"name\":\"Nirmala Shrivastava\",\"image\":{\"@type\":\"ImageObject\",\"inLanguage\":\"en-US\",\"@id\":\"https:\\\/\\\/shrimataji.org\\\/test\\\/wp-content\\\/uploads\\\/2023\\\/02\\\/SMO_LOGO-03.svg\",\"url\":\"https:\\\/\\\/shrimataji.org\\\/test\\\/wp-content\\\/uploads\\\/2023\\\/02\\\/SMO_LOGO-03.svg\",\"contentUrl\":\"https:\\\/\\\/shrimataji.org\\\/test\\\/wp-content\\\/uploads\\\/2023\\\/02\\\/SMO_LOGO-03.svg\",\"width\":\"1024\",\"height\":\"1024\",\"caption\":\"Nirmala Shrivastava\"},\"logo\":{\"@id\":\"https:\\\/\\\/shrimataji.org\\\/test\\\/wp-content\\\/uploads\\\/2023\\\/02\\\/SMO_LOGO-03.svg\"},\"sameAs\":[\"https:\\\/\\\/shrimataji.org\\\/test\",\"https:\\\/\\\/www.facebook.com\\\/shrimataji\",\"https:\\\/\\\/x.com\\\/shrimataji\",\"https:\\\/\\\/www.youtube.com\\\/@Shri_Mataji_Nirmala_Devi\\\/featured\"]}]}<\/script>\n<!-- \/ Yoast SEO plugin. -->","yoast_head_json":{"title":"Poemas Por Shri Mataji - TEST - SMND","robots":{"index":"noindex","follow":"follow","max-snippet":"max-snippet:-1","max-image-preview":"max-image-preview:large","max-video-preview":"max-video-preview:-1"},"og_locale":"en_US","og_type":"article","og_title":"Poemas Por Shri Mataji - TEST - SMND","og_description":"Como uma Part\u00edcula de Poeira Eu quero ser pequenina, como uma part\u00edcula de poeira Que se move com o vento Ela vai a qualquer lugar. Pode sentar-se na cabe\u00e7a de um rei Ou pode cair aos p\u00e9s de algu\u00e9m. E pode repousar em qualquer lugar. Mas Eu quero ser uma part\u00edcula de poeira Que tenha&hellip; Read more","og_url":"https:\/\/shrimataji.org\/test\/pt\/poemas-por-shri-mataji\/","og_site_name":"TEST - SMND","article_publisher":"https:\/\/www.facebook.com\/shrimataji","article_modified_time":"2026-01-16T01:32:36+00:00","og_image":[{"width":990,"height":350,"url":"https:\/\/shrimataji.org\/test\/wp-content\/uploads\/2018\/07\/media_originals\/images\/headers-general\/artwork-by-meredith-cooper-australia.jpg","type":"image\/jpeg"}],"twitter_card":"summary_large_image","twitter_site":"@shrimataji","twitter_misc":{"Est. reading time":"2 minutes"},"schema":{"@context":"https:\/\/schema.org","@graph":[{"@type":"WebPage","@id":"https:\/\/shrimataji.org\/test\/pt\/poemas-por-shri-mataji\/","url":"https:\/\/shrimataji.org\/test\/pt\/poemas-por-shri-mataji\/","name":"Poemas Por Shri Mataji - TEST - SMND","isPartOf":{"@id":"https:\/\/shrimataji.org\/test\/#website"},"primaryImageOfPage":{"@id":"https:\/\/shrimataji.org\/test\/pt\/poemas-por-shri-mataji\/#primaryimage"},"image":{"@id":"https:\/\/shrimataji.org\/test\/pt\/poemas-por-shri-mataji\/#primaryimage"},"thumbnailUrl":"https:\/\/shrimataji.org\/test\/wp-content\/uploads\/2018\/07\/media_originals\/images\/headers-general\/artwork-by-meredith-cooper-australia.jpg","datePublished":"2015-02-02T03:00:00+00:00","dateModified":"2026-01-16T01:32:36+00:00","breadcrumb":{"@id":"https:\/\/shrimataji.org\/test\/pt\/poemas-por-shri-mataji\/#breadcrumb"},"inLanguage":"en-US","potentialAction":[{"@type":"ReadAction","target":["https:\/\/shrimataji.org\/test\/pt\/poemas-por-shri-mataji\/"]}]},{"@type":"ImageObject","inLanguage":"en-US","@id":"https:\/\/shrimataji.org\/test\/pt\/poemas-por-shri-mataji\/#primaryimage","url":"https:\/\/shrimataji.org\/test\/wp-content\/uploads\/2018\/07\/media_originals\/images\/headers-general\/artwork-by-meredith-cooper-australia.jpg","contentUrl":"https:\/\/shrimataji.org\/test\/wp-content\/uploads\/2018\/07\/media_originals\/images\/headers-general\/artwork-by-meredith-cooper-australia.jpg","width":990,"height":350},{"@type":"BreadcrumbList","@id":"https:\/\/shrimataji.org\/test\/pt\/poemas-por-shri-mataji\/#breadcrumb","itemListElement":[{"@type":"ListItem","position":1,"name":"Home","item":"https:\/\/shrimataji.org\/test\/uk\/home-en\/"},{"@type":"ListItem","position":2,"name":"Poemas Por Shri Mataji"}]},{"@type":"WebSite","@id":"https:\/\/shrimataji.org\/test\/#website","url":"https:\/\/shrimataji.org\/test\/","name":"Shri Mataji Nirmala Devi","description":"A Life Dedicated to Humanity","publisher":{"@id":"https:\/\/shrimataji.org\/test\/#\/schema\/person\/a1b3419c6585f164aa96da1ff85715d1"},"potentialAction":[{"@type":"SearchAction","target":{"@type":"EntryPoint","urlTemplate":"https:\/\/shrimataji.org\/test\/?s={search_term_string}"},"query-input":{"@type":"PropertyValueSpecification","valueRequired":true,"valueName":"search_term_string"}}],"inLanguage":"en-US"},{"@type":["Person","Organization"],"@id":"https:\/\/shrimataji.org\/test\/#\/schema\/person\/a1b3419c6585f164aa96da1ff85715d1","name":"Nirmala Shrivastava","image":{"@type":"ImageObject","inLanguage":"en-US","@id":"https:\/\/shrimataji.org\/test\/wp-content\/uploads\/2023\/02\/SMO_LOGO-03.svg","url":"https:\/\/shrimataji.org\/test\/wp-content\/uploads\/2023\/02\/SMO_LOGO-03.svg","contentUrl":"https:\/\/shrimataji.org\/test\/wp-content\/uploads\/2023\/02\/SMO_LOGO-03.svg","width":"1024","height":"1024","caption":"Nirmala Shrivastava"},"logo":{"@id":"https:\/\/shrimataji.org\/test\/wp-content\/uploads\/2023\/02\/SMO_LOGO-03.svg"},"sameAs":["https:\/\/shrimataji.org\/test","https:\/\/www.facebook.com\/shrimataji","https:\/\/x.com\/shrimataji","https:\/\/www.youtube.com\/@Shri_Mataji_Nirmala_Devi\/featured"]}]}},"lang":"pt","translations":{"pt":10404,"ur":37479,"en":428,"am":18052,"th":20022,"hu":19536,"sq":18453,"zh":17350,"hi":7608,"tr":10194,"de":10678,"fr":10776,"it":10874,"es":10971,"ja":11268,"ru":11456,"bn":11648,"te":11756,"sw":11879,"he":12027,"el":12319,"sk":12417,"fa":12515,"fi":12613,"bg":13489,"ro":14564,"cs":14757,"nl":16613,"ku":16773,"ar":16949,"be":18660,"kn":18934,"mr":20386,"uk":20680,"ml":20975,"ta":22771,"sv":23041,"gu":28885,"pa":29045,"fil":29489,"da":37790,"pl":38002,"nn":38342},"pll_sync_post":[],"_links":{"self":[{"href":"https:\/\/shrimataji.org\/test\/wp-json\/wp\/v2\/pages\/10404","targetHints":{"allow":["GET"]}}],"collection":[{"href":"https:\/\/shrimataji.org\/test\/wp-json\/wp\/v2\/pages"}],"about":[{"href":"https:\/\/shrimataji.org\/test\/wp-json\/wp\/v2\/types\/page"}],"author":[{"embeddable":true,"href":"https:\/\/shrimataji.org\/test\/wp-json\/wp\/v2\/users\/18"}],"replies":[{"embeddable":true,"href":"https:\/\/shrimataji.org\/test\/wp-json\/wp\/v2\/comments?post=10404"}],"version-history":[{"count":0,"href":"https:\/\/shrimataji.org\/test\/wp-json\/wp\/v2\/pages\/10404\/revisions"}],"wp:featuredmedia":[{"embeddable":true,"href":"https:\/\/shrimataji.org\/test\/wp-json\/wp\/v2\/media\/150"}],"wp:attachment":[{"href":"https:\/\/shrimataji.org\/test\/wp-json\/wp\/v2\/media?parent=10404"}],"curies":[{"name":"wp","href":"https:\/\/api.w.org\/{rel}","templated":true}]}}