{"id":10407,"date":"2018-07-10T06:54:50","date_gmt":"2018-07-10T06:54:50","guid":{"rendered":"http:\/\/testwordpress.nirmalnagari.org\/smnd\/index.php\/public-life\/"},"modified":"2026-01-18T20:36:18","modified_gmt":"2026-01-18T20:36:18","slug":"vida-publica","status":"publish","type":"page","link":"https:\/\/shrimataji.org\/test\/pt\/vida-publica\/","title":{"rendered":"Vida P\u00fablica"},"content":{"rendered":"\n\n\t<h1>Vida P\u00fablica<\/h1>\n<h2><strong>Mostrando para o Mundo<\/strong><\/h2>\n\t<h4>Depois que seus filhos cresceram e estabilizaram suas vidas, Nirmala Srivastava p\u00f4de dedicar mais aten\u00e7\u00e3o e tempo \u00e0 esfera p\u00fablica. Enquanto seu marido chefiava a Organiza\u00e7\u00e3o Mar\u00edtima Internacional da ONU em Londres, ela come\u00e7ou seu trabalho espiritual com um pequeno grupo de pessoas por l\u00e1. Ela tamb\u00e9m come\u00e7ou a viajar pelo pa\u00eds, dando palestras e proporcionando a experi\u00eancia de realiza\u00e7\u00e3o do si. Nirmala logo ficaria conhecida pelo t\u00edtulo honor\u00edfico de Shri Mataji, que significa &#8216;M\u00e3e Respeitada&#8217;, \u00e0 medida que aqueles ao seu redor reconheciam suas excepcionais qualidades espirituais e maternais.<\/h4>\n\t<p>Ela nunca cobrou dinheiro por essas palestras nem pela realiza\u00e7\u00e3o do si, insistindo que o despertar da energia espiritual adormecida em todos os seres humanos era um direito inato e, portanto, n\u00e3o poderia ser pago. O m\u00e9todo de medita\u00e7\u00e3o atrav\u00e9s da realiza\u00e7\u00e3o do si desenvolvido por Shri Mataji foi chamado de <a href=\"https:\/\/shrimataji.org\/test\/pt\/meditacao-na-sahaja-yoga\/\" target=\"_blank\" rel=\"noopener\">Sahaja Yoga<\/a>. Concentrando seus esfor\u00e7os inicialmente no Reino Unido, ela levou sua mensagem a p\u00fablicos em pequenas cidades e grandes centros urbanos. Ela viajou pelo pa\u00eds dando entrevistas para r\u00e1dio e televis\u00e3o, realizando palestras em sal\u00f5es p\u00fablicos e passava horas ap\u00f3s os encontros com indiv\u00edduos da plateia, ouvindo pacientemente suas hist\u00f3rias e problemas e oferecendo conselhos.<\/p>\n\t\t<iframe loading=\"lazy\" title=\"The Time For Realization Is Now\" width=\"1920\" height=\"1080\" src=\"https:\/\/www.youtube.com\/embed\/4X6QxLepxT0?feature=oembed\" frameborder=\"0\" allow=\"accelerometer; autoplay; clipboard-write; encrypted-media; gyroscope; picture-in-picture; web-share\" allowfullscreen><\/iframe>\t\n\t<p>Este seria o padr\u00e3o nos anos 1980, quando Shri Mataji come\u00e7ou a viajar pela Europa, Austr\u00e1lia e Am\u00e9rica do Norte. Ela ensinava Sahaja Yoga gratuitamente a todos os interessados e participava de debates din\u00e2micos e sess\u00f5es de perguntas e respostas sobre o papel da espiritualidade nos tempos modernos.<\/p>\n<p>Nos anos 1990, suas viagens se estenderam para a Am\u00e9rica do Sul, Europa Oriental, \u00c1sia e a regi\u00e3o do Pac\u00edfico.<\/p>\n<p>Muitos <a href=\"https:\/\/shrimataji.org\/test\/pt\/premiacoes\/\" target=\"_blank\" rel=\"noopener\">pr\u00eamios honor\u00e1rios e doutorados<\/a> foram concedidos a ela por institui\u00e7\u00f5es ao redor do mundo. Em 1995, ela discursou na <a href=\"https:\/\/shrimataji.org\/test\/pt\/conferencia-mundial-onu-mulheres\/\" target=\"_blank\" rel=\"noopener\">Quarta Confer\u00eancia Mundial sobre a Mulher em Pequim<\/a>. Ela tamb\u00e9m falou sobre Paz Mundial nas Na\u00e7\u00f5es Unidas.<\/p>\n<figure itemscope itemtype=\"https:\/\/schema.org\/ImageObject\">\n\t\t\t\t<img decoding=\"async\" src=\"https:\/\/shrimataji.org\/test\/wp-content\/uploads\/2025\/12\/PT_shri-mataji-greeting-the-queen-2.jpg\" alt=\"Shri Mataji com a Rainha Elizabeth II\" height=\"320\" width=\"460\" title=\"PT_shri-mataji-greeting-the-queen-2\" onerror=\"this.style.display='none'\" loading=\"lazy\" \/>\n\t\t<figcaption>Shri Mataji com a Rainha Elizabeth II<\/figcaption>\n\t<\/figure>\n\t<p>Em 1997, Claes Nobel expressou sua admira\u00e7\u00e3o por Shri Mataji e a Sahaja Yoga, que ele descreveu como &#8220;um ponto de refer\u00eancia para determinar o certo do errado&#8221; e como &#8220;uma fonte de esperan\u00e7a para a humanidade&#8221;.<\/p>\n\t<div class=\"su-quote su-quote-style-default\"><div class=\"su-quote-inner su-u-clearfix su-u-trim\">O ganho \u00e9 a paz que voc\u00ea conquistou, o amor que voc\u00ea desenvolveu, a compaix\u00e3o que voc\u00ea pode emitir, a quantidade de relacionamento e a profunda conex\u00e3o que consegue estabelecer com os outros. <\/div><\/div>\n\n","protected":false},"excerpt":{"rendered":"<p>Vida P\u00fablica Mostrando para o Mundo Depois que seus filhos cresceram e estabilizaram suas vidas, Nirmala Srivastava p\u00f4de dedicar mais aten\u00e7\u00e3o e tempo \u00e0 esfera p\u00fablica. Enquanto seu marido chefiava a Organiza\u00e7\u00e3o Mar\u00edtima Internacional da ONU em Londres, ela come\u00e7ou seu trabalho espiritual com um pequeno grupo de pessoas por l\u00e1. Ela tamb\u00e9m come\u00e7ou a&hellip; <br \/> <a class=\"read-more\" href=\"https:\/\/shrimataji.org\/test\/pt\/vida-publica\/\">Read more<\/a><\/p>\n","protected":false},"author":18,"featured_media":9514,"parent":0,"menu_order":0,"comment_status":"closed","ping_status":"closed","template":"","meta":{"inline_featured_image":false,"footnotes":""},"class_list":["post-10407","page","type-page","status-publish","has-post-thumbnail","hentry"],"yoast_head":"<!-- This site is optimized with the Yoast SEO plugin v27.4 - https:\/\/yoast.com\/product\/yoast-seo-wordpress\/ -->\n<title>Vida P\u00fablica - TEST - SMND<\/title>\n<meta name=\"robots\" content=\"noindex, follow, max-snippet:-1, max-image-preview:large, max-video-preview:-1\" \/>\n<meta property=\"og:locale\" content=\"en_US\" \/>\n<meta property=\"og:type\" content=\"article\" \/>\n<meta property=\"og:title\" content=\"Vida P\u00fablica - TEST - SMND\" \/>\n<meta property=\"og:description\" content=\"Vida P\u00fablica Mostrando para o Mundo Depois que seus filhos cresceram e estabilizaram suas vidas, Nirmala Srivastava p\u00f4de dedicar mais aten\u00e7\u00e3o e tempo \u00e0 esfera p\u00fablica. Enquanto seu marido chefiava a Organiza\u00e7\u00e3o Mar\u00edtima Internacional da ONU em Londres, ela come\u00e7ou seu trabalho espiritual com um pequeno grupo de pessoas por l\u00e1. Ela tamb\u00e9m come\u00e7ou a&hellip; Read more\" \/>\n<meta property=\"og:url\" content=\"https:\/\/shrimataji.org\/test\/pt\/vida-publica\/\" \/>\n<meta property=\"og:site_name\" content=\"TEST - SMND\" \/>\n<meta property=\"article:publisher\" content=\"https:\/\/www.facebook.com\/shrimataji\" \/>\n<meta property=\"article:modified_time\" content=\"2026-01-18T20:36:18+00:00\" \/>\n<meta property=\"og:image\" content=\"https:\/\/shrimataji.org\/test\/wp-content\/uploads\/2023\/03\/9_Banner-PublicLife-2-scaled.jpg\" \/>\n\t<meta property=\"og:image:width\" content=\"2560\" \/>\n\t<meta property=\"og:image:height\" content=\"905\" \/>\n\t<meta property=\"og:image:type\" content=\"image\/jpeg\" \/>\n<meta name=\"twitter:card\" content=\"summary_large_image\" \/>\n<meta name=\"twitter:site\" content=\"@shrimataji\" \/>\n<script type=\"application\/ld+json\" class=\"yoast-schema-graph\">{\"@context\":\"https:\\\/\\\/schema.org\",\"@graph\":[{\"@type\":\"WebPage\",\"@id\":\"https:\\\/\\\/shrimataji.org\\\/test\\\/pt\\\/vida-publica\\\/\",\"url\":\"https:\\\/\\\/shrimataji.org\\\/test\\\/pt\\\/vida-publica\\\/\",\"name\":\"Vida P\u00fablica - TEST - SMND\",\"isPartOf\":{\"@id\":\"https:\\\/\\\/shrimataji.org\\\/test\\\/#website\"},\"primaryImageOfPage\":{\"@id\":\"https:\\\/\\\/shrimataji.org\\\/test\\\/pt\\\/vida-publica\\\/#primaryimage\"},\"image\":{\"@id\":\"https:\\\/\\\/shrimataji.org\\\/test\\\/pt\\\/vida-publica\\\/#primaryimage\"},\"thumbnailUrl\":\"https:\\\/\\\/shrimataji.org\\\/test\\\/wp-content\\\/uploads\\\/2023\\\/03\\\/9_Banner-PublicLife-2-scaled.jpg\",\"datePublished\":\"2018-07-10T06:54:50+00:00\",\"dateModified\":\"2026-01-18T20:36:18+00:00\",\"breadcrumb\":{\"@id\":\"https:\\\/\\\/shrimataji.org\\\/test\\\/pt\\\/vida-publica\\\/#breadcrumb\"},\"inLanguage\":\"en-US\",\"potentialAction\":[{\"@type\":\"ReadAction\",\"target\":[\"https:\\\/\\\/shrimataji.org\\\/test\\\/pt\\\/vida-publica\\\/\"]}]},{\"@type\":\"ImageObject\",\"inLanguage\":\"en-US\",\"@id\":\"https:\\\/\\\/shrimataji.org\\\/test\\\/pt\\\/vida-publica\\\/#primaryimage\",\"url\":\"https:\\\/\\\/shrimataji.org\\\/test\\\/wp-content\\\/uploads\\\/2023\\\/03\\\/9_Banner-PublicLife-2-scaled.jpg\",\"contentUrl\":\"https:\\\/\\\/shrimataji.org\\\/test\\\/wp-content\\\/uploads\\\/2023\\\/03\\\/9_Banner-PublicLife-2-scaled.jpg\",\"width\":2560,\"height\":905},{\"@type\":\"BreadcrumbList\",\"@id\":\"https:\\\/\\\/shrimataji.org\\\/test\\\/pt\\\/vida-publica\\\/#breadcrumb\",\"itemListElement\":[{\"@type\":\"ListItem\",\"position\":1,\"name\":\"Home\",\"item\":\"https:\\\/\\\/shrimataji.org\\\/test\\\/uk\\\/home-en\\\/\"},{\"@type\":\"ListItem\",\"position\":2,\"name\":\"Vida P\u00fablica\"}]},{\"@type\":\"WebSite\",\"@id\":\"https:\\\/\\\/shrimataji.org\\\/test\\\/#website\",\"url\":\"https:\\\/\\\/shrimataji.org\\\/test\\\/\",\"name\":\"Shri Mataji Nirmala Devi\",\"description\":\"A Life Dedicated to Humanity\",\"publisher\":{\"@id\":\"https:\\\/\\\/shrimataji.org\\\/test\\\/#\\\/schema\\\/person\\\/a1b3419c6585f164aa96da1ff85715d1\"},\"potentialAction\":[{\"@type\":\"SearchAction\",\"target\":{\"@type\":\"EntryPoint\",\"urlTemplate\":\"https:\\\/\\\/shrimataji.org\\\/test\\\/?s={search_term_string}\"},\"query-input\":{\"@type\":\"PropertyValueSpecification\",\"valueRequired\":true,\"valueName\":\"search_term_string\"}}],\"inLanguage\":\"en-US\"},{\"@type\":[\"Person\",\"Organization\"],\"@id\":\"https:\\\/\\\/shrimataji.org\\\/test\\\/#\\\/schema\\\/person\\\/a1b3419c6585f164aa96da1ff85715d1\",\"name\":\"Nirmala Shrivastava\",\"image\":{\"@type\":\"ImageObject\",\"inLanguage\":\"en-US\",\"@id\":\"https:\\\/\\\/shrimataji.org\\\/test\\\/wp-content\\\/uploads\\\/2023\\\/02\\\/SMO_LOGO-03.svg\",\"url\":\"https:\\\/\\\/shrimataji.org\\\/test\\\/wp-content\\\/uploads\\\/2023\\\/02\\\/SMO_LOGO-03.svg\",\"contentUrl\":\"https:\\\/\\\/shrimataji.org\\\/test\\\/wp-content\\\/uploads\\\/2023\\\/02\\\/SMO_LOGO-03.svg\",\"width\":\"1024\",\"height\":\"1024\",\"caption\":\"Nirmala Shrivastava\"},\"logo\":{\"@id\":\"https:\\\/\\\/shrimataji.org\\\/test\\\/wp-content\\\/uploads\\\/2023\\\/02\\\/SMO_LOGO-03.svg\"},\"sameAs\":[\"https:\\\/\\\/shrimataji.org\\\/test\",\"https:\\\/\\\/www.facebook.com\\\/shrimataji\",\"https:\\\/\\\/x.com\\\/shrimataji\",\"https:\\\/\\\/www.youtube.com\\\/@Shri_Mataji_Nirmala_Devi\\\/featured\"]}]}<\/script>\n<!-- \/ Yoast SEO plugin. -->","yoast_head_json":{"title":"Vida P\u00fablica - TEST - SMND","robots":{"index":"noindex","follow":"follow","max-snippet":"max-snippet:-1","max-image-preview":"max-image-preview:large","max-video-preview":"max-video-preview:-1"},"og_locale":"en_US","og_type":"article","og_title":"Vida P\u00fablica - TEST - SMND","og_description":"Vida P\u00fablica Mostrando para o Mundo Depois que seus filhos cresceram e estabilizaram suas vidas, Nirmala Srivastava p\u00f4de dedicar mais aten\u00e7\u00e3o e tempo \u00e0 esfera p\u00fablica. Enquanto seu marido chefiava a Organiza\u00e7\u00e3o Mar\u00edtima Internacional da ONU em Londres, ela come\u00e7ou seu trabalho espiritual com um pequeno grupo de pessoas por l\u00e1. Ela tamb\u00e9m come\u00e7ou a&hellip; Read more","og_url":"https:\/\/shrimataji.org\/test\/pt\/vida-publica\/","og_site_name":"TEST - SMND","article_publisher":"https:\/\/www.facebook.com\/shrimataji","article_modified_time":"2026-01-18T20:36:18+00:00","og_image":[{"width":2560,"height":905,"url":"https:\/\/shrimataji.org\/test\/wp-content\/uploads\/2023\/03\/9_Banner-PublicLife-2-scaled.jpg","type":"image\/jpeg"}],"twitter_card":"summary_large_image","twitter_site":"@shrimataji","schema":{"@context":"https:\/\/schema.org","@graph":[{"@type":"WebPage","@id":"https:\/\/shrimataji.org\/test\/pt\/vida-publica\/","url":"https:\/\/shrimataji.org\/test\/pt\/vida-publica\/","name":"Vida P\u00fablica - TEST - SMND","isPartOf":{"@id":"https:\/\/shrimataji.org\/test\/#website"},"primaryImageOfPage":{"@id":"https:\/\/shrimataji.org\/test\/pt\/vida-publica\/#primaryimage"},"image":{"@id":"https:\/\/shrimataji.org\/test\/pt\/vida-publica\/#primaryimage"},"thumbnailUrl":"https:\/\/shrimataji.org\/test\/wp-content\/uploads\/2023\/03\/9_Banner-PublicLife-2-scaled.jpg","datePublished":"2018-07-10T06:54:50+00:00","dateModified":"2026-01-18T20:36:18+00:00","breadcrumb":{"@id":"https:\/\/shrimataji.org\/test\/pt\/vida-publica\/#breadcrumb"},"inLanguage":"en-US","potentialAction":[{"@type":"ReadAction","target":["https:\/\/shrimataji.org\/test\/pt\/vida-publica\/"]}]},{"@type":"ImageObject","inLanguage":"en-US","@id":"https:\/\/shrimataji.org\/test\/pt\/vida-publica\/#primaryimage","url":"https:\/\/shrimataji.org\/test\/wp-content\/uploads\/2023\/03\/9_Banner-PublicLife-2-scaled.jpg","contentUrl":"https:\/\/shrimataji.org\/test\/wp-content\/uploads\/2023\/03\/9_Banner-PublicLife-2-scaled.jpg","width":2560,"height":905},{"@type":"BreadcrumbList","@id":"https:\/\/shrimataji.org\/test\/pt\/vida-publica\/#breadcrumb","itemListElement":[{"@type":"ListItem","position":1,"name":"Home","item":"https:\/\/shrimataji.org\/test\/uk\/home-en\/"},{"@type":"ListItem","position":2,"name":"Vida P\u00fablica"}]},{"@type":"WebSite","@id":"https:\/\/shrimataji.org\/test\/#website","url":"https:\/\/shrimataji.org\/test\/","name":"Shri Mataji Nirmala Devi","description":"A Life Dedicated to Humanity","publisher":{"@id":"https:\/\/shrimataji.org\/test\/#\/schema\/person\/a1b3419c6585f164aa96da1ff85715d1"},"potentialAction":[{"@type":"SearchAction","target":{"@type":"EntryPoint","urlTemplate":"https:\/\/shrimataji.org\/test\/?s={search_term_string}"},"query-input":{"@type":"PropertyValueSpecification","valueRequired":true,"valueName":"search_term_string"}}],"inLanguage":"en-US"},{"@type":["Person","Organization"],"@id":"https:\/\/shrimataji.org\/test\/#\/schema\/person\/a1b3419c6585f164aa96da1ff85715d1","name":"Nirmala Shrivastava","image":{"@type":"ImageObject","inLanguage":"en-US","@id":"https:\/\/shrimataji.org\/test\/wp-content\/uploads\/2023\/02\/SMO_LOGO-03.svg","url":"https:\/\/shrimataji.org\/test\/wp-content\/uploads\/2023\/02\/SMO_LOGO-03.svg","contentUrl":"https:\/\/shrimataji.org\/test\/wp-content\/uploads\/2023\/02\/SMO_LOGO-03.svg","width":"1024","height":"1024","caption":"Nirmala Shrivastava"},"logo":{"@id":"https:\/\/shrimataji.org\/test\/wp-content\/uploads\/2023\/02\/SMO_LOGO-03.svg"},"sameAs":["https:\/\/shrimataji.org\/test","https:\/\/www.facebook.com\/shrimataji","https:\/\/x.com\/shrimataji","https:\/\/www.youtube.com\/@Shri_Mataji_Nirmala_Devi\/featured"]}]}},"lang":"pt","translations":{"pt":10407,"ur":37481,"en":438,"am":18056,"th":20029,"hu":19542,"sq":18457,"zh":17354,"tr":10197,"de":10681,"fr":10779,"it":10877,"es":10974,"ja":11271,"ru":11459,"bn":11651,"te":11759,"sw":11882,"he":12030,"el":12322,"sk":12420,"fa":12518,"fi":12616,"bg":13440,"ro":14514,"cs":14707,"nl":16617,"ku":16777,"ar":16953,"be":18664,"kn":18938,"mr":20393,"uk":20687,"ml":20982,"ta":22775,"sv":23045,"gu":28889,"pa":29049,"fil":29493,"da":37792,"pl":38004,"nn":38344},"pll_sync_post":[],"_links":{"self":[{"href":"https:\/\/shrimataji.org\/test\/wp-json\/wp\/v2\/pages\/10407","targetHints":{"allow":["GET"]}}],"collection":[{"href":"https:\/\/shrimataji.org\/test\/wp-json\/wp\/v2\/pages"}],"about":[{"href":"https:\/\/shrimataji.org\/test\/wp-json\/wp\/v2\/types\/page"}],"author":[{"embeddable":true,"href":"https:\/\/shrimataji.org\/test\/wp-json\/wp\/v2\/users\/18"}],"replies":[{"embeddable":true,"href":"https:\/\/shrimataji.org\/test\/wp-json\/wp\/v2\/comments?post=10407"}],"version-history":[{"count":0,"href":"https:\/\/shrimataji.org\/test\/wp-json\/wp\/v2\/pages\/10407\/revisions"}],"wp:featuredmedia":[{"embeddable":true,"href":"https:\/\/shrimataji.org\/test\/wp-json\/wp\/v2\/media\/9514"}],"wp:attachment":[{"href":"https:\/\/shrimataji.org\/test\/wp-json\/wp\/v2\/media?parent=10407"}],"curies":[{"name":"wp","href":"https:\/\/api.w.org\/{rel}","templated":true}]}}