{"id":10411,"date":"2020-04-20T17:46:08","date_gmt":"2020-04-20T17:46:08","guid":{"rendered":"https:\/\/testwordpress.nirmalnagari.org\/smnd\/?page_id=3434"},"modified":"2026-01-19T11:44:10","modified_gmt":"2026-01-19T11:44:10","slug":"sahaja-yoga-pt","status":"publish","type":"page","link":"https:\/\/shrimataji.org\/test\/pt\/sahaja-yoga-pt\/","title":{"rendered":"Sahaja Yoga PT"},"content":{"rendered":"\n\n\t<h1>Sahaja Yoga<\/h1>\n<h2>Despertar Interior atrav\u00e9s da Realiza\u00e7\u00e3o do Si e Medita\u00e7\u00e3o<\/h2>\n<h4>Shri Mataji Nirmala Devi revolucionou a pr\u00e1tica do yoga atrav\u00e9s da realiza\u00e7\u00e3o do Si no sistema nervoso central. Na hist\u00f3ria da espiritualidade, Shri Mataji \u00e9 a primeira e \u00fanica pessoa a oferecer a experi\u00eancia da realiza\u00e7\u00e3o do si em massa. Ela declarou que \u00e9 direito de nascimento de todos os seres humanos &#8211; independentemente de religi\u00e3o, ra\u00e7a, nacionalidade ou circunst\u00e2ncia &#8211; receber sua realiza\u00e7\u00e3o do Si. Ela tamb\u00e9m insistiu que n\u00e3o se pode pagar pela verdade ou pelo autoconhecimento e, portanto, a realiza\u00e7\u00e3o do si sempre foi, e continua a ser, oferecida gratuitamente.<\/h4>\n<p>Shri Mataji nasceu com a completa consci\u00eancia da realiza\u00e7\u00e3o do si e, desde tenra idade, desejou compartilhar este precioso dom com todos. Foi seu pai quem reconheceu esta prod\u00edgio espiritual e a aconselhou a primeiro encontrar uma maneira de realizar a realiza\u00e7\u00e3o do si em massa, o que lhe permitiria alcan\u00e7ar um p\u00fablico global mais amplo para o benef\u00edcio da humanidade. Isso inspirou Shri Mataji a estudar os seres humanos por um per\u00edodo de quarenta e sete anos, enquanto vivia e interagia entre eles. Somente depois de estar plenamente familiarizada com todas as permuta\u00e7\u00f5es e combina\u00e7\u00f5es da psique humana \u00e9 que ela tomou a decis\u00e3o final de desencadear a abertura do <a href=\"https:\/\/shrimataji.org\/test\/pt\/sahasrara-chakra-pt\/\" target=\"_blank\" rel=\"noopener\">Sahasrara Chakra<\/a> (o s\u00e9timo centro espiritual no topo da cabe\u00e7a) dentro de seu pr\u00f3prio ser, o que lhe permitiria cumprir sua miss\u00e3o de vida: evoluir e propagar em massa a realiza\u00e7\u00e3o do si e a pr\u00e1tica da medita\u00e7\u00e3o Sahaja Yoga.<\/p>\n<p><a href=\"https:\/\/shrimataji.org\/test\/pt\/5-de-maio-dia-mundial-da-realizacao\/\" target=\"_blank\" rel=\"noopener\">5 de Maio de 1970 <\/a>foi um marco hist\u00f3rico na evolu\u00e7\u00e3o espiritual da humanidade. O acesso ao despertar interior atrav\u00e9s da realiza\u00e7\u00e3o do si e da verdadeira medita\u00e7\u00e3o n\u00e3o estaria mais limitado a alguns poucos e ardentes mestres do yoga, e se tornaria acess\u00edvel \u00e0s massas, a todos que buscassem uma resposta para alcan\u00e7ar uma autoconsci\u00eancia superior.<\/p>\n<p>A diferen\u00e7a \u00fanica que Shri Mataji trouxe \u00e0 pr\u00e1tica do yoga foi a realiza\u00e7\u00e3o do si desde o primeiro dia. Anteriormente, isso raramente era poss\u00edvel mesmo ap\u00f3s uma pr\u00e1tica rigorosa de yoga por muitos anos, sen\u00e3o d\u00e9cadas, sob a orienta\u00e7\u00e3o pr\u00f3xima de um guru. Shri Mataji revelou que a consci\u00eancia humana havia atingido um pico no processo evolutivo e estava madura o suficiente para receber a realiza\u00e7\u00e3o do si espont\u00e2nea, desde que um mestre autorizado pudesse despertar a energia espiritual primordial adormecida, <a href=\"https:\/\/shrimataji.org\/test\/pt\/kundalini-pt\/\" target=\"_blank\" rel=\"noopener\">Kundalini-shakti<\/a> (que em s\u00e2nscrito significa a energia enrolada do poder divino onipresente) localizada na base da coluna vertebral.<\/p>\n<p>Nas quatro d\u00e9cadas seguintes, Shri Mataji estabeleceu a pr\u00e1tica da medita\u00e7\u00e3o Sahaja Yoga. Qualquer pessoa, independentemente de sua origem cultural, religiosa, idade ou forma\u00e7\u00e3o educacional, poderia praticar facilmente esta forma de medita\u00e7\u00e3o e yoga. Al\u00e9m disso, muitos que se estabeleceram na Sahaja Yoga podiam transmitir sem esfor\u00e7o o profundo poder de dar a realiza\u00e7\u00e3o do si a outros, assim como uma vela que pode ser usada para acender outras velas.<\/p>\n<p>Shri Mataji enfatizou particularmente que nenhum dinheiro poderia ser cobrado por dar a realiza\u00e7\u00e3o do si a outros ou por ensinar o conhecimento da Sahaja Yoga, pois ela pessoalmente nunca cobrou por compartilhar este poder inato. Isso estabeleceu a base para a verdadeira realiza\u00e7\u00e3o do si em massa que seu pai havia imaginado quando ela era crian\u00e7a.<\/p>\n<p><a href=\"https:\/\/shrimataji.org\/test\/pt\/meditacao-na-sahaja-yoga\/\" target=\"_blank\" rel=\"noopener\" data-cp-link=\"1\">A Medita\u00e7\u00e3o da Sahaja Yoga<\/a> Yoga \u00e9 uma t\u00e9cnica simples e sem esfor\u00e7o que ela desenvolveu para sustentar o despertar inato vivenciado atrav\u00e9s da inicia\u00e7\u00e3o da <a href=\"https:\/\/shrimataji.org\/test\/pt\/realizacao-do-si\/\" target=\"_blank\" rel=\"noopener\" data-cp-link=\"1\">Realiza\u00e7\u00e3o do Si<\/a>. A palavra Sahaja significa tanto &#8216;espont\u00e2neo&#8217; quanto &#8216;nascido com voc\u00ea&#8217;, descrevendo esta energia sutil (Kundalini) que existe em cada ser humano. Ao contr\u00e1rio da cren\u00e7a popular, Yoga n\u00e3o designa uma s\u00e9rie de exerc\u00edcios ou posturas, mas na verdade significa &#8216;unir, fundir&#8217;. O objetivo do yoga \u00e9 tornar o indiv\u00edduo consciente da verdadeira natureza do si mesmo &#8220;<a href=\"https:\/\/shrimataji.org\/test\/pt\/atma-pt\/\" target=\"_blank\" rel=\"noopener\">Atma<\/a>&#8221; (em s\u00e2nscrito, isto denota o reflexo do esp\u00edrito onipresente) e alcan\u00e7ar a uni\u00e3o completa com esta nova consci\u00eancia. Assim como uma gota d&#8217;\u00e1gua se funde com o oceano, pode-se dizer que a consci\u00eancia individual se funde com a consci\u00eancia coletiva. Quando esta uni\u00e3o ocorre, a for\u00e7a integradora da kundalini traz equil\u00edbrio e paz tanto em n\u00edvel individual quanto coletivo.<\/p>\n<div class=\"su-quote su-quote-style-default\"><div class=\"su-quote-inner su-u-clearfix su-u-trim\">O significado de &#8216;Sahaja Yoga&#8217; pode ser melhor compreendido se dividirmos seus componentes: &#8216;Saha&#8217; significa &#8216;com&#8217; e &#8216;ja&#8217; significa &#8216;nascido&#8217;, e &#8216;yoga&#8217; \u00e9 a &#8216;uni\u00e3o&#8217; ou &#8216;a t\u00e9cnica&#8217;. Portanto, &#8216;Sahaja Yoga&#8217; significa a t\u00e9cnica de evolu\u00e7\u00e3o \u00e9 inata em cada um de n\u00f3s.<\/div><\/div>\n\t\t<img decoding=\"async\" data-spai-excluded=\"true\" loading=\"lazy\"  alt=\"YouTube player\"  src=\"https:\/\/i.ytimg.com\/vi\/0isS36I-zu8\/maxresdefault.jpg\"  \/><button aria-label=\"Play\"><\/button><meta itemprop=\"embedUrl\" content=\"https:\/\/www.youtube.com\/embed\/0isS36I-zu8\"\/><meta itemprop=\"name\" content=\"Sahaja Yoga is your birthright\"\/><meta itemprop=\"description\" content=\"YouTube video\"\/><meta itemprop=\"thumbnailUrl\" content=\"https:\/\/i.ytimg.com\/vi\/0isS36I-zu8\/0.jpg\"\/><meta itemprop=\"duration\" content=\"PT1M44S\"\/><meta itemprop=\"uploadDate\" content=\"2022-11-12T03:16:18Z\"\/>\t\n\n","protected":false},"excerpt":{"rendered":"<p>Sahaja Yoga Despertar Interior atrav\u00e9s da Realiza\u00e7\u00e3o do Si e Medita\u00e7\u00e3o Shri Mataji Nirmala Devi revolucionou a pr\u00e1tica do yoga atrav\u00e9s da realiza\u00e7\u00e3o do Si no sistema nervoso central. Na hist\u00f3ria da espiritualidade, Shri Mataji \u00e9 a primeira e \u00fanica pessoa a oferecer a experi\u00eancia da realiza\u00e7\u00e3o do si em massa. Ela declarou que \u00e9&hellip; <br \/> <a class=\"read-more\" href=\"https:\/\/shrimataji.org\/test\/pt\/sahaja-yoga-pt\/\">Read more<\/a><\/p>\n","protected":false},"author":18,"featured_media":8561,"parent":0,"menu_order":0,"comment_status":"closed","ping_status":"closed","template":"","meta":{"inline_featured_image":false,"footnotes":""},"class_list":["post-10411","page","type-page","status-publish","has-post-thumbnail","hentry"],"yoast_head":"<!-- This site is optimized with the Yoast SEO plugin v27.4 - https:\/\/yoast.com\/product\/yoast-seo-wordpress\/ -->\n<title>Sahaja Yoga PT - TEST - SMND<\/title>\n<meta name=\"robots\" content=\"noindex, follow, max-snippet:-1, max-image-preview:large, max-video-preview:-1\" \/>\n<meta property=\"og:locale\" content=\"en_US\" \/>\n<meta property=\"og:type\" content=\"article\" \/>\n<meta property=\"og:title\" content=\"Sahaja Yoga PT - TEST - SMND\" \/>\n<meta property=\"og:description\" content=\"Sahaja Yoga Despertar Interior atrav\u00e9s da Realiza\u00e7\u00e3o do Si e Medita\u00e7\u00e3o Shri Mataji Nirmala Devi revolucionou a pr\u00e1tica do yoga atrav\u00e9s da realiza\u00e7\u00e3o do Si no sistema nervoso central. Na hist\u00f3ria da espiritualidade, Shri Mataji \u00e9 a primeira e \u00fanica pessoa a oferecer a experi\u00eancia da realiza\u00e7\u00e3o do si em massa. Ela declarou que \u00e9&hellip; Read more\" \/>\n<meta property=\"og:url\" content=\"https:\/\/shrimataji.org\/test\/pt\/sahaja-yoga-pt\/\" \/>\n<meta property=\"og:site_name\" content=\"TEST - SMND\" \/>\n<meta property=\"article:publisher\" content=\"https:\/\/www.facebook.com\/shrimataji\" \/>\n<meta property=\"article:modified_time\" content=\"2026-01-19T11:44:10+00:00\" \/>\n<meta property=\"og:image\" content=\"https:\/\/shrimataji.org\/test\/wp-content\/uploads\/2023\/02\/Banner-SY-SY-scaled.jpg\" \/>\n\t<meta property=\"og:image:width\" content=\"2560\" \/>\n\t<meta property=\"og:image:height\" content=\"905\" \/>\n\t<meta property=\"og:image:type\" content=\"image\/jpeg\" \/>\n<meta name=\"twitter:card\" content=\"summary_large_image\" \/>\n<meta name=\"twitter:site\" content=\"@shrimataji\" \/>\n<script type=\"application\/ld+json\" class=\"yoast-schema-graph\">{\"@context\":\"https:\\\/\\\/schema.org\",\"@graph\":[{\"@type\":\"WebPage\",\"@id\":\"https:\\\/\\\/shrimataji.org\\\/test\\\/pt\\\/sahaja-yoga-pt\\\/\",\"url\":\"https:\\\/\\\/shrimataji.org\\\/test\\\/pt\\\/sahaja-yoga-pt\\\/\",\"name\":\"Sahaja Yoga PT - TEST - SMND\",\"isPartOf\":{\"@id\":\"https:\\\/\\\/shrimataji.org\\\/test\\\/#website\"},\"primaryImageOfPage\":{\"@id\":\"https:\\\/\\\/shrimataji.org\\\/test\\\/pt\\\/sahaja-yoga-pt\\\/#primaryimage\"},\"image\":{\"@id\":\"https:\\\/\\\/shrimataji.org\\\/test\\\/pt\\\/sahaja-yoga-pt\\\/#primaryimage\"},\"thumbnailUrl\":\"https:\\\/\\\/shrimataji.org\\\/test\\\/wp-content\\\/uploads\\\/2023\\\/02\\\/Banner-SY-SY-scaled.jpg\",\"datePublished\":\"2020-04-20T17:46:08+00:00\",\"dateModified\":\"2026-01-19T11:44:10+00:00\",\"breadcrumb\":{\"@id\":\"https:\\\/\\\/shrimataji.org\\\/test\\\/pt\\\/sahaja-yoga-pt\\\/#breadcrumb\"},\"inLanguage\":\"en-US\",\"potentialAction\":[{\"@type\":\"ReadAction\",\"target\":[\"https:\\\/\\\/shrimataji.org\\\/test\\\/pt\\\/sahaja-yoga-pt\\\/\"]}]},{\"@type\":\"ImageObject\",\"inLanguage\":\"en-US\",\"@id\":\"https:\\\/\\\/shrimataji.org\\\/test\\\/pt\\\/sahaja-yoga-pt\\\/#primaryimage\",\"url\":\"https:\\\/\\\/shrimataji.org\\\/test\\\/wp-content\\\/uploads\\\/2023\\\/02\\\/Banner-SY-SY-scaled.jpg\",\"contentUrl\":\"https:\\\/\\\/shrimataji.org\\\/test\\\/wp-content\\\/uploads\\\/2023\\\/02\\\/Banner-SY-SY-scaled.jpg\",\"width\":2560,\"height\":905},{\"@type\":\"BreadcrumbList\",\"@id\":\"https:\\\/\\\/shrimataji.org\\\/test\\\/pt\\\/sahaja-yoga-pt\\\/#breadcrumb\",\"itemListElement\":[{\"@type\":\"ListItem\",\"position\":1,\"name\":\"Home\",\"item\":\"https:\\\/\\\/shrimataji.org\\\/test\\\/uk\\\/home-en\\\/\"},{\"@type\":\"ListItem\",\"position\":2,\"name\":\"Sahaja Yoga PT\"}]},{\"@type\":\"WebSite\",\"@id\":\"https:\\\/\\\/shrimataji.org\\\/test\\\/#website\",\"url\":\"https:\\\/\\\/shrimataji.org\\\/test\\\/\",\"name\":\"Shri Mataji Nirmala Devi\",\"description\":\"A Life Dedicated to Humanity\",\"publisher\":{\"@id\":\"https:\\\/\\\/shrimataji.org\\\/test\\\/#\\\/schema\\\/person\\\/a1b3419c6585f164aa96da1ff85715d1\"},\"potentialAction\":[{\"@type\":\"SearchAction\",\"target\":{\"@type\":\"EntryPoint\",\"urlTemplate\":\"https:\\\/\\\/shrimataji.org\\\/test\\\/?s={search_term_string}\"},\"query-input\":{\"@type\":\"PropertyValueSpecification\",\"valueRequired\":true,\"valueName\":\"search_term_string\"}}],\"inLanguage\":\"en-US\"},{\"@type\":[\"Person\",\"Organization\"],\"@id\":\"https:\\\/\\\/shrimataji.org\\\/test\\\/#\\\/schema\\\/person\\\/a1b3419c6585f164aa96da1ff85715d1\",\"name\":\"Nirmala Shrivastava\",\"image\":{\"@type\":\"ImageObject\",\"inLanguage\":\"en-US\",\"@id\":\"https:\\\/\\\/shrimataji.org\\\/test\\\/wp-content\\\/uploads\\\/2023\\\/02\\\/SMO_LOGO-03.svg\",\"url\":\"https:\\\/\\\/shrimataji.org\\\/test\\\/wp-content\\\/uploads\\\/2023\\\/02\\\/SMO_LOGO-03.svg\",\"contentUrl\":\"https:\\\/\\\/shrimataji.org\\\/test\\\/wp-content\\\/uploads\\\/2023\\\/02\\\/SMO_LOGO-03.svg\",\"width\":\"1024\",\"height\":\"1024\",\"caption\":\"Nirmala Shrivastava\"},\"logo\":{\"@id\":\"https:\\\/\\\/shrimataji.org\\\/test\\\/wp-content\\\/uploads\\\/2023\\\/02\\\/SMO_LOGO-03.svg\"},\"sameAs\":[\"https:\\\/\\\/shrimataji.org\\\/test\",\"https:\\\/\\\/www.facebook.com\\\/shrimataji\",\"https:\\\/\\\/x.com\\\/shrimataji\",\"https:\\\/\\\/www.youtube.com\\\/@Shri_Mataji_Nirmala_Devi\\\/featured\"]}]}<\/script>\n<!-- \/ Yoast SEO plugin. -->","yoast_head_json":{"title":"Sahaja Yoga PT - TEST - SMND","robots":{"index":"noindex","follow":"follow","max-snippet":"max-snippet:-1","max-image-preview":"max-image-preview:large","max-video-preview":"max-video-preview:-1"},"og_locale":"en_US","og_type":"article","og_title":"Sahaja Yoga PT - TEST - SMND","og_description":"Sahaja Yoga Despertar Interior atrav\u00e9s da Realiza\u00e7\u00e3o do Si e Medita\u00e7\u00e3o Shri Mataji Nirmala Devi revolucionou a pr\u00e1tica do yoga atrav\u00e9s da realiza\u00e7\u00e3o do Si no sistema nervoso central. Na hist\u00f3ria da espiritualidade, Shri Mataji \u00e9 a primeira e \u00fanica pessoa a oferecer a experi\u00eancia da realiza\u00e7\u00e3o do si em massa. Ela declarou que \u00e9&hellip; Read more","og_url":"https:\/\/shrimataji.org\/test\/pt\/sahaja-yoga-pt\/","og_site_name":"TEST - SMND","article_publisher":"https:\/\/www.facebook.com\/shrimataji","article_modified_time":"2026-01-19T11:44:10+00:00","og_image":[{"width":2560,"height":905,"url":"https:\/\/shrimataji.org\/test\/wp-content\/uploads\/2023\/02\/Banner-SY-SY-scaled.jpg","type":"image\/jpeg"}],"twitter_card":"summary_large_image","twitter_site":"@shrimataji","schema":{"@context":"https:\/\/schema.org","@graph":[{"@type":"WebPage","@id":"https:\/\/shrimataji.org\/test\/pt\/sahaja-yoga-pt\/","url":"https:\/\/shrimataji.org\/test\/pt\/sahaja-yoga-pt\/","name":"Sahaja Yoga PT - TEST - SMND","isPartOf":{"@id":"https:\/\/shrimataji.org\/test\/#website"},"primaryImageOfPage":{"@id":"https:\/\/shrimataji.org\/test\/pt\/sahaja-yoga-pt\/#primaryimage"},"image":{"@id":"https:\/\/shrimataji.org\/test\/pt\/sahaja-yoga-pt\/#primaryimage"},"thumbnailUrl":"https:\/\/shrimataji.org\/test\/wp-content\/uploads\/2023\/02\/Banner-SY-SY-scaled.jpg","datePublished":"2020-04-20T17:46:08+00:00","dateModified":"2026-01-19T11:44:10+00:00","breadcrumb":{"@id":"https:\/\/shrimataji.org\/test\/pt\/sahaja-yoga-pt\/#breadcrumb"},"inLanguage":"en-US","potentialAction":[{"@type":"ReadAction","target":["https:\/\/shrimataji.org\/test\/pt\/sahaja-yoga-pt\/"]}]},{"@type":"ImageObject","inLanguage":"en-US","@id":"https:\/\/shrimataji.org\/test\/pt\/sahaja-yoga-pt\/#primaryimage","url":"https:\/\/shrimataji.org\/test\/wp-content\/uploads\/2023\/02\/Banner-SY-SY-scaled.jpg","contentUrl":"https:\/\/shrimataji.org\/test\/wp-content\/uploads\/2023\/02\/Banner-SY-SY-scaled.jpg","width":2560,"height":905},{"@type":"BreadcrumbList","@id":"https:\/\/shrimataji.org\/test\/pt\/sahaja-yoga-pt\/#breadcrumb","itemListElement":[{"@type":"ListItem","position":1,"name":"Home","item":"https:\/\/shrimataji.org\/test\/uk\/home-en\/"},{"@type":"ListItem","position":2,"name":"Sahaja Yoga PT"}]},{"@type":"WebSite","@id":"https:\/\/shrimataji.org\/test\/#website","url":"https:\/\/shrimataji.org\/test\/","name":"Shri Mataji Nirmala Devi","description":"A Life Dedicated to Humanity","publisher":{"@id":"https:\/\/shrimataji.org\/test\/#\/schema\/person\/a1b3419c6585f164aa96da1ff85715d1"},"potentialAction":[{"@type":"SearchAction","target":{"@type":"EntryPoint","urlTemplate":"https:\/\/shrimataji.org\/test\/?s={search_term_string}"},"query-input":{"@type":"PropertyValueSpecification","valueRequired":true,"valueName":"search_term_string"}}],"inLanguage":"en-US"},{"@type":["Person","Organization"],"@id":"https:\/\/shrimataji.org\/test\/#\/schema\/person\/a1b3419c6585f164aa96da1ff85715d1","name":"Nirmala Shrivastava","image":{"@type":"ImageObject","inLanguage":"en-US","@id":"https:\/\/shrimataji.org\/test\/wp-content\/uploads\/2023\/02\/SMO_LOGO-03.svg","url":"https:\/\/shrimataji.org\/test\/wp-content\/uploads\/2023\/02\/SMO_LOGO-03.svg","contentUrl":"https:\/\/shrimataji.org\/test\/wp-content\/uploads\/2023\/02\/SMO_LOGO-03.svg","width":"1024","height":"1024","caption":"Nirmala Shrivastava"},"logo":{"@id":"https:\/\/shrimataji.org\/test\/wp-content\/uploads\/2023\/02\/SMO_LOGO-03.svg"},"sameAs":["https:\/\/shrimataji.org\/test","https:\/\/www.facebook.com\/shrimataji","https:\/\/x.com\/shrimataji","https:\/\/www.youtube.com\/@Shri_Mataji_Nirmala_Devi\/featured"]}]}},"lang":"pt","translations":{"pt":10411,"ur":37488,"en":3434,"pa":25904,"gu":25507,"th":20040,"hu":19550,"sq":18464,"zh":17361,"tr":10201,"de":10685,"fr":10783,"it":10881,"es":10978,"ja":11276,"ru":11464,"bn":11655,"te":11763,"sw":11886,"he":12034,"el":12326,"sk":12424,"fa":12522,"fi":12620,"bg":13428,"ro":14502,"cs":14695,"nl":16624,"ku":16784,"ar":16960,"be":18671,"kn":18945,"mr":20404,"uk":20698,"ml":20993,"ta":22782,"sv":23052,"bs":27292,"fil":29500,"sd":31004,"da":37798,"pl":38008,"nn":38350},"pll_sync_post":[],"_links":{"self":[{"href":"https:\/\/shrimataji.org\/test\/wp-json\/wp\/v2\/pages\/10411","targetHints":{"allow":["GET"]}}],"collection":[{"href":"https:\/\/shrimataji.org\/test\/wp-json\/wp\/v2\/pages"}],"about":[{"href":"https:\/\/shrimataji.org\/test\/wp-json\/wp\/v2\/types\/page"}],"author":[{"embeddable":true,"href":"https:\/\/shrimataji.org\/test\/wp-json\/wp\/v2\/users\/18"}],"replies":[{"embeddable":true,"href":"https:\/\/shrimataji.org\/test\/wp-json\/wp\/v2\/comments?post=10411"}],"version-history":[{"count":0,"href":"https:\/\/shrimataji.org\/test\/wp-json\/wp\/v2\/pages\/10411\/revisions"}],"wp:featuredmedia":[{"embeddable":true,"href":"https:\/\/shrimataji.org\/test\/wp-json\/wp\/v2\/media\/8561"}],"wp:attachment":[{"href":"https:\/\/shrimataji.org\/test\/wp-json\/wp\/v2\/media?parent=10411"}],"curies":[{"name":"wp","href":"https:\/\/api.w.org\/{rel}","templated":true}]}}