{"id":10414,"date":"2022-01-23T03:06:21","date_gmt":"2022-01-23T03:06:21","guid":{"rendered":"https:\/\/test.shrimataji.org\/?page_id=6275"},"modified":"2026-01-18T21:36:06","modified_gmt":"2026-01-18T21:36:06","slug":"meditacao-na-sahaja-yoga","status":"publish","type":"page","link":"https:\/\/shrimataji.org\/test\/pt\/meditacao-na-sahaja-yoga\/","title":{"rendered":"Medita\u00e7\u00e3o na Sahaja Yoga"},"content":{"rendered":"\n\n\t<h1>Medita\u00e7\u00e3o na Sahaja Yoga<\/h1>\n<h2>O Poder do Sil\u00eancio Interior<\/h2>\n<div class=\"su-quote su-quote-style-default\"><div class=\"su-quote-inner su-u-clearfix su-u-trim\"> Voc\u00ea n\u00e3o pode fazer medita\u00e7\u00e3o, voc\u00ea tem que estar em medita\u00e7\u00e3o. Voc\u00ea se torna meditativo. Voc\u00ea est\u00e1 o tempo todo em medita\u00e7\u00e3o. <\/div><\/div>\n\t<h4>Medita\u00e7\u00e3o \u00e9 uma palavra que foi definida e interpretada de in\u00fameras maneiras diferentes, desde refletir profundamente sobre um assunto at\u00e9 sentar-se em sil\u00eancio com os olhos fechados e a aten\u00e7\u00e3o focada.<\/h4>\n<p>A medita\u00e7\u00e3o na Sahaja Yoga \u00e9 baseada na <a href=\"https:\/\/shrimataji.org\/test\/pt\/realizacao-do-si\/\" target=\"_blank\" rel=\"noopener\">Realiza\u00e7\u00e3o do si<\/a>, onde a \u00a0<a href=\"https:\/\/shrimataji.org\/test\/pt\/kundalini-pt\/\" target=\"_blank\" rel=\"noopener\">Kundalini<\/a> ((a energia sutil interior) do praticante \u00e9 despertada, levando a um estado conhecido como Nirvichar Samadhi (consci\u00eancia sem pensamentos). Neste estado, a mente torna-se absolutamente livre das ondas turbulentas de pensamentos e emo\u00e7\u00f5es e acalma-se como um lago pac\u00edfico <a href=\"#citation-note-1a\"><sup>[1a]<\/sup><\/a> , permanecendo plenamente consciente da alegria interior do <a href=\"https:\/\/shrimataji.org\/test\/pt\/atma-pt\/\" target=\"_blank\" rel=\"noopener\">Atma<\/a> (o Esp\u00edrito eterno e onipresente).<\/p>\n<figure itemscope itemtype=\"https:\/\/schema.org\/ImageObject\">\n\t\t\t\t<a href=\"https:\/\/shrimataji.org\/test\/wp-content\/uploads\/2023\/02\/00_Subtle-System-01.png\"  target=\"_blank\" rel=\"noopener\"  itemprop=\"url\">\n\t\t\t\t<img decoding=\"async\" src=\"https:\/\/shrimataji.org\/test\/wp-content\/uploads\/2025\/11\/pt-Chakras_Qualities_SMO-01-scaled.png\" alt=\"pt-Chakras_Qualities_SMO-01\" height=\"2560\" width=\"2095\" title=\"pt-Chakras_Qualities_SMO-01\" onerror=\"this.style.display='none'\" loading=\"lazy\" \/>\n\t\t\t\t<\/a>\n\t<\/figure>\n\t<p>\u00c0 medida que mais fios da Kundalini ascendem pela coluna vertebral e iluminam os <a href=\"https:\/\/shrimataji.org\/test\/pt\/chakras-qualidades\/\" target=\"_blank\" rel=\"noopener\">Chakras<\/a> (centros de energia) e <a href=\"https:\/\/shrimataji.org\/test\/pt\/nadis-tres-estados\/\" target=\"_blank\" rel=\"noopener\">Nadis <\/a>(canais de energia), o praticante torna-se facilmente consciente do estado interno do seu sistema sutil e sente uma brisa fresca envolvendo todo o seu corpo, especialmente sobre a \u00e1rea da fontanela da cabe\u00e7a e as palmas das m\u00e3os. Com apenas algumas semanas de pr\u00e1tica, pode-se n\u00e3o apenas dominar a consci\u00eancia do pr\u00f3prio sistema sutil, mas tamb\u00e9m desenvolver sensibilidade suficiente para perceber as energias do ambiente e at\u00e9 mesmo o estado do sistema sutil de pessoas pr\u00f3ximas.<\/p>\n\t\t<img decoding=\"async\" data-spai-excluded=\"true\" loading=\"lazy\"  alt=\"YouTube player\"  src=\"https:\/\/i.ytimg.com\/vi\/RA3QEktjJ-Y\/maxresdefault.jpg\"  \/><button aria-label=\"Play\"><\/button><meta itemprop=\"embedUrl\" content=\"https:\/\/www.youtube.com\/embed\/RA3QEktjJ-Y\"\/><meta itemprop=\"name\" content=\"Sahaja Yoga\"\/><meta itemprop=\"description\" content=\"YouTube video\"\/><meta itemprop=\"thumbnailUrl\" content=\"https:\/\/i.ytimg.com\/vi\/RA3QEktjJ-Y\/0.jpg\"\/><meta itemprop=\"duration\" content=\"PT5M52S\"\/><meta itemprop=\"uploadDate\" content=\"2023-01-16T05:39:09Z\"\/>\t\n\t<p>A pr\u00e1tica da medita\u00e7\u00e3o na Sahaja Yoga \u00e9 simples e pode ser feita em casa ou no escrit\u00f3rio, sozinho ou com outras pessoas. Shri Mataji enfatizou que deixar a sociedade para tr\u00e1s para obter ilumina\u00e7\u00e3o espiritual era desnecess\u00e1rio. A base da t\u00e9cnica \u00e9 o despertar desta energia que existe em todos, e centra-se na escolha do indiv\u00edduo de assumi-la e pratic\u00e1-la. \u00c9 uma experi\u00eancia de <a href=\"https:\/\/shrimataji.org\/test\/pt\/meditacao-sem-esforco\/\" target=\"_blank\" rel=\"noopener\">Meditat\u00e7\u00e3o sem Esfor\u00e7o<\/a>, e n\u00e3o qualquer exerc\u00edcio de aten\u00e7\u00e3o plena ou concentra\u00e7\u00e3o.<\/p>\n\t<div class=\"su-quote su-quote-style-default\"><div class=\"su-quote-inner su-u-clearfix su-u-trim\">Se voc\u00ea estiver absolutamente sem esfor\u00e7o, a medita\u00e7\u00e3o funcionar\u00e1 melhor.\u00a0 <\/div><\/div>\n\t<p>Estudos m\u00e9dicos realizados na Austr\u00e1lia e na \u00cdndia mostraram que os mecanismos de cura do corpo s\u00e3o ativados quando se medita em consci\u00eancia sem pensamentos, mas n\u00e3o quando se usa simplesmente um m\u00e9todo de relaxamento, como respira\u00e7\u00e3o profunda ou visualiza\u00e7\u00e3o.<\/p>\n<p>M\u00e9todos de relaxamento s\u00e3o eficazes na redu\u00e7\u00e3o do estresse, mas n\u00e3o mostraram resultados m\u00e9dicos significativos, enquanto a Medita\u00e7\u00e3o da Sahaja Yoga mostrou. <a href=\"#citation-note-1b\"><sup>[1b]<\/sup><\/a><\/p>\n\t\t<iframe loading=\"lazy\" title=\"Meditation Study Finds Improvement\" width=\"1920\" height=\"1080\" src=\"https:\/\/www.youtube.com\/embed\/itvKZ5WxrFs?feature=oembed\" frameborder=\"0\" allow=\"accelerometer; autoplay; clipboard-write; encrypted-media; gyroscope; picture-in-picture; web-share\" allowfullscreen><\/iframe>\t\n\t<p>Uma caracter\u00edstica \u00fanica da Medita\u00e7\u00e3o da Sahaja Yoga \u00e9 o fato de que ela n\u00e3o oferece uma \u00fanica rota prescritiva para a espiritualidade. N\u00e3o h\u00e1 restri\u00e7\u00f5es alimentares ou obriga\u00e7\u00f5es religiosas. Cada praticante tem a op\u00e7\u00e3o de selecionar seu pr\u00f3prio caminho, ritmo de progresso e metas espirituais. Nenhum indiv\u00edduo \u00e9 for\u00e7ado a seguir qualquer caminho, n\u00e3o h\u00e1 um ponto de entrada prescrito e cada rota a seguir \u00e9 perfeitamente flex\u00edvel, um processo vivo adapt\u00e1vel a necessidades ou circunst\u00e2ncias espec\u00edficas.<a href=\"#citation-note-2\">[2]<\/a><\/p>\n\t<p><a href=\"https:\/\/shrimataji.org\/test\/pt\/meditacao-coletiva\/\" target=\"_blank\" rel=\"noopener\">Os Centros de Medita\u00e7\u00e3o da Sahaja Yoga <\/a> foram estabelecidos em todo o mundo, onde esta t\u00e9cnica (introduzida por Shri Mataji) \u00e9 ensinada gratuitamente.<\/p>\n\t<hr \/>\n<p>\u00a01a. <a href=\"#citation-ref-1a\">^<\/a><a name=\"citation-note-1a\"><\/a> 1b. <a href=\"#citation-ref-1b\">^<\/a><a name=\"citation-note-1b\"><\/a> Dr Ramesh Manocha, &#8216;Does Meditation Have a Specific Effect?: A Systematic Experimental Evaluation of a Mental Silence Orientated Definition&#8217; (University of NSW, Australia 2008); e-book: <a href=\"https:\/\/www.sahajbooks.org\/collection\/silence-your-mind\" target=\"_blank\" rel=\"noopener\">&#8216;Silence Your Mind&#8217;<\/a> published by: Hachette Australia 2013; <a href=\"https:\/\/researchingmeditation.org\/\" target=\"_blank\" rel=\"noopener\">Researching Meditation &#8211; The scientific study of meditation<\/a><\/p>\n<p>2.<a href=\"#citation-ref-2\">^<\/a><a name=\"citation-note-2\"><\/a> \u00a0 Nigel T. Powell, &#8216;<a href=\"https:\/\/www.sahajbooks.org\/collection\/SAHAJA-YOGA-MEDITATION\" target=\"_blank\" rel=\"noopener\">Sahaja Yoga Meditation<\/a>&#8216; London: Corvalis Publishing 2005.<\/p>\n\n","protected":false},"excerpt":{"rendered":"<p>Medita\u00e7\u00e3o na Sahaja Yoga O Poder do Sil\u00eancio Interior Medita\u00e7\u00e3o \u00e9 uma palavra que foi definida e interpretada de in\u00fameras maneiras diferentes, desde refletir profundamente sobre um assunto at\u00e9 sentar-se em sil\u00eancio com os olhos fechados e a aten\u00e7\u00e3o focada. A medita\u00e7\u00e3o na Sahaja Yoga \u00e9 baseada na Realiza\u00e7\u00e3o do si, onde a \u00a0Kundalini ((a&hellip; <br \/> <a class=\"read-more\" href=\"https:\/\/shrimataji.org\/test\/pt\/meditacao-na-sahaja-yoga\/\">Read more<\/a><\/p>\n","protected":false},"author":18,"featured_media":9266,"parent":0,"menu_order":0,"comment_status":"closed","ping_status":"closed","template":"","meta":{"inline_featured_image":false,"footnotes":""},"class_list":["post-10414","page","type-page","status-publish","has-post-thumbnail","hentry"],"yoast_head":"<!-- This site is optimized with the Yoast SEO plugin v27.4 - https:\/\/yoast.com\/product\/yoast-seo-wordpress\/ -->\n<title>Medita\u00e7\u00e3o na Sahaja Yoga - TEST - SMND<\/title>\n<meta name=\"robots\" content=\"noindex, follow, max-snippet:-1, max-image-preview:large, max-video-preview:-1\" \/>\n<meta property=\"og:locale\" content=\"en_US\" \/>\n<meta property=\"og:type\" content=\"article\" \/>\n<meta property=\"og:title\" content=\"Medita\u00e7\u00e3o na Sahaja Yoga - TEST - SMND\" \/>\n<meta property=\"og:description\" content=\"Medita\u00e7\u00e3o na Sahaja Yoga O Poder do Sil\u00eancio Interior Medita\u00e7\u00e3o \u00e9 uma palavra que foi definida e interpretada de in\u00fameras maneiras diferentes, desde refletir profundamente sobre um assunto at\u00e9 sentar-se em sil\u00eancio com os olhos fechados e a aten\u00e7\u00e3o focada. A medita\u00e7\u00e3o na Sahaja Yoga \u00e9 baseada na Realiza\u00e7\u00e3o do si, onde a \u00a0Kundalini ((a&hellip; Read more\" \/>\n<meta property=\"og:url\" content=\"https:\/\/shrimataji.org\/test\/pt\/meditacao-na-sahaja-yoga\/\" \/>\n<meta property=\"og:site_name\" content=\"TEST - SMND\" \/>\n<meta property=\"article:publisher\" content=\"https:\/\/www.facebook.com\/shrimataji\" \/>\n<meta property=\"article:modified_time\" content=\"2026-01-18T21:36:06+00:00\" \/>\n<meta property=\"og:image\" content=\"https:\/\/shrimataji.org\/test\/wp-content\/uploads\/2023\/03\/4_Banner-SY-SYMedit-scaled.jpg\" \/>\n\t<meta property=\"og:image:width\" content=\"2560\" \/>\n\t<meta property=\"og:image:height\" content=\"905\" \/>\n\t<meta property=\"og:image:type\" content=\"image\/jpeg\" \/>\n<meta name=\"twitter:card\" content=\"summary_large_image\" \/>\n<meta name=\"twitter:site\" content=\"@shrimataji\" \/>\n<meta name=\"twitter:label1\" content=\"Est. reading time\" \/>\n\t<meta name=\"twitter:data1\" content=\"3 minutes\" \/>\n<script type=\"application\/ld+json\" class=\"yoast-schema-graph\">{\"@context\":\"https:\\\/\\\/schema.org\",\"@graph\":[{\"@type\":\"WebPage\",\"@id\":\"https:\\\/\\\/shrimataji.org\\\/test\\\/pt\\\/meditacao-na-sahaja-yoga\\\/\",\"url\":\"https:\\\/\\\/shrimataji.org\\\/test\\\/pt\\\/meditacao-na-sahaja-yoga\\\/\",\"name\":\"Medita\u00e7\u00e3o na Sahaja Yoga - TEST - SMND\",\"isPartOf\":{\"@id\":\"https:\\\/\\\/shrimataji.org\\\/test\\\/#website\"},\"primaryImageOfPage\":{\"@id\":\"https:\\\/\\\/shrimataji.org\\\/test\\\/pt\\\/meditacao-na-sahaja-yoga\\\/#primaryimage\"},\"image\":{\"@id\":\"https:\\\/\\\/shrimataji.org\\\/test\\\/pt\\\/meditacao-na-sahaja-yoga\\\/#primaryimage\"},\"thumbnailUrl\":\"https:\\\/\\\/shrimataji.org\\\/test\\\/wp-content\\\/uploads\\\/2023\\\/03\\\/4_Banner-SY-SYMedit-scaled.jpg\",\"datePublished\":\"2022-01-23T03:06:21+00:00\",\"dateModified\":\"2026-01-18T21:36:06+00:00\",\"breadcrumb\":{\"@id\":\"https:\\\/\\\/shrimataji.org\\\/test\\\/pt\\\/meditacao-na-sahaja-yoga\\\/#breadcrumb\"},\"inLanguage\":\"en-US\",\"potentialAction\":[{\"@type\":\"ReadAction\",\"target\":[\"https:\\\/\\\/shrimataji.org\\\/test\\\/pt\\\/meditacao-na-sahaja-yoga\\\/\"]}]},{\"@type\":\"ImageObject\",\"inLanguage\":\"en-US\",\"@id\":\"https:\\\/\\\/shrimataji.org\\\/test\\\/pt\\\/meditacao-na-sahaja-yoga\\\/#primaryimage\",\"url\":\"https:\\\/\\\/shrimataji.org\\\/test\\\/wp-content\\\/uploads\\\/2023\\\/03\\\/4_Banner-SY-SYMedit-scaled.jpg\",\"contentUrl\":\"https:\\\/\\\/shrimataji.org\\\/test\\\/wp-content\\\/uploads\\\/2023\\\/03\\\/4_Banner-SY-SYMedit-scaled.jpg\",\"width\":2560,\"height\":905},{\"@type\":\"BreadcrumbList\",\"@id\":\"https:\\\/\\\/shrimataji.org\\\/test\\\/pt\\\/meditacao-na-sahaja-yoga\\\/#breadcrumb\",\"itemListElement\":[{\"@type\":\"ListItem\",\"position\":1,\"name\":\"Home\",\"item\":\"https:\\\/\\\/shrimataji.org\\\/test\\\/uk\\\/home-en\\\/\"},{\"@type\":\"ListItem\",\"position\":2,\"name\":\"Medita\u00e7\u00e3o na Sahaja Yoga\"}]},{\"@type\":\"WebSite\",\"@id\":\"https:\\\/\\\/shrimataji.org\\\/test\\\/#website\",\"url\":\"https:\\\/\\\/shrimataji.org\\\/test\\\/\",\"name\":\"Shri Mataji Nirmala Devi\",\"description\":\"A Life Dedicated to Humanity\",\"publisher\":{\"@id\":\"https:\\\/\\\/shrimataji.org\\\/test\\\/#\\\/schema\\\/person\\\/a1b3419c6585f164aa96da1ff85715d1\"},\"potentialAction\":[{\"@type\":\"SearchAction\",\"target\":{\"@type\":\"EntryPoint\",\"urlTemplate\":\"https:\\\/\\\/shrimataji.org\\\/test\\\/?s={search_term_string}\"},\"query-input\":{\"@type\":\"PropertyValueSpecification\",\"valueRequired\":true,\"valueName\":\"search_term_string\"}}],\"inLanguage\":\"en-US\"},{\"@type\":[\"Person\",\"Organization\"],\"@id\":\"https:\\\/\\\/shrimataji.org\\\/test\\\/#\\\/schema\\\/person\\\/a1b3419c6585f164aa96da1ff85715d1\",\"name\":\"Nirmala Shrivastava\",\"image\":{\"@type\":\"ImageObject\",\"inLanguage\":\"en-US\",\"@id\":\"https:\\\/\\\/shrimataji.org\\\/test\\\/wp-content\\\/uploads\\\/2023\\\/02\\\/SMO_LOGO-03.svg\",\"url\":\"https:\\\/\\\/shrimataji.org\\\/test\\\/wp-content\\\/uploads\\\/2023\\\/02\\\/SMO_LOGO-03.svg\",\"contentUrl\":\"https:\\\/\\\/shrimataji.org\\\/test\\\/wp-content\\\/uploads\\\/2023\\\/02\\\/SMO_LOGO-03.svg\",\"width\":\"1024\",\"height\":\"1024\",\"caption\":\"Nirmala Shrivastava\"},\"logo\":{\"@id\":\"https:\\\/\\\/shrimataji.org\\\/test\\\/wp-content\\\/uploads\\\/2023\\\/02\\\/SMO_LOGO-03.svg\"},\"sameAs\":[\"https:\\\/\\\/shrimataji.org\\\/test\",\"https:\\\/\\\/www.facebook.com\\\/shrimataji\",\"https:\\\/\\\/x.com\\\/shrimataji\",\"https:\\\/\\\/www.youtube.com\\\/@Shri_Mataji_Nirmala_Devi\\\/featured\"]}]}<\/script>\n<!-- \/ Yoast SEO plugin. -->","yoast_head_json":{"title":"Medita\u00e7\u00e3o na Sahaja Yoga - TEST - SMND","robots":{"index":"noindex","follow":"follow","max-snippet":"max-snippet:-1","max-image-preview":"max-image-preview:large","max-video-preview":"max-video-preview:-1"},"og_locale":"en_US","og_type":"article","og_title":"Medita\u00e7\u00e3o na Sahaja Yoga - TEST - SMND","og_description":"Medita\u00e7\u00e3o na Sahaja Yoga O Poder do Sil\u00eancio Interior Medita\u00e7\u00e3o \u00e9 uma palavra que foi definida e interpretada de in\u00fameras maneiras diferentes, desde refletir profundamente sobre um assunto at\u00e9 sentar-se em sil\u00eancio com os olhos fechados e a aten\u00e7\u00e3o focada. A medita\u00e7\u00e3o na Sahaja Yoga \u00e9 baseada na Realiza\u00e7\u00e3o do si, onde a \u00a0Kundalini ((a&hellip; Read more","og_url":"https:\/\/shrimataji.org\/test\/pt\/meditacao-na-sahaja-yoga\/","og_site_name":"TEST - SMND","article_publisher":"https:\/\/www.facebook.com\/shrimataji","article_modified_time":"2026-01-18T21:36:06+00:00","og_image":[{"width":2560,"height":905,"url":"https:\/\/shrimataji.org\/test\/wp-content\/uploads\/2023\/03\/4_Banner-SY-SYMedit-scaled.jpg","type":"image\/jpeg"}],"twitter_card":"summary_large_image","twitter_site":"@shrimataji","twitter_misc":{"Est. reading time":"3 minutes"},"schema":{"@context":"https:\/\/schema.org","@graph":[{"@type":"WebPage","@id":"https:\/\/shrimataji.org\/test\/pt\/meditacao-na-sahaja-yoga\/","url":"https:\/\/shrimataji.org\/test\/pt\/meditacao-na-sahaja-yoga\/","name":"Medita\u00e7\u00e3o na Sahaja Yoga - TEST - SMND","isPartOf":{"@id":"https:\/\/shrimataji.org\/test\/#website"},"primaryImageOfPage":{"@id":"https:\/\/shrimataji.org\/test\/pt\/meditacao-na-sahaja-yoga\/#primaryimage"},"image":{"@id":"https:\/\/shrimataji.org\/test\/pt\/meditacao-na-sahaja-yoga\/#primaryimage"},"thumbnailUrl":"https:\/\/shrimataji.org\/test\/wp-content\/uploads\/2023\/03\/4_Banner-SY-SYMedit-scaled.jpg","datePublished":"2022-01-23T03:06:21+00:00","dateModified":"2026-01-18T21:36:06+00:00","breadcrumb":{"@id":"https:\/\/shrimataji.org\/test\/pt\/meditacao-na-sahaja-yoga\/#breadcrumb"},"inLanguage":"en-US","potentialAction":[{"@type":"ReadAction","target":["https:\/\/shrimataji.org\/test\/pt\/meditacao-na-sahaja-yoga\/"]}]},{"@type":"ImageObject","inLanguage":"en-US","@id":"https:\/\/shrimataji.org\/test\/pt\/meditacao-na-sahaja-yoga\/#primaryimage","url":"https:\/\/shrimataji.org\/test\/wp-content\/uploads\/2023\/03\/4_Banner-SY-SYMedit-scaled.jpg","contentUrl":"https:\/\/shrimataji.org\/test\/wp-content\/uploads\/2023\/03\/4_Banner-SY-SYMedit-scaled.jpg","width":2560,"height":905},{"@type":"BreadcrumbList","@id":"https:\/\/shrimataji.org\/test\/pt\/meditacao-na-sahaja-yoga\/#breadcrumb","itemListElement":[{"@type":"ListItem","position":1,"name":"Home","item":"https:\/\/shrimataji.org\/test\/uk\/home-en\/"},{"@type":"ListItem","position":2,"name":"Medita\u00e7\u00e3o na Sahaja Yoga"}]},{"@type":"WebSite","@id":"https:\/\/shrimataji.org\/test\/#website","url":"https:\/\/shrimataji.org\/test\/","name":"Shri Mataji Nirmala Devi","description":"A Life Dedicated to Humanity","publisher":{"@id":"https:\/\/shrimataji.org\/test\/#\/schema\/person\/a1b3419c6585f164aa96da1ff85715d1"},"potentialAction":[{"@type":"SearchAction","target":{"@type":"EntryPoint","urlTemplate":"https:\/\/shrimataji.org\/test\/?s={search_term_string}"},"query-input":{"@type":"PropertyValueSpecification","valueRequired":true,"valueName":"search_term_string"}}],"inLanguage":"en-US"},{"@type":["Person","Organization"],"@id":"https:\/\/shrimataji.org\/test\/#\/schema\/person\/a1b3419c6585f164aa96da1ff85715d1","name":"Nirmala Shrivastava","image":{"@type":"ImageObject","inLanguage":"en-US","@id":"https:\/\/shrimataji.org\/test\/wp-content\/uploads\/2023\/02\/SMO_LOGO-03.svg","url":"https:\/\/shrimataji.org\/test\/wp-content\/uploads\/2023\/02\/SMO_LOGO-03.svg","contentUrl":"https:\/\/shrimataji.org\/test\/wp-content\/uploads\/2023\/02\/SMO_LOGO-03.svg","width":"1024","height":"1024","caption":"Nirmala Shrivastava"},"logo":{"@id":"https:\/\/shrimataji.org\/test\/wp-content\/uploads\/2023\/02\/SMO_LOGO-03.svg"},"sameAs":["https:\/\/shrimataji.org\/test","https:\/\/www.facebook.com\/shrimataji","https:\/\/x.com\/shrimataji","https:\/\/www.youtube.com\/@Shri_Mataji_Nirmala_Devi\/featured"]}]}},"lang":"pt","translations":{"pt":10414,"ur":37492,"en":7044,"am":18067,"th":20046,"hu":19555,"sq":18468,"zh":17365,"hi":8368,"tr":10204,"de":10688,"fr":10786,"it":10884,"es":10981,"ja":11279,"ru":11467,"bn":11658,"te":11766,"sw":11889,"he":12037,"el":12329,"sk":12427,"fa":12525,"fi":12623,"bg":13411,"ro":14485,"cs":14678,"nl":16628,"ku":16788,"ar":16964,"be":18675,"kn":18949,"mr":20410,"uk":20704,"ml":20999,"ta":22786,"sv":23056,"gu":28896,"pa":29056,"fil":29504,"sd":31006,"da":37802,"pl":38012,"nn":38354},"pll_sync_post":[],"_links":{"self":[{"href":"https:\/\/shrimataji.org\/test\/wp-json\/wp\/v2\/pages\/10414","targetHints":{"allow":["GET"]}}],"collection":[{"href":"https:\/\/shrimataji.org\/test\/wp-json\/wp\/v2\/pages"}],"about":[{"href":"https:\/\/shrimataji.org\/test\/wp-json\/wp\/v2\/types\/page"}],"author":[{"embeddable":true,"href":"https:\/\/shrimataji.org\/test\/wp-json\/wp\/v2\/users\/18"}],"replies":[{"embeddable":true,"href":"https:\/\/shrimataji.org\/test\/wp-json\/wp\/v2\/comments?post=10414"}],"version-history":[{"count":0,"href":"https:\/\/shrimataji.org\/test\/wp-json\/wp\/v2\/pages\/10414\/revisions"}],"wp:featuredmedia":[{"embeddable":true,"href":"https:\/\/shrimataji.org\/test\/wp-json\/wp\/v2\/media\/9266"}],"wp:attachment":[{"href":"https:\/\/shrimataji.org\/test\/wp-json\/wp\/v2\/media?parent=10414"}],"curies":[{"name":"wp","href":"https:\/\/api.w.org\/{rel}","templated":true}]}}