{"id":10415,"date":"2022-03-05T08:01:33","date_gmt":"2022-03-05T08:01:33","guid":{"rendered":"https:\/\/test.shrimataji.org\/?page_id=6500"},"modified":"2026-01-19T11:44:23","modified_gmt":"2026-01-19T11:44:23","slug":"sahasrara-chakra-pt","status":"publish","type":"page","link":"https:\/\/shrimataji.org\/test\/pt\/sahasrara-chakra-pt\/","title":{"rendered":"Sahasrara Chakra PT"},"content":{"rendered":"\n\n\t<h1>Sahasrara Chakra<\/h1>\n<h2>Integra\u00e7\u00e3o<\/h2>\n<h4>O Sahasrara Chakra (que significa &#8220;mil&#8221;) est\u00e1 localizado no topo de nossa cabe\u00e7a e simboliza o \u00e1pice de nossa jornada evolutiva como Homo sapiens. A esp\u00e9cie humana, que emergiu bem no final dos 4,8 bilh\u00f5es de anos de vida na Terra, domina todo o planeta devido a uma vantagem: nosso c\u00e9rebro. Qual \u00e9 o prop\u00f3sito de nossa vida humana? \u00c9 apenas usar este c\u00e9rebro para algum ganho ilus\u00f3rio de poder ou dinheiro, ou mesmo para satisfazer nossa limitada curiosidade cient\u00edfica para desvendar os mist\u00e9rios da cria\u00e7\u00e3o, evolu\u00e7\u00e3o e da destrui\u00e7\u00e3o da mat\u00e9ria morta em um campo infinito de espa\u00e7o e tempo relativos? Ou existe um prop\u00f3sito mais elevado para nossa vida humana, que apenas alguns foram capazes de realizar?<\/h4>\n<p>Atrav\u00e9s de nossa realiza\u00e7\u00e3o do si, que \u00e9 desencadeada pela <a href=\"https:\/\/shrimataji.org\/test\/kundalini-pt\/\" target=\"_blank\" rel=\"noopener\"><u>Kundalini<\/u><\/a> atravessando\u00a0o Brahmarandra (descrito nas escrituras indianas como a abertura no topo da cabe\u00e7a) na \u00e1rea l\u00edmbica envolvida pelo Sahasrara Chakra, nossa consci\u00eancia humana adentra um novo reino de percep\u00e7\u00e3o e consci\u00eancia que est\u00e1 al\u00e9m de nossas atividades mentais e pensamentos. Este Chakra nos concede a percep\u00e7\u00e3o direta e absoluta da Realidade em nosso sistema nervoso central, e estabelecemos sem esfor\u00e7o um estado de consci\u00eancia sem d\u00favidas, conhecido como Nirvikalpa Samadhi.<\/p>\n<p>A qualidade primordial do Sahasrara Chakra \u00e9 a integra\u00e7\u00e3o e um senso de unidade com todos os elementos do universo. \u00c9 atrav\u00e9s do Sahasrara que experimentamos a conex\u00e3o com a energia espiritual onipresente, com a Verdade absoluta. O Sahasrara representa nosso destino final. Para compreender plenamente o significado e o prop\u00f3sito de nossas vidas, precisamos explorar os reinos superiores da consci\u00eancia que s\u00e3o parte integrante do poder que nos criou.<\/p>\n<p>O s\u00e9timo centro integra os poderes e qualidades de todo o sistema sutil, que consiste em milhares de <a href=\"https:\/\/shrimataji.org\/test\/pt\/nadis-tres-estados\/\" target=\"_blank\" rel=\"noopener\">Nadis <\/a>e <a href=\"https:\/\/shrimataji.org\/test\/pt\/chakras-qualidades\/\">Chakras<\/a>. O modus operandi de todos os Chakras \u00e9 acionado pelos respectivos assentos dos Chakras dentro do Sahasrara. Assim como o c\u00e9rebro, que \u00e9 a esta\u00e7\u00e3o de controle do nosso sistema nervoso central, onde cada informa\u00e7\u00e3o \u00e9 comunicada e processada por este supercomputador, o Sahasrara interage com todo o sistema sutil de maneira semelhante.<\/p>\n\t\t<iframe loading=\"lazy\" title=\"Sahasrara Chakra\" width=\"1920\" height=\"1080\" src=\"https:\/\/www.youtube.com\/embed\/9L26slNEfCY?feature=oembed\" frameborder=\"0\" allow=\"accelerometer; autoplay; clipboard-write; encrypted-media; gyroscope; picture-in-picture; web-share\" allowfullscreen><\/iframe>\t\n<figure itemscope itemtype=\"https:\/\/schema.org\/ImageObject\">\n\t\t\t\t<img decoding=\"async\" src=\"https:\/\/shrimataji.org\/test\/wp-content\/uploads\/2025\/12\/PT_Sahasrara_Handsketch_1.jpg\" alt=\"Desenho original de Shri Mataji\" height=\"589\" width=\"1001\" title=\"PT_Sahasrara_Handsketch_1\" onerror=\"this.style.display='none'\" loading=\"lazy\" \/>\n\t\t<figcaption>Desenho original de Shri Mataji<\/figcaption>\n\t<\/figure>\n\t<strong>Localiza\u00e7\u00e3o<\/strong>:<strong><br \/>\n<\/strong>Seu Sahasrara Chakra est\u00e1 localizado dentro do sistema l\u00edmbico do seu c\u00e9rebro. Voc\u00ea pode sentir as vibra\u00e7\u00f5es do Sahasrara Chakra no centro da sua palma da m\u00e3o.\n<strong>Qualidades<\/strong>:<strong><br \/>\n<\/strong>\u00c9 atrav\u00e9s do Sahasrara Chakra que voc\u00ea \u00e9 capaz de se conectar ao poder que o criou. Atrav\u00e9s dele, voc\u00ea pode descobrir o significado da sua vida. Ele representa seu destino final &#8211; a realiza\u00e7\u00e3o do c\u00e9u na terra.\n<p><strong>As Qualidades do Sahasrara Chakra incluem:<\/strong><\/p>\n\u2022 Uma sensa\u00e7\u00e3o de &#8220;unidade&#8221; com o universo (tamb\u00e9m conhecida como &#8220;integra\u00e7\u00e3o&#8221;)<br \/>\n\u2022 Consci\u00eancia sem pensamentos ou sil\u00eancio mental<br \/>\n\u2022 Consci\u00eancia sem d\u00favidas ou percep\u00e7\u00e3o da energia divina\n<figure itemscope itemtype=\"https:\/\/schema.org\/ImageObject\">\n\t\t\t\t<a href=\"https:\/\/shrimataji.org\/test\/wp-content\/uploads\/2023\/02\/7-Sahasrara-01-1.png\"  target=\"_blank\" rel=\"noopener\"  itemprop=\"url\">\n\t\t\t\t<img decoding=\"async\" src=\"https:\/\/shrimataji.org\/test\/wp-content\/uploads\/2023\/02\/7-Sahasrara-01-1.png\" alt=\"7-Sahasrara-01\" height=\"3426\" width=\"3214\" title=\"7-Sahasrara-01\" onerror=\"this.style.display='none'\" loading=\"lazy\" \/>\n\t\t\t\t<\/a>\n\t<\/figure>\n\t<p>Cada um dos seus seis principais Chakras, do Mooladhara Chakra at\u00e9 o Agnya Chakra, tem ra\u00edzes dentro do seu c\u00e9rebro. Quando voc\u00ea pratica Sahaja Yoga, a Kundalini se eleva. Ela passa por cada um dos seis Chakras e se estabelece na regi\u00e3o l\u00edmbica do seu c\u00e9rebro. Este processo tamb\u00e9m \u00e9 conhecido como Ilumina\u00e7\u00e3o Espiritual.<\/p>\n<p>O Sahasrara Chakra \u00e9 representado no espa\u00e7o oco dentro da \u00e1rea l\u00edmbica. Mil nervos circundam este espa\u00e7o. Quando a energia Kundalini entra em seu Sahasrara Chakra atrav\u00e9s da medita\u00e7\u00e3o, todos esses nervos disparam em un\u00edssono. A energia Kundalini ent\u00e3o se manifesta atrav\u00e9s do topo de sua cabe\u00e7a e se une \u00e0 Energia Divina do universo.<\/p>\n<strong>Experi\u00eancia e Benef\u00edcios:<\/strong><br \/>\n\u00c0 medida que a energia Kundalini atravessa o topo de sua cabe\u00e7a (tamb\u00e9m conhecida como \u00e1rea da fontanela), ela une sua consci\u00eancia individual (Atma) \u00e0 consci\u00eancia universal (Paramatma). Isso pode ser sentido como uma poderosa sensa\u00e7\u00e3o de pulsa\u00e7\u00e3o no topo de sua cabe\u00e7a. Uma sensa\u00e7\u00e3o de derretimento e vibra\u00e7\u00f5es mais frescas geralmente seguem essas pulsa\u00e7\u00f5es poderosas. Como resultado dessa experi\u00eancia, voc\u00ea ter\u00e1 obtido uma nova dimens\u00e3o de consci\u00eancia que permitir\u00e1 perceber melhor a verdade. Voc\u00ea ter\u00e1 tudo o que precisa para distinguir o bem do mal, o certo do errado e a verdade da falsidade.\n<p>Uma vez que voc\u00ea alcan\u00e7ou a conex\u00e3o da sua Kundalini com a Energia Divina do universo, voc\u00ea n\u00e3o ser\u00e1 mais consumido pelo passado ou pelo futuro. Voc\u00ea experimenta uma verdadeira alegria interior, diferente de qualquer outra que j\u00e1 tenha vivenciado antes. Neste momento, sua consci\u00eancia humana foi unida ao divino e seus eu f\u00edsico, intelectual, emocional e espiritual tornaram-se um.<\/p>\n<p>Agora voc\u00ea pode agir em perfeita harmonia. Voc\u00ea n\u00e3o sentir\u00e1 mais confus\u00e3o ou contradi\u00e7\u00e3o. Voc\u00ea experimentar\u00e1 uma calma interior completa e uma alegria perfeita. Voc\u00ea saber\u00e1 intuitivamente qual resposta ou a\u00e7\u00e3o \u00e9 moralmente correta. Antes de alcan\u00e7ar a conex\u00e3o de sua Kundalini, voc\u00ea pode ter tido que aceitar que Deus existe apenas pela f\u00e9. Mas depois, voc\u00ea entrar\u00e1 em um estado de consci\u00eancia sem d\u00favidas, onde voc\u00ea est\u00e1 ciente e sente certeza sobre a exist\u00eancia do divino. \u00c0 medida que voc\u00ea continua a meditar, essa consci\u00eancia sem d\u00favidas se tornar\u00e1 ainda mais forte.<\/p>\n<strong>Autoavalia\u00e7\u00e3o<\/strong>:<strong><br \/>\n<\/strong>Se o seu Sahasrara Chakra estiver bloqueado ou desequilibrado, voc\u00ea pode ter dificuldade em sentir as vibra\u00e7\u00f5es em geral. Voc\u00ea tamb\u00e9m pode experimentar d\u00favidas sobre a realidade espiritual ou a exist\u00eancia do divino. Felizmente, quanto mais voc\u00ea pratica a medita\u00e7\u00e3o na Sahaja Yoga, mais purificados todos os seus Chakras (centros de energia) se tornar\u00e3o. Isso eventualmente levar\u00e1 ao equil\u00edbrio dentro do Sahasrara. Tudo o que \u00e9 necess\u00e1rio \u00e9 uma mente aberta e uma vontade de continuar praticando sua medita\u00e7\u00e3o. Eventualmente, voc\u00ea alcan\u00e7ar\u00e1 e experimentar\u00e1 a conex\u00e3o de sua Kundalini com a Energia Divina com regularidade.\n<p><strong>Raz\u00f5es para Desequil\u00edbrios<\/strong>:<\/p>\n<ul>\n<li>Duvidar de si mesmo<\/li>\n<li>Forma extrema de ate\u00edsmo<\/li>\n<li>Ser extremista<\/li>\n<\/ul>\n<strong>Como Equilibrar<\/strong>:<strong><br \/>\n<\/strong>Voc\u00ea pode trabalhar para equilibrar o seu Sahasrara Chakra colocando a m\u00e3o direita firmemente sobre o topo da cabe\u00e7a. Gire a m\u00e3o lentamente no sentido hor\u00e1rio enquanto diz: &#8220;Deixe-me experimentar o estado de medita\u00e7\u00e3o.&#8221;\n<p>Se voc\u00ea n\u00e3o conseguir sentir as vibra\u00e7\u00f5es no in\u00edcio, n\u00e3o deixe que isso seja motivo de d\u00favida. Muitas pessoas que praticam Sahaja Yoga precisam de mais tempo antes de conseguirem sentir vibra\u00e7\u00f5es ou confirmar com clareza a pr\u00f3pria conex\u00e3o da energia Kundalini. Apenas tenha paci\u00eancia consigo mesma e continue praticando. Voc\u00ea tamb\u00e9m chegar\u00e1 l\u00e1. Este \u00e9 um passo importante para manter o Sahasrara Chakra aberto e livre de obstru\u00e7\u00f5es.<\/p>\n\n","protected":false},"excerpt":{"rendered":"<p>Sahasrara Chakra Integra\u00e7\u00e3o O Sahasrara Chakra (que significa &#8220;mil&#8221;) est\u00e1 localizado no topo de nossa cabe\u00e7a e simboliza o \u00e1pice de nossa jornada evolutiva como Homo sapiens. A esp\u00e9cie humana, que emergiu bem no final dos 4,8 bilh\u00f5es de anos de vida na Terra, domina todo o planeta devido a uma vantagem: nosso c\u00e9rebro. Qual&hellip; <br \/> <a class=\"read-more\" href=\"https:\/\/shrimataji.org\/test\/pt\/sahasrara-chakra-pt\/\">Read more<\/a><\/p>\n","protected":false},"author":18,"featured_media":9257,"parent":0,"menu_order":0,"comment_status":"closed","ping_status":"closed","template":"","meta":{"inline_featured_image":false,"footnotes":""},"class_list":["post-10415","page","type-page","status-publish","has-post-thumbnail","hentry"],"yoast_head":"<!-- This site is optimized with the Yoast SEO plugin v27.4 - https:\/\/yoast.com\/product\/yoast-seo-wordpress\/ -->\n<title>Sahasrara Chakra PT - TEST - SMND<\/title>\n<meta name=\"robots\" content=\"noindex, follow, max-snippet:-1, max-image-preview:large, max-video-preview:-1\" \/>\n<meta property=\"og:locale\" content=\"en_US\" \/>\n<meta property=\"og:type\" content=\"article\" \/>\n<meta property=\"og:title\" content=\"Sahasrara Chakra PT - TEST - SMND\" \/>\n<meta property=\"og:description\" content=\"Sahasrara Chakra Integra\u00e7\u00e3o O Sahasrara Chakra (que significa &#8220;mil&#8221;) est\u00e1 localizado no topo de nossa cabe\u00e7a e simboliza o \u00e1pice de nossa jornada evolutiva como Homo sapiens. A esp\u00e9cie humana, que emergiu bem no final dos 4,8 bilh\u00f5es de anos de vida na Terra, domina todo o planeta devido a uma vantagem: nosso c\u00e9rebro. Qual&hellip; Read more\" \/>\n<meta property=\"og:url\" content=\"https:\/\/shrimataji.org\/test\/pt\/sahasrara-chakra-pt\/\" \/>\n<meta property=\"og:site_name\" content=\"TEST - SMND\" \/>\n<meta property=\"article:publisher\" content=\"https:\/\/www.facebook.com\/shrimataji\" \/>\n<meta property=\"article:modified_time\" content=\"2026-01-19T11:44:23+00:00\" \/>\n<meta property=\"og:image\" content=\"https:\/\/shrimataji.org\/test\/wp-content\/uploads\/2023\/03\/22_Banner-SY-Chakra-sahas-scaled.jpg\" \/>\n\t<meta property=\"og:image:width\" content=\"2560\" \/>\n\t<meta property=\"og:image:height\" content=\"905\" \/>\n\t<meta property=\"og:image:type\" content=\"image\/jpeg\" \/>\n<meta name=\"twitter:card\" content=\"summary_large_image\" \/>\n<meta name=\"twitter:site\" content=\"@shrimataji\" \/>\n<script type=\"application\/ld+json\" class=\"yoast-schema-graph\">{\"@context\":\"https:\\\/\\\/schema.org\",\"@graph\":[{\"@type\":\"WebPage\",\"@id\":\"https:\\\/\\\/shrimataji.org\\\/test\\\/pt\\\/sahasrara-chakra-pt\\\/\",\"url\":\"https:\\\/\\\/shrimataji.org\\\/test\\\/pt\\\/sahasrara-chakra-pt\\\/\",\"name\":\"Sahasrara Chakra PT - TEST - SMND\",\"isPartOf\":{\"@id\":\"https:\\\/\\\/shrimataji.org\\\/test\\\/#website\"},\"primaryImageOfPage\":{\"@id\":\"https:\\\/\\\/shrimataji.org\\\/test\\\/pt\\\/sahasrara-chakra-pt\\\/#primaryimage\"},\"image\":{\"@id\":\"https:\\\/\\\/shrimataji.org\\\/test\\\/pt\\\/sahasrara-chakra-pt\\\/#primaryimage\"},\"thumbnailUrl\":\"https:\\\/\\\/shrimataji.org\\\/test\\\/wp-content\\\/uploads\\\/2023\\\/03\\\/22_Banner-SY-Chakra-sahas-scaled.jpg\",\"datePublished\":\"2022-03-05T08:01:33+00:00\",\"dateModified\":\"2026-01-19T11:44:23+00:00\",\"breadcrumb\":{\"@id\":\"https:\\\/\\\/shrimataji.org\\\/test\\\/pt\\\/sahasrara-chakra-pt\\\/#breadcrumb\"},\"inLanguage\":\"en-US\",\"potentialAction\":[{\"@type\":\"ReadAction\",\"target\":[\"https:\\\/\\\/shrimataji.org\\\/test\\\/pt\\\/sahasrara-chakra-pt\\\/\"]}]},{\"@type\":\"ImageObject\",\"inLanguage\":\"en-US\",\"@id\":\"https:\\\/\\\/shrimataji.org\\\/test\\\/pt\\\/sahasrara-chakra-pt\\\/#primaryimage\",\"url\":\"https:\\\/\\\/shrimataji.org\\\/test\\\/wp-content\\\/uploads\\\/2023\\\/03\\\/22_Banner-SY-Chakra-sahas-scaled.jpg\",\"contentUrl\":\"https:\\\/\\\/shrimataji.org\\\/test\\\/wp-content\\\/uploads\\\/2023\\\/03\\\/22_Banner-SY-Chakra-sahas-scaled.jpg\",\"width\":2560,\"height\":905},{\"@type\":\"BreadcrumbList\",\"@id\":\"https:\\\/\\\/shrimataji.org\\\/test\\\/pt\\\/sahasrara-chakra-pt\\\/#breadcrumb\",\"itemListElement\":[{\"@type\":\"ListItem\",\"position\":1,\"name\":\"Home\",\"item\":\"https:\\\/\\\/shrimataji.org\\\/test\\\/uk\\\/home-en\\\/\"},{\"@type\":\"ListItem\",\"position\":2,\"name\":\"Sahasrara Chakra PT\"}]},{\"@type\":\"WebSite\",\"@id\":\"https:\\\/\\\/shrimataji.org\\\/test\\\/#website\",\"url\":\"https:\\\/\\\/shrimataji.org\\\/test\\\/\",\"name\":\"Shri Mataji Nirmala Devi\",\"description\":\"A Life Dedicated to Humanity\",\"publisher\":{\"@id\":\"https:\\\/\\\/shrimataji.org\\\/test\\\/#\\\/schema\\\/person\\\/a1b3419c6585f164aa96da1ff85715d1\"},\"potentialAction\":[{\"@type\":\"SearchAction\",\"target\":{\"@type\":\"EntryPoint\",\"urlTemplate\":\"https:\\\/\\\/shrimataji.org\\\/test\\\/?s={search_term_string}\"},\"query-input\":{\"@type\":\"PropertyValueSpecification\",\"valueRequired\":true,\"valueName\":\"search_term_string\"}}],\"inLanguage\":\"en-US\"},{\"@type\":[\"Person\",\"Organization\"],\"@id\":\"https:\\\/\\\/shrimataji.org\\\/test\\\/#\\\/schema\\\/person\\\/a1b3419c6585f164aa96da1ff85715d1\",\"name\":\"Nirmala Shrivastava\",\"image\":{\"@type\":\"ImageObject\",\"inLanguage\":\"en-US\",\"@id\":\"https:\\\/\\\/shrimataji.org\\\/test\\\/wp-content\\\/uploads\\\/2023\\\/02\\\/SMO_LOGO-03.svg\",\"url\":\"https:\\\/\\\/shrimataji.org\\\/test\\\/wp-content\\\/uploads\\\/2023\\\/02\\\/SMO_LOGO-03.svg\",\"contentUrl\":\"https:\\\/\\\/shrimataji.org\\\/test\\\/wp-content\\\/uploads\\\/2023\\\/02\\\/SMO_LOGO-03.svg\",\"width\":\"1024\",\"height\":\"1024\",\"caption\":\"Nirmala Shrivastava\"},\"logo\":{\"@id\":\"https:\\\/\\\/shrimataji.org\\\/test\\\/wp-content\\\/uploads\\\/2023\\\/02\\\/SMO_LOGO-03.svg\"},\"sameAs\":[\"https:\\\/\\\/shrimataji.org\\\/test\",\"https:\\\/\\\/www.facebook.com\\\/shrimataji\",\"https:\\\/\\\/x.com\\\/shrimataji\",\"https:\\\/\\\/www.youtube.com\\\/@Shri_Mataji_Nirmala_Devi\\\/featured\"]}]}<\/script>\n<!-- \/ Yoast SEO plugin. -->","yoast_head_json":{"title":"Sahasrara Chakra PT - TEST - SMND","robots":{"index":"noindex","follow":"follow","max-snippet":"max-snippet:-1","max-image-preview":"max-image-preview:large","max-video-preview":"max-video-preview:-1"},"og_locale":"en_US","og_type":"article","og_title":"Sahasrara Chakra PT - TEST - SMND","og_description":"Sahasrara Chakra Integra\u00e7\u00e3o O Sahasrara Chakra (que significa &#8220;mil&#8221;) est\u00e1 localizado no topo de nossa cabe\u00e7a e simboliza o \u00e1pice de nossa jornada evolutiva como Homo sapiens. A esp\u00e9cie humana, que emergiu bem no final dos 4,8 bilh\u00f5es de anos de vida na Terra, domina todo o planeta devido a uma vantagem: nosso c\u00e9rebro. Qual&hellip; Read more","og_url":"https:\/\/shrimataji.org\/test\/pt\/sahasrara-chakra-pt\/","og_site_name":"TEST - SMND","article_publisher":"https:\/\/www.facebook.com\/shrimataji","article_modified_time":"2026-01-19T11:44:23+00:00","og_image":[{"width":2560,"height":905,"url":"https:\/\/shrimataji.org\/test\/wp-content\/uploads\/2023\/03\/22_Banner-SY-Chakra-sahas-scaled.jpg","type":"image\/jpeg"}],"twitter_card":"summary_large_image","twitter_site":"@shrimataji","schema":{"@context":"https:\/\/schema.org","@graph":[{"@type":"WebPage","@id":"https:\/\/shrimataji.org\/test\/pt\/sahasrara-chakra-pt\/","url":"https:\/\/shrimataji.org\/test\/pt\/sahasrara-chakra-pt\/","name":"Sahasrara Chakra PT - TEST - SMND","isPartOf":{"@id":"https:\/\/shrimataji.org\/test\/#website"},"primaryImageOfPage":{"@id":"https:\/\/shrimataji.org\/test\/pt\/sahasrara-chakra-pt\/#primaryimage"},"image":{"@id":"https:\/\/shrimataji.org\/test\/pt\/sahasrara-chakra-pt\/#primaryimage"},"thumbnailUrl":"https:\/\/shrimataji.org\/test\/wp-content\/uploads\/2023\/03\/22_Banner-SY-Chakra-sahas-scaled.jpg","datePublished":"2022-03-05T08:01:33+00:00","dateModified":"2026-01-19T11:44:23+00:00","breadcrumb":{"@id":"https:\/\/shrimataji.org\/test\/pt\/sahasrara-chakra-pt\/#breadcrumb"},"inLanguage":"en-US","potentialAction":[{"@type":"ReadAction","target":["https:\/\/shrimataji.org\/test\/pt\/sahasrara-chakra-pt\/"]}]},{"@type":"ImageObject","inLanguage":"en-US","@id":"https:\/\/shrimataji.org\/test\/pt\/sahasrara-chakra-pt\/#primaryimage","url":"https:\/\/shrimataji.org\/test\/wp-content\/uploads\/2023\/03\/22_Banner-SY-Chakra-sahas-scaled.jpg","contentUrl":"https:\/\/shrimataji.org\/test\/wp-content\/uploads\/2023\/03\/22_Banner-SY-Chakra-sahas-scaled.jpg","width":2560,"height":905},{"@type":"BreadcrumbList","@id":"https:\/\/shrimataji.org\/test\/pt\/sahasrara-chakra-pt\/#breadcrumb","itemListElement":[{"@type":"ListItem","position":1,"name":"Home","item":"https:\/\/shrimataji.org\/test\/uk\/home-en\/"},{"@type":"ListItem","position":2,"name":"Sahasrara Chakra PT"}]},{"@type":"WebSite","@id":"https:\/\/shrimataji.org\/test\/#website","url":"https:\/\/shrimataji.org\/test\/","name":"Shri Mataji Nirmala Devi","description":"A Life Dedicated to Humanity","publisher":{"@id":"https:\/\/shrimataji.org\/test\/#\/schema\/person\/a1b3419c6585f164aa96da1ff85715d1"},"potentialAction":[{"@type":"SearchAction","target":{"@type":"EntryPoint","urlTemplate":"https:\/\/shrimataji.org\/test\/?s={search_term_string}"},"query-input":{"@type":"PropertyValueSpecification","valueRequired":true,"valueName":"search_term_string"}}],"inLanguage":"en-US"},{"@type":["Person","Organization"],"@id":"https:\/\/shrimataji.org\/test\/#\/schema\/person\/a1b3419c6585f164aa96da1ff85715d1","name":"Nirmala Shrivastava","image":{"@type":"ImageObject","inLanguage":"en-US","@id":"https:\/\/shrimataji.org\/test\/wp-content\/uploads\/2023\/02\/SMO_LOGO-03.svg","url":"https:\/\/shrimataji.org\/test\/wp-content\/uploads\/2023\/02\/SMO_LOGO-03.svg","contentUrl":"https:\/\/shrimataji.org\/test\/wp-content\/uploads\/2023\/02\/SMO_LOGO-03.svg","width":"1024","height":"1024","caption":"Nirmala Shrivastava"},"logo":{"@id":"https:\/\/shrimataji.org\/test\/wp-content\/uploads\/2023\/02\/SMO_LOGO-03.svg"},"sameAs":["https:\/\/shrimataji.org\/test","https:\/\/www.facebook.com\/shrimataji","https:\/\/x.com\/shrimataji","https:\/\/www.youtube.com\/@Shri_Mataji_Nirmala_Devi\/featured"]}]}},"lang":"pt","translations":{"pt":10415,"ur":37494,"en":6500,"am":18069,"th":20049,"hu":19557,"sq":18470,"zh":17367,"hi":8335,"tr":10205,"de":10689,"fr":10787,"it":10885,"es":10982,"ja":11280,"ru":11468,"bn":11659,"te":11767,"sw":11890,"he":12038,"el":12330,"sk":12428,"fa":12526,"fi":12624,"bg":13364,"ro":14438,"cs":14631,"nl":16630,"ku":16790,"ar":16966,"be":18677,"kn":18951,"mr":20413,"uk":20707,"ml":21002,"ta":22788,"sv":23058,"gu":28898,"pa":29058,"fil":29506,"da":37804,"pl":38014,"nn":38356},"pll_sync_post":[],"_links":{"self":[{"href":"https:\/\/shrimataji.org\/test\/wp-json\/wp\/v2\/pages\/10415","targetHints":{"allow":["GET"]}}],"collection":[{"href":"https:\/\/shrimataji.org\/test\/wp-json\/wp\/v2\/pages"}],"about":[{"href":"https:\/\/shrimataji.org\/test\/wp-json\/wp\/v2\/types\/page"}],"author":[{"embeddable":true,"href":"https:\/\/shrimataji.org\/test\/wp-json\/wp\/v2\/users\/18"}],"replies":[{"embeddable":true,"href":"https:\/\/shrimataji.org\/test\/wp-json\/wp\/v2\/comments?post=10415"}],"version-history":[{"count":0,"href":"https:\/\/shrimataji.org\/test\/wp-json\/wp\/v2\/pages\/10415\/revisions"}],"wp:featuredmedia":[{"embeddable":true,"href":"https:\/\/shrimataji.org\/test\/wp-json\/wp\/v2\/media\/9257"}],"wp:attachment":[{"href":"https:\/\/shrimataji.org\/test\/wp-json\/wp\/v2\/media?parent=10415"}],"curies":[{"name":"wp","href":"https:\/\/api.w.org\/{rel}","templated":true}]}}