{"id":10418,"date":"2018-07-10T06:54:42","date_gmt":"2018-07-10T06:54:42","guid":{"rendered":"http:\/\/testwordpress.nirmalnagari.org\/smnd\/index.php\/self-empowerment\/"},"modified":"2026-01-16T01:39:43","modified_gmt":"2026-01-16T01:39:43","slug":"desbloqueando-seu-potencial","status":"publish","type":"page","link":"https:\/\/shrimataji.org\/test\/pt\/desbloqueando-seu-potencial\/","title":{"rendered":"Desbloqueando o Seu Potencial"},"content":{"rendered":"\n\n\t<h1>Desbloqueando o Seu Potencial<\/h1>\n<h2>Atrav\u00e9s do Autoconhecimento<\/h2>\n\t<h4>Se o empoderamento de um indiv\u00edduo pode ser definido como o processo de obter controle crescente sobre a pr\u00f3pria vida, maior for\u00e7a ou mais confian\u00e7a em suas capacidades, o m\u00e9todo desenvolvido por Shri Mataji \u00e9 o meio supremo para o autoempoderamento, permitindo que as pessoas desbloqueiem um potencial formid\u00e1vel dentro de si, que, uma vez despertado, produz uma transforma\u00e7\u00e3o genu\u00edna.<\/h4>\n\t<div class=\"su-quote su-quote-style-default\"><div class=\"su-quote-inner su-u-clearfix su-u-trim\">Est\u00e1 tudo constru\u00eddo dentro de voc\u00ea. Permita que isso se realize, assim como as flores precisam tornar-se frutos.<br \/>\n<\/div><\/div>\n\t<p>Entre benef\u00edcios como a melhora geral do bem-estar e uma maior resist\u00eancia ao estresse e aos seus efeitos negativos, a pr\u00e1tica constante da Medita\u00e7\u00e3o da Sahaja Yoga permite que os praticantes compreendam melhor a condi\u00e7\u00e3o de seu pr\u00f3prio corpo sutil &#8211; composto por uma rede de canais vitais e centros de energia &#8211; e gradualmente dominem t\u00e9cnicas simples para restaurar o equil\u00edbrio e a harmonia interior.<\/p>\n\t<p>Shri Mataji enfatizou que a realiza\u00e7\u00e3o do si come\u00e7a com o autoconhecimento. Em quest\u00e3o de semanas, os praticantes da medita\u00e7\u00e3o da Sahaja Yoga desenvolvem uma nova e mais sutil consci\u00eancia da realidade, chamada consci\u00eancia vibrat\u00f3ria, que d\u00e1 a capacidade de avaliar a qualidade da energia \u00e0 sua volta, bem como diagnosticar sua pr\u00f3pria condi\u00e7\u00e3o interior. Com o uso de elementos (ar, \u00e1gua, fogo, terra), uma variedade de t\u00e9cnicas e tratamentos pode ser aplicada para corrigir o excesso ou a defici\u00eancia nos n\u00edveis de energia, tudo baseado em sensa\u00e7\u00f5es tang\u00edveis percebidas nas m\u00e3os e em certas \u00e1reas do corpo.<\/p>\n\t<p>Mais importante ainda, a conquista de uma experi\u00eancia de verdadeira medita\u00e7\u00e3o, definida como um estado de consci\u00eancia sem pensamentos e paz interior, ajuda a neutralizar desequil\u00edbrios, muitas vezes criados como resultado do excesso de pensamento ou preocupa\u00e7\u00e3o. Isso, por sua vez, aumenta o autocontrole, a capacidade de concentra\u00e7\u00e3o e a autoestima.<\/p>\n<p>Com uma pr\u00e1tica mais abrangente, a consci\u00eancia das vibra\u00e7\u00f5es sutis pode se tornar uma ferramenta de tomada de decis\u00e3o, aumentando a capacidade dos praticantes de avaliar com mais precis\u00e3o todos os aspectos de uma situa\u00e7\u00e3o. A medita\u00e7\u00e3o e as dicas e t\u00e9cnicas que a acompanham podem ajudar a trazer uma gradual autotransforma\u00e7\u00e3o, bem como a capacidade de influenciar positivamente o ambiente \u00e0 sua volta.<\/p>\n\t\t\t\t<img decoding=\"async\" src=\"https:\/\/shrimataji.org\/test\/wp-content\/uploads\/2020\/08\/self-empowerment-through-meditation.jpg\" alt=\"self-empowerment-through-meditation\" itemprop=\"image\" height=\"321\" width=\"489\" title=\"self-empowerment-through-meditation\" onerror=\"this.style.display='none'\" loading=\"lazy\" \/>\n\t<div class=\"su-quote su-quote-style-default\"><div class=\"su-quote-inner su-u-clearfix su-u-trim\">Voc\u00ea tem que ir al\u00e9m desta mente, e para isso, a coisa mais \u00fatil \u00e9 o despertar da Kundalini, porque Ela passa pela sua \u00e1rea l\u00edmbica, atravessa a \u00e1rea do osso da fontanela e simplesmente o leva para fora, para o reino da realidade, e a yoga ocorre entre seu c\u00e9rebro, devo dizer, seu cora\u00e7\u00e3o, e este poder onipresente.<\/div><\/div>\n\t<p>O verdadeiro empoderamento interior \u00e9 alcan\u00e7ado atrav\u00e9s da pr\u00e1tica da medita\u00e7\u00e3o da Sahaja Yoga, que nos conecta automaticamente \u00e0 fonte mais elevada do poder universal onipresente, o Esp\u00edrito eterno que reside em nosso cora\u00e7\u00e3o.<\/p>\n\t<div class=\"su-quote su-quote-style-default\"><div class=\"su-quote-inner su-u-clearfix su-u-trim\">Iluminado significa uma personalidade, uma personalidade iluminada, que vai al\u00e9m da mente, pois est\u00e1 em contato com este poder onipresente do amor divino. Como resultado, tudo nessa pessoa \u00e9 guiado, \u00e9 ajudado&#8230; Esse poder \u00e9 t\u00e3o grande que cuida de voc\u00ea, organiza tudo, pensa, compreende, \u00e9 sabedoria&#8230;&#8221;<\/div><\/div>\n\n","protected":false},"excerpt":{"rendered":"<p>Desbloqueando o Seu Potencial Atrav\u00e9s do Autoconhecimento Se o empoderamento de um indiv\u00edduo pode ser definido como o processo de obter controle crescente sobre a pr\u00f3pria vida, maior for\u00e7a ou mais confian\u00e7a em suas capacidades, o m\u00e9todo desenvolvido por Shri Mataji \u00e9 o meio supremo para o autoempoderamento, permitindo que as pessoas desbloqueiem um potencial&hellip; <br \/> <a class=\"read-more\" href=\"https:\/\/shrimataji.org\/test\/pt\/desbloqueando-seu-potencial\/\">Read more<\/a><\/p>\n","protected":false},"author":18,"featured_media":9259,"parent":0,"menu_order":0,"comment_status":"closed","ping_status":"closed","template":"","meta":{"inline_featured_image":false,"footnotes":""},"class_list":["post-10418","page","type-page","status-publish","has-post-thumbnail","hentry"],"yoast_head":"<!-- This site is optimized with the Yoast SEO plugin v27.4 - https:\/\/yoast.com\/product\/yoast-seo-wordpress\/ -->\n<title>Desbloqueando o Seu Potencial - TEST - SMND<\/title>\n<meta name=\"robots\" content=\"noindex, follow, max-snippet:-1, max-image-preview:large, max-video-preview:-1\" \/>\n<meta property=\"og:locale\" content=\"en_US\" \/>\n<meta property=\"og:type\" content=\"article\" \/>\n<meta property=\"og:title\" content=\"Desbloqueando o Seu Potencial - TEST - SMND\" \/>\n<meta property=\"og:description\" content=\"Desbloqueando o Seu Potencial Atrav\u00e9s do Autoconhecimento Se o empoderamento de um indiv\u00edduo pode ser definido como o processo de obter controle crescente sobre a pr\u00f3pria vida, maior for\u00e7a ou mais confian\u00e7a em suas capacidades, o m\u00e9todo desenvolvido por Shri Mataji \u00e9 o meio supremo para o autoempoderamento, permitindo que as pessoas desbloqueiem um potencial&hellip; Read more\" \/>\n<meta property=\"og:url\" content=\"https:\/\/shrimataji.org\/test\/pt\/desbloqueando-seu-potencial\/\" \/>\n<meta property=\"og:site_name\" content=\"TEST - SMND\" \/>\n<meta property=\"article:publisher\" content=\"https:\/\/www.facebook.com\/shrimataji\" \/>\n<meta property=\"article:modified_time\" content=\"2026-01-16T01:39:43+00:00\" \/>\n<meta property=\"og:image\" content=\"https:\/\/shrimataji.org\/test\/wp-content\/uploads\/2023\/03\/24_Banner-SY-Empower-scaled.jpg\" \/>\n\t<meta property=\"og:image:width\" content=\"2560\" \/>\n\t<meta property=\"og:image:height\" content=\"905\" \/>\n\t<meta property=\"og:image:type\" content=\"image\/jpeg\" \/>\n<meta name=\"twitter:card\" content=\"summary_large_image\" \/>\n<meta name=\"twitter:site\" content=\"@shrimataji\" \/>\n<script type=\"application\/ld+json\" class=\"yoast-schema-graph\">{\"@context\":\"https:\\\/\\\/schema.org\",\"@graph\":[{\"@type\":\"WebPage\",\"@id\":\"https:\\\/\\\/shrimataji.org\\\/test\\\/pt\\\/desbloqueando-seu-potencial\\\/\",\"url\":\"https:\\\/\\\/shrimataji.org\\\/test\\\/pt\\\/desbloqueando-seu-potencial\\\/\",\"name\":\"Desbloqueando o Seu Potencial - TEST - SMND\",\"isPartOf\":{\"@id\":\"https:\\\/\\\/shrimataji.org\\\/test\\\/#website\"},\"primaryImageOfPage\":{\"@id\":\"https:\\\/\\\/shrimataji.org\\\/test\\\/pt\\\/desbloqueando-seu-potencial\\\/#primaryimage\"},\"image\":{\"@id\":\"https:\\\/\\\/shrimataji.org\\\/test\\\/pt\\\/desbloqueando-seu-potencial\\\/#primaryimage\"},\"thumbnailUrl\":\"https:\\\/\\\/shrimataji.org\\\/test\\\/wp-content\\\/uploads\\\/2023\\\/03\\\/24_Banner-SY-Empower-scaled.jpg\",\"datePublished\":\"2018-07-10T06:54:42+00:00\",\"dateModified\":\"2026-01-16T01:39:43+00:00\",\"breadcrumb\":{\"@id\":\"https:\\\/\\\/shrimataji.org\\\/test\\\/pt\\\/desbloqueando-seu-potencial\\\/#breadcrumb\"},\"inLanguage\":\"en-US\",\"potentialAction\":[{\"@type\":\"ReadAction\",\"target\":[\"https:\\\/\\\/shrimataji.org\\\/test\\\/pt\\\/desbloqueando-seu-potencial\\\/\"]}]},{\"@type\":\"ImageObject\",\"inLanguage\":\"en-US\",\"@id\":\"https:\\\/\\\/shrimataji.org\\\/test\\\/pt\\\/desbloqueando-seu-potencial\\\/#primaryimage\",\"url\":\"https:\\\/\\\/shrimataji.org\\\/test\\\/wp-content\\\/uploads\\\/2023\\\/03\\\/24_Banner-SY-Empower-scaled.jpg\",\"contentUrl\":\"https:\\\/\\\/shrimataji.org\\\/test\\\/wp-content\\\/uploads\\\/2023\\\/03\\\/24_Banner-SY-Empower-scaled.jpg\",\"width\":2560,\"height\":905},{\"@type\":\"BreadcrumbList\",\"@id\":\"https:\\\/\\\/shrimataji.org\\\/test\\\/pt\\\/desbloqueando-seu-potencial\\\/#breadcrumb\",\"itemListElement\":[{\"@type\":\"ListItem\",\"position\":1,\"name\":\"Home\",\"item\":\"https:\\\/\\\/shrimataji.org\\\/test\\\/uk\\\/home-en\\\/\"},{\"@type\":\"ListItem\",\"position\":2,\"name\":\"Desbloqueando o Seu Potencial\"}]},{\"@type\":\"WebSite\",\"@id\":\"https:\\\/\\\/shrimataji.org\\\/test\\\/#website\",\"url\":\"https:\\\/\\\/shrimataji.org\\\/test\\\/\",\"name\":\"Shri Mataji Nirmala Devi\",\"description\":\"A Life Dedicated to Humanity\",\"publisher\":{\"@id\":\"https:\\\/\\\/shrimataji.org\\\/test\\\/#\\\/schema\\\/person\\\/a1b3419c6585f164aa96da1ff85715d1\"},\"potentialAction\":[{\"@type\":\"SearchAction\",\"target\":{\"@type\":\"EntryPoint\",\"urlTemplate\":\"https:\\\/\\\/shrimataji.org\\\/test\\\/?s={search_term_string}\"},\"query-input\":{\"@type\":\"PropertyValueSpecification\",\"valueRequired\":true,\"valueName\":\"search_term_string\"}}],\"inLanguage\":\"en-US\"},{\"@type\":[\"Person\",\"Organization\"],\"@id\":\"https:\\\/\\\/shrimataji.org\\\/test\\\/#\\\/schema\\\/person\\\/a1b3419c6585f164aa96da1ff85715d1\",\"name\":\"Nirmala Shrivastava\",\"image\":{\"@type\":\"ImageObject\",\"inLanguage\":\"en-US\",\"@id\":\"https:\\\/\\\/shrimataji.org\\\/test\\\/wp-content\\\/uploads\\\/2023\\\/02\\\/SMO_LOGO-03.svg\",\"url\":\"https:\\\/\\\/shrimataji.org\\\/test\\\/wp-content\\\/uploads\\\/2023\\\/02\\\/SMO_LOGO-03.svg\",\"contentUrl\":\"https:\\\/\\\/shrimataji.org\\\/test\\\/wp-content\\\/uploads\\\/2023\\\/02\\\/SMO_LOGO-03.svg\",\"width\":\"1024\",\"height\":\"1024\",\"caption\":\"Nirmala Shrivastava\"},\"logo\":{\"@id\":\"https:\\\/\\\/shrimataji.org\\\/test\\\/wp-content\\\/uploads\\\/2023\\\/02\\\/SMO_LOGO-03.svg\"},\"sameAs\":[\"https:\\\/\\\/shrimataji.org\\\/test\",\"https:\\\/\\\/www.facebook.com\\\/shrimataji\",\"https:\\\/\\\/x.com\\\/shrimataji\",\"https:\\\/\\\/www.youtube.com\\\/@Shri_Mataji_Nirmala_Devi\\\/featured\"]}]}<\/script>\n<!-- \/ Yoast SEO plugin. -->","yoast_head_json":{"title":"Desbloqueando o Seu Potencial - TEST - SMND","robots":{"index":"noindex","follow":"follow","max-snippet":"max-snippet:-1","max-image-preview":"max-image-preview:large","max-video-preview":"max-video-preview:-1"},"og_locale":"en_US","og_type":"article","og_title":"Desbloqueando o Seu Potencial - TEST - SMND","og_description":"Desbloqueando o Seu Potencial Atrav\u00e9s do Autoconhecimento Se o empoderamento de um indiv\u00edduo pode ser definido como o processo de obter controle crescente sobre a pr\u00f3pria vida, maior for\u00e7a ou mais confian\u00e7a em suas capacidades, o m\u00e9todo desenvolvido por Shri Mataji \u00e9 o meio supremo para o autoempoderamento, permitindo que as pessoas desbloqueiem um potencial&hellip; Read more","og_url":"https:\/\/shrimataji.org\/test\/pt\/desbloqueando-seu-potencial\/","og_site_name":"TEST - SMND","article_publisher":"https:\/\/www.facebook.com\/shrimataji","article_modified_time":"2026-01-16T01:39:43+00:00","og_image":[{"width":2560,"height":905,"url":"https:\/\/shrimataji.org\/test\/wp-content\/uploads\/2023\/03\/24_Banner-SY-Empower-scaled.jpg","type":"image\/jpeg"}],"twitter_card":"summary_large_image","twitter_site":"@shrimataji","schema":{"@context":"https:\/\/schema.org","@graph":[{"@type":"WebPage","@id":"https:\/\/shrimataji.org\/test\/pt\/desbloqueando-seu-potencial\/","url":"https:\/\/shrimataji.org\/test\/pt\/desbloqueando-seu-potencial\/","name":"Desbloqueando o Seu Potencial - TEST - SMND","isPartOf":{"@id":"https:\/\/shrimataji.org\/test\/#website"},"primaryImageOfPage":{"@id":"https:\/\/shrimataji.org\/test\/pt\/desbloqueando-seu-potencial\/#primaryimage"},"image":{"@id":"https:\/\/shrimataji.org\/test\/pt\/desbloqueando-seu-potencial\/#primaryimage"},"thumbnailUrl":"https:\/\/shrimataji.org\/test\/wp-content\/uploads\/2023\/03\/24_Banner-SY-Empower-scaled.jpg","datePublished":"2018-07-10T06:54:42+00:00","dateModified":"2026-01-16T01:39:43+00:00","breadcrumb":{"@id":"https:\/\/shrimataji.org\/test\/pt\/desbloqueando-seu-potencial\/#breadcrumb"},"inLanguage":"en-US","potentialAction":[{"@type":"ReadAction","target":["https:\/\/shrimataji.org\/test\/pt\/desbloqueando-seu-potencial\/"]}]},{"@type":"ImageObject","inLanguage":"en-US","@id":"https:\/\/shrimataji.org\/test\/pt\/desbloqueando-seu-potencial\/#primaryimage","url":"https:\/\/shrimataji.org\/test\/wp-content\/uploads\/2023\/03\/24_Banner-SY-Empower-scaled.jpg","contentUrl":"https:\/\/shrimataji.org\/test\/wp-content\/uploads\/2023\/03\/24_Banner-SY-Empower-scaled.jpg","width":2560,"height":905},{"@type":"BreadcrumbList","@id":"https:\/\/shrimataji.org\/test\/pt\/desbloqueando-seu-potencial\/#breadcrumb","itemListElement":[{"@type":"ListItem","position":1,"name":"Home","item":"https:\/\/shrimataji.org\/test\/uk\/home-en\/"},{"@type":"ListItem","position":2,"name":"Desbloqueando o Seu Potencial"}]},{"@type":"WebSite","@id":"https:\/\/shrimataji.org\/test\/#website","url":"https:\/\/shrimataji.org\/test\/","name":"Shri Mataji Nirmala Devi","description":"A Life Dedicated to Humanity","publisher":{"@id":"https:\/\/shrimataji.org\/test\/#\/schema\/person\/a1b3419c6585f164aa96da1ff85715d1"},"potentialAction":[{"@type":"SearchAction","target":{"@type":"EntryPoint","urlTemplate":"https:\/\/shrimataji.org\/test\/?s={search_term_string}"},"query-input":{"@type":"PropertyValueSpecification","valueRequired":true,"valueName":"search_term_string"}}],"inLanguage":"en-US"},{"@type":["Person","Organization"],"@id":"https:\/\/shrimataji.org\/test\/#\/schema\/person\/a1b3419c6585f164aa96da1ff85715d1","name":"Nirmala Shrivastava","image":{"@type":"ImageObject","inLanguage":"en-US","@id":"https:\/\/shrimataji.org\/test\/wp-content\/uploads\/2023\/02\/SMO_LOGO-03.svg","url":"https:\/\/shrimataji.org\/test\/wp-content\/uploads\/2023\/02\/SMO_LOGO-03.svg","contentUrl":"https:\/\/shrimataji.org\/test\/wp-content\/uploads\/2023\/02\/SMO_LOGO-03.svg","width":"1024","height":"1024","caption":"Nirmala Shrivastava"},"logo":{"@id":"https:\/\/shrimataji.org\/test\/wp-content\/uploads\/2023\/02\/SMO_LOGO-03.svg"},"sameAs":["https:\/\/shrimataji.org\/test","https:\/\/www.facebook.com\/shrimataji","https:\/\/x.com\/shrimataji","https:\/\/www.youtube.com\/@Shri_Mataji_Nirmala_Devi\/featured"]}]}},"lang":"pt","translations":{"pt":10418,"ur":37498,"en":401,"am":18073,"th":20055,"hu":19562,"sq":18474,"zh":17371,"hi":8356,"tr":10208,"de":10692,"fr":10790,"it":10888,"es":10985,"ja":11283,"ru":11471,"bn":11662,"te":11770,"sw":11893,"he":12041,"el":12333,"sk":12431,"fa":12529,"fi":12627,"bg":13476,"ro":14548,"cs":14741,"nl":16634,"ku":16794,"ar":16970,"be":18681,"kn":18955,"mr":20419,"uk":20713,"ml":21008,"ta":22792,"sv":23062,"gu":28902,"pa":29062,"fil":29510,"da":37808,"pl":38018,"nn":38360},"pll_sync_post":[],"_links":{"self":[{"href":"https:\/\/shrimataji.org\/test\/wp-json\/wp\/v2\/pages\/10418","targetHints":{"allow":["GET"]}}],"collection":[{"href":"https:\/\/shrimataji.org\/test\/wp-json\/wp\/v2\/pages"}],"about":[{"href":"https:\/\/shrimataji.org\/test\/wp-json\/wp\/v2\/types\/page"}],"author":[{"embeddable":true,"href":"https:\/\/shrimataji.org\/test\/wp-json\/wp\/v2\/users\/18"}],"replies":[{"embeddable":true,"href":"https:\/\/shrimataji.org\/test\/wp-json\/wp\/v2\/comments?post=10418"}],"version-history":[{"count":0,"href":"https:\/\/shrimataji.org\/test\/wp-json\/wp\/v2\/pages\/10418\/revisions"}],"wp:featuredmedia":[{"embeddable":true,"href":"https:\/\/shrimataji.org\/test\/wp-json\/wp\/v2\/media\/9259"}],"wp:attachment":[{"href":"https:\/\/shrimataji.org\/test\/wp-json\/wp\/v2\/media?parent=10418"}],"curies":[{"name":"wp","href":"https:\/\/api.w.org\/{rel}","templated":true}]}}