{"id":10420,"date":"2018-07-10T06:54:42","date_gmt":"2018-07-10T06:54:42","guid":{"rendered":"http:\/\/testwordpress.nirmalnagari.org\/smnd\/index.php\/life\/"},"modified":"2026-01-19T11:44:35","modified_gmt":"2026-01-19T11:44:35","slug":"shrimataji-pt","status":"publish","type":"page","link":"https:\/\/shrimataji.org\/test\/pt\/shrimataji-pt\/","title":{"rendered":"Shri Mataji PT"},"content":{"rendered":"\n\n\t<h1>Shri Mataji<\/h1>\n<h2>A Biografia de um Compromisso para a Vida Toda<\/h2>\n<h4>Viajando incansavelmente milhares de quil\u00f4metros ao redor do globo, de aldeias remotas a cidades e metr\u00f3poles, compartilhando altruisticamente sua descoberta \u00fanica da verdadeira ilumina\u00e7\u00e3o espiritual atrav\u00e9s da experi\u00eancia da <a href=\"https:\/\/shrimataji.org\/test\/pt\/realizacao-do-si\/\" target=\"_blank\" rel=\"noopener\">realiza\u00e7\u00e3o do si<\/a> com milh\u00f5es de pessoas, revolucionando mudan\u00e7as sociais baseadas na transforma\u00e7\u00e3o interior &#8211; todos esses e muitos outros momentos preciosos fornecem um vislumbre do compromisso vital\u00edcio de Shri Mataji dedicado ao bem-estar da humanidade.<\/h4>\n\t<p>Nirmala Shrivastava, conhecida pelo t\u00edtulo honor\u00edfico Shri Mataji Nirmala Devi, nasceu no dia 21 de mar\u00e7o de 1923 em Chhindwara, \u00cdndia. Ela nasceu em uma fam\u00edlia crist\u00e3, e seus pais, Prasad e Cornelia Salve, escolheram o nome Nirmala, que significa &#8220;imaculada&#8221;. Seu pai, um advogado e estudante fluente em 14 idiomas, traduziu o Alcor\u00e3o para o hindi. Sua m\u00e3e foi a primeira mulher na \u00cdndia a receber um diploma com honras em matem\u00e1tica.<\/p>\n<p>Desde muito jovem, Shri Mataji estava engajada no mundo ao seu redor. Enquanto seus pais estavam ativamente envolvidos na luta pela independ\u00eancia da \u00cdndia, Shri Mataji, ainda crian\u00e7a, assumiu a responsabilidade pela casa. Mahatma Gandhi, cujo ashram ela frequentava desde tenra idade, reconheceu nela uma prod\u00edgio espiritual. Ele frequentemente a consultava sobre as ora\u00e7\u00f5es di\u00e1rias realizadas ali. Suas amigas da escola tamb\u00e9m recorriam a ela em busca de conselhos e apoio.<\/p>\n<p>Shri Mataji estudou medicina no Christian Medical College em Ludhiana e no Balakram Medical College em Lahore. Quando jovem, ela tamb\u00e9m participou da luta pela independ\u00eancia e liderou seus colegas na faculdade no Movimento Quit India. Ela foi presa em 1942 por sua participa\u00e7\u00e3o no movimento.<\/p>\n<figure itemscope itemtype=\"https:\/\/schema.org\/ImageObject\">\n\t\t\t\t<img decoding=\"async\" src=\"https:\/\/shrimataji.org\/test\/wp-content\/uploads\/2018\/07\/media_originals\/images\/shri-mataji-portraits\/shri-mataji-in-delhi-india-feb-1983-683x1024.jpg\" alt=\"Shri Mataji in Delhi, ca. 09.02.1983\" height=\"1024\" width=\"683\" title=\"shri-mataji-in-delhi-india-feb-1983\" onerror=\"this.style.display='none'\" loading=\"lazy\" \/>\n\t\t\n\t<\/figure>\n\t<p>Em 1947, ela se casou com <a href=\"https:\/\/shrimataji.org\/test\/pt\/sir-c-p-srivastava-pt\/\" target=\"_blank\" rel=\"noopener\">Chandrika Prasad Shrivastava<\/a>, um alto funcion\u00e1rio p\u00fablico indiano cuja carreira incluiu desde servir como secret\u00e1rio pessoal do famoso primeiro-ministro indiano Lal Bahadur Shastri at\u00e9 quatro mandatos consecutivos como Secret\u00e1rio-Geral da Organiza\u00e7\u00e3o Mar\u00edtima Internacional das Na\u00e7\u00f5es Unidas. Eles tiveram duas filhas. Durante esse per\u00edodo, enquanto criava suas filhas e apoiava a carreira de seu ilustre marido, Shri Mataji continuou a ter um interesse benevolente no mundo ao seu redor. Ela entrou em contato com uma ampla variedade de pessoas de diferentes pa\u00edses, culturas, n\u00edveis de renda e origens, e relacionou-se com todas com genu\u00edno respeito. Quer discutindo assuntos de Estado com importantes l\u00edderes, ou quest\u00f5es familiares com um taxista, ela estava sempre aberta a ouvir e compreender. Ela se op\u00f4s ao preconceito, ofereceu prote\u00e7\u00e3o aos necessitados, envolveu-se em trabalhos de caridade, incentivou a cultura atrav\u00e9s da m\u00fasica e do cinema, cultivou a terra e administrou uma casa ocupada. Ela foi uma esposa, m\u00e3e e irm\u00e3 amorosa e, eventualmente, tornou-se av\u00f3.<\/p>\n<p>Todo esse tempo, ela aprofundou sua percep\u00e7\u00e3o da natureza humana, focando sua aten\u00e7\u00e3o na melhor maneira de ajudar os seres humanos a alcan\u00e7arem seu mais alto potencial. Ela entendeu que tal transforma\u00e7\u00e3o s\u00f3 poderia ocorrer atrav\u00e9s do processo de realiza\u00e7\u00e3o do si, que \u00e9 o despertar da energia sutil inata (chamada <a href=\"https:\/\/shrimataji.org\/test\/kundalini-pt\/\" target=\"_blank\" rel=\"noopener\">Kundalini<\/a>) presente em todos n\u00f3s. O despertar dessa energia foi algo que ela mesma experimentaria, antes de dedicar sua vida a compartilh\u00e1-lo com os outros.<\/p>\n<p>No dia <a href=\"https:\/\/shrimataji.org\/test\/pt\/5-de-maio-dia-mundial-da-realizacao\/\" target=\"_blank\" rel=\"noopener\">5 de maio de 1970, Shri Mataji iniciou sua obra de vida espiritual<\/a>. Aos 47 anos, ela encontrou uma maneira e desenvolveu um m\u00e9todo de dar a realiza\u00e7\u00e3o do si em massa. Ela desejava oferecer uma experi\u00eancia genu\u00edna que as pessoas pudessem usar para se transformar e se curar. Diferente de muitos chamados gurus que se aproveitavam das pessoas em busca de conhecimento espiritual, Shri Mataji queria capacitar os pr\u00f3prios buscadores com esse conhecimento. Ela denunciou todos esses falsos gurus e, ao longo de sua vida, alertou contra pr\u00e1ticas espirituais fraudulentas e abusivas.<\/p>\n<p>Quando seu marido se tornou Secret\u00e1rio-Geral da Organiza\u00e7\u00e3o Mar\u00edtima da ONU, Shri Mataji mudou-se com ele para Londres e iniciou seu trabalho espiritual com um pequeno grupo de pessoas. Ela percorreu o Reino Unido dando palestras e proporcionando a experi\u00eancia da realiza\u00e7\u00e3o do si. Ela nunca cobrou dinheiro por esses programas, insistindo que o despertar dessa energia espiritual adormecida em todos os seres humanos era seu direito de nascen\u00e7a e, portanto, n\u00e3o poderia ser pago. \u00c0 medida que aqueles ao seu redor reconheciam suas excepcionais qualidades espirituais e maternais, ela logo recebeu o t\u00edtulo honor\u00edfico &#8220;Shri Mataji&#8221;, que significa &#8220;M\u00e3e Respeitada&#8221;.<\/p>\n<p>O m\u00e9todo de medita\u00e7\u00e3o atrav\u00e9s da realiza\u00e7\u00e3o do si desenvolvido por Shri Mataji foi chamado de Sahaja Yoga. Ao longo da d\u00e9cada de 1980, Shri Mataji viajou cont\u00ednua e incansavelmente pela Europa, Austr\u00e1lia e Am\u00e9rica do Norte, ensinando esse m\u00e9todo gratuitamente aos interessados. Na d\u00e9cada de 1990, suas viagens se estenderam para a Am\u00e9rica do Sul, \u00c1frica, R\u00fassia, Europa Oriental, \u00c1sia e a regi\u00e3o do Pac\u00edfico.<\/p>\n<p>Institui\u00e7\u00f5es ao redor do mundo concederam a Ela <a href=\"https:\/\/shrimataji.org\/test\/pt\/premiacoes\/\" target=\"_blank\" rel=\"noopener\">honrarias e doutorados honor\u00e1rios<\/a> . IEm 1995, Ela discursou na <a href=\"https:\/\/shrimataji.org\/test\/pt\/conferencia-mundial-onu-mulheres\/\" target=\"_blank\" rel=\"noopener\">Quarta Confer\u00eancia Mundial sobre a Mulher em Pequim<\/a>. Claes Nobel falou sobre sua indica\u00e7\u00e3o ao Pr\u00eamio Nobel da Paz em 1997 no Royal Albert Hall em Londres. Um grande admirador de Shri Mataji e da Sahaja Yoga, ele proclamou que era &#8220;uma fonte de esperan\u00e7a para a humanidade&#8221; e &#8220;um ponto de refer\u00eancia para determinar o certo do errado&#8221;.<\/p>\n<div class=\"su-quote su-quote-style-default\"><div class=\"su-quote-inner su-u-clearfix su-u-trim\">Minha vida agora \u00e9 dedicada ao bem-estar e \u00e0 benevol\u00eancia da humanidade; completamente; inteiramente.<\/div><\/div>\n<p>Shri Mataji acreditava que o potencial da realiza\u00e7\u00e3o do si em massa e os benef\u00edcios hol\u00edsticos da medita\u00e7\u00e3o Sahaja Yoga para a vida pessoal e social do indiv\u00edduo eram a base para uma verdadeira <a href=\"https:\/\/shrimataji.org\/test\/pt\/transformacao-estrutura-social\/\" target=\"_blank\" rel=\"noopener\">Transforma\u00e7\u00e3o social<\/a>. Ela estabeleceu muitas organiza\u00e7\u00f5es n\u00e3o governamentais baseadas nos princ\u00edpios dessa \u00fanica transforma\u00e7\u00e3o interior, incluindo um lar para mulheres e crian\u00e7as desabrigadas, v\u00e1rias escolas internacionais, um centro de sa\u00fade e pesquisa hol\u00edstica, e uma academia internacional promovendo m\u00fasica cl\u00e1ssica e belas artes.<\/p>\n<p>No dia vinte e tr\u00eas de fevereiro de 2011, Shri Mataji faleceu pacificamente aos 87 anos em G\u00eanova, It\u00e1lia.<\/p>\n<p>Seu legado permanece vivo, pois a experi\u00eancia da realiza\u00e7\u00e3o do si continua a transformar in\u00fameras vidas sob o cuidado amoroso dos praticantes de Sahaja Yoga e dos centros de medita\u00e7\u00e3o estabelecidos em mais de 100 pa\u00edses, onde a Sahaja Yoga \u00e9 ensinada, sempre gratuitamente.<\/p>\n<div class=\"su-quote su-quote-style-default\"><div class=\"su-quote-inner su-u-clearfix su-u-trim\">E como o oceano que atinge todas as margens e ent\u00e3o todas as ondula\u00e7\u00f5es retornam e tecem um padr\u00e3o, foi assim que pude ver toda a minha vida como um belo padr\u00e3o. E esse belo entrela\u00e7amento voc\u00ea n\u00e3o pode descrever em palavras.<\/div><\/div>\n\t<h4>Baixar arquivos<\/h4>\n<p><a href=\"https:\/\/shrimataji.org\/test\/wp-content\/uploads\/2018\/07\/media\/documents\/press-downloads\/shri-mataji-nirmala-devi-short-biography-and-awards.pdf\">Shri Mataji Nirmala Devi: Short Biography &amp;\u00a0Awards List<\/a>\u00a0(pdf\/679kb)<\/p>\n<p><a href=\"https:\/\/shrimataji.org\/test\/wp-content\/uploads\/2018\/07\/media\/documents\/press-downloads\/shri-mataji-nirmala-devi-timeline-of-life-events.pdf\" target=\"_blank\" rel=\"noopener\">Shri Mataji Nirmala Devi: Timeline of Events<\/a>\u00a0(pdf\/623kb)<\/p>\n\n","protected":false},"excerpt":{"rendered":"<p>Shri Mataji A Biografia de um Compromisso para a Vida Toda Viajando incansavelmente milhares de quil\u00f4metros ao redor do globo, de aldeias remotas a cidades e metr\u00f3poles, compartilhando altruisticamente sua descoberta \u00fanica da verdadeira ilumina\u00e7\u00e3o espiritual atrav\u00e9s da experi\u00eancia da realiza\u00e7\u00e3o do si com milh\u00f5es de pessoas, revolucionando mudan\u00e7as sociais baseadas na transforma\u00e7\u00e3o interior &#8211;&hellip; <br \/> <a class=\"read-more\" href=\"https:\/\/shrimataji.org\/test\/pt\/shrimataji-pt\/\">Read more<\/a><\/p>\n","protected":false},"author":18,"featured_media":9599,"parent":0,"menu_order":0,"comment_status":"closed","ping_status":"closed","template":"","meta":{"inline_featured_image":false,"footnotes":""},"class_list":["post-10420","page","type-page","status-publish","has-post-thumbnail","hentry"],"yoast_head":"<!-- This site is optimized with the Yoast SEO plugin v27.4 - https:\/\/yoast.com\/product\/yoast-seo-wordpress\/ -->\n<title>Shri Mataji PT - TEST - SMND<\/title>\n<meta name=\"robots\" content=\"noindex, follow, max-snippet:-1, max-image-preview:large, max-video-preview:-1\" \/>\n<meta property=\"og:locale\" content=\"en_US\" \/>\n<meta property=\"og:type\" content=\"article\" \/>\n<meta property=\"og:title\" content=\"Shri Mataji PT - TEST - SMND\" \/>\n<meta property=\"og:description\" content=\"Shri Mataji A Biografia de um Compromisso para a Vida Toda Viajando incansavelmente milhares de quil\u00f4metros ao redor do globo, de aldeias remotas a cidades e metr\u00f3poles, compartilhando altruisticamente sua descoberta \u00fanica da verdadeira ilumina\u00e7\u00e3o espiritual atrav\u00e9s da experi\u00eancia da realiza\u00e7\u00e3o do si com milh\u00f5es de pessoas, revolucionando mudan\u00e7as sociais baseadas na transforma\u00e7\u00e3o interior &#8211;&hellip; Read more\" \/>\n<meta property=\"og:url\" content=\"https:\/\/shrimataji.org\/test\/pt\/shrimataji-pt\/\" \/>\n<meta property=\"og:site_name\" content=\"TEST - SMND\" \/>\n<meta property=\"article:publisher\" content=\"https:\/\/www.facebook.com\/shrimataji\" \/>\n<meta property=\"article:modified_time\" content=\"2026-01-19T11:44:35+00:00\" \/>\n<meta property=\"og:image\" content=\"https:\/\/shrimataji.org\/test\/wp-content\/uploads\/2023\/03\/test_banner_inner_shrimataji-scaled.jpg\" \/>\n\t<meta property=\"og:image:width\" content=\"2560\" \/>\n\t<meta property=\"og:image:height\" content=\"1067\" \/>\n\t<meta property=\"og:image:type\" content=\"image\/jpeg\" \/>\n<meta name=\"twitter:card\" content=\"summary_large_image\" \/>\n<meta name=\"twitter:site\" content=\"@shrimataji\" \/>\n<meta name=\"twitter:label1\" content=\"Est. reading time\" \/>\n\t<meta name=\"twitter:data1\" content=\"5 minutes\" \/>\n<script type=\"application\/ld+json\" class=\"yoast-schema-graph\">{\"@context\":\"https:\\\/\\\/schema.org\",\"@graph\":[{\"@type\":\"WebPage\",\"@id\":\"https:\\\/\\\/shrimataji.org\\\/test\\\/pt\\\/shrimataji-pt\\\/\",\"url\":\"https:\\\/\\\/shrimataji.org\\\/test\\\/pt\\\/shrimataji-pt\\\/\",\"name\":\"Shri Mataji PT - TEST - SMND\",\"isPartOf\":{\"@id\":\"https:\\\/\\\/shrimataji.org\\\/test\\\/#website\"},\"primaryImageOfPage\":{\"@id\":\"https:\\\/\\\/shrimataji.org\\\/test\\\/pt\\\/shrimataji-pt\\\/#primaryimage\"},\"image\":{\"@id\":\"https:\\\/\\\/shrimataji.org\\\/test\\\/pt\\\/shrimataji-pt\\\/#primaryimage\"},\"thumbnailUrl\":\"https:\\\/\\\/shrimataji.org\\\/test\\\/wp-content\\\/uploads\\\/2023\\\/03\\\/test_banner_inner_shrimataji-scaled.jpg\",\"datePublished\":\"2018-07-10T06:54:42+00:00\",\"dateModified\":\"2026-01-19T11:44:35+00:00\",\"breadcrumb\":{\"@id\":\"https:\\\/\\\/shrimataji.org\\\/test\\\/pt\\\/shrimataji-pt\\\/#breadcrumb\"},\"inLanguage\":\"en-US\",\"potentialAction\":[{\"@type\":\"ReadAction\",\"target\":[\"https:\\\/\\\/shrimataji.org\\\/test\\\/pt\\\/shrimataji-pt\\\/\"]}]},{\"@type\":\"ImageObject\",\"inLanguage\":\"en-US\",\"@id\":\"https:\\\/\\\/shrimataji.org\\\/test\\\/pt\\\/shrimataji-pt\\\/#primaryimage\",\"url\":\"https:\\\/\\\/shrimataji.org\\\/test\\\/wp-content\\\/uploads\\\/2023\\\/03\\\/test_banner_inner_shrimataji-scaled.jpg\",\"contentUrl\":\"https:\\\/\\\/shrimataji.org\\\/test\\\/wp-content\\\/uploads\\\/2023\\\/03\\\/test_banner_inner_shrimataji-scaled.jpg\",\"width\":2560,\"height\":1067},{\"@type\":\"BreadcrumbList\",\"@id\":\"https:\\\/\\\/shrimataji.org\\\/test\\\/pt\\\/shrimataji-pt\\\/#breadcrumb\",\"itemListElement\":[{\"@type\":\"ListItem\",\"position\":1,\"name\":\"Home\",\"item\":\"https:\\\/\\\/shrimataji.org\\\/test\\\/uk\\\/home-en\\\/\"},{\"@type\":\"ListItem\",\"position\":2,\"name\":\"Shri Mataji PT\"}]},{\"@type\":\"WebSite\",\"@id\":\"https:\\\/\\\/shrimataji.org\\\/test\\\/#website\",\"url\":\"https:\\\/\\\/shrimataji.org\\\/test\\\/\",\"name\":\"Shri Mataji Nirmala Devi\",\"description\":\"A Life Dedicated to Humanity\",\"publisher\":{\"@id\":\"https:\\\/\\\/shrimataji.org\\\/test\\\/#\\\/schema\\\/person\\\/a1b3419c6585f164aa96da1ff85715d1\"},\"potentialAction\":[{\"@type\":\"SearchAction\",\"target\":{\"@type\":\"EntryPoint\",\"urlTemplate\":\"https:\\\/\\\/shrimataji.org\\\/test\\\/?s={search_term_string}\"},\"query-input\":{\"@type\":\"PropertyValueSpecification\",\"valueRequired\":true,\"valueName\":\"search_term_string\"}}],\"inLanguage\":\"en-US\"},{\"@type\":[\"Person\",\"Organization\"],\"@id\":\"https:\\\/\\\/shrimataji.org\\\/test\\\/#\\\/schema\\\/person\\\/a1b3419c6585f164aa96da1ff85715d1\",\"name\":\"Nirmala Shrivastava\",\"image\":{\"@type\":\"ImageObject\",\"inLanguage\":\"en-US\",\"@id\":\"https:\\\/\\\/shrimataji.org\\\/test\\\/wp-content\\\/uploads\\\/2023\\\/02\\\/SMO_LOGO-03.svg\",\"url\":\"https:\\\/\\\/shrimataji.org\\\/test\\\/wp-content\\\/uploads\\\/2023\\\/02\\\/SMO_LOGO-03.svg\",\"contentUrl\":\"https:\\\/\\\/shrimataji.org\\\/test\\\/wp-content\\\/uploads\\\/2023\\\/02\\\/SMO_LOGO-03.svg\",\"width\":\"1024\",\"height\":\"1024\",\"caption\":\"Nirmala Shrivastava\"},\"logo\":{\"@id\":\"https:\\\/\\\/shrimataji.org\\\/test\\\/wp-content\\\/uploads\\\/2023\\\/02\\\/SMO_LOGO-03.svg\"},\"sameAs\":[\"https:\\\/\\\/shrimataji.org\\\/test\",\"https:\\\/\\\/www.facebook.com\\\/shrimataji\",\"https:\\\/\\\/x.com\\\/shrimataji\",\"https:\\\/\\\/www.youtube.com\\\/@Shri_Mataji_Nirmala_Devi\\\/featured\"]}]}<\/script>\n<!-- \/ Yoast SEO plugin. -->","yoast_head_json":{"title":"Shri Mataji PT - TEST - SMND","robots":{"index":"noindex","follow":"follow","max-snippet":"max-snippet:-1","max-image-preview":"max-image-preview:large","max-video-preview":"max-video-preview:-1"},"og_locale":"en_US","og_type":"article","og_title":"Shri Mataji PT - TEST - SMND","og_description":"Shri Mataji A Biografia de um Compromisso para a Vida Toda Viajando incansavelmente milhares de quil\u00f4metros ao redor do globo, de aldeias remotas a cidades e metr\u00f3poles, compartilhando altruisticamente sua descoberta \u00fanica da verdadeira ilumina\u00e7\u00e3o espiritual atrav\u00e9s da experi\u00eancia da realiza\u00e7\u00e3o do si com milh\u00f5es de pessoas, revolucionando mudan\u00e7as sociais baseadas na transforma\u00e7\u00e3o interior &#8211;&hellip; Read more","og_url":"https:\/\/shrimataji.org\/test\/pt\/shrimataji-pt\/","og_site_name":"TEST - SMND","article_publisher":"https:\/\/www.facebook.com\/shrimataji","article_modified_time":"2026-01-19T11:44:35+00:00","og_image":[{"width":2560,"height":1067,"url":"https:\/\/shrimataji.org\/test\/wp-content\/uploads\/2023\/03\/test_banner_inner_shrimataji-scaled.jpg","type":"image\/jpeg"}],"twitter_card":"summary_large_image","twitter_site":"@shrimataji","twitter_misc":{"Est. reading time":"5 minutes"},"schema":{"@context":"https:\/\/schema.org","@graph":[{"@type":"WebPage","@id":"https:\/\/shrimataji.org\/test\/pt\/shrimataji-pt\/","url":"https:\/\/shrimataji.org\/test\/pt\/shrimataji-pt\/","name":"Shri Mataji PT - TEST - SMND","isPartOf":{"@id":"https:\/\/shrimataji.org\/test\/#website"},"primaryImageOfPage":{"@id":"https:\/\/shrimataji.org\/test\/pt\/shrimataji-pt\/#primaryimage"},"image":{"@id":"https:\/\/shrimataji.org\/test\/pt\/shrimataji-pt\/#primaryimage"},"thumbnailUrl":"https:\/\/shrimataji.org\/test\/wp-content\/uploads\/2023\/03\/test_banner_inner_shrimataji-scaled.jpg","datePublished":"2018-07-10T06:54:42+00:00","dateModified":"2026-01-19T11:44:35+00:00","breadcrumb":{"@id":"https:\/\/shrimataji.org\/test\/pt\/shrimataji-pt\/#breadcrumb"},"inLanguage":"en-US","potentialAction":[{"@type":"ReadAction","target":["https:\/\/shrimataji.org\/test\/pt\/shrimataji-pt\/"]}]},{"@type":"ImageObject","inLanguage":"en-US","@id":"https:\/\/shrimataji.org\/test\/pt\/shrimataji-pt\/#primaryimage","url":"https:\/\/shrimataji.org\/test\/wp-content\/uploads\/2023\/03\/test_banner_inner_shrimataji-scaled.jpg","contentUrl":"https:\/\/shrimataji.org\/test\/wp-content\/uploads\/2023\/03\/test_banner_inner_shrimataji-scaled.jpg","width":2560,"height":1067},{"@type":"BreadcrumbList","@id":"https:\/\/shrimataji.org\/test\/pt\/shrimataji-pt\/#breadcrumb","itemListElement":[{"@type":"ListItem","position":1,"name":"Home","item":"https:\/\/shrimataji.org\/test\/uk\/home-en\/"},{"@type":"ListItem","position":2,"name":"Shri Mataji PT"}]},{"@type":"WebSite","@id":"https:\/\/shrimataji.org\/test\/#website","url":"https:\/\/shrimataji.org\/test\/","name":"Shri Mataji Nirmala Devi","description":"A Life Dedicated to Humanity","publisher":{"@id":"https:\/\/shrimataji.org\/test\/#\/schema\/person\/a1b3419c6585f164aa96da1ff85715d1"},"potentialAction":[{"@type":"SearchAction","target":{"@type":"EntryPoint","urlTemplate":"https:\/\/shrimataji.org\/test\/?s={search_term_string}"},"query-input":{"@type":"PropertyValueSpecification","valueRequired":true,"valueName":"search_term_string"}}],"inLanguage":"en-US"},{"@type":["Person","Organization"],"@id":"https:\/\/shrimataji.org\/test\/#\/schema\/person\/a1b3419c6585f164aa96da1ff85715d1","name":"Nirmala Shrivastava","image":{"@type":"ImageObject","inLanguage":"en-US","@id":"https:\/\/shrimataji.org\/test\/wp-content\/uploads\/2023\/02\/SMO_LOGO-03.svg","url":"https:\/\/shrimataji.org\/test\/wp-content\/uploads\/2023\/02\/SMO_LOGO-03.svg","contentUrl":"https:\/\/shrimataji.org\/test\/wp-content\/uploads\/2023\/02\/SMO_LOGO-03.svg","width":"1024","height":"1024","caption":"Nirmala Shrivastava"},"logo":{"@id":"https:\/\/shrimataji.org\/test\/wp-content\/uploads\/2023\/02\/SMO_LOGO-03.svg"},"sameAs":["https:\/\/shrimataji.org\/test","https:\/\/www.facebook.com\/shrimataji","https:\/\/x.com\/shrimataji","https:\/\/www.youtube.com\/@Shri_Mataji_Nirmala_Devi\/featured"]}]}},"lang":"pt","translations":{"pt":10420,"ur":37503,"en":391,"pa":25918,"gu":25521,"th":20061,"hu":19566,"sq":18478,"zh":17375,"hi":8496,"tr":10210,"de":10694,"fr":10792,"it":10890,"es":10987,"ja":11285,"ru":11473,"bn":11664,"te":11772,"sw":11895,"he":12043,"el":12335,"sk":12433,"fa":12531,"fi":12629,"bg":13463,"ro":14535,"cs":14728,"nl":16638,"ku":16798,"ar":16974,"be":18685,"kn":18959,"mr":20425,"uk":20719,"ml":21014,"ta":22796,"sv":23066,"bs":27296,"fil":29515,"sd":31010,"da":37812,"pl":38022,"nn":38364},"pll_sync_post":[],"_links":{"self":[{"href":"https:\/\/shrimataji.org\/test\/wp-json\/wp\/v2\/pages\/10420","targetHints":{"allow":["GET"]}}],"collection":[{"href":"https:\/\/shrimataji.org\/test\/wp-json\/wp\/v2\/pages"}],"about":[{"href":"https:\/\/shrimataji.org\/test\/wp-json\/wp\/v2\/types\/page"}],"author":[{"embeddable":true,"href":"https:\/\/shrimataji.org\/test\/wp-json\/wp\/v2\/users\/18"}],"replies":[{"embeddable":true,"href":"https:\/\/shrimataji.org\/test\/wp-json\/wp\/v2\/comments?post=10420"}],"version-history":[{"count":0,"href":"https:\/\/shrimataji.org\/test\/wp-json\/wp\/v2\/pages\/10420\/revisions"}],"wp:featuredmedia":[{"embeddable":true,"href":"https:\/\/shrimataji.org\/test\/wp-json\/wp\/v2\/media\/9599"}],"wp:attachment":[{"href":"https:\/\/shrimataji.org\/test\/wp-json\/wp\/v2\/media?parent=10420"}],"curies":[{"name":"wp","href":"https:\/\/api.w.org\/{rel}","templated":true}]}}