{"id":10421,"date":"2012-11-01T12:00:00","date_gmt":"2012-11-01T12:00:00","guid":{"rendered":"http:\/\/testwordpress.nirmalnagari.org\/smnd\/index.php\/sir-c-p-srivastava\/"},"modified":"2026-01-19T11:44:44","modified_gmt":"2026-01-19T11:44:44","slug":"sir-c-p-srivastava-pt","status":"publish","type":"page","link":"https:\/\/shrimataji.org\/test\/pt\/sir-c-p-srivastava-pt\/","title":{"rendered":"Sir C.P. Srivastava PT"},"content":{"rendered":"\n\n\t<h1>Sir C.P. Srivastava<\/h1>\n<h2>Sir C.P. e o &#8220;Colosso Diminuto&#8221;<\/h2>\n\t<h4>Shri Mataji Nirmala Devi \u00e9 conhecida mundialmente como a for\u00e7a inspiradora por tr\u00e1s da Sahaja Yoga. Paralelamente \u00e0 sua fama como l\u00edder espiritual, existe uma hist\u00f3ria tamb\u00e9m not\u00e1vel: a carreira extraordin\u00e1ria de seu marido, Sir Chandrika Prasad Srivastava.<\/h4>\n<p>Aqueles que tiveram a sorte de passar tempo pessoalmente com Shri Mataji tamb\u00e9m conheceram a figura alta, digna e de fala mansa de &#8216;Sir C.P.&#8217;, como era carinhosamente chamado.<\/p>\n<figure itemscope itemtype=\"https:\/\/schema.org\/ImageObject\">\n\t\t\t\t<img decoding=\"async\" src=\"https:\/\/shrimataji.org\/test\/wp-content\/uploads\/2025\/12\/PT_shri-mataji-sir-cp-kalpana-sadhana-family-london-uk-1.jpg\" alt=\"Sir CP exibe seu t\u00edtulo de Cavaleiro ao lado de Shri Mataji, com as filhas Kalpana e Sadhana\" height=\"2206\" width=\"1500\" title=\"PT_shri-mataji-sir-cp-kalpana-sadhana-family-london-uk-1\" onerror=\"this.style.display='none'\" loading=\"lazy\" \/>\n\t\t<figcaption>Sir CP exibe seu t\u00edtulo de Cavaleiro ao lado de Shri Mataji, com as filhas Kalpana e Sadhana<\/figcaption>\n\t<\/figure>\n\t<p>Sir C.P. foi um estadista de destaque, tendo servido quatro mandatos consecutivos como Secret\u00e1rio-Geral da Organiza\u00e7\u00e3o Mar\u00edtima Internacional da ONU, per\u00edodo durante o qual foi condecorado cavaleiro pela Rainha Elizabeth II.<\/p>\n<p>Sir C.P. e Shri Mataji se casaram quando ele era um jovem oficial relativamente an\u00f4nimo no Servi\u00e7o Civil Indiano, e ele frequentemente comentou que seu sucesso profissional mete\u00f3rico deveu-se em grande parte a seguir os conselhos e a intui\u00e7\u00e3o de sua esposa.<\/p>\n<p>Pouco depois do casamento, ele teve a invej\u00e1vel op\u00e7\u00e3o de ingressar no Servi\u00e7o Administrativo Indiano de elite ou seguir na carreira diplom\u00e1tica, igualmente &#8211; sen\u00e3o mais &#8211; prestigiosa. Seus amigos o encorajaram a se tornar diplomata, pois ent\u00e3o seria apenas uma quest\u00e3o de tempo at\u00e9 que recebesse um cargo de embaixador.<\/p>\n<p>Mas a Sra. Srivastava disse sem hesitar: &#8220;N\u00e3o, vamos permanecer no pa\u00eds. Vamos servir nosso pa\u00eds aqui.&#8221; Ningu\u00e9m poderia ter previsto o que aconteceu a seguir, quando, atrav\u00e9s de uma s\u00e9rie de encontros imprevistos, Sir C.P. foi nomeado Secret\u00e1rio Pessoal de nada menos que o Primeiro-Ministro da \u00cdndia, Lal Bahadur Shastri.<\/p>\n\t\t<img decoding=\"async\" data-spai-excluded=\"true\" loading=\"lazy\"  alt=\"YouTube player\"  src=\"https:\/\/i.ytimg.com\/vi\/10r04eFnN3w\/maxresdefault.jpg\"  \/><button aria-label=\"Play\"><\/button><meta itemprop=\"embedUrl\" content=\"https:\/\/www.youtube.com\/embed\/10r04eFnN3w\"\/><meta itemprop=\"name\" content=\"What I Have Seen: A Stress Free Life\"\/><meta itemprop=\"description\" content=\"Speaking on the topic of stress management, Sir C.P. Srivastava, the husband of Shri Mataji, describes the value of Sahaja Yoga meditation. His perspective is unique, but not unusual. In this candid speech, he describes himself as a man able to do his job well, but now able to face life devoid of stress. &#039;It is a matter of wanting to achieve that transformation,&#039; he says. Nothing needs to be given up. &#039;I am telling you what I have seen.&#039; More videos at: http:\/\/ShriMataji.org ~ A Life Dedicated to Humanity ~\"\/><meta itemprop=\"thumbnailUrl\" content=\"https:\/\/i.ytimg.com\/vi\/10r04eFnN3w\/0.jpg\"\/><meta itemprop=\"duration\" content=\"PT10M46S\"\/><meta itemprop=\"uploadDate\" content=\"2020-07-20T00:05:20Z\"\/>\t\n\t<p>Em retrospecto, este foi um evento fortuito, porque o Sr. Shastri era em muitos aspectos a pr\u00f3pria personifica\u00e7\u00e3o da filosofia Sahaj que Shri Mataji incorporava e que mais tarde compartilharia com o mundo. Ap\u00f3s sua aposentadoria do servi\u00e7o p\u00fablico, Sir C.P., mais uma vez seguindo o encorajamento de sua esposa, escreveu &#8220;Lal Bahadur Shastri: uma Vida de Verdade na Pol\u00edtica&#8221;, no qual descreve o Sr. Shastri como possuindo muitas das qualidades da divindade hindu, Shri Rama: humildade e profundo respeito por todos os homens, combinados com um grande senso de honra e dever.<\/p>\n\t<p>Sir C.P. escreve que Shastri &#8220;era verdadeiramente dedicado ao dharma, \u00e0 retid\u00e3o, \u00e0 verdade, \u00e0 moralidade. N\u00e3o havia postura nele. N\u00e3o havia dicotomia. N\u00e3o havia um Sr. Shastri interior diferente de um Sr. Shastri exterior. Ele era absolutamente uno: uno por dentro, uno por fora, belo por dentro, belo por fora.&#8221;<\/p>\n<p>O Sr. Shastri, com sua figura muito discreta, sua apar\u00eancia diminuta e maneira humilde, levou muitas pessoas a assumirem que ele poderia ser facilmente dominado.<\/p>\n<p>Pouco depois que Shastri se tornou Primeiro-Ministro, o Paquist\u00e3o invadiu a Caxemira. A resposta de Shastri foi: &#8220;Sou um homem pac\u00edfico, mas sou um homem de honra. \u00c9 meu dever como Primeiro-Ministro defender o pa\u00eds.&#8221;<\/p>\n<p>Como Sir C.P. disse: &#8220;Este homem de paz ergueu-se como um colosso.&#8221;<\/p>\n<figure itemscope itemtype=\"https:\/\/schema.org\/ImageObject\">\n\t\t\t\t<img decoding=\"async\" src=\"https:\/\/shrimataji.org\/test\/wp-content\/uploads\/2025\/12\/PT_sir-c.p.-and-naval-officers-near-statue-of-lal-bahadur-shastri.jpg\" alt=\"Sir C.P. com oficiais da Marinha diante da est\u00e1tua de Lal Bahadur Shastri\" height=\"1143\" width=\"1500\" title=\"PT_sir-c.p.-and-naval-officers-near-statue-of-lal-bahadur-shastri\" onerror=\"this.style.display='none'\" loading=\"lazy\" \/>\n\t\t<figcaption>Sir C.P. com oficiais da Marinha diante da est\u00e1tua de Lal Bahadur Shastri<\/figcaption>\n\t<\/figure>\n\t<h5>&#8220;Lal Bahadur Shastri era absolutamente uno: uno por dentro, uno por fora, belo por dentro, belo por fora.&#8221;<\/h5>\n<h5>Sir C.P. Srivastava, December 1994<\/h5>\n\t<p>Nesse aspecto, o Sr. Shastri carregava a tocha que Mahatma Gandhi havia acendido. Ele prosseguiu dizendo: &#8220;O aspecto \u00fanico (da \u00cdndia) \u00e9 que temos hindus, mu\u00e7ulmanos, crist\u00e3os, siques, parsis e pessoas de todas as outras religi\u00f5es&#8230; mas n\u00e3o trazemos tudo isso para a pol\u00edtica. Esta \u00e9 a diferen\u00e7a entre a \u00cdndia e o Paquist\u00e3o. Enquanto o Paquist\u00e3o se proclama um Estado Isl\u00e2mico e usa a religi\u00e3o como um fator pol\u00edtico, n\u00f3s, indianos, temos a liberdade de seguir qualquer religi\u00e3o que escolhermos e adorar da maneira que quisermos. No que diz respeito \u00e0 pol\u00edtica, cada um de n\u00f3s \u00e9 t\u00e3o indiano quanto o outro.&#8221;<\/p>\n\t<p>Durante as negocia\u00e7\u00f5es de paz que se seguiram, Shastri convenceu todos os partidos oponentes de seu ponto de vista e, juntos, forjaram uma paz duradoura com o Paquist\u00e3o. Shastri faleceu inesperadamente durante essas mesmas negocia\u00e7\u00f5es de paz, ostensivamente devido a um ataque card\u00edaco. Sir C.P. estava ao seu lado quando ele morreu. Ele escreveu mais tarde que n\u00e3o teve &#8220;privil\u00e9gio maior do que a oportunidade de servir a Shri Lal Bahadur Shastri&#8221; <a href=\"#citation-note-1\">[1]<\/a><\/p>\n<p>Inspirado pela grande figura de Lal Bahadur Shastri, e com a ajuda e apoio ativo de sua esposa, Sir C.P. embarcou em sua pr\u00f3pria carreira ilustre &#8211; primeiro como alto funcion\u00e1rio do Servi\u00e7o Administrativo Indiano, depois como Presidente da Corpora\u00e7\u00e3o de Navega\u00e7\u00e3o da \u00cdndia e, finalmente, como o Secret\u00e1rio-Geral com o mandato mais longo na hist\u00f3ria da Organiza\u00e7\u00e3o Mar\u00edtima Internacional da ONU.<\/p>\n<p>A OMI \u00e9 o \u00fanico \u00f3rg\u00e3o da ONU sediado em Londres, e foi durante os dezesseis anos em que Sir C.P. atuou l\u00e1 que Shri Mataji fez de sua miss\u00e3o apresentar <a href=\"https:\/\/shrimataji.org\/test\/pt\/sahaja-yoga-pt\/\" target=\"_blank\" rel=\"noopener\">A Medita\u00e7\u00e3o da Sahaja Yoga <\/a>\u00a0para o mundo.<\/p>\n<figure itemscope itemtype=\"https:\/\/schema.org\/ImageObject\">\n\t\t\t\t<img decoding=\"async\" src=\"https:\/\/shrimataji.org\/test\/wp-content\/uploads\/2025\/12\/PT_shri-mataji-nirmala-devi-sir-cp-world-maritime-university.jpg\" alt=\"Shri Mataji e Sir C.P. na Universidade Mar\u00edtima Mundial, em Malm\u00f6, Su\u00e9cia\" height=\"960\" width=\"655\" title=\"PT_shri-mataji-nirmala-devi-sir-cp-world-maritime-university\" onerror=\"this.style.display='none'\" loading=\"lazy\" \/>\n\t\t<figcaption>Shri Mataji e Sir C.P. na Universidade Mar\u00edtima Mundial, em Malm\u00f6, Su\u00e9cia<\/figcaption>\n\t<\/figure>\n\t<hr \/>\n<h3>1. <a href=\"#citation-ref-1\">^<\/a><a name=\"citation-note-1\"><\/a> C. P. Srivastava, &#8216;Lal Bahadur Shastri: A Life of Truth in Politics&#8217; New Delhi: Oxford University Press, 1995.<\/h3>\n\n","protected":false},"excerpt":{"rendered":"<p>Sir C.P. Srivastava Sir C.P. e o &#8220;Colosso Diminuto&#8221; Shri Mataji Nirmala Devi \u00e9 conhecida mundialmente como a for\u00e7a inspiradora por tr\u00e1s da Sahaja Yoga. Paralelamente \u00e0 sua fama como l\u00edder espiritual, existe uma hist\u00f3ria tamb\u00e9m not\u00e1vel: a carreira extraordin\u00e1ria de seu marido, Sir Chandrika Prasad Srivastava. Aqueles que tiveram a sorte de passar tempo&hellip; <br \/> <a class=\"read-more\" href=\"https:\/\/shrimataji.org\/test\/pt\/sir-c-p-srivastava-pt\/\">Read more<\/a><\/p>\n","protected":false},"author":18,"featured_media":9513,"parent":0,"menu_order":0,"comment_status":"closed","ping_status":"closed","template":"","meta":{"inline_featured_image":false,"footnotes":"","advanced-sidebar-menu\/link-title":"","advanced-sidebar-menu\/exclude-page":false},"class_list":["post-10421","page","type-page","status-publish","has-post-thumbnail","hentry"],"yoast_head":"<!-- This site is optimized with the Yoast SEO plugin v27.4 - https:\/\/yoast.com\/product\/yoast-seo-wordpress\/ -->\n<title>Sir C.P. Srivastava PT - TEST - SMND<\/title>\n<meta name=\"robots\" content=\"noindex, follow, max-snippet:-1, max-image-preview:large, max-video-preview:-1\" \/>\n<meta property=\"og:locale\" content=\"en_US\" \/>\n<meta property=\"og:type\" content=\"article\" \/>\n<meta property=\"og:title\" content=\"Sir C.P. Srivastava PT - TEST - SMND\" \/>\n<meta property=\"og:description\" content=\"Sir C.P. Srivastava Sir C.P. e o &#8220;Colosso Diminuto&#8221; Shri Mataji Nirmala Devi \u00e9 conhecida mundialmente como a for\u00e7a inspiradora por tr\u00e1s da Sahaja Yoga. Paralelamente \u00e0 sua fama como l\u00edder espiritual, existe uma hist\u00f3ria tamb\u00e9m not\u00e1vel: a carreira extraordin\u00e1ria de seu marido, Sir Chandrika Prasad Srivastava. Aqueles que tiveram a sorte de passar tempo&hellip; Read more\" \/>\n<meta property=\"og:url\" content=\"https:\/\/shrimataji.org\/test\/pt\/sir-c-p-srivastava-pt\/\" \/>\n<meta property=\"og:site_name\" content=\"TEST - SMND\" \/>\n<meta property=\"article:publisher\" content=\"https:\/\/www.facebook.com\/shrimataji\" \/>\n<meta property=\"article:modified_time\" content=\"2026-01-19T11:44:44+00:00\" \/>\n<meta property=\"og:image\" content=\"https:\/\/shrimataji.org\/test\/wp-content\/uploads\/2023\/03\/8_Banner-Family_CP-2-scaled.jpg\" \/>\n\t<meta property=\"og:image:width\" content=\"2560\" \/>\n\t<meta property=\"og:image:height\" content=\"905\" \/>\n\t<meta property=\"og:image:type\" content=\"image\/jpeg\" \/>\n<meta name=\"twitter:card\" content=\"summary_large_image\" \/>\n<meta name=\"twitter:site\" content=\"@shrimataji\" \/>\n<script type=\"application\/ld+json\" class=\"yoast-schema-graph\">{\"@context\":\"https:\\\/\\\/schema.org\",\"@graph\":[{\"@type\":\"WebPage\",\"@id\":\"https:\\\/\\\/shrimataji.org\\\/test\\\/pt\\\/sir-c-p-srivastava-pt\\\/\",\"url\":\"https:\\\/\\\/shrimataji.org\\\/test\\\/pt\\\/sir-c-p-srivastava-pt\\\/\",\"name\":\"Sir C.P. Srivastava PT - TEST - SMND\",\"isPartOf\":{\"@id\":\"https:\\\/\\\/shrimataji.org\\\/test\\\/#website\"},\"primaryImageOfPage\":{\"@id\":\"https:\\\/\\\/shrimataji.org\\\/test\\\/pt\\\/sir-c-p-srivastava-pt\\\/#primaryimage\"},\"image\":{\"@id\":\"https:\\\/\\\/shrimataji.org\\\/test\\\/pt\\\/sir-c-p-srivastava-pt\\\/#primaryimage\"},\"thumbnailUrl\":\"https:\\\/\\\/shrimataji.org\\\/test\\\/wp-content\\\/uploads\\\/2023\\\/03\\\/8_Banner-Family_CP-2-scaled.jpg\",\"datePublished\":\"2012-11-01T12:00:00+00:00\",\"dateModified\":\"2026-01-19T11:44:44+00:00\",\"breadcrumb\":{\"@id\":\"https:\\\/\\\/shrimataji.org\\\/test\\\/pt\\\/sir-c-p-srivastava-pt\\\/#breadcrumb\"},\"inLanguage\":\"en-US\",\"potentialAction\":[{\"@type\":\"ReadAction\",\"target\":[\"https:\\\/\\\/shrimataji.org\\\/test\\\/pt\\\/sir-c-p-srivastava-pt\\\/\"]}]},{\"@type\":\"ImageObject\",\"inLanguage\":\"en-US\",\"@id\":\"https:\\\/\\\/shrimataji.org\\\/test\\\/pt\\\/sir-c-p-srivastava-pt\\\/#primaryimage\",\"url\":\"https:\\\/\\\/shrimataji.org\\\/test\\\/wp-content\\\/uploads\\\/2023\\\/03\\\/8_Banner-Family_CP-2-scaled.jpg\",\"contentUrl\":\"https:\\\/\\\/shrimataji.org\\\/test\\\/wp-content\\\/uploads\\\/2023\\\/03\\\/8_Banner-Family_CP-2-scaled.jpg\",\"width\":2560,\"height\":905},{\"@type\":\"BreadcrumbList\",\"@id\":\"https:\\\/\\\/shrimataji.org\\\/test\\\/pt\\\/sir-c-p-srivastava-pt\\\/#breadcrumb\",\"itemListElement\":[{\"@type\":\"ListItem\",\"position\":1,\"name\":\"Home\",\"item\":\"https:\\\/\\\/shrimataji.org\\\/test\\\/uk\\\/home-en\\\/\"},{\"@type\":\"ListItem\",\"position\":2,\"name\":\"Sir C.P. Srivastava PT\"}]},{\"@type\":\"WebSite\",\"@id\":\"https:\\\/\\\/shrimataji.org\\\/test\\\/#website\",\"url\":\"https:\\\/\\\/shrimataji.org\\\/test\\\/\",\"name\":\"Shri Mataji Nirmala Devi\",\"description\":\"A Life Dedicated to Humanity\",\"publisher\":{\"@id\":\"https:\\\/\\\/shrimataji.org\\\/test\\\/#\\\/schema\\\/person\\\/a1b3419c6585f164aa96da1ff85715d1\"},\"potentialAction\":[{\"@type\":\"SearchAction\",\"target\":{\"@type\":\"EntryPoint\",\"urlTemplate\":\"https:\\\/\\\/shrimataji.org\\\/test\\\/?s={search_term_string}\"},\"query-input\":{\"@type\":\"PropertyValueSpecification\",\"valueRequired\":true,\"valueName\":\"search_term_string\"}}],\"inLanguage\":\"en-US\"},{\"@type\":[\"Person\",\"Organization\"],\"@id\":\"https:\\\/\\\/shrimataji.org\\\/test\\\/#\\\/schema\\\/person\\\/a1b3419c6585f164aa96da1ff85715d1\",\"name\":\"Nirmala Shrivastava\",\"image\":{\"@type\":\"ImageObject\",\"inLanguage\":\"en-US\",\"@id\":\"https:\\\/\\\/shrimataji.org\\\/test\\\/wp-content\\\/uploads\\\/2023\\\/02\\\/SMO_LOGO-03.svg\",\"url\":\"https:\\\/\\\/shrimataji.org\\\/test\\\/wp-content\\\/uploads\\\/2023\\\/02\\\/SMO_LOGO-03.svg\",\"contentUrl\":\"https:\\\/\\\/shrimataji.org\\\/test\\\/wp-content\\\/uploads\\\/2023\\\/02\\\/SMO_LOGO-03.svg\",\"width\":\"1024\",\"height\":\"1024\",\"caption\":\"Nirmala Shrivastava\"},\"logo\":{\"@id\":\"https:\\\/\\\/shrimataji.org\\\/test\\\/wp-content\\\/uploads\\\/2023\\\/02\\\/SMO_LOGO-03.svg\"},\"sameAs\":[\"https:\\\/\\\/shrimataji.org\\\/test\",\"https:\\\/\\\/www.facebook.com\\\/shrimataji\",\"https:\\\/\\\/x.com\\\/shrimataji\",\"https:\\\/\\\/www.youtube.com\\\/@Shri_Mataji_Nirmala_Devi\\\/featured\"]}]}<\/script>\n<!-- \/ Yoast SEO plugin. -->","yoast_head_json":{"title":"Sir C.P. Srivastava PT - TEST - SMND","robots":{"index":"noindex","follow":"follow","max-snippet":"max-snippet:-1","max-image-preview":"max-image-preview:large","max-video-preview":"max-video-preview:-1"},"og_locale":"en_US","og_type":"article","og_title":"Sir C.P. Srivastava PT - TEST - SMND","og_description":"Sir C.P. Srivastava Sir C.P. e o &#8220;Colosso Diminuto&#8221; Shri Mataji Nirmala Devi \u00e9 conhecida mundialmente como a for\u00e7a inspiradora por tr\u00e1s da Sahaja Yoga. Paralelamente \u00e0 sua fama como l\u00edder espiritual, existe uma hist\u00f3ria tamb\u00e9m not\u00e1vel: a carreira extraordin\u00e1ria de seu marido, Sir Chandrika Prasad Srivastava. Aqueles que tiveram a sorte de passar tempo&hellip; Read more","og_url":"https:\/\/shrimataji.org\/test\/pt\/sir-c-p-srivastava-pt\/","og_site_name":"TEST - SMND","article_publisher":"https:\/\/www.facebook.com\/shrimataji","article_modified_time":"2026-01-19T11:44:44+00:00","og_image":[{"width":2560,"height":905,"url":"https:\/\/shrimataji.org\/test\/wp-content\/uploads\/2023\/03\/8_Banner-Family_CP-2-scaled.jpg","type":"image\/jpeg"}],"twitter_card":"summary_large_image","twitter_site":"@shrimataji","schema":{"@context":"https:\/\/schema.org","@graph":[{"@type":"WebPage","@id":"https:\/\/shrimataji.org\/test\/pt\/sir-c-p-srivastava-pt\/","url":"https:\/\/shrimataji.org\/test\/pt\/sir-c-p-srivastava-pt\/","name":"Sir C.P. Srivastava PT - TEST - SMND","isPartOf":{"@id":"https:\/\/shrimataji.org\/test\/#website"},"primaryImageOfPage":{"@id":"https:\/\/shrimataji.org\/test\/pt\/sir-c-p-srivastava-pt\/#primaryimage"},"image":{"@id":"https:\/\/shrimataji.org\/test\/pt\/sir-c-p-srivastava-pt\/#primaryimage"},"thumbnailUrl":"https:\/\/shrimataji.org\/test\/wp-content\/uploads\/2023\/03\/8_Banner-Family_CP-2-scaled.jpg","datePublished":"2012-11-01T12:00:00+00:00","dateModified":"2026-01-19T11:44:44+00:00","breadcrumb":{"@id":"https:\/\/shrimataji.org\/test\/pt\/sir-c-p-srivastava-pt\/#breadcrumb"},"inLanguage":"en-US","potentialAction":[{"@type":"ReadAction","target":["https:\/\/shrimataji.org\/test\/pt\/sir-c-p-srivastava-pt\/"]}]},{"@type":"ImageObject","inLanguage":"en-US","@id":"https:\/\/shrimataji.org\/test\/pt\/sir-c-p-srivastava-pt\/#primaryimage","url":"https:\/\/shrimataji.org\/test\/wp-content\/uploads\/2023\/03\/8_Banner-Family_CP-2-scaled.jpg","contentUrl":"https:\/\/shrimataji.org\/test\/wp-content\/uploads\/2023\/03\/8_Banner-Family_CP-2-scaled.jpg","width":2560,"height":905},{"@type":"BreadcrumbList","@id":"https:\/\/shrimataji.org\/test\/pt\/sir-c-p-srivastava-pt\/#breadcrumb","itemListElement":[{"@type":"ListItem","position":1,"name":"Home","item":"https:\/\/shrimataji.org\/test\/uk\/home-en\/"},{"@type":"ListItem","position":2,"name":"Sir C.P. Srivastava PT"}]},{"@type":"WebSite","@id":"https:\/\/shrimataji.org\/test\/#website","url":"https:\/\/shrimataji.org\/test\/","name":"Shri Mataji Nirmala Devi","description":"A Life Dedicated to Humanity","publisher":{"@id":"https:\/\/shrimataji.org\/test\/#\/schema\/person\/a1b3419c6585f164aa96da1ff85715d1"},"potentialAction":[{"@type":"SearchAction","target":{"@type":"EntryPoint","urlTemplate":"https:\/\/shrimataji.org\/test\/?s={search_term_string}"},"query-input":{"@type":"PropertyValueSpecification","valueRequired":true,"valueName":"search_term_string"}}],"inLanguage":"en-US"},{"@type":["Person","Organization"],"@id":"https:\/\/shrimataji.org\/test\/#\/schema\/person\/a1b3419c6585f164aa96da1ff85715d1","name":"Nirmala Shrivastava","image":{"@type":"ImageObject","inLanguage":"en-US","@id":"https:\/\/shrimataji.org\/test\/wp-content\/uploads\/2023\/02\/SMO_LOGO-03.svg","url":"https:\/\/shrimataji.org\/test\/wp-content\/uploads\/2023\/02\/SMO_LOGO-03.svg","contentUrl":"https:\/\/shrimataji.org\/test\/wp-content\/uploads\/2023\/02\/SMO_LOGO-03.svg","width":"1024","height":"1024","caption":"Nirmala Shrivastava"},"logo":{"@id":"https:\/\/shrimataji.org\/test\/wp-content\/uploads\/2023\/02\/SMO_LOGO-03.svg"},"sameAs":["https:\/\/shrimataji.org\/test","https:\/\/www.facebook.com\/shrimataji","https:\/\/x.com\/shrimataji","https:\/\/www.youtube.com\/@Shri_Mataji_Nirmala_Devi\/featured"]}]}},"lang":"pt","translations":{"pt":10421,"en":423,"am":18079,"th":20064,"hu":19568,"sq":18480,"zh":17377,"tr":10212,"de":10695,"fr":10793,"it":10891,"es":10988,"ja":11286,"ru":11474,"bn":11665,"te":11773,"sw":11896,"he":12044,"el":12336,"sk":12434,"fa":12532,"fi":12630,"bg":13492,"ro":14567,"cs":14760,"nl":16640,"ku":16800,"ar":16976,"be":18687,"kn":18961,"mr":20428,"uk":20722,"ml":21017,"ta":22798,"sv":23068,"gu":28904,"pa":29064,"fil":29517,"da":37814,"nn":38366,"pl":39950,"ur":39951},"pll_sync_post":[],"_links":{"self":[{"href":"https:\/\/shrimataji.org\/test\/wp-json\/wp\/v2\/pages\/10421","targetHints":{"allow":["GET"]}}],"collection":[{"href":"https:\/\/shrimataji.org\/test\/wp-json\/wp\/v2\/pages"}],"about":[{"href":"https:\/\/shrimataji.org\/test\/wp-json\/wp\/v2\/types\/page"}],"author":[{"embeddable":true,"href":"https:\/\/shrimataji.org\/test\/wp-json\/wp\/v2\/users\/18"}],"replies":[{"embeddable":true,"href":"https:\/\/shrimataji.org\/test\/wp-json\/wp\/v2\/comments?post=10421"}],"version-history":[{"count":0,"href":"https:\/\/shrimataji.org\/test\/wp-json\/wp\/v2\/pages\/10421\/revisions"}],"wp:featuredmedia":[{"embeddable":true,"href":"https:\/\/shrimataji.org\/test\/wp-json\/wp\/v2\/media\/9513"}],"wp:attachment":[{"href":"https:\/\/shrimataji.org\/test\/wp-json\/wp\/v2\/media?parent=10421"}],"curies":[{"name":"wp","href":"https:\/\/api.w.org\/{rel}","templated":true}]}}