{"id":10422,"date":"2018-07-10T06:54:42","date_gmt":"2018-07-10T06:54:42","guid":{"rendered":"http:\/\/testwordpress.nirmalnagari.org\/smnd\/index.php\/work\/"},"modified":"2026-01-18T22:31:09","modified_gmt":"2026-01-18T22:31:09","slug":"transformacao-estrutura-social","status":"publish","type":"page","link":"https:\/\/shrimataji.org\/test\/pt\/transformacao-estrutura-social\/","title":{"rendered":"Transforma\u00e7\u00e3o da Estrutura Social"},"content":{"rendered":"\n\n\t<h1>Transforma\u00e7\u00e3o da Estrutura Social<\/h1>\n<h2>Um Trabalho de Amor<\/h2>\n\t<h4>Criada em uma fam\u00edlia que considerava sacrificar o conforto a mais elevada voca\u00e7\u00e3o, Shri Mataji dedicou sua vida a um programa cont\u00ednuo de trabalho p\u00fablico e espiritual.<\/h4>\n\t<p>Desde tenra idade, ela participou ativamente da luta pela liberdade da \u00cdndia. Mais tarde, mesmo em meio \u00e0 sua vida ocupada como esposa de um eminente diplomata indiano e criando duas filhas, ela continuou a ter um interesse benevolente no mundo ao seu redor. Em 1961, Shri Mataji lan\u00e7ou a &#8216;Youth Society for Films&#8217; (Sociedade Juvenil de Cinema) para incentivar valores nacionais, sociais e morais nos jovens. Ela tamb\u00e9m foi membro do Conselho de Censura de Filmes em Mumbai.<\/p>\n<p>Como fundadora da medita\u00e7\u00e3o da Sahaja Yoga e por viajar extensivamente pelo mundo, ela interagiu com uma ampla variedade de pessoas de diferentes pa\u00edses, culturas, n\u00edveis sociais e origens, relacionando-se com todas no mesmo interesse e sinceridade. Ela reconheceu que todos os problemas humanos surgiam da ignor\u00e2ncia sobre seu verdadeiro potencial interior como seres espirituais, e que esse potencial poderia ser facilmente acessado atrav\u00e9s da realiza\u00e7\u00e3o do si. A transforma\u00e7\u00e3o interior, que \u00e9 a chave para a transforma\u00e7\u00e3o da organiza\u00e7\u00e3o social, serviu como a base para todas as ONGs globais iniciadas por Shri Mataji.<\/p>\n<p>Ela criou organiza\u00e7\u00f5es beneficentes como o <a href=\"https:\/\/www.nirmalprem.org\/\">Vishwa Nirmala\u00a0Prem Ashram<\/a> para mulheres desamparadas e crian\u00e7as \u00f3rf\u00e3s, fundou escolas internacionais promovendo educa\u00e7\u00e3o iluminada, estabeleceu centros de sa\u00fade hol\u00edstica, criou uma academia internacional para promover m\u00fasica cl\u00e1ssica e belas artes, e muito mais. Todos esses empreendimentos complementaram seu trabalho global de transforma\u00e7\u00e3o espiritual.<\/p>\n<p>O s\u00e9culo XXI nos apresenta diversos desafios, cujas respostas definir\u00e3o e moldar\u00e3o as novas normas da sociedade de amanh\u00e3. Pessoas ao redor do mundo continuam buscando solu\u00e7\u00f5es para esses desafios, sejam eles pandemias globais, mudan\u00e7as clim\u00e1ticas, problemas socioecon\u00f4micos, conflitos culturais, fanatismo religioso, etc., todos os quais definir\u00e3o nossa pegada humana neste planeta Terra.<\/p>\n<p>Muitos dos problemas sociais e econ\u00f4micos que as sociedades enfrentam hoje s\u00e3o causados pela gan\u00e2ncia e pelo materialismo. Shri Mataji enfatizou que o materialismo \u00e9 uma atitude incorreta em rela\u00e7\u00e3o \u00e0 mat\u00e9ria, e que a mat\u00e9ria tem seu pr\u00f3prio prop\u00f3sito, que \u00e9 nos dar alegria. Se vemos uma bela obra de arte, por exemplo, podemos admir\u00e1-la, mas n\u00e3o precisamos possu\u00ed-la. Ou se damos a algu\u00e9m um presente como express\u00e3o de nosso amor, usamos a mat\u00e9ria de maneira adequada e sentimos uma verdadeira satisfa\u00e7\u00e3o, que vai al\u00e9m do prazer passageiro de comprar e possuir algo.<\/p>\n<p>Quando o terceiro centro sutil, conhecido como <a href=\"https:\/\/shrimataji.org\/test\/pt\/nabhi-chakra-pt\/\" target=\"_blank\" rel=\"noopener\">Nabhi Chakra<\/a> dentro de n\u00f3s, \u00e9 iluminado ap\u00f3s nossa <a href=\"https:\/\/shrimataji.org\/test\/pt\/realizacao-do-si\/\" target=\"_blank\" rel=\"noopener\">realiza\u00e7\u00e3o do si<\/a> atrav\u00e9s do despertar da <a href=\"https:\/\/shrimataji.org\/test\/pt\/kundalini-pt\/\" target=\"_blank\" rel=\"noopener\">Kundalini<\/a>, sentimos uma satisfa\u00e7\u00e3o completa, livres das tend\u00eancias negativas da gan\u00e2ncia e da possessividade. Passamos a ver o valor espiritual da mat\u00e9ria, que percebemos como energia positiva emanando de objetos feitos de materiais naturais e at\u00e9 mesmo de belas artes e artesanatos feitos \u00e0 m\u00e3o. Shri Mataji atribuiu esse fen\u00f4meno ao coeficiente espiritual da mat\u00e9ria, que pode ser sentido ap\u00f3s a realiza\u00e7\u00e3o do Si.<\/p>\n<p>Curiosamente, a ilumina\u00e7\u00e3o do segundo centro, o <a href=\"https:\/\/shrimataji.org\/test\/pt\/swadhisthana-chakra-pt\/\" target=\"_blank\" rel=\"noopener\">Swadhisthana Chakra<\/a>, dentro do nosso sistema sutil, intensifica o nosso senso de criatividade, permitindo-nos n\u00e3o apenas apreciar as obras criativas dos outros, mas tamb\u00e9m descobrir o nosso pr\u00f3prio potencial criativo inato. Muitos praticantes da medita\u00e7\u00e3o Sahaja Yoga ficam maravilhados com o seu crescimento exponencial em talentos criativos, tudo surgindo espontaneamente como pura inspira\u00e7\u00e3o e intui\u00e7\u00e3o.<\/p>\n<p>Shri Mataji previu a manifesta\u00e7\u00e3o dessas belas qualidades sutis n\u00e3o apenas no indiv\u00edduo, mas tamb\u00e9m como uma for\u00e7a coletiva que poderia se manifestar na sociedade e mudar o rumo da humanidade de um caminho de autodestrui\u00e7\u00e3o para uma vida sustent\u00e1vel no planeta Terra.<\/p>\n<p>A compaix\u00e3o e a preocupa\u00e7\u00e3o de Shri Mataji pela humanidade eram o combust\u00edvel para todas as suas atividades. Ela nunca se referia ao que fazia como &#8220;trabalho&#8221;, mas sim como uma dedica\u00e7\u00e3o amorosa da qual desfrutava profundamente.<\/p>\n\n","protected":false},"excerpt":{"rendered":"<p>Transforma\u00e7\u00e3o da Estrutura Social Um Trabalho de Amor Criada em uma fam\u00edlia que considerava sacrificar o conforto a mais elevada voca\u00e7\u00e3o, Shri Mataji dedicou sua vida a um programa cont\u00ednuo de trabalho p\u00fablico e espiritual. Desde tenra idade, ela participou ativamente da luta pela liberdade da \u00cdndia. Mais tarde, mesmo em meio \u00e0 sua vida&hellip; <br \/> <a class=\"read-more\" href=\"https:\/\/shrimataji.org\/test\/pt\/transformacao-estrutura-social\/\">Read more<\/a><\/p>\n","protected":false},"author":18,"featured_media":127,"parent":0,"menu_order":0,"comment_status":"closed","ping_status":"closed","template":"","meta":{"inline_featured_image":false,"footnotes":""},"class_list":["post-10422","page","type-page","status-publish","has-post-thumbnail","hentry"],"yoast_head":"<!-- This site is optimized with the Yoast SEO plugin v27.4 - https:\/\/yoast.com\/product\/yoast-seo-wordpress\/ -->\n<title>Transforma\u00e7\u00e3o da Estrutura Social - TEST - SMND<\/title>\n<meta name=\"robots\" content=\"noindex, follow, max-snippet:-1, max-image-preview:large, max-video-preview:-1\" \/>\n<meta property=\"og:locale\" content=\"en_US\" \/>\n<meta property=\"og:type\" content=\"article\" \/>\n<meta property=\"og:title\" content=\"Transforma\u00e7\u00e3o da Estrutura Social - TEST - SMND\" \/>\n<meta property=\"og:description\" content=\"Transforma\u00e7\u00e3o da Estrutura Social Um Trabalho de Amor Criada em uma fam\u00edlia que considerava sacrificar o conforto a mais elevada voca\u00e7\u00e3o, Shri Mataji dedicou sua vida a um programa cont\u00ednuo de trabalho p\u00fablico e espiritual. Desde tenra idade, ela participou ativamente da luta pela liberdade da \u00cdndia. Mais tarde, mesmo em meio \u00e0 sua vida&hellip; Read more\" \/>\n<meta property=\"og:url\" content=\"https:\/\/shrimataji.org\/test\/pt\/transformacao-estrutura-social\/\" \/>\n<meta property=\"og:site_name\" content=\"TEST - SMND\" \/>\n<meta property=\"article:publisher\" content=\"https:\/\/www.facebook.com\/shrimataji\" \/>\n<meta property=\"article:modified_time\" content=\"2026-01-18T22:31:09+00:00\" \/>\n<meta property=\"og:image\" content=\"https:\/\/shrimataji.org\/test\/wp-content\/uploads\/2018\/07\/media_originals\/images\/headers-general\/shri-mataji-arrival-in-rome-may-1985.jpg\" \/>\n\t<meta property=\"og:image:width\" content=\"990\" \/>\n\t<meta property=\"og:image:height\" content=\"350\" \/>\n\t<meta property=\"og:image:type\" content=\"image\/jpeg\" \/>\n<meta name=\"twitter:card\" content=\"summary_large_image\" \/>\n<meta name=\"twitter:site\" content=\"@shrimataji\" \/>\n<meta name=\"twitter:label1\" content=\"Est. reading time\" \/>\n\t<meta name=\"twitter:data1\" content=\"3 minutes\" \/>\n<script type=\"application\/ld+json\" class=\"yoast-schema-graph\">{\"@context\":\"https:\\\/\\\/schema.org\",\"@graph\":[{\"@type\":\"WebPage\",\"@id\":\"https:\\\/\\\/shrimataji.org\\\/test\\\/pt\\\/transformacao-estrutura-social\\\/\",\"url\":\"https:\\\/\\\/shrimataji.org\\\/test\\\/pt\\\/transformacao-estrutura-social\\\/\",\"name\":\"Transforma\u00e7\u00e3o da Estrutura Social - TEST - SMND\",\"isPartOf\":{\"@id\":\"https:\\\/\\\/shrimataji.org\\\/test\\\/#website\"},\"primaryImageOfPage\":{\"@id\":\"https:\\\/\\\/shrimataji.org\\\/test\\\/pt\\\/transformacao-estrutura-social\\\/#primaryimage\"},\"image\":{\"@id\":\"https:\\\/\\\/shrimataji.org\\\/test\\\/pt\\\/transformacao-estrutura-social\\\/#primaryimage\"},\"thumbnailUrl\":\"https:\\\/\\\/shrimataji.org\\\/test\\\/wp-content\\\/uploads\\\/2018\\\/07\\\/media_originals\\\/images\\\/headers-general\\\/shri-mataji-arrival-in-rome-may-1985.jpg\",\"datePublished\":\"2018-07-10T06:54:42+00:00\",\"dateModified\":\"2026-01-18T22:31:09+00:00\",\"breadcrumb\":{\"@id\":\"https:\\\/\\\/shrimataji.org\\\/test\\\/pt\\\/transformacao-estrutura-social\\\/#breadcrumb\"},\"inLanguage\":\"en-US\",\"potentialAction\":[{\"@type\":\"ReadAction\",\"target\":[\"https:\\\/\\\/shrimataji.org\\\/test\\\/pt\\\/transformacao-estrutura-social\\\/\"]}]},{\"@type\":\"ImageObject\",\"inLanguage\":\"en-US\",\"@id\":\"https:\\\/\\\/shrimataji.org\\\/test\\\/pt\\\/transformacao-estrutura-social\\\/#primaryimage\",\"url\":\"https:\\\/\\\/shrimataji.org\\\/test\\\/wp-content\\\/uploads\\\/2018\\\/07\\\/media_originals\\\/images\\\/headers-general\\\/shri-mataji-arrival-in-rome-may-1985.jpg\",\"contentUrl\":\"https:\\\/\\\/shrimataji.org\\\/test\\\/wp-content\\\/uploads\\\/2018\\\/07\\\/media_originals\\\/images\\\/headers-general\\\/shri-mataji-arrival-in-rome-may-1985.jpg\",\"width\":990,\"height\":350},{\"@type\":\"BreadcrumbList\",\"@id\":\"https:\\\/\\\/shrimataji.org\\\/test\\\/pt\\\/transformacao-estrutura-social\\\/#breadcrumb\",\"itemListElement\":[{\"@type\":\"ListItem\",\"position\":1,\"name\":\"Home\",\"item\":\"https:\\\/\\\/shrimataji.org\\\/test\\\/uk\\\/home-en\\\/\"},{\"@type\":\"ListItem\",\"position\":2,\"name\":\"Transforma\u00e7\u00e3o da Estrutura Social\"}]},{\"@type\":\"WebSite\",\"@id\":\"https:\\\/\\\/shrimataji.org\\\/test\\\/#website\",\"url\":\"https:\\\/\\\/shrimataji.org\\\/test\\\/\",\"name\":\"Shri Mataji Nirmala Devi\",\"description\":\"A Life Dedicated to Humanity\",\"publisher\":{\"@id\":\"https:\\\/\\\/shrimataji.org\\\/test\\\/#\\\/schema\\\/person\\\/a1b3419c6585f164aa96da1ff85715d1\"},\"potentialAction\":[{\"@type\":\"SearchAction\",\"target\":{\"@type\":\"EntryPoint\",\"urlTemplate\":\"https:\\\/\\\/shrimataji.org\\\/test\\\/?s={search_term_string}\"},\"query-input\":{\"@type\":\"PropertyValueSpecification\",\"valueRequired\":true,\"valueName\":\"search_term_string\"}}],\"inLanguage\":\"en-US\"},{\"@type\":[\"Person\",\"Organization\"],\"@id\":\"https:\\\/\\\/shrimataji.org\\\/test\\\/#\\\/schema\\\/person\\\/a1b3419c6585f164aa96da1ff85715d1\",\"name\":\"Nirmala Shrivastava\",\"image\":{\"@type\":\"ImageObject\",\"inLanguage\":\"en-US\",\"@id\":\"https:\\\/\\\/shrimataji.org\\\/test\\\/wp-content\\\/uploads\\\/2023\\\/02\\\/SMO_LOGO-03.svg\",\"url\":\"https:\\\/\\\/shrimataji.org\\\/test\\\/wp-content\\\/uploads\\\/2023\\\/02\\\/SMO_LOGO-03.svg\",\"contentUrl\":\"https:\\\/\\\/shrimataji.org\\\/test\\\/wp-content\\\/uploads\\\/2023\\\/02\\\/SMO_LOGO-03.svg\",\"width\":\"1024\",\"height\":\"1024\",\"caption\":\"Nirmala Shrivastava\"},\"logo\":{\"@id\":\"https:\\\/\\\/shrimataji.org\\\/test\\\/wp-content\\\/uploads\\\/2023\\\/02\\\/SMO_LOGO-03.svg\"},\"sameAs\":[\"https:\\\/\\\/shrimataji.org\\\/test\",\"https:\\\/\\\/www.facebook.com\\\/shrimataji\",\"https:\\\/\\\/x.com\\\/shrimataji\",\"https:\\\/\\\/www.youtube.com\\\/@Shri_Mataji_Nirmala_Devi\\\/featured\"]}]}<\/script>\n<!-- \/ Yoast SEO plugin. -->","yoast_head_json":{"title":"Transforma\u00e7\u00e3o da Estrutura Social - TEST - SMND","robots":{"index":"noindex","follow":"follow","max-snippet":"max-snippet:-1","max-image-preview":"max-image-preview:large","max-video-preview":"max-video-preview:-1"},"og_locale":"en_US","og_type":"article","og_title":"Transforma\u00e7\u00e3o da Estrutura Social - TEST - SMND","og_description":"Transforma\u00e7\u00e3o da Estrutura Social Um Trabalho de Amor Criada em uma fam\u00edlia que considerava sacrificar o conforto a mais elevada voca\u00e7\u00e3o, Shri Mataji dedicou sua vida a um programa cont\u00ednuo de trabalho p\u00fablico e espiritual. Desde tenra idade, ela participou ativamente da luta pela liberdade da \u00cdndia. Mais tarde, mesmo em meio \u00e0 sua vida&hellip; Read more","og_url":"https:\/\/shrimataji.org\/test\/pt\/transformacao-estrutura-social\/","og_site_name":"TEST - SMND","article_publisher":"https:\/\/www.facebook.com\/shrimataji","article_modified_time":"2026-01-18T22:31:09+00:00","og_image":[{"width":990,"height":350,"url":"https:\/\/shrimataji.org\/test\/wp-content\/uploads\/2018\/07\/media_originals\/images\/headers-general\/shri-mataji-arrival-in-rome-may-1985.jpg","type":"image\/jpeg"}],"twitter_card":"summary_large_image","twitter_site":"@shrimataji","twitter_misc":{"Est. reading time":"3 minutes"},"schema":{"@context":"https:\/\/schema.org","@graph":[{"@type":"WebPage","@id":"https:\/\/shrimataji.org\/test\/pt\/transformacao-estrutura-social\/","url":"https:\/\/shrimataji.org\/test\/pt\/transformacao-estrutura-social\/","name":"Transforma\u00e7\u00e3o da Estrutura Social - TEST - SMND","isPartOf":{"@id":"https:\/\/shrimataji.org\/test\/#website"},"primaryImageOfPage":{"@id":"https:\/\/shrimataji.org\/test\/pt\/transformacao-estrutura-social\/#primaryimage"},"image":{"@id":"https:\/\/shrimataji.org\/test\/pt\/transformacao-estrutura-social\/#primaryimage"},"thumbnailUrl":"https:\/\/shrimataji.org\/test\/wp-content\/uploads\/2018\/07\/media_originals\/images\/headers-general\/shri-mataji-arrival-in-rome-may-1985.jpg","datePublished":"2018-07-10T06:54:42+00:00","dateModified":"2026-01-18T22:31:09+00:00","breadcrumb":{"@id":"https:\/\/shrimataji.org\/test\/pt\/transformacao-estrutura-social\/#breadcrumb"},"inLanguage":"en-US","potentialAction":[{"@type":"ReadAction","target":["https:\/\/shrimataji.org\/test\/pt\/transformacao-estrutura-social\/"]}]},{"@type":"ImageObject","inLanguage":"en-US","@id":"https:\/\/shrimataji.org\/test\/pt\/transformacao-estrutura-social\/#primaryimage","url":"https:\/\/shrimataji.org\/test\/wp-content\/uploads\/2018\/07\/media_originals\/images\/headers-general\/shri-mataji-arrival-in-rome-may-1985.jpg","contentUrl":"https:\/\/shrimataji.org\/test\/wp-content\/uploads\/2018\/07\/media_originals\/images\/headers-general\/shri-mataji-arrival-in-rome-may-1985.jpg","width":990,"height":350},{"@type":"BreadcrumbList","@id":"https:\/\/shrimataji.org\/test\/pt\/transformacao-estrutura-social\/#breadcrumb","itemListElement":[{"@type":"ListItem","position":1,"name":"Home","item":"https:\/\/shrimataji.org\/test\/uk\/home-en\/"},{"@type":"ListItem","position":2,"name":"Transforma\u00e7\u00e3o da Estrutura Social"}]},{"@type":"WebSite","@id":"https:\/\/shrimataji.org\/test\/#website","url":"https:\/\/shrimataji.org\/test\/","name":"Shri Mataji Nirmala Devi","description":"A Life Dedicated to Humanity","publisher":{"@id":"https:\/\/shrimataji.org\/test\/#\/schema\/person\/a1b3419c6585f164aa96da1ff85715d1"},"potentialAction":[{"@type":"SearchAction","target":{"@type":"EntryPoint","urlTemplate":"https:\/\/shrimataji.org\/test\/?s={search_term_string}"},"query-input":{"@type":"PropertyValueSpecification","valueRequired":true,"valueName":"search_term_string"}}],"inLanguage":"en-US"},{"@type":["Person","Organization"],"@id":"https:\/\/shrimataji.org\/test\/#\/schema\/person\/a1b3419c6585f164aa96da1ff85715d1","name":"Nirmala Shrivastava","image":{"@type":"ImageObject","inLanguage":"en-US","@id":"https:\/\/shrimataji.org\/test\/wp-content\/uploads\/2023\/02\/SMO_LOGO-03.svg","url":"https:\/\/shrimataji.org\/test\/wp-content\/uploads\/2023\/02\/SMO_LOGO-03.svg","contentUrl":"https:\/\/shrimataji.org\/test\/wp-content\/uploads\/2023\/02\/SMO_LOGO-03.svg","width":"1024","height":"1024","caption":"Nirmala Shrivastava"},"logo":{"@id":"https:\/\/shrimataji.org\/test\/wp-content\/uploads\/2023\/02\/SMO_LOGO-03.svg"},"sameAs":["https:\/\/shrimataji.org\/test","https:\/\/www.facebook.com\/shrimataji","https:\/\/x.com\/shrimataji","https:\/\/www.youtube.com\/@Shri_Mataji_Nirmala_Devi\/featured"]}]}},"lang":"pt","translations":{"pt":10422,"ur":37508,"en":392,"pa":25922,"gu":25525,"th":20067,"hu":19570,"sq":18482,"zh":17379,"tr":10214,"de":10696,"fr":10794,"it":10892,"es":10989,"ja":11287,"ru":11475,"bn":11666,"te":11774,"sw":11897,"he":12045,"el":12337,"sk":12435,"fa":12533,"fi":12631,"bg":13465,"ro":14537,"cs":14730,"nl":16642,"ku":16802,"ar":16978,"be":18689,"kn":18963,"mr":20431,"uk":20725,"ml":21020,"ta":22801,"sv":23070,"bs":27298,"fil":29519,"sd":31012,"da":37816,"pl":38026,"nn":38368},"pll_sync_post":[],"_links":{"self":[{"href":"https:\/\/shrimataji.org\/test\/wp-json\/wp\/v2\/pages\/10422","targetHints":{"allow":["GET"]}}],"collection":[{"href":"https:\/\/shrimataji.org\/test\/wp-json\/wp\/v2\/pages"}],"about":[{"href":"https:\/\/shrimataji.org\/test\/wp-json\/wp\/v2\/types\/page"}],"author":[{"embeddable":true,"href":"https:\/\/shrimataji.org\/test\/wp-json\/wp\/v2\/users\/18"}],"replies":[{"embeddable":true,"href":"https:\/\/shrimataji.org\/test\/wp-json\/wp\/v2\/comments?post=10422"}],"version-history":[{"count":0,"href":"https:\/\/shrimataji.org\/test\/wp-json\/wp\/v2\/pages\/10422\/revisions"}],"wp:featuredmedia":[{"embeddable":true,"href":"https:\/\/shrimataji.org\/test\/wp-json\/wp\/v2\/media\/127"}],"wp:attachment":[{"href":"https:\/\/shrimataji.org\/test\/wp-json\/wp\/v2\/media?parent=10422"}],"curies":[{"name":"wp","href":"https:\/\/api.w.org\/{rel}","templated":true}]}}