{"id":10423,"date":"2020-04-13T17:41:10","date_gmt":"2020-04-13T17:41:10","guid":{"rendered":"https:\/\/testwordpress.nirmalnagari.org\/smnd\/?page_id=3082"},"modified":"2026-01-18T17:04:42","modified_gmt":"2026-01-18T17:04:42","slug":"despertar-espiritual-em-massa","status":"publish","type":"page","link":"https:\/\/shrimataji.org\/test\/pt\/despertar-espiritual-em-massa\/","title":{"rendered":"Despertar Espiritual Em massa"},"content":{"rendered":"\n\n\t<h1>Despertar Espiritual Em massa<\/h1>\n<h2>Uma Mudan\u00e7a Revolucion\u00e1ria Rumo \u00e0 Ilumina\u00e7\u00e3o Global<\/h2>\n\t<h4>Shri Mataji nasceu em uma fam\u00edlia crist\u00e3 cujos pais tinham profundo respeito por todas as religi\u00f5es. Seu pai, Prasad K. Salve, era fascinado por teologia e incentivava seus filhos a compreender os princ\u00edpios de todas as grandes tradi\u00e7\u00f5es. Ele via que a futura unidade da humanidade dependia de um Despertar Espiritual em Massa, capaz de p\u00f4r fim aos conflitos baseados na f\u00e9 que haviam atormentado o mundo por milhares de anos.<\/h4>\n<p>Os pais de Shri Mataji eram inspirados pela filosofia de n\u00e3o coopera\u00e7\u00e3o pac\u00edfica de Mahatma Gandhi e participaram ativamente do movimento &#8220;Quit India&#8221;.<a href=\"#citation-note-1\">[1]<\/a> Quando jovem, vivendo no ashram de Gandhi, Shri Mataji conviveu com hindus, sikhs, crist\u00e3os e mu\u00e7ulmanos &#8211; todos unidos pelo objetivo comum de liberdade e independ\u00eancia nacional. Mais tarde, durante a parti\u00e7\u00e3o da \u00cdndia, com o pa\u00eds dilacerado pela viol\u00eancia sect\u00e1ria, Shri Mataji e sua fam\u00edlia deram abrigo aos que fugiam do conflito, independentemente de sua religi\u00e3o.<\/p>\n<p>Tendo vivido esses tempos intensos e dif\u00edceis, Shri Mataji viu por si mesma que a liberdade pol\u00edtica n\u00e3o \u00e9 a solu\u00e7\u00e3o definitiva. Ela decidiu que sua verdadeira miss\u00e3o na vida seria contribuir para a transforma\u00e7\u00e3o espiritual da humanidade. Contudo, esperou o momento certo; ao se casar com C. P. Srivastava, Shri Mataji lhe disse que s\u00f3 iniciaria sua verdadeira voca\u00e7\u00e3o quando suas filhas estivessem crescidas e estabelecidas.<\/p>\nAssim, foi apenas em 1970 que Shri Mataji finalmente sentiu que havia chegado o momento de iniciar sua verdadeira miss\u00e3o na Terra. Ela j\u00e1 havia estudado profundamente os seres humanos e seus problemas, e sabia que as respostas reais estavam em seu despertar espiritual, um potencial apenas aguardando ser ativado. Estava consciente de que as religi\u00f5es, embora baseadas nos ensinamentos de verdadeiros profetas, n\u00e3o conseguiam promover esse despertar espiritual na consci\u00eancia humana.\nCerta noite, sentindo repulsa pelos falsos gurus na \u00cdndia que exploravam as pessoas prometendo verdadeira espiritualidade, ela decidiu n\u00e3o esperar mais. Meditando em uma praia deserta, na madrugada de 5 de maio de 1970, no limiar de uma noite de lua nova, ela sentiu o despertar do poder primordial da cria\u00e7\u00e3o dentro de seu pr\u00f3prio ser sutil. Essa profunda experi\u00eancia espiritual lhe deu todas as respostas que buscara ao longo da vida sobre como despertar a consci\u00eancia do Esp\u00edrito eterno nos seres humanos em busca da verdade.\nEssa passagem hist\u00f3rica marcou o <a href=\"https:\/\/shrimataji.org\/test\/pt\/evento-primordial\/\">Evento Primordial<\/a> de sua vida: a descoberta \u00fanica do Despertar Espiritual em Massa. Mais tarde, ela fundou uma t\u00e9cnica que chamou de <a href=\"https:\/\/shrimataji.org\/test\/pt\/sahaja-yoga-pt\/\">Sahaja Yoga<\/a>, que literalmente significa a uni\u00e3o com o poder divino eterno com o qual todo ser humano nasce, embora sem estar consciente disso.\n\t<p>Sahaja Yoga \u00e9 uma forma de medita\u00e7\u00e3o simples e f\u00e1cil, que desperta a energia espiritual sutil, por\u00e9m poderosa, presente em todo ser humano. Esse momento de verdade \u00e9 conhecido como <a href=\"https:\/\/shrimataji.org\/test\/pt\/self-realization\/\" target=\"_blank\" rel=\"noopener\">realiza\u00e7\u00e3o do si<\/a>: o objetivo t\u00e3o buscado por m\u00edsticos religiosos em todo o mundo desde tempos primordiais.<\/p>\n\t<div class=\"su-quote su-quote-style-default\"><div class=\"su-quote-inner su-u-clearfix su-u-trim\">H\u00e1 um poder sutil e vivo que \u00e9 o amor divino, respons\u00e1vel por toda a obra viva.<\/div><\/div>\n\t<p>Shri Mataji afirmava que a realiza\u00e7\u00e3o do Si \u00e9 algo que pode ser alcan\u00e7ado aqui e agora, em vez de ser uma meta distante atingida apenas ap\u00f3s uma vida inteira de penit\u00eancia e sacrif\u00edcio. Em seus programas p\u00fablicos, ela sempre dizia &#8220;voc\u00ea \u00e9 seu pr\u00f3prio mestre&#8221;, enfatizando que cada um de n\u00f3s deve ser seu pr\u00f3prio professor, confiando em nossa experi\u00eancia direta da verdade, sem depender de um intermedi\u00e1rio para nos conduzir \u00e0 ilumina\u00e7\u00e3o. Al\u00e9m disso, Shri Mataji sempre deixou claro que o que ela dizia era uma hip\u00f3tese que cada pessoa deveria testar por si mesma, e que a f\u00e9 cega n\u00e3o leva a lugar algum.<\/p>\n<p>Shri Mataji afirmava que a verdadeira religi\u00e3o n\u00e3o se baseia em dogmas nem em hierarquias, mas sim em um conhecimento absoluto do pr\u00f3prio ser como Esp\u00edrito. Como ela dizia: &#8220;todas as religi\u00f5es vieram de uma \u00fanica \u00e1rvore da vida, que \u00e9 a espiritualidade&#8230; A religi\u00e3o existe para lhe dar paz, alegria, felicidade&#8230; N\u00e3o h\u00e1 diferen\u00e7a alguma entre elas &#8211; mas, se voc\u00ea n\u00e3o se conhece, como vai saber algo sobre religi\u00e3o? Por isso, \u00e9 importante que, antes de tudo, voc\u00ea conhe\u00e7a a si mesmo.&#8221;<\/p>\n<p>Quando voc\u00ea se reconhece como um ser espiritual, &#8220;&#8230;voc\u00ea compreender\u00e1 qualquer religi\u00e3o que esteja seguindo&#8230; e a grandeza de todos esses profetas e gurus&#8230;&#8221;.<\/p>\n<p>Mais do que guru ou professora, Shri Mataji poderia ser descrita como &#8220;m\u00e3e espiritual&#8221;, movida por compaix\u00e3o e amor e profundamente preocupada com o bem-estar e a evolu\u00e7\u00e3o de toda a humanidade. Gra\u00e7as \u00e0 sua vis\u00e3o e aos seus esfor\u00e7os incans\u00e1veis, a Sahaja Yoga foi estabelecida em mais de cem pa\u00edses, e milh\u00f5es de pessoas alcan\u00e7aram equil\u00edbrio e satisfa\u00e7\u00e3o em suas vidas, algumas superando s\u00e9rias limita\u00e7\u00f5es mentais e f\u00edsicas por meio da experi\u00eancia da realiza\u00e7\u00e3o do Si e da pr\u00e1tica regular da <a href=\"https:\/\/shrimataji.org\/test\/pt\/meditacao-na-sahaja-yoga\/\">Medita\u00e7\u00e3o da Sahaja Yoga<\/a>.<\/p>\n\t<hr \/>\n<h3><a name=\"citation-note-1\"><\/a>[<a href=\"#citation-ref-1\">1<\/a>] Um movimento de desobedi\u00eancia civil lan\u00e7ado por Mahatma Gandhi e pelo Congresso Nacional Indiano em agosto de 1942, que clamava por uma resist\u00eancia com determina\u00e7\u00e3o, por\u00e9m pac\u00edfica, ao dom\u00ednio brit\u00e2nico e por &#8220;uma retirada brit\u00e2nica ordenada&#8221; da \u00cdndia (Wikipedia, a enciclop\u00e9dia livre). <\/h3>\n\n","protected":false},"excerpt":{"rendered":"<p>Despertar Espiritual Em massa Uma Mudan\u00e7a Revolucion\u00e1ria Rumo \u00e0 Ilumina\u00e7\u00e3o Global Shri Mataji nasceu em uma fam\u00edlia crist\u00e3 cujos pais tinham profundo respeito por todas as religi\u00f5es. Seu pai, Prasad K. Salve, era fascinado por teologia e incentivava seus filhos a compreender os princ\u00edpios de todas as grandes tradi\u00e7\u00f5es. Ele via que a futura unidade&hellip; <br \/> <a class=\"read-more\" href=\"https:\/\/shrimataji.org\/test\/pt\/despertar-espiritual-em-massa\/\">Read more<\/a><\/p>\n","protected":false},"author":18,"featured_media":303,"parent":0,"menu_order":0,"comment_status":"closed","ping_status":"closed","template":"","meta":{"inline_featured_image":false,"footnotes":"","advanced-sidebar-menu\/link-title":"","advanced-sidebar-menu\/exclude-page":false},"class_list":["post-10423","page","type-page","status-publish","has-post-thumbnail","hentry"],"yoast_head":"<!-- This site is optimized with the Yoast SEO plugin v27.6 - https:\/\/yoast.com\/product\/yoast-seo-wordpress\/ -->\n<title>Despertar Espiritual Em massa - TEST - SMND<\/title>\n<meta name=\"robots\" content=\"noindex, follow, max-snippet:-1, max-image-preview:large, max-video-preview:-1\" \/>\n<meta property=\"og:locale\" content=\"en_US\" \/>\n<meta property=\"og:type\" content=\"article\" \/>\n<meta property=\"og:title\" content=\"Despertar Espiritual Em massa - TEST - SMND\" \/>\n<meta property=\"og:description\" content=\"Despertar Espiritual Em massa Uma Mudan\u00e7a Revolucion\u00e1ria Rumo \u00e0 Ilumina\u00e7\u00e3o Global Shri Mataji nasceu em uma fam\u00edlia crist\u00e3 cujos pais tinham profundo respeito por todas as religi\u00f5es. Seu pai, Prasad K. Salve, era fascinado por teologia e incentivava seus filhos a compreender os princ\u00edpios de todas as grandes tradi\u00e7\u00f5es. Ele via que a futura unidade&hellip; Read more\" \/>\n<meta property=\"og:url\" content=\"https:\/\/shrimataji.org\/test\/pt\/despertar-espiritual-em-massa\/\" \/>\n<meta property=\"og:site_name\" content=\"TEST - SMND\" \/>\n<meta property=\"article:publisher\" content=\"https:\/\/www.facebook.com\/shrimataji\" \/>\n<meta property=\"article:modified_time\" content=\"2026-01-18T17:04:42+00:00\" \/>\n<meta property=\"og:image\" content=\"https:\/\/shrimataji.org\/test\/wp-content\/uploads\/2018\/07\/media_originals\/images\/shri-mataji-with-people\/shri-mataji-with-village-people-in-india.jpg\" \/>\n\t<meta property=\"og:image:width\" content=\"1500\" \/>\n\t<meta property=\"og:image:height\" content=\"980\" \/>\n\t<meta property=\"og:image:type\" content=\"image\/jpeg\" \/>\n<meta name=\"twitter:card\" content=\"summary_large_image\" \/>\n<meta name=\"twitter:site\" content=\"@shrimataji\" \/>\n<script type=\"application\/ld+json\" class=\"yoast-schema-graph\">{\"@context\":\"https:\\\/\\\/schema.org\",\"@graph\":[{\"@type\":\"WebPage\",\"@id\":\"https:\\\/\\\/shrimataji.org\\\/test\\\/pt\\\/despertar-espiritual-em-massa\\\/\",\"url\":\"https:\\\/\\\/shrimataji.org\\\/test\\\/pt\\\/despertar-espiritual-em-massa\\\/\",\"name\":\"Despertar Espiritual Em massa - TEST - SMND\",\"isPartOf\":{\"@id\":\"https:\\\/\\\/shrimataji.org\\\/test\\\/#website\"},\"primaryImageOfPage\":{\"@id\":\"https:\\\/\\\/shrimataji.org\\\/test\\\/pt\\\/despertar-espiritual-em-massa\\\/#primaryimage\"},\"image\":{\"@id\":\"https:\\\/\\\/shrimataji.org\\\/test\\\/pt\\\/despertar-espiritual-em-massa\\\/#primaryimage\"},\"thumbnailUrl\":\"https:\\\/\\\/shrimataji.org\\\/test\\\/wp-content\\\/uploads\\\/2018\\\/07\\\/media_originals\\\/images\\\/shri-mataji-with-people\\\/shri-mataji-with-village-people-in-india.jpg\",\"datePublished\":\"2020-04-13T17:41:10+00:00\",\"dateModified\":\"2026-01-18T17:04:42+00:00\",\"breadcrumb\":{\"@id\":\"https:\\\/\\\/shrimataji.org\\\/test\\\/pt\\\/despertar-espiritual-em-massa\\\/#breadcrumb\"},\"inLanguage\":\"en-US\",\"potentialAction\":[{\"@type\":\"ReadAction\",\"target\":[\"https:\\\/\\\/shrimataji.org\\\/test\\\/pt\\\/despertar-espiritual-em-massa\\\/\"]}]},{\"@type\":\"ImageObject\",\"inLanguage\":\"en-US\",\"@id\":\"https:\\\/\\\/shrimataji.org\\\/test\\\/pt\\\/despertar-espiritual-em-massa\\\/#primaryimage\",\"url\":\"https:\\\/\\\/shrimataji.org\\\/test\\\/wp-content\\\/uploads\\\/2018\\\/07\\\/media_originals\\\/images\\\/shri-mataji-with-people\\\/shri-mataji-with-village-people-in-india.jpg\",\"contentUrl\":\"https:\\\/\\\/shrimataji.org\\\/test\\\/wp-content\\\/uploads\\\/2018\\\/07\\\/media_originals\\\/images\\\/shri-mataji-with-people\\\/shri-mataji-with-village-people-in-india.jpg\",\"width\":1500,\"height\":980},{\"@type\":\"BreadcrumbList\",\"@id\":\"https:\\\/\\\/shrimataji.org\\\/test\\\/pt\\\/despertar-espiritual-em-massa\\\/#breadcrumb\",\"itemListElement\":[{\"@type\":\"ListItem\",\"position\":1,\"name\":\"Home\",\"item\":\"https:\\\/\\\/shrimataji.org\\\/test\\\/uk\\\/home-en\\\/\"},{\"@type\":\"ListItem\",\"position\":2,\"name\":\"Despertar Espiritual Em massa\"}]},{\"@type\":\"WebSite\",\"@id\":\"https:\\\/\\\/shrimataji.org\\\/test\\\/#website\",\"url\":\"https:\\\/\\\/shrimataji.org\\\/test\\\/\",\"name\":\"Shri Mataji Nirmala Devi\",\"description\":\"A Life Dedicated to Humanity\",\"publisher\":{\"@id\":\"https:\\\/\\\/shrimataji.org\\\/test\\\/#\\\/schema\\\/person\\\/a1b3419c6585f164aa96da1ff85715d1\"},\"potentialAction\":[{\"@type\":\"SearchAction\",\"target\":{\"@type\":\"EntryPoint\",\"urlTemplate\":\"https:\\\/\\\/shrimataji.org\\\/test\\\/?s={search_term_string}\"},\"query-input\":{\"@type\":\"PropertyValueSpecification\",\"valueRequired\":true,\"valueName\":\"search_term_string\"}}],\"inLanguage\":\"en-US\"},{\"@type\":[\"Person\",\"Organization\"],\"@id\":\"https:\\\/\\\/shrimataji.org\\\/test\\\/#\\\/schema\\\/person\\\/a1b3419c6585f164aa96da1ff85715d1\",\"name\":\"Nirmala Shrivastava\",\"image\":{\"@type\":\"ImageObject\",\"inLanguage\":\"en-US\",\"@id\":\"https:\\\/\\\/shrimataji.org\\\/test\\\/wp-content\\\/uploads\\\/2023\\\/02\\\/SMO_LOGO-03.svg\",\"url\":\"https:\\\/\\\/shrimataji.org\\\/test\\\/wp-content\\\/uploads\\\/2023\\\/02\\\/SMO_LOGO-03.svg\",\"contentUrl\":\"https:\\\/\\\/shrimataji.org\\\/test\\\/wp-content\\\/uploads\\\/2023\\\/02\\\/SMO_LOGO-03.svg\",\"width\":\"1024\",\"height\":\"1024\",\"caption\":\"Nirmala Shrivastava\"},\"logo\":{\"@id\":\"https:\\\/\\\/shrimataji.org\\\/test\\\/wp-content\\\/uploads\\\/2023\\\/02\\\/SMO_LOGO-03.svg\"},\"sameAs\":[\"https:\\\/\\\/shrimataji.org\\\/test\",\"https:\\\/\\\/www.facebook.com\\\/shrimataji\",\"https:\\\/\\\/x.com\\\/shrimataji\",\"https:\\\/\\\/www.youtube.com\\\/@Shri_Mataji_Nirmala_Devi\\\/featured\"]}]}<\/script>\n<!-- \/ Yoast SEO plugin. -->","yoast_head_json":{"title":"Despertar Espiritual Em massa - TEST - SMND","robots":{"index":"noindex","follow":"follow","max-snippet":"max-snippet:-1","max-image-preview":"max-image-preview:large","max-video-preview":"max-video-preview:-1"},"og_locale":"en_US","og_type":"article","og_title":"Despertar Espiritual Em massa - TEST - SMND","og_description":"Despertar Espiritual Em massa Uma Mudan\u00e7a Revolucion\u00e1ria Rumo \u00e0 Ilumina\u00e7\u00e3o Global Shri Mataji nasceu em uma fam\u00edlia crist\u00e3 cujos pais tinham profundo respeito por todas as religi\u00f5es. Seu pai, Prasad K. Salve, era fascinado por teologia e incentivava seus filhos a compreender os princ\u00edpios de todas as grandes tradi\u00e7\u00f5es. Ele via que a futura unidade&hellip; Read more","og_url":"https:\/\/shrimataji.org\/test\/pt\/despertar-espiritual-em-massa\/","og_site_name":"TEST - SMND","article_publisher":"https:\/\/www.facebook.com\/shrimataji","article_modified_time":"2026-01-18T17:04:42+00:00","og_image":[{"width":1500,"height":980,"url":"https:\/\/shrimataji.org\/test\/wp-content\/uploads\/2018\/07\/media_originals\/images\/shri-mataji-with-people\/shri-mataji-with-village-people-in-india.jpg","type":"image\/jpeg"}],"twitter_card":"summary_large_image","twitter_site":"@shrimataji","schema":{"@context":"https:\/\/schema.org","@graph":[{"@type":"WebPage","@id":"https:\/\/shrimataji.org\/test\/pt\/despertar-espiritual-em-massa\/","url":"https:\/\/shrimataji.org\/test\/pt\/despertar-espiritual-em-massa\/","name":"Despertar Espiritual Em massa - TEST - SMND","isPartOf":{"@id":"https:\/\/shrimataji.org\/test\/#website"},"primaryImageOfPage":{"@id":"https:\/\/shrimataji.org\/test\/pt\/despertar-espiritual-em-massa\/#primaryimage"},"image":{"@id":"https:\/\/shrimataji.org\/test\/pt\/despertar-espiritual-em-massa\/#primaryimage"},"thumbnailUrl":"https:\/\/shrimataji.org\/test\/wp-content\/uploads\/2018\/07\/media_originals\/images\/shri-mataji-with-people\/shri-mataji-with-village-people-in-india.jpg","datePublished":"2020-04-13T17:41:10+00:00","dateModified":"2026-01-18T17:04:42+00:00","breadcrumb":{"@id":"https:\/\/shrimataji.org\/test\/pt\/despertar-espiritual-em-massa\/#breadcrumb"},"inLanguage":"en-US","potentialAction":[{"@type":"ReadAction","target":["https:\/\/shrimataji.org\/test\/pt\/despertar-espiritual-em-massa\/"]}]},{"@type":"ImageObject","inLanguage":"en-US","@id":"https:\/\/shrimataji.org\/test\/pt\/despertar-espiritual-em-massa\/#primaryimage","url":"https:\/\/shrimataji.org\/test\/wp-content\/uploads\/2018\/07\/media_originals\/images\/shri-mataji-with-people\/shri-mataji-with-village-people-in-india.jpg","contentUrl":"https:\/\/shrimataji.org\/test\/wp-content\/uploads\/2018\/07\/media_originals\/images\/shri-mataji-with-people\/shri-mataji-with-village-people-in-india.jpg","width":1500,"height":980},{"@type":"BreadcrumbList","@id":"https:\/\/shrimataji.org\/test\/pt\/despertar-espiritual-em-massa\/#breadcrumb","itemListElement":[{"@type":"ListItem","position":1,"name":"Home","item":"https:\/\/shrimataji.org\/test\/uk\/home-en\/"},{"@type":"ListItem","position":2,"name":"Despertar Espiritual Em massa"}]},{"@type":"WebSite","@id":"https:\/\/shrimataji.org\/test\/#website","url":"https:\/\/shrimataji.org\/test\/","name":"Shri Mataji Nirmala Devi","description":"A Life Dedicated to Humanity","publisher":{"@id":"https:\/\/shrimataji.org\/test\/#\/schema\/person\/a1b3419c6585f164aa96da1ff85715d1"},"potentialAction":[{"@type":"SearchAction","target":{"@type":"EntryPoint","urlTemplate":"https:\/\/shrimataji.org\/test\/?s={search_term_string}"},"query-input":{"@type":"PropertyValueSpecification","valueRequired":true,"valueName":"search_term_string"}}],"inLanguage":"en-US"},{"@type":["Person","Organization"],"@id":"https:\/\/shrimataji.org\/test\/#\/schema\/person\/a1b3419c6585f164aa96da1ff85715d1","name":"Nirmala Shrivastava","image":{"@type":"ImageObject","inLanguage":"en-US","@id":"https:\/\/shrimataji.org\/test\/wp-content\/uploads\/2023\/02\/SMO_LOGO-03.svg","url":"https:\/\/shrimataji.org\/test\/wp-content\/uploads\/2023\/02\/SMO_LOGO-03.svg","contentUrl":"https:\/\/shrimataji.org\/test\/wp-content\/uploads\/2023\/02\/SMO_LOGO-03.svg","width":"1024","height":"1024","caption":"Nirmala Shrivastava"},"logo":{"@id":"https:\/\/shrimataji.org\/test\/wp-content\/uploads\/2023\/02\/SMO_LOGO-03.svg"},"sameAs":["https:\/\/shrimataji.org\/test","https:\/\/www.facebook.com\/shrimataji","https:\/\/x.com\/shrimataji","https:\/\/www.youtube.com\/@Shri_Mataji_Nirmala_Devi\/featured"]}]}},"lang":"pt","translations":{"pt":10423,"ur":37510,"en":3082,"am":18083,"th":20070,"hu":19572,"sq":18484,"zh":17381,"tr":10215,"de":10697,"fr":10795,"it":10893,"es":10990,"ja":11288,"ru":11476,"bn":11667,"te":11775,"sw":11898,"he":12046,"el":12338,"sk":12436,"fa":12534,"fi":12632,"bg":13430,"ro":14504,"cs":14697,"nl":16644,"ku":16804,"ar":16980,"be":18691,"kn":18965,"mr":20434,"uk":20728,"ml":21023,"ta":22803,"sv":23072,"gu":28906,"pa":29066,"fil":29521,"da":37818,"pl":38028,"nn":38370},"pll_sync_post":{},"_links":{"self":[{"href":"https:\/\/shrimataji.org\/test\/wp-json\/wp\/v2\/pages\/10423","targetHints":{"allow":["GET"]}}],"collection":[{"href":"https:\/\/shrimataji.org\/test\/wp-json\/wp\/v2\/pages"}],"about":[{"href":"https:\/\/shrimataji.org\/test\/wp-json\/wp\/v2\/types\/page"}],"author":[{"embeddable":true,"href":"https:\/\/shrimataji.org\/test\/wp-json\/wp\/v2\/users\/18"}],"replies":[{"embeddable":true,"href":"https:\/\/shrimataji.org\/test\/wp-json\/wp\/v2\/comments?post=10423"}],"version-history":[{"count":0,"href":"https:\/\/shrimataji.org\/test\/wp-json\/wp\/v2\/pages\/10423\/revisions"}],"wp:featuredmedia":[{"embeddable":true,"href":"https:\/\/shrimataji.org\/test\/wp-json\/wp\/v2\/media\/303"}],"wp:attachment":[{"href":"https:\/\/shrimataji.org\/test\/wp-json\/wp\/v2\/media?parent=10423"}],"curies":[{"name":"wp","href":"https:\/\/api.w.org\/{rel}","templated":true}]}}